{"id":40457,"date":"2022-10-27T17:16:49","date_gmt":"2022-10-27T14:16:49","guid":{"rendered":"https:\/\/dubai.skyline-gs.com\/?post_type=product&#038;p=40457"},"modified":"2025-11-12T00:09:05","modified_gmt":"2025-11-11T22:09:05","slug":"abu-dhabi-dubai","status":"publish","type":"product","link":"https:\/\/skyline-gs.com\/de\/product\/abu-dhabi-dubai\/","title":{"rendered":"\u0410\u0431\u0443 \u0414\u0430\u0431\u0438 VIP"},"content":{"rendered":"<p data-start=\"26\" data-end=\"494\"><strong>\u0410\u0431\u0443-\u0414\u0430\u0431\u0438 \u2014 \u0441\u0435\u0440\u0434\u0446\u0435 \u041e\u0431\u044a\u0435\u0434\u0438\u043d\u0435\u043d\u043d\u044b\u0445 \u0410\u0440\u0430\u0431\u0441\u043a\u0438\u0445 \u042d\u043c\u0438\u0440\u0430\u0442\u043e\u0432, \u0432\u043e\u043f\u043b\u043e\u0449\u0435\u043d\u0438\u0435 \u0440\u043e\u0441\u043a\u043e\u0448\u0438, \u0432\u0435\u043b\u0438\u0447\u0438\u044f \u0438 \u0441\u043e\u0432\u0440\u0435\u043c\u0435\u043d\u043d\u043e\u0439 \u0430\u0440\u0430\u0431\u0441\u043a\u043e\u0439 \u043a\u0443\u043b\u044c\u0442\u0443\u0440\u044b<\/strong>. \u042d\u0442\u043e\u0442 \u0433\u043e\u0440\u043e\u0434, \u0440\u0430\u0441\u043a\u0438\u043d\u0443\u0432\u0448\u0438\u0439\u0441\u044f \u0441\u0440\u0435\u0434\u0438 \u0431\u0435\u0441\u043a\u0440\u0430\u0439\u043d\u0438\u0445 \u043f\u0435\u0441\u043a\u043e\u0432 \u0438 \u043e\u043c\u044b\u0432\u0430\u0435\u043c\u044b\u0439 \u0432\u043e\u0434\u0430\u043c\u0438 \u041f\u0435\u0440\u0441\u0438\u0434\u0441\u043a\u043e\u0433\u043e \u0437\u0430\u043b\u0438\u0432\u0430, \u043f\u043e\u0440\u0430\u0436\u0430\u0435\u0442 \u0433\u0430\u0440\u043c\u043e\u043d\u0438\u0435\u0439 \u0442\u0440\u0430\u0434\u0438\u0446\u0438\u0439 \u0438 \u043f\u0435\u0440\u0435\u0434\u043e\u0432\u044b\u0445 \u0442\u0435\u0445\u043d\u043e\u043b\u043e\u0433\u0438\u0439. \u0417\u0434\u0435\u0441\u044c \u0444\u0443\u0442\u0443\u0440\u0438\u0441\u0442\u0438\u0447\u0435\u0441\u043a\u0438\u0435 \u043d\u0435\u0431\u043e\u0441\u043a\u0440\u0435\u0431\u044b \u0441\u043e\u0441\u0435\u0434\u0441\u0442\u0432\u0443\u044e\u0442 \u0441 \u0434\u0440\u0435\u0432\u043d\u0438\u043c\u0438 \u043c\u0435\u0447\u0435\u0442\u044f\u043c\u0438, \u0430 \u0437\u0435\u043b\u0451\u043d\u044b\u0435 \u043e\u0430\u0437\u0438\u0441\u044b \u0438 \u0443\u0445\u043e\u0436\u0435\u043d\u043d\u044b\u0435 \u043d\u0430\u0431\u0435\u0440\u0435\u0436\u043d\u044b\u0435 \u043d\u0430\u043f\u043e\u043c\u0438\u043d\u0430\u044e\u0442, \u0447\u0442\u043e \u0410\u0431\u0443-\u0414\u0430\u0431\u0438 \u2014 \u044d\u0442\u043e \u043d\u0435 \u043f\u0440\u043e\u0441\u0442\u043e \u0441\u0442\u043e\u043b\u0438\u0446\u0430, \u0430 \u043d\u0430\u0441\u0442\u043e\u044f\u0449\u0438\u0439 \u0433\u043e\u0440\u043e\u0434-\u043f\u0430\u0440\u043a, \u0441\u043e\u0437\u0434\u0430\u043d\u043d\u044b\u0439 \u0434\u043b\u044f \u0436\u0438\u0437\u043d\u0438 \u0438 \u043d\u0430\u0441\u043b\u0430\u0436\u0434\u0435\u043d\u0438\u044f.<\/p>\n<p data-start=\"496\" data-end=\"925\"><strong>11:00 \u2014 \u041e\u0442\u043f\u0440\u0430\u0432\u043b\u0435\u043d\u0438\u0435 \u0438\u0437 \u043e\u0442\u0435\u043b\u044f<\/strong>.<\/p>\n<ul data-start=\"953\" data-end=\"1936\">\n<li data-start=\"953\" data-end=\"1105\"><strong data-start=\"955\" data-end=\"995\">\u0411\u0435\u043b\u0430\u044f \u043c\u0435\u0447\u0435\u0442\u044c \u0448\u0435\u0439\u0445\u0430 \u0417\u0430\u0435\u0434\u0430 \u0430\u043b\u044c \u041d\u0430\u0445\u0430\u044f\u043d\u0430<\/strong> \u2014 \u043e\u0434\u0438\u043d \u0438\u0437 \u0441\u0430\u043c\u044b\u0445 \u043a\u0440\u0430\u0441\u0438\u0432\u044b\u0445 \u0440\u0435\u043b\u0438\u0433\u0438\u043e\u0437\u043d\u044b\u0445 \u043f\u0430\u043c\u044f\u0442\u043d\u0438\u043a\u043e\u0432 \u0432 \u043c\u0438\u0440\u0435. \u0412\u0440\u0435\u043c\u044f \u043f\u043e\u0441\u0435\u0449\u0435\u043d\u0438\u044f \u2014 1,5 \u0447\u0430\u0441\u0430 (\u0432\u0445\u043e\u0434\u043d\u043e\u0439 \u0431\u0438\u043b\u0435\u0442 \u0432\u043a\u043b\u044e\u0447\u0435\u043d).<\/li>\n<li data-start=\"1106\" data-end=\"1207\"><strong data-start=\"1108\" data-end=\"1144\">\u041d\u043e\u0432\u044b\u0439 \u0434\u0432\u043e\u0440\u0435\u0446 \u0448\u0435\u0439\u0445\u0430 Qasr al Watan<\/strong> \u2014 \u0432\u043f\u0435\u0447\u0430\u0442\u043b\u044f\u044e\u0449\u0435\u0435 \u0441\u043e\u043e\u0440\u0443\u0436\u0435\u043d\u0438\u0435, \u043e\u0442\u043a\u0440\u044b\u0432\u0430\u044e\u0449\u0435\u0435 \u0442\u0430\u0439\u043d\u044b \u043f\u0440\u0430\u0432\u044f\u0449\u0435\u0439 \u0441\u0435\u043c\u044c\u0438\u00a0(\u0432\u0445\u043e\u0434\u043d\u043e\u0439 \u0431\u0438\u043b\u0435\u0442 \u0432\u043a\u043b\u044e\u0447\u0435\u043d).<\/li>\n<li data-start=\"1208\" data-end=\"1301\"><strong data-start=\"1210\" data-end=\"1236\">\u041c\u0443\u0437\u0435\u0439 Heritage Village<\/strong> \u2014 \u0437\u043d\u0430\u043a\u043e\u043c\u0441\u0442\u0432\u043e \u0441 \u0442\u0440\u0430\u0434\u0438\u0446\u0438\u043e\u043d\u043d\u043e\u0439 \u0436\u0438\u0437\u043d\u044c\u044e \u044d\u043c\u0438\u0440\u0430\u0442\u043e\u0432 \u0434\u043e \u043d\u0435\u0444\u0442\u044f\u043d\u043e\u0433\u043e \u0431\u0443\u043c\u0430.<\/li>\n<li data-start=\"1302\" data-end=\"1382\"><strong data-start=\"1304\" data-end=\"1327\">Last Exit AUH Bound<\/strong> \u2014 \u0441\u043e\u0432\u0440\u0435\u043c\u0435\u043d\u043d\u0430\u044f \u0437\u043e\u043d\u0430 \u043e\u0442\u0434\u044b\u0445\u0430 \u0438 \u0433\u0430\u0441\u0442\u0440\u043e\u043d\u043e\u043c\u0438\u0447\u0435\u0441\u043a\u0438\u0439 \u0443\u0433\u043e\u043b\u043e\u043a.<\/li>\n<li data-start=\"1383\" data-end=\"1460\"><strong data-start=\"1385\" data-end=\"1402\">\u0420\u044b\u043d\u043e\u043a \u0444\u0438\u043d\u0438\u043a\u043e\u0432<\/strong> \u2014 \u0432\u043e\u0437\u043c\u043e\u0436\u043d\u043e\u0441\u0442\u044c \u043f\u0440\u0438\u043e\u0431\u0440\u0435\u0441\u0442\u0438 \u0437\u043d\u0430\u043c\u0435\u043d\u0438\u0442\u044b\u0435 \u0430\u0440\u0430\u0431\u0441\u043a\u0438\u0435 \u043b\u0430\u043a\u043e\u043c\u0441\u0442\u0432\u0430.<\/li>\n<li data-start=\"1461\" data-end=\"1579\"><strong data-start=\"1463\" data-end=\"1484\">\u041e\u0441\u0442\u0440\u043e\u0432 Yas Island<\/strong> \u2014 \u0446\u0435\u043d\u0442\u0440 \u0440\u0430\u0437\u0432\u043b\u0435\u0447\u0435\u043d\u0438\u0439 \u0438 \u0440\u043e\u0441\u043a\u043e\u0448\u0438, \u0433\u0434\u0435 \u0440\u0430\u0441\u043f\u043e\u043b\u043e\u0436\u0435\u043d\u044b \u0442\u0435\u043c\u0430\u0442\u0438\u0447\u0435\u0441\u043a\u0438\u0435 \u043f\u0430\u0440\u043a\u0438 \u0438 \u043a\u0443\u0440\u043e\u0440\u0442\u044b \u043c\u0438\u0440\u043e\u0432\u043e\u0433\u043e \u0443\u0440\u043e\u0432\u043d\u044f.<\/li>\n<li data-start=\"1580\" data-end=\"1803\"><strong data-start=\"1582\" data-end=\"1632\">\u0417\u043d\u0430\u043c\u0435\u043d\u0438\u0442\u044b\u0435 \u0430\u0440\u0445\u0438\u0442\u0435\u043a\u0442\u0443\u0440\u043d\u044b\u0435 \u0434\u043e\u0441\u0442\u043e\u043f\u0440\u0438\u043c\u0435\u0447\u0430\u0442\u0435\u043b\u044c\u043d\u043e\u0441\u0442\u0438<\/strong>:\n<ul data-start=\"1638\" data-end=\"1803\">\n<li data-start=\"1638\" data-end=\"1666\">\u041a\u0440\u0443\u0433\u043b\u043e\u0435 \u0437\u0434\u0430\u043d\u0438\u0435 <strong data-start=\"1655\" data-end=\"1664\">Aldar<\/strong><\/li>\n<li data-start=\"1669\" data-end=\"1705\">\u041a\u043e\u043c\u043f\u043b\u0435\u043a\u0441 \u0431\u0430\u0448\u0435\u043d <strong data-start=\"1686\" data-end=\"1703\">Etihad Towers<\/strong><\/li>\n<li data-start=\"1708\" data-end=\"1754\">\u0423\u043d\u0438\u043a\u0430\u043b\u044c\u043d\u0430\u044f \u043f\u0430\u0434\u0430\u044e\u0449\u0430\u044f \u0431\u0430\u0448\u043d\u044f <strong data-start=\"1736\" data-end=\"1752\">Capital Gate<\/strong><\/li>\n<li data-start=\"1757\" data-end=\"1803\">\u0420\u043e\u0441\u043a\u043e\u0448\u043d\u044b\u0439 \u0434\u0432\u043e\u0440\u0435\u0446-\u043e\u0442\u0435\u043b\u044c <strong data-start=\"1782\" data-end=\"1801\">Emirates Palace<\/strong><\/li>\n<\/ul>\n<\/li>\n<li data-start=\"1804\" data-end=\"1876\"><strong data-start=\"1806\" data-end=\"1841\">\u0424\u043e\u0442\u043e\u0441\u0442\u043e\u043f \u043d\u0430 \u043d\u0430\u0431\u0435\u0440\u0435\u0436\u043d\u043e\u0439 Corniche<\/strong> \u2014 \u043c\u0435\u0441\u0442\u043e \u0441 \u0437\u0430\u0445\u0432\u0430\u0442\u044b\u0432\u0430\u044e\u0449\u0438\u043c\u0438 \u0432\u0438\u0434\u0430\u043c\u0438.<\/li>\n<li data-start=\"1877\" data-end=\"1936\"><strong data-start=\"1879\" data-end=\"1905\">\u041a\u0443\u0440\u043e\u0440\u0442\u043d\u0430\u044f \u0437\u043e\u043d\u0430 Al Raha<\/strong> \u2014 \u043e\u0430\u0437\u0438\u0441 \u043e\u0442\u0434\u044b\u0445\u0430 \u043d\u0430 \u043f\u043e\u0431\u0435\u0440\u0435\u0436\u044c\u0435.<\/li>\n<\/ul>\n<p><strong>20:00 - R\u00fcckkehr zum Hotel.<\/strong><\/p>\n<p><strong>Inbegriffen:<\/strong><\/p>\n<ul>\n<li>Transfers zum und vom Hotel (von Dubai, Sharjah und Ajman)<\/li>\n<li>Alle Transfers im Rahmen des Programms im klimatisierten Reisebus<\/li>\n<li>Englischsprachiger Reiseleiter<\/li>\n<li><strong>\u041e\u0431\u0435\u0434 \u0432 \u0440\u0435\u0441\u0442\u043e\u0440\u0430\u043d\u0435 \u0430\u0440\u0430\u0431\u0441\u043a\u043e\u0439 \u043a\u0443\u0445\u043d\u0438<\/strong> (\u0448\u0432\u0435\u0434\u0441\u043a\u0438\u0439 \u0441\u0442\u043e\u043b)<\/li>\n<li>Eintrittskarten f\u00fcr <strong data-start=\"2134\" data-end=\"2151\">Qasr al Watan<\/strong><\/li>\n<li>\u0412\u0445\u043e\u0434 \u0432 <strong data-start=\"2163\" data-end=\"2179\">\u0411\u0435\u043b\u0443\u044e \u043c\u0435\u0447\u0435\u0442\u044c<\/strong><\/li>\n<li><strong>\u041d\u0430\u0446\u0438\u043e\u043d\u0430\u043b\u044c\u043d\u044b\u0435 \u043f\u043b\u0430\u0442\u044c\u044f<\/strong> (\u0410\u0431\u0430\u0438) \u0434\u043b\u044f \u043f\u043e\u0441\u0435\u0449\u0435\u043d\u0438\u044f \u043c\u0435\u0447\u0435\u0442\u0438 (<strong>\u0442\u043e\u043b\u044c\u043a\u043e \u0432 \u043d\u0430\u0448\u0435\u0439 \u043a\u043e\u043c\u043f\u0430\u043d\u0438\u0438<\/strong>)<\/li>\n<\/ul>\n<p><strong>Nicht enthalten:<\/strong><\/p>\n<ul>\n<li>\u041b\u0438\u0447\u043d\u044b\u0435 \u0440\u0430\u0441\u0445\u043e\u0434\u044b (\u0441\u0443\u0432\u0435\u043d\u0438\u0440\u044b)<\/li>\n<\/ul>\n<p><strong>Was soll ich mitbringen?<\/strong><\/p>\n<ul>\n<li>Kamera<\/li>\n<li>Warme Kleidung in der Herbst-Winter-Saison<\/li>\n<li>Geld f\u00fcr pers\u00f6nliche Ausgaben, Souvenirs und Eink\u00e4ufe<\/li>\n<\/ul>\n<p data-start=\"2461\" data-end=\"2477\"><strong data-start=\"2461\" data-end=\"2475\">\u0414\u0440\u0435\u0441\u0441-\u043a\u043e\u0434:<\/strong><\/p>\n<ul data-start=\"2480\" data-end=\"2860\">\n<li data-start=\"2480\" data-end=\"2727\"><strong data-start=\"2482\" data-end=\"2496\">\u0414\u043b\u044f \u0436\u0435\u043d\u0449\u0438\u043d<\/strong>: \u041f\u0435\u0440\u0435\u0434 \u043f\u043e\u0441\u0435\u0449\u0435\u043d\u0438\u0435\u043c \u043c\u0435\u0447\u0435\u0442\u0438 \u0432\u044b\u0434\u0430\u044e\u0442\u0441\u044f <strong data-start=\"2531\" data-end=\"2554\">\u043d\u0430\u0446\u0438\u043e\u043d\u0430\u043b\u044c\u043d\u044b\u0435 \u043f\u043b\u0430\u0442\u044c\u044f<\/strong>. \u0415\u0441\u043b\u0438 \u0445\u043e\u0442\u0438\u0442\u0435 \u043e\u0441\u0442\u0430\u0442\u044c\u0441\u044f \u0432 \u0441\u0432\u043e\u0435\u0439 \u043e\u0434\u0435\u0436\u0434\u0435, \u043e\u043d\u0430 \u0434\u043e\u043b\u0436\u043d\u0430 \u0431\u044b\u0442\u044c <strong data-start=\"2609\" data-end=\"2642\">\u043d\u0435\u043f\u0440\u043e\u0437\u0440\u0430\u0447\u043d\u043e\u0439, \u0441\u0432\u043e\u0431\u043e\u0434\u043d\u043e\u0433\u043e \u043a\u0440\u043e\u044f<\/strong>, \u0437\u0430\u043a\u0440\u044b\u0432\u0430\u0442\u044c \u0437\u043e\u043d\u0443 \u0434\u0435\u043a\u043e\u043b\u044c\u0442\u0435, \u043f\u043b\u0435\u0447\u0438 \u0438 \u043a\u043e\u043b\u0435\u043d\u0438. \u041e\u0431\u044f\u0437\u0430\u0442\u0435\u043b\u044c\u043d\u043e <strong data-start=\"2697\" data-end=\"2724\">\u043f\u043e\u043a\u0440\u044b\u0442\u0438\u0435 \u0433\u043e\u043b\u043e\u0432\u044b \u043f\u043b\u0430\u0442\u043a\u043e\u043c<\/strong>.<\/li>\n<li data-start=\"2730\" data-end=\"2860\"><strong data-start=\"2732\" data-end=\"2746\">\u0414\u043b\u044f \u043c\u0443\u0436\u0447\u0438\u043d<\/strong>: \u0414\u043e\u043f\u0443\u0441\u0442\u0438\u043c\u044b <strong data-start=\"2758\" data-end=\"2785\">\u0442\u043e\u043b\u044c\u043a\u043e \u0431\u0440\u044e\u043a\u0438 \u0438\u043b\u0438 \u0434\u0436\u0438\u043d\u0441\u044b<\/strong>, \u043e\u0434\u043d\u043e\u0442\u043e\u043d\u043d\u044b\u0435 <strong data-start=\"2798\" data-end=\"2835\">\u0440\u0443\u0431\u0430\u0448\u043a\u0438 \u0438\u043b\u0438 \u0444\u0443\u0442\u0431\u043e\u043b\u043a\u0438 \u0431\u0435\u0437 \u0440\u0438\u0441\u0443\u043d\u043a\u043e\u0432<\/strong>. \u0428\u043e\u0440\u0442\u044b \u043d\u0435 \u0434\u043e\u043f\u0443\u0441\u043a\u0430\u044e\u0442\u0441\u044f.<\/li>\n<\/ul>","protected":false},"excerpt":{"rendered":"<p><strong>Tourzeit:<\/strong> 11:00 &#8212; 20:00<\/p>\n<p><strong>Veranstaltungstage:<\/strong> Montag und Donnerstag<\/p>","protected":false},"featured_media":40472,"template":"","meta":{"_kad_post_transparent":"default","_kad_post_title":"","_kad_post_layout":"default","_kad_post_sidebar_id":"","_kad_post_content_style":"default","_kad_post_vertical_padding":"default","_kad_post_feature":"","_kad_post_feature_position":"","_kad_post_header":false,"_kad_post_footer":false,"_kad_post_classname":"","_glsr_average":0,"_glsr_ranking":0,"_glsr_reviews":0},"product_brand":[],"product_cat":[438],"product_tag":[],"class_list":{"0":"post-40457","1":"product","2":"type-product","3":"status-publish","4":"has-post-thumbnail","6":"product_cat-dubai","7":"tm-has-options","9":"first","10":"instock","11":"sale","12":"sold-individually","13":"taxable","14":"shipping-taxable","15":"purchasable","16":"product-type-simple","17":"entry","18":"content-bg","19":"loop-entry"},"yoast_head":"<!-- This site is optimized with the Yoast SEO plugin v27.3 - https:\/\/yoast.com\/product\/yoast-seo-wordpress\/ -->\n<title>\u0410\u0431\u0443 \u0414\u0430\u0431\u0438 VIP &#8226; \u042d\u043a\u0441\u043a\u0443\u0440\u0441\u0438\u0438 Skyline<\/title>\n<meta name=\"robots\" content=\"index, follow, max-snippet:-1, max-image-preview:large, max-video-preview:-1\" \/>\n<link rel=\"canonical\" href=\"https:\/\/skyline-gs.com\/de\/produkt\/abu-dhabi-dubai\/\" \/>\n<meta property=\"og:locale\" content=\"de_DE\" \/>\n<meta property=\"og:type\" content=\"article\" \/>\n<meta property=\"og:title\" content=\"\u0410\u0431\u0443 \u0414\u0430\u0431\u0438 VIP &#8226; \u042d\u043a\u0441\u043a\u0443\u0440\u0441\u0438\u0438 Skyline\" \/>\n<meta property=\"og:description\" content=\"\u0412\u0440\u0435\u043c\u044f \u0442\u0443\u0440\u0430: 11:00 - 20:00  \u0414\u043d\u0438 \u043f\u0440\u043e\u0432\u0435\u0434\u0435\u043d\u0438\u044f: \u043f\u043e\u043d\u0435\u0434\u0435\u043b\u044c\u043d\u0438\u043a \u0438 \u0447\u0435\u0442\u0432\u0435\u0440\u0433\" \/>\n<meta property=\"og:url\" content=\"https:\/\/skyline-gs.com\/de\/produkt\/abu-dhabi-dubai\/\" \/>\n<meta property=\"og:site_name\" content=\"\u042d\u043a\u0441\u043a\u0443\u0440\u0441\u0438\u0438 Skyline\" \/>\n<meta property=\"article:modified_time\" content=\"2025-11-11T22:09:05+00:00\" \/>\n<meta property=\"og:image\" content=\"https:\/\/skyline-gs.com\/wp-content\/uploads\/2022\/10\/13-2-1.png\" \/>\n\t<meta property=\"og:image:width\" content=\"669\" \/>\n\t<meta property=\"og:image:height\" content=\"446\" \/>\n\t<meta property=\"og:image:type\" content=\"image\/png\" \/>\n<meta name=\"twitter:card\" content=\"summary_large_image\" \/>\n<meta name=\"twitter:label1\" content=\"Gesch\u00e4tzte Lesezeit\" \/>\n\t<meta name=\"twitter:data1\" content=\"2\u00a0Minuten\" \/>\n<script type=\"application\/ld+json\" class=\"yoast-schema-graph\">{\"@context\":\"https:\\\/\\\/schema.org\",\"@graph\":[{\"@type\":\"WebPage\",\"@id\":\"https:\\\/\\\/skyline-gs.com\\\/product\\\/abu-dhabi-dubai\\\/\",\"url\":\"https:\\\/\\\/skyline-gs.com\\\/product\\\/abu-dhabi-dubai\\\/\",\"name\":\"\u0410\u0431\u0443 \u0414\u0430\u0431\u0438 VIP &#8226; \u042d\u043a\u0441\u043a\u0443\u0440\u0441\u0438\u0438 Skyline\",\"isPartOf\":{\"@id\":\"https:\\\/\\\/skyline-gs.com\\\/it\\\/#website\"},\"primaryImageOfPage\":{\"@id\":\"https:\\\/\\\/skyline-gs.com\\\/product\\\/abu-dhabi-dubai\\\/#primaryimage\"},\"image\":{\"@id\":\"https:\\\/\\\/skyline-gs.com\\\/product\\\/abu-dhabi-dubai\\\/#primaryimage\"},\"thumbnailUrl\":\"https:\\\/\\\/skyline-gs.com\\\/wp-content\\\/uploads\\\/2022\\\/10\\\/13-2-1.png\",\"datePublished\":\"2022-10-27T14:16:49+00:00\",\"dateModified\":\"2025-11-11T22:09:05+00:00\",\"breadcrumb\":{\"@id\":\"https:\\\/\\\/skyline-gs.com\\\/product\\\/abu-dhabi-dubai\\\/#breadcrumb\"},\"inLanguage\":\"de\",\"potentialAction\":[{\"@type\":\"ReadAction\",\"target\":[\"https:\\\/\\\/skyline-gs.com\\\/product\\\/abu-dhabi-dubai\\\/\"]}]},{\"@type\":\"ImageObject\",\"inLanguage\":\"de\",\"@id\":\"https:\\\/\\\/skyline-gs.com\\\/product\\\/abu-dhabi-dubai\\\/#primaryimage\",\"url\":\"https:\\\/\\\/skyline-gs.com\\\/wp-content\\\/uploads\\\/2022\\\/10\\\/13-2-1.png\",\"contentUrl\":\"https:\\\/\\\/skyline-gs.com\\\/wp-content\\\/uploads\\\/2022\\\/10\\\/13-2-1.png\",\"width\":669,\"height\":446},{\"@type\":\"BreadcrumbList\",\"@id\":\"https:\\\/\\\/skyline-gs.com\\\/product\\\/abu-dhabi-dubai\\\/#breadcrumb\",\"itemListElement\":[{\"@type\":\"ListItem\",\"position\":1,\"name\":\"\u0413\u043b\u0430\u0432\u043d\u0430\u044f \u0441\u0442\u0440\u0430\u043d\u0438\u0446\u0430\",\"item\":\"https:\\\/\\\/skyline-gs.com\\\/hu\\\/\"},{\"@type\":\"ListItem\",\"position\":2,\"name\":\"\u041c\u0430\u0433\u0430\u0437\u0438\u043d\",\"item\":\"https:\\\/\\\/skyline-gs.com\\\/cs\\\/shop\\\/\"},{\"@type\":\"ListItem\",\"position\":3,\"name\":\"\u0410\u0431\u0443 \u0414\u0430\u0431\u0438 VIP\"}]},{\"@type\":\"WebSite\",\"@id\":\"https:\\\/\\\/skyline-gs.com\\\/it\\\/#website\",\"url\":\"https:\\\/\\\/skyline-gs.com\\\/it\\\/\",\"name\":\"\u042d\u043a\u0441\u043a\u0443\u0440\u0441\u0438\u0438 Skyline\",\"description\":\"\u042d\u043a\u0441\u043a\u043b\u044e\u0437\u0438\u0432\u043d\u044b\u0435 \u044d\u043a\u0441\u043a\u0443\u0440\u0441\u0438\u0438 \u043d\u0430 \u043b\u0443\u0447\u0448\u0438\u0445 \u043a\u0443\u0440\u043e\u0440\u0442\u0430\u0445 \u043c\u0438\u0440\u0430\",\"publisher\":{\"@id\":\"https:\\\/\\\/skyline-gs.com\\\/it\\\/#organization\"},\"alternateName\":\"Skyline\",\"potentialAction\":[{\"@type\":\"SearchAction\",\"target\":{\"@type\":\"EntryPoint\",\"urlTemplate\":\"https:\\\/\\\/skyline-gs.com\\\/it\\\/?s={search_term_string}\"},\"query-input\":{\"@type\":\"PropertyValueSpecification\",\"valueRequired\":true,\"valueName\":\"search_term_string\"}}],\"inLanguage\":\"de\"},{\"@type\":\"Organization\",\"@id\":\"https:\\\/\\\/skyline-gs.com\\\/it\\\/#organization\",\"name\":\"\u042d\u043a\u0441\u043a\u0443\u0440\u0441\u0438\u0438 Skyline\",\"alternateName\":\"\u042d\u043a\u0441\u043a\u0443\u0440\u0441\u0438\u0438 Skyline\",\"url\":\"https:\\\/\\\/skyline-gs.com\\\/it\\\/\",\"logo\":{\"@type\":\"ImageObject\",\"inLanguage\":\"de\",\"@id\":\"https:\\\/\\\/skyline-gs.com\\\/it\\\/#\\\/schema\\\/logo\\\/image\\\/\",\"url\":\"https:\\\/\\\/skyline-gs.com\\\/wp-content\\\/uploads\\\/2020\\\/12\\\/cropped-logo-2.png\",\"contentUrl\":\"https:\\\/\\\/skyline-gs.com\\\/wp-content\\\/uploads\\\/2020\\\/12\\\/cropped-logo-2.png\",\"width\":512,\"height\":512,\"caption\":\"\u042d\u043a\u0441\u043a\u0443\u0440\u0441\u0438\u0438 Skyline\"},\"image\":{\"@id\":\"https:\\\/\\\/skyline-gs.com\\\/it\\\/#\\\/schema\\\/logo\\\/image\\\/\"},\"sameAs\":[\"https:\\\/\\\/www.instagram.com\\\/skylineglobalservice\\\/\"]}]}<\/script>\n<!-- \/ Yoast SEO plugin. -->","yoast_head_json":{"title":"\u0410\u0431\u0443 \u0414\u0430\u0431\u0438 VIP &#8226; \u042d\u043a\u0441\u043a\u0443\u0440\u0441\u0438\u0438 Skyline","robots":{"index":"index","follow":"follow","max-snippet":"max-snippet:-1","max-image-preview":"max-image-preview:large","max-video-preview":"max-video-preview:-1"},"canonical":"https:\/\/skyline-gs.com\/de\/produkt\/abu-dhabi-dubai\/","og_locale":"de_DE","og_type":"article","og_title":"\u0410\u0431\u0443 \u0414\u0430\u0431\u0438 VIP &#8226; \u042d\u043a\u0441\u043a\u0443\u0440\u0441\u0438\u0438 Skyline","og_description":"\u0412\u0440\u0435\u043c\u044f \u0442\u0443\u0440\u0430: 11:00 - 20:00  \u0414\u043d\u0438 \u043f\u0440\u043e\u0432\u0435\u0434\u0435\u043d\u0438\u044f: \u043f\u043e\u043d\u0435\u0434\u0435\u043b\u044c\u043d\u0438\u043a \u0438 \u0447\u0435\u0442\u0432\u0435\u0440\u0433","og_url":"https:\/\/skyline-gs.com\/de\/produkt\/abu-dhabi-dubai\/","og_site_name":"\u042d\u043a\u0441\u043a\u0443\u0440\u0441\u0438\u0438 Skyline","article_modified_time":"2025-11-11T22:09:05+00:00","og_image":[{"width":669,"height":446,"url":"https:\/\/skyline-gs.com\/wp-content\/uploads\/2022\/10\/13-2-1.png","type":"image\/png"}],"twitter_card":"summary_large_image","twitter_misc":{"Gesch\u00e4tzte Lesezeit":"2\u00a0Minuten"},"schema":{"@context":"https:\/\/schema.org","@graph":[{"@type":"WebPage","@id":"https:\/\/skyline-gs.com\/product\/abu-dhabi-dubai\/","url":"https:\/\/skyline-gs.com\/product\/abu-dhabi-dubai\/","name":"\u0410\u0431\u0443 \u0414\u0430\u0431\u0438 VIP &#8226; \u042d\u043a\u0441\u043a\u0443\u0440\u0441\u0438\u0438 Skyline","isPartOf":{"@id":"https:\/\/skyline-gs.com\/it\/#website"},"primaryImageOfPage":{"@id":"https:\/\/skyline-gs.com\/product\/abu-dhabi-dubai\/#primaryimage"},"image":{"@id":"https:\/\/skyline-gs.com\/product\/abu-dhabi-dubai\/#primaryimage"},"thumbnailUrl":"https:\/\/skyline-gs.com\/wp-content\/uploads\/2022\/10\/13-2-1.png","datePublished":"2022-10-27T14:16:49+00:00","dateModified":"2025-11-11T22:09:05+00:00","breadcrumb":{"@id":"https:\/\/skyline-gs.com\/product\/abu-dhabi-dubai\/#breadcrumb"},"inLanguage":"de","potentialAction":[{"@type":"ReadAction","target":["https:\/\/skyline-gs.com\/product\/abu-dhabi-dubai\/"]}]},{"@type":"ImageObject","inLanguage":"de","@id":"https:\/\/skyline-gs.com\/product\/abu-dhabi-dubai\/#primaryimage","url":"https:\/\/skyline-gs.com\/wp-content\/uploads\/2022\/10\/13-2-1.png","contentUrl":"https:\/\/skyline-gs.com\/wp-content\/uploads\/2022\/10\/13-2-1.png","width":669,"height":446},{"@type":"BreadcrumbList","@id":"https:\/\/skyline-gs.com\/product\/abu-dhabi-dubai\/#breadcrumb","itemListElement":[{"@type":"ListItem","position":1,"name":"\u0413\u043b\u0430\u0432\u043d\u0430\u044f \u0441\u0442\u0440\u0430\u043d\u0438\u0446\u0430","item":"https:\/\/skyline-gs.com\/hu\/"},{"@type":"ListItem","position":2,"name":"\u041c\u0430\u0433\u0430\u0437\u0438\u043d","item":"https:\/\/skyline-gs.com\/cs\/shop\/"},{"@type":"ListItem","position":3,"name":"\u0410\u0431\u0443 \u0414\u0430\u0431\u0438 VIP"}]},{"@type":"WebSite","@id":"https:\/\/skyline-gs.com\/it\/#website","url":"https:\/\/skyline-gs.com\/it\/","name":"Skyline Ausfl\u00fcge","description":"Exklusive Ausfl\u00fcge in den besten Resorts der Welt","publisher":{"@id":"https:\/\/skyline-gs.com\/it\/#organization"},"alternateName":"Skyline","potentialAction":[{"@type":"SearchAction","target":{"@type":"EntryPoint","urlTemplate":"https:\/\/skyline-gs.com\/it\/?s={search_term_string}"},"query-input":{"@type":"PropertyValueSpecification","valueRequired":true,"valueName":"search_term_string"}}],"inLanguage":"de"},{"@type":"Organization","@id":"https:\/\/skyline-gs.com\/it\/#organization","name":"Skyline Ausfl\u00fcge","alternateName":"\u042d\u043a\u0441\u043a\u0443\u0440\u0441\u0438\u0438 Skyline","url":"https:\/\/skyline-gs.com\/it\/","logo":{"@type":"ImageObject","inLanguage":"de","@id":"https:\/\/skyline-gs.com\/it\/#\/schema\/logo\/image\/","url":"https:\/\/skyline-gs.com\/wp-content\/uploads\/2020\/12\/cropped-logo-2.png","contentUrl":"https:\/\/skyline-gs.com\/wp-content\/uploads\/2020\/12\/cropped-logo-2.png","width":512,"height":512,"caption":"\u042d\u043a\u0441\u043a\u0443\u0440\u0441\u0438\u0438 Skyline"},"image":{"@id":"https:\/\/skyline-gs.com\/it\/#\/schema\/logo\/image\/"},"sameAs":["https:\/\/www.instagram.com\/skylineglobalservice\/"]}]}},"_links":{"self":[{"href":"https:\/\/skyline-gs.com\/de\/wp-json\/wp\/v2\/product\/40457","targetHints":{"allow":["GET"]}}],"collection":[{"href":"https:\/\/skyline-gs.com\/de\/wp-json\/wp\/v2\/product"}],"about":[{"href":"https:\/\/skyline-gs.com\/de\/wp-json\/wp\/v2\/types\/product"}],"version-history":[{"count":0,"href":"https:\/\/skyline-gs.com\/de\/wp-json\/wp\/v2\/product\/40457\/revisions"}],"wp:featuredmedia":[{"embeddable":true,"href":"https:\/\/skyline-gs.com\/de\/wp-json\/wp\/v2\/media\/40472"}],"wp:attachment":[{"href":"https:\/\/skyline-gs.com\/de\/wp-json\/wp\/v2\/media?parent=40457"}],"wp:term":[{"taxonomy":"product_brand","embeddable":true,"href":"https:\/\/skyline-gs.com\/de\/wp-json\/wp\/v2\/product_brand?post=40457"},{"taxonomy":"product_cat","embeddable":true,"href":"https:\/\/skyline-gs.com\/de\/wp-json\/wp\/v2\/product_cat?post=40457"},{"taxonomy":"product_tag","embeddable":true,"href":"https:\/\/skyline-gs.com\/de\/wp-json\/wp\/v2\/product_tag?post=40457"}],"curies":[{"name":"wp","href":"https:\/\/api.w.org\/{rel}","templated":true}]}}