{"id":39911,"date":"2022-10-16T23:01:09","date_gmt":"2022-10-16T21:01:09","guid":{"rendered":"http:\/\/skyline-gs.com\/?post_type=product&#038;p=39911"},"modified":"2025-04-30T19:06:53","modified_gmt":"2025-04-30T17:06:53","slug":"super-safari-dubai","status":"publish","type":"product","link":"https:\/\/skyline-gs.com\/de\/product\/super-safari-dubai\/","title":{"rendered":"Supersafari (Buggys, Quads und Abendessen)"},"content":{"rendered":"<p>Die Rub al-Chali W\u00fcste, auch als Leere Viertel bekannt, ist die pr\u00e4chtigste und sch\u00f6nste Sandw\u00fcste der Welt. Sie geh\u00f6rt zu den hei\u00dfesten und trockensten W\u00fcsten, in denen die Temperaturen w\u00e4hrend der Sommermonate regelm\u00e4\u00dfig \u00fcber 50\u00b0C liegen. Die D\u00fcnen von Rub al-Chali sind die h\u00f6chsten der Welt und erreichen H\u00f6hen von bis zu 250 Metern. In der Mitte des 20. Jahrhunderts durchquerten noch Kamelkarawanen die arabische W\u00fcste. Heutzutage, mit den Fortschritten der Moderne, die selbst an diesem Ort der Erde erreichbar sind, k\u00f6nnen wir die unglaubliche Kraft der Natur mit minimalen Risiken f\u00fcr uns selbst erleben. Ein Ausflug tief in die W\u00fcste bietet die M\u00f6glichkeit, den Duft Arabiens zu sp\u00fcren und zu genie\u00dfen. Die sanfte warme Brise, die Ihr Haar zerzaust, und der weiche, seidige Sand unter Ihren F\u00fc\u00dfen werden wahre Freude bereiten.<\/p>\n<p>14:00 Uhr Abfahrt vom Hotel. Fahrt in die W\u00fcste (ca. 1 Stunde). 15:00 Uhr Sicherheitseinweisung. Beginn der Fahrt auf modernen Buggies und Quads durch die W\u00fcstensandd\u00fcnen. Wir garantieren jede Menge Extremsensationen. Diese beliebte Tour eignet sich perfekt f\u00fcr aktive Erholung, Familienausfl\u00fcge oder sportliche Unterhaltung. Nach dem aufregenden Ausflug bieten wir Ihnen die M\u00f6glichkeit, sich in einem stilisierten Beduinen-Dorf zu entspannen, wo Ihnen k\u00f6stlicher Kaffee serviert wird. Auf dem Dorfgel\u00e4nde k\u00f6nnen Sie traditionelle arabische Kleidung anprobieren und eine kostenlose Shisha (Wasserpfeife) genie\u00dfen. Souvenirl\u00e4den stehen zur Verf\u00fcgung, um bleibende Erinnerungsst\u00fccke zu erwerben und sich ein Henna-Tattoo stechen zu lassen (im Preis inbegriffen). Das Erlebnis beinhaltet auch eine Kamelreitfahrt. Der H\u00f6hepunkt des Abends ist das Abendessen (Barbecue, Fisch, Salate, Beilagen, Obst und Desserts sowie Tee und Kaffee) und ein Showprogramm mit einem mitrei\u00dfenden Bauchtanz und einem Tanoura-Tanz. 19:00 Uhr Ende der Tour. R\u00fccktransfer. R\u00fcckkehr zum Hotel gegen 20:00 Uhr.<\/p>\n<p><strong>Inbegriffen:<\/strong><\/p>\n<ul>\n<li>Transfer vom Hotel und zur\u00fcck<\/li>\n<li>Quadfahren und Buggyfahren<\/li>\n<li>Besuch eines Beduinen-Dorfes<\/li>\n<li>Shisha (Wasserpfeife)<\/li>\n<li>Kaffee<\/li>\n<li>Kamelreiten<\/li>\n<li>Henna-Tattoos<\/li>\n<li>Abendessen mit alkoholfreien Getr\u00e4nken.<\/li>\n<li>Showprogramm: Bauchtanz und Tanura-Tanz.<\/li>\n<\/ul>\n<p><strong>Nimm mit:<\/strong><\/p>\n<ul>\n<li>Kamera<\/li>\n<li>Warme Kleidung in der Herbst-Winter-Saison<\/li>\n<li>Geld f\u00fcr pers\u00f6nliche Ausgaben<\/li>\n<\/ul>\n<p><strong>Buchungsbedingungen:<\/strong><\/p>\n<ul>\n<li><strong>50% Vorauszahlung<\/strong>. Wir k\u00f6nnen die Zahlung per Karten\u00fcberweisung akzeptieren <strong>in Dollar, Euro, Rubel, Griwna. Sowie in USDT auf Krypto-Brieftasche<\/strong>.<\/li>\n<li>Kostenlose Stornierungen und Erstattungen 24 Stunden im Voraus.<\/li>\n<\/ul>","protected":false},"excerpt":{"rendered":"<p><strong>Dauer:<\/strong> 14:00 &#8212; 20:00<\/p>\n<p><strong>Veranstaltungstage:<\/strong> T\u00e4glich<\/p>","protected":false},"featured_media":39899,"template":"","meta":{"_kad_post_transparent":"default","_kad_post_title":"","_kad_post_layout":"default","_kad_post_sidebar_id":"","_kad_post_content_style":"default","_kad_post_vertical_padding":"default","_kad_post_feature":"","_kad_post_feature_position":"","_kad_post_header":false,"_kad_post_footer":false,"_kad_post_classname":"","_glsr_average":0,"_glsr_ranking":0,"_glsr_reviews":0},"product_brand":[],"product_cat":[438],"product_tag":[],"class_list":{"0":"post-39911","1":"product","2":"type-product","3":"status-publish","4":"has-post-thumbnail","6":"product_cat-dubai","7":"tm-has-options","9":"first","10":"instock","11":"sale","12":"sold-individually","13":"taxable","14":"shipping-taxable","15":"purchasable","16":"product-type-simple","17":"entry","18":"content-bg","19":"loop-entry"},"yoast_head":"<!-- This site is optimized with the Yoast SEO plugin v27.3 - https:\/\/yoast.com\/product\/yoast-seo-wordpress\/ -->\n<title>\u0421\u0443\u043f\u0435\u0440\u0441\u0430\u0444\u0430\u0440\u0438 (\u0431\u0430\u0433\u0433\u0438, \u043a\u0432\u0430\u0434\u0440\u043e\u0446\u0438\u043a\u043b\u044b \u0438 \u0443\u0436\u0438\u043d) &#8226; \u042d\u043a\u0441\u043a\u0443\u0440\u0441\u0438\u0438 Skyline<\/title>\n<meta name=\"robots\" content=\"index, follow, max-snippet:-1, max-image-preview:large, max-video-preview:-1\" \/>\n<link rel=\"canonical\" href=\"https:\/\/skyline-gs.com\/de\/produkt\/super-safari-dubai\/\" \/>\n<meta property=\"og:locale\" content=\"de_DE\" \/>\n<meta property=\"og:type\" content=\"article\" \/>\n<meta property=\"og:title\" content=\"\u0421\u0443\u043f\u0435\u0440\u0441\u0430\u0444\u0430\u0440\u0438 (\u0431\u0430\u0433\u0433\u0438, \u043a\u0432\u0430\u0434\u0440\u043e\u0446\u0438\u043a\u043b\u044b \u0438 \u0443\u0436\u0438\u043d) &#8226; \u042d\u043a\u0441\u043a\u0443\u0440\u0441\u0438\u0438 Skyline\" \/>\n<meta property=\"og:description\" content=\"\u0414\u043b\u0438\u0442\u0435\u043b\u044c\u043d\u043e\u0441\u0442\u044c: 14:00 - 20:00  \u0414\u043d\u0438 \u043f\u0440\u043e\u0432\u0435\u0434\u0435\u043d\u0438\u044f: \u0435\u0436\u0435\u0434\u043d\u0435\u0432\u043d\u043e\" \/>\n<meta property=\"og:url\" content=\"https:\/\/skyline-gs.com\/de\/produkt\/super-safari-dubai\/\" \/>\n<meta property=\"og:site_name\" content=\"\u042d\u043a\u0441\u043a\u0443\u0440\u0441\u0438\u0438 Skyline\" \/>\n<meta property=\"article:modified_time\" content=\"2025-04-30T17:06:53+00:00\" \/>\n<meta property=\"og:image\" content=\"https:\/\/skyline-gs.com\/wp-content\/uploads\/2022\/10\/6.png\" \/>\n\t<meta property=\"og:image:width\" content=\"669\" \/>\n\t<meta property=\"og:image:height\" content=\"446\" \/>\n\t<meta property=\"og:image:type\" content=\"image\/png\" \/>\n<meta name=\"twitter:card\" content=\"summary_large_image\" \/>\n<meta name=\"twitter:label1\" content=\"Gesch\u00e4tzte Lesezeit\" \/>\n\t<meta name=\"twitter:data1\" content=\"2\u00a0Minuten\" \/>\n<script type=\"application\/ld+json\" class=\"yoast-schema-graph\">{\"@context\":\"https:\\\/\\\/schema.org\",\"@graph\":[{\"@type\":\"WebPage\",\"@id\":\"https:\\\/\\\/skyline-gs.com\\\/product\\\/super-safari-dubai\\\/\",\"url\":\"https:\\\/\\\/skyline-gs.com\\\/product\\\/super-safari-dubai\\\/\",\"name\":\"\u0421\u0443\u043f\u0435\u0440\u0441\u0430\u0444\u0430\u0440\u0438 (\u0431\u0430\u0433\u0433\u0438, \u043a\u0432\u0430\u0434\u0440\u043e\u0446\u0438\u043a\u043b\u044b \u0438 \u0443\u0436\u0438\u043d) &#8226; \u042d\u043a\u0441\u043a\u0443\u0440\u0441\u0438\u0438 Skyline\",\"isPartOf\":{\"@id\":\"https:\\\/\\\/skyline-gs.com\\\/it\\\/#website\"},\"primaryImageOfPage\":{\"@id\":\"https:\\\/\\\/skyline-gs.com\\\/product\\\/super-safari-dubai\\\/#primaryimage\"},\"image\":{\"@id\":\"https:\\\/\\\/skyline-gs.com\\\/product\\\/super-safari-dubai\\\/#primaryimage\"},\"thumbnailUrl\":\"https:\\\/\\\/skyline-gs.com\\\/wp-content\\\/uploads\\\/2022\\\/10\\\/6.png\",\"datePublished\":\"2022-10-16T21:01:09+00:00\",\"dateModified\":\"2025-04-30T17:06:53+00:00\",\"breadcrumb\":{\"@id\":\"https:\\\/\\\/skyline-gs.com\\\/product\\\/super-safari-dubai\\\/#breadcrumb\"},\"inLanguage\":\"de\",\"potentialAction\":[{\"@type\":\"ReadAction\",\"target\":[\"https:\\\/\\\/skyline-gs.com\\\/product\\\/super-safari-dubai\\\/\"]}]},{\"@type\":\"ImageObject\",\"inLanguage\":\"de\",\"@id\":\"https:\\\/\\\/skyline-gs.com\\\/product\\\/super-safari-dubai\\\/#primaryimage\",\"url\":\"https:\\\/\\\/skyline-gs.com\\\/wp-content\\\/uploads\\\/2022\\\/10\\\/6.png\",\"contentUrl\":\"https:\\\/\\\/skyline-gs.com\\\/wp-content\\\/uploads\\\/2022\\\/10\\\/6.png\",\"width\":669,\"height\":446},{\"@type\":\"BreadcrumbList\",\"@id\":\"https:\\\/\\\/skyline-gs.com\\\/product\\\/super-safari-dubai\\\/#breadcrumb\",\"itemListElement\":[{\"@type\":\"ListItem\",\"position\":1,\"name\":\"\u0413\u043b\u0430\u0432\u043d\u0430\u044f \u0441\u0442\u0440\u0430\u043d\u0438\u0446\u0430\",\"item\":\"https:\\\/\\\/skyline-gs.com\\\/hu\\\/\"},{\"@type\":\"ListItem\",\"position\":2,\"name\":\"\u041c\u0430\u0433\u0430\u0437\u0438\u043d\",\"item\":\"https:\\\/\\\/skyline-gs.com\\\/cs\\\/shop\\\/\"},{\"@type\":\"ListItem\",\"position\":3,\"name\":\"\u0421\u0443\u043f\u0435\u0440\u0441\u0430\u0444\u0430\u0440\u0438 (\u0431\u0430\u0433\u0433\u0438, \u043a\u0432\u0430\u0434\u0440\u043e\u0446\u0438\u043a\u043b\u044b \u0438 \u0443\u0436\u0438\u043d)\"}]},{\"@type\":\"WebSite\",\"@id\":\"https:\\\/\\\/skyline-gs.com\\\/it\\\/#website\",\"url\":\"https:\\\/\\\/skyline-gs.com\\\/it\\\/\",\"name\":\"\u042d\u043a\u0441\u043a\u0443\u0440\u0441\u0438\u0438 Skyline\",\"description\":\"\u042d\u043a\u0441\u043a\u043b\u044e\u0437\u0438\u0432\u043d\u044b\u0435 \u044d\u043a\u0441\u043a\u0443\u0440\u0441\u0438\u0438 \u043d\u0430 \u043b\u0443\u0447\u0448\u0438\u0445 \u043a\u0443\u0440\u043e\u0440\u0442\u0430\u0445 \u043c\u0438\u0440\u0430\",\"publisher\":{\"@id\":\"https:\\\/\\\/skyline-gs.com\\\/it\\\/#organization\"},\"alternateName\":\"Skyline\",\"potentialAction\":[{\"@type\":\"SearchAction\",\"target\":{\"@type\":\"EntryPoint\",\"urlTemplate\":\"https:\\\/\\\/skyline-gs.com\\\/it\\\/?s={search_term_string}\"},\"query-input\":{\"@type\":\"PropertyValueSpecification\",\"valueRequired\":true,\"valueName\":\"search_term_string\"}}],\"inLanguage\":\"de\"},{\"@type\":\"Organization\",\"@id\":\"https:\\\/\\\/skyline-gs.com\\\/it\\\/#organization\",\"name\":\"\u042d\u043a\u0441\u043a\u0443\u0440\u0441\u0438\u0438 Skyline\",\"alternateName\":\"\u042d\u043a\u0441\u043a\u0443\u0440\u0441\u0438\u0438 Skyline\",\"url\":\"https:\\\/\\\/skyline-gs.com\\\/it\\\/\",\"logo\":{\"@type\":\"ImageObject\",\"inLanguage\":\"de\",\"@id\":\"https:\\\/\\\/skyline-gs.com\\\/it\\\/#\\\/schema\\\/logo\\\/image\\\/\",\"url\":\"https:\\\/\\\/skyline-gs.com\\\/wp-content\\\/uploads\\\/2020\\\/12\\\/cropped-logo-2.png\",\"contentUrl\":\"https:\\\/\\\/skyline-gs.com\\\/wp-content\\\/uploads\\\/2020\\\/12\\\/cropped-logo-2.png\",\"width\":512,\"height\":512,\"caption\":\"\u042d\u043a\u0441\u043a\u0443\u0440\u0441\u0438\u0438 Skyline\"},\"image\":{\"@id\":\"https:\\\/\\\/skyline-gs.com\\\/it\\\/#\\\/schema\\\/logo\\\/image\\\/\"},\"sameAs\":[\"https:\\\/\\\/www.instagram.com\\\/skylineglobalservice\\\/\"]}]}<\/script>\n<!-- \/ Yoast SEO plugin. -->","yoast_head_json":{"title":"\u0421\u0443\u043f\u0435\u0440\u0441\u0430\u0444\u0430\u0440\u0438 (\u0431\u0430\u0433\u0433\u0438, \u043a\u0432\u0430\u0434\u0440\u043e\u0446\u0438\u043a\u043b\u044b \u0438 \u0443\u0436\u0438\u043d) &#8226; \u042d\u043a\u0441\u043a\u0443\u0440\u0441\u0438\u0438 Skyline","robots":{"index":"index","follow":"follow","max-snippet":"max-snippet:-1","max-image-preview":"max-image-preview:large","max-video-preview":"max-video-preview:-1"},"canonical":"https:\/\/skyline-gs.com\/de\/produkt\/super-safari-dubai\/","og_locale":"de_DE","og_type":"article","og_title":"\u0421\u0443\u043f\u0435\u0440\u0441\u0430\u0444\u0430\u0440\u0438 (\u0431\u0430\u0433\u0433\u0438, \u043a\u0432\u0430\u0434\u0440\u043e\u0446\u0438\u043a\u043b\u044b \u0438 \u0443\u0436\u0438\u043d) &#8226; \u042d\u043a\u0441\u043a\u0443\u0440\u0441\u0438\u0438 Skyline","og_description":"\u0414\u043b\u0438\u0442\u0435\u043b\u044c\u043d\u043e\u0441\u0442\u044c: 14:00 - 20:00  \u0414\u043d\u0438 \u043f\u0440\u043e\u0432\u0435\u0434\u0435\u043d\u0438\u044f: \u0435\u0436\u0435\u0434\u043d\u0435\u0432\u043d\u043e","og_url":"https:\/\/skyline-gs.com\/de\/produkt\/super-safari-dubai\/","og_site_name":"\u042d\u043a\u0441\u043a\u0443\u0440\u0441\u0438\u0438 Skyline","article_modified_time":"2025-04-30T17:06:53+00:00","og_image":[{"width":669,"height":446,"url":"https:\/\/skyline-gs.com\/wp-content\/uploads\/2022\/10\/6.png","type":"image\/png"}],"twitter_card":"summary_large_image","twitter_misc":{"Gesch\u00e4tzte Lesezeit":"2\u00a0Minuten"},"schema":{"@context":"https:\/\/schema.org","@graph":[{"@type":"WebPage","@id":"https:\/\/skyline-gs.com\/product\/super-safari-dubai\/","url":"https:\/\/skyline-gs.com\/product\/super-safari-dubai\/","name":"\u0421\u0443\u043f\u0435\u0440\u0441\u0430\u0444\u0430\u0440\u0438 (\u0431\u0430\u0433\u0433\u0438, \u043a\u0432\u0430\u0434\u0440\u043e\u0446\u0438\u043a\u043b\u044b \u0438 \u0443\u0436\u0438\u043d) &#8226; \u042d\u043a\u0441\u043a\u0443\u0440\u0441\u0438\u0438 Skyline","isPartOf":{"@id":"https:\/\/skyline-gs.com\/it\/#website"},"primaryImageOfPage":{"@id":"https:\/\/skyline-gs.com\/product\/super-safari-dubai\/#primaryimage"},"image":{"@id":"https:\/\/skyline-gs.com\/product\/super-safari-dubai\/#primaryimage"},"thumbnailUrl":"https:\/\/skyline-gs.com\/wp-content\/uploads\/2022\/10\/6.png","datePublished":"2022-10-16T21:01:09+00:00","dateModified":"2025-04-30T17:06:53+00:00","breadcrumb":{"@id":"https:\/\/skyline-gs.com\/product\/super-safari-dubai\/#breadcrumb"},"inLanguage":"de","potentialAction":[{"@type":"ReadAction","target":["https:\/\/skyline-gs.com\/product\/super-safari-dubai\/"]}]},{"@type":"ImageObject","inLanguage":"de","@id":"https:\/\/skyline-gs.com\/product\/super-safari-dubai\/#primaryimage","url":"https:\/\/skyline-gs.com\/wp-content\/uploads\/2022\/10\/6.png","contentUrl":"https:\/\/skyline-gs.com\/wp-content\/uploads\/2022\/10\/6.png","width":669,"height":446},{"@type":"BreadcrumbList","@id":"https:\/\/skyline-gs.com\/product\/super-safari-dubai\/#breadcrumb","itemListElement":[{"@type":"ListItem","position":1,"name":"\u0413\u043b\u0430\u0432\u043d\u0430\u044f \u0441\u0442\u0440\u0430\u043d\u0438\u0446\u0430","item":"https:\/\/skyline-gs.com\/hu\/"},{"@type":"ListItem","position":2,"name":"\u041c\u0430\u0433\u0430\u0437\u0438\u043d","item":"https:\/\/skyline-gs.com\/cs\/shop\/"},{"@type":"ListItem","position":3,"name":"\u0421\u0443\u043f\u0435\u0440\u0441\u0430\u0444\u0430\u0440\u0438 (\u0431\u0430\u0433\u0433\u0438, \u043a\u0432\u0430\u0434\u0440\u043e\u0446\u0438\u043a\u043b\u044b \u0438 \u0443\u0436\u0438\u043d)"}]},{"@type":"WebSite","@id":"https:\/\/skyline-gs.com\/it\/#website","url":"https:\/\/skyline-gs.com\/it\/","name":"Skyline Ausfl\u00fcge","description":"Exklusive Ausfl\u00fcge in den besten Resorts der Welt","publisher":{"@id":"https:\/\/skyline-gs.com\/it\/#organization"},"alternateName":"Skyline","potentialAction":[{"@type":"SearchAction","target":{"@type":"EntryPoint","urlTemplate":"https:\/\/skyline-gs.com\/it\/?s={search_term_string}"},"query-input":{"@type":"PropertyValueSpecification","valueRequired":true,"valueName":"search_term_string"}}],"inLanguage":"de"},{"@type":"Organization","@id":"https:\/\/skyline-gs.com\/it\/#organization","name":"Skyline Ausfl\u00fcge","alternateName":"\u042d\u043a\u0441\u043a\u0443\u0440\u0441\u0438\u0438 Skyline","url":"https:\/\/skyline-gs.com\/it\/","logo":{"@type":"ImageObject","inLanguage":"de","@id":"https:\/\/skyline-gs.com\/it\/#\/schema\/logo\/image\/","url":"https:\/\/skyline-gs.com\/wp-content\/uploads\/2020\/12\/cropped-logo-2.png","contentUrl":"https:\/\/skyline-gs.com\/wp-content\/uploads\/2020\/12\/cropped-logo-2.png","width":512,"height":512,"caption":"\u042d\u043a\u0441\u043a\u0443\u0440\u0441\u0438\u0438 Skyline"},"image":{"@id":"https:\/\/skyline-gs.com\/it\/#\/schema\/logo\/image\/"},"sameAs":["https:\/\/www.instagram.com\/skylineglobalservice\/"]}]}},"_links":{"self":[{"href":"https:\/\/skyline-gs.com\/de\/wp-json\/wp\/v2\/product\/39911","targetHints":{"allow":["GET"]}}],"collection":[{"href":"https:\/\/skyline-gs.com\/de\/wp-json\/wp\/v2\/product"}],"about":[{"href":"https:\/\/skyline-gs.com\/de\/wp-json\/wp\/v2\/types\/product"}],"version-history":[{"count":0,"href":"https:\/\/skyline-gs.com\/de\/wp-json\/wp\/v2\/product\/39911\/revisions"}],"wp:featuredmedia":[{"embeddable":true,"href":"https:\/\/skyline-gs.com\/de\/wp-json\/wp\/v2\/media\/39899"}],"wp:attachment":[{"href":"https:\/\/skyline-gs.com\/de\/wp-json\/wp\/v2\/media?parent=39911"}],"wp:term":[{"taxonomy":"product_brand","embeddable":true,"href":"https:\/\/skyline-gs.com\/de\/wp-json\/wp\/v2\/product_brand?post=39911"},{"taxonomy":"product_cat","embeddable":true,"href":"https:\/\/skyline-gs.com\/de\/wp-json\/wp\/v2\/product_cat?post=39911"},{"taxonomy":"product_tag","embeddable":true,"href":"https:\/\/skyline-gs.com\/de\/wp-json\/wp\/v2\/product_tag?post=39911"}],"curies":[{"name":"wp","href":"https:\/\/api.w.org\/{rel}","templated":true}]}}