{"id":39151,"date":"2022-07-27T17:46:57","date_gmt":"2022-07-27T15:46:57","guid":{"rendered":"http:\/\/skyline-gs.com\/?post_type=product&#038;p=39151"},"modified":"2024-01-24T03:41:50","modified_gmt":"2024-01-24T01:41:50","slug":"swimming-with-dolphins-dominicana","status":"publish","type":"product","link":"https:\/\/skyline-gs.com\/de\/product\/swimming-with-dolphins-dominicana\/","title":{"rendered":"Schwimmen mit Delfinen in Punta Cana"},"content":{"rendered":"<p>Bereiten Sie sich auf eine herzliche Begeisterung vor, wenn Sie die unglaublich charmanten Delfine kennenlernen! W\u00e4hrend die meisten Delfinarien weltweit nur Shows zum Beobachten bieten, k\u00f6nnen Sie hier zu einem Teilnehmer dieser unvergesslichen Vorf\u00fchrung werden! Je nach gew\u00e4hltem Programm k\u00f6nnen Sie den Delfin umarmen, mit ihm schwimmen, sich von ihm herumfahren lassen, sich von ihm im Wasser drehen lassen und Tricks direkt \u00fcber Ihnen ausf\u00fchren lassen. Sie k\u00f6nnen auf dem Delfin reiten, sich an seiner R\u00fcckenflosse und seinen Flossen festhalten, mit ihm tanzen und unvergessliche Erlebnisse f\u00fcr Sie und Ihr Kind sammeln!<\/p>\n<p><strong>Programm 1. Delfin-Begegnung<\/strong><\/p>\n<p>Kennenlernen des Delfins: Der Delfin f\u00fchrt Tricks vor, jeder kann den Delfin streicheln (ohne im Wasser zu schwimmen, von der Plattform aus)<\/p>\n<ul>\n<li>Dauer: 40 Minuten<\/li>\n<li>Anzahl der Personen in der Gruppe: 15-20<\/li>\n<\/ul>\n<p><strong>Programm 2. Delfin-Schwimm-Abenteuer<\/strong><\/p>\n<p>Schwimmen mit einem Delfin. Der Delfin f\u00fchrt lustige Tricks vor, f\u00e4hrt auf der Flosse, tanzt und singt mit jedem Teilnehmer<\/p>\n<ul>\n<li>Dauer: 50 Minuten<\/li>\n<li>Anzahl der Personen in der Gruppe: 12-15<\/li>\n<\/ul>\n<p><strong>Programm 3: Delphin Royal Swim<\/strong><\/p>\n<p>Schwimmen mit 2 Delfinen. Delphine zeigen lustige Tricks, 2 Delphine reiten auf ihren Flossen und kreisen im Wasser mit den Nasen der Teilnehmer.<\/p>\n<ul>\n<li>Dauer: 60 Minuten<\/li>\n<li>Anzahl der Personen in der Gruppe: 10-12<\/li>\n<\/ul>\n<p><strong>W\u00e4hlen Sie ein Programm und eine Abfahrtszeit aus. Die Abfahrten erfolgen st\u00fcndlich von 9:00 bis 17:00 Uhr<\/strong><\/p>\n<p><strong>Regeln: <\/strong><\/p>\n<ul>\n<li>Alle Teilnehmer des Programms m\u00fcssen schwimmen k\u00f6nnen. F\u00fcr schwangere Frauen gilt eine Einschr\u00e4nkung f\u00fcr dieses Programm<\/li>\n<li>Begleitpersonen d\u00fcrfen keine Foto-\/Videoger\u00e4te, einschlie\u00dflich Smartphones, verwenden<\/li>\n<\/ul>\n<p><strong>Inbegriffen:<\/strong><\/p>\n<ul>\n<li>Transfer vom Hotel und zur\u00fcck<\/li>\n<li>Transfers im Rahmen des Programms erfolgen in einem komfortablen klimatisierten Bus<\/li>\n<li>Begleitperson<\/li>\n<li>Eintrittskarten<\/li>\n<\/ul>\n<p><strong>Nicht enthalten:<\/strong><\/p>\n<ul>\n<li>Foto mit dem Delfin (vor Ort erh\u00e4ltlich)<\/li>\n<\/ul>\n<p><strong>Nimm mit:<\/strong><\/p>\n<ul>\n<li>Wasser<\/li>\n<li>Sonnenbrille<\/li>\n<li>Kopfbedeckung<\/li>\n<\/ul>","protected":false},"excerpt":{"rendered":"<p><strong>Tourzeit:<\/strong> 40 Minuten<\/p>\n<p><strong>Veranstaltungstage:<\/strong> T\u00e4glich<\/p>","protected":false},"featured_media":39156,"template":"","meta":{"_kad_post_transparent":"default","_kad_post_title":"","_kad_post_layout":"default","_kad_post_sidebar_id":"","_kad_post_content_style":"default","_kad_post_vertical_padding":"default","_kad_post_feature":"","_kad_post_feature_position":"","_kad_post_header":false,"_kad_post_footer":false,"_kad_post_classname":"","_glsr_average":0,"_glsr_ranking":0,"_glsr_reviews":0},"product_brand":[],"product_cat":[444],"product_tag":[],"class_list":{"0":"post-39151","1":"product","2":"type-product","3":"status-publish","4":"has-post-thumbnail","6":"product_cat-dominican-republic","7":"tm-has-options","9":"first","10":"instock","11":"sold-individually","12":"taxable","13":"shipping-taxable","14":"purchasable","15":"product-type-simple","16":"entry","17":"content-bg","18":"loop-entry"},"yoast_head":"<!-- This site is optimized with the Yoast SEO plugin v27.3 - https:\/\/yoast.com\/product\/yoast-seo-wordpress\/ -->\n<title>\u041f\u043b\u0430\u0432\u0430\u043d\u0438\u0435 \u0441 \u0434\u0435\u043b\u044c\u0444\u0438\u043d\u0430\u043c\u0438 \u0432 \u041f\u0443\u043d\u0442\u0430-\u041a\u0430\u043d\u0435 &#8226; \u042d\u043a\u0441\u043a\u0443\u0440\u0441\u0438\u0438 Skyline<\/title>\n<meta name=\"robots\" content=\"index, follow, max-snippet:-1, max-image-preview:large, max-video-preview:-1\" \/>\n<link rel=\"canonical\" href=\"http:\/\/skyline-gs.com\/de\/produkt\/swimming-with-dolphins-dominicana\/\" \/>\n<meta property=\"og:locale\" content=\"de_DE\" \/>\n<meta property=\"og:type\" content=\"article\" \/>\n<meta property=\"og:title\" content=\"\u041f\u043b\u0430\u0432\u0430\u043d\u0438\u0435 \u0441 \u0434\u0435\u043b\u044c\u0444\u0438\u043d\u0430\u043c\u0438 \u0432 \u041f\u0443\u043d\u0442\u0430-\u041a\u0430\u043d\u0435 &#8226; \u042d\u043a\u0441\u043a\u0443\u0440\u0441\u0438\u0438 Skyline\" \/>\n<meta property=\"og:description\" content=\"\u0412\u0440\u0435\u043c\u044f \u0442\u0443\u0440\u0430: 40 \u043c\u0438\u043d\u0443\u0442  \u0414\u043d\u0438 \u043f\u0440\u043e\u0432\u0435\u0434\u0435\u043d\u0438\u044f: \u0435\u0436\u0435\u0434\u043d\u0435\u0432\u043d\u043e\" \/>\n<meta property=\"og:url\" content=\"http:\/\/skyline-gs.com\/de\/produkt\/swimming-with-dolphins-dominicana\/\" \/>\n<meta property=\"og:site_name\" content=\"\u042d\u043a\u0441\u043a\u0443\u0440\u0441\u0438\u0438 Skyline\" \/>\n<meta property=\"article:modified_time\" content=\"2024-01-24T01:41:50+00:00\" \/>\n<meta property=\"og:image\" content=\"https:\/\/skyline-gs.com\/wp-content\/uploads\/2022\/07\/4-35.png\" \/>\n\t<meta property=\"og:image:width\" content=\"669\" \/>\n\t<meta property=\"og:image:height\" content=\"446\" \/>\n\t<meta property=\"og:image:type\" content=\"image\/png\" \/>\n<meta name=\"twitter:card\" content=\"summary_large_image\" \/>\n<meta name=\"twitter:label1\" content=\"Gesch\u00e4tzte Lesezeit\" \/>\n\t<meta name=\"twitter:data1\" content=\"2\u00a0Minuten\" \/>\n<script type=\"application\/ld+json\" class=\"yoast-schema-graph\">{\"@context\":\"https:\\\/\\\/schema.org\",\"@graph\":[{\"@type\":\"WebPage\",\"@id\":\"http:\\\/\\\/skyline-gs.com\\\/en\\\/product-2\\\/swimming-with-dolphins-dominicana\\\/\",\"url\":\"http:\\\/\\\/skyline-gs.com\\\/en\\\/product-2\\\/swimming-with-dolphins-dominicana\\\/\",\"name\":\"\u041f\u043b\u0430\u0432\u0430\u043d\u0438\u0435 \u0441 \u0434\u0435\u043b\u044c\u0444\u0438\u043d\u0430\u043c\u0438 \u0432 \u041f\u0443\u043d\u0442\u0430-\u041a\u0430\u043d\u0435 &#8226; \u042d\u043a\u0441\u043a\u0443\u0440\u0441\u0438\u0438 Skyline\",\"isPartOf\":{\"@id\":\"https:\\\/\\\/skyline-gs.com\\\/it\\\/#website\"},\"primaryImageOfPage\":{\"@id\":\"http:\\\/\\\/skyline-gs.com\\\/en\\\/product-2\\\/swimming-with-dolphins-dominicana\\\/#primaryimage\"},\"image\":{\"@id\":\"http:\\\/\\\/skyline-gs.com\\\/en\\\/product-2\\\/swimming-with-dolphins-dominicana\\\/#primaryimage\"},\"thumbnailUrl\":\"https:\\\/\\\/skyline-gs.com\\\/wp-content\\\/uploads\\\/2022\\\/07\\\/4-35.png\",\"datePublished\":\"2022-07-27T15:46:57+00:00\",\"dateModified\":\"2024-01-24T01:41:50+00:00\",\"breadcrumb\":{\"@id\":\"http:\\\/\\\/skyline-gs.com\\\/en\\\/product-2\\\/swimming-with-dolphins-dominicana\\\/#breadcrumb\"},\"inLanguage\":\"de\",\"potentialAction\":[{\"@type\":\"ReadAction\",\"target\":[\"http:\\\/\\\/skyline-gs.com\\\/en\\\/product-2\\\/swimming-with-dolphins-dominicana\\\/\"]}]},{\"@type\":\"ImageObject\",\"inLanguage\":\"de\",\"@id\":\"http:\\\/\\\/skyline-gs.com\\\/en\\\/product-2\\\/swimming-with-dolphins-dominicana\\\/#primaryimage\",\"url\":\"https:\\\/\\\/skyline-gs.com\\\/wp-content\\\/uploads\\\/2022\\\/07\\\/4-35.png\",\"contentUrl\":\"https:\\\/\\\/skyline-gs.com\\\/wp-content\\\/uploads\\\/2022\\\/07\\\/4-35.png\",\"width\":669,\"height\":446},{\"@type\":\"BreadcrumbList\",\"@id\":\"http:\\\/\\\/skyline-gs.com\\\/en\\\/product-2\\\/swimming-with-dolphins-dominicana\\\/#breadcrumb\",\"itemListElement\":[{\"@type\":\"ListItem\",\"position\":1,\"name\":\"\u0413\u043b\u0430\u0432\u043d\u0430\u044f \u0441\u0442\u0440\u0430\u043d\u0438\u0446\u0430\",\"item\":\"https:\\\/\\\/skyline-gs.com\\\/hu\\\/\"},{\"@type\":\"ListItem\",\"position\":2,\"name\":\"\u041c\u0430\u0433\u0430\u0437\u0438\u043d\",\"item\":\"https:\\\/\\\/skyline-gs.com\\\/cs\\\/shop\\\/\"},{\"@type\":\"ListItem\",\"position\":3,\"name\":\"\u041f\u043b\u0430\u0432\u0430\u043d\u0438\u0435 \u0441 \u0434\u0435\u043b\u044c\u0444\u0438\u043d\u0430\u043c\u0438 \u0432 \u041f\u0443\u043d\u0442\u0430-\u041a\u0430\u043d\u0435\"}]},{\"@type\":\"WebSite\",\"@id\":\"https:\\\/\\\/skyline-gs.com\\\/it\\\/#website\",\"url\":\"https:\\\/\\\/skyline-gs.com\\\/it\\\/\",\"name\":\"\u042d\u043a\u0441\u043a\u0443\u0440\u0441\u0438\u0438 Skyline\",\"description\":\"\u042d\u043a\u0441\u043a\u043b\u044e\u0437\u0438\u0432\u043d\u044b\u0435 \u044d\u043a\u0441\u043a\u0443\u0440\u0441\u0438\u0438 \u043d\u0430 \u043b\u0443\u0447\u0448\u0438\u0445 \u043a\u0443\u0440\u043e\u0440\u0442\u0430\u0445 \u043c\u0438\u0440\u0430\",\"publisher\":{\"@id\":\"https:\\\/\\\/skyline-gs.com\\\/it\\\/#organization\"},\"alternateName\":\"Skyline\",\"potentialAction\":[{\"@type\":\"SearchAction\",\"target\":{\"@type\":\"EntryPoint\",\"urlTemplate\":\"https:\\\/\\\/skyline-gs.com\\\/it\\\/?s={search_term_string}\"},\"query-input\":{\"@type\":\"PropertyValueSpecification\",\"valueRequired\":true,\"valueName\":\"search_term_string\"}}],\"inLanguage\":\"de\"},{\"@type\":\"Organization\",\"@id\":\"https:\\\/\\\/skyline-gs.com\\\/it\\\/#organization\",\"name\":\"\u042d\u043a\u0441\u043a\u0443\u0440\u0441\u0438\u0438 Skyline\",\"alternateName\":\"\u042d\u043a\u0441\u043a\u0443\u0440\u0441\u0438\u0438 Skyline\",\"url\":\"https:\\\/\\\/skyline-gs.com\\\/it\\\/\",\"logo\":{\"@type\":\"ImageObject\",\"inLanguage\":\"de\",\"@id\":\"https:\\\/\\\/skyline-gs.com\\\/it\\\/#\\\/schema\\\/logo\\\/image\\\/\",\"url\":\"https:\\\/\\\/skyline-gs.com\\\/wp-content\\\/uploads\\\/2020\\\/12\\\/cropped-logo-2.png\",\"contentUrl\":\"https:\\\/\\\/skyline-gs.com\\\/wp-content\\\/uploads\\\/2020\\\/12\\\/cropped-logo-2.png\",\"width\":512,\"height\":512,\"caption\":\"\u042d\u043a\u0441\u043a\u0443\u0440\u0441\u0438\u0438 Skyline\"},\"image\":{\"@id\":\"https:\\\/\\\/skyline-gs.com\\\/it\\\/#\\\/schema\\\/logo\\\/image\\\/\"},\"sameAs\":[\"https:\\\/\\\/www.instagram.com\\\/skylineglobalservice\\\/\"]}]}<\/script>\n<!-- \/ Yoast SEO plugin. -->","yoast_head_json":{"title":"\u041f\u043b\u0430\u0432\u0430\u043d\u0438\u0435 \u0441 \u0434\u0435\u043b\u044c\u0444\u0438\u043d\u0430\u043c\u0438 \u0432 \u041f\u0443\u043d\u0442\u0430-\u041a\u0430\u043d\u0435 &#8226; \u042d\u043a\u0441\u043a\u0443\u0440\u0441\u0438\u0438 Skyline","robots":{"index":"index","follow":"follow","max-snippet":"max-snippet:-1","max-image-preview":"max-image-preview:large","max-video-preview":"max-video-preview:-1"},"canonical":"http:\/\/skyline-gs.com\/de\/produkt\/swimming-with-dolphins-dominicana\/","og_locale":"de_DE","og_type":"article","og_title":"\u041f\u043b\u0430\u0432\u0430\u043d\u0438\u0435 \u0441 \u0434\u0435\u043b\u044c\u0444\u0438\u043d\u0430\u043c\u0438 \u0432 \u041f\u0443\u043d\u0442\u0430-\u041a\u0430\u043d\u0435 &#8226; \u042d\u043a\u0441\u043a\u0443\u0440\u0441\u0438\u0438 Skyline","og_description":"\u0412\u0440\u0435\u043c\u044f \u0442\u0443\u0440\u0430: 40 \u043c\u0438\u043d\u0443\u0442  \u0414\u043d\u0438 \u043f\u0440\u043e\u0432\u0435\u0434\u0435\u043d\u0438\u044f: \u0435\u0436\u0435\u0434\u043d\u0435\u0432\u043d\u043e","og_url":"http:\/\/skyline-gs.com\/de\/produkt\/swimming-with-dolphins-dominicana\/","og_site_name":"\u042d\u043a\u0441\u043a\u0443\u0440\u0441\u0438\u0438 Skyline","article_modified_time":"2024-01-24T01:41:50+00:00","og_image":[{"width":669,"height":446,"url":"https:\/\/skyline-gs.com\/wp-content\/uploads\/2022\/07\/4-35.png","type":"image\/png"}],"twitter_card":"summary_large_image","twitter_misc":{"Gesch\u00e4tzte Lesezeit":"2\u00a0Minuten"},"schema":{"@context":"https:\/\/schema.org","@graph":[{"@type":"WebPage","@id":"http:\/\/skyline-gs.com\/en\/product-2\/swimming-with-dolphins-dominicana\/","url":"http:\/\/skyline-gs.com\/en\/product-2\/swimming-with-dolphins-dominicana\/","name":"\u041f\u043b\u0430\u0432\u0430\u043d\u0438\u0435 \u0441 \u0434\u0435\u043b\u044c\u0444\u0438\u043d\u0430\u043c\u0438 \u0432 \u041f\u0443\u043d\u0442\u0430-\u041a\u0430\u043d\u0435 &#8226; \u042d\u043a\u0441\u043a\u0443\u0440\u0441\u0438\u0438 Skyline","isPartOf":{"@id":"https:\/\/skyline-gs.com\/it\/#website"},"primaryImageOfPage":{"@id":"http:\/\/skyline-gs.com\/en\/product-2\/swimming-with-dolphins-dominicana\/#primaryimage"},"image":{"@id":"http:\/\/skyline-gs.com\/en\/product-2\/swimming-with-dolphins-dominicana\/#primaryimage"},"thumbnailUrl":"https:\/\/skyline-gs.com\/wp-content\/uploads\/2022\/07\/4-35.png","datePublished":"2022-07-27T15:46:57+00:00","dateModified":"2024-01-24T01:41:50+00:00","breadcrumb":{"@id":"http:\/\/skyline-gs.com\/en\/product-2\/swimming-with-dolphins-dominicana\/#breadcrumb"},"inLanguage":"de","potentialAction":[{"@type":"ReadAction","target":["http:\/\/skyline-gs.com\/en\/product-2\/swimming-with-dolphins-dominicana\/"]}]},{"@type":"ImageObject","inLanguage":"de","@id":"http:\/\/skyline-gs.com\/en\/product-2\/swimming-with-dolphins-dominicana\/#primaryimage","url":"https:\/\/skyline-gs.com\/wp-content\/uploads\/2022\/07\/4-35.png","contentUrl":"https:\/\/skyline-gs.com\/wp-content\/uploads\/2022\/07\/4-35.png","width":669,"height":446},{"@type":"BreadcrumbList","@id":"http:\/\/skyline-gs.com\/en\/product-2\/swimming-with-dolphins-dominicana\/#breadcrumb","itemListElement":[{"@type":"ListItem","position":1,"name":"\u0413\u043b\u0430\u0432\u043d\u0430\u044f \u0441\u0442\u0440\u0430\u043d\u0438\u0446\u0430","item":"https:\/\/skyline-gs.com\/hu\/"},{"@type":"ListItem","position":2,"name":"\u041c\u0430\u0433\u0430\u0437\u0438\u043d","item":"https:\/\/skyline-gs.com\/cs\/shop\/"},{"@type":"ListItem","position":3,"name":"\u041f\u043b\u0430\u0432\u0430\u043d\u0438\u0435 \u0441 \u0434\u0435\u043b\u044c\u0444\u0438\u043d\u0430\u043c\u0438 \u0432 \u041f\u0443\u043d\u0442\u0430-\u041a\u0430\u043d\u0435"}]},{"@type":"WebSite","@id":"https:\/\/skyline-gs.com\/it\/#website","url":"https:\/\/skyline-gs.com\/it\/","name":"Skyline Ausfl\u00fcge","description":"Exklusive Ausfl\u00fcge in den besten Resorts der Welt","publisher":{"@id":"https:\/\/skyline-gs.com\/it\/#organization"},"alternateName":"Skyline","potentialAction":[{"@type":"SearchAction","target":{"@type":"EntryPoint","urlTemplate":"https:\/\/skyline-gs.com\/it\/?s={search_term_string}"},"query-input":{"@type":"PropertyValueSpecification","valueRequired":true,"valueName":"search_term_string"}}],"inLanguage":"de"},{"@type":"Organization","@id":"https:\/\/skyline-gs.com\/it\/#organization","name":"Skyline Ausfl\u00fcge","alternateName":"\u042d\u043a\u0441\u043a\u0443\u0440\u0441\u0438\u0438 Skyline","url":"https:\/\/skyline-gs.com\/it\/","logo":{"@type":"ImageObject","inLanguage":"de","@id":"https:\/\/skyline-gs.com\/it\/#\/schema\/logo\/image\/","url":"https:\/\/skyline-gs.com\/wp-content\/uploads\/2020\/12\/cropped-logo-2.png","contentUrl":"https:\/\/skyline-gs.com\/wp-content\/uploads\/2020\/12\/cropped-logo-2.png","width":512,"height":512,"caption":"\u042d\u043a\u0441\u043a\u0443\u0440\u0441\u0438\u0438 Skyline"},"image":{"@id":"https:\/\/skyline-gs.com\/it\/#\/schema\/logo\/image\/"},"sameAs":["https:\/\/www.instagram.com\/skylineglobalservice\/"]}]}},"_links":{"self":[{"href":"https:\/\/skyline-gs.com\/de\/wp-json\/wp\/v2\/product\/39151","targetHints":{"allow":["GET"]}}],"collection":[{"href":"https:\/\/skyline-gs.com\/de\/wp-json\/wp\/v2\/product"}],"about":[{"href":"https:\/\/skyline-gs.com\/de\/wp-json\/wp\/v2\/types\/product"}],"version-history":[{"count":0,"href":"https:\/\/skyline-gs.com\/de\/wp-json\/wp\/v2\/product\/39151\/revisions"}],"wp:featuredmedia":[{"embeddable":true,"href":"https:\/\/skyline-gs.com\/de\/wp-json\/wp\/v2\/media\/39156"}],"wp:attachment":[{"href":"https:\/\/skyline-gs.com\/de\/wp-json\/wp\/v2\/media?parent=39151"}],"wp:term":[{"taxonomy":"product_brand","embeddable":true,"href":"https:\/\/skyline-gs.com\/de\/wp-json\/wp\/v2\/product_brand?post=39151"},{"taxonomy":"product_cat","embeddable":true,"href":"https:\/\/skyline-gs.com\/de\/wp-json\/wp\/v2\/product_cat?post=39151"},{"taxonomy":"product_tag","embeddable":true,"href":"https:\/\/skyline-gs.com\/de\/wp-json\/wp\/v2\/product_tag?post=39151"}],"curies":[{"name":"wp","href":"https:\/\/api.w.org\/{rel}","templated":true}]}}