{"id":38900,"date":"2022-07-24T19:10:50","date_gmt":"2022-07-24T17:10:50","guid":{"rendered":"http:\/\/skyline-gs.com\/?post_type=product&#038;p=38900"},"modified":"2024-01-24T03:59:47","modified_gmt":"2024-01-24T01:59:47","slug":"saona-gelbes-u-boot-dominicana","status":"publish","type":"product","link":"https:\/\/skyline-gs.com\/de\/product\/saona-yellow-submarine-dominicana\/","title":{"rendered":"Gelbes U-Boot"},"content":{"rendered":"<p>Das m\u00e4rchenhafte und einzigartige Saona - ein Traum, der wahr wird, das Paradies auf Erden... Und die Fortsetzung k\u00f6nnte ewig dauern! Im Rahmen eines neuen, ungew\u00f6hnlichen Reiseformats werden Sie nicht nur diesen unber\u00fchrten Naturwinkel besuchen, sondern auch in die Karibik eintauchen und ihre Unterwasserwelt auf einem eigens daf\u00fcr ausgestatteten Schiff, einem gelben U-Boot, erkunden! Auf der Insel erwartet Sie ein Buffet, eine offene Bar und nat\u00fcrlich die m\u00e4rchenhaften Palmenhaine, der bezaubernde Strand und das unendliche Karibische Meer.<\/p>\n<p><strong>Inbegriffen:<\/strong><\/p>\n<ul>\n<li>Transfer vom Hotel und zur\u00fcck<\/li>\n<li>An English-speaking guide<\/li>\n<li>Ein ausgestatteter Strand auf der Insel Saona<\/li>\n<li>Schwedisches Buffet (gegrilltes Fleisch, gegrillter Fisch, verschiedene Beilagen, Salate und Fr\u00fcchte)<\/li>\n<li>Getr\u00e4nke: Wasser, Bier, Mamajuana, Rum, Coca-Cola, Sprite (offene Bar)<\/li>\n<\/ul>\n<p><strong>Nimm mit:<\/strong><\/p>\n<ul>\n<li>Handtuch<\/li>\n<li>Badeanzug, Badehose<\/li>\n<li>Sonnenbrille<\/li>\n<li>Sonnencreme<\/li>\n<li>Kopfbedeckung<\/li>\n<\/ul>","protected":false},"excerpt":{"rendered":"<p><strong>Tourzeit:<\/strong> 9:00 \u2014 17:00<\/p>\n<p><strong>Veranstaltungstage:<\/strong> Montag, Mittwoch und Freitag<\/p>","protected":false},"featured_media":38901,"template":"","meta":{"_kad_post_transparent":"default","_kad_post_title":"","_kad_post_layout":"default","_kad_post_sidebar_id":"","_kad_post_content_style":"default","_kad_post_vertical_padding":"default","_kad_post_feature":"","_kad_post_feature_position":"","_kad_post_header":false,"_kad_post_footer":false,"_kad_post_classname":"","_glsr_average":0,"_glsr_ranking":0,"_glsr_reviews":0},"product_brand":[],"product_cat":[444],"product_tag":[],"class_list":{"0":"post-38900","1":"product","2":"type-product","3":"status-publish","4":"has-post-thumbnail","6":"product_cat-dominican-republic","7":"tm-has-options","9":"first","10":"instock","11":"sold-individually","12":"taxable","13":"shipping-taxable","14":"purchasable","15":"product-type-simple","16":"entry","17":"content-bg","18":"loop-entry"},"yoast_head":"<!-- This site is optimized with the Yoast SEO plugin v27.3 - https:\/\/yoast.com\/product\/yoast-seo-wordpress\/ -->\n<title>\u0421\u0430\u043e\u043d\u0430 Yellow Submarine &#8226; \u042d\u043a\u0441\u043a\u0443\u0440\u0441\u0438\u0438 Skyline<\/title>\n<meta name=\"robots\" content=\"index, follow, max-snippet:-1, max-image-preview:large, max-video-preview:-1\" \/>\n<link rel=\"canonical\" href=\"http:\/\/skyline-gs.com\/de\/produkt\/saona-gelbes-u-boot-dominicana\/\" \/>\n<meta property=\"og:locale\" content=\"de_DE\" \/>\n<meta property=\"og:type\" content=\"article\" \/>\n<meta property=\"og:title\" content=\"\u0421\u0430\u043e\u043d\u0430 Yellow Submarine &#8226; \u042d\u043a\u0441\u043a\u0443\u0440\u0441\u0438\u0438 Skyline\" \/>\n<meta property=\"og:description\" content=\"\u0412\u0440\u0435\u043c\u044f \u0442\u0443\u0440\u0430: 9:00 - 17:00  \u0414\u043d\u0438 \u043f\u0440\u043e\u0432\u0435\u0434\u0435\u043d\u0438\u044f: \u043f\u043e\u043d\u0435\u0434\u0435\u043b\u044c\u043d\u0438\u043a, \u0441\u0440\u0435\u0434\u0430 \u0438 \u043f\u044f\u0442\u043d\u0438\u0446\u0430\" \/>\n<meta property=\"og:url\" content=\"http:\/\/skyline-gs.com\/de\/produkt\/saona-gelbes-u-boot-dominicana\/\" \/>\n<meta property=\"og:site_name\" content=\"\u042d\u043a\u0441\u043a\u0443\u0440\u0441\u0438\u0438 Skyline\" \/>\n<meta property=\"article:modified_time\" content=\"2024-01-24T01:59:47+00:00\" \/>\n<meta property=\"og:image\" content=\"https:\/\/skyline-gs.com\/wp-content\/uploads\/2022\/07\/3f.jpg\" \/>\n\t<meta property=\"og:image:width\" content=\"668\" \/>\n\t<meta property=\"og:image:height\" content=\"446\" \/>\n\t<meta property=\"og:image:type\" content=\"image\/jpeg\" \/>\n<meta name=\"twitter:card\" content=\"summary_large_image\" \/>\n<meta name=\"twitter:label1\" content=\"Gesch\u00e4tzte Lesezeit\" \/>\n\t<meta name=\"twitter:data1\" content=\"1\u00a0Minute\" \/>\n<script type=\"application\/ld+json\" class=\"yoast-schema-graph\">{\"@context\":\"https:\\\/\\\/schema.org\",\"@graph\":[{\"@type\":\"WebPage\",\"@id\":\"http:\\\/\\\/skyline-gs.com\\\/en\\\/product-2\\\/saona-yellow-submarine-dominicana\\\/\",\"url\":\"http:\\\/\\\/skyline-gs.com\\\/en\\\/product-2\\\/saona-yellow-submarine-dominicana\\\/\",\"name\":\"\u0421\u0430\u043e\u043d\u0430 Yellow Submarine &#8226; \u042d\u043a\u0441\u043a\u0443\u0440\u0441\u0438\u0438 Skyline\",\"isPartOf\":{\"@id\":\"https:\\\/\\\/skyline-gs.com\\\/it\\\/#website\"},\"primaryImageOfPage\":{\"@id\":\"http:\\\/\\\/skyline-gs.com\\\/en\\\/product-2\\\/saona-yellow-submarine-dominicana\\\/#primaryimage\"},\"image\":{\"@id\":\"http:\\\/\\\/skyline-gs.com\\\/en\\\/product-2\\\/saona-yellow-submarine-dominicana\\\/#primaryimage\"},\"thumbnailUrl\":\"https:\\\/\\\/skyline-gs.com\\\/wp-content\\\/uploads\\\/2022\\\/07\\\/3f.jpg\",\"datePublished\":\"2022-07-24T17:10:50+00:00\",\"dateModified\":\"2024-01-24T01:59:47+00:00\",\"breadcrumb\":{\"@id\":\"http:\\\/\\\/skyline-gs.com\\\/en\\\/product-2\\\/saona-yellow-submarine-dominicana\\\/#breadcrumb\"},\"inLanguage\":\"de\",\"potentialAction\":[{\"@type\":\"ReadAction\",\"target\":[\"http:\\\/\\\/skyline-gs.com\\\/en\\\/product-2\\\/saona-yellow-submarine-dominicana\\\/\"]}]},{\"@type\":\"ImageObject\",\"inLanguage\":\"de\",\"@id\":\"http:\\\/\\\/skyline-gs.com\\\/en\\\/product-2\\\/saona-yellow-submarine-dominicana\\\/#primaryimage\",\"url\":\"https:\\\/\\\/skyline-gs.com\\\/wp-content\\\/uploads\\\/2022\\\/07\\\/3f.jpg\",\"contentUrl\":\"https:\\\/\\\/skyline-gs.com\\\/wp-content\\\/uploads\\\/2022\\\/07\\\/3f.jpg\",\"width\":668,\"height\":446},{\"@type\":\"BreadcrumbList\",\"@id\":\"http:\\\/\\\/skyline-gs.com\\\/en\\\/product-2\\\/saona-yellow-submarine-dominicana\\\/#breadcrumb\",\"itemListElement\":[{\"@type\":\"ListItem\",\"position\":1,\"name\":\"\u0413\u043b\u0430\u0432\u043d\u0430\u044f \u0441\u0442\u0440\u0430\u043d\u0438\u0446\u0430\",\"item\":\"https:\\\/\\\/skyline-gs.com\\\/hu\\\/\"},{\"@type\":\"ListItem\",\"position\":2,\"name\":\"\u041c\u0430\u0433\u0430\u0437\u0438\u043d\",\"item\":\"https:\\\/\\\/skyline-gs.com\\\/cs\\\/shop\\\/\"},{\"@type\":\"ListItem\",\"position\":3,\"name\":\"\u0421\u0430\u043e\u043d\u0430 Yellow Submarine\"}]},{\"@type\":\"WebSite\",\"@id\":\"https:\\\/\\\/skyline-gs.com\\\/it\\\/#website\",\"url\":\"https:\\\/\\\/skyline-gs.com\\\/it\\\/\",\"name\":\"\u042d\u043a\u0441\u043a\u0443\u0440\u0441\u0438\u0438 Skyline\",\"description\":\"\u042d\u043a\u0441\u043a\u043b\u044e\u0437\u0438\u0432\u043d\u044b\u0435 \u044d\u043a\u0441\u043a\u0443\u0440\u0441\u0438\u0438 \u043d\u0430 \u043b\u0443\u0447\u0448\u0438\u0445 \u043a\u0443\u0440\u043e\u0440\u0442\u0430\u0445 \u043c\u0438\u0440\u0430\",\"publisher\":{\"@id\":\"https:\\\/\\\/skyline-gs.com\\\/it\\\/#organization\"},\"alternateName\":\"Skyline\",\"potentialAction\":[{\"@type\":\"SearchAction\",\"target\":{\"@type\":\"EntryPoint\",\"urlTemplate\":\"https:\\\/\\\/skyline-gs.com\\\/it\\\/?s={search_term_string}\"},\"query-input\":{\"@type\":\"PropertyValueSpecification\",\"valueRequired\":true,\"valueName\":\"search_term_string\"}}],\"inLanguage\":\"de\"},{\"@type\":\"Organization\",\"@id\":\"https:\\\/\\\/skyline-gs.com\\\/it\\\/#organization\",\"name\":\"\u042d\u043a\u0441\u043a\u0443\u0440\u0441\u0438\u0438 Skyline\",\"alternateName\":\"\u042d\u043a\u0441\u043a\u0443\u0440\u0441\u0438\u0438 Skyline\",\"url\":\"https:\\\/\\\/skyline-gs.com\\\/it\\\/\",\"logo\":{\"@type\":\"ImageObject\",\"inLanguage\":\"de\",\"@id\":\"https:\\\/\\\/skyline-gs.com\\\/it\\\/#\\\/schema\\\/logo\\\/image\\\/\",\"url\":\"https:\\\/\\\/skyline-gs.com\\\/wp-content\\\/uploads\\\/2020\\\/12\\\/cropped-logo-2.png\",\"contentUrl\":\"https:\\\/\\\/skyline-gs.com\\\/wp-content\\\/uploads\\\/2020\\\/12\\\/cropped-logo-2.png\",\"width\":512,\"height\":512,\"caption\":\"\u042d\u043a\u0441\u043a\u0443\u0440\u0441\u0438\u0438 Skyline\"},\"image\":{\"@id\":\"https:\\\/\\\/skyline-gs.com\\\/it\\\/#\\\/schema\\\/logo\\\/image\\\/\"},\"sameAs\":[\"https:\\\/\\\/www.instagram.com\\\/skylineglobalservice\\\/\"]}]}<\/script>\n<!-- \/ Yoast SEO plugin. -->","yoast_head_json":{"title":"Saona Yellow Submarine - Skyline Excursions","robots":{"index":"index","follow":"follow","max-snippet":"max-snippet:-1","max-image-preview":"max-image-preview:large","max-video-preview":"max-video-preview:-1"},"canonical":"http:\/\/skyline-gs.com\/de\/produkt\/saona-gelbes-u-boot-dominicana\/","og_locale":"de_DE","og_type":"article","og_title":"\u0421\u0430\u043e\u043d\u0430 Yellow Submarine &#8226; \u042d\u043a\u0441\u043a\u0443\u0440\u0441\u0438\u0438 Skyline","og_description":"\u0412\u0440\u0435\u043c\u044f \u0442\u0443\u0440\u0430: 9:00 - 17:00  \u0414\u043d\u0438 \u043f\u0440\u043e\u0432\u0435\u0434\u0435\u043d\u0438\u044f: \u043f\u043e\u043d\u0435\u0434\u0435\u043b\u044c\u043d\u0438\u043a, \u0441\u0440\u0435\u0434\u0430 \u0438 \u043f\u044f\u0442\u043d\u0438\u0446\u0430","og_url":"http:\/\/skyline-gs.com\/de\/produkt\/saona-gelbes-u-boot-dominicana\/","og_site_name":"\u042d\u043a\u0441\u043a\u0443\u0440\u0441\u0438\u0438 Skyline","article_modified_time":"2024-01-24T01:59:47+00:00","og_image":[{"width":668,"height":446,"url":"https:\/\/skyline-gs.com\/wp-content\/uploads\/2022\/07\/3f.jpg","type":"image\/jpeg"}],"twitter_card":"summary_large_image","twitter_misc":{"Gesch\u00e4tzte Lesezeit":"1\u00a0Minute"},"schema":{"@context":"https:\/\/schema.org","@graph":[{"@type":"WebPage","@id":"http:\/\/skyline-gs.com\/en\/product-2\/saona-yellow-submarine-dominicana\/","url":"http:\/\/skyline-gs.com\/en\/product-2\/saona-yellow-submarine-dominicana\/","name":"Saona Yellow Submarine - Skyline Excursions","isPartOf":{"@id":"https:\/\/skyline-gs.com\/it\/#website"},"primaryImageOfPage":{"@id":"http:\/\/skyline-gs.com\/en\/product-2\/saona-yellow-submarine-dominicana\/#primaryimage"},"image":{"@id":"http:\/\/skyline-gs.com\/en\/product-2\/saona-yellow-submarine-dominicana\/#primaryimage"},"thumbnailUrl":"https:\/\/skyline-gs.com\/wp-content\/uploads\/2022\/07\/3f.jpg","datePublished":"2022-07-24T17:10:50+00:00","dateModified":"2024-01-24T01:59:47+00:00","breadcrumb":{"@id":"http:\/\/skyline-gs.com\/en\/product-2\/saona-yellow-submarine-dominicana\/#breadcrumb"},"inLanguage":"de","potentialAction":[{"@type":"ReadAction","target":["http:\/\/skyline-gs.com\/en\/product-2\/saona-yellow-submarine-dominicana\/"]}]},{"@type":"ImageObject","inLanguage":"de","@id":"http:\/\/skyline-gs.com\/en\/product-2\/saona-yellow-submarine-dominicana\/#primaryimage","url":"https:\/\/skyline-gs.com\/wp-content\/uploads\/2022\/07\/3f.jpg","contentUrl":"https:\/\/skyline-gs.com\/wp-content\/uploads\/2022\/07\/3f.jpg","width":668,"height":446},{"@type":"BreadcrumbList","@id":"http:\/\/skyline-gs.com\/en\/product-2\/saona-yellow-submarine-dominicana\/#breadcrumb","itemListElement":[{"@type":"ListItem","position":1,"name":"\u0413\u043b\u0430\u0432\u043d\u0430\u044f \u0441\u0442\u0440\u0430\u043d\u0438\u0446\u0430","item":"https:\/\/skyline-gs.com\/hu\/"},{"@type":"ListItem","position":2,"name":"\u041c\u0430\u0433\u0430\u0437\u0438\u043d","item":"https:\/\/skyline-gs.com\/cs\/shop\/"},{"@type":"ListItem","position":3,"name":"\u0421\u0430\u043e\u043d\u0430 Yellow Submarine"}]},{"@type":"WebSite","@id":"https:\/\/skyline-gs.com\/it\/#website","url":"https:\/\/skyline-gs.com\/it\/","name":"Skyline Ausfl\u00fcge","description":"Exklusive Ausfl\u00fcge in den besten Resorts der Welt","publisher":{"@id":"https:\/\/skyline-gs.com\/it\/#organization"},"alternateName":"Skyline","potentialAction":[{"@type":"SearchAction","target":{"@type":"EntryPoint","urlTemplate":"https:\/\/skyline-gs.com\/it\/?s={search_term_string}"},"query-input":{"@type":"PropertyValueSpecification","valueRequired":true,"valueName":"search_term_string"}}],"inLanguage":"de"},{"@type":"Organization","@id":"https:\/\/skyline-gs.com\/it\/#organization","name":"Skyline Ausfl\u00fcge","alternateName":"\u042d\u043a\u0441\u043a\u0443\u0440\u0441\u0438\u0438 Skyline","url":"https:\/\/skyline-gs.com\/it\/","logo":{"@type":"ImageObject","inLanguage":"de","@id":"https:\/\/skyline-gs.com\/it\/#\/schema\/logo\/image\/","url":"https:\/\/skyline-gs.com\/wp-content\/uploads\/2020\/12\/cropped-logo-2.png","contentUrl":"https:\/\/skyline-gs.com\/wp-content\/uploads\/2020\/12\/cropped-logo-2.png","width":512,"height":512,"caption":"\u042d\u043a\u0441\u043a\u0443\u0440\u0441\u0438\u0438 Skyline"},"image":{"@id":"https:\/\/skyline-gs.com\/it\/#\/schema\/logo\/image\/"},"sameAs":["https:\/\/www.instagram.com\/skylineglobalservice\/"]}]}},"_links":{"self":[{"href":"https:\/\/skyline-gs.com\/de\/wp-json\/wp\/v2\/product\/38900","targetHints":{"allow":["GET"]}}],"collection":[{"href":"https:\/\/skyline-gs.com\/de\/wp-json\/wp\/v2\/product"}],"about":[{"href":"https:\/\/skyline-gs.com\/de\/wp-json\/wp\/v2\/types\/product"}],"version-history":[{"count":0,"href":"https:\/\/skyline-gs.com\/de\/wp-json\/wp\/v2\/product\/38900\/revisions"}],"wp:featuredmedia":[{"embeddable":true,"href":"https:\/\/skyline-gs.com\/de\/wp-json\/wp\/v2\/media\/38901"}],"wp:attachment":[{"href":"https:\/\/skyline-gs.com\/de\/wp-json\/wp\/v2\/media?parent=38900"}],"wp:term":[{"taxonomy":"product_brand","embeddable":true,"href":"https:\/\/skyline-gs.com\/de\/wp-json\/wp\/v2\/product_brand?post=38900"},{"taxonomy":"product_cat","embeddable":true,"href":"https:\/\/skyline-gs.com\/de\/wp-json\/wp\/v2\/product_cat?post=38900"},{"taxonomy":"product_tag","embeddable":true,"href":"https:\/\/skyline-gs.com\/de\/wp-json\/wp\/v2\/product_tag?post=38900"}],"curies":[{"name":"wp","href":"https:\/\/api.w.org\/{rel}","templated":true}]}}