{"id":37776,"date":"2022-06-25T21:00:33","date_gmt":"2022-06-25T19:00:33","guid":{"rendered":"http:\/\/skyline-gs.com\/?post_type=product&#038;p=37776"},"modified":"2025-06-08T12:33:06","modified_gmt":"2025-06-08T10:33:06","slug":"tauchen-alanya","status":"publish","type":"product","link":"https:\/\/skyline-gs.com\/de\/product\/diving-alanya\/","title":{"rendered":"Tauchen (2 Tauchg\u00e4nge)"},"content":{"rendered":"<p>Entdecken Sie die unerschlossene Welt der Unterwasserh\u00f6hlen und Riffe vor der K\u00fcste von Alanya \u2013 zwei Tauchg\u00e4nge mit Profis, azurblaues Meer, eine Yacht und Eindr\u00fccke, die Ihnen f\u00fcr immer in Erinnerung bleiben werden!<\/p>\n<p><strong data-start=\"734\" data-end=\"766\">9:00 \u2014 Abfahrt vom Hotel.<\/strong><\/p>\n<ul>\n<li data-start=\"657\" data-end=\"689\">Abfahrt vom Hafen Alanya<\/li>\n<li data-start=\"692\" data-end=\"779\">Sicherheitsunterweisung, Geb\u00e4rdenschulung, Ausr\u00fcstungsauswahl und Neoprenanzug<\/li>\n<li data-start=\"782\" data-end=\"851\"><strong data-start=\"782\" data-end=\"803\">Erster Tauchgang<\/strong>Tiefe 5\u20138 m, Dauer 20\u201325 Minuten<\/li>\n<li data-start=\"854\" data-end=\"902\">Freizeit: Schwimmen, Sonnenbaden, Schnorcheln<\/li>\n<li data-start=\"905\" data-end=\"919\">Mittagessen auf der Jacht<\/li>\n<li data-start=\"922\" data-end=\"991\"><strong data-start=\"922\" data-end=\"943\">Zweiter Tauchgang<\/strong>Tiefe 5\u20138 m, Dauer 20\u201325 Minuten<\/li>\n<li data-start=\"994\" data-end=\"1026\">R\u00fcckkehr in den Hafen<\/li>\n<\/ul>\n<p><strong>17:00 - R\u00fcckkehr zum Hotel.<\/strong><\/p>\n<p><strong>Aufmerksamkeit:<\/strong><\/p>\n<ul>\n<li>Wenn jemand mitkommen m\u00f6chte, aber nicht tauchen will, dann <strong>k\u00f6nnen als Passagier mitfahren<\/strong> \u2014 Auf einer Yacht baden und sich sonnen.<\/li>\n<li>Kinder unter 14 Jahren <strong data-start=\"1492\" data-end=\"1516\">Tauchen verboten<\/strong><\/li>\n<\/ul>\n<p><strong>Inbegriffen:<\/strong><\/p>\n<ul>\n<li>Transfer vom Hotel und zur\u00fcck<\/li>\n<li>Transfers im Rahmen des Programms erfolgen in einem komfortablen klimatisierten Bus<\/li>\n<li>Deutschsprachiger lehrer<\/li>\n<li>Abendessen<\/li>\n<li>Verleih von Ausr\u00fcstung und Neoprenanz\u00fcgen<\/li>\n<li>2 tauchg\u00e4nge<\/li>\n<li>Versicherung<\/li>\n<\/ul>\n<p><strong>Nicht enthalten:<\/strong><\/p>\n<ul>\n<li>Getr\u00e4nke<\/li>\n<\/ul>\n<p><strong>Nimm mit:<\/strong><\/p>\n<ul>\n<li>Handtuch<\/li>\n<li>Wasser<\/li>\n<li>Badeanzug, Badehose<\/li>\n<li>Sonnenbrille<\/li>\n<li>Sonnencreme<\/li>\n<li>Kopfbedeckung<\/li>\n<li>Wenn Sie ein erfahrener Taucher sind, empfehlen wir, Ihren internationalen Tauchschein und Logbuch mitzunehmen, die es Ihnen erlauben, in gr\u00f6\u00dfere Tiefen zu tauchen.<\/li>\n<\/ul>","protected":false},"excerpt":{"rendered":"<p><strong>Tourzeit:<\/strong> 9:00 \u2014 17:00<\/p>\n<p><strong>Veranstaltungstage:<\/strong> T\u00e4glich<\/p>","protected":false},"featured_media":37780,"template":"","meta":{"_kad_post_transparent":"default","_kad_post_title":"","_kad_post_layout":"default","_kad_post_sidebar_id":"","_kad_post_content_style":"default","_kad_post_vertical_padding":"default","_kad_post_feature":"","_kad_post_feature_position":"","_kad_post_header":false,"_kad_post_footer":false,"_kad_post_classname":"","_glsr_average":0,"_glsr_ranking":0,"_glsr_reviews":0},"product_brand":[],"product_cat":[445],"product_tag":[],"class_list":{"0":"post-37776","1":"product","2":"type-product","3":"status-publish","4":"has-post-thumbnail","6":"product_cat-alanya","7":"tm-has-options","9":"first","10":"instock","11":"sold-individually","12":"taxable","13":"shipping-taxable","14":"purchasable","15":"product-type-simple","16":"entry","17":"content-bg","18":"loop-entry"},"yoast_head":"<!-- This site is optimized with the Yoast SEO plugin v27.4 - https:\/\/yoast.com\/product\/yoast-seo-wordpress\/ -->\n<title>\u0414\u0430\u0439\u0432\u0438\u043d\u0433 (2 \u043f\u043e\u0433\u0440\u0443\u0436\u0435\u043d\u0438\u044f) &#8226; \u042d\u043a\u0441\u043a\u0443\u0440\u0441\u0438\u0438 Skyline<\/title>\n<meta name=\"description\" content=\"\u041e\u0442\u043a\u0440\u043e\u0439 \u043c\u0438\u0440 \u043f\u043e\u0434\u0432\u043e\u0434\u043d\u044b\u0445 \u043f\u0435\u0449\u0435\u0440 \u0438 \u0440\u0438\u0444\u043e\u0432 \u0443 \u0431\u0435\u0440\u0435\u0433\u043e\u0432 \u0410\u043b\u0430\u043d\u0438\u0438 \u2014 \u0434\u0432\u0430 \u043f\u043e\u0433\u0440\u0443\u0436\u0435\u043d\u0438\u044f \u0441 \u043f\u0440\u043e\u0444\u0438, \u043b\u0430\u0437\u0443\u0440\u043d\u043e\u0435 \u043c\u043e\u0440\u0435, \u044f\u0445\u0442\u0430 \u0438 \u0432\u043f\u0435\u0447\u0430\u0442\u043b\u0435\u043d\u0438\u044f, \u043a\u043e\u0442\u043e\u0440\u044b\u0435 \u043e\u0441\u0442\u0430\u043d\u0443\u0442\u0441\u044f \u0441 \u0442\u043e\u0431\u043e\u0439 \u043d\u0430\u0432\u0441\u0435\u0433\u0434\u0430!\" \/>\n<meta name=\"robots\" content=\"index, follow, max-snippet:-1, max-image-preview:large, max-video-preview:-1\" \/>\n<link rel=\"canonical\" href=\"https:\/\/skyline-gs.com\/de\/produkt\/tauchen-alanya\/\" \/>\n<meta property=\"og:locale\" content=\"de_DE\" \/>\n<meta property=\"og:type\" content=\"article\" \/>\n<meta property=\"og:title\" content=\"\u0414\u0430\u0439\u0432\u0438\u043d\u0433 (2 \u043f\u043e\u0433\u0440\u0443\u0436\u0435\u043d\u0438\u044f) &#8226; \u042d\u043a\u0441\u043a\u0443\u0440\u0441\u0438\u0438 Skyline\" \/>\n<meta property=\"og:description\" content=\"\u041e\u0442\u043a\u0440\u043e\u0439 \u043c\u0438\u0440 \u043f\u043e\u0434\u0432\u043e\u0434\u043d\u044b\u0445 \u043f\u0435\u0449\u0435\u0440 \u0438 \u0440\u0438\u0444\u043e\u0432 \u0443 \u0431\u0435\u0440\u0435\u0433\u043e\u0432 \u0410\u043b\u0430\u043d\u0438\u0438 \u2014 \u0434\u0432\u0430 \u043f\u043e\u0433\u0440\u0443\u0436\u0435\u043d\u0438\u044f \u0441 \u043f\u0440\u043e\u0444\u0438, \u043b\u0430\u0437\u0443\u0440\u043d\u043e\u0435 \u043c\u043e\u0440\u0435, \u044f\u0445\u0442\u0430 \u0438 \u0432\u043f\u0435\u0447\u0430\u0442\u043b\u0435\u043d\u0438\u044f, \u043a\u043e\u0442\u043e\u0440\u044b\u0435 \u043e\u0441\u0442\u0430\u043d\u0443\u0442\u0441\u044f \u0441 \u0442\u043e\u0431\u043e\u0439 \u043d\u0430\u0432\u0441\u0435\u0433\u0434\u0430!\" \/>\n<meta property=\"og:url\" content=\"https:\/\/skyline-gs.com\/de\/produkt\/tauchen-alanya\/\" \/>\n<meta property=\"og:site_name\" content=\"\u042d\u043a\u0441\u043a\u0443\u0440\u0441\u0438\u0438 Skyline\" \/>\n<meta property=\"article:modified_time\" content=\"2025-06-08T10:33:06+00:00\" \/>\n<meta property=\"og:image\" content=\"https:\/\/skyline-gs.com\/wp-content\/uploads\/2022\/06\/52.png\" \/>\n\t<meta property=\"og:image:width\" content=\"669\" \/>\n\t<meta property=\"og:image:height\" content=\"446\" \/>\n\t<meta property=\"og:image:type\" content=\"image\/png\" \/>\n<meta name=\"twitter:card\" content=\"summary_large_image\" \/>\n<meta name=\"twitter:label1\" content=\"Gesch\u00e4tzte Lesezeit\" \/>\n\t<meta name=\"twitter:data1\" content=\"2\u00a0Minuten\" \/>\n<script type=\"application\/ld+json\" class=\"yoast-schema-graph\">{\"@context\":\"https:\\\/\\\/schema.org\",\"@graph\":[{\"@type\":\"WebPage\",\"@id\":\"https:\\\/\\\/skyline-gs.com\\\/product\\\/diving-alanya\\\/\",\"url\":\"https:\\\/\\\/skyline-gs.com\\\/product\\\/diving-alanya\\\/\",\"name\":\"\u0414\u0430\u0439\u0432\u0438\u043d\u0433 (2 \u043f\u043e\u0433\u0440\u0443\u0436\u0435\u043d\u0438\u044f) &#8226; \u042d\u043a\u0441\u043a\u0443\u0440\u0441\u0438\u0438 Skyline\",\"isPartOf\":{\"@id\":\"https:\\\/\\\/skyline-gs.com\\\/it\\\/#website\"},\"primaryImageOfPage\":{\"@id\":\"https:\\\/\\\/skyline-gs.com\\\/product\\\/diving-alanya\\\/#primaryimage\"},\"image\":{\"@id\":\"https:\\\/\\\/skyline-gs.com\\\/product\\\/diving-alanya\\\/#primaryimage\"},\"thumbnailUrl\":\"https:\\\/\\\/skyline-gs.com\\\/wp-content\\\/uploads\\\/2022\\\/06\\\/52.png\",\"datePublished\":\"2022-06-25T19:00:33+00:00\",\"dateModified\":\"2025-06-08T10:33:06+00:00\",\"description\":\"\u041e\u0442\u043a\u0440\u043e\u0439 \u043c\u0438\u0440 \u043f\u043e\u0434\u0432\u043e\u0434\u043d\u044b\u0445 \u043f\u0435\u0449\u0435\u0440 \u0438 \u0440\u0438\u0444\u043e\u0432 \u0443 \u0431\u0435\u0440\u0435\u0433\u043e\u0432 \u0410\u043b\u0430\u043d\u0438\u0438 \u2014 \u0434\u0432\u0430 \u043f\u043e\u0433\u0440\u0443\u0436\u0435\u043d\u0438\u044f \u0441 \u043f\u0440\u043e\u0444\u0438, \u043b\u0430\u0437\u0443\u0440\u043d\u043e\u0435 \u043c\u043e\u0440\u0435, \u044f\u0445\u0442\u0430 \u0438 \u0432\u043f\u0435\u0447\u0430\u0442\u043b\u0435\u043d\u0438\u044f, \u043a\u043e\u0442\u043e\u0440\u044b\u0435 \u043e\u0441\u0442\u0430\u043d\u0443\u0442\u0441\u044f \u0441 \u0442\u043e\u0431\u043e\u0439 \u043d\u0430\u0432\u0441\u0435\u0433\u0434\u0430!\",\"breadcrumb\":{\"@id\":\"https:\\\/\\\/skyline-gs.com\\\/product\\\/diving-alanya\\\/#breadcrumb\"},\"inLanguage\":\"de\",\"potentialAction\":[{\"@type\":\"ReadAction\",\"target\":[\"https:\\\/\\\/skyline-gs.com\\\/product\\\/diving-alanya\\\/\"]}]},{\"@type\":\"ImageObject\",\"inLanguage\":\"de\",\"@id\":\"https:\\\/\\\/skyline-gs.com\\\/product\\\/diving-alanya\\\/#primaryimage\",\"url\":\"https:\\\/\\\/skyline-gs.com\\\/wp-content\\\/uploads\\\/2022\\\/06\\\/52.png\",\"contentUrl\":\"https:\\\/\\\/skyline-gs.com\\\/wp-content\\\/uploads\\\/2022\\\/06\\\/52.png\",\"width\":669,\"height\":446},{\"@type\":\"BreadcrumbList\",\"@id\":\"https:\\\/\\\/skyline-gs.com\\\/product\\\/diving-alanya\\\/#breadcrumb\",\"itemListElement\":[{\"@type\":\"ListItem\",\"position\":1,\"name\":\"\u0413\u043b\u0430\u0432\u043d\u0430\u044f \u0441\u0442\u0440\u0430\u043d\u0438\u0446\u0430\",\"item\":\"https:\\\/\\\/skyline-gs.com\\\/hu\\\/\"},{\"@type\":\"ListItem\",\"position\":2,\"name\":\"\u041c\u0430\u0433\u0430\u0437\u0438\u043d\",\"item\":\"https:\\\/\\\/skyline-gs.com\\\/cs\\\/shop\\\/\"},{\"@type\":\"ListItem\",\"position\":3,\"name\":\"\u0414\u0430\u0439\u0432\u0438\u043d\u0433 (2 \u043f\u043e\u0433\u0440\u0443\u0436\u0435\u043d\u0438\u044f)\"}]},{\"@type\":\"WebSite\",\"@id\":\"https:\\\/\\\/skyline-gs.com\\\/it\\\/#website\",\"url\":\"https:\\\/\\\/skyline-gs.com\\\/it\\\/\",\"name\":\"\u042d\u043a\u0441\u043a\u0443\u0440\u0441\u0438\u0438 Skyline\",\"description\":\"\u042d\u043a\u0441\u043a\u043b\u044e\u0437\u0438\u0432\u043d\u044b\u0435 \u044d\u043a\u0441\u043a\u0443\u0440\u0441\u0438\u0438 \u043d\u0430 \u043b\u0443\u0447\u0448\u0438\u0445 \u043a\u0443\u0440\u043e\u0440\u0442\u0430\u0445 \u043c\u0438\u0440\u0430\",\"publisher\":{\"@id\":\"https:\\\/\\\/skyline-gs.com\\\/it\\\/#organization\"},\"alternateName\":\"Skyline\",\"potentialAction\":[{\"@type\":\"SearchAction\",\"target\":{\"@type\":\"EntryPoint\",\"urlTemplate\":\"https:\\\/\\\/skyline-gs.com\\\/it\\\/?s={search_term_string}\"},\"query-input\":{\"@type\":\"PropertyValueSpecification\",\"valueRequired\":true,\"valueName\":\"search_term_string\"}}],\"inLanguage\":\"de\"},{\"@type\":\"Organization\",\"@id\":\"https:\\\/\\\/skyline-gs.com\\\/it\\\/#organization\",\"name\":\"\u042d\u043a\u0441\u043a\u0443\u0440\u0441\u0438\u0438 Skyline\",\"alternateName\":\"\u042d\u043a\u0441\u043a\u0443\u0440\u0441\u0438\u0438 Skyline\",\"url\":\"https:\\\/\\\/skyline-gs.com\\\/it\\\/\",\"logo\":{\"@type\":\"ImageObject\",\"inLanguage\":\"de\",\"@id\":\"https:\\\/\\\/skyline-gs.com\\\/it\\\/#\\\/schema\\\/logo\\\/image\\\/\",\"url\":\"https:\\\/\\\/skyline-gs.com\\\/wp-content\\\/uploads\\\/2020\\\/12\\\/cropped-logo-2.png\",\"contentUrl\":\"https:\\\/\\\/skyline-gs.com\\\/wp-content\\\/uploads\\\/2020\\\/12\\\/cropped-logo-2.png\",\"width\":512,\"height\":512,\"caption\":\"\u042d\u043a\u0441\u043a\u0443\u0440\u0441\u0438\u0438 Skyline\"},\"image\":{\"@id\":\"https:\\\/\\\/skyline-gs.com\\\/it\\\/#\\\/schema\\\/logo\\\/image\\\/\"},\"sameAs\":[\"https:\\\/\\\/www.instagram.com\\\/skylineglobalservice\\\/\"]}]}<\/script>\n<!-- \/ Yoast SEO plugin. -->","yoast_head_json":{"title":"Tauchen (2 Tauchg\u00e4nge) \u2022 Skyline Touren","description":"Entdecke eine Welt voller Unterwasserh\u00f6hlen und Riffe vor der K\u00fcste Alanyas \u2013 zwei Tauchg\u00e4nge mit Profis, das azurblaue Meer, eine Yacht und Eindr\u00fccke, die f\u00fcr immer bleiben werden!","robots":{"index":"index","follow":"follow","max-snippet":"max-snippet:-1","max-image-preview":"max-image-preview:large","max-video-preview":"max-video-preview:-1"},"canonical":"https:\/\/skyline-gs.com\/de\/produkt\/tauchen-alanya\/","og_locale":"de_DE","og_type":"article","og_title":"\u0414\u0430\u0439\u0432\u0438\u043d\u0433 (2 \u043f\u043e\u0433\u0440\u0443\u0436\u0435\u043d\u0438\u044f) &#8226; \u042d\u043a\u0441\u043a\u0443\u0440\u0441\u0438\u0438 Skyline","og_description":"\u041e\u0442\u043a\u0440\u043e\u0439 \u043c\u0438\u0440 \u043f\u043e\u0434\u0432\u043e\u0434\u043d\u044b\u0445 \u043f\u0435\u0449\u0435\u0440 \u0438 \u0440\u0438\u0444\u043e\u0432 \u0443 \u0431\u0435\u0440\u0435\u0433\u043e\u0432 \u0410\u043b\u0430\u043d\u0438\u0438 \u2014 \u0434\u0432\u0430 \u043f\u043e\u0433\u0440\u0443\u0436\u0435\u043d\u0438\u044f \u0441 \u043f\u0440\u043e\u0444\u0438, \u043b\u0430\u0437\u0443\u0440\u043d\u043e\u0435 \u043c\u043e\u0440\u0435, \u044f\u0445\u0442\u0430 \u0438 \u0432\u043f\u0435\u0447\u0430\u0442\u043b\u0435\u043d\u0438\u044f, \u043a\u043e\u0442\u043e\u0440\u044b\u0435 \u043e\u0441\u0442\u0430\u043d\u0443\u0442\u0441\u044f \u0441 \u0442\u043e\u0431\u043e\u0439 \u043d\u0430\u0432\u0441\u0435\u0433\u0434\u0430!","og_url":"https:\/\/skyline-gs.com\/de\/produkt\/tauchen-alanya\/","og_site_name":"\u042d\u043a\u0441\u043a\u0443\u0440\u0441\u0438\u0438 Skyline","article_modified_time":"2025-06-08T10:33:06+00:00","og_image":[{"width":669,"height":446,"url":"https:\/\/skyline-gs.com\/wp-content\/uploads\/2022\/06\/52.png","type":"image\/png"}],"twitter_card":"summary_large_image","twitter_misc":{"Gesch\u00e4tzte Lesezeit":"2\u00a0Minuten"},"schema":{"@context":"https:\/\/schema.org","@graph":[{"@type":"WebPage","@id":"https:\/\/skyline-gs.com\/product\/diving-alanya\/","url":"https:\/\/skyline-gs.com\/product\/diving-alanya\/","name":"Tauchen (2 Tauchg\u00e4nge) \u2022 Skyline Touren","isPartOf":{"@id":"https:\/\/skyline-gs.com\/it\/#website"},"primaryImageOfPage":{"@id":"https:\/\/skyline-gs.com\/product\/diving-alanya\/#primaryimage"},"image":{"@id":"https:\/\/skyline-gs.com\/product\/diving-alanya\/#primaryimage"},"thumbnailUrl":"https:\/\/skyline-gs.com\/wp-content\/uploads\/2022\/06\/52.png","datePublished":"2022-06-25T19:00:33+00:00","dateModified":"2025-06-08T10:33:06+00:00","description":"Entdecke eine Welt voller Unterwasserh\u00f6hlen und Riffe vor der K\u00fcste Alanyas \u2013 zwei Tauchg\u00e4nge mit Profis, das azurblaue Meer, eine Yacht und Eindr\u00fccke, die f\u00fcr immer bleiben werden!","breadcrumb":{"@id":"https:\/\/skyline-gs.com\/product\/diving-alanya\/#breadcrumb"},"inLanguage":"de","potentialAction":[{"@type":"ReadAction","target":["https:\/\/skyline-gs.com\/product\/diving-alanya\/"]}]},{"@type":"ImageObject","inLanguage":"de","@id":"https:\/\/skyline-gs.com\/product\/diving-alanya\/#primaryimage","url":"https:\/\/skyline-gs.com\/wp-content\/uploads\/2022\/06\/52.png","contentUrl":"https:\/\/skyline-gs.com\/wp-content\/uploads\/2022\/06\/52.png","width":669,"height":446},{"@type":"BreadcrumbList","@id":"https:\/\/skyline-gs.com\/product\/diving-alanya\/#breadcrumb","itemListElement":[{"@type":"ListItem","position":1,"name":"\u0413\u043b\u0430\u0432\u043d\u0430\u044f \u0441\u0442\u0440\u0430\u043d\u0438\u0446\u0430","item":"https:\/\/skyline-gs.com\/hu\/"},{"@type":"ListItem","position":2,"name":"\u041c\u0430\u0433\u0430\u0437\u0438\u043d","item":"https:\/\/skyline-gs.com\/cs\/shop\/"},{"@type":"ListItem","position":3,"name":"\u0414\u0430\u0439\u0432\u0438\u043d\u0433 (2 \u043f\u043e\u0433\u0440\u0443\u0436\u0435\u043d\u0438\u044f)"}]},{"@type":"WebSite","@id":"https:\/\/skyline-gs.com\/it\/#website","url":"https:\/\/skyline-gs.com\/it\/","name":"Skyline Ausfl\u00fcge","description":"Exklusive Ausfl\u00fcge in den besten Resorts der Welt","publisher":{"@id":"https:\/\/skyline-gs.com\/it\/#organization"},"alternateName":"Skyline","potentialAction":[{"@type":"SearchAction","target":{"@type":"EntryPoint","urlTemplate":"https:\/\/skyline-gs.com\/it\/?s={search_term_string}"},"query-input":{"@type":"PropertyValueSpecification","valueRequired":true,"valueName":"search_term_string"}}],"inLanguage":"de"},{"@type":"Organization","@id":"https:\/\/skyline-gs.com\/it\/#organization","name":"Skyline Ausfl\u00fcge","alternateName":"\u042d\u043a\u0441\u043a\u0443\u0440\u0441\u0438\u0438 Skyline","url":"https:\/\/skyline-gs.com\/it\/","logo":{"@type":"ImageObject","inLanguage":"de","@id":"https:\/\/skyline-gs.com\/it\/#\/schema\/logo\/image\/","url":"https:\/\/skyline-gs.com\/wp-content\/uploads\/2020\/12\/cropped-logo-2.png","contentUrl":"https:\/\/skyline-gs.com\/wp-content\/uploads\/2020\/12\/cropped-logo-2.png","width":512,"height":512,"caption":"\u042d\u043a\u0441\u043a\u0443\u0440\u0441\u0438\u0438 Skyline"},"image":{"@id":"https:\/\/skyline-gs.com\/it\/#\/schema\/logo\/image\/"},"sameAs":["https:\/\/www.instagram.com\/skylineglobalservice\/"]}]}},"_links":{"self":[{"href":"https:\/\/skyline-gs.com\/de\/wp-json\/wp\/v2\/product\/37776","targetHints":{"allow":["GET"]}}],"collection":[{"href":"https:\/\/skyline-gs.com\/de\/wp-json\/wp\/v2\/product"}],"about":[{"href":"https:\/\/skyline-gs.com\/de\/wp-json\/wp\/v2\/types\/product"}],"version-history":[{"count":0,"href":"https:\/\/skyline-gs.com\/de\/wp-json\/wp\/v2\/product\/37776\/revisions"}],"wp:featuredmedia":[{"embeddable":true,"href":"https:\/\/skyline-gs.com\/de\/wp-json\/wp\/v2\/media\/37780"}],"wp:attachment":[{"href":"https:\/\/skyline-gs.com\/de\/wp-json\/wp\/v2\/media?parent=37776"}],"wp:term":[{"taxonomy":"product_brand","embeddable":true,"href":"https:\/\/skyline-gs.com\/de\/wp-json\/wp\/v2\/product_brand?post=37776"},{"taxonomy":"product_cat","embeddable":true,"href":"https:\/\/skyline-gs.com\/de\/wp-json\/wp\/v2\/product_cat?post=37776"},{"taxonomy":"product_tag","embeddable":true,"href":"https:\/\/skyline-gs.com\/de\/wp-json\/wp\/v2\/product_tag?post=37776"}],"curies":[{"name":"wp","href":"https:\/\/api.w.org\/{rel}","templated":true}]}}