{"id":37528,"date":"2022-05-29T14:20:32","date_gmt":"2022-05-29T12:20:32","guid":{"rendered":"http:\/\/skyline-gs.com\/?post_type=product&#038;p=37528"},"modified":"2025-06-14T21:44:34","modified_gmt":"2025-06-14T19:44:34","slug":"the-land-of-legends-water-park-alanya","status":"publish","type":"product","link":"https:\/\/skyline-gs.com\/de\/product\/the-land-of-legends-water-park-alanya\/","title":{"rendered":"Der Park Land der Legenden"},"content":{"rendered":"<p>Ein Ausflug in den gr\u00f6\u00dften Freizeitpark der T\u00fcrkei. Wasserpark, Fahrgesch\u00e4fte, Delfine, Shopping - ein ganzer Tag voller Eindr\u00fccke f\u00fcr Kinder und Erwachsene.<\/p>\n<p data-start=\"450\" data-end=\"499\"><strong>8:00 - Auschecken aus dem Hotel.<\/strong>\u00a0Transfer nach Belek.<\/p>\n<ul>\n<li>Sie erhalten Ihre Eintrittskarten und k\u00f6nnen den Park frei erkunden.<\/li>\n<li>Wasserpark mit 30 Wasserattraktionen<\/li>\n<li>Luna Park mit 23 Fahrgesch\u00e4ften<\/li>\n<li>Achterbahn (bis zu 61 Meter hoch)<\/li>\n<li>Freifallturm<\/li>\n<li>Fliegen mit dem Flugzeug<\/li>\n<li>Delfin-Show<\/li>\n<li>5D-Kino<\/li>\n<li>Die Allee der Gesch\u00e4fte und Restaurants<\/li>\n<li>Sammeln Sie sich am Bus.<\/li>\n<\/ul>\n<p data-start=\"764\" data-end=\"809\"><strong>19:00 \u0412\u043e\u0437\u0432\u0440\u0430\u0449\u0435\u043d\u0438\u0435 \u0432 \u043e\u0442\u0435\u043b\u044c.<\/strong><\/p>\n<p><strong>Inbegriffen:<\/strong><\/p>\n<ul>\n<li>Transfer vom Hotel und zur\u00fcck<\/li>\n<li>Eintrittskarte f\u00fcr den Wasserpark<\/li>\n<li>Eintrittskarte f\u00fcr die Delphinshow<\/li>\n<\/ul>\n<p><strong>Nicht enthalten:<\/strong><\/p>\n<ul>\n<li>Lunapark<\/li>\n<li>Achterbahn<\/li>\n<li>Freifallturm<\/li>\n<li>Fliegen mit dem Flugzeug<\/li>\n<li>5D-Kino<\/li>\n<li>Abendessen<\/li>\n<li>Getr\u00e4nke<\/li>\n<li>Pers\u00f6nliche Ausgaben<\/li>\n<\/ul>\n<p><strong>Nimm mit:<\/strong><\/p>\n<ul>\n<li>Badeanzug und Handtuch<\/li>\n<li>Kopfbedeckung<\/li>\n<li>Sonnencreme und Sonnenbrille<\/li>\n<li>Bargeld f\u00fcr pers\u00f6nliche Ausgaben<\/li>\n<\/ul>","protected":false},"excerpt":{"rendered":"<p><strong>Tourzeit:<\/strong> 8:00 - 19:00<\/p>\n<p><strong>Veranstaltungstage:<\/strong>\u00a0Dienstag, Donnerstag, Samstag<\/p>","protected":false},"featured_media":64228,"template":"","meta":{"_kad_post_transparent":"default","_kad_post_title":"","_kad_post_layout":"default","_kad_post_sidebar_id":"","_kad_post_content_style":"default","_kad_post_vertical_padding":"default","_kad_post_feature":"","_kad_post_feature_position":"","_kad_post_header":false,"_kad_post_footer":false,"_kad_post_classname":"","_glsr_average":0,"_glsr_ranking":0,"_glsr_reviews":0},"product_brand":[],"product_cat":[445],"product_tag":[],"class_list":{"0":"post-37528","1":"product","2":"type-product","3":"status-publish","4":"has-post-thumbnail","6":"product_cat-alanya","7":"tm-has-options","9":"first","10":"instock","11":"sold-individually","12":"taxable","13":"shipping-taxable","14":"purchasable","15":"product-type-simple","16":"entry","17":"content-bg","18":"loop-entry"},"yoast_head":"<!-- This site is optimized with the Yoast SEO plugin v27.3 - https:\/\/yoast.com\/product\/yoast-seo-wordpress\/ -->\n<title>\u041f\u0430\u0440\u043a The Land of Legends \u0438\u0437 \u0410\u043b\u0430\u043d\u044c\u0438 &#8226; \u042d\u043a\u0441\u043a\u0443\u0440\u0441\u0438\u0438 Skyline<\/title>\n<meta name=\"description\" content=\"\u041f\u043e\u0435\u0437\u0434\u043a\u0430 \u0432 \u043a\u0440\u0443\u043f\u043d\u0435\u0439\u0448\u0438\u0439 \u0442\u0435\u043c\u0430\u0442\u0438\u0447\u0435\u0441\u043a\u0438\u0439 \u043f\u0430\u0440\u043a \u0422\u0443\u0440\u0446\u0438\u0438. \u0410\u043a\u0432\u0430\u043f\u0430\u0440\u043a, \u0430\u0442\u0442\u0440\u0430\u043a\u0446\u0438\u043e\u043d\u044b, \u0434\u0435\u043b\u044c\u0444\u0438\u043d\u044b, \u0448\u043e\u043f\u0438\u043d\u0433 \u2014 \u0446\u0435\u043b\u044b\u0439 \u0434\u0435\u043d\u044c \u0432\u043f\u0435\u0447\u0430\u0442\u043b\u0435\u043d\u0438\u0439 \u0434\u043b\u044f \u0434\u0435\u0442\u0435\u0439 \u0438 \u0432\u0437\u0440\u043e\u0441\u043b\u044b\u0445.\" \/>\n<meta name=\"robots\" content=\"index, follow, max-snippet:-1, max-image-preview:large, max-video-preview:-1\" \/>\n<link rel=\"canonical\" href=\"http:\/\/skyline-gs.com\/de\/produkt\/the-land-of-legends-water-park-alanya\/\" \/>\n<meta property=\"og:locale\" content=\"de_DE\" \/>\n<meta property=\"og:type\" content=\"article\" \/>\n<meta property=\"og:title\" content=\"\u041f\u0430\u0440\u043a The Land of Legends \u0438\u0437 \u0410\u043b\u0430\u043d\u044c\u0438 &#8226; \u042d\u043a\u0441\u043a\u0443\u0440\u0441\u0438\u0438 Skyline\" \/>\n<meta property=\"og:description\" content=\"\u041f\u043e\u0435\u0437\u0434\u043a\u0430 \u0432 \u043a\u0440\u0443\u043f\u043d\u0435\u0439\u0448\u0438\u0439 \u0442\u0435\u043c\u0430\u0442\u0438\u0447\u0435\u0441\u043a\u0438\u0439 \u043f\u0430\u0440\u043a \u0422\u0443\u0440\u0446\u0438\u0438. \u0410\u043a\u0432\u0430\u043f\u0430\u0440\u043a, \u0430\u0442\u0442\u0440\u0430\u043a\u0446\u0438\u043e\u043d\u044b, \u0434\u0435\u043b\u044c\u0444\u0438\u043d\u044b, \u0448\u043e\u043f\u0438\u043d\u0433 \u2014 \u0446\u0435\u043b\u044b\u0439 \u0434\u0435\u043d\u044c \u0432\u043f\u0435\u0447\u0430\u0442\u043b\u0435\u043d\u0438\u0439 \u0434\u043b\u044f \u0434\u0435\u0442\u0435\u0439 \u0438 \u0432\u0437\u0440\u043e\u0441\u043b\u044b\u0445.\" \/>\n<meta property=\"og:url\" content=\"http:\/\/skyline-gs.com\/de\/produkt\/the-land-of-legends-water-park-alanya\/\" \/>\n<meta property=\"og:site_name\" content=\"\u042d\u043a\u0441\u043a\u0443\u0440\u0441\u0438\u0438 Skyline\" \/>\n<meta property=\"article:modified_time\" content=\"2025-06-14T19:44:34+00:00\" \/>\n<meta property=\"og:image\" content=\"https:\/\/skyline-gs.com\/wp-content\/uploads\/2025\/06\/\u041f\u0430\u0440\u043a-The-Land-of-Legends-1.jpg\" \/>\n\t<meta property=\"og:image:width\" content=\"669\" \/>\n\t<meta property=\"og:image:height\" content=\"446\" \/>\n\t<meta property=\"og:image:type\" content=\"image\/jpeg\" \/>\n<meta name=\"twitter:card\" content=\"summary_large_image\" \/>\n<meta name=\"twitter:label1\" content=\"Gesch\u00e4tzte Lesezeit\" \/>\n\t<meta name=\"twitter:data1\" content=\"1\u00a0Minute\" \/>\n<script type=\"application\/ld+json\" class=\"yoast-schema-graph\">{\"@context\":\"https:\\\/\\\/schema.org\",\"@graph\":[{\"@type\":\"WebPage\",\"@id\":\"http:\\\/\\\/skyline-gs.com\\\/hu\\\/termek\\\/the-land-of-legends-water-park-alanya\\\/\",\"url\":\"http:\\\/\\\/skyline-gs.com\\\/hu\\\/termek\\\/the-land-of-legends-water-park-alanya\\\/\",\"name\":\"\u041f\u0430\u0440\u043a The Land of Legends \u0438\u0437 \u0410\u043b\u0430\u043d\u044c\u0438 &#8226; \u042d\u043a\u0441\u043a\u0443\u0440\u0441\u0438\u0438 Skyline\",\"isPartOf\":{\"@id\":\"https:\\\/\\\/skyline-gs.com\\\/it\\\/#website\"},\"primaryImageOfPage\":{\"@id\":\"http:\\\/\\\/skyline-gs.com\\\/hu\\\/termek\\\/the-land-of-legends-water-park-alanya\\\/#primaryimage\"},\"image\":{\"@id\":\"http:\\\/\\\/skyline-gs.com\\\/hu\\\/termek\\\/the-land-of-legends-water-park-alanya\\\/#primaryimage\"},\"thumbnailUrl\":\"https:\\\/\\\/skyline-gs.com\\\/wp-content\\\/uploads\\\/2025\\\/06\\\/\u041f\u0430\u0440\u043a-The-Land-of-Legends-1.jpg\",\"datePublished\":\"2022-05-29T12:20:32+00:00\",\"dateModified\":\"2025-06-14T19:44:34+00:00\",\"description\":\"\u041f\u043e\u0435\u0437\u0434\u043a\u0430 \u0432 \u043a\u0440\u0443\u043f\u043d\u0435\u0439\u0448\u0438\u0439 \u0442\u0435\u043c\u0430\u0442\u0438\u0447\u0435\u0441\u043a\u0438\u0439 \u043f\u0430\u0440\u043a \u0422\u0443\u0440\u0446\u0438\u0438. \u0410\u043a\u0432\u0430\u043f\u0430\u0440\u043a, \u0430\u0442\u0442\u0440\u0430\u043a\u0446\u0438\u043e\u043d\u044b, \u0434\u0435\u043b\u044c\u0444\u0438\u043d\u044b, \u0448\u043e\u043f\u0438\u043d\u0433 \u2014 \u0446\u0435\u043b\u044b\u0439 \u0434\u0435\u043d\u044c \u0432\u043f\u0435\u0447\u0430\u0442\u043b\u0435\u043d\u0438\u0439 \u0434\u043b\u044f \u0434\u0435\u0442\u0435\u0439 \u0438 \u0432\u0437\u0440\u043e\u0441\u043b\u044b\u0445.\",\"breadcrumb\":{\"@id\":\"http:\\\/\\\/skyline-gs.com\\\/hu\\\/termek\\\/the-land-of-legends-water-park-alanya\\\/#breadcrumb\"},\"inLanguage\":\"de\",\"potentialAction\":[{\"@type\":\"ReadAction\",\"target\":[\"http:\\\/\\\/skyline-gs.com\\\/hu\\\/termek\\\/the-land-of-legends-water-park-alanya\\\/\"]}]},{\"@type\":\"ImageObject\",\"inLanguage\":\"de\",\"@id\":\"http:\\\/\\\/skyline-gs.com\\\/hu\\\/termek\\\/the-land-of-legends-water-park-alanya\\\/#primaryimage\",\"url\":\"https:\\\/\\\/skyline-gs.com\\\/wp-content\\\/uploads\\\/2025\\\/06\\\/\u041f\u0430\u0440\u043a-The-Land-of-Legends-1.jpg\",\"contentUrl\":\"https:\\\/\\\/skyline-gs.com\\\/wp-content\\\/uploads\\\/2025\\\/06\\\/\u041f\u0430\u0440\u043a-The-Land-of-Legends-1.jpg\",\"width\":669,\"height\":446},{\"@type\":\"BreadcrumbList\",\"@id\":\"http:\\\/\\\/skyline-gs.com\\\/hu\\\/termek\\\/the-land-of-legends-water-park-alanya\\\/#breadcrumb\",\"itemListElement\":[{\"@type\":\"ListItem\",\"position\":1,\"name\":\"\u0413\u043b\u0430\u0432\u043d\u0430\u044f \u0441\u0442\u0440\u0430\u043d\u0438\u0446\u0430\",\"item\":\"https:\\\/\\\/skyline-gs.com\\\/hu\\\/\"},{\"@type\":\"ListItem\",\"position\":2,\"name\":\"\u041c\u0430\u0433\u0430\u0437\u0438\u043d\",\"item\":\"https:\\\/\\\/skyline-gs.com\\\/cs\\\/shop\\\/\"},{\"@type\":\"ListItem\",\"position\":3,\"name\":\"\u041f\u0430\u0440\u043a The Land of Legends\"}]},{\"@type\":\"WebSite\",\"@id\":\"https:\\\/\\\/skyline-gs.com\\\/it\\\/#website\",\"url\":\"https:\\\/\\\/skyline-gs.com\\\/it\\\/\",\"name\":\"\u042d\u043a\u0441\u043a\u0443\u0440\u0441\u0438\u0438 Skyline\",\"description\":\"\u042d\u043a\u0441\u043a\u043b\u044e\u0437\u0438\u0432\u043d\u044b\u0435 \u044d\u043a\u0441\u043a\u0443\u0440\u0441\u0438\u0438 \u043d\u0430 \u043b\u0443\u0447\u0448\u0438\u0445 \u043a\u0443\u0440\u043e\u0440\u0442\u0430\u0445 \u043c\u0438\u0440\u0430\",\"publisher\":{\"@id\":\"https:\\\/\\\/skyline-gs.com\\\/it\\\/#organization\"},\"alternateName\":\"Skyline\",\"potentialAction\":[{\"@type\":\"SearchAction\",\"target\":{\"@type\":\"EntryPoint\",\"urlTemplate\":\"https:\\\/\\\/skyline-gs.com\\\/it\\\/?s={search_term_string}\"},\"query-input\":{\"@type\":\"PropertyValueSpecification\",\"valueRequired\":true,\"valueName\":\"search_term_string\"}}],\"inLanguage\":\"de\"},{\"@type\":\"Organization\",\"@id\":\"https:\\\/\\\/skyline-gs.com\\\/it\\\/#organization\",\"name\":\"\u042d\u043a\u0441\u043a\u0443\u0440\u0441\u0438\u0438 Skyline\",\"alternateName\":\"\u042d\u043a\u0441\u043a\u0443\u0440\u0441\u0438\u0438 Skyline\",\"url\":\"https:\\\/\\\/skyline-gs.com\\\/it\\\/\",\"logo\":{\"@type\":\"ImageObject\",\"inLanguage\":\"de\",\"@id\":\"https:\\\/\\\/skyline-gs.com\\\/it\\\/#\\\/schema\\\/logo\\\/image\\\/\",\"url\":\"https:\\\/\\\/skyline-gs.com\\\/wp-content\\\/uploads\\\/2020\\\/12\\\/cropped-logo-2.png\",\"contentUrl\":\"https:\\\/\\\/skyline-gs.com\\\/wp-content\\\/uploads\\\/2020\\\/12\\\/cropped-logo-2.png\",\"width\":512,\"height\":512,\"caption\":\"\u042d\u043a\u0441\u043a\u0443\u0440\u0441\u0438\u0438 Skyline\"},\"image\":{\"@id\":\"https:\\\/\\\/skyline-gs.com\\\/it\\\/#\\\/schema\\\/logo\\\/image\\\/\"},\"sameAs\":[\"https:\\\/\\\/www.instagram.com\\\/skylineglobalservice\\\/\"]}]}<\/script>\n<!-- \/ Yoast SEO plugin. -->","yoast_head_json":{"title":"\u041f\u0430\u0440\u043a The Land of Legends \u0438\u0437 \u0410\u043b\u0430\u043d\u044c\u0438 &#8226; \u042d\u043a\u0441\u043a\u0443\u0440\u0441\u0438\u0438 Skyline","description":"Ein Ausflug in den gr\u00f6\u00dften Freizeitpark der T\u00fcrkei. Wasserpark, Fahrgesch\u00e4fte, Delfine, Shopping - ein ganzer Tag voller Eindr\u00fccke f\u00fcr Kinder und Erwachsene.","robots":{"index":"index","follow":"follow","max-snippet":"max-snippet:-1","max-image-preview":"max-image-preview:large","max-video-preview":"max-video-preview:-1"},"canonical":"http:\/\/skyline-gs.com\/de\/produkt\/the-land-of-legends-water-park-alanya\/","og_locale":"de_DE","og_type":"article","og_title":"\u041f\u0430\u0440\u043a The Land of Legends \u0438\u0437 \u0410\u043b\u0430\u043d\u044c\u0438 &#8226; \u042d\u043a\u0441\u043a\u0443\u0440\u0441\u0438\u0438 Skyline","og_description":"\u041f\u043e\u0435\u0437\u0434\u043a\u0430 \u0432 \u043a\u0440\u0443\u043f\u043d\u0435\u0439\u0448\u0438\u0439 \u0442\u0435\u043c\u0430\u0442\u0438\u0447\u0435\u0441\u043a\u0438\u0439 \u043f\u0430\u0440\u043a \u0422\u0443\u0440\u0446\u0438\u0438. \u0410\u043a\u0432\u0430\u043f\u0430\u0440\u043a, \u0430\u0442\u0442\u0440\u0430\u043a\u0446\u0438\u043e\u043d\u044b, \u0434\u0435\u043b\u044c\u0444\u0438\u043d\u044b, \u0448\u043e\u043f\u0438\u043d\u0433 \u2014 \u0446\u0435\u043b\u044b\u0439 \u0434\u0435\u043d\u044c \u0432\u043f\u0435\u0447\u0430\u0442\u043b\u0435\u043d\u0438\u0439 \u0434\u043b\u044f \u0434\u0435\u0442\u0435\u0439 \u0438 \u0432\u0437\u0440\u043e\u0441\u043b\u044b\u0445.","og_url":"http:\/\/skyline-gs.com\/de\/produkt\/the-land-of-legends-water-park-alanya\/","og_site_name":"\u042d\u043a\u0441\u043a\u0443\u0440\u0441\u0438\u0438 Skyline","article_modified_time":"2025-06-14T19:44:34+00:00","og_image":[{"width":669,"height":446,"url":"https:\/\/skyline-gs.com\/wp-content\/uploads\/2025\/06\/\u041f\u0430\u0440\u043a-The-Land-of-Legends-1.jpg","type":"image\/jpeg"}],"twitter_card":"summary_large_image","twitter_misc":{"Gesch\u00e4tzte Lesezeit":"1\u00a0Minute"},"schema":{"@context":"https:\/\/schema.org","@graph":[{"@type":"WebPage","@id":"http:\/\/skyline-gs.com\/hu\/termek\/the-land-of-legends-water-park-alanya\/","url":"http:\/\/skyline-gs.com\/hu\/termek\/the-land-of-legends-water-park-alanya\/","name":"\u041f\u0430\u0440\u043a The Land of Legends \u0438\u0437 \u0410\u043b\u0430\u043d\u044c\u0438 &#8226; \u042d\u043a\u0441\u043a\u0443\u0440\u0441\u0438\u0438 Skyline","isPartOf":{"@id":"https:\/\/skyline-gs.com\/it\/#website"},"primaryImageOfPage":{"@id":"http:\/\/skyline-gs.com\/hu\/termek\/the-land-of-legends-water-park-alanya\/#primaryimage"},"image":{"@id":"http:\/\/skyline-gs.com\/hu\/termek\/the-land-of-legends-water-park-alanya\/#primaryimage"},"thumbnailUrl":"https:\/\/skyline-gs.com\/wp-content\/uploads\/2025\/06\/\u041f\u0430\u0440\u043a-The-Land-of-Legends-1.jpg","datePublished":"2022-05-29T12:20:32+00:00","dateModified":"2025-06-14T19:44:34+00:00","description":"Ein Ausflug in den gr\u00f6\u00dften Freizeitpark der T\u00fcrkei. Wasserpark, Fahrgesch\u00e4fte, Delfine, Shopping - ein ganzer Tag voller Eindr\u00fccke f\u00fcr Kinder und Erwachsene.","breadcrumb":{"@id":"http:\/\/skyline-gs.com\/hu\/termek\/the-land-of-legends-water-park-alanya\/#breadcrumb"},"inLanguage":"de","potentialAction":[{"@type":"ReadAction","target":["http:\/\/skyline-gs.com\/hu\/termek\/the-land-of-legends-water-park-alanya\/"]}]},{"@type":"ImageObject","inLanguage":"de","@id":"http:\/\/skyline-gs.com\/hu\/termek\/the-land-of-legends-water-park-alanya\/#primaryimage","url":"https:\/\/skyline-gs.com\/wp-content\/uploads\/2025\/06\/\u041f\u0430\u0440\u043a-The-Land-of-Legends-1.jpg","contentUrl":"https:\/\/skyline-gs.com\/wp-content\/uploads\/2025\/06\/\u041f\u0430\u0440\u043a-The-Land-of-Legends-1.jpg","width":669,"height":446},{"@type":"BreadcrumbList","@id":"http:\/\/skyline-gs.com\/hu\/termek\/the-land-of-legends-water-park-alanya\/#breadcrumb","itemListElement":[{"@type":"ListItem","position":1,"name":"\u0413\u043b\u0430\u0432\u043d\u0430\u044f \u0441\u0442\u0440\u0430\u043d\u0438\u0446\u0430","item":"https:\/\/skyline-gs.com\/hu\/"},{"@type":"ListItem","position":2,"name":"\u041c\u0430\u0433\u0430\u0437\u0438\u043d","item":"https:\/\/skyline-gs.com\/cs\/shop\/"},{"@type":"ListItem","position":3,"name":"\u041f\u0430\u0440\u043a The Land of Legends"}]},{"@type":"WebSite","@id":"https:\/\/skyline-gs.com\/it\/#website","url":"https:\/\/skyline-gs.com\/it\/","name":"Skyline Ausfl\u00fcge","description":"Exklusive Ausfl\u00fcge in den besten Resorts der Welt","publisher":{"@id":"https:\/\/skyline-gs.com\/it\/#organization"},"alternateName":"Skyline","potentialAction":[{"@type":"SearchAction","target":{"@type":"EntryPoint","urlTemplate":"https:\/\/skyline-gs.com\/it\/?s={search_term_string}"},"query-input":{"@type":"PropertyValueSpecification","valueRequired":true,"valueName":"search_term_string"}}],"inLanguage":"de"},{"@type":"Organization","@id":"https:\/\/skyline-gs.com\/it\/#organization","name":"Skyline Ausfl\u00fcge","alternateName":"\u042d\u043a\u0441\u043a\u0443\u0440\u0441\u0438\u0438 Skyline","url":"https:\/\/skyline-gs.com\/it\/","logo":{"@type":"ImageObject","inLanguage":"de","@id":"https:\/\/skyline-gs.com\/it\/#\/schema\/logo\/image\/","url":"https:\/\/skyline-gs.com\/wp-content\/uploads\/2020\/12\/cropped-logo-2.png","contentUrl":"https:\/\/skyline-gs.com\/wp-content\/uploads\/2020\/12\/cropped-logo-2.png","width":512,"height":512,"caption":"\u042d\u043a\u0441\u043a\u0443\u0440\u0441\u0438\u0438 Skyline"},"image":{"@id":"https:\/\/skyline-gs.com\/it\/#\/schema\/logo\/image\/"},"sameAs":["https:\/\/www.instagram.com\/skylineglobalservice\/"]}]}},"_links":{"self":[{"href":"https:\/\/skyline-gs.com\/de\/wp-json\/wp\/v2\/product\/37528","targetHints":{"allow":["GET"]}}],"collection":[{"href":"https:\/\/skyline-gs.com\/de\/wp-json\/wp\/v2\/product"}],"about":[{"href":"https:\/\/skyline-gs.com\/de\/wp-json\/wp\/v2\/types\/product"}],"version-history":[{"count":0,"href":"https:\/\/skyline-gs.com\/de\/wp-json\/wp\/v2\/product\/37528\/revisions"}],"wp:featuredmedia":[{"embeddable":true,"href":"https:\/\/skyline-gs.com\/de\/wp-json\/wp\/v2\/media\/64228"}],"wp:attachment":[{"href":"https:\/\/skyline-gs.com\/de\/wp-json\/wp\/v2\/media?parent=37528"}],"wp:term":[{"taxonomy":"product_brand","embeddable":true,"href":"https:\/\/skyline-gs.com\/de\/wp-json\/wp\/v2\/product_brand?post=37528"},{"taxonomy":"product_cat","embeddable":true,"href":"https:\/\/skyline-gs.com\/de\/wp-json\/wp\/v2\/product_cat?post=37528"},{"taxonomy":"product_tag","embeddable":true,"href":"https:\/\/skyline-gs.com\/de\/wp-json\/wp\/v2\/product_tag?post=37528"}],"curies":[{"name":"wp","href":"https:\/\/api.w.org\/{rel}","templated":true}]}}