{"id":36087,"date":"2022-02-18T12:02:18","date_gmt":"2022-02-18T10:02:18","guid":{"rendered":"http:\/\/skyline-gs.com\/?post_type=product&#038;p=36087"},"modified":"2025-10-04T09:05:32","modified_gmt":"2025-10-04T07:05:32","slug":"firefly-river-monkey-langurs-batu-caves-kualalumpur","status":"publish","type":"product","link":"https:\/\/skyline-gs.com\/de\/product\/firefly-river-monkey-langurs-batu-caves-kualalumpur\/","title":{"rendered":"Glowworm Fluss. Langur-Affen. Batu-H\u00f6hlen \u2022 SKYLINE"},"content":{"rendered":"<ul>\n<li>Batu-H\u00f6hlen<\/li>\n<li>Melawati Fort Selangor<\/li>\n<li>F\u00fcttern von Silberlanguren<\/li>\n<li>Flussbootfahrt und Gl\u00fchw\u00fcrmchenbeobachtung<\/li>\n<\/ul>\n<p>16:00 Uhr Abfahrt vom Hotel. Zuerst gehen wir zu den Batu-H\u00f6hlen, von denen Sie nat\u00fcrlich schon geh\u00f6rt haben! Vor Ihnen \u00f6ffnet sich die fantastische Welt der etwa 400 Millionen Jahre alten Batu-H\u00f6hlen. In den H\u00f6hlen gibt es eine Reihe pr\u00e4chtiger Tempel und Heiligt\u00fcmer, die eine unglaubliche Atmosph\u00e4re ausstrahlen. Am Fu\u00df werden Sie von einem riesigen goldenen Buddha begr\u00fc\u00dft, dessen H\u00f6he bereits 42 Meter betr\u00e4gt.\nJeden Tag werden hier religi\u00f6se Zeremonien abgehalten und Sie k\u00f6nnen mehr \u00fcber die lokale Kultur erfahren. Als n\u00e4chstes fahren wir zum Altingsburg Fort auf dem Melawati-H\u00fcgel, das vom zweiten Sultan von Selangor erbaut wurde. Von seiner Spitze genie\u00dfen wir das Panorama des Golfs von Malakka. Dieser Ort ist auch wegen der Silberaffen \u2013 Languren \u2013 beliebt. Languren sind sehr freundlich\nSie k\u00f6nnen auf deiner Schulter sitzen und aus deinen H\u00e4nden essen. Dann kommt der wichtigste Teil des Programms: eine zauberhafte Kreuzfahrt auf dem Fluss der Gl\u00fchw\u00fcrmchen. Dies ist eines der faszinierendsten Spektakel der Welt, \u00e4hnlich nur in Malaysia und auf den Philippinen. Sie werden \u00fcberall riesige Girlanden aus Gl\u00fchw\u00fcrmchen sehen.\nDieser Anblick wird Ihnen garantiert ein Leben lang in Erinnerung bleiben. Den Weg zur\u00fcck. Gegen 22:00 Uhr R\u00fcckkehr zum Hotel.<\/p>\n<p><strong>Inbegriffen:<\/strong><\/p>\n<ul>\n<li>Transfer vom Hotel und zur\u00fcck<\/li>\n<li>Alle Transfers auf der Strecke<\/li>\n<li>Eintrittskarten<\/li>\n<li>Englischsprachiger Reiseleiter<\/li>\n<li>Bootsverleih<\/li>\n<\/ul>\n<p><strong>Nicht enthalten:<\/strong><\/p>\n<ul>\n<li>Abendessen (auf Wunsch k\u00f6nnen wir zum Abendessen in einem Caf\u00e9 vorbeischauen)<\/li>\n<\/ul>\n<p><strong>Nimm mit:<\/strong><\/p>\n<ul>\n<li>Wasser<\/li>\n<li>Kamera<\/li>\n<li>Geld f\u00fcr pers\u00f6nliche Ausgaben<\/li>\n<\/ul>","protected":false},"excerpt":{"rendered":"<p><strong>Tourzeit:<\/strong> 16:00 - 22:00<br \/>\n<strong>Veranstaltungstage:<\/strong> T\u00e4glich<\/p>","protected":false},"featured_media":42311,"template":"","meta":{"_kad_post_transparent":"default","_kad_post_title":"","_kad_post_layout":"default","_kad_post_sidebar_id":"","_kad_post_content_style":"default","_kad_post_vertical_padding":"default","_kad_post_feature":"","_kad_post_feature_position":"","_kad_post_header":false,"_kad_post_footer":false,"_kad_post_classname":"","_glsr_average":0,"_glsr_ranking":0,"_glsr_reviews":0},"product_brand":[],"product_cat":[439],"product_tag":[],"class_list":{"0":"post-36087","1":"product","2":"type-product","3":"status-publish","4":"has-post-thumbnail","6":"product_cat-kuala-lumpur","7":"tm-has-options","9":"first","10":"instock","11":"sale","12":"sold-individually","13":"taxable","14":"shipping-taxable","15":"purchasable","16":"product-type-simple","17":"entry","18":"content-bg","19":"loop-entry"},"yoast_head":"<!-- This site is optimized with the Yoast SEO plugin v27.3 - https:\/\/yoast.com\/product\/yoast-seo-wordpress\/ -->\n<title>\u0420\u0435\u043a\u0430 \u0441\u0432\u0435\u0442\u043b\u044f\u0447\u043a\u043e\u0432. \u041e\u0431\u0435\u0437\u044c\u044f\u043d\u044b \u041b\u0430\u043d\u0433\u0443\u0440\u044b. \u041f\u0435\u0449\u0435\u0440\u044b \u0411\u0430\u0442\u0443 &#8226; \u042d\u043a\u0441\u043a\u0443\u0440\u0441\u0438\u0438 Skyline<\/title>\n<meta name=\"robots\" content=\"index, follow, max-snippet:-1, max-image-preview:large, max-video-preview:-1\" \/>\n<link rel=\"canonical\" href=\"http:\/\/skyline-gs.com\/de\/produkt\/firefly-river-monkey-langurs-batu-caves-kualalumpur\/\" \/>\n<meta property=\"og:locale\" content=\"de_DE\" \/>\n<meta property=\"og:type\" content=\"article\" \/>\n<meta property=\"og:title\" content=\"\u0420\u0435\u043a\u0430 \u0441\u0432\u0435\u0442\u043b\u044f\u0447\u043a\u043e\u0432. \u041e\u0431\u0435\u0437\u044c\u044f\u043d\u044b \u041b\u0430\u043d\u0433\u0443\u0440\u044b. \u041f\u0435\u0449\u0435\u0440\u044b \u0411\u0430\u0442\u0443 &#8226; \u042d\u043a\u0441\u043a\u0443\u0440\u0441\u0438\u0438 Skyline\" \/>\n<meta property=\"og:description\" content=\"\u0412\u0440\u0435\u043c\u044f \u0442\u0443\u0440\u0430: 16:00 \u2013 22:00 \u0414\u043d\u0438 \u043f\u0440\u043e\u0432\u0435\u0434\u0435\u043d\u0438\u044f: \u0435\u0436\u0435\u0434\u043d\u0435\u0432\u043d\u043e\" \/>\n<meta property=\"og:url\" content=\"http:\/\/skyline-gs.com\/de\/produkt\/firefly-river-monkey-langurs-batu-caves-kualalumpur\/\" \/>\n<meta property=\"og:site_name\" content=\"\u042d\u043a\u0441\u043a\u0443\u0440\u0441\u0438\u0438 Skyline\" \/>\n<meta property=\"article:modified_time\" content=\"2025-10-04T07:05:32+00:00\" \/>\n<meta property=\"og:image\" content=\"https:\/\/skyline-gs.com\/wp-content\/uploads\/2022\/02\/9-11.png\" \/>\n\t<meta property=\"og:image:width\" content=\"669\" \/>\n\t<meta property=\"og:image:height\" content=\"446\" \/>\n\t<meta property=\"og:image:type\" content=\"image\/png\" \/>\n<meta name=\"twitter:card\" content=\"summary_large_image\" \/>\n<meta name=\"twitter:label1\" content=\"Gesch\u00e4tzte Lesezeit\" \/>\n\t<meta name=\"twitter:data1\" content=\"2\u00a0Minuten\" \/>\n<script type=\"application\/ld+json\" class=\"yoast-schema-graph\">{\"@context\":\"https:\\\/\\\/schema.org\",\"@graph\":[{\"@type\":\"WebPage\",\"@id\":\"http:\\\/\\\/skyline-gs.com\\\/cs\\\/produkt\\\/firefly-river-monkey-langurs-batu-caves-kualalumpur\\\/\",\"url\":\"http:\\\/\\\/skyline-gs.com\\\/cs\\\/produkt\\\/firefly-river-monkey-langurs-batu-caves-kualalumpur\\\/\",\"name\":\"\u0420\u0435\u043a\u0430 \u0441\u0432\u0435\u0442\u043b\u044f\u0447\u043a\u043e\u0432. \u041e\u0431\u0435\u0437\u044c\u044f\u043d\u044b \u041b\u0430\u043d\u0433\u0443\u0440\u044b. \u041f\u0435\u0449\u0435\u0440\u044b \u0411\u0430\u0442\u0443 &#8226; \u042d\u043a\u0441\u043a\u0443\u0440\u0441\u0438\u0438 Skyline\",\"isPartOf\":{\"@id\":\"https:\\\/\\\/skyline-gs.com\\\/it\\\/#website\"},\"primaryImageOfPage\":{\"@id\":\"http:\\\/\\\/skyline-gs.com\\\/cs\\\/produkt\\\/firefly-river-monkey-langurs-batu-caves-kualalumpur\\\/#primaryimage\"},\"image\":{\"@id\":\"http:\\\/\\\/skyline-gs.com\\\/cs\\\/produkt\\\/firefly-river-monkey-langurs-batu-caves-kualalumpur\\\/#primaryimage\"},\"thumbnailUrl\":\"https:\\\/\\\/skyline-gs.com\\\/wp-content\\\/uploads\\\/2022\\\/02\\\/9-11.png\",\"datePublished\":\"2022-02-18T10:02:18+00:00\",\"dateModified\":\"2025-10-04T07:05:32+00:00\",\"breadcrumb\":{\"@id\":\"http:\\\/\\\/skyline-gs.com\\\/cs\\\/produkt\\\/firefly-river-monkey-langurs-batu-caves-kualalumpur\\\/#breadcrumb\"},\"inLanguage\":\"de\",\"potentialAction\":[{\"@type\":\"ReadAction\",\"target\":[\"http:\\\/\\\/skyline-gs.com\\\/cs\\\/produkt\\\/firefly-river-monkey-langurs-batu-caves-kualalumpur\\\/\"]}]},{\"@type\":\"ImageObject\",\"inLanguage\":\"de\",\"@id\":\"http:\\\/\\\/skyline-gs.com\\\/cs\\\/produkt\\\/firefly-river-monkey-langurs-batu-caves-kualalumpur\\\/#primaryimage\",\"url\":\"https:\\\/\\\/skyline-gs.com\\\/wp-content\\\/uploads\\\/2022\\\/02\\\/9-11.png\",\"contentUrl\":\"https:\\\/\\\/skyline-gs.com\\\/wp-content\\\/uploads\\\/2022\\\/02\\\/9-11.png\",\"width\":669,\"height\":446},{\"@type\":\"BreadcrumbList\",\"@id\":\"http:\\\/\\\/skyline-gs.com\\\/cs\\\/produkt\\\/firefly-river-monkey-langurs-batu-caves-kualalumpur\\\/#breadcrumb\",\"itemListElement\":[{\"@type\":\"ListItem\",\"position\":1,\"name\":\"\u0413\u043b\u0430\u0432\u043d\u0430\u044f \u0441\u0442\u0440\u0430\u043d\u0438\u0446\u0430\",\"item\":\"https:\\\/\\\/skyline-gs.com\\\/hu\\\/\"},{\"@type\":\"ListItem\",\"position\":2,\"name\":\"\u041c\u0430\u0433\u0430\u0437\u0438\u043d\",\"item\":\"https:\\\/\\\/skyline-gs.com\\\/cs\\\/shop\\\/\"},{\"@type\":\"ListItem\",\"position\":3,\"name\":\"\u0420\u0435\u043a\u0430 \u0441\u0432\u0435\u0442\u043b\u044f\u0447\u043a\u043e\u0432. \u041e\u0431\u0435\u0437\u044c\u044f\u043d\u044b \u041b\u0430\u043d\u0433\u0443\u0440\u044b. \u041f\u0435\u0449\u0435\u0440\u044b \u0411\u0430\u0442\u0443\"}]},{\"@type\":\"WebSite\",\"@id\":\"https:\\\/\\\/skyline-gs.com\\\/it\\\/#website\",\"url\":\"https:\\\/\\\/skyline-gs.com\\\/it\\\/\",\"name\":\"\u042d\u043a\u0441\u043a\u0443\u0440\u0441\u0438\u0438 Skyline\",\"description\":\"\u042d\u043a\u0441\u043a\u043b\u044e\u0437\u0438\u0432\u043d\u044b\u0435 \u044d\u043a\u0441\u043a\u0443\u0440\u0441\u0438\u0438 \u043d\u0430 \u043b\u0443\u0447\u0448\u0438\u0445 \u043a\u0443\u0440\u043e\u0440\u0442\u0430\u0445 \u043c\u0438\u0440\u0430\",\"publisher\":{\"@id\":\"https:\\\/\\\/skyline-gs.com\\\/it\\\/#organization\"},\"alternateName\":\"Skyline\",\"potentialAction\":[{\"@type\":\"SearchAction\",\"target\":{\"@type\":\"EntryPoint\",\"urlTemplate\":\"https:\\\/\\\/skyline-gs.com\\\/it\\\/?s={search_term_string}\"},\"query-input\":{\"@type\":\"PropertyValueSpecification\",\"valueRequired\":true,\"valueName\":\"search_term_string\"}}],\"inLanguage\":\"de\"},{\"@type\":\"Organization\",\"@id\":\"https:\\\/\\\/skyline-gs.com\\\/it\\\/#organization\",\"name\":\"\u042d\u043a\u0441\u043a\u0443\u0440\u0441\u0438\u0438 Skyline\",\"alternateName\":\"\u042d\u043a\u0441\u043a\u0443\u0440\u0441\u0438\u0438 Skyline\",\"url\":\"https:\\\/\\\/skyline-gs.com\\\/it\\\/\",\"logo\":{\"@type\":\"ImageObject\",\"inLanguage\":\"de\",\"@id\":\"https:\\\/\\\/skyline-gs.com\\\/it\\\/#\\\/schema\\\/logo\\\/image\\\/\",\"url\":\"https:\\\/\\\/skyline-gs.com\\\/wp-content\\\/uploads\\\/2020\\\/12\\\/cropped-logo-2.png\",\"contentUrl\":\"https:\\\/\\\/skyline-gs.com\\\/wp-content\\\/uploads\\\/2020\\\/12\\\/cropped-logo-2.png\",\"width\":512,\"height\":512,\"caption\":\"\u042d\u043a\u0441\u043a\u0443\u0440\u0441\u0438\u0438 Skyline\"},\"image\":{\"@id\":\"https:\\\/\\\/skyline-gs.com\\\/it\\\/#\\\/schema\\\/logo\\\/image\\\/\"},\"sameAs\":[\"https:\\\/\\\/www.instagram.com\\\/skylineglobalservice\\\/\"]}]}<\/script>\n<!-- \/ Yoast SEO plugin. -->","yoast_head_json":{"title":"\u0420\u0435\u043a\u0430 \u0441\u0432\u0435\u0442\u043b\u044f\u0447\u043a\u043e\u0432. \u041e\u0431\u0435\u0437\u044c\u044f\u043d\u044b \u041b\u0430\u043d\u0433\u0443\u0440\u044b. \u041f\u0435\u0449\u0435\u0440\u044b \u0411\u0430\u0442\u0443 &#8226; \u042d\u043a\u0441\u043a\u0443\u0440\u0441\u0438\u0438 Skyline","robots":{"index":"index","follow":"follow","max-snippet":"max-snippet:-1","max-image-preview":"max-image-preview:large","max-video-preview":"max-video-preview:-1"},"canonical":"http:\/\/skyline-gs.com\/de\/produkt\/firefly-river-monkey-langurs-batu-caves-kualalumpur\/","og_locale":"de_DE","og_type":"article","og_title":"\u0420\u0435\u043a\u0430 \u0441\u0432\u0435\u0442\u043b\u044f\u0447\u043a\u043e\u0432. \u041e\u0431\u0435\u0437\u044c\u044f\u043d\u044b \u041b\u0430\u043d\u0433\u0443\u0440\u044b. \u041f\u0435\u0449\u0435\u0440\u044b \u0411\u0430\u0442\u0443 &#8226; \u042d\u043a\u0441\u043a\u0443\u0440\u0441\u0438\u0438 Skyline","og_description":"\u0412\u0440\u0435\u043c\u044f \u0442\u0443\u0440\u0430: 16:00 \u2013 22:00 \u0414\u043d\u0438 \u043f\u0440\u043e\u0432\u0435\u0434\u0435\u043d\u0438\u044f: \u0435\u0436\u0435\u0434\u043d\u0435\u0432\u043d\u043e","og_url":"http:\/\/skyline-gs.com\/de\/produkt\/firefly-river-monkey-langurs-batu-caves-kualalumpur\/","og_site_name":"\u042d\u043a\u0441\u043a\u0443\u0440\u0441\u0438\u0438 Skyline","article_modified_time":"2025-10-04T07:05:32+00:00","og_image":[{"width":669,"height":446,"url":"https:\/\/skyline-gs.com\/wp-content\/uploads\/2022\/02\/9-11.png","type":"image\/png"}],"twitter_card":"summary_large_image","twitter_misc":{"Gesch\u00e4tzte Lesezeit":"2\u00a0Minuten"},"schema":{"@context":"https:\/\/schema.org","@graph":[{"@type":"WebPage","@id":"http:\/\/skyline-gs.com\/cs\/produkt\/firefly-river-monkey-langurs-batu-caves-kualalumpur\/","url":"http:\/\/skyline-gs.com\/cs\/produkt\/firefly-river-monkey-langurs-batu-caves-kualalumpur\/","name":"\u0420\u0435\u043a\u0430 \u0441\u0432\u0435\u0442\u043b\u044f\u0447\u043a\u043e\u0432. \u041e\u0431\u0435\u0437\u044c\u044f\u043d\u044b \u041b\u0430\u043d\u0433\u0443\u0440\u044b. \u041f\u0435\u0449\u0435\u0440\u044b \u0411\u0430\u0442\u0443 &#8226; \u042d\u043a\u0441\u043a\u0443\u0440\u0441\u0438\u0438 Skyline","isPartOf":{"@id":"https:\/\/skyline-gs.com\/it\/#website"},"primaryImageOfPage":{"@id":"http:\/\/skyline-gs.com\/cs\/produkt\/firefly-river-monkey-langurs-batu-caves-kualalumpur\/#primaryimage"},"image":{"@id":"http:\/\/skyline-gs.com\/cs\/produkt\/firefly-river-monkey-langurs-batu-caves-kualalumpur\/#primaryimage"},"thumbnailUrl":"https:\/\/skyline-gs.com\/wp-content\/uploads\/2022\/02\/9-11.png","datePublished":"2022-02-18T10:02:18+00:00","dateModified":"2025-10-04T07:05:32+00:00","breadcrumb":{"@id":"http:\/\/skyline-gs.com\/cs\/produkt\/firefly-river-monkey-langurs-batu-caves-kualalumpur\/#breadcrumb"},"inLanguage":"de","potentialAction":[{"@type":"ReadAction","target":["http:\/\/skyline-gs.com\/cs\/produkt\/firefly-river-monkey-langurs-batu-caves-kualalumpur\/"]}]},{"@type":"ImageObject","inLanguage":"de","@id":"http:\/\/skyline-gs.com\/cs\/produkt\/firefly-river-monkey-langurs-batu-caves-kualalumpur\/#primaryimage","url":"https:\/\/skyline-gs.com\/wp-content\/uploads\/2022\/02\/9-11.png","contentUrl":"https:\/\/skyline-gs.com\/wp-content\/uploads\/2022\/02\/9-11.png","width":669,"height":446},{"@type":"BreadcrumbList","@id":"http:\/\/skyline-gs.com\/cs\/produkt\/firefly-river-monkey-langurs-batu-caves-kualalumpur\/#breadcrumb","itemListElement":[{"@type":"ListItem","position":1,"name":"\u0413\u043b\u0430\u0432\u043d\u0430\u044f \u0441\u0442\u0440\u0430\u043d\u0438\u0446\u0430","item":"https:\/\/skyline-gs.com\/hu\/"},{"@type":"ListItem","position":2,"name":"\u041c\u0430\u0433\u0430\u0437\u0438\u043d","item":"https:\/\/skyline-gs.com\/cs\/shop\/"},{"@type":"ListItem","position":3,"name":"\u0420\u0435\u043a\u0430 \u0441\u0432\u0435\u0442\u043b\u044f\u0447\u043a\u043e\u0432. \u041e\u0431\u0435\u0437\u044c\u044f\u043d\u044b \u041b\u0430\u043d\u0433\u0443\u0440\u044b. \u041f\u0435\u0449\u0435\u0440\u044b \u0411\u0430\u0442\u0443"}]},{"@type":"WebSite","@id":"https:\/\/skyline-gs.com\/it\/#website","url":"https:\/\/skyline-gs.com\/it\/","name":"Skyline Ausfl\u00fcge","description":"Exklusive Ausfl\u00fcge in den besten Resorts der Welt","publisher":{"@id":"https:\/\/skyline-gs.com\/it\/#organization"},"alternateName":"Skyline","potentialAction":[{"@type":"SearchAction","target":{"@type":"EntryPoint","urlTemplate":"https:\/\/skyline-gs.com\/it\/?s={search_term_string}"},"query-input":{"@type":"PropertyValueSpecification","valueRequired":true,"valueName":"search_term_string"}}],"inLanguage":"de"},{"@type":"Organization","@id":"https:\/\/skyline-gs.com\/it\/#organization","name":"Skyline Ausfl\u00fcge","alternateName":"\u042d\u043a\u0441\u043a\u0443\u0440\u0441\u0438\u0438 Skyline","url":"https:\/\/skyline-gs.com\/it\/","logo":{"@type":"ImageObject","inLanguage":"de","@id":"https:\/\/skyline-gs.com\/it\/#\/schema\/logo\/image\/","url":"https:\/\/skyline-gs.com\/wp-content\/uploads\/2020\/12\/cropped-logo-2.png","contentUrl":"https:\/\/skyline-gs.com\/wp-content\/uploads\/2020\/12\/cropped-logo-2.png","width":512,"height":512,"caption":"\u042d\u043a\u0441\u043a\u0443\u0440\u0441\u0438\u0438 Skyline"},"image":{"@id":"https:\/\/skyline-gs.com\/it\/#\/schema\/logo\/image\/"},"sameAs":["https:\/\/www.instagram.com\/skylineglobalservice\/"]}]}},"_links":{"self":[{"href":"https:\/\/skyline-gs.com\/de\/wp-json\/wp\/v2\/product\/36087","targetHints":{"allow":["GET"]}}],"collection":[{"href":"https:\/\/skyline-gs.com\/de\/wp-json\/wp\/v2\/product"}],"about":[{"href":"https:\/\/skyline-gs.com\/de\/wp-json\/wp\/v2\/types\/product"}],"version-history":[{"count":0,"href":"https:\/\/skyline-gs.com\/de\/wp-json\/wp\/v2\/product\/36087\/revisions"}],"wp:featuredmedia":[{"embeddable":true,"href":"https:\/\/skyline-gs.com\/de\/wp-json\/wp\/v2\/media\/42311"}],"wp:attachment":[{"href":"https:\/\/skyline-gs.com\/de\/wp-json\/wp\/v2\/media?parent=36087"}],"wp:term":[{"taxonomy":"product_brand","embeddable":true,"href":"https:\/\/skyline-gs.com\/de\/wp-json\/wp\/v2\/product_brand?post=36087"},{"taxonomy":"product_cat","embeddable":true,"href":"https:\/\/skyline-gs.com\/de\/wp-json\/wp\/v2\/product_cat?post=36087"},{"taxonomy":"product_tag","embeddable":true,"href":"https:\/\/skyline-gs.com\/de\/wp-json\/wp\/v2\/product_tag?post=36087"}],"curies":[{"name":"wp","href":"https:\/\/api.w.org\/{rel}","templated":true}]}}