{"id":34420,"date":"2022-01-17T17:53:16","date_gmt":"2022-01-17T15:53:16","guid":{"rendered":"http:\/\/skyline-gs.com\/?post_type=product&#038;p=34420"},"modified":"2026-02-01T21:41:47","modified_gmt":"2026-02-01T19:41:47","slug":"koh-ker-beng-mel-siemreap","status":"publish","type":"product","link":"https:\/\/skyline-gs.com\/de\/product\/koh-ker-beng-mel-siemreap\/","title":{"rendered":"Die Geheimnisse der Pyramide von Koh Ker. Beng Mele-Tempel in Reben"},"content":{"rendered":"<p>Abfahrt vom Hotel um 8:00 Uhr. Im Programm werden wir sehen:<\/p>\n<ul>\n<li><strong>Koh Ker<\/strong>Im 10. Jahrhundert ergriff ein Herrscher von Angkor illegal die Macht und verlegte das Zentrum des Khmer-Reiches 100 km von Angkor entfernt. Und das buchst\u00e4blich in nur 20 Jahren <strong>Er gr\u00fcndet eine neue Hauptstadt, Lingapura (Koh Ker).<\/strong>Koh Ker zeichnet sich durch einen Geist des Gigantismus aus. <strong>Im 10. Jahrhundert war es in Bezug auf die Fl\u00e4che das gr\u00f6\u00dfte.<\/strong>Sie verwendeten die gr\u00f6\u00dften Steinbl\u00f6cke; bauten die h\u00f6chsten Heiligt\u00fcmer. Und sie schufen Statuen der G\u00f6tter als massive Giganten unter 3 Metern, und verliehen ihnen sanfte, kindliche Gesichtsz\u00fcge. Es ist erstaunlich, wie viel Aufwand in diese Stadt gesteckt wurde, nur um sie pl\u00f6tzlich aufzugeben. Die Umst\u00e4nde des Todes des Herrschers sind immer noch unbekannt. Heutzutage ist es ein ruhiges, d\u00fcnn besiedeltes Dorf in Kambodscha. Es ist schwer zu beschreiben, welche Emotionen auftauchen, wenn <strong>Sie kommen nach Koh Ker und sehen eine 35 Meter hohe Steinstufenpyramide.<\/strong>Das Besteigen ihrer Spitze ist der H\u00f6hepunkt der wachsenden emotionalen Spannung beim Betrachten des Komplexes.<\/li>\n<li><strong>Der zentrale Komplex von Prasat Thom mit der Prang-Pyramide und dem Krahom-Tempel.<\/strong><\/li>\n<li><strong>Der Pram-Tempel.<\/strong><\/li>\n<li><strong>Der Tempel von Neang Khmau.<\/strong><\/li>\n<li><strong>Der Damrei-Tempel.<\/strong><\/li>\n<li><strong>Der Krachap-Tempel.<\/strong><\/li>\n<li><strong>The Linga Temple.<\/strong><\/li>\n<li><strong>Beng Mealea.<\/strong>. <strong>Ein gro\u00dfer Tempel, der im Dschungel verschollen ist und von Ranken \u00fcberwuchert wird.<\/strong>Es lohnt sich, ihn allein wegen seiner unwirklichen Atmosph\u00e4re zu besuchen. Kolossale Ruinen und eine beeindruckende tropische Natur. Er befindet sich auf dem Weg nach Koh Ker. Der Tempel hat keine epigraphischen Inschriften. Er wird in chinesischen und indischen Schriftquellen nicht erw\u00e4hnt. Seine Datierung erfolgt anhand des architektonischen Stils, der dem von Angkor Wat im 12. Jahrhundert sehr nahekommt.<\/li>\n<\/ul>\n<p>R\u00fcckkehr zum Hotel gegen 15:00 Uhr.<\/p>\n<p><strong>Inbegriffen:<\/strong><\/p>\n<ul>\n<li>Transfer vom Hotel und zur\u00fcck<\/li>\n<li>Alle Transfers in klimatisierten Fahrzeugen auf der Strecke<\/li>\n<li>Englischsprachiger Reiseleiter<\/li>\n<li>Eintrittskarten<\/li>\n<\/ul>\n<p><strong>Nicht enthalten:<\/strong><\/p>\n<ul>\n<li>Mittagessen und Getr\u00e4nke<\/li>\n<\/ul>\n<p><strong>Nimm mit:<\/strong><\/p>\n<ul>\n<li>Wasser<\/li>\n<li>Kopfbedeckung<\/li>\n<li>Sonnencreme<\/li>\n<li>Bequeme Schuhe<\/li>\n<li>Kleidung, die Schultern und Knie bedeckt (Schals und T\u00fccher nicht geeignet).<\/li>\n<li>Geld f\u00fcr pers\u00f6nliche Ausgaben.<\/li>\n<\/ul>","protected":false},"excerpt":{"rendered":"<p><strong>Tourzeit:<\/strong> 8:00 - 15:00<\/p>\n<p><strong>Veranstaltungstage:<\/strong> T\u00e4glich<\/p>","protected":false},"featured_media":34428,"template":"","meta":{"_kad_post_transparent":"default","_kad_post_title":"","_kad_post_layout":"default","_kad_post_sidebar_id":"","_kad_post_content_style":"default","_kad_post_vertical_padding":"default","_kad_post_feature":"","_kad_post_feature_position":"","_kad_post_header":false,"_kad_post_footer":false,"_kad_post_classname":"","_glsr_average":0,"_glsr_ranking":0,"_glsr_reviews":0},"product_brand":[],"product_cat":[441],"product_tag":[],"class_list":{"0":"post-34420","1":"product","2":"type-product","3":"status-publish","4":"has-post-thumbnail","6":"product_cat-siem-reap","7":"tm-has-options","9":"first","10":"instock","11":"sold-individually","12":"taxable","13":"shipping-taxable","14":"purchasable","15":"product-type-simple","16":"entry","17":"content-bg","18":"loop-entry"},"yoast_head":"<!-- This site is optimized with the Yoast SEO plugin v27.3 - https:\/\/yoast.com\/product\/yoast-seo-wordpress\/ -->\n<title>\u0422\u0430\u0439\u043d\u044b \u043f\u0438\u0440\u0430\u043c\u0438\u0434\u044b \u041a\u043e \u041a\u0435\u0440. \u0425\u0440\u0430\u043c \u0432 \u043b\u0438\u0430\u043d\u0430\u0445 \u0411\u0435\u043d\u0433 \u041c\u0435\u043b\u0435 &#8226; \u042d\u043a\u0441\u043a\u0443\u0440\u0441\u0438\u0438 Skyline<\/title>\n<meta name=\"robots\" content=\"index, follow, max-snippet:-1, max-image-preview:large, max-video-preview:-1\" \/>\n<link rel=\"canonical\" href=\"https:\/\/skyline-gs.com\/de\/produkt\/koh-ker-beng-mel-siemreap\/\" \/>\n<meta property=\"og:locale\" content=\"de_DE\" \/>\n<meta property=\"og:type\" content=\"article\" \/>\n<meta property=\"og:title\" content=\"\u0422\u0430\u0439\u043d\u044b \u043f\u0438\u0440\u0430\u043c\u0438\u0434\u044b \u041a\u043e \u041a\u0435\u0440. \u0425\u0440\u0430\u043c \u0432 \u043b\u0438\u0430\u043d\u0430\u0445 \u0411\u0435\u043d\u0433 \u041c\u0435\u043b\u0435 &#8226; \u042d\u043a\u0441\u043a\u0443\u0440\u0441\u0438\u0438 Skyline\" \/>\n<meta property=\"og:description\" content=\"\u0412\u0440\u0435\u043c\u044f \u0442\u0443\u0440\u0430: 8:00 \u2013 15:00  \u0414\u043d\u0438 \u043f\u0440\u043e\u0432\u0435\u0434\u0435\u043d\u0438\u044f: \u0435\u0436\u0435\u0434\u043d\u0435\u0432\u043d\u043e\" \/>\n<meta property=\"og:url\" content=\"https:\/\/skyline-gs.com\/de\/produkt\/koh-ker-beng-mel-siemreap\/\" \/>\n<meta property=\"og:site_name\" content=\"\u042d\u043a\u0441\u043a\u0443\u0440\u0441\u0438\u0438 Skyline\" \/>\n<meta property=\"article:modified_time\" content=\"2026-02-01T19:41:47+00:00\" \/>\n<meta property=\"og:image\" content=\"https:\/\/skyline-gs.com\/wp-content\/uploads\/2022\/01\/8-9.png\" \/>\n\t<meta property=\"og:image:width\" content=\"669\" \/>\n\t<meta property=\"og:image:height\" content=\"446\" \/>\n\t<meta property=\"og:image:type\" content=\"image\/png\" \/>\n<meta name=\"twitter:card\" content=\"summary_large_image\" \/>\n<meta name=\"twitter:label1\" content=\"Gesch\u00e4tzte Lesezeit\" \/>\n\t<meta name=\"twitter:data1\" content=\"2\u00a0Minuten\" \/>\n<script type=\"application\/ld+json\" class=\"yoast-schema-graph\">{\"@context\":\"https:\\\/\\\/schema.org\",\"@graph\":[{\"@type\":\"WebPage\",\"@id\":\"https:\\\/\\\/skyline-gs.com\\\/product\\\/koh-ker-beng-mel-siemreap\\\/\",\"url\":\"https:\\\/\\\/skyline-gs.com\\\/product\\\/koh-ker-beng-mel-siemreap\\\/\",\"name\":\"\u0422\u0430\u0439\u043d\u044b \u043f\u0438\u0440\u0430\u043c\u0438\u0434\u044b \u041a\u043e \u041a\u0435\u0440. \u0425\u0440\u0430\u043c \u0432 \u043b\u0438\u0430\u043d\u0430\u0445 \u0411\u0435\u043d\u0433 \u041c\u0435\u043b\u0435 &#8226; \u042d\u043a\u0441\u043a\u0443\u0440\u0441\u0438\u0438 Skyline\",\"isPartOf\":{\"@id\":\"https:\\\/\\\/skyline-gs.com\\\/it\\\/#website\"},\"primaryImageOfPage\":{\"@id\":\"https:\\\/\\\/skyline-gs.com\\\/product\\\/koh-ker-beng-mel-siemreap\\\/#primaryimage\"},\"image\":{\"@id\":\"https:\\\/\\\/skyline-gs.com\\\/product\\\/koh-ker-beng-mel-siemreap\\\/#primaryimage\"},\"thumbnailUrl\":\"https:\\\/\\\/skyline-gs.com\\\/wp-content\\\/uploads\\\/2022\\\/01\\\/8-9.png\",\"datePublished\":\"2022-01-17T15:53:16+00:00\",\"dateModified\":\"2026-02-01T19:41:47+00:00\",\"breadcrumb\":{\"@id\":\"https:\\\/\\\/skyline-gs.com\\\/product\\\/koh-ker-beng-mel-siemreap\\\/#breadcrumb\"},\"inLanguage\":\"de\",\"potentialAction\":[{\"@type\":\"ReadAction\",\"target\":[\"https:\\\/\\\/skyline-gs.com\\\/product\\\/koh-ker-beng-mel-siemreap\\\/\"]}]},{\"@type\":\"ImageObject\",\"inLanguage\":\"de\",\"@id\":\"https:\\\/\\\/skyline-gs.com\\\/product\\\/koh-ker-beng-mel-siemreap\\\/#primaryimage\",\"url\":\"https:\\\/\\\/skyline-gs.com\\\/wp-content\\\/uploads\\\/2022\\\/01\\\/8-9.png\",\"contentUrl\":\"https:\\\/\\\/skyline-gs.com\\\/wp-content\\\/uploads\\\/2022\\\/01\\\/8-9.png\",\"width\":669,\"height\":446},{\"@type\":\"BreadcrumbList\",\"@id\":\"https:\\\/\\\/skyline-gs.com\\\/product\\\/koh-ker-beng-mel-siemreap\\\/#breadcrumb\",\"itemListElement\":[{\"@type\":\"ListItem\",\"position\":1,\"name\":\"\u0413\u043b\u0430\u0432\u043d\u0430\u044f \u0441\u0442\u0440\u0430\u043d\u0438\u0446\u0430\",\"item\":\"https:\\\/\\\/skyline-gs.com\\\/hu\\\/\"},{\"@type\":\"ListItem\",\"position\":2,\"name\":\"\u041c\u0430\u0433\u0430\u0437\u0438\u043d\",\"item\":\"https:\\\/\\\/skyline-gs.com\\\/cs\\\/shop\\\/\"},{\"@type\":\"ListItem\",\"position\":3,\"name\":\"\u0422\u0430\u0439\u043d\u044b \u043f\u0438\u0440\u0430\u043c\u0438\u0434\u044b \u041a\u043e \u041a\u0435\u0440. \u0425\u0440\u0430\u043c \u0432 \u043b\u0438\u0430\u043d\u0430\u0445 \u0411\u0435\u043d\u0433 \u041c\u0435\u043b\u0435\"}]},{\"@type\":\"WebSite\",\"@id\":\"https:\\\/\\\/skyline-gs.com\\\/it\\\/#website\",\"url\":\"https:\\\/\\\/skyline-gs.com\\\/it\\\/\",\"name\":\"\u042d\u043a\u0441\u043a\u0443\u0440\u0441\u0438\u0438 Skyline\",\"description\":\"\u042d\u043a\u0441\u043a\u043b\u044e\u0437\u0438\u0432\u043d\u044b\u0435 \u044d\u043a\u0441\u043a\u0443\u0440\u0441\u0438\u0438 \u043d\u0430 \u043b\u0443\u0447\u0448\u0438\u0445 \u043a\u0443\u0440\u043e\u0440\u0442\u0430\u0445 \u043c\u0438\u0440\u0430\",\"publisher\":{\"@id\":\"https:\\\/\\\/skyline-gs.com\\\/it\\\/#organization\"},\"alternateName\":\"Skyline\",\"potentialAction\":[{\"@type\":\"SearchAction\",\"target\":{\"@type\":\"EntryPoint\",\"urlTemplate\":\"https:\\\/\\\/skyline-gs.com\\\/it\\\/?s={search_term_string}\"},\"query-input\":{\"@type\":\"PropertyValueSpecification\",\"valueRequired\":true,\"valueName\":\"search_term_string\"}}],\"inLanguage\":\"de\"},{\"@type\":\"Organization\",\"@id\":\"https:\\\/\\\/skyline-gs.com\\\/it\\\/#organization\",\"name\":\"\u042d\u043a\u0441\u043a\u0443\u0440\u0441\u0438\u0438 Skyline\",\"alternateName\":\"\u042d\u043a\u0441\u043a\u0443\u0440\u0441\u0438\u0438 Skyline\",\"url\":\"https:\\\/\\\/skyline-gs.com\\\/it\\\/\",\"logo\":{\"@type\":\"ImageObject\",\"inLanguage\":\"de\",\"@id\":\"https:\\\/\\\/skyline-gs.com\\\/it\\\/#\\\/schema\\\/logo\\\/image\\\/\",\"url\":\"https:\\\/\\\/skyline-gs.com\\\/wp-content\\\/uploads\\\/2020\\\/12\\\/cropped-logo-2.png\",\"contentUrl\":\"https:\\\/\\\/skyline-gs.com\\\/wp-content\\\/uploads\\\/2020\\\/12\\\/cropped-logo-2.png\",\"width\":512,\"height\":512,\"caption\":\"\u042d\u043a\u0441\u043a\u0443\u0440\u0441\u0438\u0438 Skyline\"},\"image\":{\"@id\":\"https:\\\/\\\/skyline-gs.com\\\/it\\\/#\\\/schema\\\/logo\\\/image\\\/\"},\"sameAs\":[\"https:\\\/\\\/www.instagram.com\\\/skylineglobalservice\\\/\"]}]}<\/script>\n<!-- \/ Yoast SEO plugin. -->","yoast_head_json":{"title":"\u0422\u0430\u0439\u043d\u044b \u043f\u0438\u0440\u0430\u043c\u0438\u0434\u044b \u041a\u043e \u041a\u0435\u0440. \u0425\u0440\u0430\u043c \u0432 \u043b\u0438\u0430\u043d\u0430\u0445 \u0411\u0435\u043d\u0433 \u041c\u0435\u043b\u0435 &#8226; \u042d\u043a\u0441\u043a\u0443\u0440\u0441\u0438\u0438 Skyline","robots":{"index":"index","follow":"follow","max-snippet":"max-snippet:-1","max-image-preview":"max-image-preview:large","max-video-preview":"max-video-preview:-1"},"canonical":"https:\/\/skyline-gs.com\/de\/produkt\/koh-ker-beng-mel-siemreap\/","og_locale":"de_DE","og_type":"article","og_title":"\u0422\u0430\u0439\u043d\u044b \u043f\u0438\u0440\u0430\u043c\u0438\u0434\u044b \u041a\u043e \u041a\u0435\u0440. \u0425\u0440\u0430\u043c \u0432 \u043b\u0438\u0430\u043d\u0430\u0445 \u0411\u0435\u043d\u0433 \u041c\u0435\u043b\u0435 &#8226; \u042d\u043a\u0441\u043a\u0443\u0440\u0441\u0438\u0438 Skyline","og_description":"\u0412\u0440\u0435\u043c\u044f \u0442\u0443\u0440\u0430: 8:00 \u2013 15:00  \u0414\u043d\u0438 \u043f\u0440\u043e\u0432\u0435\u0434\u0435\u043d\u0438\u044f: \u0435\u0436\u0435\u0434\u043d\u0435\u0432\u043d\u043e","og_url":"https:\/\/skyline-gs.com\/de\/produkt\/koh-ker-beng-mel-siemreap\/","og_site_name":"\u042d\u043a\u0441\u043a\u0443\u0440\u0441\u0438\u0438 Skyline","article_modified_time":"2026-02-01T19:41:47+00:00","og_image":[{"width":669,"height":446,"url":"https:\/\/skyline-gs.com\/wp-content\/uploads\/2022\/01\/8-9.png","type":"image\/png"}],"twitter_card":"summary_large_image","twitter_misc":{"Gesch\u00e4tzte Lesezeit":"2\u00a0Minuten"},"schema":{"@context":"https:\/\/schema.org","@graph":[{"@type":"WebPage","@id":"https:\/\/skyline-gs.com\/product\/koh-ker-beng-mel-siemreap\/","url":"https:\/\/skyline-gs.com\/product\/koh-ker-beng-mel-siemreap\/","name":"\u0422\u0430\u0439\u043d\u044b \u043f\u0438\u0440\u0430\u043c\u0438\u0434\u044b \u041a\u043e \u041a\u0435\u0440. \u0425\u0440\u0430\u043c \u0432 \u043b\u0438\u0430\u043d\u0430\u0445 \u0411\u0435\u043d\u0433 \u041c\u0435\u043b\u0435 &#8226; \u042d\u043a\u0441\u043a\u0443\u0440\u0441\u0438\u0438 Skyline","isPartOf":{"@id":"https:\/\/skyline-gs.com\/it\/#website"},"primaryImageOfPage":{"@id":"https:\/\/skyline-gs.com\/product\/koh-ker-beng-mel-siemreap\/#primaryimage"},"image":{"@id":"https:\/\/skyline-gs.com\/product\/koh-ker-beng-mel-siemreap\/#primaryimage"},"thumbnailUrl":"https:\/\/skyline-gs.com\/wp-content\/uploads\/2022\/01\/8-9.png","datePublished":"2022-01-17T15:53:16+00:00","dateModified":"2026-02-01T19:41:47+00:00","breadcrumb":{"@id":"https:\/\/skyline-gs.com\/product\/koh-ker-beng-mel-siemreap\/#breadcrumb"},"inLanguage":"de","potentialAction":[{"@type":"ReadAction","target":["https:\/\/skyline-gs.com\/product\/koh-ker-beng-mel-siemreap\/"]}]},{"@type":"ImageObject","inLanguage":"de","@id":"https:\/\/skyline-gs.com\/product\/koh-ker-beng-mel-siemreap\/#primaryimage","url":"https:\/\/skyline-gs.com\/wp-content\/uploads\/2022\/01\/8-9.png","contentUrl":"https:\/\/skyline-gs.com\/wp-content\/uploads\/2022\/01\/8-9.png","width":669,"height":446},{"@type":"BreadcrumbList","@id":"https:\/\/skyline-gs.com\/product\/koh-ker-beng-mel-siemreap\/#breadcrumb","itemListElement":[{"@type":"ListItem","position":1,"name":"\u0413\u043b\u0430\u0432\u043d\u0430\u044f \u0441\u0442\u0440\u0430\u043d\u0438\u0446\u0430","item":"https:\/\/skyline-gs.com\/hu\/"},{"@type":"ListItem","position":2,"name":"\u041c\u0430\u0433\u0430\u0437\u0438\u043d","item":"https:\/\/skyline-gs.com\/cs\/shop\/"},{"@type":"ListItem","position":3,"name":"\u0422\u0430\u0439\u043d\u044b \u043f\u0438\u0440\u0430\u043c\u0438\u0434\u044b \u041a\u043e \u041a\u0435\u0440. \u0425\u0440\u0430\u043c \u0432 \u043b\u0438\u0430\u043d\u0430\u0445 \u0411\u0435\u043d\u0433 \u041c\u0435\u043b\u0435"}]},{"@type":"WebSite","@id":"https:\/\/skyline-gs.com\/it\/#website","url":"https:\/\/skyline-gs.com\/it\/","name":"Skyline Ausfl\u00fcge","description":"Exklusive Ausfl\u00fcge in den besten Resorts der Welt","publisher":{"@id":"https:\/\/skyline-gs.com\/it\/#organization"},"alternateName":"Skyline","potentialAction":[{"@type":"SearchAction","target":{"@type":"EntryPoint","urlTemplate":"https:\/\/skyline-gs.com\/it\/?s={search_term_string}"},"query-input":{"@type":"PropertyValueSpecification","valueRequired":true,"valueName":"search_term_string"}}],"inLanguage":"de"},{"@type":"Organization","@id":"https:\/\/skyline-gs.com\/it\/#organization","name":"Skyline Ausfl\u00fcge","alternateName":"\u042d\u043a\u0441\u043a\u0443\u0440\u0441\u0438\u0438 Skyline","url":"https:\/\/skyline-gs.com\/it\/","logo":{"@type":"ImageObject","inLanguage":"de","@id":"https:\/\/skyline-gs.com\/it\/#\/schema\/logo\/image\/","url":"https:\/\/skyline-gs.com\/wp-content\/uploads\/2020\/12\/cropped-logo-2.png","contentUrl":"https:\/\/skyline-gs.com\/wp-content\/uploads\/2020\/12\/cropped-logo-2.png","width":512,"height":512,"caption":"\u042d\u043a\u0441\u043a\u0443\u0440\u0441\u0438\u0438 Skyline"},"image":{"@id":"https:\/\/skyline-gs.com\/it\/#\/schema\/logo\/image\/"},"sameAs":["https:\/\/www.instagram.com\/skylineglobalservice\/"]}]}},"_links":{"self":[{"href":"https:\/\/skyline-gs.com\/de\/wp-json\/wp\/v2\/product\/34420","targetHints":{"allow":["GET"]}}],"collection":[{"href":"https:\/\/skyline-gs.com\/de\/wp-json\/wp\/v2\/product"}],"about":[{"href":"https:\/\/skyline-gs.com\/de\/wp-json\/wp\/v2\/types\/product"}],"version-history":[{"count":0,"href":"https:\/\/skyline-gs.com\/de\/wp-json\/wp\/v2\/product\/34420\/revisions"}],"wp:featuredmedia":[{"embeddable":true,"href":"https:\/\/skyline-gs.com\/de\/wp-json\/wp\/v2\/media\/34428"}],"wp:attachment":[{"href":"https:\/\/skyline-gs.com\/de\/wp-json\/wp\/v2\/media?parent=34420"}],"wp:term":[{"taxonomy":"product_brand","embeddable":true,"href":"https:\/\/skyline-gs.com\/de\/wp-json\/wp\/v2\/product_brand?post=34420"},{"taxonomy":"product_cat","embeddable":true,"href":"https:\/\/skyline-gs.com\/de\/wp-json\/wp\/v2\/product_cat?post=34420"},{"taxonomy":"product_tag","embeddable":true,"href":"https:\/\/skyline-gs.com\/de\/wp-json\/wp\/v2\/product_tag?post=34420"}],"curies":[{"name":"wp","href":"https:\/\/api.w.org\/{rel}","templated":true}]}}