{"id":34291,"date":"2022-01-15T16:45:59","date_gmt":"2022-01-15T14:45:59","guid":{"rendered":"http:\/\/skyline-gs.com\/?post_type=product&#038;p=34291"},"modified":"2024-01-24T13:40:36","modified_gmt":"2024-01-24T11:40:36","slug":"liberty_downtown_new_york-2","status":"publish","type":"product","link":"https:\/\/skyline-gs.com\/de\/product\/liberty_downtown_new_york\/","title":{"rendered":"Die Freiheitsstatue. Die Innenstadt"},"content":{"rendered":"<p>Jedem Touristen, der nach Amerika kommt, ist eines der bedeutendsten Monumente des Landes wohlbekannt - die Freiheitsstatue oder \"Die Freiheit, die die Welt erleuchtet\". Diese beeindruckende Skulptur spiegelt den Geist der Freiheit wider, den jeder Einwanderer versp\u00fcrte, als er an einem so fernen und geheimnisvollen Ufer ankam. An den Ufern eines Landes, das vielen Suchenden viele Jahre lang offen stand, eines Landes, das von Menschen geschaffen wurde, die begierig waren, ein neues Leben zu beginnen, hier und jetzt.<\/p>\n<p>Es gibt nicht viele B\u00fccher \u00fcber die Geschichte der Vereinigten Staaten am Ende des 19. und zu Beginn des 20. Jahrhunderts, die das Ausma\u00df der Einwanderung nach Nordamerika wirklich widerspiegeln. Dennoch tr\u00e4umten Millionen Menschen aus verschiedenen Teilen der Welt davon, hierher zu kommen, und f\u00fcr die meisten wurden diese Tr\u00e4ume wahr. Und jedes Schiff, das in den Hafen von New York einfuhr, begegnete zwangsl\u00e4ufig dem Koloss jener Zeit. Der Weg zu einem v\u00f6llig neuen Leben wurde von ihr erleuchtet - \"Freiheit.\"<\/p>\n<p>W\u00e4hrend der Tour werden wir die Freiheitsstatue und den unteren Teil von Manhattan Island sehen:<\/p>\n<ul>\n<li>Die Freiheitsstatue und ihr Sockel<\/li>\n<li>Downtown (Unter-Manhattan)<\/li>\n<li>Battery Park<\/li>\n<li>Wall Street<\/li>\n<li>Der Aufladebulle (Charging Bull)<\/li>\n<li>Das Federal Reserve Geb\u00e4ude<\/li>\n<li>9\/11 Gedenkst\u00e4tte (Zwillingst\u00fcrme)<\/li>\n<li>Das One World Trade Center<\/li>\n<li>Das Westfield World Trade Center (Oculus) und Brookfield Place<\/li>\n<li>Downtown Marina und Battery Park City<\/li>\n<li>Trinity Church<\/li>\n<\/ul>\n<p><strong>Aufmerksamkeit!<\/strong> Die Freiheitsstatue befindet sich auf einer Insel im New Yorker Hafen, etwa 2,5 Kilometer vom Ufer entfernt. Der Zugang zu dieser Insel ist nur per F\u00e4hre m\u00f6glich. Sie k\u00f6nnen die Krone der Statue besichtigen, wenn Sie Tickets im Voraus kaufen. Kronentickets sind personalisiert. Es ist ratsam, sie rechtzeitig, etwa 2-3 Monate vor Ihrem Besuch, zu erwerben.<\/p>\n<p><strong>Inbegriffen:<\/strong><\/p>\n<ul>\n<li>Transfer vom Hotel und zur\u00fcck<\/li>\n<li>Alle Transfers auf der Strecke<\/li>\n<li>Englischsprachiger Reiseleiter<\/li>\n<li>Tickets zur Freiheitsstatue<\/li>\n<\/ul>\n<p><strong>Nimm mit:<\/strong><\/p>\n<ul>\n<li>Wasser<\/li>\n<li>Kamera<\/li>\n<li>Bequeme Schuhe<\/li>\n<li>Der Pass<\/li>\n<li>Geld f\u00fcr pers\u00f6nliche Ausgaben<\/li>\n<\/ul>","protected":false},"excerpt":{"rendered":"<p><strong>Tourzeit:<\/strong> 9:00 - 14:00<\/p>\n<p><strong>Veranstaltungstage:<\/strong> T\u00e4glich<\/p>","protected":false},"featured_media":34297,"template":"","meta":{"_kad_post_transparent":"default","_kad_post_title":"","_kad_post_layout":"default","_kad_post_sidebar_id":"","_kad_post_content_style":"default","_kad_post_vertical_padding":"default","_kad_post_feature":"","_kad_post_feature_position":"","_kad_post_header":false,"_kad_post_footer":false,"_kad_post_classname":"","_glsr_average":0,"_glsr_ranking":0,"_glsr_reviews":0},"product_brand":[],"product_cat":[443],"product_tag":[],"class_list":{"0":"post-34291","1":"product","2":"type-product","3":"status-publish","4":"has-post-thumbnail","6":"product_cat-new-york","7":"tm-has-options","9":"first","10":"instock","11":"sale","12":"sold-individually","13":"taxable","14":"shipping-taxable","15":"purchasable","16":"product-type-simple","17":"entry","18":"content-bg","19":"loop-entry"},"yoast_head":"<!-- This site is optimized with the Yoast SEO plugin v27.3 - https:\/\/yoast.com\/product\/yoast-seo-wordpress\/ -->\n<title>\u0421\u0442\u0430\u0442\u0443\u044f \u0421\u0432\u043e\u0431\u043e\u0434\u044b \u0438 \u0414\u0430\u0443\u043d\u0442\u0430\u0443\u043d &#8226; \u042d\u043a\u0441\u043a\u0443\u0440\u0441\u0438\u0438 Skyline<\/title>\n<meta name=\"robots\" content=\"index, follow, max-snippet:-1, max-image-preview:large, max-video-preview:-1\" \/>\n<link rel=\"canonical\" href=\"https:\/\/skyline-gs.com\/de\/produkt\/liberty_downtown_new_york-2\/\" \/>\n<meta property=\"og:locale\" content=\"de_DE\" \/>\n<meta property=\"og:type\" content=\"article\" \/>\n<meta property=\"og:title\" content=\"\u0421\u0442\u0430\u0442\u0443\u044f \u0421\u0432\u043e\u0431\u043e\u0434\u044b \u0438 \u0414\u0430\u0443\u043d\u0442\u0430\u0443\u043d &#8226; \u042d\u043a\u0441\u043a\u0443\u0440\u0441\u0438\u0438 Skyline\" \/>\n<meta property=\"og:description\" content=\"\u0412\u0440\u0435\u043c\u044f \u0442\u0443\u0440\u0430: 9:00 \u2013 14:00  \u0414\u043d\u0438 \u043f\u0440\u043e\u0432\u0435\u0434\u0435\u043d\u0438\u044f: \u0435\u0436\u0435\u0434\u043d\u0435\u0432\u043d\u043e\" \/>\n<meta property=\"og:url\" content=\"https:\/\/skyline-gs.com\/de\/produkt\/liberty_downtown_new_york-2\/\" \/>\n<meta property=\"og:site_name\" content=\"\u042d\u043a\u0441\u043a\u0443\u0440\u0441\u0438\u0438 Skyline\" \/>\n<meta property=\"article:modified_time\" content=\"2024-01-24T11:40:36+00:00\" \/>\n<meta property=\"og:image\" content=\"https:\/\/skyline-gs.com\/wp-content\/uploads\/2022\/01\/6-2.png\" \/>\n\t<meta property=\"og:image:width\" content=\"669\" \/>\n\t<meta property=\"og:image:height\" content=\"446\" \/>\n\t<meta property=\"og:image:type\" content=\"image\/png\" \/>\n<meta name=\"twitter:card\" content=\"summary_large_image\" \/>\n<meta name=\"twitter:label1\" content=\"Gesch\u00e4tzte Lesezeit\" \/>\n\t<meta name=\"twitter:data1\" content=\"2\u00a0Minuten\" \/>\n<script type=\"application\/ld+json\" class=\"yoast-schema-graph\">{\"@context\":\"https:\\\/\\\/schema.org\",\"@graph\":[{\"@type\":\"WebPage\",\"@id\":\"https:\\\/\\\/skyline-gs.com\\\/product\\\/liberty_downtown_new_york\\\/\",\"url\":\"https:\\\/\\\/skyline-gs.com\\\/product\\\/liberty_downtown_new_york\\\/\",\"name\":\"\u0421\u0442\u0430\u0442\u0443\u044f \u0421\u0432\u043e\u0431\u043e\u0434\u044b \u0438 \u0414\u0430\u0443\u043d\u0442\u0430\u0443\u043d &#8226; \u042d\u043a\u0441\u043a\u0443\u0440\u0441\u0438\u0438 Skyline\",\"isPartOf\":{\"@id\":\"https:\\\/\\\/skyline-gs.com\\\/it\\\/#website\"},\"primaryImageOfPage\":{\"@id\":\"https:\\\/\\\/skyline-gs.com\\\/product\\\/liberty_downtown_new_york\\\/#primaryimage\"},\"image\":{\"@id\":\"https:\\\/\\\/skyline-gs.com\\\/product\\\/liberty_downtown_new_york\\\/#primaryimage\"},\"thumbnailUrl\":\"https:\\\/\\\/skyline-gs.com\\\/wp-content\\\/uploads\\\/2022\\\/01\\\/6-2.png\",\"datePublished\":\"2022-01-15T14:45:59+00:00\",\"dateModified\":\"2024-01-24T11:40:36+00:00\",\"breadcrumb\":{\"@id\":\"https:\\\/\\\/skyline-gs.com\\\/product\\\/liberty_downtown_new_york\\\/#breadcrumb\"},\"inLanguage\":\"de\",\"potentialAction\":[{\"@type\":\"ReadAction\",\"target\":[\"https:\\\/\\\/skyline-gs.com\\\/product\\\/liberty_downtown_new_york\\\/\"]}]},{\"@type\":\"ImageObject\",\"inLanguage\":\"de\",\"@id\":\"https:\\\/\\\/skyline-gs.com\\\/product\\\/liberty_downtown_new_york\\\/#primaryimage\",\"url\":\"https:\\\/\\\/skyline-gs.com\\\/wp-content\\\/uploads\\\/2022\\\/01\\\/6-2.png\",\"contentUrl\":\"https:\\\/\\\/skyline-gs.com\\\/wp-content\\\/uploads\\\/2022\\\/01\\\/6-2.png\",\"width\":669,\"height\":446},{\"@type\":\"BreadcrumbList\",\"@id\":\"https:\\\/\\\/skyline-gs.com\\\/product\\\/liberty_downtown_new_york\\\/#breadcrumb\",\"itemListElement\":[{\"@type\":\"ListItem\",\"position\":1,\"name\":\"\u0413\u043b\u0430\u0432\u043d\u0430\u044f \u0441\u0442\u0440\u0430\u043d\u0438\u0446\u0430\",\"item\":\"https:\\\/\\\/skyline-gs.com\\\/hu\\\/\"},{\"@type\":\"ListItem\",\"position\":2,\"name\":\"\u041c\u0430\u0433\u0430\u0437\u0438\u043d\",\"item\":\"https:\\\/\\\/skyline-gs.com\\\/cs\\\/shop\\\/\"},{\"@type\":\"ListItem\",\"position\":3,\"name\":\"\u0421\u0442\u0430\u0442\u0443\u044f \u0421\u0432\u043e\u0431\u043e\u0434\u044b \u0438 \u0414\u0430\u0443\u043d\u0442\u0430\u0443\u043d\"}]},{\"@type\":\"WebSite\",\"@id\":\"https:\\\/\\\/skyline-gs.com\\\/it\\\/#website\",\"url\":\"https:\\\/\\\/skyline-gs.com\\\/it\\\/\",\"name\":\"\u042d\u043a\u0441\u043a\u0443\u0440\u0441\u0438\u0438 Skyline\",\"description\":\"\u042d\u043a\u0441\u043a\u043b\u044e\u0437\u0438\u0432\u043d\u044b\u0435 \u044d\u043a\u0441\u043a\u0443\u0440\u0441\u0438\u0438 \u043d\u0430 \u043b\u0443\u0447\u0448\u0438\u0445 \u043a\u0443\u0440\u043e\u0440\u0442\u0430\u0445 \u043c\u0438\u0440\u0430\",\"publisher\":{\"@id\":\"https:\\\/\\\/skyline-gs.com\\\/it\\\/#organization\"},\"alternateName\":\"Skyline\",\"potentialAction\":[{\"@type\":\"SearchAction\",\"target\":{\"@type\":\"EntryPoint\",\"urlTemplate\":\"https:\\\/\\\/skyline-gs.com\\\/it\\\/?s={search_term_string}\"},\"query-input\":{\"@type\":\"PropertyValueSpecification\",\"valueRequired\":true,\"valueName\":\"search_term_string\"}}],\"inLanguage\":\"de\"},{\"@type\":\"Organization\",\"@id\":\"https:\\\/\\\/skyline-gs.com\\\/it\\\/#organization\",\"name\":\"\u042d\u043a\u0441\u043a\u0443\u0440\u0441\u0438\u0438 Skyline\",\"alternateName\":\"\u042d\u043a\u0441\u043a\u0443\u0440\u0441\u0438\u0438 Skyline\",\"url\":\"https:\\\/\\\/skyline-gs.com\\\/it\\\/\",\"logo\":{\"@type\":\"ImageObject\",\"inLanguage\":\"de\",\"@id\":\"https:\\\/\\\/skyline-gs.com\\\/it\\\/#\\\/schema\\\/logo\\\/image\\\/\",\"url\":\"https:\\\/\\\/skyline-gs.com\\\/wp-content\\\/uploads\\\/2020\\\/12\\\/cropped-logo-2.png\",\"contentUrl\":\"https:\\\/\\\/skyline-gs.com\\\/wp-content\\\/uploads\\\/2020\\\/12\\\/cropped-logo-2.png\",\"width\":512,\"height\":512,\"caption\":\"\u042d\u043a\u0441\u043a\u0443\u0440\u0441\u0438\u0438 Skyline\"},\"image\":{\"@id\":\"https:\\\/\\\/skyline-gs.com\\\/it\\\/#\\\/schema\\\/logo\\\/image\\\/\"},\"sameAs\":[\"https:\\\/\\\/www.instagram.com\\\/skylineglobalservice\\\/\"]}]}<\/script>\n<!-- \/ Yoast SEO plugin. -->","yoast_head_json":{"title":"\u0421\u0442\u0430\u0442\u0443\u044f \u0421\u0432\u043e\u0431\u043e\u0434\u044b \u0438 \u0414\u0430\u0443\u043d\u0442\u0430\u0443\u043d &#8226; \u042d\u043a\u0441\u043a\u0443\u0440\u0441\u0438\u0438 Skyline","robots":{"index":"index","follow":"follow","max-snippet":"max-snippet:-1","max-image-preview":"max-image-preview:large","max-video-preview":"max-video-preview:-1"},"canonical":"https:\/\/skyline-gs.com\/de\/produkt\/liberty_downtown_new_york-2\/","og_locale":"de_DE","og_type":"article","og_title":"\u0421\u0442\u0430\u0442\u0443\u044f \u0421\u0432\u043e\u0431\u043e\u0434\u044b \u0438 \u0414\u0430\u0443\u043d\u0442\u0430\u0443\u043d &#8226; \u042d\u043a\u0441\u043a\u0443\u0440\u0441\u0438\u0438 Skyline","og_description":"\u0412\u0440\u0435\u043c\u044f \u0442\u0443\u0440\u0430: 9:00 \u2013 14:00  \u0414\u043d\u0438 \u043f\u0440\u043e\u0432\u0435\u0434\u0435\u043d\u0438\u044f: \u0435\u0436\u0435\u0434\u043d\u0435\u0432\u043d\u043e","og_url":"https:\/\/skyline-gs.com\/de\/produkt\/liberty_downtown_new_york-2\/","og_site_name":"\u042d\u043a\u0441\u043a\u0443\u0440\u0441\u0438\u0438 Skyline","article_modified_time":"2024-01-24T11:40:36+00:00","og_image":[{"width":669,"height":446,"url":"https:\/\/skyline-gs.com\/wp-content\/uploads\/2022\/01\/6-2.png","type":"image\/png"}],"twitter_card":"summary_large_image","twitter_misc":{"Gesch\u00e4tzte Lesezeit":"2\u00a0Minuten"},"schema":{"@context":"https:\/\/schema.org","@graph":[{"@type":"WebPage","@id":"https:\/\/skyline-gs.com\/product\/liberty_downtown_new_york\/","url":"https:\/\/skyline-gs.com\/product\/liberty_downtown_new_york\/","name":"\u0421\u0442\u0430\u0442\u0443\u044f \u0421\u0432\u043e\u0431\u043e\u0434\u044b \u0438 \u0414\u0430\u0443\u043d\u0442\u0430\u0443\u043d &#8226; \u042d\u043a\u0441\u043a\u0443\u0440\u0441\u0438\u0438 Skyline","isPartOf":{"@id":"https:\/\/skyline-gs.com\/it\/#website"},"primaryImageOfPage":{"@id":"https:\/\/skyline-gs.com\/product\/liberty_downtown_new_york\/#primaryimage"},"image":{"@id":"https:\/\/skyline-gs.com\/product\/liberty_downtown_new_york\/#primaryimage"},"thumbnailUrl":"https:\/\/skyline-gs.com\/wp-content\/uploads\/2022\/01\/6-2.png","datePublished":"2022-01-15T14:45:59+00:00","dateModified":"2024-01-24T11:40:36+00:00","breadcrumb":{"@id":"https:\/\/skyline-gs.com\/product\/liberty_downtown_new_york\/#breadcrumb"},"inLanguage":"de","potentialAction":[{"@type":"ReadAction","target":["https:\/\/skyline-gs.com\/product\/liberty_downtown_new_york\/"]}]},{"@type":"ImageObject","inLanguage":"de","@id":"https:\/\/skyline-gs.com\/product\/liberty_downtown_new_york\/#primaryimage","url":"https:\/\/skyline-gs.com\/wp-content\/uploads\/2022\/01\/6-2.png","contentUrl":"https:\/\/skyline-gs.com\/wp-content\/uploads\/2022\/01\/6-2.png","width":669,"height":446},{"@type":"BreadcrumbList","@id":"https:\/\/skyline-gs.com\/product\/liberty_downtown_new_york\/#breadcrumb","itemListElement":[{"@type":"ListItem","position":1,"name":"\u0413\u043b\u0430\u0432\u043d\u0430\u044f \u0441\u0442\u0440\u0430\u043d\u0438\u0446\u0430","item":"https:\/\/skyline-gs.com\/hu\/"},{"@type":"ListItem","position":2,"name":"\u041c\u0430\u0433\u0430\u0437\u0438\u043d","item":"https:\/\/skyline-gs.com\/cs\/shop\/"},{"@type":"ListItem","position":3,"name":"\u0421\u0442\u0430\u0442\u0443\u044f \u0421\u0432\u043e\u0431\u043e\u0434\u044b \u0438 \u0414\u0430\u0443\u043d\u0442\u0430\u0443\u043d"}]},{"@type":"WebSite","@id":"https:\/\/skyline-gs.com\/it\/#website","url":"https:\/\/skyline-gs.com\/it\/","name":"Skyline Ausfl\u00fcge","description":"Exklusive Ausfl\u00fcge in den besten Resorts der Welt","publisher":{"@id":"https:\/\/skyline-gs.com\/it\/#organization"},"alternateName":"Skyline","potentialAction":[{"@type":"SearchAction","target":{"@type":"EntryPoint","urlTemplate":"https:\/\/skyline-gs.com\/it\/?s={search_term_string}"},"query-input":{"@type":"PropertyValueSpecification","valueRequired":true,"valueName":"search_term_string"}}],"inLanguage":"de"},{"@type":"Organization","@id":"https:\/\/skyline-gs.com\/it\/#organization","name":"Skyline Ausfl\u00fcge","alternateName":"\u042d\u043a\u0441\u043a\u0443\u0440\u0441\u0438\u0438 Skyline","url":"https:\/\/skyline-gs.com\/it\/","logo":{"@type":"ImageObject","inLanguage":"de","@id":"https:\/\/skyline-gs.com\/it\/#\/schema\/logo\/image\/","url":"https:\/\/skyline-gs.com\/wp-content\/uploads\/2020\/12\/cropped-logo-2.png","contentUrl":"https:\/\/skyline-gs.com\/wp-content\/uploads\/2020\/12\/cropped-logo-2.png","width":512,"height":512,"caption":"\u042d\u043a\u0441\u043a\u0443\u0440\u0441\u0438\u0438 Skyline"},"image":{"@id":"https:\/\/skyline-gs.com\/it\/#\/schema\/logo\/image\/"},"sameAs":["https:\/\/www.instagram.com\/skylineglobalservice\/"]}]}},"_links":{"self":[{"href":"https:\/\/skyline-gs.com\/de\/wp-json\/wp\/v2\/product\/34291","targetHints":{"allow":["GET"]}}],"collection":[{"href":"https:\/\/skyline-gs.com\/de\/wp-json\/wp\/v2\/product"}],"about":[{"href":"https:\/\/skyline-gs.com\/de\/wp-json\/wp\/v2\/types\/product"}],"version-history":[{"count":0,"href":"https:\/\/skyline-gs.com\/de\/wp-json\/wp\/v2\/product\/34291\/revisions"}],"wp:featuredmedia":[{"embeddable":true,"href":"https:\/\/skyline-gs.com\/de\/wp-json\/wp\/v2\/media\/34297"}],"wp:attachment":[{"href":"https:\/\/skyline-gs.com\/de\/wp-json\/wp\/v2\/media?parent=34291"}],"wp:term":[{"taxonomy":"product_brand","embeddable":true,"href":"https:\/\/skyline-gs.com\/de\/wp-json\/wp\/v2\/product_brand?post=34291"},{"taxonomy":"product_cat","embeddable":true,"href":"https:\/\/skyline-gs.com\/de\/wp-json\/wp\/v2\/product_cat?post=34291"},{"taxonomy":"product_tag","embeddable":true,"href":"https:\/\/skyline-gs.com\/de\/wp-json\/wp\/v2\/product_tag?post=34291"}],"curies":[{"name":"wp","href":"https:\/\/api.w.org\/{rel}","templated":true}]}}