{"id":32951,"date":"2021-11-21T12:11:06","date_gmt":"2021-11-21T10:11:06","guid":{"rendered":"http:\/\/skyline-gs.com\/?post_type=product&#038;p=32951"},"modified":"2026-02-05T15:54:40","modified_gmt":"2026-02-05T13:54:40","slug":"petra-jordan-sharm","status":"publish","type":"product","link":"https:\/\/skyline-gs.com\/de\/product\/petra-jordan-sharm\/","title":{"rendered":"Petra (Jordanien)"},"content":{"rendered":"<p>Abfahrt vom Hotel um Mitternacht. Fahrt zum F\u00e4hrhafen (ca. 3 Stunden). Umstieg auf die F\u00e4hre nach Aqaba, Jordanien (Grenz\u00fcbertritt). Busfahrt nach Wadi Musa mit Stopps in der Schlucht und einem Souvenirladen (3 Stunden). Spaziergang zum antiken Petra durch die Siq-Schlucht (ca. 1 Kilometer). Besichtigung des Schatzhauses Al-Khazneh (eine der bekanntesten Sehensw\u00fcrdigkeiten). Besichtigung des r\u00f6mischen Theaters, der K\u00f6nigsgr\u00e4ber, Denkm\u00e4ler und Obelisken. Spaziergang entlang der r\u00f6misch-byzantinischen Kolonnade. Mittagessen im Restaurant. Aufstieg zum Al-Habis-Gebirge zur Kreuzfahrerfestung und Panoramablick. Leichte Erfrischung (Saft, Kekse). R\u00fcckkehr nach Aqaba (1 Stunde Freizeit zum Einkaufen). R\u00fcckfahrt nach Sharm El Sheikh. R\u00fcckkehr ins Hotel gegen 1:00 Uhr am n\u00e4chsten Tag.<\/p>\n<p><strong>Inbegriffen:<\/strong><\/p>\n<ul>\n<li>Transfer vom Hotel und zur\u00fcck<\/li>\n<li>Englischsprachiger Reiseleiter<\/li>\n<li>Mittagessen (ohne Getr\u00e4nke)<\/li>\n<li>Eintrittskarten<\/li>\n<li>Zollgeb\u00fchren<\/li>\n<li>F\u00e4hrticket<\/li>\n<li>Jordanisches Visum<\/li>\n<\/ul>\n<p><strong>Nicht enthalten:<\/strong><\/p>\n<ul>\n<li>Getr\u00e4nke w\u00e4hrend des mittagessens<\/li>\n<li>\u041f\u043e\u0435\u0437\u0434\u043a\u0430 \u0447\u0435\u0440\u0435\u0437 \u0433\u043e\u0440\u043d\u044b\u0439 \u043a\u0430\u043d\u044c\u043e\u043d \u043d\u0430 \u043e\u0441\u043b\u0438\u043a\u0435, \u0432\u0435\u0440\u0431\u043b\u044e\u0434\u0435 \u0438\u043b\u0438 \u043a\u0430\u0440\u0435\u0442\u0435 (\u043f\u043e \u0436\u0435\u043b\u0430\u043d\u0438\u044e)<\/li>\n<\/ul>\n<p><strong>Weitere Informationen:<\/strong><\/p>\n<ul>\n<li>\u0412\u0438\u0437\u0430 \u0432 \u0418\u043e\u0440\u0434\u0430\u043d\u0438\u044e \u043f\u0440\u0438 \u043f\u043e\u0441\u0435\u0449\u0435\u043d\u0438\u0438 \u0441 \u044d\u043a\u0441\u043a\u0443\u0440\u0441\u0438\u0435\u0439 \u043d\u0435 \u043d\u0443\u0436\u043d\u0430<\/li>\n<li>\u0415\u0433\u0438\u043f\u0435\u0442\u0441\u043a\u0430\u044f \u0432\u0438\u0437\u0430 \u043d\u0435 \u043e\u0431\u043d\u0443\u043b\u044f\u0435\u0442\u0441\u044f<\/li>\n<\/ul>\n<p><strong>Nimm mit:<\/strong><\/p>\n<ul>\n<li>Der Pass<\/li>\n<li>Reiseversicherung (falls vorhanden)<\/li>\n<li>Fr\u00fchst\u00fcck zum Mitnehmen (bestellen Sie es an der Rezeption im Hotel, es ist kostenlos)<\/li>\n<li>Sonnenbrille<\/li>\n<li>Kopfbedeckung<\/li>\n<li>Bequeme Schuhe<\/li>\n<li>Warme Kleidung (der Bus verf\u00fcgt \u00fcber eine Klimaanlage)<\/li>\n<\/ul>\n<p><strong>Buchungsbedingungen:<\/strong><\/p>\n<ul>\n<li>\u041f\u0440\u0435\u0434\u043e\u043f\u043b\u0430\u0442\u0430 10$ \u0441 \u0447\u0435\u043b\u043e\u0432\u0435\u043a\u0430, \u0434\u043b\u044f \u043e\u0444\u043e\u0440\u043c\u043b\u0435\u043d\u0438\u044f \u0440\u0430\u0437\u0440\u0435\u0448\u0435\u043d\u0438\u044f \u0438 \u0431\u0440\u043e\u043d\u0438\u0440\u043e\u0432\u0430\u043d\u0438\u044f \u043c\u0435\u0441\u0442\u0430<\/li>\n<\/ul>","protected":false},"excerpt":{"rendered":"<p><strong>Tourzeit:<\/strong> 00:00 &#8212; 1:00<\/p>\n<p><strong>Veranstaltungstage:<\/strong> Mittwoch, Samstag<\/p>","protected":false},"featured_media":32953,"template":"","meta":{"_kad_post_transparent":"default","_kad_post_title":"","_kad_post_layout":"default","_kad_post_sidebar_id":"","_kad_post_content_style":"default","_kad_post_vertical_padding":"default","_kad_post_feature":"","_kad_post_feature_position":"","_kad_post_header":false,"_kad_post_footer":false,"_kad_post_classname":"","_glsr_average":0,"_glsr_ranking":0,"_glsr_reviews":0},"product_brand":[],"product_cat":[435],"product_tag":[],"class_list":{"0":"post-32951","1":"product","2":"type-product","3":"status-publish","4":"has-post-thumbnail","6":"product_cat-sharm-el-sheikh","7":"tm-has-options","9":"first","10":"instock","11":"sale","12":"sold-individually","13":"taxable","14":"shipping-taxable","15":"purchasable","16":"product-type-simple","17":"entry","18":"content-bg","19":"loop-entry"},"yoast_head":"<!-- This site is optimized with the Yoast SEO plugin v27.3 - https:\/\/yoast.com\/product\/yoast-seo-wordpress\/ -->\n<title>\u041f\u0435\u0442\u0440\u0430 (\u0418\u043e\u0440\u0434\u0430\u043d\u0438\u044f) &#8226; \u042d\u043a\u0441\u043a\u0443\u0440\u0441\u0438\u0438 Skyline<\/title>\n<meta name=\"robots\" content=\"index, follow, max-snippet:-1, max-image-preview:large, max-video-preview:-1\" \/>\n<link rel=\"canonical\" href=\"https:\/\/skyline-gs.com\/de\/produkt\/petra-jordan-sharm\/\" \/>\n<meta property=\"og:locale\" content=\"de_DE\" \/>\n<meta property=\"og:type\" content=\"article\" \/>\n<meta property=\"og:title\" content=\"\u041f\u0435\u0442\u0440\u0430 (\u0418\u043e\u0440\u0434\u0430\u043d\u0438\u044f) &#8226; \u042d\u043a\u0441\u043a\u0443\u0440\u0441\u0438\u0438 Skyline\" \/>\n<meta property=\"og:description\" content=\"\u0412\u0440\u0435\u043c\u044f \u0442\u0443\u0440\u0430: 00:00 - 1:00  \u0414\u043d\u0438 \u043f\u0440\u043e\u0432\u0435\u0434\u0435\u043d\u0438\u044f: \u0421\u0440\u0435\u0434\u0430, \u0421\u0443\u0431\u0431\u043e\u0442\u0430\" \/>\n<meta property=\"og:url\" content=\"https:\/\/skyline-gs.com\/de\/produkt\/petra-jordan-sharm\/\" \/>\n<meta property=\"og:site_name\" content=\"\u042d\u043a\u0441\u043a\u0443\u0440\u0441\u0438\u0438 Skyline\" \/>\n<meta property=\"article:modified_time\" content=\"2026-02-05T13:54:40+00:00\" \/>\n<meta property=\"og:image\" content=\"https:\/\/skyline-gs.com\/wp-content\/uploads\/2021\/11\/39-1.jpg\" \/>\n\t<meta property=\"og:image:width\" content=\"669\" \/>\n\t<meta property=\"og:image:height\" content=\"446\" \/>\n\t<meta property=\"og:image:type\" content=\"image\/jpeg\" \/>\n<meta name=\"twitter:card\" content=\"summary_large_image\" \/>\n<meta name=\"twitter:label1\" content=\"Gesch\u00e4tzte Lesezeit\" \/>\n\t<meta name=\"twitter:data1\" content=\"2\u00a0Minuten\" \/>\n<script type=\"application\/ld+json\" class=\"yoast-schema-graph\">{\"@context\":\"https:\\\/\\\/schema.org\",\"@graph\":[{\"@type\":\"WebPage\",\"@id\":\"https:\\\/\\\/skyline-gs.com\\\/product\\\/petra-jordan-sharm\\\/\",\"url\":\"https:\\\/\\\/skyline-gs.com\\\/product\\\/petra-jordan-sharm\\\/\",\"name\":\"\u041f\u0435\u0442\u0440\u0430 (\u0418\u043e\u0440\u0434\u0430\u043d\u0438\u044f) &#8226; \u042d\u043a\u0441\u043a\u0443\u0440\u0441\u0438\u0438 Skyline\",\"isPartOf\":{\"@id\":\"https:\\\/\\\/skyline-gs.com\\\/it\\\/#website\"},\"primaryImageOfPage\":{\"@id\":\"https:\\\/\\\/skyline-gs.com\\\/product\\\/petra-jordan-sharm\\\/#primaryimage\"},\"image\":{\"@id\":\"https:\\\/\\\/skyline-gs.com\\\/product\\\/petra-jordan-sharm\\\/#primaryimage\"},\"thumbnailUrl\":\"https:\\\/\\\/skyline-gs.com\\\/wp-content\\\/uploads\\\/2021\\\/11\\\/39-1.jpg\",\"datePublished\":\"2021-11-21T10:11:06+00:00\",\"dateModified\":\"2026-02-05T13:54:40+00:00\",\"breadcrumb\":{\"@id\":\"https:\\\/\\\/skyline-gs.com\\\/product\\\/petra-jordan-sharm\\\/#breadcrumb\"},\"inLanguage\":\"de\",\"potentialAction\":[{\"@type\":\"ReadAction\",\"target\":[\"https:\\\/\\\/skyline-gs.com\\\/product\\\/petra-jordan-sharm\\\/\"]}]},{\"@type\":\"ImageObject\",\"inLanguage\":\"de\",\"@id\":\"https:\\\/\\\/skyline-gs.com\\\/product\\\/petra-jordan-sharm\\\/#primaryimage\",\"url\":\"https:\\\/\\\/skyline-gs.com\\\/wp-content\\\/uploads\\\/2021\\\/11\\\/39-1.jpg\",\"contentUrl\":\"https:\\\/\\\/skyline-gs.com\\\/wp-content\\\/uploads\\\/2021\\\/11\\\/39-1.jpg\",\"width\":669,\"height\":446},{\"@type\":\"BreadcrumbList\",\"@id\":\"https:\\\/\\\/skyline-gs.com\\\/product\\\/petra-jordan-sharm\\\/#breadcrumb\",\"itemListElement\":[{\"@type\":\"ListItem\",\"position\":1,\"name\":\"\u0413\u043b\u0430\u0432\u043d\u0430\u044f \u0441\u0442\u0440\u0430\u043d\u0438\u0446\u0430\",\"item\":\"https:\\\/\\\/skyline-gs.com\\\/hu\\\/\"},{\"@type\":\"ListItem\",\"position\":2,\"name\":\"\u041c\u0430\u0433\u0430\u0437\u0438\u043d\",\"item\":\"https:\\\/\\\/skyline-gs.com\\\/cs\\\/shop\\\/\"},{\"@type\":\"ListItem\",\"position\":3,\"name\":\"\u041f\u0435\u0442\u0440\u0430 (\u0418\u043e\u0440\u0434\u0430\u043d\u0438\u044f)\"}]},{\"@type\":\"WebSite\",\"@id\":\"https:\\\/\\\/skyline-gs.com\\\/it\\\/#website\",\"url\":\"https:\\\/\\\/skyline-gs.com\\\/it\\\/\",\"name\":\"\u042d\u043a\u0441\u043a\u0443\u0440\u0441\u0438\u0438 Skyline\",\"description\":\"\u042d\u043a\u0441\u043a\u043b\u044e\u0437\u0438\u0432\u043d\u044b\u0435 \u044d\u043a\u0441\u043a\u0443\u0440\u0441\u0438\u0438 \u043d\u0430 \u043b\u0443\u0447\u0448\u0438\u0445 \u043a\u0443\u0440\u043e\u0440\u0442\u0430\u0445 \u043c\u0438\u0440\u0430\",\"publisher\":{\"@id\":\"https:\\\/\\\/skyline-gs.com\\\/it\\\/#organization\"},\"alternateName\":\"Skyline\",\"potentialAction\":[{\"@type\":\"SearchAction\",\"target\":{\"@type\":\"EntryPoint\",\"urlTemplate\":\"https:\\\/\\\/skyline-gs.com\\\/it\\\/?s={search_term_string}\"},\"query-input\":{\"@type\":\"PropertyValueSpecification\",\"valueRequired\":true,\"valueName\":\"search_term_string\"}}],\"inLanguage\":\"de\"},{\"@type\":\"Organization\",\"@id\":\"https:\\\/\\\/skyline-gs.com\\\/it\\\/#organization\",\"name\":\"\u042d\u043a\u0441\u043a\u0443\u0440\u0441\u0438\u0438 Skyline\",\"alternateName\":\"\u042d\u043a\u0441\u043a\u0443\u0440\u0441\u0438\u0438 Skyline\",\"url\":\"https:\\\/\\\/skyline-gs.com\\\/it\\\/\",\"logo\":{\"@type\":\"ImageObject\",\"inLanguage\":\"de\",\"@id\":\"https:\\\/\\\/skyline-gs.com\\\/it\\\/#\\\/schema\\\/logo\\\/image\\\/\",\"url\":\"https:\\\/\\\/skyline-gs.com\\\/wp-content\\\/uploads\\\/2020\\\/12\\\/cropped-logo-2.png\",\"contentUrl\":\"https:\\\/\\\/skyline-gs.com\\\/wp-content\\\/uploads\\\/2020\\\/12\\\/cropped-logo-2.png\",\"width\":512,\"height\":512,\"caption\":\"\u042d\u043a\u0441\u043a\u0443\u0440\u0441\u0438\u0438 Skyline\"},\"image\":{\"@id\":\"https:\\\/\\\/skyline-gs.com\\\/it\\\/#\\\/schema\\\/logo\\\/image\\\/\"},\"sameAs\":[\"https:\\\/\\\/www.instagram.com\\\/skylineglobalservice\\\/\"]}]}<\/script>\n<!-- \/ Yoast SEO plugin. -->","yoast_head_json":{"title":"\u041f\u0435\u0442\u0440\u0430 (\u0418\u043e\u0440\u0434\u0430\u043d\u0438\u044f) &#8226; \u042d\u043a\u0441\u043a\u0443\u0440\u0441\u0438\u0438 Skyline","robots":{"index":"index","follow":"follow","max-snippet":"max-snippet:-1","max-image-preview":"max-image-preview:large","max-video-preview":"max-video-preview:-1"},"canonical":"https:\/\/skyline-gs.com\/de\/produkt\/petra-jordan-sharm\/","og_locale":"de_DE","og_type":"article","og_title":"\u041f\u0435\u0442\u0440\u0430 (\u0418\u043e\u0440\u0434\u0430\u043d\u0438\u044f) &#8226; \u042d\u043a\u0441\u043a\u0443\u0440\u0441\u0438\u0438 Skyline","og_description":"\u0412\u0440\u0435\u043c\u044f \u0442\u0443\u0440\u0430: 00:00 - 1:00  \u0414\u043d\u0438 \u043f\u0440\u043e\u0432\u0435\u0434\u0435\u043d\u0438\u044f: \u0421\u0440\u0435\u0434\u0430, \u0421\u0443\u0431\u0431\u043e\u0442\u0430","og_url":"https:\/\/skyline-gs.com\/de\/produkt\/petra-jordan-sharm\/","og_site_name":"\u042d\u043a\u0441\u043a\u0443\u0440\u0441\u0438\u0438 Skyline","article_modified_time":"2026-02-05T13:54:40+00:00","og_image":[{"width":669,"height":446,"url":"https:\/\/skyline-gs.com\/wp-content\/uploads\/2021\/11\/39-1.jpg","type":"image\/jpeg"}],"twitter_card":"summary_large_image","twitter_misc":{"Gesch\u00e4tzte Lesezeit":"2\u00a0Minuten"},"schema":{"@context":"https:\/\/schema.org","@graph":[{"@type":"WebPage","@id":"https:\/\/skyline-gs.com\/product\/petra-jordan-sharm\/","url":"https:\/\/skyline-gs.com\/product\/petra-jordan-sharm\/","name":"\u041f\u0435\u0442\u0440\u0430 (\u0418\u043e\u0440\u0434\u0430\u043d\u0438\u044f) &#8226; \u042d\u043a\u0441\u043a\u0443\u0440\u0441\u0438\u0438 Skyline","isPartOf":{"@id":"https:\/\/skyline-gs.com\/it\/#website"},"primaryImageOfPage":{"@id":"https:\/\/skyline-gs.com\/product\/petra-jordan-sharm\/#primaryimage"},"image":{"@id":"https:\/\/skyline-gs.com\/product\/petra-jordan-sharm\/#primaryimage"},"thumbnailUrl":"https:\/\/skyline-gs.com\/wp-content\/uploads\/2021\/11\/39-1.jpg","datePublished":"2021-11-21T10:11:06+00:00","dateModified":"2026-02-05T13:54:40+00:00","breadcrumb":{"@id":"https:\/\/skyline-gs.com\/product\/petra-jordan-sharm\/#breadcrumb"},"inLanguage":"de","potentialAction":[{"@type":"ReadAction","target":["https:\/\/skyline-gs.com\/product\/petra-jordan-sharm\/"]}]},{"@type":"ImageObject","inLanguage":"de","@id":"https:\/\/skyline-gs.com\/product\/petra-jordan-sharm\/#primaryimage","url":"https:\/\/skyline-gs.com\/wp-content\/uploads\/2021\/11\/39-1.jpg","contentUrl":"https:\/\/skyline-gs.com\/wp-content\/uploads\/2021\/11\/39-1.jpg","width":669,"height":446},{"@type":"BreadcrumbList","@id":"https:\/\/skyline-gs.com\/product\/petra-jordan-sharm\/#breadcrumb","itemListElement":[{"@type":"ListItem","position":1,"name":"\u0413\u043b\u0430\u0432\u043d\u0430\u044f \u0441\u0442\u0440\u0430\u043d\u0438\u0446\u0430","item":"https:\/\/skyline-gs.com\/hu\/"},{"@type":"ListItem","position":2,"name":"\u041c\u0430\u0433\u0430\u0437\u0438\u043d","item":"https:\/\/skyline-gs.com\/cs\/shop\/"},{"@type":"ListItem","position":3,"name":"\u041f\u0435\u0442\u0440\u0430 (\u0418\u043e\u0440\u0434\u0430\u043d\u0438\u044f)"}]},{"@type":"WebSite","@id":"https:\/\/skyline-gs.com\/it\/#website","url":"https:\/\/skyline-gs.com\/it\/","name":"Skyline Ausfl\u00fcge","description":"Exklusive Ausfl\u00fcge in den besten Resorts der Welt","publisher":{"@id":"https:\/\/skyline-gs.com\/it\/#organization"},"alternateName":"Skyline","potentialAction":[{"@type":"SearchAction","target":{"@type":"EntryPoint","urlTemplate":"https:\/\/skyline-gs.com\/it\/?s={search_term_string}"},"query-input":{"@type":"PropertyValueSpecification","valueRequired":true,"valueName":"search_term_string"}}],"inLanguage":"de"},{"@type":"Organization","@id":"https:\/\/skyline-gs.com\/it\/#organization","name":"Skyline Ausfl\u00fcge","alternateName":"\u042d\u043a\u0441\u043a\u0443\u0440\u0441\u0438\u0438 Skyline","url":"https:\/\/skyline-gs.com\/it\/","logo":{"@type":"ImageObject","inLanguage":"de","@id":"https:\/\/skyline-gs.com\/it\/#\/schema\/logo\/image\/","url":"https:\/\/skyline-gs.com\/wp-content\/uploads\/2020\/12\/cropped-logo-2.png","contentUrl":"https:\/\/skyline-gs.com\/wp-content\/uploads\/2020\/12\/cropped-logo-2.png","width":512,"height":512,"caption":"\u042d\u043a\u0441\u043a\u0443\u0440\u0441\u0438\u0438 Skyline"},"image":{"@id":"https:\/\/skyline-gs.com\/it\/#\/schema\/logo\/image\/"},"sameAs":["https:\/\/www.instagram.com\/skylineglobalservice\/"]}]}},"_links":{"self":[{"href":"https:\/\/skyline-gs.com\/de\/wp-json\/wp\/v2\/product\/32951","targetHints":{"allow":["GET"]}}],"collection":[{"href":"https:\/\/skyline-gs.com\/de\/wp-json\/wp\/v2\/product"}],"about":[{"href":"https:\/\/skyline-gs.com\/de\/wp-json\/wp\/v2\/types\/product"}],"version-history":[{"count":0,"href":"https:\/\/skyline-gs.com\/de\/wp-json\/wp\/v2\/product\/32951\/revisions"}],"wp:featuredmedia":[{"embeddable":true,"href":"https:\/\/skyline-gs.com\/de\/wp-json\/wp\/v2\/media\/32953"}],"wp:attachment":[{"href":"https:\/\/skyline-gs.com\/de\/wp-json\/wp\/v2\/media?parent=32951"}],"wp:term":[{"taxonomy":"product_brand","embeddable":true,"href":"https:\/\/skyline-gs.com\/de\/wp-json\/wp\/v2\/product_brand?post=32951"},{"taxonomy":"product_cat","embeddable":true,"href":"https:\/\/skyline-gs.com\/de\/wp-json\/wp\/v2\/product_cat?post=32951"},{"taxonomy":"product_tag","embeddable":true,"href":"https:\/\/skyline-gs.com\/de\/wp-json\/wp\/v2\/product_tag?post=32951"}],"curies":[{"name":"wp","href":"https:\/\/api.w.org\/{rel}","templated":true}]}}