{"id":32852,"date":"2021-11-03T20:27:45","date_gmt":"2021-11-03T18:27:45","guid":{"rendered":"http:\/\/skyline-gs.com\/?post_type=product&#038;p=32852"},"modified":"2025-10-29T19:58:13","modified_gmt":"2025-10-29T17:58:13","slug":"day-cruise-on-a-yacht-nefertari-vip-marsaalam","status":"publish","type":"product","link":"https:\/\/skyline-gs.com\/de\/product\/day-cruise-on-a-yacht-nefertari-vip-marsaalam\/","title":{"rendered":"Tageskreuzfahrt auf der yacht nefertari VIP"},"content":{"rendered":"<p><strong>Tauchen sie ein in ein magisches m\u00e4rchen<\/strong> alten \u00c4gypten auf der wundersch\u00f6nen Yacht Nefertari! Die Yacht ist nach der ber\u00fchmten \u00e4gyptischen K\u00f6nigin Nefertari Merenmut benannt und wurde im Stil der Pharaonen gebaut. Es besteht aus drei Ebenen. Das oberste ist ein Sonnendeck, das an einen alt\u00e4gyptischen Tempel erinnert, und die Kellner sind wie Pharaonen gekleidet. Mitteldeck - Salon,\nspektakul\u00e4r dekoriert mit Kopien aus der Schatzkammer von Tutanchamun und Wandmalereien und Hieroglyphen aus den Gr\u00e4bern und Tempeln \u00c4gyptens. Das Unterdeck ist eine Aussichtsplattform, die es den G\u00e4sten erm\u00f6glicht, das Unterwasserreich des Roten Meeres durch Panoramafenster zu beobachten.<\/p>\n<p>7:00 Abfahrt vom Hotel. Der Weg zum Pier in Port Ghalib. Abfahrt um 09:00 Uhr. Infotreffen mit dem Guide auf dem Oberdeck f\u00fcr detaillierte Informationen zum Ausflugsprogramm sowie Sicherheitsma\u00dfnahmen. Die Fahrzeit f\u00fcr die erste Haltestelle betr\u00e4gt ca. 15 Minuten. <strong>\u00dcberblick \u00fcber Unterwassersch\u00f6nheiten<\/strong> auf dem unteren Deck der Yacht f\u00fcr etwa eine Stunde. frei <strong>Zeit f\u00fcr Fotos<\/strong> auf dem Mitteldeck (Kost\u00fcme der Pharaonen werden kostenlos zur Verf\u00fcgung gestellt). <strong>Zwei Haltestellen zum Schnorcheln<\/strong> jeweils etwa eine Stunde. <strong>Abendessen<\/strong> Auf der speisekarte stehen zur auswahl: 1. meeresfr\u00fcchtemen\u00fc (fisch, tintenfisch, reis, meeresfr\u00fcchtesuppe, 3 salatsorten) oder 2. standardmen\u00fc (huhn, spaghetti, kartoffeln, 3 salatsorten). Ankunft zur\u00fcck zum pier um 13:30 uhr. ungef\u00e4hr eine stunde <strong>Freizeit in Port Ghalib<\/strong> (ein wundersch\u00f6ner Hafen mit Kan\u00e4len - wie ein Mini-Venedig) zum Einkaufen oder zum Besuch eines Caf\u00e9s. Gegen 15:30 Uhr R\u00fcckkehr zum Hotel.<\/p>\n<p><strong>Aufmerksamkeit!<\/strong> Das Mitf\u00fchren von alkoholischen Getr\u00e4nken an Bord ist verboten.<\/p>\n<p><strong>Inbegriffen:<\/strong><\/p>\n<ul>\n<li>Transfer vom Hotel und zur\u00fcck<\/li>\n<li>Englischsprachiger Reiseleiter<\/li>\n<li>Mittagessen (auswahl aus 2 men\u00fcs)<\/li>\n<li>Erfrischungsgetr\u00e4nke, wasser<\/li>\n<li>Schnorchelmasken<\/li>\n<li>Vermietung von pharaonenkost\u00fcmen f\u00fcr fotos<\/li>\n<\/ul>\n<p><strong>Nimm mit:<\/strong><\/p>\n<ul>\n<li>Sonnenbrille<\/li>\n<li>Badeanzug, Badehose<\/li>\n<li>Sonnencreme<\/li>\n<li>Handtuch<\/li>\n<\/ul>","protected":false},"excerpt":{"rendered":"<p><strong>Tourzeit:<\/strong> 7:00 &#8212; 15:30<\/p>\n<p><strong>Veranstaltungstage:<\/strong> T\u00e4glich<\/p>","protected":false},"featured_media":32853,"template":"","meta":{"_kad_post_transparent":"default","_kad_post_title":"","_kad_post_layout":"default","_kad_post_sidebar_id":"","_kad_post_content_style":"default","_kad_post_vertical_padding":"default","_kad_post_feature":"","_kad_post_feature_position":"","_kad_post_header":false,"_kad_post_footer":false,"_kad_post_classname":"","_glsr_average":0,"_glsr_ranking":0,"_glsr_reviews":0},"product_brand":[],"product_cat":[452],"product_tag":[],"class_list":{"0":"post-32852","1":"product","2":"type-product","3":"status-publish","4":"has-post-thumbnail","6":"product_cat-marsa-alam","7":"tm-has-options","9":"first","10":"instock","11":"sold-individually","12":"taxable","13":"shipping-taxable","14":"purchasable","15":"product-type-simple","16":"entry","17":"content-bg","18":"loop-entry"},"yoast_head":"<!-- This site is optimized with the Yoast SEO plugin v27.3 - https:\/\/yoast.com\/product\/yoast-seo-wordpress\/ -->\n<title>\u0414\u043d\u0435\u0432\u043d\u043e\u0439 \u043a\u0440\u0443\u0438\u0437 \u043d\u0430 \u044f\u0445\u0442\u0435 \u041d\u0435\u0444\u0435\u0440\u0442\u0430\u0440\u0438 VIP &#8226; \u042d\u043a\u0441\u043a\u0443\u0440\u0441\u0438\u0438 Skyline<\/title>\n<meta name=\"robots\" content=\"index, follow, max-snippet:-1, max-image-preview:large, max-video-preview:-1\" \/>\n<link rel=\"canonical\" href=\"http:\/\/skyline-gs.com\/de\/produkt\/day-cruise-on-a-yacht-nefertari-vip-marsaalam\/\" \/>\n<meta property=\"og:locale\" content=\"de_DE\" \/>\n<meta property=\"og:type\" content=\"article\" \/>\n<meta property=\"og:title\" content=\"\u0414\u043d\u0435\u0432\u043d\u043e\u0439 \u043a\u0440\u0443\u0438\u0437 \u043d\u0430 \u044f\u0445\u0442\u0435 \u041d\u0435\u0444\u0435\u0440\u0442\u0430\u0440\u0438 VIP &#8226; \u042d\u043a\u0441\u043a\u0443\u0440\u0441\u0438\u0438 Skyline\" \/>\n<meta property=\"og:description\" content=\"\u0412\u0440\u0435\u043c\u044f \u0442\u0443\u0440\u0430: 7:00 - 15:30  \u0414\u043d\u0438 \u043f\u0440\u043e\u0432\u0435\u0434\u0435\u043d\u0438\u044f: \u0435\u0436\u0435\u0434\u043d\u0435\u0432\u043d\u043e\" \/>\n<meta property=\"og:url\" content=\"http:\/\/skyline-gs.com\/de\/produkt\/day-cruise-on-a-yacht-nefertari-vip-marsaalam\/\" \/>\n<meta property=\"og:site_name\" content=\"\u042d\u043a\u0441\u043a\u0443\u0440\u0441\u0438\u0438 Skyline\" \/>\n<meta property=\"article:modified_time\" content=\"2025-10-29T17:58:13+00:00\" \/>\n<meta property=\"og:image\" content=\"https:\/\/skyline-gs.com\/wp-content\/uploads\/2021\/11\/1.png\" \/>\n\t<meta property=\"og:image:width\" content=\"669\" \/>\n\t<meta property=\"og:image:height\" content=\"446\" \/>\n\t<meta property=\"og:image:type\" content=\"image\/png\" \/>\n<meta name=\"twitter:card\" content=\"summary_large_image\" \/>\n<meta name=\"twitter:label1\" content=\"Gesch\u00e4tzte Lesezeit\" \/>\n\t<meta name=\"twitter:data1\" content=\"2\u00a0Minuten\" \/>\n<script type=\"application\/ld+json\" class=\"yoast-schema-graph\">{\"@context\":\"https:\\\/\\\/schema.org\",\"@graph\":[{\"@type\":\"WebPage\",\"@id\":\"http:\\\/\\\/skyline-gs.com\\\/cs\\\/produkt\\\/day-cruise-on-a-yacht-nefertari-vip-marsaalam\\\/\",\"url\":\"http:\\\/\\\/skyline-gs.com\\\/cs\\\/produkt\\\/day-cruise-on-a-yacht-nefertari-vip-marsaalam\\\/\",\"name\":\"\u0414\u043d\u0435\u0432\u043d\u043e\u0439 \u043a\u0440\u0443\u0438\u0437 \u043d\u0430 \u044f\u0445\u0442\u0435 \u041d\u0435\u0444\u0435\u0440\u0442\u0430\u0440\u0438 VIP &#8226; \u042d\u043a\u0441\u043a\u0443\u0440\u0441\u0438\u0438 Skyline\",\"isPartOf\":{\"@id\":\"https:\\\/\\\/skyline-gs.com\\\/it\\\/#website\"},\"primaryImageOfPage\":{\"@id\":\"http:\\\/\\\/skyline-gs.com\\\/cs\\\/produkt\\\/day-cruise-on-a-yacht-nefertari-vip-marsaalam\\\/#primaryimage\"},\"image\":{\"@id\":\"http:\\\/\\\/skyline-gs.com\\\/cs\\\/produkt\\\/day-cruise-on-a-yacht-nefertari-vip-marsaalam\\\/#primaryimage\"},\"thumbnailUrl\":\"https:\\\/\\\/skyline-gs.com\\\/wp-content\\\/uploads\\\/2021\\\/11\\\/1.png\",\"datePublished\":\"2021-11-03T18:27:45+00:00\",\"dateModified\":\"2025-10-29T17:58:13+00:00\",\"breadcrumb\":{\"@id\":\"http:\\\/\\\/skyline-gs.com\\\/cs\\\/produkt\\\/day-cruise-on-a-yacht-nefertari-vip-marsaalam\\\/#breadcrumb\"},\"inLanguage\":\"de\",\"potentialAction\":[{\"@type\":\"ReadAction\",\"target\":[\"http:\\\/\\\/skyline-gs.com\\\/cs\\\/produkt\\\/day-cruise-on-a-yacht-nefertari-vip-marsaalam\\\/\"]}]},{\"@type\":\"ImageObject\",\"inLanguage\":\"de\",\"@id\":\"http:\\\/\\\/skyline-gs.com\\\/cs\\\/produkt\\\/day-cruise-on-a-yacht-nefertari-vip-marsaalam\\\/#primaryimage\",\"url\":\"https:\\\/\\\/skyline-gs.com\\\/wp-content\\\/uploads\\\/2021\\\/11\\\/1.png\",\"contentUrl\":\"https:\\\/\\\/skyline-gs.com\\\/wp-content\\\/uploads\\\/2021\\\/11\\\/1.png\",\"width\":669,\"height\":446},{\"@type\":\"BreadcrumbList\",\"@id\":\"http:\\\/\\\/skyline-gs.com\\\/cs\\\/produkt\\\/day-cruise-on-a-yacht-nefertari-vip-marsaalam\\\/#breadcrumb\",\"itemListElement\":[{\"@type\":\"ListItem\",\"position\":1,\"name\":\"\u0413\u043b\u0430\u0432\u043d\u0430\u044f \u0441\u0442\u0440\u0430\u043d\u0438\u0446\u0430\",\"item\":\"https:\\\/\\\/skyline-gs.com\\\/hu\\\/\"},{\"@type\":\"ListItem\",\"position\":2,\"name\":\"\u041c\u0430\u0433\u0430\u0437\u0438\u043d\",\"item\":\"https:\\\/\\\/skyline-gs.com\\\/cs\\\/shop\\\/\"},{\"@type\":\"ListItem\",\"position\":3,\"name\":\"\u0414\u043d\u0435\u0432\u043d\u043e\u0439 \u043a\u0440\u0443\u0438\u0437 \u043d\u0430 \u044f\u0445\u0442\u0435 \u041d\u0435\u0444\u0435\u0440\u0442\u0430\u0440\u0438 VIP\"}]},{\"@type\":\"WebSite\",\"@id\":\"https:\\\/\\\/skyline-gs.com\\\/it\\\/#website\",\"url\":\"https:\\\/\\\/skyline-gs.com\\\/it\\\/\",\"name\":\"\u042d\u043a\u0441\u043a\u0443\u0440\u0441\u0438\u0438 Skyline\",\"description\":\"\u042d\u043a\u0441\u043a\u043b\u044e\u0437\u0438\u0432\u043d\u044b\u0435 \u044d\u043a\u0441\u043a\u0443\u0440\u0441\u0438\u0438 \u043d\u0430 \u043b\u0443\u0447\u0448\u0438\u0445 \u043a\u0443\u0440\u043e\u0440\u0442\u0430\u0445 \u043c\u0438\u0440\u0430\",\"publisher\":{\"@id\":\"https:\\\/\\\/skyline-gs.com\\\/it\\\/#organization\"},\"alternateName\":\"Skyline\",\"potentialAction\":[{\"@type\":\"SearchAction\",\"target\":{\"@type\":\"EntryPoint\",\"urlTemplate\":\"https:\\\/\\\/skyline-gs.com\\\/it\\\/?s={search_term_string}\"},\"query-input\":{\"@type\":\"PropertyValueSpecification\",\"valueRequired\":true,\"valueName\":\"search_term_string\"}}],\"inLanguage\":\"de\"},{\"@type\":\"Organization\",\"@id\":\"https:\\\/\\\/skyline-gs.com\\\/it\\\/#organization\",\"name\":\"\u042d\u043a\u0441\u043a\u0443\u0440\u0441\u0438\u0438 Skyline\",\"alternateName\":\"\u042d\u043a\u0441\u043a\u0443\u0440\u0441\u0438\u0438 Skyline\",\"url\":\"https:\\\/\\\/skyline-gs.com\\\/it\\\/\",\"logo\":{\"@type\":\"ImageObject\",\"inLanguage\":\"de\",\"@id\":\"https:\\\/\\\/skyline-gs.com\\\/it\\\/#\\\/schema\\\/logo\\\/image\\\/\",\"url\":\"https:\\\/\\\/skyline-gs.com\\\/wp-content\\\/uploads\\\/2020\\\/12\\\/cropped-logo-2.png\",\"contentUrl\":\"https:\\\/\\\/skyline-gs.com\\\/wp-content\\\/uploads\\\/2020\\\/12\\\/cropped-logo-2.png\",\"width\":512,\"height\":512,\"caption\":\"\u042d\u043a\u0441\u043a\u0443\u0440\u0441\u0438\u0438 Skyline\"},\"image\":{\"@id\":\"https:\\\/\\\/skyline-gs.com\\\/it\\\/#\\\/schema\\\/logo\\\/image\\\/\"},\"sameAs\":[\"https:\\\/\\\/www.instagram.com\\\/skylineglobalservice\\\/\"]}]}<\/script>\n<!-- \/ Yoast SEO plugin. -->","yoast_head_json":{"title":"\u0414\u043d\u0435\u0432\u043d\u043e\u0439 \u043a\u0440\u0443\u0438\u0437 \u043d\u0430 \u044f\u0445\u0442\u0435 \u041d\u0435\u0444\u0435\u0440\u0442\u0430\u0440\u0438 VIP &#8226; \u042d\u043a\u0441\u043a\u0443\u0440\u0441\u0438\u0438 Skyline","robots":{"index":"index","follow":"follow","max-snippet":"max-snippet:-1","max-image-preview":"max-image-preview:large","max-video-preview":"max-video-preview:-1"},"canonical":"http:\/\/skyline-gs.com\/de\/produkt\/day-cruise-on-a-yacht-nefertari-vip-marsaalam\/","og_locale":"de_DE","og_type":"article","og_title":"\u0414\u043d\u0435\u0432\u043d\u043e\u0439 \u043a\u0440\u0443\u0438\u0437 \u043d\u0430 \u044f\u0445\u0442\u0435 \u041d\u0435\u0444\u0435\u0440\u0442\u0430\u0440\u0438 VIP &#8226; \u042d\u043a\u0441\u043a\u0443\u0440\u0441\u0438\u0438 Skyline","og_description":"\u0412\u0440\u0435\u043c\u044f \u0442\u0443\u0440\u0430: 7:00 - 15:30  \u0414\u043d\u0438 \u043f\u0440\u043e\u0432\u0435\u0434\u0435\u043d\u0438\u044f: \u0435\u0436\u0435\u0434\u043d\u0435\u0432\u043d\u043e","og_url":"http:\/\/skyline-gs.com\/de\/produkt\/day-cruise-on-a-yacht-nefertari-vip-marsaalam\/","og_site_name":"\u042d\u043a\u0441\u043a\u0443\u0440\u0441\u0438\u0438 Skyline","article_modified_time":"2025-10-29T17:58:13+00:00","og_image":[{"width":669,"height":446,"url":"https:\/\/skyline-gs.com\/wp-content\/uploads\/2021\/11\/1.png","type":"image\/png"}],"twitter_card":"summary_large_image","twitter_misc":{"Gesch\u00e4tzte Lesezeit":"2\u00a0Minuten"},"schema":{"@context":"https:\/\/schema.org","@graph":[{"@type":"WebPage","@id":"http:\/\/skyline-gs.com\/cs\/produkt\/day-cruise-on-a-yacht-nefertari-vip-marsaalam\/","url":"http:\/\/skyline-gs.com\/cs\/produkt\/day-cruise-on-a-yacht-nefertari-vip-marsaalam\/","name":"\u0414\u043d\u0435\u0432\u043d\u043e\u0439 \u043a\u0440\u0443\u0438\u0437 \u043d\u0430 \u044f\u0445\u0442\u0435 \u041d\u0435\u0444\u0435\u0440\u0442\u0430\u0440\u0438 VIP &#8226; \u042d\u043a\u0441\u043a\u0443\u0440\u0441\u0438\u0438 Skyline","isPartOf":{"@id":"https:\/\/skyline-gs.com\/it\/#website"},"primaryImageOfPage":{"@id":"http:\/\/skyline-gs.com\/cs\/produkt\/day-cruise-on-a-yacht-nefertari-vip-marsaalam\/#primaryimage"},"image":{"@id":"http:\/\/skyline-gs.com\/cs\/produkt\/day-cruise-on-a-yacht-nefertari-vip-marsaalam\/#primaryimage"},"thumbnailUrl":"https:\/\/skyline-gs.com\/wp-content\/uploads\/2021\/11\/1.png","datePublished":"2021-11-03T18:27:45+00:00","dateModified":"2025-10-29T17:58:13+00:00","breadcrumb":{"@id":"http:\/\/skyline-gs.com\/cs\/produkt\/day-cruise-on-a-yacht-nefertari-vip-marsaalam\/#breadcrumb"},"inLanguage":"de","potentialAction":[{"@type":"ReadAction","target":["http:\/\/skyline-gs.com\/cs\/produkt\/day-cruise-on-a-yacht-nefertari-vip-marsaalam\/"]}]},{"@type":"ImageObject","inLanguage":"de","@id":"http:\/\/skyline-gs.com\/cs\/produkt\/day-cruise-on-a-yacht-nefertari-vip-marsaalam\/#primaryimage","url":"https:\/\/skyline-gs.com\/wp-content\/uploads\/2021\/11\/1.png","contentUrl":"https:\/\/skyline-gs.com\/wp-content\/uploads\/2021\/11\/1.png","width":669,"height":446},{"@type":"BreadcrumbList","@id":"http:\/\/skyline-gs.com\/cs\/produkt\/day-cruise-on-a-yacht-nefertari-vip-marsaalam\/#breadcrumb","itemListElement":[{"@type":"ListItem","position":1,"name":"\u0413\u043b\u0430\u0432\u043d\u0430\u044f \u0441\u0442\u0440\u0430\u043d\u0438\u0446\u0430","item":"https:\/\/skyline-gs.com\/hu\/"},{"@type":"ListItem","position":2,"name":"\u041c\u0430\u0433\u0430\u0437\u0438\u043d","item":"https:\/\/skyline-gs.com\/cs\/shop\/"},{"@type":"ListItem","position":3,"name":"\u0414\u043d\u0435\u0432\u043d\u043e\u0439 \u043a\u0440\u0443\u0438\u0437 \u043d\u0430 \u044f\u0445\u0442\u0435 \u041d\u0435\u0444\u0435\u0440\u0442\u0430\u0440\u0438 VIP"}]},{"@type":"WebSite","@id":"https:\/\/skyline-gs.com\/it\/#website","url":"https:\/\/skyline-gs.com\/it\/","name":"Skyline Ausfl\u00fcge","description":"Exklusive Ausfl\u00fcge in den besten Resorts der Welt","publisher":{"@id":"https:\/\/skyline-gs.com\/it\/#organization"},"alternateName":"Skyline","potentialAction":[{"@type":"SearchAction","target":{"@type":"EntryPoint","urlTemplate":"https:\/\/skyline-gs.com\/it\/?s={search_term_string}"},"query-input":{"@type":"PropertyValueSpecification","valueRequired":true,"valueName":"search_term_string"}}],"inLanguage":"de"},{"@type":"Organization","@id":"https:\/\/skyline-gs.com\/it\/#organization","name":"Skyline Ausfl\u00fcge","alternateName":"\u042d\u043a\u0441\u043a\u0443\u0440\u0441\u0438\u0438 Skyline","url":"https:\/\/skyline-gs.com\/it\/","logo":{"@type":"ImageObject","inLanguage":"de","@id":"https:\/\/skyline-gs.com\/it\/#\/schema\/logo\/image\/","url":"https:\/\/skyline-gs.com\/wp-content\/uploads\/2020\/12\/cropped-logo-2.png","contentUrl":"https:\/\/skyline-gs.com\/wp-content\/uploads\/2020\/12\/cropped-logo-2.png","width":512,"height":512,"caption":"\u042d\u043a\u0441\u043a\u0443\u0440\u0441\u0438\u0438 Skyline"},"image":{"@id":"https:\/\/skyline-gs.com\/it\/#\/schema\/logo\/image\/"},"sameAs":["https:\/\/www.instagram.com\/skylineglobalservice\/"]}]}},"_links":{"self":[{"href":"https:\/\/skyline-gs.com\/de\/wp-json\/wp\/v2\/product\/32852","targetHints":{"allow":["GET"]}}],"collection":[{"href":"https:\/\/skyline-gs.com\/de\/wp-json\/wp\/v2\/product"}],"about":[{"href":"https:\/\/skyline-gs.com\/de\/wp-json\/wp\/v2\/types\/product"}],"version-history":[{"count":0,"href":"https:\/\/skyline-gs.com\/de\/wp-json\/wp\/v2\/product\/32852\/revisions"}],"wp:featuredmedia":[{"embeddable":true,"href":"https:\/\/skyline-gs.com\/de\/wp-json\/wp\/v2\/media\/32853"}],"wp:attachment":[{"href":"https:\/\/skyline-gs.com\/de\/wp-json\/wp\/v2\/media?parent=32852"}],"wp:term":[{"taxonomy":"product_brand","embeddable":true,"href":"https:\/\/skyline-gs.com\/de\/wp-json\/wp\/v2\/product_brand?post=32852"},{"taxonomy":"product_cat","embeddable":true,"href":"https:\/\/skyline-gs.com\/de\/wp-json\/wp\/v2\/product_cat?post=32852"},{"taxonomy":"product_tag","embeddable":true,"href":"https:\/\/skyline-gs.com\/de\/wp-json\/wp\/v2\/product_tag?post=32852"}],"curies":[{"name":"wp","href":"https:\/\/api.w.org\/{rel}","templated":true}]}}