{"id":32693,"date":"2021-10-26T20:52:24","date_gmt":"2021-10-26T18:52:24","guid":{"rendered":"http:\/\/skyline-gs.com\/?post_type=product&#038;p=32693"},"modified":"2024-10-31T13:21:41","modified_gmt":"2024-10-31T11:21:41","slug":"nile-cruise-4-days-marsaalam","status":"publish","type":"product","link":"https:\/\/skyline-gs.com\/de\/product\/nile-cruise-4-days-marsaalam\/","title":{"rendered":"Nilkreuzfahrt 5* 4 Tage"},"content":{"rendered":"<div class=\"\">\n<div class=\"tour-schedule\">\n<div>\n<p>Genie\u00dfen Sie eine zeitlose Nilkreuzfahrt auf einem luxuri\u00f6sen 5-Sterne-Schiff mit einem Pool an Bord. Entdecken Sie die Sehensw\u00fcrdigkeiten des alten \u00c4gypten. Professionelle \u00c4gyptologen sind immer zur Stelle. Genie\u00dfen Sie Vollpension, Swimmingpool und vielf\u00e4ltige Unterhaltung an Bord.<\/p>\n<p><strong>Tag 1. Karnak-Tempel. Kolosse von Memnon. Tempel der K\u00f6nigin Hateshpsut. Tal der K\u00f6niginnen.<\/strong><\/p>\n<p>4:30 Uhr Abfahrt vom Hotel in Marsa Alam (die Fahrt dauert etwa 5 Stunden). Check-in f\u00fcr eine Kreuzfahrt. Am ersten Tag macht das Kreuzfahrtschiff Halt in Luxor. Sie besuchen das rechte und linke Nilufer - die \"Stadt der Lebenden\". Sehen Sie den Tempel von Karnak, eine der gr\u00f6\u00dften architektonischen Errungenschaften des alten \u00c4gypten. Nach unvergesslichen Eindr\u00fccken vom Tempel,\nEs erwartet Sie ein leckeres Mittagessen. Dann f\u00e4hrt die Gruppe mit dem Boot zum linken Ufer zur \u201eStadt der Toten\u201c. Sie werden sehen: Kolosse von Memnon (2 riesige Statuen von Amenhotep III - alles, was vom pr\u00e4chtigen Tempel \u00fcbrig geblieben ist), besuchen Sie das Tal der K\u00f6niginnen - das jahrhundertealte Grab der Pharaonen, sehen Sie den Begr\u00e4bnistempel der ber\u00fchmten K\u00f6nigin Hatschepsut - der einzige weibliche Pharao.\nDanach werden Sie auf das Schiff gebracht, wo Sie zu Abend essen und eine Disco besuchen.<\/p>\n<p><strong>Tag 2. Esna. Galabey-Party.<\/strong><\/p>\n<p>Am zweiten Tag unserer Reise k\u00f6nnen Sie die au\u00dfergew\u00f6hnliche Sch\u00f6nheit der Nilufer genie\u00dfen. Den ganzen Tag k\u00f6nnen Sie auf dem Liner entspannen, schwimmen und sich am Pool sonnen. Und der Abend wird Ihnen einen einzigartigen \u00e4gyptischen Sonnenuntergang bescheren. Au\u00dferdem werden Sie in der N\u00e4he der Stadt Esna Teilnehmer an einem interessanten Schifffahrtsprozess - dem Verschlie\u00dfen eines Schiffes.\nAm Abend ist f\u00fcr alle G\u00e4ste des Liners eine orientalische Party im \u00e4gyptischen Stil der Galabey Party eine lustige Show, an der Touristen teilnehmen werden. Sie werden sich wie ein Teil eines lebendigen \u00e4gyptischen M\u00e4rchens f\u00fchlen und erfahren, was ein Karneval auf Arabisch ist.<\/p>\n<p><strong>Tag 3. Tempel von Edfu. Tempel von Kom Ombo.<\/strong><\/p>\n<p>Am dritten Tag der Kreuzfahrt ist ein Besuch der Stadt Edfu geplant. Auf kleinen Kutschen werden Sie zum gro\u00dfen Tempel des Horus gebracht. Nach dem Mittagessen auf dem Schiff fahren Sie zu einem der beeindruckendsten Tempel \u00c4gyptens \u2013 dem Tempel von Kom Ombo. In diesem Tempel gibt es Heiligt\u00fcmer von zwei G\u00f6ttern gleichzeitig, einer ist Horus (dem Falkengott) gewidmet, der andere Sobek (dem Krokodilgott).\nDie Hauptattraktion des Tempels ist eine S\u00e4ulenhalle mit f\u00fcnfzehn S\u00e4ulen, die durch Mauern verbunden sind. Oben sind die S\u00e4ulen mit Papyrus und Lilien geschm\u00fcckt. Nach der Tour kehrt die Gruppe zum Schiff zur\u00fcck, wo die G\u00e4ste zu Abend essen und eine Folkloreshow erleben.<\/p>\n<p><strong>Tag 4 Assuan-Staudamm<\/strong><\/p>\n<p>Am vierten Tag der Reise erreichen wir eine der malerischsten St\u00e4dte \u00c4gyptens \u2013 Assuan. Hier sehen Sie einen unvollendeten Obelisken und den Assuan-Staudamm, von dessen Aussichtsplattform Sie einen einzigartigen Blick auf den Nassersee haben. Dies ist eines der gr\u00f6\u00dften Geb\u00e4ude des 20. Jahrhunderts. Unfertiger Obelisk +10\u20ac extra.\nHier endet das Kreuzfahrtprogramm, aber gegen eine zus\u00e4tzliche Geb\u00fchr k\u00f6nnen Sie Abu Simbel (70\u20ac), den Botanischen Garten von Assuan und den Tempelkomplex auf der Insel Philae (45\u20ac) separat besuchen. Die Gruppe kehrt mit dem Bus nach Marsa Alam zur\u00fcck (ca. 7 Stunden). Ankunft in Marsa Alam im Hotel gegen 22:00 Uhr.<\/p>\n<p><strong>Unsere 5* Deluxe Liner:<\/strong><\/p>\n<p>M\/S Tamr Henna 5*<br \/>\nM\/S Royal Esadora Nil-Kreuzfahrt5*<br \/>\nM\/S Princess Sarah Nil-Kreuzfahrt 5*<br \/>\nRadamis 1 \/ 2<br \/>\nSemiramis 1 und 2 Nilkreuzfahrt - \u00c4gypten<br \/>\nNil-Delfin Nilkreuzfahrt - \u00c4gypten<br \/>\nNile Ruby Nilkreuzfahrt - \u00c4gypten<\/p>\n<\/div>\n<div>\n<div>\n<p><strong>Inbegriffen:<\/strong><\/p>\n<\/div>\n<ul>\n<li>Transfer vom Hotel und zur\u00fcck<\/li>\n<li>Unterkunft auf dem Liner 5 *<\/li>\n<li>Drei Mahlzeiten am Tag, inklusive Wasser, Saft, Kaffee und Tee zum Fr\u00fchst\u00fcck<\/li>\n<li>Eintrittsgelder f\u00fcr Ausfl\u00fcge<\/li>\n<li>Englischsprachiger Reiseleiter<\/li>\n<\/ul>\n<\/div>\n<\/div>\n<\/div>\n<p><strong>Nicht enthalten:<\/strong><\/p>\n<ul>\n<li>Getr\u00e4nke zum Mittag und Abendessen<\/li>\n<li>Optionale Ausfl\u00fcge<\/li>\n<\/ul>\n<p><strong>Nimm mit:<\/strong><\/p>\n<ul>\n<li>Der Pass<\/li>\n<li>Foto-Videokamera<\/li>\n<li>Kopfbedeckung<\/li>\n<li>Handtuch<\/li>\n<li>Badeanzug, Badehose<\/li>\n<li>Sonnencreme<\/li>\n<\/ul>","protected":false},"excerpt":{"rendered":"<p><strong>Dauer:<\/strong> 4 Tage und 3 N\u00e4chte<\/p>\n<p><strong>Veranstaltungstage: <\/strong>Dienstag, Donnerstag, Sonntag<\/p>","protected":false},"featured_media":29294,"template":"","meta":{"_kad_post_transparent":"default","_kad_post_title":"","_kad_post_layout":"default","_kad_post_sidebar_id":"","_kad_post_content_style":"default","_kad_post_vertical_padding":"default","_kad_post_feature":"","_kad_post_feature_position":"","_kad_post_header":false,"_kad_post_footer":false,"_kad_post_classname":"","_glsr_average":0,"_glsr_ranking":0,"_glsr_reviews":0},"product_brand":[],"product_cat":[452],"product_tag":[],"class_list":{"0":"post-32693","1":"product","2":"type-product","3":"status-publish","4":"has-post-thumbnail","6":"product_cat-marsa-alam","7":"tm-has-options","9":"first","10":"instock","11":"sale","12":"sold-individually","13":"taxable","14":"shipping-taxable","15":"purchasable","16":"product-type-simple","17":"entry","18":"content-bg","19":"loop-entry"},"yoast_head":"<!-- This site is optimized with the Yoast SEO plugin v27.3 - https:\/\/yoast.com\/product\/yoast-seo-wordpress\/ -->\n<title>\u041a\u0440\u0443\u0438\u0437 \u043f\u043e \u041d\u0438\u043b\u0443 5* 4 \u0434\u043d\u044f &#8226; \u042d\u043a\u0441\u043a\u0443\u0440\u0441\u0438\u0438 Skyline<\/title>\n<meta name=\"robots\" content=\"index, follow, max-snippet:-1, max-image-preview:large, max-video-preview:-1\" \/>\n<link rel=\"canonical\" href=\"http:\/\/skyline-gs.com\/de\/produkt\/nile-cruise-4-days-marsaalam\/\" \/>\n<meta property=\"og:locale\" content=\"de_DE\" \/>\n<meta property=\"og:type\" content=\"article\" \/>\n<meta property=\"og:title\" content=\"\u041a\u0440\u0443\u0438\u0437 \u043f\u043e \u041d\u0438\u043b\u0443 5* 4 \u0434\u043d\u044f &#8226; \u042d\u043a\u0441\u043a\u0443\u0440\u0441\u0438\u0438 Skyline\" \/>\n<meta property=\"og:description\" content=\"\u0414\u043b\u0438\u0442\u0435\u043b\u044c\u043d\u043e\u0441\u0442\u044c: 4 \u0434\u043d\u044f \u0438 3 \u043d\u043e\u0447\u0438  \u0414\u043d\u0438 \u043f\u0440\u043e\u0432\u0435\u0434\u0435\u043d\u0438\u044f: \u0432\u0442\u043e\u0440\u043d\u0438\u043a, \u0447\u0435\u0442\u0432\u0435\u0440\u0433, \u0432\u043e\u0441\u043a\u0440\u0435\u0441\u0435\u043d\u0438\u0435\" \/>\n<meta property=\"og:url\" content=\"http:\/\/skyline-gs.com\/de\/produkt\/nile-cruise-4-days-marsaalam\/\" \/>\n<meta property=\"og:site_name\" content=\"\u042d\u043a\u0441\u043a\u0443\u0440\u0441\u0438\u0438 Skyline\" \/>\n<meta property=\"article:modified_time\" content=\"2024-10-31T11:21:41+00:00\" \/>\n<meta property=\"og:image\" content=\"https:\/\/skyline-gs.com\/wp-content\/uploads\/2021\/07\/51-1.jpg\" \/>\n\t<meta property=\"og:image:width\" content=\"669\" \/>\n\t<meta property=\"og:image:height\" content=\"446\" \/>\n\t<meta property=\"og:image:type\" content=\"image\/jpeg\" \/>\n<meta name=\"twitter:card\" content=\"summary_large_image\" \/>\n<meta name=\"twitter:label1\" content=\"Gesch\u00e4tzte Lesezeit\" \/>\n\t<meta name=\"twitter:data1\" content=\"3\u00a0Minuten\" \/>\n<script type=\"application\/ld+json\" class=\"yoast-schema-graph\">{\"@context\":\"https:\\\/\\\/schema.org\",\"@graph\":[{\"@type\":\"WebPage\",\"@id\":\"http:\\\/\\\/skyline-gs.com\\\/de\\\/produkt\\\/nile-cruise-4-days-marsaalam\\\/\",\"url\":\"http:\\\/\\\/skyline-gs.com\\\/de\\\/produkt\\\/nile-cruise-4-days-marsaalam\\\/\",\"name\":\"\u041a\u0440\u0443\u0438\u0437 \u043f\u043e \u041d\u0438\u043b\u0443 5* 4 \u0434\u043d\u044f &#8226; \u042d\u043a\u0441\u043a\u0443\u0440\u0441\u0438\u0438 Skyline\",\"isPartOf\":{\"@id\":\"https:\\\/\\\/skyline-gs.com\\\/it\\\/#website\"},\"primaryImageOfPage\":{\"@id\":\"http:\\\/\\\/skyline-gs.com\\\/de\\\/produkt\\\/nile-cruise-4-days-marsaalam\\\/#primaryimage\"},\"image\":{\"@id\":\"http:\\\/\\\/skyline-gs.com\\\/de\\\/produkt\\\/nile-cruise-4-days-marsaalam\\\/#primaryimage\"},\"thumbnailUrl\":\"https:\\\/\\\/skyline-gs.com\\\/wp-content\\\/uploads\\\/2021\\\/07\\\/51-1.jpg\",\"datePublished\":\"2021-10-26T18:52:24+00:00\",\"dateModified\":\"2024-10-31T11:21:41+00:00\",\"breadcrumb\":{\"@id\":\"http:\\\/\\\/skyline-gs.com\\\/de\\\/produkt\\\/nile-cruise-4-days-marsaalam\\\/#breadcrumb\"},\"inLanguage\":\"de\",\"potentialAction\":[{\"@type\":\"ReadAction\",\"target\":[\"http:\\\/\\\/skyline-gs.com\\\/de\\\/produkt\\\/nile-cruise-4-days-marsaalam\\\/\"]}]},{\"@type\":\"ImageObject\",\"inLanguage\":\"de\",\"@id\":\"http:\\\/\\\/skyline-gs.com\\\/de\\\/produkt\\\/nile-cruise-4-days-marsaalam\\\/#primaryimage\",\"url\":\"https:\\\/\\\/skyline-gs.com\\\/wp-content\\\/uploads\\\/2021\\\/07\\\/51-1.jpg\",\"contentUrl\":\"https:\\\/\\\/skyline-gs.com\\\/wp-content\\\/uploads\\\/2021\\\/07\\\/51-1.jpg\",\"width\":669,\"height\":446},{\"@type\":\"BreadcrumbList\",\"@id\":\"http:\\\/\\\/skyline-gs.com\\\/de\\\/produkt\\\/nile-cruise-4-days-marsaalam\\\/#breadcrumb\",\"itemListElement\":[{\"@type\":\"ListItem\",\"position\":1,\"name\":\"\u0413\u043b\u0430\u0432\u043d\u0430\u044f \u0441\u0442\u0440\u0430\u043d\u0438\u0446\u0430\",\"item\":\"https:\\\/\\\/skyline-gs.com\\\/hu\\\/\"},{\"@type\":\"ListItem\",\"position\":2,\"name\":\"\u041c\u0430\u0433\u0430\u0437\u0438\u043d\",\"item\":\"https:\\\/\\\/skyline-gs.com\\\/cs\\\/shop\\\/\"},{\"@type\":\"ListItem\",\"position\":3,\"name\":\"\u041a\u0440\u0443\u0438\u0437 \u043f\u043e \u041d\u0438\u043b\u0443 5* 4 \u0434\u043d\u044f\"}]},{\"@type\":\"WebSite\",\"@id\":\"https:\\\/\\\/skyline-gs.com\\\/it\\\/#website\",\"url\":\"https:\\\/\\\/skyline-gs.com\\\/it\\\/\",\"name\":\"\u042d\u043a\u0441\u043a\u0443\u0440\u0441\u0438\u0438 Skyline\",\"description\":\"\u042d\u043a\u0441\u043a\u043b\u044e\u0437\u0438\u0432\u043d\u044b\u0435 \u044d\u043a\u0441\u043a\u0443\u0440\u0441\u0438\u0438 \u043d\u0430 \u043b\u0443\u0447\u0448\u0438\u0445 \u043a\u0443\u0440\u043e\u0440\u0442\u0430\u0445 \u043c\u0438\u0440\u0430\",\"publisher\":{\"@id\":\"https:\\\/\\\/skyline-gs.com\\\/it\\\/#organization\"},\"alternateName\":\"Skyline\",\"potentialAction\":[{\"@type\":\"SearchAction\",\"target\":{\"@type\":\"EntryPoint\",\"urlTemplate\":\"https:\\\/\\\/skyline-gs.com\\\/it\\\/?s={search_term_string}\"},\"query-input\":{\"@type\":\"PropertyValueSpecification\",\"valueRequired\":true,\"valueName\":\"search_term_string\"}}],\"inLanguage\":\"de\"},{\"@type\":\"Organization\",\"@id\":\"https:\\\/\\\/skyline-gs.com\\\/it\\\/#organization\",\"name\":\"\u042d\u043a\u0441\u043a\u0443\u0440\u0441\u0438\u0438 Skyline\",\"alternateName\":\"\u042d\u043a\u0441\u043a\u0443\u0440\u0441\u0438\u0438 Skyline\",\"url\":\"https:\\\/\\\/skyline-gs.com\\\/it\\\/\",\"logo\":{\"@type\":\"ImageObject\",\"inLanguage\":\"de\",\"@id\":\"https:\\\/\\\/skyline-gs.com\\\/it\\\/#\\\/schema\\\/logo\\\/image\\\/\",\"url\":\"https:\\\/\\\/skyline-gs.com\\\/wp-content\\\/uploads\\\/2020\\\/12\\\/cropped-logo-2.png\",\"contentUrl\":\"https:\\\/\\\/skyline-gs.com\\\/wp-content\\\/uploads\\\/2020\\\/12\\\/cropped-logo-2.png\",\"width\":512,\"height\":512,\"caption\":\"\u042d\u043a\u0441\u043a\u0443\u0440\u0441\u0438\u0438 Skyline\"},\"image\":{\"@id\":\"https:\\\/\\\/skyline-gs.com\\\/it\\\/#\\\/schema\\\/logo\\\/image\\\/\"},\"sameAs\":[\"https:\\\/\\\/www.instagram.com\\\/skylineglobalservice\\\/\"]}]}<\/script>\n<!-- \/ Yoast SEO plugin. -->","yoast_head_json":{"title":"\u041a\u0440\u0443\u0438\u0437 \u043f\u043e \u041d\u0438\u043b\u0443 5* 4 \u0434\u043d\u044f &#8226; \u042d\u043a\u0441\u043a\u0443\u0440\u0441\u0438\u0438 Skyline","robots":{"index":"index","follow":"follow","max-snippet":"max-snippet:-1","max-image-preview":"max-image-preview:large","max-video-preview":"max-video-preview:-1"},"canonical":"http:\/\/skyline-gs.com\/de\/produkt\/nile-cruise-4-days-marsaalam\/","og_locale":"de_DE","og_type":"article","og_title":"\u041a\u0440\u0443\u0438\u0437 \u043f\u043e \u041d\u0438\u043b\u0443 5* 4 \u0434\u043d\u044f &#8226; \u042d\u043a\u0441\u043a\u0443\u0440\u0441\u0438\u0438 Skyline","og_description":"\u0414\u043b\u0438\u0442\u0435\u043b\u044c\u043d\u043e\u0441\u0442\u044c: 4 \u0434\u043d\u044f \u0438 3 \u043d\u043e\u0447\u0438  \u0414\u043d\u0438 \u043f\u0440\u043e\u0432\u0435\u0434\u0435\u043d\u0438\u044f: \u0432\u0442\u043e\u0440\u043d\u0438\u043a, \u0447\u0435\u0442\u0432\u0435\u0440\u0433, \u0432\u043e\u0441\u043a\u0440\u0435\u0441\u0435\u043d\u0438\u0435","og_url":"http:\/\/skyline-gs.com\/de\/produkt\/nile-cruise-4-days-marsaalam\/","og_site_name":"\u042d\u043a\u0441\u043a\u0443\u0440\u0441\u0438\u0438 Skyline","article_modified_time":"2024-10-31T11:21:41+00:00","og_image":[{"width":669,"height":446,"url":"https:\/\/skyline-gs.com\/wp-content\/uploads\/2021\/07\/51-1.jpg","type":"image\/jpeg"}],"twitter_card":"summary_large_image","twitter_misc":{"Gesch\u00e4tzte Lesezeit":"3\u00a0Minuten"},"schema":{"@context":"https:\/\/schema.org","@graph":[{"@type":"WebPage","@id":"http:\/\/skyline-gs.com\/de\/produkt\/nile-cruise-4-days-marsaalam\/","url":"http:\/\/skyline-gs.com\/de\/produkt\/nile-cruise-4-days-marsaalam\/","name":"\u041a\u0440\u0443\u0438\u0437 \u043f\u043e \u041d\u0438\u043b\u0443 5* 4 \u0434\u043d\u044f &#8226; \u042d\u043a\u0441\u043a\u0443\u0440\u0441\u0438\u0438 Skyline","isPartOf":{"@id":"https:\/\/skyline-gs.com\/it\/#website"},"primaryImageOfPage":{"@id":"http:\/\/skyline-gs.com\/de\/produkt\/nile-cruise-4-days-marsaalam\/#primaryimage"},"image":{"@id":"http:\/\/skyline-gs.com\/de\/produkt\/nile-cruise-4-days-marsaalam\/#primaryimage"},"thumbnailUrl":"https:\/\/skyline-gs.com\/wp-content\/uploads\/2021\/07\/51-1.jpg","datePublished":"2021-10-26T18:52:24+00:00","dateModified":"2024-10-31T11:21:41+00:00","breadcrumb":{"@id":"http:\/\/skyline-gs.com\/de\/produkt\/nile-cruise-4-days-marsaalam\/#breadcrumb"},"inLanguage":"de","potentialAction":[{"@type":"ReadAction","target":["http:\/\/skyline-gs.com\/de\/produkt\/nile-cruise-4-days-marsaalam\/"]}]},{"@type":"ImageObject","inLanguage":"de","@id":"http:\/\/skyline-gs.com\/de\/produkt\/nile-cruise-4-days-marsaalam\/#primaryimage","url":"https:\/\/skyline-gs.com\/wp-content\/uploads\/2021\/07\/51-1.jpg","contentUrl":"https:\/\/skyline-gs.com\/wp-content\/uploads\/2021\/07\/51-1.jpg","width":669,"height":446},{"@type":"BreadcrumbList","@id":"http:\/\/skyline-gs.com\/de\/produkt\/nile-cruise-4-days-marsaalam\/#breadcrumb","itemListElement":[{"@type":"ListItem","position":1,"name":"\u0413\u043b\u0430\u0432\u043d\u0430\u044f \u0441\u0442\u0440\u0430\u043d\u0438\u0446\u0430","item":"https:\/\/skyline-gs.com\/hu\/"},{"@type":"ListItem","position":2,"name":"\u041c\u0430\u0433\u0430\u0437\u0438\u043d","item":"https:\/\/skyline-gs.com\/cs\/shop\/"},{"@type":"ListItem","position":3,"name":"\u041a\u0440\u0443\u0438\u0437 \u043f\u043e \u041d\u0438\u043b\u0443 5* 4 \u0434\u043d\u044f"}]},{"@type":"WebSite","@id":"https:\/\/skyline-gs.com\/it\/#website","url":"https:\/\/skyline-gs.com\/it\/","name":"Skyline Ausfl\u00fcge","description":"Exklusive Ausfl\u00fcge in den besten Resorts der Welt","publisher":{"@id":"https:\/\/skyline-gs.com\/it\/#organization"},"alternateName":"Skyline","potentialAction":[{"@type":"SearchAction","target":{"@type":"EntryPoint","urlTemplate":"https:\/\/skyline-gs.com\/it\/?s={search_term_string}"},"query-input":{"@type":"PropertyValueSpecification","valueRequired":true,"valueName":"search_term_string"}}],"inLanguage":"de"},{"@type":"Organization","@id":"https:\/\/skyline-gs.com\/it\/#organization","name":"Skyline Ausfl\u00fcge","alternateName":"\u042d\u043a\u0441\u043a\u0443\u0440\u0441\u0438\u0438 Skyline","url":"https:\/\/skyline-gs.com\/it\/","logo":{"@type":"ImageObject","inLanguage":"de","@id":"https:\/\/skyline-gs.com\/it\/#\/schema\/logo\/image\/","url":"https:\/\/skyline-gs.com\/wp-content\/uploads\/2020\/12\/cropped-logo-2.png","contentUrl":"https:\/\/skyline-gs.com\/wp-content\/uploads\/2020\/12\/cropped-logo-2.png","width":512,"height":512,"caption":"\u042d\u043a\u0441\u043a\u0443\u0440\u0441\u0438\u0438 Skyline"},"image":{"@id":"https:\/\/skyline-gs.com\/it\/#\/schema\/logo\/image\/"},"sameAs":["https:\/\/www.instagram.com\/skylineglobalservice\/"]}]}},"_links":{"self":[{"href":"https:\/\/skyline-gs.com\/de\/wp-json\/wp\/v2\/product\/32693","targetHints":{"allow":["GET"]}}],"collection":[{"href":"https:\/\/skyline-gs.com\/de\/wp-json\/wp\/v2\/product"}],"about":[{"href":"https:\/\/skyline-gs.com\/de\/wp-json\/wp\/v2\/types\/product"}],"version-history":[{"count":0,"href":"https:\/\/skyline-gs.com\/de\/wp-json\/wp\/v2\/product\/32693\/revisions"}],"wp:featuredmedia":[{"embeddable":true,"href":"https:\/\/skyline-gs.com\/de\/wp-json\/wp\/v2\/media\/29294"}],"wp:attachment":[{"href":"https:\/\/skyline-gs.com\/de\/wp-json\/wp\/v2\/media?parent=32693"}],"wp:term":[{"taxonomy":"product_brand","embeddable":true,"href":"https:\/\/skyline-gs.com\/de\/wp-json\/wp\/v2\/product_brand?post=32693"},{"taxonomy":"product_cat","embeddable":true,"href":"https:\/\/skyline-gs.com\/de\/wp-json\/wp\/v2\/product_cat?post=32693"},{"taxonomy":"product_tag","embeddable":true,"href":"https:\/\/skyline-gs.com\/de\/wp-json\/wp\/v2\/product_tag?post=32693"}],"curies":[{"name":"wp","href":"https:\/\/api.w.org\/{rel}","templated":true}]}}