{"id":32659,"date":"2021-10-26T20:17:20","date_gmt":"2021-10-26T18:17:20","guid":{"rendered":"http:\/\/skyline-gs.com\/?post_type=product&#038;p=32659"},"modified":"2025-10-29T19:55:55","modified_gmt":"2025-10-29T17:55:55","slug":"diving-marsaalam","status":"publish","type":"product","link":"https:\/\/skyline-gs.com\/de\/product\/diving-marsaalam\/","title":{"rendered":"Tauchen in Marsa Alam"},"content":{"rendered":"<p data-start=\"147\" data-end=\"531\">\u042d\u0442\u043e \u043f\u0443\u0442\u0435\u0448\u0435\u0441\u0442\u0432\u0438\u0435 \u0432 \u043f\u043e\u0434\u0432\u043e\u0434\u043d\u044b\u0439 \u043c\u0438\u0440 \u041a\u0440\u0430\u0441\u043d\u043e\u0433\u043e \u043c\u043e\u0440\u044f \u0438\u0434\u0435\u0430\u043b\u044c\u043d\u043e \u043f\u043e\u0434\u043e\u0439\u0434\u0451\u0442 \u0434\u043b\u044f \u0442\u0435\u0445, \u043a\u0442\u043e \u043c\u0435\u0447\u0442\u0430\u0435\u0442 \u0443\u0432\u0438\u0434\u0435\u0442\u044c \u043a\u043e\u0440\u0430\u043b\u043b\u043e\u0432\u044b\u0435 \u0441\u0430\u0434\u044b, \u044f\u0440\u043a\u0438\u0445 \u0440\u044b\u0431 \u0438 \u043f\u043e\u0447\u0443\u0432\u0441\u0442\u0432\u043e\u0432\u0430\u0442\u044c \u043b\u0451\u0433\u043a\u043e\u0441\u0442\u044c \u043f\u0430\u0440\u0435\u043d\u0438\u044f \u0432 \u0432\u043e\u0434\u0435. \u042d\u043a\u0441\u043a\u0443\u0440\u0441\u0438\u044f \u043f\u0440\u043e\u0445\u043e\u0434\u0438\u0442 \u043d\u0430 \u043a\u043e\u043c\u0444\u043e\u0440\u0442\u0430\u0431\u0435\u043b\u044c\u043d\u043e\u0439 \u044f\u0445\u0442\u0435, \u0433\u0434\u0435 \u0432\u0430\u0441 \u0436\u0434\u0443\u0442 \u043e\u0431\u0443\u0447\u0435\u043d\u0438\u0435, \u043f\u043e\u0433\u0440\u0443\u0436\u0435\u043d\u0438\u0435 \u0438 \u043e\u0442\u0434\u044b\u0445. \u0414\u0430\u0436\u0435 \u0435\u0441\u043b\u0438 \u0432\u044b \u043d\u0438\u043a\u043e\u0433\u0434\u0430 \u0440\u0430\u043d\u044c\u0448\u0435 \u043d\u0435 \u0437\u0430\u043d\u0438\u043c\u0430\u043b\u0438\u0441\u044c \u0434\u0430\u0439\u0432\u0438\u043d\u0433\u043e\u043c \u2014 \u043e\u043f\u044b\u0442\u043d\u044b\u0435 \u0438\u043d\u0441\u0442\u0440\u0443\u043a\u0442\u043e\u0440\u044b \u043f\u043e\u043c\u043e\u0433\u0443\u0442 \u0441\u0434\u0435\u043b\u0430\u0442\u044c \u044d\u0442\u043e \u0431\u0435\u0437\u043e\u043f\u0430\u0441\u043d\u043e \u0438 \u0443\u0432\u043b\u0435\u043a\u0430\u0442\u0435\u043b\u044c\u043d\u043e.<\/p>\n<p data-start=\"147\" data-end=\"531\"><strong>8:00 \u2014 \u041e\u0442\u043f\u0440\u0430\u0432\u043b\u0435\u043d\u0438\u0435 \u0438\u0437 \u043b\u043e\u0431\u0431\u0438 \u0432\u0430\u0448\u0435\u0433\u043e \u043e\u0442\u0435\u043b\u044f, \u0442\u0440\u0430\u043d\u0441\u0444\u0435\u0440 \u0432 \u043f\u043e\u0440\u0442 \u0413\u0430\u043b\u0438\u0431.<\/strong><\/p>\n<ul>\n<li data-start=\"147\" data-end=\"531\"><strong>Instruktion<\/strong> \u0438 \u0437\u043d\u0430\u043a\u043e\u043c\u0441\u0442\u0432\u043e \u0441 \u043e\u0431\u043e\u0440\u0443\u0434\u043e\u0432\u0430\u043d\u0438\u0435\u043c \u043d\u0430 \u0431\u043e\u0440\u0442\u0443 \u044f\u0445\u0442\u044b.<\/li>\n<li data-start=\"147\" data-end=\"531\"><strong>\u041f\u043e\u0433\u0440\u0443\u0436\u0435\u043d\u0438\u0435 \u0432 \u043c\u043e\u0440\u0435<\/strong>: \u043e\u0434\u043d\u043e \u043f\u043e\u0433\u0440\u0443\u0436\u0435\u043d\u0438\u0435 \u0434\u043e 10 \u043c\u0435\u0442\u0440\u043e\u0432, \u0434\u043b\u0438\u0442\u0435\u043b\u044c\u043d\u043e\u0441\u0442\u044c\u044e 10\u201315 \u043c\u0438\u043d\u0443\u0442.<\/li>\n<li data-start=\"147\" data-end=\"531\"><strong>\u0421\u043d\u043e\u0440\u043a\u043b\u0438\u043d\u0433 \u0443 \u043a\u043e\u0440\u0430\u043b\u043b\u043e\u0432\u043e\u0433\u043e \u0440\u0438\u0444\u0430<\/strong>, \u0433\u0434\u0435 \u043c\u043e\u0436\u043d\u043e \u0443\u0432\u0438\u0434\u0435\u0442\u044c \u0440\u044b\u0431-\u043f\u043e\u043f\u0443\u0433\u0430\u0435\u0432, \u0441\u043a\u0430\u0442\u043e\u0432 \u0438 \u043c\u043e\u0440\u0441\u043a\u0438\u0445 \u0447\u0435\u0440\u0435\u043f\u0430\u0445.<\/li>\n<li data-start=\"147\" data-end=\"531\"><strong>\u041e\u0431\u0435\u0434 \u043d\u0430 \u044f\u0445\u0442\u0435 \u0432 \u0444\u043e\u0440\u043c\u0430\u0442\u0435 \u00ab\u0448\u0432\u0435\u0434\u0441\u043a\u0438\u0439 \u0441\u0442\u043e\u043b\u00bb<\/strong>: \u043c\u044f\u0441\u043d\u044b\u0435 \u0431\u043b\u044e\u0434\u0430, \u0433\u0430\u0440\u043d\u0438\u0440\u044b \u0438 \u0441\u0432\u0435\u0436\u0438\u0435 \u0441\u0430\u043b\u0430\u0442\u044b.<\/li>\n<li data-start=\"147\" data-end=\"531\"><strong>\u041e\u0442\u0434\u044b\u0445<\/strong> \u043d\u0430 \u044f\u0445\u0442\u0435.<\/li>\n<\/ul>\n<p><strong>16:00 - R\u00fcckkehr zum Hotel.<\/strong><\/p>\n<p><strong>Weitere Informationen:<\/strong><\/p>\n<ul>\n<li><strong>Mindestalter f\u00fcr das Tauchen ab 12 Jahren<\/strong>.<\/li>\n<li>Sie k\u00f6nnen jemanden mitnehmen, der nicht tauchen kann oder m\u00f6chte (begleitperson kann schnorcheln). <strong>Preis f\u00fcr begleitperson 45\u20ac.<\/strong><\/li>\n<\/ul>\n<p><strong>Inbegriffen:<\/strong><\/p>\n<ul>\n<li>Transfer vom Hotel und zur\u00fcck<\/li>\n<li>Instruktion<\/li>\n<li>Tauchen (1 Tauchgang)<\/li>\n<li>Mittagessen (Buffet)<\/li>\n<li>Getr\u00e4nke<\/li>\n<li>Tauchausr\u00fcstung<\/li>\n<li>Masken, flossen zum schnorcheln<\/li>\n<\/ul>\n<p><strong>Nimm mit:<\/strong><\/p>\n<ul>\n<li>Kamera<\/li>\n<li>Sonnenbrille<\/li>\n<li>Badeanzug, Badehose<\/li>\n<li>Sonnencreme<\/li>\n<li>Handtuch<\/li>\n<\/ul>","protected":false},"excerpt":{"rendered":"<p><strong>Tourzeit:<\/strong> 8:00 &#8212; 16:00<\/p>\n<p><strong>Veranstaltungstage: <\/strong>T\u00e4glich<\/p>","protected":false},"featured_media":65750,"template":"","meta":{"_kad_post_transparent":"default","_kad_post_title":"","_kad_post_layout":"default","_kad_post_sidebar_id":"","_kad_post_content_style":"default","_kad_post_vertical_padding":"default","_kad_post_feature":"","_kad_post_feature_position":"","_kad_post_header":false,"_kad_post_footer":false,"_kad_post_classname":"","_glsr_average":0,"_glsr_ranking":0,"_glsr_reviews":0},"product_brand":[],"product_cat":[452],"product_tag":[],"class_list":{"0":"post-32659","1":"product","2":"type-product","3":"status-publish","4":"has-post-thumbnail","6":"product_cat-marsa-alam","7":"tm-has-options","9":"first","10":"instock","11":"sold-individually","12":"taxable","13":"shipping-taxable","14":"purchasable","15":"product-type-simple","16":"entry","17":"content-bg","18":"loop-entry"},"yoast_head":"<!-- This site is optimized with the Yoast SEO plugin v27.3 - https:\/\/yoast.com\/product\/yoast-seo-wordpress\/ -->\n<title>\u0414\u0430\u0439\u0432\u0438\u043d\u0433 \u0432 \u041c\u0430\u0440\u0441\u0430 \u0410\u043b\u0430\u043c\u0435 &#8226; \u042d\u043a\u0441\u043a\u0443\u0440\u0441\u0438\u0438 Skyline<\/title>\n<meta name=\"robots\" content=\"index, follow, max-snippet:-1, max-image-preview:large, max-video-preview:-1\" \/>\n<link rel=\"canonical\" href=\"https:\/\/skyline-gs.com\/de\/produkt\/diving-marsaalam\/\" \/>\n<meta property=\"og:locale\" content=\"de_DE\" \/>\n<meta property=\"og:type\" content=\"article\" \/>\n<meta property=\"og:title\" content=\"\u0414\u0430\u0439\u0432\u0438\u043d\u0433 \u0432 \u041c\u0430\u0440\u0441\u0430 \u0410\u043b\u0430\u043c\u0435 &#8226; \u042d\u043a\u0441\u043a\u0443\u0440\u0441\u0438\u0438 Skyline\" \/>\n<meta property=\"og:description\" content=\"\u0412\u0440\u0435\u043c\u044f \u0442\u0443\u0440\u0430: 8:00 - 16:00  \u0414\u043d\u0438 \u043f\u0440\u043e\u0432\u0435\u0434\u0435\u043d\u0438\u044f: \u041a\u0430\u0436\u0434\u044b\u0439 \u0434\u0435\u043d\u044c\" \/>\n<meta property=\"og:url\" content=\"https:\/\/skyline-gs.com\/de\/produkt\/diving-marsaalam\/\" \/>\n<meta property=\"og:site_name\" content=\"\u042d\u043a\u0441\u043a\u0443\u0440\u0441\u0438\u0438 Skyline\" \/>\n<meta property=\"article:modified_time\" content=\"2025-10-29T17:55:55+00:00\" \/>\n<meta property=\"og:image\" content=\"https:\/\/skyline-gs.com\/wp-content\/uploads\/2021\/10\/DALL\u00b7E-2025-09-07-16.34.55-A-hyper-realistic-underwater-scene-of-scuba-diving-in-Marsa-Alam-Egypt.-The-image-shows-a-diver-in-full-scuba-gear-swimming-near-a-vibrant-coral-reef-e1757254489651.webp\" \/>\n\t<meta property=\"og:image:width\" content=\"700\" \/>\n\t<meta property=\"og:image:height\" content=\"400\" \/>\n\t<meta property=\"og:image:type\" content=\"image\/webp\" \/>\n<meta name=\"twitter:card\" content=\"summary_large_image\" \/>\n<meta name=\"twitter:label1\" content=\"Gesch\u00e4tzte Lesezeit\" \/>\n\t<meta name=\"twitter:data1\" content=\"2\u00a0Minuten\" \/>\n<script type=\"application\/ld+json\" class=\"yoast-schema-graph\">{\"@context\":\"https:\\\/\\\/schema.org\",\"@graph\":[{\"@type\":\"WebPage\",\"@id\":\"https:\\\/\\\/skyline-gs.com\\\/fr\\\/produit\\\/diving-marsaalam\\\/\",\"url\":\"https:\\\/\\\/skyline-gs.com\\\/fr\\\/produit\\\/diving-marsaalam\\\/\",\"name\":\"\u0414\u0430\u0439\u0432\u0438\u043d\u0433 \u0432 \u041c\u0430\u0440\u0441\u0430 \u0410\u043b\u0430\u043c\u0435 &#8226; \u042d\u043a\u0441\u043a\u0443\u0440\u0441\u0438\u0438 Skyline\",\"isPartOf\":{\"@id\":\"https:\\\/\\\/skyline-gs.com\\\/it\\\/#website\"},\"primaryImageOfPage\":{\"@id\":\"https:\\\/\\\/skyline-gs.com\\\/fr\\\/produit\\\/diving-marsaalam\\\/#primaryimage\"},\"image\":{\"@id\":\"https:\\\/\\\/skyline-gs.com\\\/fr\\\/produit\\\/diving-marsaalam\\\/#primaryimage\"},\"thumbnailUrl\":\"https:\\\/\\\/skyline-gs.com\\\/wp-content\\\/uploads\\\/2021\\\/10\\\/DALL\u00b7E-2025-09-07-16.34.55-A-hyper-realistic-underwater-scene-of-scuba-diving-in-Marsa-Alam-Egypt.-The-image-shows-a-diver-in-full-scuba-gear-swimming-near-a-vibrant-coral-reef-e1757254489651.webp\",\"datePublished\":\"2021-10-26T18:17:20+00:00\",\"dateModified\":\"2025-10-29T17:55:55+00:00\",\"breadcrumb\":{\"@id\":\"https:\\\/\\\/skyline-gs.com\\\/fr\\\/produit\\\/diving-marsaalam\\\/#breadcrumb\"},\"inLanguage\":\"de\",\"potentialAction\":[{\"@type\":\"ReadAction\",\"target\":[\"https:\\\/\\\/skyline-gs.com\\\/fr\\\/produit\\\/diving-marsaalam\\\/\"]}]},{\"@type\":\"ImageObject\",\"inLanguage\":\"de\",\"@id\":\"https:\\\/\\\/skyline-gs.com\\\/fr\\\/produit\\\/diving-marsaalam\\\/#primaryimage\",\"url\":\"https:\\\/\\\/skyline-gs.com\\\/wp-content\\\/uploads\\\/2021\\\/10\\\/DALL\u00b7E-2025-09-07-16.34.55-A-hyper-realistic-underwater-scene-of-scuba-diving-in-Marsa-Alam-Egypt.-The-image-shows-a-diver-in-full-scuba-gear-swimming-near-a-vibrant-coral-reef-e1757254489651.webp\",\"contentUrl\":\"https:\\\/\\\/skyline-gs.com\\\/wp-content\\\/uploads\\\/2021\\\/10\\\/DALL\u00b7E-2025-09-07-16.34.55-A-hyper-realistic-underwater-scene-of-scuba-diving-in-Marsa-Alam-Egypt.-The-image-shows-a-diver-in-full-scuba-gear-swimming-near-a-vibrant-coral-reef-e1757254489651.webp\",\"width\":700,\"height\":400},{\"@type\":\"BreadcrumbList\",\"@id\":\"https:\\\/\\\/skyline-gs.com\\\/fr\\\/produit\\\/diving-marsaalam\\\/#breadcrumb\",\"itemListElement\":[{\"@type\":\"ListItem\",\"position\":1,\"name\":\"\u0413\u043b\u0430\u0432\u043d\u0430\u044f \u0441\u0442\u0440\u0430\u043d\u0438\u0446\u0430\",\"item\":\"https:\\\/\\\/skyline-gs.com\\\/hu\\\/\"},{\"@type\":\"ListItem\",\"position\":2,\"name\":\"\u041c\u0430\u0433\u0430\u0437\u0438\u043d\",\"item\":\"https:\\\/\\\/skyline-gs.com\\\/cs\\\/shop\\\/\"},{\"@type\":\"ListItem\",\"position\":3,\"name\":\"\u0414\u0430\u0439\u0432\u0438\u043d\u0433 \u0432 \u041c\u0430\u0440\u0441\u0430 \u0410\u043b\u0430\u043c\u0435\"}]},{\"@type\":\"WebSite\",\"@id\":\"https:\\\/\\\/skyline-gs.com\\\/it\\\/#website\",\"url\":\"https:\\\/\\\/skyline-gs.com\\\/it\\\/\",\"name\":\"\u042d\u043a\u0441\u043a\u0443\u0440\u0441\u0438\u0438 Skyline\",\"description\":\"\u042d\u043a\u0441\u043a\u043b\u044e\u0437\u0438\u0432\u043d\u044b\u0435 \u044d\u043a\u0441\u043a\u0443\u0440\u0441\u0438\u0438 \u043d\u0430 \u043b\u0443\u0447\u0448\u0438\u0445 \u043a\u0443\u0440\u043e\u0440\u0442\u0430\u0445 \u043c\u0438\u0440\u0430\",\"publisher\":{\"@id\":\"https:\\\/\\\/skyline-gs.com\\\/it\\\/#organization\"},\"alternateName\":\"Skyline\",\"potentialAction\":[{\"@type\":\"SearchAction\",\"target\":{\"@type\":\"EntryPoint\",\"urlTemplate\":\"https:\\\/\\\/skyline-gs.com\\\/it\\\/?s={search_term_string}\"},\"query-input\":{\"@type\":\"PropertyValueSpecification\",\"valueRequired\":true,\"valueName\":\"search_term_string\"}}],\"inLanguage\":\"de\"},{\"@type\":\"Organization\",\"@id\":\"https:\\\/\\\/skyline-gs.com\\\/it\\\/#organization\",\"name\":\"\u042d\u043a\u0441\u043a\u0443\u0440\u0441\u0438\u0438 Skyline\",\"alternateName\":\"\u042d\u043a\u0441\u043a\u0443\u0440\u0441\u0438\u0438 Skyline\",\"url\":\"https:\\\/\\\/skyline-gs.com\\\/it\\\/\",\"logo\":{\"@type\":\"ImageObject\",\"inLanguage\":\"de\",\"@id\":\"https:\\\/\\\/skyline-gs.com\\\/it\\\/#\\\/schema\\\/logo\\\/image\\\/\",\"url\":\"https:\\\/\\\/skyline-gs.com\\\/wp-content\\\/uploads\\\/2020\\\/12\\\/cropped-logo-2.png\",\"contentUrl\":\"https:\\\/\\\/skyline-gs.com\\\/wp-content\\\/uploads\\\/2020\\\/12\\\/cropped-logo-2.png\",\"width\":512,\"height\":512,\"caption\":\"\u042d\u043a\u0441\u043a\u0443\u0440\u0441\u0438\u0438 Skyline\"},\"image\":{\"@id\":\"https:\\\/\\\/skyline-gs.com\\\/it\\\/#\\\/schema\\\/logo\\\/image\\\/\"},\"sameAs\":[\"https:\\\/\\\/www.instagram.com\\\/skylineglobalservice\\\/\"]}]}<\/script>\n<!-- \/ Yoast SEO plugin. -->","yoast_head_json":{"title":"\u0414\u0430\u0439\u0432\u0438\u043d\u0433 \u0432 \u041c\u0430\u0440\u0441\u0430 \u0410\u043b\u0430\u043c\u0435 &#8226; \u042d\u043a\u0441\u043a\u0443\u0440\u0441\u0438\u0438 Skyline","robots":{"index":"index","follow":"follow","max-snippet":"max-snippet:-1","max-image-preview":"max-image-preview:large","max-video-preview":"max-video-preview:-1"},"canonical":"https:\/\/skyline-gs.com\/de\/produkt\/diving-marsaalam\/","og_locale":"de_DE","og_type":"article","og_title":"\u0414\u0430\u0439\u0432\u0438\u043d\u0433 \u0432 \u041c\u0430\u0440\u0441\u0430 \u0410\u043b\u0430\u043c\u0435 &#8226; \u042d\u043a\u0441\u043a\u0443\u0440\u0441\u0438\u0438 Skyline","og_description":"\u0412\u0440\u0435\u043c\u044f \u0442\u0443\u0440\u0430: 8:00 - 16:00  \u0414\u043d\u0438 \u043f\u0440\u043e\u0432\u0435\u0434\u0435\u043d\u0438\u044f: \u041a\u0430\u0436\u0434\u044b\u0439 \u0434\u0435\u043d\u044c","og_url":"https:\/\/skyline-gs.com\/de\/produkt\/diving-marsaalam\/","og_site_name":"\u042d\u043a\u0441\u043a\u0443\u0440\u0441\u0438\u0438 Skyline","article_modified_time":"2025-10-29T17:55:55+00:00","og_image":[{"width":700,"height":400,"url":"https:\/\/skyline-gs.com\/wp-content\/uploads\/2021\/10\/DALL\u00b7E-2025-09-07-16.34.55-A-hyper-realistic-underwater-scene-of-scuba-diving-in-Marsa-Alam-Egypt.-The-image-shows-a-diver-in-full-scuba-gear-swimming-near-a-vibrant-coral-reef-e1757254489651.webp","type":"image\/webp"}],"twitter_card":"summary_large_image","twitter_misc":{"Gesch\u00e4tzte Lesezeit":"2\u00a0Minuten"},"schema":{"@context":"https:\/\/schema.org","@graph":[{"@type":"WebPage","@id":"https:\/\/skyline-gs.com\/fr\/produit\/diving-marsaalam\/","url":"https:\/\/skyline-gs.com\/fr\/produit\/diving-marsaalam\/","name":"\u0414\u0430\u0439\u0432\u0438\u043d\u0433 \u0432 \u041c\u0430\u0440\u0441\u0430 \u0410\u043b\u0430\u043c\u0435 &#8226; \u042d\u043a\u0441\u043a\u0443\u0440\u0441\u0438\u0438 Skyline","isPartOf":{"@id":"https:\/\/skyline-gs.com\/it\/#website"},"primaryImageOfPage":{"@id":"https:\/\/skyline-gs.com\/fr\/produit\/diving-marsaalam\/#primaryimage"},"image":{"@id":"https:\/\/skyline-gs.com\/fr\/produit\/diving-marsaalam\/#primaryimage"},"thumbnailUrl":"https:\/\/skyline-gs.com\/wp-content\/uploads\/2021\/10\/DALL\u00b7E-2025-09-07-16.34.55-A-hyper-realistic-underwater-scene-of-scuba-diving-in-Marsa-Alam-Egypt.-The-image-shows-a-diver-in-full-scuba-gear-swimming-near-a-vibrant-coral-reef-e1757254489651.webp","datePublished":"2021-10-26T18:17:20+00:00","dateModified":"2025-10-29T17:55:55+00:00","breadcrumb":{"@id":"https:\/\/skyline-gs.com\/fr\/produit\/diving-marsaalam\/#breadcrumb"},"inLanguage":"de","potentialAction":[{"@type":"ReadAction","target":["https:\/\/skyline-gs.com\/fr\/produit\/diving-marsaalam\/"]}]},{"@type":"ImageObject","inLanguage":"de","@id":"https:\/\/skyline-gs.com\/fr\/produit\/diving-marsaalam\/#primaryimage","url":"https:\/\/skyline-gs.com\/wp-content\/uploads\/2021\/10\/DALL\u00b7E-2025-09-07-16.34.55-A-hyper-realistic-underwater-scene-of-scuba-diving-in-Marsa-Alam-Egypt.-The-image-shows-a-diver-in-full-scuba-gear-swimming-near-a-vibrant-coral-reef-e1757254489651.webp","contentUrl":"https:\/\/skyline-gs.com\/wp-content\/uploads\/2021\/10\/DALL\u00b7E-2025-09-07-16.34.55-A-hyper-realistic-underwater-scene-of-scuba-diving-in-Marsa-Alam-Egypt.-The-image-shows-a-diver-in-full-scuba-gear-swimming-near-a-vibrant-coral-reef-e1757254489651.webp","width":700,"height":400},{"@type":"BreadcrumbList","@id":"https:\/\/skyline-gs.com\/fr\/produit\/diving-marsaalam\/#breadcrumb","itemListElement":[{"@type":"ListItem","position":1,"name":"\u0413\u043b\u0430\u0432\u043d\u0430\u044f \u0441\u0442\u0440\u0430\u043d\u0438\u0446\u0430","item":"https:\/\/skyline-gs.com\/hu\/"},{"@type":"ListItem","position":2,"name":"\u041c\u0430\u0433\u0430\u0437\u0438\u043d","item":"https:\/\/skyline-gs.com\/cs\/shop\/"},{"@type":"ListItem","position":3,"name":"\u0414\u0430\u0439\u0432\u0438\u043d\u0433 \u0432 \u041c\u0430\u0440\u0441\u0430 \u0410\u043b\u0430\u043c\u0435"}]},{"@type":"WebSite","@id":"https:\/\/skyline-gs.com\/it\/#website","url":"https:\/\/skyline-gs.com\/it\/","name":"Skyline Ausfl\u00fcge","description":"Exklusive Ausfl\u00fcge in den besten Resorts der Welt","publisher":{"@id":"https:\/\/skyline-gs.com\/it\/#organization"},"alternateName":"Skyline","potentialAction":[{"@type":"SearchAction","target":{"@type":"EntryPoint","urlTemplate":"https:\/\/skyline-gs.com\/it\/?s={search_term_string}"},"query-input":{"@type":"PropertyValueSpecification","valueRequired":true,"valueName":"search_term_string"}}],"inLanguage":"de"},{"@type":"Organization","@id":"https:\/\/skyline-gs.com\/it\/#organization","name":"Skyline Ausfl\u00fcge","alternateName":"\u042d\u043a\u0441\u043a\u0443\u0440\u0441\u0438\u0438 Skyline","url":"https:\/\/skyline-gs.com\/it\/","logo":{"@type":"ImageObject","inLanguage":"de","@id":"https:\/\/skyline-gs.com\/it\/#\/schema\/logo\/image\/","url":"https:\/\/skyline-gs.com\/wp-content\/uploads\/2020\/12\/cropped-logo-2.png","contentUrl":"https:\/\/skyline-gs.com\/wp-content\/uploads\/2020\/12\/cropped-logo-2.png","width":512,"height":512,"caption":"\u042d\u043a\u0441\u043a\u0443\u0440\u0441\u0438\u0438 Skyline"},"image":{"@id":"https:\/\/skyline-gs.com\/it\/#\/schema\/logo\/image\/"},"sameAs":["https:\/\/www.instagram.com\/skylineglobalservice\/"]}]}},"_links":{"self":[{"href":"https:\/\/skyline-gs.com\/de\/wp-json\/wp\/v2\/product\/32659","targetHints":{"allow":["GET"]}}],"collection":[{"href":"https:\/\/skyline-gs.com\/de\/wp-json\/wp\/v2\/product"}],"about":[{"href":"https:\/\/skyline-gs.com\/de\/wp-json\/wp\/v2\/types\/product"}],"version-history":[{"count":0,"href":"https:\/\/skyline-gs.com\/de\/wp-json\/wp\/v2\/product\/32659\/revisions"}],"wp:featuredmedia":[{"embeddable":true,"href":"https:\/\/skyline-gs.com\/de\/wp-json\/wp\/v2\/media\/65750"}],"wp:attachment":[{"href":"https:\/\/skyline-gs.com\/de\/wp-json\/wp\/v2\/media?parent=32659"}],"wp:term":[{"taxonomy":"product_brand","embeddable":true,"href":"https:\/\/skyline-gs.com\/de\/wp-json\/wp\/v2\/product_brand?post=32659"},{"taxonomy":"product_cat","embeddable":true,"href":"https:\/\/skyline-gs.com\/de\/wp-json\/wp\/v2\/product_cat?post=32659"},{"taxonomy":"product_tag","embeddable":true,"href":"https:\/\/skyline-gs.com\/de\/wp-json\/wp\/v2\/product_tag?post=32659"}],"curies":[{"name":"wp","href":"https:\/\/api.w.org\/{rel}","templated":true}]}}