{"id":31560,"date":"2021-09-18T12:34:23","date_gmt":"2021-09-18T10:34:23","guid":{"rendered":"http:\/\/skyline-gs.com\/?post_type=product&#038;p=31560"},"modified":"2025-12-15T12:35:18","modified_gmt":"2025-12-15T10:35:18","slug":"colored-canyon-sharm","status":"publish","type":"product","link":"https:\/\/skyline-gs.com\/de\/product\/colored-canyon-sharm\/","title":{"rendered":"Bunte Salama-Schlucht 4 in 1"},"content":{"rendered":"<p>Eine Jeep-Safari zum Salama Coloured Canyon und atemberaubendes Schnorcheln im Abu Galoum Nature Reserve ist eine der besten Safaris auf der Sinai-Halbinsel! An einem Tag besuchen Sie zwei Wunder der Sinai-Halbinsel - den faszinierenden Salama Coloured Canyon und aufregendes Schnorcheln an einem der besten Pl\u00e4tze im Abu Galoum Reservat in der N\u00e4he der Stadt Dahab. Sie k\u00f6nnen auf Kamelen direkt am Roten Meer reiten und den \"Orientalischen Basar\" in der Stadt Dahab (Goldene Stadt) besuchen.<\/p>\n<p>8:00 Uhr Abfahrt vom Hotel. Die Fahrt dauert etwa 1,5 Stunden. Auf dem Weg zum Canyon machen wir einen Zwischenstopp f\u00fcr Fotos. Die W\u00fcstenlandschaften sind einfach faszinierend. Der Coloured Canyon \"Salama\" ist der gr\u00f6\u00dfte und sch\u00f6nste der zug\u00e4nglichen Canyons. Die Canyonw\u00e4nde sind wie geschichtete Torten, jede Schicht in unterschiedlichen Farben, und die bizarren Biegungen und Schichten spielen in der Sonne in allen m\u00f6glichen Farben. Sie erwartet ein 1,5-st\u00fcndiger Spaziergang durch dieses erstaunliche Naturwunder.<\/p>\n<p>Als N\u00e4chstes fahren wir zum Abu-Galum-Reservat, das am Golf von Akaba n\u00f6rdlich von Dahab liegt. Sie werden einen Kamelritt entlang der K\u00fcste unternehmen. Gegen eine zus\u00e4tzliche Geb\u00fchr von +10$ k\u00f6nnen Sie auch eine Fahrt mit dem Quad entlang der K\u00fcste unternehmen.<\/p>\n<p>In Abu Galum k\u00f6nnen Sie die Sch\u00f6nheit und Vielfalt der Unterwasserwelt des Roten Meeres beim Schnorcheln entlang der weltber\u00fchmten \"Three Pools\" oder des \"Dive Canyon\" mit 200 m langen Riffen genie\u00dfen. Hier, am Ufer des Golfs von Aqaba, wird Ihnen ein warmes Mittagessen serviert (Getr\u00e4nke gegen Aufpreis).<\/p>\n<ul>\n<li><strong>Wichtig:<\/strong> Das Mitf\u00fchren einer Schwimmweste ist obligatorisch, das Schwimmen ohne sie ist an diesem Ort verboten (man kann sie am Ausr\u00fcstungsverleih ausleihen).<\/li>\n<\/ul>\n<p>Auf dem R\u00fcckweg besuchen wir die Stadt Dahab und ihren farbenfrohen \"Oriental Bazaar\", der keiner der anderen St\u00e4dte in \u00c4gypten \u00e4hnelt und im Hippie-Stil gehalten ist. (Diese wurden einst zur Entwicklung des kleinen Beduinen-Dorfes und zur weltweiten Popularit\u00e4t der Stadt Dahab.) Hier k\u00f6nnen Sie heilende und kosmetische \u00d6le, Essenzen, Parfums, \u00e4gyptische Souvenirs und wundersch\u00f6ne Kleidung im nationalen Stil erwerben. Die R\u00fcckkehr ins Hotel erfolgt gegen 19:00 Uhr.<\/p>\n<p><strong>Inbegriffen:<\/strong><\/p>\n<ul>\n<li>Transfer vom Hotel und zur\u00fcck<\/li>\n<li>Englischsprachiger Reiseleiter<\/li>\n<li>Abendessen<\/li>\n<li>Eintrittskarten<\/li>\n<li>Jeep-Safari<\/li>\n<li>Coloured Canyon \"Salama\"<\/li>\n<li>Schnorcheln im Abu Galum Nature Reserve<\/li>\n<li>Kamelreiten<\/li>\n<\/ul>\n<p><strong>Nicht enthalten:<\/strong><\/p>\n<ul>\n<li>Getr\u00e4nke w\u00e4hrend des mittagessens<\/li>\n<li>Verleih von Schnorchelausr\u00fcstung: Maske, Flossen, Schwimmweste<\/li>\n<li>Quadfahren +10$ (optional)<\/li>\n<\/ul>\n<p><strong>Nimm mit:<\/strong><\/p>\n<ul>\n<li>Reisepass (Original) und eine Kopie des Reisepasses (1 Kopie).<\/li>\n<li>Schnorchelmaske<\/li>\n<li>Sonnenbrille<\/li>\n<li>Badeanzug, Badehose<\/li>\n<li>Wasser<\/li>\n<li>Sonnencreme<\/li>\n<li>Handtuch<\/li>\n<li>Geld f\u00fcr pers\u00f6nliche Ausgaben<\/li>\n<li>Bequeme schuhe, laufschuhe<\/li>\n<li>Korallenschuhe<\/li>\n<\/ul>","protected":false},"excerpt":{"rendered":"<p><strong>Tourzeit:<\/strong> 8:00 \u2014 19:00<\/p>\n<p><strong>Veranstaltungstage:<\/strong> T\u00e4glich<\/p>","protected":false},"featured_media":61375,"template":"","meta":{"_kad_post_transparent":"default","_kad_post_title":"","_kad_post_layout":"default","_kad_post_sidebar_id":"","_kad_post_content_style":"default","_kad_post_vertical_padding":"default","_kad_post_feature":"","_kad_post_feature_position":"","_kad_post_header":false,"_kad_post_footer":false,"_kad_post_classname":"","_glsr_average":0,"_glsr_ranking":0,"_glsr_reviews":0},"product_brand":[],"product_cat":[435],"product_tag":[],"class_list":{"0":"post-31560","1":"product","2":"type-product","3":"status-publish","4":"has-post-thumbnail","6":"product_cat-sharm-el-sheikh","7":"tm-has-options","9":"first","10":"instock","11":"sale","12":"sold-individually","13":"taxable","14":"shipping-taxable","15":"purchasable","16":"product-type-simple","17":"entry","18":"content-bg","19":"loop-entry"},"yoast_head":"<!-- This site is optimized with the Yoast SEO plugin v27.3 - https:\/\/yoast.com\/product\/yoast-seo-wordpress\/ -->\n<title>\u0426\u0432\u0435\u0442\u043d\u043e\u0439 \u043a\u0430\u043d\u044c\u043e\u043d \u0421\u0430\u043b\u0430\u043c\u0430 4 \u0432 1 &#8226; \u042d\u043a\u0441\u043a\u0443\u0440\u0441\u0438\u0438 Skyline<\/title>\n<meta name=\"robots\" content=\"index, follow, max-snippet:-1, max-image-preview:large, max-video-preview:-1\" \/>\n<link rel=\"canonical\" href=\"https:\/\/skyline-gs.com\/de\/produkt\/colored-canyon-sharm\/\" \/>\n<meta property=\"og:locale\" content=\"de_DE\" \/>\n<meta property=\"og:type\" content=\"article\" \/>\n<meta property=\"og:title\" content=\"\u0426\u0432\u0435\u0442\u043d\u043e\u0439 \u043a\u0430\u043d\u044c\u043e\u043d \u0421\u0430\u043b\u0430\u043c\u0430 4 \u0432 1 &#8226; \u042d\u043a\u0441\u043a\u0443\u0440\u0441\u0438\u0438 Skyline\" \/>\n<meta property=\"og:description\" content=\"\u0412\u0440\u0435\u043c\u044f \u0442\u0443\u0440\u0430: 8:00 - 19:00  \u0414\u043d\u0438 \u043f\u0440\u043e\u0432\u0435\u0434\u0435\u043d\u0438\u044f: \u041a\u0430\u0436\u0434\u044b\u0439 \u0434\u0435\u043d\u044c\" \/>\n<meta property=\"og:url\" content=\"https:\/\/skyline-gs.com\/de\/produkt\/colored-canyon-sharm\/\" \/>\n<meta property=\"og:site_name\" content=\"\u042d\u043a\u0441\u043a\u0443\u0440\u0441\u0438\u0438 Skyline\" \/>\n<meta property=\"article:modified_time\" content=\"2025-12-15T10:35:18+00:00\" \/>\n<meta property=\"og:image\" content=\"https:\/\/skyline-gs.com\/wp-content\/uploads\/2021\/09\/12-3.png\" \/>\n\t<meta property=\"og:image:width\" content=\"669\" \/>\n\t<meta property=\"og:image:height\" content=\"446\" \/>\n\t<meta property=\"og:image:type\" content=\"image\/png\" \/>\n<meta name=\"twitter:card\" content=\"summary_large_image\" \/>\n<meta name=\"twitter:label1\" content=\"Gesch\u00e4tzte Lesezeit\" \/>\n\t<meta name=\"twitter:data1\" content=\"3\u00a0Minuten\" \/>\n<script type=\"application\/ld+json\" class=\"yoast-schema-graph\">{\"@context\":\"https:\\\/\\\/schema.org\",\"@graph\":[{\"@type\":\"WebPage\",\"@id\":\"https:\\\/\\\/skyline-gs.com\\\/product\\\/colored-canyon-sharm\\\/\",\"url\":\"https:\\\/\\\/skyline-gs.com\\\/product\\\/colored-canyon-sharm\\\/\",\"name\":\"\u0426\u0432\u0435\u0442\u043d\u043e\u0439 \u043a\u0430\u043d\u044c\u043e\u043d \u0421\u0430\u043b\u0430\u043c\u0430 4 \u0432 1 &#8226; \u042d\u043a\u0441\u043a\u0443\u0440\u0441\u0438\u0438 Skyline\",\"isPartOf\":{\"@id\":\"https:\\\/\\\/skyline-gs.com\\\/it\\\/#website\"},\"primaryImageOfPage\":{\"@id\":\"https:\\\/\\\/skyline-gs.com\\\/product\\\/colored-canyon-sharm\\\/#primaryimage\"},\"image\":{\"@id\":\"https:\\\/\\\/skyline-gs.com\\\/product\\\/colored-canyon-sharm\\\/#primaryimage\"},\"thumbnailUrl\":\"https:\\\/\\\/skyline-gs.com\\\/wp-content\\\/uploads\\\/2021\\\/09\\\/12-3.png\",\"datePublished\":\"2021-09-18T10:34:23+00:00\",\"dateModified\":\"2025-12-15T10:35:18+00:00\",\"breadcrumb\":{\"@id\":\"https:\\\/\\\/skyline-gs.com\\\/product\\\/colored-canyon-sharm\\\/#breadcrumb\"},\"inLanguage\":\"de\",\"potentialAction\":[{\"@type\":\"ReadAction\",\"target\":[\"https:\\\/\\\/skyline-gs.com\\\/product\\\/colored-canyon-sharm\\\/\"]}]},{\"@type\":\"ImageObject\",\"inLanguage\":\"de\",\"@id\":\"https:\\\/\\\/skyline-gs.com\\\/product\\\/colored-canyon-sharm\\\/#primaryimage\",\"url\":\"https:\\\/\\\/skyline-gs.com\\\/wp-content\\\/uploads\\\/2021\\\/09\\\/12-3.png\",\"contentUrl\":\"https:\\\/\\\/skyline-gs.com\\\/wp-content\\\/uploads\\\/2021\\\/09\\\/12-3.png\",\"width\":669,\"height\":446},{\"@type\":\"BreadcrumbList\",\"@id\":\"https:\\\/\\\/skyline-gs.com\\\/product\\\/colored-canyon-sharm\\\/#breadcrumb\",\"itemListElement\":[{\"@type\":\"ListItem\",\"position\":1,\"name\":\"\u0413\u043b\u0430\u0432\u043d\u0430\u044f \u0441\u0442\u0440\u0430\u043d\u0438\u0446\u0430\",\"item\":\"https:\\\/\\\/skyline-gs.com\\\/hu\\\/\"},{\"@type\":\"ListItem\",\"position\":2,\"name\":\"\u041c\u0430\u0433\u0430\u0437\u0438\u043d\",\"item\":\"https:\\\/\\\/skyline-gs.com\\\/cs\\\/shop\\\/\"},{\"@type\":\"ListItem\",\"position\":3,\"name\":\"\u0426\u0432\u0435\u0442\u043d\u043e\u0439 \u043a\u0430\u043d\u044c\u043e\u043d \u0421\u0430\u043b\u0430\u043c\u0430 4 \u0432 1\"}]},{\"@type\":\"WebSite\",\"@id\":\"https:\\\/\\\/skyline-gs.com\\\/it\\\/#website\",\"url\":\"https:\\\/\\\/skyline-gs.com\\\/it\\\/\",\"name\":\"\u042d\u043a\u0441\u043a\u0443\u0440\u0441\u0438\u0438 Skyline\",\"description\":\"\u042d\u043a\u0441\u043a\u043b\u044e\u0437\u0438\u0432\u043d\u044b\u0435 \u044d\u043a\u0441\u043a\u0443\u0440\u0441\u0438\u0438 \u043d\u0430 \u043b\u0443\u0447\u0448\u0438\u0445 \u043a\u0443\u0440\u043e\u0440\u0442\u0430\u0445 \u043c\u0438\u0440\u0430\",\"publisher\":{\"@id\":\"https:\\\/\\\/skyline-gs.com\\\/it\\\/#organization\"},\"alternateName\":\"Skyline\",\"potentialAction\":[{\"@type\":\"SearchAction\",\"target\":{\"@type\":\"EntryPoint\",\"urlTemplate\":\"https:\\\/\\\/skyline-gs.com\\\/it\\\/?s={search_term_string}\"},\"query-input\":{\"@type\":\"PropertyValueSpecification\",\"valueRequired\":true,\"valueName\":\"search_term_string\"}}],\"inLanguage\":\"de\"},{\"@type\":\"Organization\",\"@id\":\"https:\\\/\\\/skyline-gs.com\\\/it\\\/#organization\",\"name\":\"\u042d\u043a\u0441\u043a\u0443\u0440\u0441\u0438\u0438 Skyline\",\"alternateName\":\"\u042d\u043a\u0441\u043a\u0443\u0440\u0441\u0438\u0438 Skyline\",\"url\":\"https:\\\/\\\/skyline-gs.com\\\/it\\\/\",\"logo\":{\"@type\":\"ImageObject\",\"inLanguage\":\"de\",\"@id\":\"https:\\\/\\\/skyline-gs.com\\\/it\\\/#\\\/schema\\\/logo\\\/image\\\/\",\"url\":\"https:\\\/\\\/skyline-gs.com\\\/wp-content\\\/uploads\\\/2020\\\/12\\\/cropped-logo-2.png\",\"contentUrl\":\"https:\\\/\\\/skyline-gs.com\\\/wp-content\\\/uploads\\\/2020\\\/12\\\/cropped-logo-2.png\",\"width\":512,\"height\":512,\"caption\":\"\u042d\u043a\u0441\u043a\u0443\u0440\u0441\u0438\u0438 Skyline\"},\"image\":{\"@id\":\"https:\\\/\\\/skyline-gs.com\\\/it\\\/#\\\/schema\\\/logo\\\/image\\\/\"},\"sameAs\":[\"https:\\\/\\\/www.instagram.com\\\/skylineglobalservice\\\/\"]}]}<\/script>\n<!-- \/ Yoast SEO plugin. -->","yoast_head_json":{"title":"\u0426\u0432\u0435\u0442\u043d\u043e\u0439 \u043a\u0430\u043d\u044c\u043e\u043d \u0421\u0430\u043b\u0430\u043c\u0430 4 \u0432 1 &#8226; \u042d\u043a\u0441\u043a\u0443\u0440\u0441\u0438\u0438 Skyline","robots":{"index":"index","follow":"follow","max-snippet":"max-snippet:-1","max-image-preview":"max-image-preview:large","max-video-preview":"max-video-preview:-1"},"canonical":"https:\/\/skyline-gs.com\/de\/produkt\/colored-canyon-sharm\/","og_locale":"de_DE","og_type":"article","og_title":"\u0426\u0432\u0435\u0442\u043d\u043e\u0439 \u043a\u0430\u043d\u044c\u043e\u043d \u0421\u0430\u043b\u0430\u043c\u0430 4 \u0432 1 &#8226; \u042d\u043a\u0441\u043a\u0443\u0440\u0441\u0438\u0438 Skyline","og_description":"\u0412\u0440\u0435\u043c\u044f \u0442\u0443\u0440\u0430: 8:00 - 19:00  \u0414\u043d\u0438 \u043f\u0440\u043e\u0432\u0435\u0434\u0435\u043d\u0438\u044f: \u041a\u0430\u0436\u0434\u044b\u0439 \u0434\u0435\u043d\u044c","og_url":"https:\/\/skyline-gs.com\/de\/produkt\/colored-canyon-sharm\/","og_site_name":"\u042d\u043a\u0441\u043a\u0443\u0440\u0441\u0438\u0438 Skyline","article_modified_time":"2025-12-15T10:35:18+00:00","og_image":[{"width":669,"height":446,"url":"https:\/\/skyline-gs.com\/wp-content\/uploads\/2021\/09\/12-3.png","type":"image\/png"}],"twitter_card":"summary_large_image","twitter_misc":{"Gesch\u00e4tzte Lesezeit":"3\u00a0Minuten"},"schema":{"@context":"https:\/\/schema.org","@graph":[{"@type":"WebPage","@id":"https:\/\/skyline-gs.com\/product\/colored-canyon-sharm\/","url":"https:\/\/skyline-gs.com\/product\/colored-canyon-sharm\/","name":"\u0426\u0432\u0435\u0442\u043d\u043e\u0439 \u043a\u0430\u043d\u044c\u043e\u043d \u0421\u0430\u043b\u0430\u043c\u0430 4 \u0432 1 &#8226; \u042d\u043a\u0441\u043a\u0443\u0440\u0441\u0438\u0438 Skyline","isPartOf":{"@id":"https:\/\/skyline-gs.com\/it\/#website"},"primaryImageOfPage":{"@id":"https:\/\/skyline-gs.com\/product\/colored-canyon-sharm\/#primaryimage"},"image":{"@id":"https:\/\/skyline-gs.com\/product\/colored-canyon-sharm\/#primaryimage"},"thumbnailUrl":"https:\/\/skyline-gs.com\/wp-content\/uploads\/2021\/09\/12-3.png","datePublished":"2021-09-18T10:34:23+00:00","dateModified":"2025-12-15T10:35:18+00:00","breadcrumb":{"@id":"https:\/\/skyline-gs.com\/product\/colored-canyon-sharm\/#breadcrumb"},"inLanguage":"de","potentialAction":[{"@type":"ReadAction","target":["https:\/\/skyline-gs.com\/product\/colored-canyon-sharm\/"]}]},{"@type":"ImageObject","inLanguage":"de","@id":"https:\/\/skyline-gs.com\/product\/colored-canyon-sharm\/#primaryimage","url":"https:\/\/skyline-gs.com\/wp-content\/uploads\/2021\/09\/12-3.png","contentUrl":"https:\/\/skyline-gs.com\/wp-content\/uploads\/2021\/09\/12-3.png","width":669,"height":446},{"@type":"BreadcrumbList","@id":"https:\/\/skyline-gs.com\/product\/colored-canyon-sharm\/#breadcrumb","itemListElement":[{"@type":"ListItem","position":1,"name":"\u0413\u043b\u0430\u0432\u043d\u0430\u044f \u0441\u0442\u0440\u0430\u043d\u0438\u0446\u0430","item":"https:\/\/skyline-gs.com\/hu\/"},{"@type":"ListItem","position":2,"name":"\u041c\u0430\u0433\u0430\u0437\u0438\u043d","item":"https:\/\/skyline-gs.com\/cs\/shop\/"},{"@type":"ListItem","position":3,"name":"\u0426\u0432\u0435\u0442\u043d\u043e\u0439 \u043a\u0430\u043d\u044c\u043e\u043d \u0421\u0430\u043b\u0430\u043c\u0430 4 \u0432 1"}]},{"@type":"WebSite","@id":"https:\/\/skyline-gs.com\/it\/#website","url":"https:\/\/skyline-gs.com\/it\/","name":"Skyline Ausfl\u00fcge","description":"Exklusive Ausfl\u00fcge in den besten Resorts der Welt","publisher":{"@id":"https:\/\/skyline-gs.com\/it\/#organization"},"alternateName":"Skyline","potentialAction":[{"@type":"SearchAction","target":{"@type":"EntryPoint","urlTemplate":"https:\/\/skyline-gs.com\/it\/?s={search_term_string}"},"query-input":{"@type":"PropertyValueSpecification","valueRequired":true,"valueName":"search_term_string"}}],"inLanguage":"de"},{"@type":"Organization","@id":"https:\/\/skyline-gs.com\/it\/#organization","name":"Skyline Ausfl\u00fcge","alternateName":"\u042d\u043a\u0441\u043a\u0443\u0440\u0441\u0438\u0438 Skyline","url":"https:\/\/skyline-gs.com\/it\/","logo":{"@type":"ImageObject","inLanguage":"de","@id":"https:\/\/skyline-gs.com\/it\/#\/schema\/logo\/image\/","url":"https:\/\/skyline-gs.com\/wp-content\/uploads\/2020\/12\/cropped-logo-2.png","contentUrl":"https:\/\/skyline-gs.com\/wp-content\/uploads\/2020\/12\/cropped-logo-2.png","width":512,"height":512,"caption":"\u042d\u043a\u0441\u043a\u0443\u0440\u0441\u0438\u0438 Skyline"},"image":{"@id":"https:\/\/skyline-gs.com\/it\/#\/schema\/logo\/image\/"},"sameAs":["https:\/\/www.instagram.com\/skylineglobalservice\/"]}]}},"_links":{"self":[{"href":"https:\/\/skyline-gs.com\/de\/wp-json\/wp\/v2\/product\/31560","targetHints":{"allow":["GET"]}}],"collection":[{"href":"https:\/\/skyline-gs.com\/de\/wp-json\/wp\/v2\/product"}],"about":[{"href":"https:\/\/skyline-gs.com\/de\/wp-json\/wp\/v2\/types\/product"}],"version-history":[{"count":0,"href":"https:\/\/skyline-gs.com\/de\/wp-json\/wp\/v2\/product\/31560\/revisions"}],"wp:featuredmedia":[{"embeddable":true,"href":"https:\/\/skyline-gs.com\/de\/wp-json\/wp\/v2\/media\/61375"}],"wp:attachment":[{"href":"https:\/\/skyline-gs.com\/de\/wp-json\/wp\/v2\/media?parent=31560"}],"wp:term":[{"taxonomy":"product_brand","embeddable":true,"href":"https:\/\/skyline-gs.com\/de\/wp-json\/wp\/v2\/product_brand?post=31560"},{"taxonomy":"product_cat","embeddable":true,"href":"https:\/\/skyline-gs.com\/de\/wp-json\/wp\/v2\/product_cat?post=31560"},{"taxonomy":"product_tag","embeddable":true,"href":"https:\/\/skyline-gs.com\/de\/wp-json\/wp\/v2\/product_tag?post=31560"}],"curies":[{"name":"wp","href":"https:\/\/api.w.org\/{rel}","templated":true}]}}