{"id":31521,"date":"2021-09-17T23:37:36","date_gmt":"2021-09-17T21:37:36","guid":{"rendered":"http:\/\/skyline-gs.com\/?post_type=product&#038;p=31521"},"modified":"2023-08-25T17:13:20","modified_gmt":"2023-08-25T15:13:20","slug":"3-day-trip-to-the-white-desert-and-djara-cave-cairo","status":"publish","type":"product","link":"https:\/\/skyline-gs.com\/de\/product\/3-day-trip-to-the-white-desert-and-djara-cave-cairo\/","title":{"rendered":"Expedition in die Wei\u00dfe W\u00fcste und Jarra-H\u00f6hle, 3 Tage"},"content":{"rendered":"<p><strong>Tag 1<\/strong><\/p>\n<p>Um 7:00 Uhr verlassen Sie Ihr Hotel und machen sich auf den Weg zur Oase Bahariya. Die Fahrt dauert etwa 5 Stunden. Bahariya ist eine wahre Oase in der W\u00fcste! Nach Ihrer Ankunft in Bahariya werden Sie zuerst zu Mittag essen, bevor Sie sich mit einem Jeep auf den Weg in die Schwarze W\u00fcste machen. Dieses Gebiet im S\u00fcdwesten von Kairo ist von schwarzen H\u00fcgeln gepr\u00e4gt. Diese H\u00fcgel haben unterschiedliche Formen und k\u00f6nnen bis zu hundert Meter hoch sein. Sie sind mit einer Schicht aus schwarzem Basalt bedeckt, was der Region ihren Namen gibt.\nSie werden den Berg Al-Marsus besuchen und dann in ein Beduinendorf fahren, wo Sie zu Mittag essen werden. Ihre Reise wird fortgesetzt, um die Kristallberge zu besichtigen, und Sie werden die Kristallh\u00f6hle sehen. Sie werden auch die Perforierte Berg besuchen. Danach geht es zu den Sandd\u00fcnen, wo Sie Sandboarding ausprobieren k\u00f6nnen. Sie werden in der W\u00fcste \u00fcbernachten.<\/p>\n<p><strong>Tag 2<\/strong><\/p>\n<p>Unser Tag beginnt mit einer kurzen Wanderung auf einen H\u00fcgel, um den Sonnenaufgang mit einer atemberaubenden Aussicht zu fotografieren. Dann fr\u00fchst\u00fccken wir und fahren zum Cave Road. Dort besuchen wir die Djarra-H\u00f6hle. Nach dem Mittagessen geht es weiter zum Cypress Eye und Magical Eye. Wir fahren durch das Gro\u00dfe Tal und dann in die Wei\u00dfe W\u00fcste, wo wir die Chicken and Mushroom Rocks besichtigen.\n\nIn der Wei\u00dfen W\u00fcste schlagen wir unser Lager auf, haben ein Abendessen und verbringen den Abend am Lagerfeuer in Begleitung der Beduinen, die Geschichten aus ihrem Alltag erz\u00e4hlen und uns mit Zebra-Tee bewirten.<\/p>\n<p><strong>Tag 3<\/strong><\/p>\n<p>Wir werden den unvergesslichen Sonnenaufgang in der Wei\u00dfen W\u00fcste fotografieren. Dann gibt es Fr\u00fchst\u00fcck. Anschlie\u00dfend werden wir Sie mit der antiken W\u00fcste vertraut machen. Wir besuchen Oasen und eine nat\u00fcrliche hei\u00dfe Quelle. Dann erwarten uns der ber\u00fchmte \"Kovsh,\" der englische Berg und der Markt in der Oase, wo Sie Datteln und Oliven\u00f6l kaufen k\u00f6nnen. R\u00fcckkehr nach Kairo. Gegen 15:00 Uhr werden Sie bereits wieder in Ihrem Hotel sein.<\/p>\n<p><strong>Inbegriffen:<\/strong><\/p>\n<ul>\n<li>Transfer vom Hotel und zur\u00fcck<\/li>\n<li>Englischsprachiger \u00e4gyptologischer F\u00fchrer<\/li>\n<li>2 N\u00e4chte im Camping in malerischen W\u00fcstengebieten<\/li>\n<li>Eintrittsgelder zu allen genannten Attraktionen<\/li>\n<li>Verpflegung: 1. Tag - Mittagessen, Abendessen; 2. Tag - Fr\u00fchst\u00fcck, Mittagessen, Abendessen; 3. Tag - Fr\u00fchst\u00fcck<\/li>\n<li>Wasser<\/li>\n<\/ul>\n<p><strong>Nicht enthalten:<\/strong><\/p>\n<ul>\n<li>Pers\u00f6nliche Ausgaben<\/li>\n<\/ul>\n<p><strong>Nimm mit:<\/strong><\/p>\n<ul>\n<li>Foto- und Videokamera<\/li>\n<li>Kopfbedeckung<\/li>\n<li>Geld f\u00fcr pers\u00f6nliche Ausgaben und Souvenirs<\/li>\n<li>Bequeme Schuhe<\/li>\n<li>Warme Kleidung (es kann nachts in der W\u00fcste k\u00fchl werden)<\/li>\n<\/ul>","protected":false},"excerpt":{"rendered":"<p><strong>Dauer: <\/strong>3 Tage<\/p>\n<p><strong>Veranstaltungstage:<\/strong> T\u00e4glich, au\u00dfer sonntags<\/p>","protected":false},"featured_media":31545,"template":"","meta":{"_kad_post_transparent":"default","_kad_post_title":"","_kad_post_layout":"default","_kad_post_sidebar_id":"","_kad_post_content_style":"default","_kad_post_vertical_padding":"default","_kad_post_feature":"","_kad_post_feature_position":"","_kad_post_header":false,"_kad_post_footer":false,"_kad_post_classname":"","_glsr_average":0,"_glsr_ranking":0,"_glsr_reviews":0},"product_brand":[],"product_cat":[295],"product_tag":[],"class_list":{"0":"post-31521","1":"product","2":"type-product","3":"status-publish","4":"has-post-thumbnail","6":"product_cat-uncategorized","7":"tm-has-options","9":"first","10":"instock","11":"sold-individually","12":"taxable","13":"shipping-taxable","14":"purchasable","15":"product-type-simple","16":"entry","17":"content-bg","18":"loop-entry"},"yoast_head":"<!-- This site is optimized with the Yoast SEO plugin v27.3 - https:\/\/yoast.com\/product\/yoast-seo-wordpress\/ -->\n<title>\u042d\u043a\u0441\u043f\u0435\u0434\u0438\u0446\u0438\u044f \u0432 \u0411\u0435\u043b\u0443\u044e \u043f\u0443\u0441\u0442\u044b\u043d\u044e \u0438 \u043f\u0435\u0449\u0435\u0440\u0430 \u0414\u0436\u0430\u0440\u0430 3 \u0434\u043d\u044f &#8226; \u042d\u043a\u0441\u043a\u0443\u0440\u0441\u0438\u0438 Skyline<\/title>\n<meta name=\"robots\" content=\"index, follow, max-snippet:-1, max-image-preview:large, max-video-preview:-1\" \/>\n<link rel=\"canonical\" href=\"https:\/\/skyline-gs.com\/de\/produkt\/3-day-trip-to-the-white-desert-and-djara-cave-cairo\/\" \/>\n<meta property=\"og:locale\" content=\"de_DE\" \/>\n<meta property=\"og:type\" content=\"article\" \/>\n<meta property=\"og:title\" content=\"\u042d\u043a\u0441\u043f\u0435\u0434\u0438\u0446\u0438\u044f \u0432 \u0411\u0435\u043b\u0443\u044e \u043f\u0443\u0441\u0442\u044b\u043d\u044e \u0438 \u043f\u0435\u0449\u0435\u0440\u0430 \u0414\u0436\u0430\u0440\u0430 3 \u0434\u043d\u044f &#8226; \u042d\u043a\u0441\u043a\u0443\u0440\u0441\u0438\u0438 Skyline\" \/>\n<meta property=\"og:description\" content=\"\u0414\u043b\u0438\u0442\u0435\u043b\u044c\u043d\u043e\u0441\u0442\u044c: 3 \u0434\u043d\u044f  \u0414\u043d\u0438 \u043f\u0440\u043e\u0432\u0435\u0434\u0435\u043d\u0438\u044f: \u0435\u0436\u0435\u0434\u043d\u0435\u0432\u043d\u043e, \u043a\u0440\u043e\u043c\u0435 \u0432\u043e\u0441\u043a\u0440\u0435\u0441\u0435\u043d\u0438\u044f\" \/>\n<meta property=\"og:url\" content=\"https:\/\/skyline-gs.com\/de\/produkt\/3-day-trip-to-the-white-desert-and-djara-cave-cairo\/\" \/>\n<meta property=\"og:site_name\" content=\"\u042d\u043a\u0441\u043a\u0443\u0440\u0441\u0438\u0438 Skyline\" \/>\n<meta property=\"article:modified_time\" content=\"2023-08-25T15:13:20+00:00\" \/>\n<meta property=\"og:image\" content=\"https:\/\/skyline-gs.com\/wp-content\/uploads\/2021\/09\/Belaya-i-chernaya-pustyni-11-of-14.jpg\" \/>\n\t<meta property=\"og:image:width\" content=\"900\" \/>\n\t<meta property=\"og:image:height\" content=\"600\" \/>\n\t<meta property=\"og:image:type\" content=\"image\/jpeg\" \/>\n<meta name=\"twitter:card\" content=\"summary_large_image\" \/>\n<meta name=\"twitter:label1\" content=\"Gesch\u00e4tzte Lesezeit\" \/>\n\t<meta name=\"twitter:data1\" content=\"2\u00a0Minuten\" \/>\n<script type=\"application\/ld+json\" class=\"yoast-schema-graph\">{\"@context\":\"https:\\\/\\\/schema.org\",\"@graph\":[{\"@type\":\"WebPage\",\"@id\":\"https:\\\/\\\/skyline-gs.com\\\/de\\\/produkt\\\/3-day-trip-to-the-white-desert-and-djara-cave-cairo\\\/\",\"url\":\"https:\\\/\\\/skyline-gs.com\\\/de\\\/produkt\\\/3-day-trip-to-the-white-desert-and-djara-cave-cairo\\\/\",\"name\":\"\u042d\u043a\u0441\u043f\u0435\u0434\u0438\u0446\u0438\u044f \u0432 \u0411\u0435\u043b\u0443\u044e \u043f\u0443\u0441\u0442\u044b\u043d\u044e \u0438 \u043f\u0435\u0449\u0435\u0440\u0430 \u0414\u0436\u0430\u0440\u0430 3 \u0434\u043d\u044f &#8226; \u042d\u043a\u0441\u043a\u0443\u0440\u0441\u0438\u0438 Skyline\",\"isPartOf\":{\"@id\":\"https:\\\/\\\/skyline-gs.com\\\/it\\\/#website\"},\"primaryImageOfPage\":{\"@id\":\"https:\\\/\\\/skyline-gs.com\\\/de\\\/produkt\\\/3-day-trip-to-the-white-desert-and-djara-cave-cairo\\\/#primaryimage\"},\"image\":{\"@id\":\"https:\\\/\\\/skyline-gs.com\\\/de\\\/produkt\\\/3-day-trip-to-the-white-desert-and-djara-cave-cairo\\\/#primaryimage\"},\"thumbnailUrl\":\"https:\\\/\\\/skyline-gs.com\\\/wp-content\\\/uploads\\\/2021\\\/09\\\/Belaya-i-chernaya-pustyni-11-of-14.jpg\",\"datePublished\":\"2021-09-17T21:37:36+00:00\",\"dateModified\":\"2023-08-25T15:13:20+00:00\",\"breadcrumb\":{\"@id\":\"https:\\\/\\\/skyline-gs.com\\\/de\\\/produkt\\\/3-day-trip-to-the-white-desert-and-djara-cave-cairo\\\/#breadcrumb\"},\"inLanguage\":\"de\",\"potentialAction\":[{\"@type\":\"ReadAction\",\"target\":[\"https:\\\/\\\/skyline-gs.com\\\/de\\\/produkt\\\/3-day-trip-to-the-white-desert-and-djara-cave-cairo\\\/\"]}]},{\"@type\":\"ImageObject\",\"inLanguage\":\"de\",\"@id\":\"https:\\\/\\\/skyline-gs.com\\\/de\\\/produkt\\\/3-day-trip-to-the-white-desert-and-djara-cave-cairo\\\/#primaryimage\",\"url\":\"https:\\\/\\\/skyline-gs.com\\\/wp-content\\\/uploads\\\/2021\\\/09\\\/Belaya-i-chernaya-pustyni-11-of-14.jpg\",\"contentUrl\":\"https:\\\/\\\/skyline-gs.com\\\/wp-content\\\/uploads\\\/2021\\\/09\\\/Belaya-i-chernaya-pustyni-11-of-14.jpg\",\"width\":900,\"height\":600},{\"@type\":\"BreadcrumbList\",\"@id\":\"https:\\\/\\\/skyline-gs.com\\\/de\\\/produkt\\\/3-day-trip-to-the-white-desert-and-djara-cave-cairo\\\/#breadcrumb\",\"itemListElement\":[{\"@type\":\"ListItem\",\"position\":1,\"name\":\"\u0413\u043b\u0430\u0432\u043d\u0430\u044f \u0441\u0442\u0440\u0430\u043d\u0438\u0446\u0430\",\"item\":\"https:\\\/\\\/skyline-gs.com\\\/hu\\\/\"},{\"@type\":\"ListItem\",\"position\":2,\"name\":\"\u041c\u0430\u0433\u0430\u0437\u0438\u043d\",\"item\":\"https:\\\/\\\/skyline-gs.com\\\/cs\\\/shop\\\/\"},{\"@type\":\"ListItem\",\"position\":3,\"name\":\"\u042d\u043a\u0441\u043f\u0435\u0434\u0438\u0446\u0438\u044f \u0432 \u0411\u0435\u043b\u0443\u044e \u043f\u0443\u0441\u0442\u044b\u043d\u044e \u0438 \u043f\u0435\u0449\u0435\u0440\u0430 \u0414\u0436\u0430\u0440\u0430 3 \u0434\u043d\u044f\"}]},{\"@type\":\"WebSite\",\"@id\":\"https:\\\/\\\/skyline-gs.com\\\/it\\\/#website\",\"url\":\"https:\\\/\\\/skyline-gs.com\\\/it\\\/\",\"name\":\"\u042d\u043a\u0441\u043a\u0443\u0440\u0441\u0438\u0438 Skyline\",\"description\":\"\u042d\u043a\u0441\u043a\u043b\u044e\u0437\u0438\u0432\u043d\u044b\u0435 \u044d\u043a\u0441\u043a\u0443\u0440\u0441\u0438\u0438 \u043d\u0430 \u043b\u0443\u0447\u0448\u0438\u0445 \u043a\u0443\u0440\u043e\u0440\u0442\u0430\u0445 \u043c\u0438\u0440\u0430\",\"publisher\":{\"@id\":\"https:\\\/\\\/skyline-gs.com\\\/it\\\/#organization\"},\"alternateName\":\"Skyline\",\"potentialAction\":[{\"@type\":\"SearchAction\",\"target\":{\"@type\":\"EntryPoint\",\"urlTemplate\":\"https:\\\/\\\/skyline-gs.com\\\/it\\\/?s={search_term_string}\"},\"query-input\":{\"@type\":\"PropertyValueSpecification\",\"valueRequired\":true,\"valueName\":\"search_term_string\"}}],\"inLanguage\":\"de\"},{\"@type\":\"Organization\",\"@id\":\"https:\\\/\\\/skyline-gs.com\\\/it\\\/#organization\",\"name\":\"\u042d\u043a\u0441\u043a\u0443\u0440\u0441\u0438\u0438 Skyline\",\"alternateName\":\"\u042d\u043a\u0441\u043a\u0443\u0440\u0441\u0438\u0438 Skyline\",\"url\":\"https:\\\/\\\/skyline-gs.com\\\/it\\\/\",\"logo\":{\"@type\":\"ImageObject\",\"inLanguage\":\"de\",\"@id\":\"https:\\\/\\\/skyline-gs.com\\\/it\\\/#\\\/schema\\\/logo\\\/image\\\/\",\"url\":\"https:\\\/\\\/skyline-gs.com\\\/wp-content\\\/uploads\\\/2020\\\/12\\\/cropped-logo-2.png\",\"contentUrl\":\"https:\\\/\\\/skyline-gs.com\\\/wp-content\\\/uploads\\\/2020\\\/12\\\/cropped-logo-2.png\",\"width\":512,\"height\":512,\"caption\":\"\u042d\u043a\u0441\u043a\u0443\u0440\u0441\u0438\u0438 Skyline\"},\"image\":{\"@id\":\"https:\\\/\\\/skyline-gs.com\\\/it\\\/#\\\/schema\\\/logo\\\/image\\\/\"},\"sameAs\":[\"https:\\\/\\\/www.instagram.com\\\/skylineglobalservice\\\/\"]}]}<\/script>\n<!-- \/ Yoast SEO plugin. -->","yoast_head_json":{"title":"\u042d\u043a\u0441\u043f\u0435\u0434\u0438\u0446\u0438\u044f \u0432 \u0411\u0435\u043b\u0443\u044e \u043f\u0443\u0441\u0442\u044b\u043d\u044e \u0438 \u043f\u0435\u0449\u0435\u0440\u0430 \u0414\u0436\u0430\u0440\u0430 3 \u0434\u043d\u044f &#8226; \u042d\u043a\u0441\u043a\u0443\u0440\u0441\u0438\u0438 Skyline","robots":{"index":"index","follow":"follow","max-snippet":"max-snippet:-1","max-image-preview":"max-image-preview:large","max-video-preview":"max-video-preview:-1"},"canonical":"https:\/\/skyline-gs.com\/de\/produkt\/3-day-trip-to-the-white-desert-and-djara-cave-cairo\/","og_locale":"de_DE","og_type":"article","og_title":"\u042d\u043a\u0441\u043f\u0435\u0434\u0438\u0446\u0438\u044f \u0432 \u0411\u0435\u043b\u0443\u044e \u043f\u0443\u0441\u0442\u044b\u043d\u044e \u0438 \u043f\u0435\u0449\u0435\u0440\u0430 \u0414\u0436\u0430\u0440\u0430 3 \u0434\u043d\u044f &#8226; \u042d\u043a\u0441\u043a\u0443\u0440\u0441\u0438\u0438 Skyline","og_description":"\u0414\u043b\u0438\u0442\u0435\u043b\u044c\u043d\u043e\u0441\u0442\u044c: 3 \u0434\u043d\u044f  \u0414\u043d\u0438 \u043f\u0440\u043e\u0432\u0435\u0434\u0435\u043d\u0438\u044f: \u0435\u0436\u0435\u0434\u043d\u0435\u0432\u043d\u043e, \u043a\u0440\u043e\u043c\u0435 \u0432\u043e\u0441\u043a\u0440\u0435\u0441\u0435\u043d\u0438\u044f","og_url":"https:\/\/skyline-gs.com\/de\/produkt\/3-day-trip-to-the-white-desert-and-djara-cave-cairo\/","og_site_name":"\u042d\u043a\u0441\u043a\u0443\u0440\u0441\u0438\u0438 Skyline","article_modified_time":"2023-08-25T15:13:20+00:00","og_image":[{"width":900,"height":600,"url":"https:\/\/skyline-gs.com\/wp-content\/uploads\/2021\/09\/Belaya-i-chernaya-pustyni-11-of-14.jpg","type":"image\/jpeg"}],"twitter_card":"summary_large_image","twitter_misc":{"Gesch\u00e4tzte Lesezeit":"2\u00a0Minuten"},"schema":{"@context":"https:\/\/schema.org","@graph":[{"@type":"WebPage","@id":"https:\/\/skyline-gs.com\/de\/produkt\/3-day-trip-to-the-white-desert-and-djara-cave-cairo\/","url":"https:\/\/skyline-gs.com\/de\/produkt\/3-day-trip-to-the-white-desert-and-djara-cave-cairo\/","name":"\u042d\u043a\u0441\u043f\u0435\u0434\u0438\u0446\u0438\u044f \u0432 \u0411\u0435\u043b\u0443\u044e \u043f\u0443\u0441\u0442\u044b\u043d\u044e \u0438 \u043f\u0435\u0449\u0435\u0440\u0430 \u0414\u0436\u0430\u0440\u0430 3 \u0434\u043d\u044f &#8226; \u042d\u043a\u0441\u043a\u0443\u0440\u0441\u0438\u0438 Skyline","isPartOf":{"@id":"https:\/\/skyline-gs.com\/it\/#website"},"primaryImageOfPage":{"@id":"https:\/\/skyline-gs.com\/de\/produkt\/3-day-trip-to-the-white-desert-and-djara-cave-cairo\/#primaryimage"},"image":{"@id":"https:\/\/skyline-gs.com\/de\/produkt\/3-day-trip-to-the-white-desert-and-djara-cave-cairo\/#primaryimage"},"thumbnailUrl":"https:\/\/skyline-gs.com\/wp-content\/uploads\/2021\/09\/Belaya-i-chernaya-pustyni-11-of-14.jpg","datePublished":"2021-09-17T21:37:36+00:00","dateModified":"2023-08-25T15:13:20+00:00","breadcrumb":{"@id":"https:\/\/skyline-gs.com\/de\/produkt\/3-day-trip-to-the-white-desert-and-djara-cave-cairo\/#breadcrumb"},"inLanguage":"de","potentialAction":[{"@type":"ReadAction","target":["https:\/\/skyline-gs.com\/de\/produkt\/3-day-trip-to-the-white-desert-and-djara-cave-cairo\/"]}]},{"@type":"ImageObject","inLanguage":"de","@id":"https:\/\/skyline-gs.com\/de\/produkt\/3-day-trip-to-the-white-desert-and-djara-cave-cairo\/#primaryimage","url":"https:\/\/skyline-gs.com\/wp-content\/uploads\/2021\/09\/Belaya-i-chernaya-pustyni-11-of-14.jpg","contentUrl":"https:\/\/skyline-gs.com\/wp-content\/uploads\/2021\/09\/Belaya-i-chernaya-pustyni-11-of-14.jpg","width":900,"height":600},{"@type":"BreadcrumbList","@id":"https:\/\/skyline-gs.com\/de\/produkt\/3-day-trip-to-the-white-desert-and-djara-cave-cairo\/#breadcrumb","itemListElement":[{"@type":"ListItem","position":1,"name":"\u0413\u043b\u0430\u0432\u043d\u0430\u044f \u0441\u0442\u0440\u0430\u043d\u0438\u0446\u0430","item":"https:\/\/skyline-gs.com\/hu\/"},{"@type":"ListItem","position":2,"name":"\u041c\u0430\u0433\u0430\u0437\u0438\u043d","item":"https:\/\/skyline-gs.com\/cs\/shop\/"},{"@type":"ListItem","position":3,"name":"\u042d\u043a\u0441\u043f\u0435\u0434\u0438\u0446\u0438\u044f \u0432 \u0411\u0435\u043b\u0443\u044e \u043f\u0443\u0441\u0442\u044b\u043d\u044e \u0438 \u043f\u0435\u0449\u0435\u0440\u0430 \u0414\u0436\u0430\u0440\u0430 3 \u0434\u043d\u044f"}]},{"@type":"WebSite","@id":"https:\/\/skyline-gs.com\/it\/#website","url":"https:\/\/skyline-gs.com\/it\/","name":"Skyline Ausfl\u00fcge","description":"Exklusive Ausfl\u00fcge in den besten Resorts der Welt","publisher":{"@id":"https:\/\/skyline-gs.com\/it\/#organization"},"alternateName":"Skyline","potentialAction":[{"@type":"SearchAction","target":{"@type":"EntryPoint","urlTemplate":"https:\/\/skyline-gs.com\/it\/?s={search_term_string}"},"query-input":{"@type":"PropertyValueSpecification","valueRequired":true,"valueName":"search_term_string"}}],"inLanguage":"de"},{"@type":"Organization","@id":"https:\/\/skyline-gs.com\/it\/#organization","name":"Skyline Ausfl\u00fcge","alternateName":"\u042d\u043a\u0441\u043a\u0443\u0440\u0441\u0438\u0438 Skyline","url":"https:\/\/skyline-gs.com\/it\/","logo":{"@type":"ImageObject","inLanguage":"de","@id":"https:\/\/skyline-gs.com\/it\/#\/schema\/logo\/image\/","url":"https:\/\/skyline-gs.com\/wp-content\/uploads\/2020\/12\/cropped-logo-2.png","contentUrl":"https:\/\/skyline-gs.com\/wp-content\/uploads\/2020\/12\/cropped-logo-2.png","width":512,"height":512,"caption":"\u042d\u043a\u0441\u043a\u0443\u0440\u0441\u0438\u0438 Skyline"},"image":{"@id":"https:\/\/skyline-gs.com\/it\/#\/schema\/logo\/image\/"},"sameAs":["https:\/\/www.instagram.com\/skylineglobalservice\/"]}]}},"_links":{"self":[{"href":"https:\/\/skyline-gs.com\/de\/wp-json\/wp\/v2\/product\/31521","targetHints":{"allow":["GET"]}}],"collection":[{"href":"https:\/\/skyline-gs.com\/de\/wp-json\/wp\/v2\/product"}],"about":[{"href":"https:\/\/skyline-gs.com\/de\/wp-json\/wp\/v2\/types\/product"}],"version-history":[{"count":0,"href":"https:\/\/skyline-gs.com\/de\/wp-json\/wp\/v2\/product\/31521\/revisions"}],"wp:featuredmedia":[{"embeddable":true,"href":"https:\/\/skyline-gs.com\/de\/wp-json\/wp\/v2\/media\/31545"}],"wp:attachment":[{"href":"https:\/\/skyline-gs.com\/de\/wp-json\/wp\/v2\/media?parent=31521"}],"wp:term":[{"taxonomy":"product_brand","embeddable":true,"href":"https:\/\/skyline-gs.com\/de\/wp-json\/wp\/v2\/product_brand?post=31521"},{"taxonomy":"product_cat","embeddable":true,"href":"https:\/\/skyline-gs.com\/de\/wp-json\/wp\/v2\/product_cat?post=31521"},{"taxonomy":"product_tag","embeddable":true,"href":"https:\/\/skyline-gs.com\/de\/wp-json\/wp\/v2\/product_tag?post=31521"}],"curies":[{"name":"wp","href":"https:\/\/api.w.org\/{rel}","templated":true}]}}