{"id":31442,"date":"2021-09-17T18:50:01","date_gmt":"2021-09-17T16:50:01","guid":{"rendered":"http:\/\/skyline-gs.com\/?post_type=product&#038;p=31442"},"modified":"2025-09-22T15:40:29","modified_gmt":"2025-09-22T13:40:29","slug":"the-first-pyramids-in-saqqara-pyramids-in-dakhshur-memphis-cairo","status":"publish","type":"product","link":"https:\/\/skyline-gs.com\/de\/product\/the-first-pyramids-in-saqqara-pyramids-in-dakhshur-memphis-cairo\/","title":{"rendered":"Die ersten Pyramiden in Sakkara. Pyramiden von Dahschur. Memphis"},"content":{"rendered":"<p>Um 8:00 Uhr werden wir Sie von Ihrem Hotel abholen. Abfahrt in die Stadt <strong>Dahschur<\/strong>, wo Sie zwei Pyramiden besuchen werden. Erstens - Dies <strong>Zerbrochene Pyramid<\/strong>, Die Zerbrochene Pyramid wird wegen ihrer Form so genannt. Der Neigungswinkel der Fl\u00e4chen im unteren Teil betr\u00e4gt 53 Grad, und im oberen Teil der Struktur haben die Bauherren ihn auf 42 reduziert. Der zweite - <strong>Rosa Pyramide<\/strong> so genannt wegen des Farbtons des Kalksteins, aus dem es zusammengesetzt ist. Dieser Farbton ist schwer zu bemerken, \u00e4u\u00dferlich unterscheidet er sich kaum von den klassischen Kalksteindenkm\u00e4lern des alten \u00c4gypten.<br \/>\nAchtung: Die beiden Pyramiden von Dahshur sind nicht immer \u00f6ffentlich zug\u00e4nglich.<br \/>\nDanach Transfer zu den Grabst\u00e4tten von Sakkara und Sie werden sehen <strong>die erste Pyramide in der Geschichte - die Pyramide von K\u00f6nig Djoser<\/strong>. Am Ende dieses Teils der Tour essen Sie in einem der \u00f6rtlichen orientalischen Restaurants zu Mittag. Des Weiteren - <strong>Besuch der ersten Hauptstadt \u00c4gyptens - Memphis<\/strong> und ein Denkmal f\u00fcr K\u00f6nig Ramses II. Um 16:00 Uhr kehren Sie zum Hotel zur\u00fcck.<\/p>\n<p><strong>Inbegriffen:<\/strong><\/p>\n<ul>\n<li>Transfer vom Hotel und zur\u00fcck<\/li>\n<li>Deutschsprachiger \u00c4gyptologenf\u00fchrer<\/li>\n<li>Eintrittsgelder zu allen genannten Attraktionen<\/li>\n<li>Abendessen<\/li>\n<\/ul>\n<p><strong>Nicht enthalten:<\/strong><\/p>\n<ul>\n<li>Pers\u00f6nliche Ausgaben<\/li>\n<\/ul>\n<p><strong>Nimm mit:<\/strong><\/p>\n<ul>\n<li>Foto- und Videokamera<\/li>\n<li>Kopfbedeckung<\/li>\n<li>Geld f\u00fcr pers\u00f6nliche Ausgaben und Souvenirs<\/li>\n<li>Wasser trinken<\/li>\n<li>Bequeme Schuhe<\/li>\n<\/ul>","protected":false},"excerpt":{"rendered":"<p><strong>Dauer: <\/strong>8:00 &#8212; 16:00<\/p>\n<p><strong>Veranstaltungstage:<\/strong> T\u00e4glich<\/p>","protected":false},"featured_media":31463,"template":"","meta":{"_kad_post_transparent":"default","_kad_post_title":"","_kad_post_layout":"default","_kad_post_sidebar_id":"","_kad_post_content_style":"default","_kad_post_vertical_padding":"default","_kad_post_feature":"","_kad_post_feature_position":"","_kad_post_header":false,"_kad_post_footer":false,"_kad_post_classname":"","_glsr_average":0,"_glsr_ranking":0,"_glsr_reviews":0},"product_brand":[],"product_cat":[453],"product_tag":[],"class_list":{"0":"post-31442","1":"product","2":"type-product","3":"status-publish","4":"has-post-thumbnail","6":"product_cat-cairo","7":"tm-has-options","9":"first","10":"instock","11":"sold-individually","12":"taxable","13":"shipping-taxable","14":"purchasable","15":"product-type-simple","16":"entry","17":"content-bg","18":"loop-entry"},"yoast_head":"<!-- This site is optimized with the Yoast SEO plugin v27.3 - https:\/\/yoast.com\/product\/yoast-seo-wordpress\/ -->\n<title>\u041f\u0435\u0440\u0432\u044b\u0435 \u043f\u0438\u0440\u0430\u043c\u0438\u0434\u044b \u0432 \u0421\u0430\u043a\u043a\u0430\u0440\u0435. \u041f\u0438\u0440\u0430\u043c\u0438\u0434\u044b \u0432 \u0414\u0430\u0445\u0448\u0443\u0440\u0435. \u041c\u0435\u043c\u0444\u0438\u0441 &#8226; \u042d\u043a\u0441\u043a\u0443\u0440\u0441\u0438\u0438 Skyline<\/title>\n<meta name=\"robots\" content=\"index, follow, max-snippet:-1, max-image-preview:large, max-video-preview:-1\" \/>\n<link rel=\"canonical\" href=\"https:\/\/skyline-gs.com\/de\/produkt\/the-first-pyramids-in-saqqara-pyramids-in-dakhshur-memphis-cairo\/\" \/>\n<meta property=\"og:locale\" content=\"de_DE\" \/>\n<meta property=\"og:type\" content=\"article\" \/>\n<meta property=\"og:title\" content=\"\u041f\u0435\u0440\u0432\u044b\u0435 \u043f\u0438\u0440\u0430\u043c\u0438\u0434\u044b \u0432 \u0421\u0430\u043a\u043a\u0430\u0440\u0435. \u041f\u0438\u0440\u0430\u043c\u0438\u0434\u044b \u0432 \u0414\u0430\u0445\u0448\u0443\u0440\u0435. \u041c\u0435\u043c\u0444\u0438\u0441 &#8226; \u042d\u043a\u0441\u043a\u0443\u0440\u0441\u0438\u0438 Skyline\" \/>\n<meta property=\"og:description\" content=\"\u0414\u043b\u0438\u0442\u0435\u043b\u044c\u043d\u043e\u0441\u0442\u044c: 8:00 - 16:00  \u0414\u043d\u0438 \u043f\u0440\u043e\u0432\u0435\u0434\u0435\u043d\u0438\u044f: \u0435\u0436\u0435\u0434\u043d\u0435\u0432\u043d\u043e\" \/>\n<meta property=\"og:url\" content=\"https:\/\/skyline-gs.com\/de\/produkt\/the-first-pyramids-in-saqqara-pyramids-in-dakhshur-memphis-cairo\/\" \/>\n<meta property=\"og:site_name\" content=\"\u042d\u043a\u0441\u043a\u0443\u0440\u0441\u0438\u0438 Skyline\" \/>\n<meta property=\"article:modified_time\" content=\"2025-09-22T13:40:29+00:00\" \/>\n<meta property=\"og:image\" content=\"https:\/\/skyline-gs.com\/wp-content\/uploads\/2021\/09\/4av4.png\" \/>\n\t<meta property=\"og:image:width\" content=\"669\" \/>\n\t<meta property=\"og:image:height\" content=\"446\" \/>\n\t<meta property=\"og:image:type\" content=\"image\/png\" \/>\n<meta name=\"twitter:card\" content=\"summary_large_image\" \/>\n<meta name=\"twitter:label1\" content=\"Gesch\u00e4tzte Lesezeit\" \/>\n\t<meta name=\"twitter:data1\" content=\"2\u00a0Minuten\" \/>\n<script type=\"application\/ld+json\" class=\"yoast-schema-graph\">{\"@context\":\"https:\\\/\\\/schema.org\",\"@graph\":[{\"@type\":\"WebPage\",\"@id\":\"https:\\\/\\\/skyline-gs.com\\\/de\\\/produkt\\\/the-first-pyramids-in-saqqara-pyramids-in-dakhshur-memphis-cairo\\\/\",\"url\":\"https:\\\/\\\/skyline-gs.com\\\/de\\\/produkt\\\/the-first-pyramids-in-saqqara-pyramids-in-dakhshur-memphis-cairo\\\/\",\"name\":\"\u041f\u0435\u0440\u0432\u044b\u0435 \u043f\u0438\u0440\u0430\u043c\u0438\u0434\u044b \u0432 \u0421\u0430\u043a\u043a\u0430\u0440\u0435. \u041f\u0438\u0440\u0430\u043c\u0438\u0434\u044b \u0432 \u0414\u0430\u0445\u0448\u0443\u0440\u0435. \u041c\u0435\u043c\u0444\u0438\u0441 &#8226; \u042d\u043a\u0441\u043a\u0443\u0440\u0441\u0438\u0438 Skyline\",\"isPartOf\":{\"@id\":\"https:\\\/\\\/skyline-gs.com\\\/it\\\/#website\"},\"primaryImageOfPage\":{\"@id\":\"https:\\\/\\\/skyline-gs.com\\\/de\\\/produkt\\\/the-first-pyramids-in-saqqara-pyramids-in-dakhshur-memphis-cairo\\\/#primaryimage\"},\"image\":{\"@id\":\"https:\\\/\\\/skyline-gs.com\\\/de\\\/produkt\\\/the-first-pyramids-in-saqqara-pyramids-in-dakhshur-memphis-cairo\\\/#primaryimage\"},\"thumbnailUrl\":\"https:\\\/\\\/skyline-gs.com\\\/wp-content\\\/uploads\\\/2021\\\/09\\\/4av4.png\",\"datePublished\":\"2021-09-17T16:50:01+00:00\",\"dateModified\":\"2025-09-22T13:40:29+00:00\",\"breadcrumb\":{\"@id\":\"https:\\\/\\\/skyline-gs.com\\\/de\\\/produkt\\\/the-first-pyramids-in-saqqara-pyramids-in-dakhshur-memphis-cairo\\\/#breadcrumb\"},\"inLanguage\":\"de\",\"potentialAction\":[{\"@type\":\"ReadAction\",\"target\":[\"https:\\\/\\\/skyline-gs.com\\\/de\\\/produkt\\\/the-first-pyramids-in-saqqara-pyramids-in-dakhshur-memphis-cairo\\\/\"]}]},{\"@type\":\"ImageObject\",\"inLanguage\":\"de\",\"@id\":\"https:\\\/\\\/skyline-gs.com\\\/de\\\/produkt\\\/the-first-pyramids-in-saqqara-pyramids-in-dakhshur-memphis-cairo\\\/#primaryimage\",\"url\":\"https:\\\/\\\/skyline-gs.com\\\/wp-content\\\/uploads\\\/2021\\\/09\\\/4av4.png\",\"contentUrl\":\"https:\\\/\\\/skyline-gs.com\\\/wp-content\\\/uploads\\\/2021\\\/09\\\/4av4.png\",\"width\":669,\"height\":446},{\"@type\":\"BreadcrumbList\",\"@id\":\"https:\\\/\\\/skyline-gs.com\\\/de\\\/produkt\\\/the-first-pyramids-in-saqqara-pyramids-in-dakhshur-memphis-cairo\\\/#breadcrumb\",\"itemListElement\":[{\"@type\":\"ListItem\",\"position\":1,\"name\":\"\u0413\u043b\u0430\u0432\u043d\u0430\u044f \u0441\u0442\u0440\u0430\u043d\u0438\u0446\u0430\",\"item\":\"https:\\\/\\\/skyline-gs.com\\\/hu\\\/\"},{\"@type\":\"ListItem\",\"position\":2,\"name\":\"\u041c\u0430\u0433\u0430\u0437\u0438\u043d\",\"item\":\"https:\\\/\\\/skyline-gs.com\\\/cs\\\/shop\\\/\"},{\"@type\":\"ListItem\",\"position\":3,\"name\":\"\u041f\u0435\u0440\u0432\u044b\u0435 \u043f\u0438\u0440\u0430\u043c\u0438\u0434\u044b \u0432 \u0421\u0430\u043a\u043a\u0430\u0440\u0435. \u041f\u0438\u0440\u0430\u043c\u0438\u0434\u044b \u0432 \u0414\u0430\u0445\u0448\u0443\u0440\u0435. \u041c\u0435\u043c\u0444\u0438\u0441\"}]},{\"@type\":\"WebSite\",\"@id\":\"https:\\\/\\\/skyline-gs.com\\\/it\\\/#website\",\"url\":\"https:\\\/\\\/skyline-gs.com\\\/it\\\/\",\"name\":\"\u042d\u043a\u0441\u043a\u0443\u0440\u0441\u0438\u0438 Skyline\",\"description\":\"\u042d\u043a\u0441\u043a\u043b\u044e\u0437\u0438\u0432\u043d\u044b\u0435 \u044d\u043a\u0441\u043a\u0443\u0440\u0441\u0438\u0438 \u043d\u0430 \u043b\u0443\u0447\u0448\u0438\u0445 \u043a\u0443\u0440\u043e\u0440\u0442\u0430\u0445 \u043c\u0438\u0440\u0430\",\"publisher\":{\"@id\":\"https:\\\/\\\/skyline-gs.com\\\/it\\\/#organization\"},\"alternateName\":\"Skyline\",\"potentialAction\":[{\"@type\":\"SearchAction\",\"target\":{\"@type\":\"EntryPoint\",\"urlTemplate\":\"https:\\\/\\\/skyline-gs.com\\\/it\\\/?s={search_term_string}\"},\"query-input\":{\"@type\":\"PropertyValueSpecification\",\"valueRequired\":true,\"valueName\":\"search_term_string\"}}],\"inLanguage\":\"de\"},{\"@type\":\"Organization\",\"@id\":\"https:\\\/\\\/skyline-gs.com\\\/it\\\/#organization\",\"name\":\"\u042d\u043a\u0441\u043a\u0443\u0440\u0441\u0438\u0438 Skyline\",\"alternateName\":\"\u042d\u043a\u0441\u043a\u0443\u0440\u0441\u0438\u0438 Skyline\",\"url\":\"https:\\\/\\\/skyline-gs.com\\\/it\\\/\",\"logo\":{\"@type\":\"ImageObject\",\"inLanguage\":\"de\",\"@id\":\"https:\\\/\\\/skyline-gs.com\\\/it\\\/#\\\/schema\\\/logo\\\/image\\\/\",\"url\":\"https:\\\/\\\/skyline-gs.com\\\/wp-content\\\/uploads\\\/2020\\\/12\\\/cropped-logo-2.png\",\"contentUrl\":\"https:\\\/\\\/skyline-gs.com\\\/wp-content\\\/uploads\\\/2020\\\/12\\\/cropped-logo-2.png\",\"width\":512,\"height\":512,\"caption\":\"\u042d\u043a\u0441\u043a\u0443\u0440\u0441\u0438\u0438 Skyline\"},\"image\":{\"@id\":\"https:\\\/\\\/skyline-gs.com\\\/it\\\/#\\\/schema\\\/logo\\\/image\\\/\"},\"sameAs\":[\"https:\\\/\\\/www.instagram.com\\\/skylineglobalservice\\\/\"]}]}<\/script>\n<!-- \/ Yoast SEO plugin. -->","yoast_head_json":{"title":"\u041f\u0435\u0440\u0432\u044b\u0435 \u043f\u0438\u0440\u0430\u043c\u0438\u0434\u044b \u0432 \u0421\u0430\u043a\u043a\u0430\u0440\u0435. \u041f\u0438\u0440\u0430\u043c\u0438\u0434\u044b \u0432 \u0414\u0430\u0445\u0448\u0443\u0440\u0435. \u041c\u0435\u043c\u0444\u0438\u0441 &#8226; \u042d\u043a\u0441\u043a\u0443\u0440\u0441\u0438\u0438 Skyline","robots":{"index":"index","follow":"follow","max-snippet":"max-snippet:-1","max-image-preview":"max-image-preview:large","max-video-preview":"max-video-preview:-1"},"canonical":"https:\/\/skyline-gs.com\/de\/produkt\/the-first-pyramids-in-saqqara-pyramids-in-dakhshur-memphis-cairo\/","og_locale":"de_DE","og_type":"article","og_title":"\u041f\u0435\u0440\u0432\u044b\u0435 \u043f\u0438\u0440\u0430\u043c\u0438\u0434\u044b \u0432 \u0421\u0430\u043a\u043a\u0430\u0440\u0435. \u041f\u0438\u0440\u0430\u043c\u0438\u0434\u044b \u0432 \u0414\u0430\u0445\u0448\u0443\u0440\u0435. \u041c\u0435\u043c\u0444\u0438\u0441 &#8226; \u042d\u043a\u0441\u043a\u0443\u0440\u0441\u0438\u0438 Skyline","og_description":"\u0414\u043b\u0438\u0442\u0435\u043b\u044c\u043d\u043e\u0441\u0442\u044c: 8:00 - 16:00  \u0414\u043d\u0438 \u043f\u0440\u043e\u0432\u0435\u0434\u0435\u043d\u0438\u044f: \u0435\u0436\u0435\u0434\u043d\u0435\u0432\u043d\u043e","og_url":"https:\/\/skyline-gs.com\/de\/produkt\/the-first-pyramids-in-saqqara-pyramids-in-dakhshur-memphis-cairo\/","og_site_name":"\u042d\u043a\u0441\u043a\u0443\u0440\u0441\u0438\u0438 Skyline","article_modified_time":"2025-09-22T13:40:29+00:00","og_image":[{"width":669,"height":446,"url":"https:\/\/skyline-gs.com\/wp-content\/uploads\/2021\/09\/4av4.png","type":"image\/png"}],"twitter_card":"summary_large_image","twitter_misc":{"Gesch\u00e4tzte Lesezeit":"2\u00a0Minuten"},"schema":{"@context":"https:\/\/schema.org","@graph":[{"@type":"WebPage","@id":"https:\/\/skyline-gs.com\/de\/produkt\/the-first-pyramids-in-saqqara-pyramids-in-dakhshur-memphis-cairo\/","url":"https:\/\/skyline-gs.com\/de\/produkt\/the-first-pyramids-in-saqqara-pyramids-in-dakhshur-memphis-cairo\/","name":"\u041f\u0435\u0440\u0432\u044b\u0435 \u043f\u0438\u0440\u0430\u043c\u0438\u0434\u044b \u0432 \u0421\u0430\u043a\u043a\u0430\u0440\u0435. \u041f\u0438\u0440\u0430\u043c\u0438\u0434\u044b \u0432 \u0414\u0430\u0445\u0448\u0443\u0440\u0435. \u041c\u0435\u043c\u0444\u0438\u0441 &#8226; \u042d\u043a\u0441\u043a\u0443\u0440\u0441\u0438\u0438 Skyline","isPartOf":{"@id":"https:\/\/skyline-gs.com\/it\/#website"},"primaryImageOfPage":{"@id":"https:\/\/skyline-gs.com\/de\/produkt\/the-first-pyramids-in-saqqara-pyramids-in-dakhshur-memphis-cairo\/#primaryimage"},"image":{"@id":"https:\/\/skyline-gs.com\/de\/produkt\/the-first-pyramids-in-saqqara-pyramids-in-dakhshur-memphis-cairo\/#primaryimage"},"thumbnailUrl":"https:\/\/skyline-gs.com\/wp-content\/uploads\/2021\/09\/4av4.png","datePublished":"2021-09-17T16:50:01+00:00","dateModified":"2025-09-22T13:40:29+00:00","breadcrumb":{"@id":"https:\/\/skyline-gs.com\/de\/produkt\/the-first-pyramids-in-saqqara-pyramids-in-dakhshur-memphis-cairo\/#breadcrumb"},"inLanguage":"de","potentialAction":[{"@type":"ReadAction","target":["https:\/\/skyline-gs.com\/de\/produkt\/the-first-pyramids-in-saqqara-pyramids-in-dakhshur-memphis-cairo\/"]}]},{"@type":"ImageObject","inLanguage":"de","@id":"https:\/\/skyline-gs.com\/de\/produkt\/the-first-pyramids-in-saqqara-pyramids-in-dakhshur-memphis-cairo\/#primaryimage","url":"https:\/\/skyline-gs.com\/wp-content\/uploads\/2021\/09\/4av4.png","contentUrl":"https:\/\/skyline-gs.com\/wp-content\/uploads\/2021\/09\/4av4.png","width":669,"height":446},{"@type":"BreadcrumbList","@id":"https:\/\/skyline-gs.com\/de\/produkt\/the-first-pyramids-in-saqqara-pyramids-in-dakhshur-memphis-cairo\/#breadcrumb","itemListElement":[{"@type":"ListItem","position":1,"name":"\u0413\u043b\u0430\u0432\u043d\u0430\u044f \u0441\u0442\u0440\u0430\u043d\u0438\u0446\u0430","item":"https:\/\/skyline-gs.com\/hu\/"},{"@type":"ListItem","position":2,"name":"\u041c\u0430\u0433\u0430\u0437\u0438\u043d","item":"https:\/\/skyline-gs.com\/cs\/shop\/"},{"@type":"ListItem","position":3,"name":"\u041f\u0435\u0440\u0432\u044b\u0435 \u043f\u0438\u0440\u0430\u043c\u0438\u0434\u044b \u0432 \u0421\u0430\u043a\u043a\u0430\u0440\u0435. \u041f\u0438\u0440\u0430\u043c\u0438\u0434\u044b \u0432 \u0414\u0430\u0445\u0448\u0443\u0440\u0435. \u041c\u0435\u043c\u0444\u0438\u0441"}]},{"@type":"WebSite","@id":"https:\/\/skyline-gs.com\/it\/#website","url":"https:\/\/skyline-gs.com\/it\/","name":"Skyline Ausfl\u00fcge","description":"Exklusive Ausfl\u00fcge in den besten Resorts der Welt","publisher":{"@id":"https:\/\/skyline-gs.com\/it\/#organization"},"alternateName":"Skyline","potentialAction":[{"@type":"SearchAction","target":{"@type":"EntryPoint","urlTemplate":"https:\/\/skyline-gs.com\/it\/?s={search_term_string}"},"query-input":{"@type":"PropertyValueSpecification","valueRequired":true,"valueName":"search_term_string"}}],"inLanguage":"de"},{"@type":"Organization","@id":"https:\/\/skyline-gs.com\/it\/#organization","name":"Skyline Ausfl\u00fcge","alternateName":"\u042d\u043a\u0441\u043a\u0443\u0440\u0441\u0438\u0438 Skyline","url":"https:\/\/skyline-gs.com\/it\/","logo":{"@type":"ImageObject","inLanguage":"de","@id":"https:\/\/skyline-gs.com\/it\/#\/schema\/logo\/image\/","url":"https:\/\/skyline-gs.com\/wp-content\/uploads\/2020\/12\/cropped-logo-2.png","contentUrl":"https:\/\/skyline-gs.com\/wp-content\/uploads\/2020\/12\/cropped-logo-2.png","width":512,"height":512,"caption":"\u042d\u043a\u0441\u043a\u0443\u0440\u0441\u0438\u0438 Skyline"},"image":{"@id":"https:\/\/skyline-gs.com\/it\/#\/schema\/logo\/image\/"},"sameAs":["https:\/\/www.instagram.com\/skylineglobalservice\/"]}]}},"_links":{"self":[{"href":"https:\/\/skyline-gs.com\/de\/wp-json\/wp\/v2\/product\/31442","targetHints":{"allow":["GET"]}}],"collection":[{"href":"https:\/\/skyline-gs.com\/de\/wp-json\/wp\/v2\/product"}],"about":[{"href":"https:\/\/skyline-gs.com\/de\/wp-json\/wp\/v2\/types\/product"}],"version-history":[{"count":0,"href":"https:\/\/skyline-gs.com\/de\/wp-json\/wp\/v2\/product\/31442\/revisions"}],"wp:featuredmedia":[{"embeddable":true,"href":"https:\/\/skyline-gs.com\/de\/wp-json\/wp\/v2\/media\/31463"}],"wp:attachment":[{"href":"https:\/\/skyline-gs.com\/de\/wp-json\/wp\/v2\/media?parent=31442"}],"wp:term":[{"taxonomy":"product_brand","embeddable":true,"href":"https:\/\/skyline-gs.com\/de\/wp-json\/wp\/v2\/product_brand?post=31442"},{"taxonomy":"product_cat","embeddable":true,"href":"https:\/\/skyline-gs.com\/de\/wp-json\/wp\/v2\/product_cat?post=31442"},{"taxonomy":"product_tag","embeddable":true,"href":"https:\/\/skyline-gs.com\/de\/wp-json\/wp\/v2\/product_tag?post=31442"}],"curies":[{"name":"wp","href":"https:\/\/api.w.org\/{rel}","templated":true}]}}