{"id":31282,"date":"2021-09-16T15:56:09","date_gmt":"2021-09-16T13:56:09","guid":{"rendered":"http:\/\/skyline-gs.com\/?post_type=product&#038;p=31282"},"modified":"2024-01-24T14:40:59","modified_gmt":"2024-01-24T12:40:59","slug":"el-minya-pharaonic-magic-cairo","status":"publish","type":"product","link":"https:\/\/skyline-gs.com\/de\/product\/el-minya-pharaonic-magic-cairo\/","title":{"rendered":"El Minya. Magie der Pharaonen"},"content":{"rendered":"<p>Genie\u00dfen Sie Ihre Reise von Kairo nach El-Minya und erkunden Sie die Pracht der Pharaonen. Sie werden die fesselnden Sehensw\u00fcrdigkeiten von Beni Hasan, El-Ashmunein, Tuna El-Gebel und Tell El-Amarna besuchen, die Sie der Magie der Pharaonen n\u00e4her bringen werden.<\/p>\n<p>Um 6:00 Uhr morgens Abfahrt vom Hotel. Die Reise f\u00fchrt Sie von Kairo in das Zentrum \u00c4gyptens, und die Fahrt dauert 4 Stunden. Wir werden die Nekropole der f\u00fcnfzehnten Provinz \u00c4gyptens besuchen - Tuna El Gabal. Es war der Hauptbegr\u00e4bnisort der antiken Stadt Hermopolis oder El Ashmunein, wie sie heute genannt wird, da er sich in einen wichtigen arch\u00e4ologischen Ort verwandelt hat, den viele Touristen bei ihrer Reise nach \u00c4gypten besuchen. Sie werden gut erhaltene Gr\u00e4ber mit unterirdischen G\u00e4ngen sehen, sowie Mumien von Ibissen und Pavianen. Mittagessen in einem typischen lokalen Restaurant.<\/p>\n<p>Nach dem Mittagessen besuchen Sie die Felsengr\u00e4ber von Beni Hasan, die aus der Zeit des Mittleren Reiches in der Geschichte des Alten \u00c4gyptens stammen. Diese Gr\u00e4ber dienten als Begr\u00e4bnisst\u00e4tten f\u00fcr viele lokale Herrscher der Region El-Minya w\u00e4hrend der Regierungszeit der 11. Dynastie, die \u00c4gypten von 2134 bis 1991 v. Chr. regierte. Einzigartige grafische Darstellungen und Inschriften erz\u00e4hlen von den t\u00e4glichen Aktivit\u00e4ten dieser Zeit, wie Handwerk, Sport, Spiele und Jagd. Die Tour f\u00fchrt weiter nach Tell el-Amarna, der ehemaligen Hauptstadt von Echnaton, die er zu Ehren der Sonnengottheit Aton gr\u00fcndete. Sie werden die Amarna-Briefe sehen, die von den alten \u00c4gyptern in babylonischer Sprache verfasst wurden. Rund 350 Tontafeln, die auf das 15. Jahrhundert v. Chr. zur\u00fcckgehen, wurden 1887 entdeckt. Davon befinden sich 50 in Kairo, 200 in Berlin, 22 in Oxford und 82 im Britischen Museum. Anschlie\u00dfend kehren Sie nach Kairo zur\u00fcck. Sie werden gegen 21:00 Uhr wieder in Ihrem Hotel sein.<\/p>\n<p><strong>Inbegriffen:<\/strong><\/p>\n<ul>\n<li>Transfer vom Hotel und zur\u00fcck<\/li>\n<li>Deutschsprachiger \u00c4gyptologenf\u00fchrer<\/li>\n<li>Die Eintrittskarten zu allen genannten Sehensw\u00fcrdigkeiten sind im Tourpreis inbegriffen<\/li>\n<li>Abendessen<\/li>\n<\/ul>\n<p><strong>Nicht enthalten:<\/strong><\/p>\n<ul>\n<li>Pers\u00f6nliche Ausgaben<\/li>\n<\/ul>\n<p><strong>Nimm mit:<\/strong><\/p>\n<ul>\n<li>Kamera<\/li>\n<li>Fr\u00fchst\u00fcck zum Mitnehmen (bestellen Sie es an der Rezeption Ihres Hotels, es ist kostenlos).<\/li>\n<li>Wasser<\/li>\n<li>Sonnenbrille<\/li>\n<li>Kopfbedeckung<\/li>\n<li>Warme Kleidung (im Winter)<\/li>\n<\/ul>","protected":false},"excerpt":{"rendered":"<p><strong>Tourzeit:<\/strong> 6:00 \u2014 21:00<\/p>\n<p><strong>Veranstaltungstage:<\/strong> Dienstag, Donnerstag und Samstag<\/p>","protected":false},"featured_media":31482,"template":"","meta":{"_kad_post_transparent":"default","_kad_post_title":"","_kad_post_layout":"default","_kad_post_sidebar_id":"","_kad_post_content_style":"default","_kad_post_vertical_padding":"default","_kad_post_feature":"","_kad_post_feature_position":"","_kad_post_header":false,"_kad_post_footer":false,"_kad_post_classname":"","_glsr_average":0,"_glsr_ranking":0,"_glsr_reviews":0},"product_brand":[],"product_cat":[453],"product_tag":[],"class_list":{"0":"post-31282","1":"product","2":"type-product","3":"status-publish","4":"has-post-thumbnail","6":"product_cat-cairo","7":"tm-has-options","9":"first","10":"instock","11":"sold-individually","12":"taxable","13":"shipping-taxable","14":"purchasable","15":"product-type-simple","16":"entry","17":"content-bg","18":"loop-entry"},"yoast_head":"<!-- This site is optimized with the Yoast SEO plugin v27.3 - https:\/\/yoast.com\/product\/yoast-seo-wordpress\/ -->\n<title>\u042d\u043b\u044c \u041c\u0438\u043d\u044c\u044f. \u041c\u0430\u0433\u0438\u044f \u0424\u0430\u0440\u0430\u043e\u043d\u043e\u0432 &#8226; \u042d\u043a\u0441\u043a\u0443\u0440\u0441\u0438\u0438 Skyline<\/title>\n<meta name=\"robots\" content=\"index, follow, max-snippet:-1, max-image-preview:large, max-video-preview:-1\" \/>\n<link rel=\"canonical\" href=\"https:\/\/skyline-gs.com\/de\/produkt\/el-minya-pharaonic-magic-cairo\/\" \/>\n<meta property=\"og:locale\" content=\"de_DE\" \/>\n<meta property=\"og:type\" content=\"article\" \/>\n<meta property=\"og:title\" content=\"\u042d\u043b\u044c \u041c\u0438\u043d\u044c\u044f. \u041c\u0430\u0433\u0438\u044f \u0424\u0430\u0440\u0430\u043e\u043d\u043e\u0432 &#8226; \u042d\u043a\u0441\u043a\u0443\u0440\u0441\u0438\u0438 Skyline\" \/>\n<meta property=\"og:description\" content=\"\u0412\u0440\u0435\u043c\u044f \u0442\u0443\u0440\u0430: 6:00 - 21:00  \u0414\u043d\u0438 \u043f\u0440\u043e\u0432\u0435\u0434\u0435\u043d\u0438\u044f: \u0432\u0442\u043e\u0440\u043d\u0438\u043a, \u0447\u0435\u0442\u0432\u0435\u0440\u0433 \u0438 \u0441\u0443\u0431\u0431\u043e\u0442\u0430\" \/>\n<meta property=\"og:url\" content=\"https:\/\/skyline-gs.com\/de\/produkt\/el-minya-pharaonic-magic-cairo\/\" \/>\n<meta property=\"og:site_name\" content=\"\u042d\u043a\u0441\u043a\u0443\u0440\u0441\u0438\u0438 Skyline\" \/>\n<meta property=\"article:modified_time\" content=\"2024-01-24T12:40:59+00:00\" \/>\n<meta property=\"og:image\" content=\"https:\/\/skyline-gs.com\/wp-content\/uploads\/2021\/09\/46.jpg\" \/>\n\t<meta property=\"og:image:width\" content=\"669\" \/>\n\t<meta property=\"og:image:height\" content=\"446\" \/>\n\t<meta property=\"og:image:type\" content=\"image\/jpeg\" \/>\n<meta name=\"twitter:card\" content=\"summary_large_image\" \/>\n<meta name=\"twitter:label1\" content=\"Gesch\u00e4tzte Lesezeit\" \/>\n\t<meta name=\"twitter:data1\" content=\"2\u00a0Minuten\" \/>\n<script type=\"application\/ld+json\" class=\"yoast-schema-graph\">{\"@context\":\"https:\\\/\\\/schema.org\",\"@graph\":[{\"@type\":\"WebPage\",\"@id\":\"https:\\\/\\\/skyline-gs.com\\\/product\\\/el-minya-pharaonic-magic-cairo\\\/\",\"url\":\"https:\\\/\\\/skyline-gs.com\\\/product\\\/el-minya-pharaonic-magic-cairo\\\/\",\"name\":\"\u042d\u043b\u044c \u041c\u0438\u043d\u044c\u044f. \u041c\u0430\u0433\u0438\u044f \u0424\u0430\u0440\u0430\u043e\u043d\u043e\u0432 &#8226; \u042d\u043a\u0441\u043a\u0443\u0440\u0441\u0438\u0438 Skyline\",\"isPartOf\":{\"@id\":\"https:\\\/\\\/skyline-gs.com\\\/it\\\/#website\"},\"primaryImageOfPage\":{\"@id\":\"https:\\\/\\\/skyline-gs.com\\\/product\\\/el-minya-pharaonic-magic-cairo\\\/#primaryimage\"},\"image\":{\"@id\":\"https:\\\/\\\/skyline-gs.com\\\/product\\\/el-minya-pharaonic-magic-cairo\\\/#primaryimage\"},\"thumbnailUrl\":\"https:\\\/\\\/skyline-gs.com\\\/wp-content\\\/uploads\\\/2021\\\/09\\\/46.jpg\",\"datePublished\":\"2021-09-16T13:56:09+00:00\",\"dateModified\":\"2024-01-24T12:40:59+00:00\",\"breadcrumb\":{\"@id\":\"https:\\\/\\\/skyline-gs.com\\\/product\\\/el-minya-pharaonic-magic-cairo\\\/#breadcrumb\"},\"inLanguage\":\"de\",\"potentialAction\":[{\"@type\":\"ReadAction\",\"target\":[\"https:\\\/\\\/skyline-gs.com\\\/product\\\/el-minya-pharaonic-magic-cairo\\\/\"]}]},{\"@type\":\"ImageObject\",\"inLanguage\":\"de\",\"@id\":\"https:\\\/\\\/skyline-gs.com\\\/product\\\/el-minya-pharaonic-magic-cairo\\\/#primaryimage\",\"url\":\"https:\\\/\\\/skyline-gs.com\\\/wp-content\\\/uploads\\\/2021\\\/09\\\/46.jpg\",\"contentUrl\":\"https:\\\/\\\/skyline-gs.com\\\/wp-content\\\/uploads\\\/2021\\\/09\\\/46.jpg\",\"width\":669,\"height\":446},{\"@type\":\"BreadcrumbList\",\"@id\":\"https:\\\/\\\/skyline-gs.com\\\/product\\\/el-minya-pharaonic-magic-cairo\\\/#breadcrumb\",\"itemListElement\":[{\"@type\":\"ListItem\",\"position\":1,\"name\":\"\u0413\u043b\u0430\u0432\u043d\u0430\u044f \u0441\u0442\u0440\u0430\u043d\u0438\u0446\u0430\",\"item\":\"https:\\\/\\\/skyline-gs.com\\\/hu\\\/\"},{\"@type\":\"ListItem\",\"position\":2,\"name\":\"\u041c\u0430\u0433\u0430\u0437\u0438\u043d\",\"item\":\"https:\\\/\\\/skyline-gs.com\\\/cs\\\/shop\\\/\"},{\"@type\":\"ListItem\",\"position\":3,\"name\":\"\u042d\u043b\u044c \u041c\u0438\u043d\u044c\u044f. \u041c\u0430\u0433\u0438\u044f \u0424\u0430\u0440\u0430\u043e\u043d\u043e\u0432\"}]},{\"@type\":\"WebSite\",\"@id\":\"https:\\\/\\\/skyline-gs.com\\\/it\\\/#website\",\"url\":\"https:\\\/\\\/skyline-gs.com\\\/it\\\/\",\"name\":\"\u042d\u043a\u0441\u043a\u0443\u0440\u0441\u0438\u0438 Skyline\",\"description\":\"\u042d\u043a\u0441\u043a\u043b\u044e\u0437\u0438\u0432\u043d\u044b\u0435 \u044d\u043a\u0441\u043a\u0443\u0440\u0441\u0438\u0438 \u043d\u0430 \u043b\u0443\u0447\u0448\u0438\u0445 \u043a\u0443\u0440\u043e\u0440\u0442\u0430\u0445 \u043c\u0438\u0440\u0430\",\"publisher\":{\"@id\":\"https:\\\/\\\/skyline-gs.com\\\/it\\\/#organization\"},\"alternateName\":\"Skyline\",\"potentialAction\":[{\"@type\":\"SearchAction\",\"target\":{\"@type\":\"EntryPoint\",\"urlTemplate\":\"https:\\\/\\\/skyline-gs.com\\\/it\\\/?s={search_term_string}\"},\"query-input\":{\"@type\":\"PropertyValueSpecification\",\"valueRequired\":true,\"valueName\":\"search_term_string\"}}],\"inLanguage\":\"de\"},{\"@type\":\"Organization\",\"@id\":\"https:\\\/\\\/skyline-gs.com\\\/it\\\/#organization\",\"name\":\"\u042d\u043a\u0441\u043a\u0443\u0440\u0441\u0438\u0438 Skyline\",\"alternateName\":\"\u042d\u043a\u0441\u043a\u0443\u0440\u0441\u0438\u0438 Skyline\",\"url\":\"https:\\\/\\\/skyline-gs.com\\\/it\\\/\",\"logo\":{\"@type\":\"ImageObject\",\"inLanguage\":\"de\",\"@id\":\"https:\\\/\\\/skyline-gs.com\\\/it\\\/#\\\/schema\\\/logo\\\/image\\\/\",\"url\":\"https:\\\/\\\/skyline-gs.com\\\/wp-content\\\/uploads\\\/2020\\\/12\\\/cropped-logo-2.png\",\"contentUrl\":\"https:\\\/\\\/skyline-gs.com\\\/wp-content\\\/uploads\\\/2020\\\/12\\\/cropped-logo-2.png\",\"width\":512,\"height\":512,\"caption\":\"\u042d\u043a\u0441\u043a\u0443\u0440\u0441\u0438\u0438 Skyline\"},\"image\":{\"@id\":\"https:\\\/\\\/skyline-gs.com\\\/it\\\/#\\\/schema\\\/logo\\\/image\\\/\"},\"sameAs\":[\"https:\\\/\\\/www.instagram.com\\\/skylineglobalservice\\\/\"]}]}<\/script>\n<!-- \/ Yoast SEO plugin. -->","yoast_head_json":{"title":"\u042d\u043b\u044c \u041c\u0438\u043d\u044c\u044f. \u041c\u0430\u0433\u0438\u044f \u0424\u0430\u0440\u0430\u043e\u043d\u043e\u0432 &#8226; \u042d\u043a\u0441\u043a\u0443\u0440\u0441\u0438\u0438 Skyline","robots":{"index":"index","follow":"follow","max-snippet":"max-snippet:-1","max-image-preview":"max-image-preview:large","max-video-preview":"max-video-preview:-1"},"canonical":"https:\/\/skyline-gs.com\/de\/produkt\/el-minya-pharaonic-magic-cairo\/","og_locale":"de_DE","og_type":"article","og_title":"\u042d\u043b\u044c \u041c\u0438\u043d\u044c\u044f. \u041c\u0430\u0433\u0438\u044f \u0424\u0430\u0440\u0430\u043e\u043d\u043e\u0432 &#8226; \u042d\u043a\u0441\u043a\u0443\u0440\u0441\u0438\u0438 Skyline","og_description":"\u0412\u0440\u0435\u043c\u044f \u0442\u0443\u0440\u0430: 6:00 - 21:00  \u0414\u043d\u0438 \u043f\u0440\u043e\u0432\u0435\u0434\u0435\u043d\u0438\u044f: \u0432\u0442\u043e\u0440\u043d\u0438\u043a, \u0447\u0435\u0442\u0432\u0435\u0440\u0433 \u0438 \u0441\u0443\u0431\u0431\u043e\u0442\u0430","og_url":"https:\/\/skyline-gs.com\/de\/produkt\/el-minya-pharaonic-magic-cairo\/","og_site_name":"\u042d\u043a\u0441\u043a\u0443\u0440\u0441\u0438\u0438 Skyline","article_modified_time":"2024-01-24T12:40:59+00:00","og_image":[{"width":669,"height":446,"url":"https:\/\/skyline-gs.com\/wp-content\/uploads\/2021\/09\/46.jpg","type":"image\/jpeg"}],"twitter_card":"summary_large_image","twitter_misc":{"Gesch\u00e4tzte Lesezeit":"2\u00a0Minuten"},"schema":{"@context":"https:\/\/schema.org","@graph":[{"@type":"WebPage","@id":"https:\/\/skyline-gs.com\/product\/el-minya-pharaonic-magic-cairo\/","url":"https:\/\/skyline-gs.com\/product\/el-minya-pharaonic-magic-cairo\/","name":"\u042d\u043b\u044c \u041c\u0438\u043d\u044c\u044f. \u041c\u0430\u0433\u0438\u044f \u0424\u0430\u0440\u0430\u043e\u043d\u043e\u0432 &#8226; \u042d\u043a\u0441\u043a\u0443\u0440\u0441\u0438\u0438 Skyline","isPartOf":{"@id":"https:\/\/skyline-gs.com\/it\/#website"},"primaryImageOfPage":{"@id":"https:\/\/skyline-gs.com\/product\/el-minya-pharaonic-magic-cairo\/#primaryimage"},"image":{"@id":"https:\/\/skyline-gs.com\/product\/el-minya-pharaonic-magic-cairo\/#primaryimage"},"thumbnailUrl":"https:\/\/skyline-gs.com\/wp-content\/uploads\/2021\/09\/46.jpg","datePublished":"2021-09-16T13:56:09+00:00","dateModified":"2024-01-24T12:40:59+00:00","breadcrumb":{"@id":"https:\/\/skyline-gs.com\/product\/el-minya-pharaonic-magic-cairo\/#breadcrumb"},"inLanguage":"de","potentialAction":[{"@type":"ReadAction","target":["https:\/\/skyline-gs.com\/product\/el-minya-pharaonic-magic-cairo\/"]}]},{"@type":"ImageObject","inLanguage":"de","@id":"https:\/\/skyline-gs.com\/product\/el-minya-pharaonic-magic-cairo\/#primaryimage","url":"https:\/\/skyline-gs.com\/wp-content\/uploads\/2021\/09\/46.jpg","contentUrl":"https:\/\/skyline-gs.com\/wp-content\/uploads\/2021\/09\/46.jpg","width":669,"height":446},{"@type":"BreadcrumbList","@id":"https:\/\/skyline-gs.com\/product\/el-minya-pharaonic-magic-cairo\/#breadcrumb","itemListElement":[{"@type":"ListItem","position":1,"name":"\u0413\u043b\u0430\u0432\u043d\u0430\u044f \u0441\u0442\u0440\u0430\u043d\u0438\u0446\u0430","item":"https:\/\/skyline-gs.com\/hu\/"},{"@type":"ListItem","position":2,"name":"\u041c\u0430\u0433\u0430\u0437\u0438\u043d","item":"https:\/\/skyline-gs.com\/cs\/shop\/"},{"@type":"ListItem","position":3,"name":"\u042d\u043b\u044c \u041c\u0438\u043d\u044c\u044f. \u041c\u0430\u0433\u0438\u044f \u0424\u0430\u0440\u0430\u043e\u043d\u043e\u0432"}]},{"@type":"WebSite","@id":"https:\/\/skyline-gs.com\/it\/#website","url":"https:\/\/skyline-gs.com\/it\/","name":"Skyline Ausfl\u00fcge","description":"Exklusive Ausfl\u00fcge in den besten Resorts der Welt","publisher":{"@id":"https:\/\/skyline-gs.com\/it\/#organization"},"alternateName":"Skyline","potentialAction":[{"@type":"SearchAction","target":{"@type":"EntryPoint","urlTemplate":"https:\/\/skyline-gs.com\/it\/?s={search_term_string}"},"query-input":{"@type":"PropertyValueSpecification","valueRequired":true,"valueName":"search_term_string"}}],"inLanguage":"de"},{"@type":"Organization","@id":"https:\/\/skyline-gs.com\/it\/#organization","name":"Skyline Ausfl\u00fcge","alternateName":"\u042d\u043a\u0441\u043a\u0443\u0440\u0441\u0438\u0438 Skyline","url":"https:\/\/skyline-gs.com\/it\/","logo":{"@type":"ImageObject","inLanguage":"de","@id":"https:\/\/skyline-gs.com\/it\/#\/schema\/logo\/image\/","url":"https:\/\/skyline-gs.com\/wp-content\/uploads\/2020\/12\/cropped-logo-2.png","contentUrl":"https:\/\/skyline-gs.com\/wp-content\/uploads\/2020\/12\/cropped-logo-2.png","width":512,"height":512,"caption":"\u042d\u043a\u0441\u043a\u0443\u0440\u0441\u0438\u0438 Skyline"},"image":{"@id":"https:\/\/skyline-gs.com\/it\/#\/schema\/logo\/image\/"},"sameAs":["https:\/\/www.instagram.com\/skylineglobalservice\/"]}]}},"_links":{"self":[{"href":"https:\/\/skyline-gs.com\/de\/wp-json\/wp\/v2\/product\/31282","targetHints":{"allow":["GET"]}}],"collection":[{"href":"https:\/\/skyline-gs.com\/de\/wp-json\/wp\/v2\/product"}],"about":[{"href":"https:\/\/skyline-gs.com\/de\/wp-json\/wp\/v2\/types\/product"}],"version-history":[{"count":0,"href":"https:\/\/skyline-gs.com\/de\/wp-json\/wp\/v2\/product\/31282\/revisions"}],"wp:featuredmedia":[{"embeddable":true,"href":"https:\/\/skyline-gs.com\/de\/wp-json\/wp\/v2\/media\/31482"}],"wp:attachment":[{"href":"https:\/\/skyline-gs.com\/de\/wp-json\/wp\/v2\/media?parent=31282"}],"wp:term":[{"taxonomy":"product_brand","embeddable":true,"href":"https:\/\/skyline-gs.com\/de\/wp-json\/wp\/v2\/product_brand?post=31282"},{"taxonomy":"product_cat","embeddable":true,"href":"https:\/\/skyline-gs.com\/de\/wp-json\/wp\/v2\/product_cat?post=31282"},{"taxonomy":"product_tag","embeddable":true,"href":"https:\/\/skyline-gs.com\/de\/wp-json\/wp\/v2\/product_tag?post=31282"}],"curies":[{"name":"wp","href":"https:\/\/api.w.org\/{rel}","templated":true}]}}