{"id":30918,"date":"2021-09-06T12:38:26","date_gmt":"2021-09-06T10:38:26","guid":{"rendered":"http:\/\/skyline-gs.com\/?post_type=product&#038;p=30918"},"modified":"2025-11-04T14:56:33","modified_gmt":"2025-11-04T12:56:33","slug":"wadi-el-veshwash-valley-sharm","status":"publish","type":"product","link":"https:\/\/skyline-gs.com\/de\/product\/wadi-el-veshwash-valley-sharm\/","title":{"rendered":"Tal des Wadi El Veshwash"},"content":{"rendered":"<p>Eine der beeindruckendsten und erstaunlichsten Safaris auf der Sinai-Halbinsel! Unber\u00fchrte Natur, Extremsport und Entspannung! Besuchen Sie zahlreiche einzigartige Orte im Sinai an einem Tag!<\/p>\n<p>Um 7:00 Uhr Abfahrt vom Hotel mit einem komfortablen Minibus. Fahrt zum malerischen Fischerhafen von Nuweiba, wo der Gro\u00dfteil der Einwohner Beduinen sind, die vom Fischfang leben. Sie werden von der Stadt und der Lagune begeistert sein. Anschlie\u00dfend steigen Sie in Jeeps um und machen eine aufregende Jeep-Safari durch die sandigen D\u00fcnen der hei\u00dfen Sinai-W\u00fcste bis zu einem der sch\u00f6nsten Canyons des Sinai.<\/p>\n<p>Spaziergang durch den Canyon bis zum Tal von Wadi El Weshwash, wo Sie die Millionen Jahre alte Geschichte des Canyons in den verschiedenen Schichten von Granit und Basaltgestein sehen k\u00f6nnen, die die Felsen durchdringen und ein unglaubliches Schauspiel bilden. Ein weiteres Naturwunder erwartet Sie - der in den Felsen verlorene See \"Weshwashi\" (Fl\u00fcsternder See). Ihr Guide wird Ihnen mehr \u00fcber seine einzigartige Herkunft erz\u00e4hlen. Sie haben die M\u00f6glichkeit, in den See einzutauchen (nach der Legende erf\u00fcllt er geheime W\u00fcnsche). Das Wasser im See bleibt auch bei hei\u00dfem Wetter k\u00fchl.<\/p>\n<p>Nach der R\u00fcckkehr aus dem Canyon geht es zum Abu Galum Nationalpark in der N\u00e4he von Dahab (Goldene Stadt). In Abu Galum k\u00f6nnen Sie die Sch\u00f6nheit und Vielfalt der Unterwasserwelt des Roten Meeres genie\u00dfen, indem Sie entlang des weltber\u00fchmten 200 Meter langen Riffs \"Dive Canyon\" schnorcheln (Schwimmweste erforderlich - 3 \u20ac! Flossen und Masken k\u00f6nnen bei Bedarf gemietet werden). F\u00fcr diejenigen, die nicht schwimmen m\u00f6chten, besteht die M\u00f6glichkeit, entlang des Strandes zu spazieren, die Brise und die erstaunlichen Landschaften zu genie\u00dfen und atemberaubende Fotos zu machen. Oder bequem auf Kissen in einem Zelt direkt am Meer liegen und beobachten, wie das Meer die bunten Steine der K\u00fcstenlinie umsp\u00fclt, und den Tauchern aus der ganzen Welt zuschauen, die den ber\u00fchmten Unterwasserkorridor erkunden.<\/p>\n<p>Hier am Ufer des Golfs von Aqaba wird Ihnen ein hei\u00dfes Mittagessen serviert (Getr\u00e4nke gegen Aufpreis). Auf dem R\u00fcckweg besuchen Sie die Stadt Dahab, die \"Goldene Stadt\", und ihren farbenfrohen \"Oriental Bazaar\", der keiner der St\u00e4dte \u00c4gyptens \u00e4hnelt, im Hippie-Stil (die einst den Aufstieg des kleinen Beduinen-Dorfes und die Popularit\u00e4t der Stadt Dahab weltweit ausl\u00f6sten). R\u00fcckkehr nach Sharm El Sheikh gegen 19:00 Uhr.<\/p>\n<p><strong>Inbegriffen:<\/strong><\/p>\n<ul>\n<li>Transfer vom Hotel und zur\u00fcck<\/li>\n<li>Englischsprachiger Reiseleiter<\/li>\n<li>Abendessen<\/li>\n<li>Jeep-Safari mit 4x4 Gel\u00e4ndefahrzeugen<\/li>\n<li>Schnorcheln<\/li>\n<li>Eintrittskarte f\u00fcr den Nationalpark<\/li>\n<li>Beduinentee<\/li>\n<\/ul>\n<p><strong>Nicht enthalten:<\/strong><\/p>\n<ul>\n<li>Verleih von Schnorchelausr\u00fcstung: Maske, Flossen, Schwimmweste<\/li>\n<li>Getr\u00e4nke w\u00e4hrend des mittagessens<\/li>\n<\/ul>\n<p><strong>Nimm mit:<\/strong><\/p>\n<ul>\n<li>Reisepass (Original) und eine Kopie des Reisepasses (1 Kopie).<\/li>\n<li>Passfotos, die bei der Buchung einzureichen sind<\/li>\n<li>Schnorchelmaske<\/li>\n<li>Sonnenbrille<\/li>\n<li>Badeanzug, Badehose<\/li>\n<li>Wasser<\/li>\n<li>Sonnencreme<\/li>\n<li>Handtuch<\/li>\n<li>Geld f\u00fcr pers\u00f6nliche Ausgaben<\/li>\n<li>Bequeme schuhe, laufschuhe<\/li>\n<\/ul>","protected":false},"excerpt":{"rendered":"<p><strong>Tourzeit:<\/strong> 7:00 \u2014 19:00<\/p>\n<p><strong>Veranstaltungstage:<\/strong> Dienstag<\/p>","protected":false},"featured_media":30919,"template":"","meta":{"_kad_post_transparent":"default","_kad_post_title":"","_kad_post_layout":"default","_kad_post_sidebar_id":"","_kad_post_content_style":"default","_kad_post_vertical_padding":"default","_kad_post_feature":"","_kad_post_feature_position":"","_kad_post_header":false,"_kad_post_footer":false,"_kad_post_classname":"","_glsr_average":0,"_glsr_ranking":0,"_glsr_reviews":0},"product_brand":[],"product_cat":[435],"product_tag":[],"class_list":{"0":"post-30918","1":"product","2":"type-product","3":"status-publish","4":"has-post-thumbnail","6":"product_cat-sharm-el-sheikh","7":"tm-has-options","9":"first","10":"instock","11":"sale","12":"sold-individually","13":"taxable","14":"shipping-taxable","15":"purchasable","16":"product-type-simple","17":"entry","18":"content-bg","19":"loop-entry"},"yoast_head":"<!-- This site is optimized with the Yoast SEO plugin v27.3 - https:\/\/yoast.com\/product\/yoast-seo-wordpress\/ -->\n<title>\u0414\u043e\u043b\u0438\u043d\u0430 \u0412\u0430\u0434\u0438 \u042d\u043b\u044c \u0412\u0435\u0448\u0432\u0430\u0448 &#8226; \u042d\u043a\u0441\u043a\u0443\u0440\u0441\u0438\u0438 Skyline<\/title>\n<meta name=\"robots\" content=\"index, follow, max-snippet:-1, max-image-preview:large, max-video-preview:-1\" \/>\n<link rel=\"canonical\" href=\"https:\/\/skyline-gs.com\/de\/produkt\/wadi-el-veshwash-valley-sharm\/\" \/>\n<meta property=\"og:locale\" content=\"de_DE\" \/>\n<meta property=\"og:type\" content=\"article\" \/>\n<meta property=\"og:title\" content=\"\u0414\u043e\u043b\u0438\u043d\u0430 \u0412\u0430\u0434\u0438 \u042d\u043b\u044c \u0412\u0435\u0448\u0432\u0430\u0448 &#8226; \u042d\u043a\u0441\u043a\u0443\u0440\u0441\u0438\u0438 Skyline\" \/>\n<meta property=\"og:description\" content=\"\u0412\u0440\u0435\u043c\u044f \u0442\u0443\u0440\u0430: 7:00 - 19:00  \u0414\u043d\u0438 \u043f\u0440\u043e\u0432\u0435\u0434\u0435\u043d\u0438\u044f: \u0412\u0442\u043e\u0440\u043d\u0438\u043a\" \/>\n<meta property=\"og:url\" content=\"https:\/\/skyline-gs.com\/de\/produkt\/wadi-el-veshwash-valley-sharm\/\" \/>\n<meta property=\"og:site_name\" content=\"\u042d\u043a\u0441\u043a\u0443\u0440\u0441\u0438\u0438 Skyline\" \/>\n<meta property=\"article:modified_time\" content=\"2025-11-04T12:56:33+00:00\" \/>\n<meta property=\"og:image\" content=\"https:\/\/skyline-gs.com\/wp-content\/uploads\/2021\/09\/1-3.png\" \/>\n\t<meta property=\"og:image:width\" content=\"669\" \/>\n\t<meta property=\"og:image:height\" content=\"446\" \/>\n\t<meta property=\"og:image:type\" content=\"image\/png\" \/>\n<meta name=\"twitter:card\" content=\"summary_large_image\" \/>\n<meta name=\"twitter:label1\" content=\"Gesch\u00e4tzte Lesezeit\" \/>\n\t<meta name=\"twitter:data1\" content=\"3\u00a0Minuten\" \/>\n<script type=\"application\/ld+json\" class=\"yoast-schema-graph\">{\"@context\":\"https:\\\/\\\/schema.org\",\"@graph\":[{\"@type\":\"WebPage\",\"@id\":\"https:\\\/\\\/skyline-gs.com\\\/de\\\/produkt\\\/wadi-el-veshwash-valley-sharm\\\/\",\"url\":\"https:\\\/\\\/skyline-gs.com\\\/de\\\/produkt\\\/wadi-el-veshwash-valley-sharm\\\/\",\"name\":\"\u0414\u043e\u043b\u0438\u043d\u0430 \u0412\u0430\u0434\u0438 \u042d\u043b\u044c \u0412\u0435\u0448\u0432\u0430\u0448 &#8226; \u042d\u043a\u0441\u043a\u0443\u0440\u0441\u0438\u0438 Skyline\",\"isPartOf\":{\"@id\":\"https:\\\/\\\/skyline-gs.com\\\/it\\\/#website\"},\"primaryImageOfPage\":{\"@id\":\"https:\\\/\\\/skyline-gs.com\\\/de\\\/produkt\\\/wadi-el-veshwash-valley-sharm\\\/#primaryimage\"},\"image\":{\"@id\":\"https:\\\/\\\/skyline-gs.com\\\/de\\\/produkt\\\/wadi-el-veshwash-valley-sharm\\\/#primaryimage\"},\"thumbnailUrl\":\"https:\\\/\\\/skyline-gs.com\\\/wp-content\\\/uploads\\\/2021\\\/09\\\/1-3.png\",\"datePublished\":\"2021-09-06T10:38:26+00:00\",\"dateModified\":\"2025-11-04T12:56:33+00:00\",\"breadcrumb\":{\"@id\":\"https:\\\/\\\/skyline-gs.com\\\/de\\\/produkt\\\/wadi-el-veshwash-valley-sharm\\\/#breadcrumb\"},\"inLanguage\":\"de\",\"potentialAction\":[{\"@type\":\"ReadAction\",\"target\":[\"https:\\\/\\\/skyline-gs.com\\\/de\\\/produkt\\\/wadi-el-veshwash-valley-sharm\\\/\"]}]},{\"@type\":\"ImageObject\",\"inLanguage\":\"de\",\"@id\":\"https:\\\/\\\/skyline-gs.com\\\/de\\\/produkt\\\/wadi-el-veshwash-valley-sharm\\\/#primaryimage\",\"url\":\"https:\\\/\\\/skyline-gs.com\\\/wp-content\\\/uploads\\\/2021\\\/09\\\/1-3.png\",\"contentUrl\":\"https:\\\/\\\/skyline-gs.com\\\/wp-content\\\/uploads\\\/2021\\\/09\\\/1-3.png\",\"width\":669,\"height\":446},{\"@type\":\"BreadcrumbList\",\"@id\":\"https:\\\/\\\/skyline-gs.com\\\/de\\\/produkt\\\/wadi-el-veshwash-valley-sharm\\\/#breadcrumb\",\"itemListElement\":[{\"@type\":\"ListItem\",\"position\":1,\"name\":\"\u0413\u043b\u0430\u0432\u043d\u0430\u044f \u0441\u0442\u0440\u0430\u043d\u0438\u0446\u0430\",\"item\":\"https:\\\/\\\/skyline-gs.com\\\/hu\\\/\"},{\"@type\":\"ListItem\",\"position\":2,\"name\":\"\u041c\u0430\u0433\u0430\u0437\u0438\u043d\",\"item\":\"https:\\\/\\\/skyline-gs.com\\\/cs\\\/shop\\\/\"},{\"@type\":\"ListItem\",\"position\":3,\"name\":\"\u0414\u043e\u043b\u0438\u043d\u0430 \u0412\u0430\u0434\u0438 \u042d\u043b\u044c \u0412\u0435\u0448\u0432\u0430\u0448\"}]},{\"@type\":\"WebSite\",\"@id\":\"https:\\\/\\\/skyline-gs.com\\\/it\\\/#website\",\"url\":\"https:\\\/\\\/skyline-gs.com\\\/it\\\/\",\"name\":\"\u042d\u043a\u0441\u043a\u0443\u0440\u0441\u0438\u0438 Skyline\",\"description\":\"\u042d\u043a\u0441\u043a\u043b\u044e\u0437\u0438\u0432\u043d\u044b\u0435 \u044d\u043a\u0441\u043a\u0443\u0440\u0441\u0438\u0438 \u043d\u0430 \u043b\u0443\u0447\u0448\u0438\u0445 \u043a\u0443\u0440\u043e\u0440\u0442\u0430\u0445 \u043c\u0438\u0440\u0430\",\"publisher\":{\"@id\":\"https:\\\/\\\/skyline-gs.com\\\/it\\\/#organization\"},\"alternateName\":\"Skyline\",\"potentialAction\":[{\"@type\":\"SearchAction\",\"target\":{\"@type\":\"EntryPoint\",\"urlTemplate\":\"https:\\\/\\\/skyline-gs.com\\\/it\\\/?s={search_term_string}\"},\"query-input\":{\"@type\":\"PropertyValueSpecification\",\"valueRequired\":true,\"valueName\":\"search_term_string\"}}],\"inLanguage\":\"de\"},{\"@type\":\"Organization\",\"@id\":\"https:\\\/\\\/skyline-gs.com\\\/it\\\/#organization\",\"name\":\"\u042d\u043a\u0441\u043a\u0443\u0440\u0441\u0438\u0438 Skyline\",\"alternateName\":\"\u042d\u043a\u0441\u043a\u0443\u0440\u0441\u0438\u0438 Skyline\",\"url\":\"https:\\\/\\\/skyline-gs.com\\\/it\\\/\",\"logo\":{\"@type\":\"ImageObject\",\"inLanguage\":\"de\",\"@id\":\"https:\\\/\\\/skyline-gs.com\\\/it\\\/#\\\/schema\\\/logo\\\/image\\\/\",\"url\":\"https:\\\/\\\/skyline-gs.com\\\/wp-content\\\/uploads\\\/2020\\\/12\\\/cropped-logo-2.png\",\"contentUrl\":\"https:\\\/\\\/skyline-gs.com\\\/wp-content\\\/uploads\\\/2020\\\/12\\\/cropped-logo-2.png\",\"width\":512,\"height\":512,\"caption\":\"\u042d\u043a\u0441\u043a\u0443\u0440\u0441\u0438\u0438 Skyline\"},\"image\":{\"@id\":\"https:\\\/\\\/skyline-gs.com\\\/it\\\/#\\\/schema\\\/logo\\\/image\\\/\"},\"sameAs\":[\"https:\\\/\\\/www.instagram.com\\\/skylineglobalservice\\\/\"]}]}<\/script>\n<!-- \/ Yoast SEO plugin. -->","yoast_head_json":{"title":"Wadi El Weshwash Valley - Skyline Excursions","robots":{"index":"index","follow":"follow","max-snippet":"max-snippet:-1","max-image-preview":"max-image-preview:large","max-video-preview":"max-video-preview:-1"},"canonical":"https:\/\/skyline-gs.com\/de\/produkt\/wadi-el-veshwash-valley-sharm\/","og_locale":"de_DE","og_type":"article","og_title":"\u0414\u043e\u043b\u0438\u043d\u0430 \u0412\u0430\u0434\u0438 \u042d\u043b\u044c \u0412\u0435\u0448\u0432\u0430\u0448 &#8226; \u042d\u043a\u0441\u043a\u0443\u0440\u0441\u0438\u0438 Skyline","og_description":"\u0412\u0440\u0435\u043c\u044f \u0442\u0443\u0440\u0430: 7:00 - 19:00  \u0414\u043d\u0438 \u043f\u0440\u043e\u0432\u0435\u0434\u0435\u043d\u0438\u044f: \u0412\u0442\u043e\u0440\u043d\u0438\u043a","og_url":"https:\/\/skyline-gs.com\/de\/produkt\/wadi-el-veshwash-valley-sharm\/","og_site_name":"\u042d\u043a\u0441\u043a\u0443\u0440\u0441\u0438\u0438 Skyline","article_modified_time":"2025-11-04T12:56:33+00:00","og_image":[{"width":669,"height":446,"url":"https:\/\/skyline-gs.com\/wp-content\/uploads\/2021\/09\/1-3.png","type":"image\/png"}],"twitter_card":"summary_large_image","twitter_misc":{"Gesch\u00e4tzte Lesezeit":"3\u00a0Minuten"},"schema":{"@context":"https:\/\/schema.org","@graph":[{"@type":"WebPage","@id":"https:\/\/skyline-gs.com\/de\/produkt\/wadi-el-veshwash-valley-sharm\/","url":"https:\/\/skyline-gs.com\/de\/produkt\/wadi-el-veshwash-valley-sharm\/","name":"Wadi El Weshwash Valley - Skyline Excursions","isPartOf":{"@id":"https:\/\/skyline-gs.com\/it\/#website"},"primaryImageOfPage":{"@id":"https:\/\/skyline-gs.com\/de\/produkt\/wadi-el-veshwash-valley-sharm\/#primaryimage"},"image":{"@id":"https:\/\/skyline-gs.com\/de\/produkt\/wadi-el-veshwash-valley-sharm\/#primaryimage"},"thumbnailUrl":"https:\/\/skyline-gs.com\/wp-content\/uploads\/2021\/09\/1-3.png","datePublished":"2021-09-06T10:38:26+00:00","dateModified":"2025-11-04T12:56:33+00:00","breadcrumb":{"@id":"https:\/\/skyline-gs.com\/de\/produkt\/wadi-el-veshwash-valley-sharm\/#breadcrumb"},"inLanguage":"de","potentialAction":[{"@type":"ReadAction","target":["https:\/\/skyline-gs.com\/de\/produkt\/wadi-el-veshwash-valley-sharm\/"]}]},{"@type":"ImageObject","inLanguage":"de","@id":"https:\/\/skyline-gs.com\/de\/produkt\/wadi-el-veshwash-valley-sharm\/#primaryimage","url":"https:\/\/skyline-gs.com\/wp-content\/uploads\/2021\/09\/1-3.png","contentUrl":"https:\/\/skyline-gs.com\/wp-content\/uploads\/2021\/09\/1-3.png","width":669,"height":446},{"@type":"BreadcrumbList","@id":"https:\/\/skyline-gs.com\/de\/produkt\/wadi-el-veshwash-valley-sharm\/#breadcrumb","itemListElement":[{"@type":"ListItem","position":1,"name":"\u0413\u043b\u0430\u0432\u043d\u0430\u044f \u0441\u0442\u0440\u0430\u043d\u0438\u0446\u0430","item":"https:\/\/skyline-gs.com\/hu\/"},{"@type":"ListItem","position":2,"name":"\u041c\u0430\u0433\u0430\u0437\u0438\u043d","item":"https:\/\/skyline-gs.com\/cs\/shop\/"},{"@type":"ListItem","position":3,"name":"\u0414\u043e\u043b\u0438\u043d\u0430 \u0412\u0430\u0434\u0438 \u042d\u043b\u044c \u0412\u0435\u0448\u0432\u0430\u0448"}]},{"@type":"WebSite","@id":"https:\/\/skyline-gs.com\/it\/#website","url":"https:\/\/skyline-gs.com\/it\/","name":"Skyline Ausfl\u00fcge","description":"Exklusive Ausfl\u00fcge in den besten Resorts der Welt","publisher":{"@id":"https:\/\/skyline-gs.com\/it\/#organization"},"alternateName":"Skyline","potentialAction":[{"@type":"SearchAction","target":{"@type":"EntryPoint","urlTemplate":"https:\/\/skyline-gs.com\/it\/?s={search_term_string}"},"query-input":{"@type":"PropertyValueSpecification","valueRequired":true,"valueName":"search_term_string"}}],"inLanguage":"de"},{"@type":"Organization","@id":"https:\/\/skyline-gs.com\/it\/#organization","name":"Skyline Ausfl\u00fcge","alternateName":"\u042d\u043a\u0441\u043a\u0443\u0440\u0441\u0438\u0438 Skyline","url":"https:\/\/skyline-gs.com\/it\/","logo":{"@type":"ImageObject","inLanguage":"de","@id":"https:\/\/skyline-gs.com\/it\/#\/schema\/logo\/image\/","url":"https:\/\/skyline-gs.com\/wp-content\/uploads\/2020\/12\/cropped-logo-2.png","contentUrl":"https:\/\/skyline-gs.com\/wp-content\/uploads\/2020\/12\/cropped-logo-2.png","width":512,"height":512,"caption":"\u042d\u043a\u0441\u043a\u0443\u0440\u0441\u0438\u0438 Skyline"},"image":{"@id":"https:\/\/skyline-gs.com\/it\/#\/schema\/logo\/image\/"},"sameAs":["https:\/\/www.instagram.com\/skylineglobalservice\/"]}]}},"_links":{"self":[{"href":"https:\/\/skyline-gs.com\/de\/wp-json\/wp\/v2\/product\/30918","targetHints":{"allow":["GET"]}}],"collection":[{"href":"https:\/\/skyline-gs.com\/de\/wp-json\/wp\/v2\/product"}],"about":[{"href":"https:\/\/skyline-gs.com\/de\/wp-json\/wp\/v2\/types\/product"}],"version-history":[{"count":0,"href":"https:\/\/skyline-gs.com\/de\/wp-json\/wp\/v2\/product\/30918\/revisions"}],"wp:featuredmedia":[{"embeddable":true,"href":"https:\/\/skyline-gs.com\/de\/wp-json\/wp\/v2\/media\/30919"}],"wp:attachment":[{"href":"https:\/\/skyline-gs.com\/de\/wp-json\/wp\/v2\/media?parent=30918"}],"wp:term":[{"taxonomy":"product_brand","embeddable":true,"href":"https:\/\/skyline-gs.com\/de\/wp-json\/wp\/v2\/product_brand?post=30918"},{"taxonomy":"product_cat","embeddable":true,"href":"https:\/\/skyline-gs.com\/de\/wp-json\/wp\/v2\/product_cat?post=30918"},{"taxonomy":"product_tag","embeddable":true,"href":"https:\/\/skyline-gs.com\/de\/wp-json\/wp\/v2\/product_tag?post=30918"}],"curies":[{"name":"wp","href":"https:\/\/api.w.org\/{rel}","templated":true}]}}