{"id":29670,"date":"2021-08-13T19:53:25","date_gmt":"2021-08-13T17:53:25","guid":{"rendered":"http:\/\/skyline-gs.com\/?post_type=product&#038;p=29670"},"modified":"2026-01-01T16:05:12","modified_gmt":"2026-01-01T14:05:12","slug":"romantische-abendfahrt-auf-der-yacht-fantasy-sharm","status":"publish","type":"product","link":"https:\/\/skyline-gs.com\/de\/product\/romantic-evening-cruise-on-the-yacht-fantasy-sharm\/","title":{"rendered":"Abendliche Kreuzfahrt mit Abendessen auf der Yacht Fantasia"},"content":{"rendered":"<p>Abendyacht \"Fantasia\" - die Lichter der K\u00fcste von Sharm El Sheikh vom Deck einer luxuri\u00f6sen Yacht aus, faszinierende Spiegelung des Mondes auf den Wellen im offenen Meer, Sternenhimmel, reichhaltiges Showprogramm, k\u00f6stliches Abendessen mit Meeresfr\u00fcchten und Tanz bis zum Umfallen. All das ist ein romantischer Abend auf der Yacht \"FANTASIA\". Wir holen Sie um 18:00 Uhr von Ihrem Hotel mit einem Minibus zum Hafen ab. Diese unvergessliche Reise wird sowohl verliebte Paare ansprechen, die die romantische Atmosph\u00e4re einer abendlichen Bootsfahrt genie\u00dfen wollen, als auch eine Gruppe von Freunden. Die beste M\u00f6glichkeit, um wichtige Ereignisse im Leben im Kreise von Verwandten und Freunden zu feiern: Jubil\u00e4en, Geburtstage. Und nat\u00fcrlich eine extravagante Show, an der Sie teilnehmen! Es erwarten Sie: eine Folkloregruppe mit feurigen Volkst\u00e4nzen, eine faszinierende Vorstellung von Zauberern, ein schwindelerregender M\u00e4nnertanz mit R\u00f6cken und Tamburinen \"Tanura\" und ein bezaubernder Bauchtanz, dargeboten von einer orientalischen Sch\u00f6nheit (das Programm kann ge\u00e4ndert werden).<\/p>\n<p>Die entspannte Atmosph\u00e4re und der Blick auf die n\u00e4chtliche Stadt verleihen Ihrem Essen den perfekten Geschmack! Sie erwartet ein k\u00f6stliches Abendessen mit Meeresfr\u00fcchten, Fleischgerichten, H\u00fchnchen, verschiedenen Beilagen, Gem\u00fcse und Obst. Nicht-alkoholische Getr\u00e4nke (au\u00dfer frisch gepressten S\u00e4ften und t\u00fcrkischem Kaffee) sind im Preis inbegriffen. Der letzte Teil des Abendprogramms ist die Diskothek! Tanze, als ob niemand zuschaut, tanze bis zum Umfallen! Dank pulsierender Kl\u00e4nge von Top-DJs und dem Rhythmus der Musikmixe ist die Abendyacht \"Fantasie\" ein einzigartiger Nachtclub f\u00fcr Damen und Herren jeden Alters. Gegen 22:00 Uhr, nach einem wunderbaren Abend, werden Sie zur\u00fcck zum Hotel gebracht.<\/p>\n<p><strong>Inbegriffen:<\/strong><\/p>\n<ul>\n<li>Transfer vom Hotel und zur\u00fcck<\/li>\n<li>Eintrittskarte<\/li>\n<li>Abendessen<\/li>\n<\/ul>\n<p><strong>Nicht enthalten:<\/strong><\/p>\n<ul>\n<li>Getr\u00e4nke (1-3 \u20ac)<\/li>\n<li>Geburtstagskuchen - 15$ (muss im Voraus bestellt werden)<\/li>\n<li>Fotos, die vom Fotografen gemacht wurden<\/li>\n<li>Frisch gepresste S\u00e4fte, t\u00fcrkischer Kaffee<\/li>\n<\/ul>\n<p><strong>Nimm mit:<\/strong><\/p>\n<ul>\n<li>Reichen Sie die Passfotos bei der Buchung ein und f\u00fchren Sie Kopien oder Fotos der P\u00e4sse auf Ihrem Telefon mit sich.<\/li>\n<li>Warme Kleidung in der Herbst-Winter-Saison<\/li>\n<li>Geld f\u00fcr pers\u00f6nliche Ausgaben, Foto- und Videoaufnahmen (nach Wunsch)<\/li>\n<\/ul>","protected":false},"excerpt":{"rendered":"<p><strong>Tourzeit:<\/strong> 18:00 \u2014 22:00<\/p>\n<p><strong>Veranstaltungstage:<\/strong> T\u00e4glich<\/p>","protected":false},"featured_media":29880,"template":"","meta":{"_kad_post_transparent":"default","_kad_post_title":"","_kad_post_layout":"default","_kad_post_sidebar_id":"","_kad_post_content_style":"default","_kad_post_vertical_padding":"default","_kad_post_feature":"","_kad_post_feature_position":"","_kad_post_header":false,"_kad_post_footer":false,"_kad_post_classname":"","_glsr_average":0,"_glsr_ranking":0,"_glsr_reviews":0},"product_brand":[],"product_cat":[435],"product_tag":[],"class_list":{"0":"post-29670","1":"product","2":"type-product","3":"status-publish","4":"has-post-thumbnail","6":"product_cat-sharm-el-sheikh","7":"tm-has-options","9":"first","10":"instock","11":"sale","12":"sold-individually","13":"taxable","14":"shipping-taxable","15":"purchasable","16":"product-type-simple","17":"entry","18":"content-bg","19":"loop-entry"},"yoast_head":"<!-- This site is optimized with the Yoast SEO plugin v27.4 - https:\/\/yoast.com\/product\/yoast-seo-wordpress\/ -->\n<title>\u0412\u0435\u0447\u0435\u0440\u043d\u0438\u0439 \u043a\u0440\u0443\u0438\u0437 \u0441 \u0443\u0436\u0438\u043d\u043e\u043c \u043d\u0430 \u044f\u0445\u0442\u0435 \u0424\u0430\u043d\u0442\u0430\u0437\u0438\u044f &#8226; \u042d\u043a\u0441\u043a\u0443\u0440\u0441\u0438\u0438 Skyline<\/title>\n<meta name=\"robots\" content=\"index, follow, max-snippet:-1, max-image-preview:large, max-video-preview:-1\" \/>\n<link rel=\"canonical\" href=\"https:\/\/skyline-gs.com\/de\/produkt\/romantische-abendfahrt-auf-der-yacht-fantasy-sharm\/\" \/>\n<meta property=\"og:locale\" content=\"de_DE\" \/>\n<meta property=\"og:type\" content=\"article\" \/>\n<meta property=\"og:title\" content=\"\u0412\u0435\u0447\u0435\u0440\u043d\u0438\u0439 \u043a\u0440\u0443\u0438\u0437 \u0441 \u0443\u0436\u0438\u043d\u043e\u043c \u043d\u0430 \u044f\u0445\u0442\u0435 \u0424\u0430\u043d\u0442\u0430\u0437\u0438\u044f &#8226; \u042d\u043a\u0441\u043a\u0443\u0440\u0441\u0438\u0438 Skyline\" \/>\n<meta property=\"og:description\" content=\"\u0412\u0440\u0435\u043c\u044f \u0442\u0443\u0440\u0430: 18:00 - 22:00  \u0414\u043d\u0438 \u043f\u0440\u043e\u0432\u0435\u0434\u0435\u043d\u0438\u044f: \u041a\u0430\u0436\u0434\u044b\u0439 \u0434\u0435\u043d\u044c\" \/>\n<meta property=\"og:url\" content=\"https:\/\/skyline-gs.com\/de\/produkt\/romantische-abendfahrt-auf-der-yacht-fantasy-sharm\/\" \/>\n<meta property=\"og:site_name\" content=\"\u042d\u043a\u0441\u043a\u0443\u0440\u0441\u0438\u0438 Skyline\" \/>\n<meta property=\"article:modified_time\" content=\"2026-01-01T14:05:12+00:00\" \/>\n<meta property=\"og:image\" content=\"https:\/\/skyline-gs.com\/wp-content\/uploads\/2021\/08\/f0-1-1.jpg\" \/>\n\t<meta property=\"og:image:width\" content=\"669\" \/>\n\t<meta property=\"og:image:height\" content=\"446\" \/>\n\t<meta property=\"og:image:type\" content=\"image\/jpeg\" \/>\n<meta name=\"twitter:card\" content=\"summary_large_image\" \/>\n<meta name=\"twitter:label1\" content=\"Gesch\u00e4tzte Lesezeit\" \/>\n\t<meta name=\"twitter:data1\" content=\"2\u00a0Minuten\" \/>\n<script type=\"application\/ld+json\" class=\"yoast-schema-graph\">{\"@context\":\"https:\\\/\\\/schema.org\",\"@graph\":[{\"@type\":\"WebPage\",\"@id\":\"https:\\\/\\\/skyline-gs.com\\\/de\\\/produkt\\\/romantic-evening-cruise-on-the-yacht-fantasy-sharm\\\/\",\"url\":\"https:\\\/\\\/skyline-gs.com\\\/de\\\/produkt\\\/romantic-evening-cruise-on-the-yacht-fantasy-sharm\\\/\",\"name\":\"\u0412\u0435\u0447\u0435\u0440\u043d\u0438\u0439 \u043a\u0440\u0443\u0438\u0437 \u0441 \u0443\u0436\u0438\u043d\u043e\u043c \u043d\u0430 \u044f\u0445\u0442\u0435 \u0424\u0430\u043d\u0442\u0430\u0437\u0438\u044f &#8226; \u042d\u043a\u0441\u043a\u0443\u0440\u0441\u0438\u0438 Skyline\",\"isPartOf\":{\"@id\":\"https:\\\/\\\/skyline-gs.com\\\/it\\\/#website\"},\"primaryImageOfPage\":{\"@id\":\"https:\\\/\\\/skyline-gs.com\\\/de\\\/produkt\\\/romantic-evening-cruise-on-the-yacht-fantasy-sharm\\\/#primaryimage\"},\"image\":{\"@id\":\"https:\\\/\\\/skyline-gs.com\\\/de\\\/produkt\\\/romantic-evening-cruise-on-the-yacht-fantasy-sharm\\\/#primaryimage\"},\"thumbnailUrl\":\"https:\\\/\\\/skyline-gs.com\\\/wp-content\\\/uploads\\\/2021\\\/08\\\/f0-1-1.jpg\",\"datePublished\":\"2021-08-13T17:53:25+00:00\",\"dateModified\":\"2026-01-01T14:05:12+00:00\",\"breadcrumb\":{\"@id\":\"https:\\\/\\\/skyline-gs.com\\\/de\\\/produkt\\\/romantic-evening-cruise-on-the-yacht-fantasy-sharm\\\/#breadcrumb\"},\"inLanguage\":\"de\",\"potentialAction\":[{\"@type\":\"ReadAction\",\"target\":[\"https:\\\/\\\/skyline-gs.com\\\/de\\\/produkt\\\/romantic-evening-cruise-on-the-yacht-fantasy-sharm\\\/\"]}]},{\"@type\":\"ImageObject\",\"inLanguage\":\"de\",\"@id\":\"https:\\\/\\\/skyline-gs.com\\\/de\\\/produkt\\\/romantic-evening-cruise-on-the-yacht-fantasy-sharm\\\/#primaryimage\",\"url\":\"https:\\\/\\\/skyline-gs.com\\\/wp-content\\\/uploads\\\/2021\\\/08\\\/f0-1-1.jpg\",\"contentUrl\":\"https:\\\/\\\/skyline-gs.com\\\/wp-content\\\/uploads\\\/2021\\\/08\\\/f0-1-1.jpg\",\"width\":669,\"height\":446},{\"@type\":\"BreadcrumbList\",\"@id\":\"https:\\\/\\\/skyline-gs.com\\\/de\\\/produkt\\\/romantic-evening-cruise-on-the-yacht-fantasy-sharm\\\/#breadcrumb\",\"itemListElement\":[{\"@type\":\"ListItem\",\"position\":1,\"name\":\"\u0413\u043b\u0430\u0432\u043d\u0430\u044f \u0441\u0442\u0440\u0430\u043d\u0438\u0446\u0430\",\"item\":\"https:\\\/\\\/skyline-gs.com\\\/hu\\\/\"},{\"@type\":\"ListItem\",\"position\":2,\"name\":\"\u041c\u0430\u0433\u0430\u0437\u0438\u043d\",\"item\":\"https:\\\/\\\/skyline-gs.com\\\/cs\\\/shop\\\/\"},{\"@type\":\"ListItem\",\"position\":3,\"name\":\"\u0412\u0435\u0447\u0435\u0440\u043d\u0438\u0439 \u043a\u0440\u0443\u0438\u0437 \u0441 \u0443\u0436\u0438\u043d\u043e\u043c \u043d\u0430 \u044f\u0445\u0442\u0435 \u0424\u0430\u043d\u0442\u0430\u0437\u0438\u044f\"}]},{\"@type\":\"WebSite\",\"@id\":\"https:\\\/\\\/skyline-gs.com\\\/it\\\/#website\",\"url\":\"https:\\\/\\\/skyline-gs.com\\\/it\\\/\",\"name\":\"\u042d\u043a\u0441\u043a\u0443\u0440\u0441\u0438\u0438 Skyline\",\"description\":\"\u042d\u043a\u0441\u043a\u043b\u044e\u0437\u0438\u0432\u043d\u044b\u0435 \u044d\u043a\u0441\u043a\u0443\u0440\u0441\u0438\u0438 \u043d\u0430 \u043b\u0443\u0447\u0448\u0438\u0445 \u043a\u0443\u0440\u043e\u0440\u0442\u0430\u0445 \u043c\u0438\u0440\u0430\",\"publisher\":{\"@id\":\"https:\\\/\\\/skyline-gs.com\\\/it\\\/#organization\"},\"alternateName\":\"Skyline\",\"potentialAction\":[{\"@type\":\"SearchAction\",\"target\":{\"@type\":\"EntryPoint\",\"urlTemplate\":\"https:\\\/\\\/skyline-gs.com\\\/it\\\/?s={search_term_string}\"},\"query-input\":{\"@type\":\"PropertyValueSpecification\",\"valueRequired\":true,\"valueName\":\"search_term_string\"}}],\"inLanguage\":\"de\"},{\"@type\":\"Organization\",\"@id\":\"https:\\\/\\\/skyline-gs.com\\\/it\\\/#organization\",\"name\":\"\u042d\u043a\u0441\u043a\u0443\u0440\u0441\u0438\u0438 Skyline\",\"alternateName\":\"\u042d\u043a\u0441\u043a\u0443\u0440\u0441\u0438\u0438 Skyline\",\"url\":\"https:\\\/\\\/skyline-gs.com\\\/it\\\/\",\"logo\":{\"@type\":\"ImageObject\",\"inLanguage\":\"de\",\"@id\":\"https:\\\/\\\/skyline-gs.com\\\/it\\\/#\\\/schema\\\/logo\\\/image\\\/\",\"url\":\"https:\\\/\\\/skyline-gs.com\\\/wp-content\\\/uploads\\\/2020\\\/12\\\/cropped-logo-2.png\",\"contentUrl\":\"https:\\\/\\\/skyline-gs.com\\\/wp-content\\\/uploads\\\/2020\\\/12\\\/cropped-logo-2.png\",\"width\":512,\"height\":512,\"caption\":\"\u042d\u043a\u0441\u043a\u0443\u0440\u0441\u0438\u0438 Skyline\"},\"image\":{\"@id\":\"https:\\\/\\\/skyline-gs.com\\\/it\\\/#\\\/schema\\\/logo\\\/image\\\/\"},\"sameAs\":[\"https:\\\/\\\/www.instagram.com\\\/skylineglobalservice\\\/\"]}]}<\/script>\n<!-- \/ Yoast SEO plugin. -->","yoast_head_json":{"title":"Abendliche Kreuzfahrt mit Abendessen auf der Jacht Fantasia - Skyline Excursions","robots":{"index":"index","follow":"follow","max-snippet":"max-snippet:-1","max-image-preview":"max-image-preview:large","max-video-preview":"max-video-preview:-1"},"canonical":"https:\/\/skyline-gs.com\/de\/produkt\/romantische-abendfahrt-auf-der-yacht-fantasy-sharm\/","og_locale":"de_DE","og_type":"article","og_title":"\u0412\u0435\u0447\u0435\u0440\u043d\u0438\u0439 \u043a\u0440\u0443\u0438\u0437 \u0441 \u0443\u0436\u0438\u043d\u043e\u043c \u043d\u0430 \u044f\u0445\u0442\u0435 \u0424\u0430\u043d\u0442\u0430\u0437\u0438\u044f &#8226; \u042d\u043a\u0441\u043a\u0443\u0440\u0441\u0438\u0438 Skyline","og_description":"\u0412\u0440\u0435\u043c\u044f \u0442\u0443\u0440\u0430: 18:00 - 22:00  \u0414\u043d\u0438 \u043f\u0440\u043e\u0432\u0435\u0434\u0435\u043d\u0438\u044f: \u041a\u0430\u0436\u0434\u044b\u0439 \u0434\u0435\u043d\u044c","og_url":"https:\/\/skyline-gs.com\/de\/produkt\/romantische-abendfahrt-auf-der-yacht-fantasy-sharm\/","og_site_name":"\u042d\u043a\u0441\u043a\u0443\u0440\u0441\u0438\u0438 Skyline","article_modified_time":"2026-01-01T14:05:12+00:00","og_image":[{"width":669,"height":446,"url":"https:\/\/skyline-gs.com\/wp-content\/uploads\/2021\/08\/f0-1-1.jpg","type":"image\/jpeg"}],"twitter_card":"summary_large_image","twitter_misc":{"Gesch\u00e4tzte Lesezeit":"2\u00a0Minuten"},"schema":{"@context":"https:\/\/schema.org","@graph":[{"@type":"WebPage","@id":"https:\/\/skyline-gs.com\/de\/produkt\/romantic-evening-cruise-on-the-yacht-fantasy-sharm\/","url":"https:\/\/skyline-gs.com\/de\/produkt\/romantic-evening-cruise-on-the-yacht-fantasy-sharm\/","name":"Abendliche Kreuzfahrt mit Abendessen auf der Jacht Fantasia - Skyline Excursions","isPartOf":{"@id":"https:\/\/skyline-gs.com\/it\/#website"},"primaryImageOfPage":{"@id":"https:\/\/skyline-gs.com\/de\/produkt\/romantic-evening-cruise-on-the-yacht-fantasy-sharm\/#primaryimage"},"image":{"@id":"https:\/\/skyline-gs.com\/de\/produkt\/romantic-evening-cruise-on-the-yacht-fantasy-sharm\/#primaryimage"},"thumbnailUrl":"https:\/\/skyline-gs.com\/wp-content\/uploads\/2021\/08\/f0-1-1.jpg","datePublished":"2021-08-13T17:53:25+00:00","dateModified":"2026-01-01T14:05:12+00:00","breadcrumb":{"@id":"https:\/\/skyline-gs.com\/de\/produkt\/romantic-evening-cruise-on-the-yacht-fantasy-sharm\/#breadcrumb"},"inLanguage":"de","potentialAction":[{"@type":"ReadAction","target":["https:\/\/skyline-gs.com\/de\/produkt\/romantic-evening-cruise-on-the-yacht-fantasy-sharm\/"]}]},{"@type":"ImageObject","inLanguage":"de","@id":"https:\/\/skyline-gs.com\/de\/produkt\/romantic-evening-cruise-on-the-yacht-fantasy-sharm\/#primaryimage","url":"https:\/\/skyline-gs.com\/wp-content\/uploads\/2021\/08\/f0-1-1.jpg","contentUrl":"https:\/\/skyline-gs.com\/wp-content\/uploads\/2021\/08\/f0-1-1.jpg","width":669,"height":446},{"@type":"BreadcrumbList","@id":"https:\/\/skyline-gs.com\/de\/produkt\/romantic-evening-cruise-on-the-yacht-fantasy-sharm\/#breadcrumb","itemListElement":[{"@type":"ListItem","position":1,"name":"\u0413\u043b\u0430\u0432\u043d\u0430\u044f \u0441\u0442\u0440\u0430\u043d\u0438\u0446\u0430","item":"https:\/\/skyline-gs.com\/hu\/"},{"@type":"ListItem","position":2,"name":"\u041c\u0430\u0433\u0430\u0437\u0438\u043d","item":"https:\/\/skyline-gs.com\/cs\/shop\/"},{"@type":"ListItem","position":3,"name":"\u0412\u0435\u0447\u0435\u0440\u043d\u0438\u0439 \u043a\u0440\u0443\u0438\u0437 \u0441 \u0443\u0436\u0438\u043d\u043e\u043c \u043d\u0430 \u044f\u0445\u0442\u0435 \u0424\u0430\u043d\u0442\u0430\u0437\u0438\u044f"}]},{"@type":"WebSite","@id":"https:\/\/skyline-gs.com\/it\/#website","url":"https:\/\/skyline-gs.com\/it\/","name":"Skyline Ausfl\u00fcge","description":"Exklusive Ausfl\u00fcge in den besten Resorts der Welt","publisher":{"@id":"https:\/\/skyline-gs.com\/it\/#organization"},"alternateName":"Skyline","potentialAction":[{"@type":"SearchAction","target":{"@type":"EntryPoint","urlTemplate":"https:\/\/skyline-gs.com\/it\/?s={search_term_string}"},"query-input":{"@type":"PropertyValueSpecification","valueRequired":true,"valueName":"search_term_string"}}],"inLanguage":"de"},{"@type":"Organization","@id":"https:\/\/skyline-gs.com\/it\/#organization","name":"Skyline Ausfl\u00fcge","alternateName":"\u042d\u043a\u0441\u043a\u0443\u0440\u0441\u0438\u0438 Skyline","url":"https:\/\/skyline-gs.com\/it\/","logo":{"@type":"ImageObject","inLanguage":"de","@id":"https:\/\/skyline-gs.com\/it\/#\/schema\/logo\/image\/","url":"https:\/\/skyline-gs.com\/wp-content\/uploads\/2020\/12\/cropped-logo-2.png","contentUrl":"https:\/\/skyline-gs.com\/wp-content\/uploads\/2020\/12\/cropped-logo-2.png","width":512,"height":512,"caption":"\u042d\u043a\u0441\u043a\u0443\u0440\u0441\u0438\u0438 Skyline"},"image":{"@id":"https:\/\/skyline-gs.com\/it\/#\/schema\/logo\/image\/"},"sameAs":["https:\/\/www.instagram.com\/skylineglobalservice\/"]}]}},"_links":{"self":[{"href":"https:\/\/skyline-gs.com\/de\/wp-json\/wp\/v2\/product\/29670","targetHints":{"allow":["GET"]}}],"collection":[{"href":"https:\/\/skyline-gs.com\/de\/wp-json\/wp\/v2\/product"}],"about":[{"href":"https:\/\/skyline-gs.com\/de\/wp-json\/wp\/v2\/types\/product"}],"version-history":[{"count":0,"href":"https:\/\/skyline-gs.com\/de\/wp-json\/wp\/v2\/product\/29670\/revisions"}],"wp:featuredmedia":[{"embeddable":true,"href":"https:\/\/skyline-gs.com\/de\/wp-json\/wp\/v2\/media\/29880"}],"wp:attachment":[{"href":"https:\/\/skyline-gs.com\/de\/wp-json\/wp\/v2\/media?parent=29670"}],"wp:term":[{"taxonomy":"product_brand","embeddable":true,"href":"https:\/\/skyline-gs.com\/de\/wp-json\/wp\/v2\/product_brand?post=29670"},{"taxonomy":"product_cat","embeddable":true,"href":"https:\/\/skyline-gs.com\/de\/wp-json\/wp\/v2\/product_cat?post=29670"},{"taxonomy":"product_tag","embeddable":true,"href":"https:\/\/skyline-gs.com\/de\/wp-json\/wp\/v2\/product_tag?post=29670"}],"curies":[{"name":"wp","href":"https:\/\/api.w.org\/{rel}","templated":true}]}}