{"id":26758,"date":"2021-07-05T19:03:00","date_gmt":"2021-07-05T17:03:00","guid":{"rendered":"http:\/\/skyline-gs.com\/?post_type=product&#038;p=26758"},"modified":"2023-10-04T18:09:35","modified_gmt":"2023-10-04T16:09:35","slug":"masai-mara-2-days","status":"publish","type":"product","link":"https:\/\/skyline-gs.com\/de\/product\/masai-mara-2-days\/","title":{"rendered":"Masai Mara 2 Tage"},"content":{"rendered":"<p><strong>Tag 1<\/strong><\/p>\n<p>Wir holen Sie fr\u00fch von Ihrem Hotel oder dem Flughafen in Nairobi ab. Wir starten um 5 Uhr morgens - steigen Sie in einen 4\u00d74 Jeep und fahren zu Kenias beliebtestem Wildreservat, der Masai Mara. Unterwegs genie\u00dfen wir die farbenfrohe Natur Afrikas im Licht der aufgehenden Sonne. Zum Fr\u00fchst\u00fcck halten wir in der Stadt Narok. Nach einer Erfrischung setzen wir unsere Reise fort. Vom Auto aus sehen wir die Geh\u00f6fte der Einheimischen und treffen vielleicht auf Maasai-Hirten in ihren farbenfrohen Trachten, die ihre Herden h\u00fcten.<\/p>\n<p>Am Nachmittag treffen wir vor Ort ein. Eine Non-Stop-Safari, Mittagessen, Entspannung erwartet uns - und das alles in dem weltber\u00fchmten Park, in dem von Juli bis September die Gro\u00dfe Tierwanderung stattfindet! Wenn wir Gl\u00fcck haben, werden wir riesige Zebra- und Antilopenherden sehen! W\u00e4hrend wir das Gebiet erkunden, k\u00f6nnen wir Elefanten, L\u00f6wen, Leoparden, Nash\u00f6rner und fast hundert andere S\u00e4ugetiere treffen. W\u00e4hrend der Safari machen wir ein Picknick in der N\u00e4he des Mara-Flusses, wo wir beobachten k\u00f6nnen, wie sich die Tiere beim \u00dcberqueren des Flusses verhalten, wie Krokodile und andere Raubtiere auf der Jagd nach ihrer Beute sind. Abendessen und \u00dcbernachtung - direkt im Masai Mara Park - in einer Lodge oder auf einem Campingplatz.<\/p>\n<p><strong>Tag 2<\/strong><\/p>\n<p>Heute wachen wir fr\u00fch auf, denn die Welt der Wildtiere ist in der D\u00e4mmerung besonders sch\u00f6n und neugierig! Wir gehen auf Safari, machen eine Fr\u00fchst\u00fcckspause und erkunden dann erneut das Gebiet der gesch\u00fctzten Lebensr\u00e4ume unz\u00e4hliger Wildtiere und V\u00f6gel. Optionaler fakultativer Ausflug zu einem Maasai-Stammesdorf, wo wir die Vertreter dieses afrikanischen Volkes kennenlernen und etwas \u00fcber ihre Kultur und Traditionen erfahren.<\/p>\n<p>M\u00f6chten Sie etwas Au\u00dfergew\u00f6hnliches erleben? Buchen Sie eine Hei\u00dfluftballonfahrt als optionales Extra! Sie werden den Sonnenaufgang erleben, w\u00e4hrend Sie \u00fcber den Park schweben, wo die Tierwelt gerade erwacht. Teilen Sie dem Reiseleiter im Voraus Ihren Wunsch mit, und wir werden alles organisieren. Nach einer letzten Fahrt durch das Reservat und dem Fotografieren dieser erstaunlichen Orte, verabschieden wir uns von der Masai Mara und fahren zur\u00fcck nach Nairobi. Unterwegs halten wir an einem Aussichtspunkt, von dem aus wir einen beeindruckenden Blick auf das Great Rift Valley haben. Gegen Abend sind wir vor Ort und bringen Sie zum Flughafen, zum Hotel oder, wenn Sie m\u00f6chten, zur tansanischen Grenze.<\/p>\n<p><strong>Inbegriffen:<\/strong><\/p>\n<ul>\n<li>Reisen in einem Toyota Land Cruiser Jeep mit Allradantrieb<\/li>\n<li>Dienstleistungen eines professionellen englischsprachigen Fahrers (Reisef\u00fchrers)<\/li>\n<li>Transfer von und nach Nairobi<\/li>\n<li>Eintrittskarten f\u00fcr den Park<\/li>\n<li>Unterkunft in einer Lodge oder auf einem Campingplatz<\/li>\n<li>Mahlzeiten: 2 Fr\u00fchst\u00fccke, 2 Mittagessen, 1 Abendessen<\/li>\n<li>Wasser in Flaschen im Safarifahrzeug<\/li>\n<li>\"Fliegende \u00c4rzte\", Rettungsschwimmer.<\/li>\n<li>Alle steuern und geb\u00fchren<\/li>\n<\/ul>\n<p><strong>Nicht enthalten:<\/strong><\/p>\n<ul>\n<li>Getr\u00e4nke in Flaschen<\/li>\n<\/ul>\n<p><strong>Nimm mit:<\/strong><\/p>\n<ul>\n<li>Bequeme Schuhe und Kleidung. \u041b<span class=\"fontstyle0\">lange Hose, lang\u00e4rmeliges Hemd, T-Shirt;<\/span><\/li>\n<li>Eine Jacke bei Regen oder einem k\u00fchlen Abend;<\/li>\n<li>Foto-Video-Technik. Laden Sie Ihre Ger\u00e4te im Voraus auf;<\/li>\n<li>Wechseln Sie Geld in kleine Scheine. Sie werden n\u00fctzlich sein, um Souvenirs zu kaufen und den Rangern Trinkgeld zu geben. Empfohlenes Trinkgeld: 5 \u20ac pro Person;<\/li>\n<li><span class=\"fontstyle0\">Sonnenbrillen und Panama, Sonnencreme;<\/span><\/li>\n<li><span class=\"fontstyle0\">Produkte f\u00fcr die pers\u00f6nliche Hygiene, pers\u00f6nliche Erste-Hilfe-Ausr\u00fcstung;<\/span><\/li>\n<li><span class=\"fontstyle0\">Handgel desinfizierend.<\/span><\/li>\n<\/ul>","protected":false},"excerpt":{"rendered":"<p><strong>Dauer: <\/strong>2 Tage<\/p>\n<p><strong>Veranstaltungstage:<\/strong> T\u00e4glich<\/p>\n<p>Masai Mara - unternehmen Sie eine aufregende Safari in einem der beliebtesten Wildparks der Welt, wo Sie unter anderem den \"Big Five of Africa\" begegnen werden!<\/p>","protected":false},"featured_media":26780,"template":"","meta":{"_kad_post_transparent":"","_kad_post_title":"","_kad_post_layout":"","_kad_post_sidebar_id":"","_kad_post_content_style":"","_kad_post_vertical_padding":"","_kad_post_feature":"","_kad_post_feature_position":"","_kad_post_header":false,"_kad_post_footer":false,"_kad_post_classname":"","_glsr_average":0,"_glsr_ranking":0,"_glsr_reviews":0},"product_brand":[],"product_cat":[295],"product_tag":[],"class_list":{"0":"post-26758","1":"product","2":"type-product","3":"status-publish","4":"has-post-thumbnail","6":"product_cat-uncategorized","7":"tm-has-options","9":"first","10":"instock","11":"sold-individually","12":"taxable","13":"shipping-taxable","14":"purchasable","15":"product-type-simple","16":"entry","17":"content-bg","18":"loop-entry"},"yoast_head":"<!-- This site is optimized with the Yoast SEO plugin v27.3 - https:\/\/yoast.com\/product\/yoast-seo-wordpress\/ -->\n<title>\u041c\u0430\u0441\u0430\u0438 \u041c\u0430\u0440\u0430 2 \u0434\u043d\u044f &#8226; \u042d\u043a\u0441\u043a\u0443\u0440\u0441\u0438\u0438 Skyline<\/title>\n<meta name=\"robots\" content=\"index, follow, max-snippet:-1, max-image-preview:large, max-video-preview:-1\" \/>\n<link rel=\"canonical\" href=\"https:\/\/skyline-gs.com\/de\/produkt\/masai-mara-2-days\/\" \/>\n<meta property=\"og:locale\" content=\"de_DE\" \/>\n<meta property=\"og:type\" content=\"article\" \/>\n<meta property=\"og:title\" content=\"\u041c\u0430\u0441\u0430\u0438 \u041c\u0430\u0440\u0430 2 \u0434\u043d\u044f &#8226; \u042d\u043a\u0441\u043a\u0443\u0440\u0441\u0438\u0438 Skyline\" \/>\n<meta property=\"og:description\" content=\"\u0414\u043b\u0438\u0442\u0435\u043b\u044c\u043d\u043e\u0441\u0442\u044c: 2 \u0434\u043d\u044f  \u0414\u043d\u0438 \u043f\u0440\u043e\u0432\u0435\u0434\u0435\u043d\u0438\u044f: \u0435\u0436\u0435\u0434\u043d\u0435\u0432\u043d\u043e  \u041c\u0430\u0441\u0430\u0438 \u041c\u0430\u0440\u0430 \u2013 \u0443\u0441\u0442\u0440\u043e\u0438\u043c \u0443\u0432\u043b\u0435\u043a\u0430\u0442\u0435\u043b\u044c\u043d\u043e\u0435 \u0441\u0430\u0444\u0430\u0440\u0438 \u0432 \u043e\u0434\u043d\u043e\u043c \u0438\u0437 \u0441\u0430\u043c\u044b\u0445 \u043f\u043e\u043f\u0443\u043b\u044f\u0440\u043d\u044b\u0445 \u0432 \u043c\u0438\u0440\u0435 \u043f\u0430\u0440\u043a\u043e\u0432 \u0434\u0438\u043a\u043e\u0439 \u043f\u0440\u0438\u0440\u043e\u0434\u044b, \u0433\u0434\u0435 \u0432\u0441\u0442\u0440\u0435\u0442\u0438\u043c \u0436\u0438\u0432\u043e\u0442\u043d\u044b\u0445 \u0438\u0437 \u00ab\u0411\u043e\u043b\u044c\u0448\u043e\u0439 \u0430\u0444\u0440\u0438\u043a\u0430\u043d\u0441\u043a\u043e\u0439 \u043f\u044f\u0442\u0435\u0440\u043a\u0438\u00bb \u0438 \u043d\u0435 \u0442\u043e\u043b\u044c\u043a\u043e!\" \/>\n<meta property=\"og:url\" content=\"https:\/\/skyline-gs.com\/de\/produkt\/masai-mara-2-days\/\" \/>\n<meta property=\"og:site_name\" content=\"\u042d\u043a\u0441\u043a\u0443\u0440\u0441\u0438\u0438 Skyline\" \/>\n<meta property=\"article:modified_time\" content=\"2023-10-04T16:09:35+00:00\" \/>\n<meta property=\"og:image\" content=\"https:\/\/skyline-gs.com\/wp-content\/uploads\/2021\/07\/4f.jpg\" \/>\n\t<meta property=\"og:image:width\" content=\"669\" \/>\n\t<meta property=\"og:image:height\" content=\"446\" \/>\n\t<meta property=\"og:image:type\" content=\"image\/jpeg\" \/>\n<meta name=\"twitter:card\" content=\"summary_large_image\" \/>\n<meta name=\"twitter:label1\" content=\"Gesch\u00e4tzte Lesezeit\" \/>\n\t<meta name=\"twitter:data1\" content=\"2\u00a0Minuten\" \/>\n<script type=\"application\/ld+json\" class=\"yoast-schema-graph\">{\"@context\":\"https:\\\/\\\/schema.org\",\"@graph\":[{\"@type\":\"WebPage\",\"@id\":\"https:\\\/\\\/skyline-gs.com\\\/pl\\\/produkt\\\/masai-mara-2-days\\\/\",\"url\":\"https:\\\/\\\/skyline-gs.com\\\/pl\\\/produkt\\\/masai-mara-2-days\\\/\",\"name\":\"\u041c\u0430\u0441\u0430\u0438 \u041c\u0430\u0440\u0430 2 \u0434\u043d\u044f &#8226; \u042d\u043a\u0441\u043a\u0443\u0440\u0441\u0438\u0438 Skyline\",\"isPartOf\":{\"@id\":\"https:\\\/\\\/skyline-gs.com\\\/it\\\/#website\"},\"primaryImageOfPage\":{\"@id\":\"https:\\\/\\\/skyline-gs.com\\\/pl\\\/produkt\\\/masai-mara-2-days\\\/#primaryimage\"},\"image\":{\"@id\":\"https:\\\/\\\/skyline-gs.com\\\/pl\\\/produkt\\\/masai-mara-2-days\\\/#primaryimage\"},\"thumbnailUrl\":\"https:\\\/\\\/skyline-gs.com\\\/wp-content\\\/uploads\\\/2021\\\/07\\\/4f.jpg\",\"datePublished\":\"2021-07-05T17:03:00+00:00\",\"dateModified\":\"2023-10-04T16:09:35+00:00\",\"breadcrumb\":{\"@id\":\"https:\\\/\\\/skyline-gs.com\\\/pl\\\/produkt\\\/masai-mara-2-days\\\/#breadcrumb\"},\"inLanguage\":\"de\",\"potentialAction\":[{\"@type\":\"ReadAction\",\"target\":[\"https:\\\/\\\/skyline-gs.com\\\/pl\\\/produkt\\\/masai-mara-2-days\\\/\"]}]},{\"@type\":\"ImageObject\",\"inLanguage\":\"de\",\"@id\":\"https:\\\/\\\/skyline-gs.com\\\/pl\\\/produkt\\\/masai-mara-2-days\\\/#primaryimage\",\"url\":\"https:\\\/\\\/skyline-gs.com\\\/wp-content\\\/uploads\\\/2021\\\/07\\\/4f.jpg\",\"contentUrl\":\"https:\\\/\\\/skyline-gs.com\\\/wp-content\\\/uploads\\\/2021\\\/07\\\/4f.jpg\",\"width\":669,\"height\":446},{\"@type\":\"BreadcrumbList\",\"@id\":\"https:\\\/\\\/skyline-gs.com\\\/pl\\\/produkt\\\/masai-mara-2-days\\\/#breadcrumb\",\"itemListElement\":[{\"@type\":\"ListItem\",\"position\":1,\"name\":\"\u0413\u043b\u0430\u0432\u043d\u0430\u044f \u0441\u0442\u0440\u0430\u043d\u0438\u0446\u0430\",\"item\":\"https:\\\/\\\/skyline-gs.com\\\/hu\\\/\"},{\"@type\":\"ListItem\",\"position\":2,\"name\":\"\u041c\u0430\u0433\u0430\u0437\u0438\u043d\",\"item\":\"https:\\\/\\\/skyline-gs.com\\\/cs\\\/shop\\\/\"},{\"@type\":\"ListItem\",\"position\":3,\"name\":\"\u041c\u0430\u0441\u0430\u0438 \u041c\u0430\u0440\u0430 2 \u0434\u043d\u044f\"}]},{\"@type\":\"WebSite\",\"@id\":\"https:\\\/\\\/skyline-gs.com\\\/it\\\/#website\",\"url\":\"https:\\\/\\\/skyline-gs.com\\\/it\\\/\",\"name\":\"\u042d\u043a\u0441\u043a\u0443\u0440\u0441\u0438\u0438 Skyline\",\"description\":\"\u042d\u043a\u0441\u043a\u043b\u044e\u0437\u0438\u0432\u043d\u044b\u0435 \u044d\u043a\u0441\u043a\u0443\u0440\u0441\u0438\u0438 \u043d\u0430 \u043b\u0443\u0447\u0448\u0438\u0445 \u043a\u0443\u0440\u043e\u0440\u0442\u0430\u0445 \u043c\u0438\u0440\u0430\",\"publisher\":{\"@id\":\"https:\\\/\\\/skyline-gs.com\\\/it\\\/#organization\"},\"alternateName\":\"Skyline\",\"potentialAction\":[{\"@type\":\"SearchAction\",\"target\":{\"@type\":\"EntryPoint\",\"urlTemplate\":\"https:\\\/\\\/skyline-gs.com\\\/it\\\/?s={search_term_string}\"},\"query-input\":{\"@type\":\"PropertyValueSpecification\",\"valueRequired\":true,\"valueName\":\"search_term_string\"}}],\"inLanguage\":\"de\"},{\"@type\":\"Organization\",\"@id\":\"https:\\\/\\\/skyline-gs.com\\\/it\\\/#organization\",\"name\":\"\u042d\u043a\u0441\u043a\u0443\u0440\u0441\u0438\u0438 Skyline\",\"alternateName\":\"\u042d\u043a\u0441\u043a\u0443\u0440\u0441\u0438\u0438 Skyline\",\"url\":\"https:\\\/\\\/skyline-gs.com\\\/it\\\/\",\"logo\":{\"@type\":\"ImageObject\",\"inLanguage\":\"de\",\"@id\":\"https:\\\/\\\/skyline-gs.com\\\/it\\\/#\\\/schema\\\/logo\\\/image\\\/\",\"url\":\"https:\\\/\\\/skyline-gs.com\\\/wp-content\\\/uploads\\\/2020\\\/12\\\/cropped-logo-2.png\",\"contentUrl\":\"https:\\\/\\\/skyline-gs.com\\\/wp-content\\\/uploads\\\/2020\\\/12\\\/cropped-logo-2.png\",\"width\":512,\"height\":512,\"caption\":\"\u042d\u043a\u0441\u043a\u0443\u0440\u0441\u0438\u0438 Skyline\"},\"image\":{\"@id\":\"https:\\\/\\\/skyline-gs.com\\\/it\\\/#\\\/schema\\\/logo\\\/image\\\/\"},\"sameAs\":[\"https:\\\/\\\/www.instagram.com\\\/skylineglobalservice\\\/\"]}]}<\/script>\n<!-- \/ Yoast SEO plugin. -->","yoast_head_json":{"title":"\u041c\u0430\u0441\u0430\u0438 \u041c\u0430\u0440\u0430 2 \u0434\u043d\u044f &#8226; \u042d\u043a\u0441\u043a\u0443\u0440\u0441\u0438\u0438 Skyline","robots":{"index":"index","follow":"follow","max-snippet":"max-snippet:-1","max-image-preview":"max-image-preview:large","max-video-preview":"max-video-preview:-1"},"canonical":"https:\/\/skyline-gs.com\/de\/produkt\/masai-mara-2-days\/","og_locale":"de_DE","og_type":"article","og_title":"\u041c\u0430\u0441\u0430\u0438 \u041c\u0430\u0440\u0430 2 \u0434\u043d\u044f &#8226; \u042d\u043a\u0441\u043a\u0443\u0440\u0441\u0438\u0438 Skyline","og_description":"\u0414\u043b\u0438\u0442\u0435\u043b\u044c\u043d\u043e\u0441\u0442\u044c: 2 \u0434\u043d\u044f  \u0414\u043d\u0438 \u043f\u0440\u043e\u0432\u0435\u0434\u0435\u043d\u0438\u044f: \u0435\u0436\u0435\u0434\u043d\u0435\u0432\u043d\u043e  \u041c\u0430\u0441\u0430\u0438 \u041c\u0430\u0440\u0430 \u2013 \u0443\u0441\u0442\u0440\u043e\u0438\u043c \u0443\u0432\u043b\u0435\u043a\u0430\u0442\u0435\u043b\u044c\u043d\u043e\u0435 \u0441\u0430\u0444\u0430\u0440\u0438 \u0432 \u043e\u0434\u043d\u043e\u043c \u0438\u0437 \u0441\u0430\u043c\u044b\u0445 \u043f\u043e\u043f\u0443\u043b\u044f\u0440\u043d\u044b\u0445 \u0432 \u043c\u0438\u0440\u0435 \u043f\u0430\u0440\u043a\u043e\u0432 \u0434\u0438\u043a\u043e\u0439 \u043f\u0440\u0438\u0440\u043e\u0434\u044b, \u0433\u0434\u0435 \u0432\u0441\u0442\u0440\u0435\u0442\u0438\u043c \u0436\u0438\u0432\u043e\u0442\u043d\u044b\u0445 \u0438\u0437 \u00ab\u0411\u043e\u043b\u044c\u0448\u043e\u0439 \u0430\u0444\u0440\u0438\u043a\u0430\u043d\u0441\u043a\u043e\u0439 \u043f\u044f\u0442\u0435\u0440\u043a\u0438\u00bb \u0438 \u043d\u0435 \u0442\u043e\u043b\u044c\u043a\u043e!","og_url":"https:\/\/skyline-gs.com\/de\/produkt\/masai-mara-2-days\/","og_site_name":"\u042d\u043a\u0441\u043a\u0443\u0440\u0441\u0438\u0438 Skyline","article_modified_time":"2023-10-04T16:09:35+00:00","og_image":[{"width":669,"height":446,"url":"https:\/\/skyline-gs.com\/wp-content\/uploads\/2021\/07\/4f.jpg","type":"image\/jpeg"}],"twitter_card":"summary_large_image","twitter_misc":{"Gesch\u00e4tzte Lesezeit":"2\u00a0Minuten"},"schema":{"@context":"https:\/\/schema.org","@graph":[{"@type":"WebPage","@id":"https:\/\/skyline-gs.com\/pl\/produkt\/masai-mara-2-days\/","url":"https:\/\/skyline-gs.com\/pl\/produkt\/masai-mara-2-days\/","name":"\u041c\u0430\u0441\u0430\u0438 \u041c\u0430\u0440\u0430 2 \u0434\u043d\u044f &#8226; \u042d\u043a\u0441\u043a\u0443\u0440\u0441\u0438\u0438 Skyline","isPartOf":{"@id":"https:\/\/skyline-gs.com\/it\/#website"},"primaryImageOfPage":{"@id":"https:\/\/skyline-gs.com\/pl\/produkt\/masai-mara-2-days\/#primaryimage"},"image":{"@id":"https:\/\/skyline-gs.com\/pl\/produkt\/masai-mara-2-days\/#primaryimage"},"thumbnailUrl":"https:\/\/skyline-gs.com\/wp-content\/uploads\/2021\/07\/4f.jpg","datePublished":"2021-07-05T17:03:00+00:00","dateModified":"2023-10-04T16:09:35+00:00","breadcrumb":{"@id":"https:\/\/skyline-gs.com\/pl\/produkt\/masai-mara-2-days\/#breadcrumb"},"inLanguage":"de","potentialAction":[{"@type":"ReadAction","target":["https:\/\/skyline-gs.com\/pl\/produkt\/masai-mara-2-days\/"]}]},{"@type":"ImageObject","inLanguage":"de","@id":"https:\/\/skyline-gs.com\/pl\/produkt\/masai-mara-2-days\/#primaryimage","url":"https:\/\/skyline-gs.com\/wp-content\/uploads\/2021\/07\/4f.jpg","contentUrl":"https:\/\/skyline-gs.com\/wp-content\/uploads\/2021\/07\/4f.jpg","width":669,"height":446},{"@type":"BreadcrumbList","@id":"https:\/\/skyline-gs.com\/pl\/produkt\/masai-mara-2-days\/#breadcrumb","itemListElement":[{"@type":"ListItem","position":1,"name":"\u0413\u043b\u0430\u0432\u043d\u0430\u044f \u0441\u0442\u0440\u0430\u043d\u0438\u0446\u0430","item":"https:\/\/skyline-gs.com\/hu\/"},{"@type":"ListItem","position":2,"name":"\u041c\u0430\u0433\u0430\u0437\u0438\u043d","item":"https:\/\/skyline-gs.com\/cs\/shop\/"},{"@type":"ListItem","position":3,"name":"\u041c\u0430\u0441\u0430\u0438 \u041c\u0430\u0440\u0430 2 \u0434\u043d\u044f"}]},{"@type":"WebSite","@id":"https:\/\/skyline-gs.com\/it\/#website","url":"https:\/\/skyline-gs.com\/it\/","name":"Skyline Ausfl\u00fcge","description":"Exklusive Ausfl\u00fcge in den besten Resorts der Welt","publisher":{"@id":"https:\/\/skyline-gs.com\/it\/#organization"},"alternateName":"Skyline","potentialAction":[{"@type":"SearchAction","target":{"@type":"EntryPoint","urlTemplate":"https:\/\/skyline-gs.com\/it\/?s={search_term_string}"},"query-input":{"@type":"PropertyValueSpecification","valueRequired":true,"valueName":"search_term_string"}}],"inLanguage":"de"},{"@type":"Organization","@id":"https:\/\/skyline-gs.com\/it\/#organization","name":"Skyline Ausfl\u00fcge","alternateName":"\u042d\u043a\u0441\u043a\u0443\u0440\u0441\u0438\u0438 Skyline","url":"https:\/\/skyline-gs.com\/it\/","logo":{"@type":"ImageObject","inLanguage":"de","@id":"https:\/\/skyline-gs.com\/it\/#\/schema\/logo\/image\/","url":"https:\/\/skyline-gs.com\/wp-content\/uploads\/2020\/12\/cropped-logo-2.png","contentUrl":"https:\/\/skyline-gs.com\/wp-content\/uploads\/2020\/12\/cropped-logo-2.png","width":512,"height":512,"caption":"\u042d\u043a\u0441\u043a\u0443\u0440\u0441\u0438\u0438 Skyline"},"image":{"@id":"https:\/\/skyline-gs.com\/it\/#\/schema\/logo\/image\/"},"sameAs":["https:\/\/www.instagram.com\/skylineglobalservice\/"]}]}},"_links":{"self":[{"href":"https:\/\/skyline-gs.com\/de\/wp-json\/wp\/v2\/product\/26758","targetHints":{"allow":["GET"]}}],"collection":[{"href":"https:\/\/skyline-gs.com\/de\/wp-json\/wp\/v2\/product"}],"about":[{"href":"https:\/\/skyline-gs.com\/de\/wp-json\/wp\/v2\/types\/product"}],"version-history":[{"count":0,"href":"https:\/\/skyline-gs.com\/de\/wp-json\/wp\/v2\/product\/26758\/revisions"}],"wp:featuredmedia":[{"embeddable":true,"href":"https:\/\/skyline-gs.com\/de\/wp-json\/wp\/v2\/media\/26780"}],"wp:attachment":[{"href":"https:\/\/skyline-gs.com\/de\/wp-json\/wp\/v2\/media?parent=26758"}],"wp:term":[{"taxonomy":"product_brand","embeddable":true,"href":"https:\/\/skyline-gs.com\/de\/wp-json\/wp\/v2\/product_brand?post=26758"},{"taxonomy":"product_cat","embeddable":true,"href":"https:\/\/skyline-gs.com\/de\/wp-json\/wp\/v2\/product_cat?post=26758"},{"taxonomy":"product_tag","embeddable":true,"href":"https:\/\/skyline-gs.com\/de\/wp-json\/wp\/v2\/product_tag?post=26758"}],"curies":[{"name":"wp","href":"https:\/\/api.w.org\/{rel}","templated":true}]}}