{"id":25455,"date":"2021-01-13T20:49:50","date_gmt":"2021-01-13T17:49:50","guid":{"rendered":"http:\/\/zanzibar.skyline-gs.com\/?post_type=product&#038;p=18198"},"modified":"2024-01-24T17:07:36","modified_gmt":"2024-01-24T15:07:36","slug":"dolphin-tour-jozani-forest-and-rock-restaurant-zanzibar","status":"publish","type":"product","link":"https:\/\/skyline-gs.com\/de\/product\/dolphin-tour-jozani-forest-and-rock-restaurant-zanzibar\/","title":{"rendered":"Delfintour, Jozani Forest und Rock Restaurant"},"content":{"rendered":"<p>5:00 Uhr Abfahrt vom Hotel und Fahrt zum Dorf Kizimkazi. Die Bedingungen in der Kizimkazi-Bucht im S\u00fcden der Insel sind ideal f\u00fcr Delfine. Eine fr\u00fche Abfahrt ist notwendig, um die Chancen auf das Sehen von Delfinen zu maximieren. Die Tiere, die nicht durch die Bedingungen von Delfinarien eingeschr\u00e4nkt sind, verhalten sich nat\u00fcrlich und zeigen nat\u00fcrliche Neugier, wenn sie auf Touristen treffen. F\u00fcr diejenigen, die ein aktiveres Erlebnis suchen, wird das Schwimmen mit Delfinen angeboten. Diese Delfine sind so freundlich, dass sie es zulassen, ber\u00fchrt zu werden, und sich gerne auf menschliche Spiele einlassen. Sie k\u00f6nnen sowohl Gro\u00dfe T\u00fcmmler als auch Buckelwale sehen. Zeit f\u00fcr das Fr\u00fchst\u00fcck bei der R\u00fcckkehr an die K\u00fcste (bestellen Sie das Fr\u00fchst\u00fcck im Hotel mit).<\/p>\n<p>Der Besuch des Jozani Forest ist der n\u00e4chste Teil des Programms. Ein Urlaub in afrikanischen Resorts erfordert die obligatorische Bekanntschaft mit der reichen und vielf\u00e4ltigen Tierwelt des Kontinents. Eine der besten M\u00f6glichkeiten dazu bietet der Besuch des Affenparks, wo sch\u00f6ne und erstaunliche Rote Colobusaffen in freier Wildbahn herumtollen. Der Jozani Forest, der eine Fl\u00e4che von 44 Quadratkilometern umfasst, ist in drei Bereiche unterteilt: Der erste hat Str\u00e4ucher, der zweite Mangrovenb\u00e4ume und der dritte ist von tropischem Wald bedeckt. Neben Affen kann man hier auch Cham\u00e4leons, sch\u00f6ne V\u00f6gel und Schmetterlinge finden.<\/p>\n<p>Der abschlie\u00dfende Teil des Programms wird der Besuch des Rock Restaurants sein, das sich durch seine ungew\u00f6hnliche Lage einen Namen gemacht hat und als eines der romantischsten Restaurants auf dem Planeten bekannt ist. Die G\u00e4ste k\u00f6nnen sich drinnen oder auf der Terrasse niederlassen, von wo aus sie atemberaubende Ausblicke auf die azurblauen Wellen bis zum Horizont genie\u00dfen k\u00f6nnen. Das Programm endet gegen 13:30 Uhr, gefolgt von einem Transfer zur\u00fcck zum Hotel.<\/p>\n<p><strong>Inbegriffen:<\/strong><\/p>\n<ul>\n<li>Transfer vom Hotel und zur\u00fcck<\/li>\n<li>Alle Transfers erfolgen mit einem Minibus mit Klimaanlage<\/li>\n<li>Bootsverleih<\/li>\n<li>Englischsprachiger Reiseleiter<\/li>\n<li>Alle Eintrittskarten<\/li>\n<li>Appetizers<\/li>\n<li>Schnorchelausr\u00fcstung<\/li>\n<li>Schwimmwesten<\/li>\n<\/ul>\n<p><strong>Mitnehmen:<\/strong><\/p>\n<ul>\n<li>Fr\u00fchst\u00fcck zum Mitnehmen (bestellen Sie eine Lunchbox an der Rezeption des Hotels)<\/li>\n<li>Badeanzug, Badehose<\/li>\n<li>Handtuch<\/li>\n<li>Foto- und Videoger\u00e4te. Laden Sie Ihre Ger\u00e4te rechtzeitig auf<\/li>\n<li><span class=\"fontstyle0\">Sonnenbrille und Hut, Sonnencreme<\/span><\/li>\n<\/ul>","protected":false},"excerpt":{"rendered":"<p><strong>Tourzeit:\u00a0<\/strong>5:00 - 13:30<\/p>\n<p><strong>Veranstaltungstage:\u00a0<\/strong>Montag und Freitag<\/p>","protected":false},"featured_media":42148,"template":"","meta":{"_kad_post_transparent":"default","_kad_post_title":"","_kad_post_layout":"default","_kad_post_sidebar_id":"","_kad_post_content_style":"default","_kad_post_vertical_padding":"default","_kad_post_feature":"","_kad_post_feature_position":"","_kad_post_header":false,"_kad_post_footer":false,"_kad_post_classname":"","_glsr_average":0,"_glsr_ranking":0,"_glsr_reviews":0},"product_brand":[],"product_cat":[455],"product_tag":[],"class_list":{"0":"post-25455","1":"product","2":"type-product","3":"status-publish","4":"has-post-thumbnail","6":"product_cat-zanzibar","7":"tm-has-options","9":"first","10":"instock","11":"sold-individually","12":"taxable","13":"shipping-taxable","14":"purchasable","15":"product-type-simple","16":"entry","17":"content-bg","18":"loop-entry"},"yoast_head":"<!-- This site is optimized with the Yoast SEO plugin v27.3 - https:\/\/yoast.com\/product\/yoast-seo-wordpress\/ -->\n<title>\u0414\u0435\u043b\u044c\u0444\u0438\u043d \u0422\u0443\u0440, \u041b\u0435\u0441 \u0414\u0436\u043e\u0437\u0430\u043d\u0438 \u0438 \u0420\u0435\u0441\u0442\u043e\u0440\u0430\u043d \u0420\u043e\u043a &#8226; \u042d\u043a\u0441\u043a\u0443\u0440\u0441\u0438\u0438 Skyline<\/title>\n<meta name=\"robots\" content=\"index, follow, max-snippet:-1, max-image-preview:large, max-video-preview:-1\" \/>\n<link rel=\"canonical\" href=\"https:\/\/skyline-gs.com\/de\/produkt\/dolphin-tour-jozani-forest-and-rock-restaurant-zanzibar\/\" \/>\n<meta property=\"og:locale\" content=\"de_DE\" \/>\n<meta property=\"og:type\" content=\"article\" \/>\n<meta property=\"og:title\" content=\"\u0414\u0435\u043b\u044c\u0444\u0438\u043d \u0422\u0443\u0440, \u041b\u0435\u0441 \u0414\u0436\u043e\u0437\u0430\u043d\u0438 \u0438 \u0420\u0435\u0441\u0442\u043e\u0440\u0430\u043d \u0420\u043e\u043a &#8226; \u042d\u043a\u0441\u043a\u0443\u0440\u0441\u0438\u0438 Skyline\" \/>\n<meta property=\"og:description\" content=\"\u0412\u0440\u0435\u043c\u044f \u0442\u0443\u0440\u0430:\u00a05:00 \u2014 13:30  \u0414\u043d\u0438 \u043f\u0440\u043e\u0432\u0435\u0434\u0435\u043d\u0438\u044f:\u00a0\u043f\u043e\u043d\u0435\u0434\u0435\u043b\u044c\u043d\u0438\u043a \u0438 \u043f\u044f\u0442\u043d\u0438\u0446\u0430\" \/>\n<meta property=\"og:url\" content=\"https:\/\/skyline-gs.com\/de\/produkt\/dolphin-tour-jozani-forest-and-rock-restaurant-zanzibar\/\" \/>\n<meta property=\"og:site_name\" content=\"\u042d\u043a\u0441\u043a\u0443\u0440\u0441\u0438\u0438 Skyline\" \/>\n<meta property=\"article:modified_time\" content=\"2024-01-24T15:07:36+00:00\" \/>\n<meta property=\"og:image\" content=\"https:\/\/skyline-gs.com\/wp-content\/uploads\/2021\/01\/e24ak.png\" \/>\n\t<meta property=\"og:image:width\" content=\"669\" \/>\n\t<meta property=\"og:image:height\" content=\"446\" \/>\n\t<meta property=\"og:image:type\" content=\"image\/png\" \/>\n<meta name=\"twitter:card\" content=\"summary_large_image\" \/>\n<meta name=\"twitter:label1\" content=\"Gesch\u00e4tzte Lesezeit\" \/>\n\t<meta name=\"twitter:data1\" content=\"2\u00a0Minuten\" \/>\n<script type=\"application\/ld+json\" class=\"yoast-schema-graph\">{\"@context\":\"https:\\\/\\\/schema.org\",\"@graph\":[{\"@type\":\"WebPage\",\"@id\":\"https:\\\/\\\/skyline-gs.com\\\/cs\\\/produkt\\\/dolphin-tour-jozani-forest-and-rock-restaurant-zanzibar\\\/\",\"url\":\"https:\\\/\\\/skyline-gs.com\\\/cs\\\/produkt\\\/dolphin-tour-jozani-forest-and-rock-restaurant-zanzibar\\\/\",\"name\":\"\u0414\u0435\u043b\u044c\u0444\u0438\u043d \u0422\u0443\u0440, \u041b\u0435\u0441 \u0414\u0436\u043e\u0437\u0430\u043d\u0438 \u0438 \u0420\u0435\u0441\u0442\u043e\u0440\u0430\u043d \u0420\u043e\u043a &#8226; \u042d\u043a\u0441\u043a\u0443\u0440\u0441\u0438\u0438 Skyline\",\"isPartOf\":{\"@id\":\"https:\\\/\\\/skyline-gs.com\\\/it\\\/#website\"},\"primaryImageOfPage\":{\"@id\":\"https:\\\/\\\/skyline-gs.com\\\/cs\\\/produkt\\\/dolphin-tour-jozani-forest-and-rock-restaurant-zanzibar\\\/#primaryimage\"},\"image\":{\"@id\":\"https:\\\/\\\/skyline-gs.com\\\/cs\\\/produkt\\\/dolphin-tour-jozani-forest-and-rock-restaurant-zanzibar\\\/#primaryimage\"},\"thumbnailUrl\":\"https:\\\/\\\/skyline-gs.com\\\/wp-content\\\/uploads\\\/2021\\\/01\\\/e24ak.png\",\"datePublished\":\"2021-01-13T17:49:50+00:00\",\"dateModified\":\"2024-01-24T15:07:36+00:00\",\"breadcrumb\":{\"@id\":\"https:\\\/\\\/skyline-gs.com\\\/cs\\\/produkt\\\/dolphin-tour-jozani-forest-and-rock-restaurant-zanzibar\\\/#breadcrumb\"},\"inLanguage\":\"de\",\"potentialAction\":[{\"@type\":\"ReadAction\",\"target\":[\"https:\\\/\\\/skyline-gs.com\\\/cs\\\/produkt\\\/dolphin-tour-jozani-forest-and-rock-restaurant-zanzibar\\\/\"]}]},{\"@type\":\"ImageObject\",\"inLanguage\":\"de\",\"@id\":\"https:\\\/\\\/skyline-gs.com\\\/cs\\\/produkt\\\/dolphin-tour-jozani-forest-and-rock-restaurant-zanzibar\\\/#primaryimage\",\"url\":\"https:\\\/\\\/skyline-gs.com\\\/wp-content\\\/uploads\\\/2021\\\/01\\\/e24ak.png\",\"contentUrl\":\"https:\\\/\\\/skyline-gs.com\\\/wp-content\\\/uploads\\\/2021\\\/01\\\/e24ak.png\",\"width\":669,\"height\":446},{\"@type\":\"BreadcrumbList\",\"@id\":\"https:\\\/\\\/skyline-gs.com\\\/cs\\\/produkt\\\/dolphin-tour-jozani-forest-and-rock-restaurant-zanzibar\\\/#breadcrumb\",\"itemListElement\":[{\"@type\":\"ListItem\",\"position\":1,\"name\":\"\u0413\u043b\u0430\u0432\u043d\u0430\u044f \u0441\u0442\u0440\u0430\u043d\u0438\u0446\u0430\",\"item\":\"https:\\\/\\\/skyline-gs.com\\\/hu\\\/\"},{\"@type\":\"ListItem\",\"position\":2,\"name\":\"\u041c\u0430\u0433\u0430\u0437\u0438\u043d\",\"item\":\"https:\\\/\\\/skyline-gs.com\\\/cs\\\/shop\\\/\"},{\"@type\":\"ListItem\",\"position\":3,\"name\":\"\u0414\u0435\u043b\u044c\u0444\u0438\u043d \u0422\u0443\u0440, \u041b\u0435\u0441 \u0414\u0436\u043e\u0437\u0430\u043d\u0438 \u0438 \u0420\u0435\u0441\u0442\u043e\u0440\u0430\u043d \u0420\u043e\u043a\"}]},{\"@type\":\"WebSite\",\"@id\":\"https:\\\/\\\/skyline-gs.com\\\/it\\\/#website\",\"url\":\"https:\\\/\\\/skyline-gs.com\\\/it\\\/\",\"name\":\"\u042d\u043a\u0441\u043a\u0443\u0440\u0441\u0438\u0438 Skyline\",\"description\":\"\u042d\u043a\u0441\u043a\u043b\u044e\u0437\u0438\u0432\u043d\u044b\u0435 \u044d\u043a\u0441\u043a\u0443\u0440\u0441\u0438\u0438 \u043d\u0430 \u043b\u0443\u0447\u0448\u0438\u0445 \u043a\u0443\u0440\u043e\u0440\u0442\u0430\u0445 \u043c\u0438\u0440\u0430\",\"publisher\":{\"@id\":\"https:\\\/\\\/skyline-gs.com\\\/it\\\/#organization\"},\"alternateName\":\"Skyline\",\"potentialAction\":[{\"@type\":\"SearchAction\",\"target\":{\"@type\":\"EntryPoint\",\"urlTemplate\":\"https:\\\/\\\/skyline-gs.com\\\/it\\\/?s={search_term_string}\"},\"query-input\":{\"@type\":\"PropertyValueSpecification\",\"valueRequired\":true,\"valueName\":\"search_term_string\"}}],\"inLanguage\":\"de\"},{\"@type\":\"Organization\",\"@id\":\"https:\\\/\\\/skyline-gs.com\\\/it\\\/#organization\",\"name\":\"\u042d\u043a\u0441\u043a\u0443\u0440\u0441\u0438\u0438 Skyline\",\"alternateName\":\"\u042d\u043a\u0441\u043a\u0443\u0440\u0441\u0438\u0438 Skyline\",\"url\":\"https:\\\/\\\/skyline-gs.com\\\/it\\\/\",\"logo\":{\"@type\":\"ImageObject\",\"inLanguage\":\"de\",\"@id\":\"https:\\\/\\\/skyline-gs.com\\\/it\\\/#\\\/schema\\\/logo\\\/image\\\/\",\"url\":\"https:\\\/\\\/skyline-gs.com\\\/wp-content\\\/uploads\\\/2020\\\/12\\\/cropped-logo-2.png\",\"contentUrl\":\"https:\\\/\\\/skyline-gs.com\\\/wp-content\\\/uploads\\\/2020\\\/12\\\/cropped-logo-2.png\",\"width\":512,\"height\":512,\"caption\":\"\u042d\u043a\u0441\u043a\u0443\u0440\u0441\u0438\u0438 Skyline\"},\"image\":{\"@id\":\"https:\\\/\\\/skyline-gs.com\\\/it\\\/#\\\/schema\\\/logo\\\/image\\\/\"},\"sameAs\":[\"https:\\\/\\\/www.instagram.com\\\/skylineglobalservice\\\/\"]}]}<\/script>\n<!-- \/ Yoast SEO plugin. -->","yoast_head_json":{"title":"\u0414\u0435\u043b\u044c\u0444\u0438\u043d \u0422\u0443\u0440, \u041b\u0435\u0441 \u0414\u0436\u043e\u0437\u0430\u043d\u0438 \u0438 \u0420\u0435\u0441\u0442\u043e\u0440\u0430\u043d \u0420\u043e\u043a &#8226; \u042d\u043a\u0441\u043a\u0443\u0440\u0441\u0438\u0438 Skyline","robots":{"index":"index","follow":"follow","max-snippet":"max-snippet:-1","max-image-preview":"max-image-preview:large","max-video-preview":"max-video-preview:-1"},"canonical":"https:\/\/skyline-gs.com\/de\/produkt\/dolphin-tour-jozani-forest-and-rock-restaurant-zanzibar\/","og_locale":"de_DE","og_type":"article","og_title":"\u0414\u0435\u043b\u044c\u0444\u0438\u043d \u0422\u0443\u0440, \u041b\u0435\u0441 \u0414\u0436\u043e\u0437\u0430\u043d\u0438 \u0438 \u0420\u0435\u0441\u0442\u043e\u0440\u0430\u043d \u0420\u043e\u043a &#8226; \u042d\u043a\u0441\u043a\u0443\u0440\u0441\u0438\u0438 Skyline","og_description":"\u0412\u0440\u0435\u043c\u044f \u0442\u0443\u0440\u0430:\u00a05:00 \u2014 13:30  \u0414\u043d\u0438 \u043f\u0440\u043e\u0432\u0435\u0434\u0435\u043d\u0438\u044f:\u00a0\u043f\u043e\u043d\u0435\u0434\u0435\u043b\u044c\u043d\u0438\u043a \u0438 \u043f\u044f\u0442\u043d\u0438\u0446\u0430","og_url":"https:\/\/skyline-gs.com\/de\/produkt\/dolphin-tour-jozani-forest-and-rock-restaurant-zanzibar\/","og_site_name":"\u042d\u043a\u0441\u043a\u0443\u0440\u0441\u0438\u0438 Skyline","article_modified_time":"2024-01-24T15:07:36+00:00","og_image":[{"width":669,"height":446,"url":"https:\/\/skyline-gs.com\/wp-content\/uploads\/2021\/01\/e24ak.png","type":"image\/png"}],"twitter_card":"summary_large_image","twitter_misc":{"Gesch\u00e4tzte Lesezeit":"2\u00a0Minuten"},"schema":{"@context":"https:\/\/schema.org","@graph":[{"@type":"WebPage","@id":"https:\/\/skyline-gs.com\/cs\/produkt\/dolphin-tour-jozani-forest-and-rock-restaurant-zanzibar\/","url":"https:\/\/skyline-gs.com\/cs\/produkt\/dolphin-tour-jozani-forest-and-rock-restaurant-zanzibar\/","name":"\u0414\u0435\u043b\u044c\u0444\u0438\u043d \u0422\u0443\u0440, \u041b\u0435\u0441 \u0414\u0436\u043e\u0437\u0430\u043d\u0438 \u0438 \u0420\u0435\u0441\u0442\u043e\u0440\u0430\u043d \u0420\u043e\u043a &#8226; \u042d\u043a\u0441\u043a\u0443\u0440\u0441\u0438\u0438 Skyline","isPartOf":{"@id":"https:\/\/skyline-gs.com\/it\/#website"},"primaryImageOfPage":{"@id":"https:\/\/skyline-gs.com\/cs\/produkt\/dolphin-tour-jozani-forest-and-rock-restaurant-zanzibar\/#primaryimage"},"image":{"@id":"https:\/\/skyline-gs.com\/cs\/produkt\/dolphin-tour-jozani-forest-and-rock-restaurant-zanzibar\/#primaryimage"},"thumbnailUrl":"https:\/\/skyline-gs.com\/wp-content\/uploads\/2021\/01\/e24ak.png","datePublished":"2021-01-13T17:49:50+00:00","dateModified":"2024-01-24T15:07:36+00:00","breadcrumb":{"@id":"https:\/\/skyline-gs.com\/cs\/produkt\/dolphin-tour-jozani-forest-and-rock-restaurant-zanzibar\/#breadcrumb"},"inLanguage":"de","potentialAction":[{"@type":"ReadAction","target":["https:\/\/skyline-gs.com\/cs\/produkt\/dolphin-tour-jozani-forest-and-rock-restaurant-zanzibar\/"]}]},{"@type":"ImageObject","inLanguage":"de","@id":"https:\/\/skyline-gs.com\/cs\/produkt\/dolphin-tour-jozani-forest-and-rock-restaurant-zanzibar\/#primaryimage","url":"https:\/\/skyline-gs.com\/wp-content\/uploads\/2021\/01\/e24ak.png","contentUrl":"https:\/\/skyline-gs.com\/wp-content\/uploads\/2021\/01\/e24ak.png","width":669,"height":446},{"@type":"BreadcrumbList","@id":"https:\/\/skyline-gs.com\/cs\/produkt\/dolphin-tour-jozani-forest-and-rock-restaurant-zanzibar\/#breadcrumb","itemListElement":[{"@type":"ListItem","position":1,"name":"\u0413\u043b\u0430\u0432\u043d\u0430\u044f \u0441\u0442\u0440\u0430\u043d\u0438\u0446\u0430","item":"https:\/\/skyline-gs.com\/hu\/"},{"@type":"ListItem","position":2,"name":"\u041c\u0430\u0433\u0430\u0437\u0438\u043d","item":"https:\/\/skyline-gs.com\/cs\/shop\/"},{"@type":"ListItem","position":3,"name":"\u0414\u0435\u043b\u044c\u0444\u0438\u043d \u0422\u0443\u0440, \u041b\u0435\u0441 \u0414\u0436\u043e\u0437\u0430\u043d\u0438 \u0438 \u0420\u0435\u0441\u0442\u043e\u0440\u0430\u043d \u0420\u043e\u043a"}]},{"@type":"WebSite","@id":"https:\/\/skyline-gs.com\/it\/#website","url":"https:\/\/skyline-gs.com\/it\/","name":"Skyline Ausfl\u00fcge","description":"Exklusive Ausfl\u00fcge in den besten Resorts der Welt","publisher":{"@id":"https:\/\/skyline-gs.com\/it\/#organization"},"alternateName":"Skyline","potentialAction":[{"@type":"SearchAction","target":{"@type":"EntryPoint","urlTemplate":"https:\/\/skyline-gs.com\/it\/?s={search_term_string}"},"query-input":{"@type":"PropertyValueSpecification","valueRequired":true,"valueName":"search_term_string"}}],"inLanguage":"de"},{"@type":"Organization","@id":"https:\/\/skyline-gs.com\/it\/#organization","name":"Skyline Ausfl\u00fcge","alternateName":"\u042d\u043a\u0441\u043a\u0443\u0440\u0441\u0438\u0438 Skyline","url":"https:\/\/skyline-gs.com\/it\/","logo":{"@type":"ImageObject","inLanguage":"de","@id":"https:\/\/skyline-gs.com\/it\/#\/schema\/logo\/image\/","url":"https:\/\/skyline-gs.com\/wp-content\/uploads\/2020\/12\/cropped-logo-2.png","contentUrl":"https:\/\/skyline-gs.com\/wp-content\/uploads\/2020\/12\/cropped-logo-2.png","width":512,"height":512,"caption":"\u042d\u043a\u0441\u043a\u0443\u0440\u0441\u0438\u0438 Skyline"},"image":{"@id":"https:\/\/skyline-gs.com\/it\/#\/schema\/logo\/image\/"},"sameAs":["https:\/\/www.instagram.com\/skylineglobalservice\/"]}]}},"_links":{"self":[{"href":"https:\/\/skyline-gs.com\/de\/wp-json\/wp\/v2\/product\/25455","targetHints":{"allow":["GET"]}}],"collection":[{"href":"https:\/\/skyline-gs.com\/de\/wp-json\/wp\/v2\/product"}],"about":[{"href":"https:\/\/skyline-gs.com\/de\/wp-json\/wp\/v2\/types\/product"}],"version-history":[{"count":0,"href":"https:\/\/skyline-gs.com\/de\/wp-json\/wp\/v2\/product\/25455\/revisions"}],"wp:featuredmedia":[{"embeddable":true,"href":"https:\/\/skyline-gs.com\/de\/wp-json\/wp\/v2\/media\/42148"}],"wp:attachment":[{"href":"https:\/\/skyline-gs.com\/de\/wp-json\/wp\/v2\/media?parent=25455"}],"wp:term":[{"taxonomy":"product_brand","embeddable":true,"href":"https:\/\/skyline-gs.com\/de\/wp-json\/wp\/v2\/product_brand?post=25455"},{"taxonomy":"product_cat","embeddable":true,"href":"https:\/\/skyline-gs.com\/de\/wp-json\/wp\/v2\/product_cat?post=25455"},{"taxonomy":"product_tag","embeddable":true,"href":"https:\/\/skyline-gs.com\/de\/wp-json\/wp\/v2\/product_tag?post=25455"}],"curies":[{"name":"wp","href":"https:\/\/api.w.org\/{rel}","templated":true}]}}