{"id":25452,"date":"2021-01-12T16:29:49","date_gmt":"2021-01-12T13:29:49","guid":{"rendered":"http:\/\/zanzibar.skyline-gs.com\/?post_type=product&#038;p=18137"},"modified":"2025-01-21T14:46:40","modified_gmt":"2025-01-21T12:46:40","slug":"mikumi-1-day-zanzibar","status":"publish","type":"product","link":"https:\/\/skyline-gs.com\/de\/product\/mikumi-1-day-zanzibar\/","title":{"rendered":"Mikumi 1 Tag (Direktflug)"},"content":{"rendered":"<p>Auschecken aus dem Hotel um 5:00 Uhr morgens. Abflug vom Flughafen Sansibar um 7:10 Uhr. Ankunft am Flughafen Mikumi. Abfahrt zum Mikumi National Park. Ganzt\u00e4gige Safari. Der Mikumi Park liegt im Zentrum Tansanias am Ufer des Ruaha Flusses. Der Park beherbergt eine gro\u00dfe Anzahl von Gnu-Antilopen, Warzenschweinen, Impalas, Zebras und Giraffen. Aber es sind die so genannten \"Big Five\" - Geparden, L\u00f6wen, Elefanten, B\u00fcffel und Nash\u00f6rner -, die die meisten Besucher anziehen. Pause zum Mittagessen. Fortsetzung der Safari. 16.30 Uhr R\u00fcckflug von Mikumi nach Sansibar. Abholung am Flughafen und Transfer zum Hotel. Gegen 18:30 Uhr R\u00fcckkehr zum Hotel.<\/p>\n<p><strong>Inbegriffen:<\/strong><\/p>\n<ul>\n<li>Flug Sansibar-Mikumi-Zanzibar<\/li>\n<li>Transfer vom Hotel und zur\u00fcck<\/li>\n<li>Alle Transfers auf der Strecke<\/li>\n<li>Abendessen<\/li>\n<li>Trinken von Wasser und alkoholfreien Getr\u00e4nken w\u00e4hrend der gesamten Tour<\/li>\n<li>Verbandskasten<\/li>\n<li>Begleitet von einem qualifizierten Ranger-Guide<\/li>\n<li>Safari und Ausfl\u00fcge gem\u00e4\u00df dem Programm mit einem 4*4 Allrad-Safari-Gel\u00e4ndewagen<\/li>\n<li>Eintrittsgelder f\u00fcr Nationalparks<\/li>\n<\/ul>\n<p><strong>Mitnehmen:<\/strong><\/p>\n<ul>\n<li>Reisepass. Nicht umsonst, weil Sansibar Tansania besuchen wird, haben wir im Flughafen eine Passagierkontrolle durchgef\u00fchrt<\/li>\n<li>Bequeme Schuhe und Kleidung. \u041b<span class=\"fontstyle0\">leichte Hose, lang\u00e4rmliges Hemd, T-Shirt, pers\u00f6nliche Gegenst\u00e4nde (bis zu 5 kg)<\/span><\/li>\n<li>Jacke bei Regen oder k\u00fchlem Abend<\/li>\n<li>Foto- und Videoger\u00e4te. Laden Sie Ihre Ger\u00e4te rechtzeitig auf<\/li>\n<li>Wechseln Sie Geld in kleine Scheine. Sie werden n\u00fctzlich sein, um Souvenirs zu kaufen und den Rangern Trinkgeld zu geben. Empfohlener Tipp: 5 \u20ac pro Person<\/li>\n<li>Morgensnack (erkl\u00e4ren Sie an der Hotelrezeption, dass Sie fr\u00fch morgens einen Ausflug unternehmen und eine Lunchbox vorbereiten m\u00fcssen, die Hotels bieten diesen Service kostenlos an)<\/li>\n<li><span class=\"fontstyle0\">Sonnenbrille und Hut, Sonnencreme<\/span><\/li>\n<li><span class=\"fontstyle0\">Pers\u00f6nliche Hygieneprodukte, pers\u00f6nliches Erste-Hilfe-Set<\/span><\/li>\n<li><span class=\"fontstyle0\">Handdesinfektionsgel<\/span><\/li>\n<li style=\"list-style-type: none;\"><\/li>\n<\/ul>\n<p><strong>Buchungsbedingungen:<\/strong><\/p>\n<ul>\n<li>Vorauszahlung 50% (kann online mit Karte oder bar bezahlt werden)<\/li>\n<\/ul>","protected":false},"excerpt":{"rendered":"<p><strong>Tourzeit:<\/strong>\u00a05:00 - 18:30<\/p>\n<p><strong>Veranstaltungstage:\u00a0<\/strong>T\u00e4glich<\/p>","protected":false},"featured_media":25588,"template":"","meta":{"_kad_post_transparent":"default","_kad_post_title":"","_kad_post_layout":"default","_kad_post_sidebar_id":"","_kad_post_content_style":"default","_kad_post_vertical_padding":"default","_kad_post_feature":"","_kad_post_feature_position":"","_kad_post_header":false,"_kad_post_footer":false,"_kad_post_classname":"","_glsr_average":0,"_glsr_ranking":0,"_glsr_reviews":0},"product_brand":[],"product_cat":[468,469],"product_tag":[],"class_list":{"0":"post-25452","1":"product","2":"type-product","3":"status-publish","4":"has-post-thumbnail","6":"product_cat-zanzibar-safari","7":"product_cat-tours","8":"tm-has-options","10":"first","11":"instock","12":"sale","13":"sold-individually","14":"taxable","15":"shipping-taxable","16":"purchasable","17":"product-type-simple","18":"entry","19":"content-bg","20":"loop-entry"},"yoast_head":"<!-- This site is optimized with the Yoast SEO plugin v27.3 - https:\/\/yoast.com\/product\/yoast-seo-wordpress\/ -->\n<title>\u041c\u0438\u043a\u0443\u043c\u0438 1 \u0434\u0435\u043d\u044c (\u043f\u0440\u044f\u043c\u043e\u0439 \u043f\u0435\u0440\u0435\u043b\u0435\u0442) &#8226; \u042d\u043a\u0441\u043a\u0443\u0440\u0441\u0438\u0438 Skyline<\/title>\n<meta name=\"robots\" content=\"index, follow, max-snippet:-1, max-image-preview:large, max-video-preview:-1\" \/>\n<link rel=\"canonical\" href=\"http:\/\/skyline-gs.com\/de\/produkt\/mikumi-1-day-zanzibar\/\" \/>\n<meta property=\"og:locale\" content=\"de_DE\" \/>\n<meta property=\"og:type\" content=\"article\" \/>\n<meta property=\"og:title\" content=\"\u041c\u0438\u043a\u0443\u043c\u0438 1 \u0434\u0435\u043d\u044c (\u043f\u0440\u044f\u043c\u043e\u0439 \u043f\u0435\u0440\u0435\u043b\u0435\u0442) &#8226; \u042d\u043a\u0441\u043a\u0443\u0440\u0441\u0438\u0438 Skyline\" \/>\n<meta property=\"og:description\" content=\"\u0412\u0440\u0435\u043c\u044f \u0442\u0443\u0440\u0430:\u00a05:00 \u2014 18:30  \u0414\u043d\u0438 \u043f\u0440\u043e\u0432\u0435\u0434\u0435\u043d\u0438\u044f:\u00a0\u0435\u0436\u0435\u0434\u043d\u0435\u0432\u043d\u043e\" \/>\n<meta property=\"og:url\" content=\"http:\/\/skyline-gs.com\/de\/produkt\/mikumi-1-day-zanzibar\/\" \/>\n<meta property=\"og:site_name\" content=\"\u042d\u043a\u0441\u043a\u0443\u0440\u0441\u0438\u0438 Skyline\" \/>\n<meta property=\"article:modified_time\" content=\"2025-01-21T12:46:40+00:00\" \/>\n<meta property=\"og:image\" content=\"https:\/\/skyline-gs.com\/wp-content\/uploads\/2021\/01\/Mikumi-13-of-13.jpg\" \/>\n\t<meta property=\"og:image:width\" content=\"900\" \/>\n\t<meta property=\"og:image:height\" content=\"600\" \/>\n\t<meta property=\"og:image:type\" content=\"image\/jpeg\" \/>\n<meta name=\"twitter:card\" content=\"summary_large_image\" \/>\n<meta name=\"twitter:label1\" content=\"Gesch\u00e4tzte Lesezeit\" \/>\n\t<meta name=\"twitter:data1\" content=\"2\u00a0Minuten\" \/>\n<script type=\"application\/ld+json\" class=\"yoast-schema-graph\">{\"@context\":\"https:\\\/\\\/schema.org\",\"@graph\":[{\"@type\":\"WebPage\",\"@id\":\"http:\\\/\\\/skyline-gs.com\\\/cs\\\/produkt\\\/mikumi-1-day-zanzibar\\\/\",\"url\":\"http:\\\/\\\/skyline-gs.com\\\/cs\\\/produkt\\\/mikumi-1-day-zanzibar\\\/\",\"name\":\"\u041c\u0438\u043a\u0443\u043c\u0438 1 \u0434\u0435\u043d\u044c (\u043f\u0440\u044f\u043c\u043e\u0439 \u043f\u0435\u0440\u0435\u043b\u0435\u0442) &#8226; \u042d\u043a\u0441\u043a\u0443\u0440\u0441\u0438\u0438 Skyline\",\"isPartOf\":{\"@id\":\"https:\\\/\\\/skyline-gs.com\\\/it\\\/#website\"},\"primaryImageOfPage\":{\"@id\":\"http:\\\/\\\/skyline-gs.com\\\/cs\\\/produkt\\\/mikumi-1-day-zanzibar\\\/#primaryimage\"},\"image\":{\"@id\":\"http:\\\/\\\/skyline-gs.com\\\/cs\\\/produkt\\\/mikumi-1-day-zanzibar\\\/#primaryimage\"},\"thumbnailUrl\":\"https:\\\/\\\/skyline-gs.com\\\/wp-content\\\/uploads\\\/2021\\\/01\\\/Mikumi-13-of-13.jpg\",\"datePublished\":\"2021-01-12T13:29:49+00:00\",\"dateModified\":\"2025-01-21T12:46:40+00:00\",\"breadcrumb\":{\"@id\":\"http:\\\/\\\/skyline-gs.com\\\/cs\\\/produkt\\\/mikumi-1-day-zanzibar\\\/#breadcrumb\"},\"inLanguage\":\"de\",\"potentialAction\":[{\"@type\":\"ReadAction\",\"target\":[\"http:\\\/\\\/skyline-gs.com\\\/cs\\\/produkt\\\/mikumi-1-day-zanzibar\\\/\"]}]},{\"@type\":\"ImageObject\",\"inLanguage\":\"de\",\"@id\":\"http:\\\/\\\/skyline-gs.com\\\/cs\\\/produkt\\\/mikumi-1-day-zanzibar\\\/#primaryimage\",\"url\":\"https:\\\/\\\/skyline-gs.com\\\/wp-content\\\/uploads\\\/2021\\\/01\\\/Mikumi-13-of-13.jpg\",\"contentUrl\":\"https:\\\/\\\/skyline-gs.com\\\/wp-content\\\/uploads\\\/2021\\\/01\\\/Mikumi-13-of-13.jpg\",\"width\":900,\"height\":600},{\"@type\":\"BreadcrumbList\",\"@id\":\"http:\\\/\\\/skyline-gs.com\\\/cs\\\/produkt\\\/mikumi-1-day-zanzibar\\\/#breadcrumb\",\"itemListElement\":[{\"@type\":\"ListItem\",\"position\":1,\"name\":\"\u0413\u043b\u0430\u0432\u043d\u0430\u044f \u0441\u0442\u0440\u0430\u043d\u0438\u0446\u0430\",\"item\":\"https:\\\/\\\/skyline-gs.com\\\/hu\\\/\"},{\"@type\":\"ListItem\",\"position\":2,\"name\":\"\u041c\u0430\u0433\u0430\u0437\u0438\u043d\",\"item\":\"https:\\\/\\\/skyline-gs.com\\\/cs\\\/shop\\\/\"},{\"@type\":\"ListItem\",\"position\":3,\"name\":\"\u041c\u0438\u043a\u0443\u043c\u0438 1 \u0434\u0435\u043d\u044c (\u043f\u0440\u044f\u043c\u043e\u0439 \u043f\u0435\u0440\u0435\u043b\u0435\u0442)\"}]},{\"@type\":\"WebSite\",\"@id\":\"https:\\\/\\\/skyline-gs.com\\\/it\\\/#website\",\"url\":\"https:\\\/\\\/skyline-gs.com\\\/it\\\/\",\"name\":\"\u042d\u043a\u0441\u043a\u0443\u0440\u0441\u0438\u0438 Skyline\",\"description\":\"\u042d\u043a\u0441\u043a\u043b\u044e\u0437\u0438\u0432\u043d\u044b\u0435 \u044d\u043a\u0441\u043a\u0443\u0440\u0441\u0438\u0438 \u043d\u0430 \u043b\u0443\u0447\u0448\u0438\u0445 \u043a\u0443\u0440\u043e\u0440\u0442\u0430\u0445 \u043c\u0438\u0440\u0430\",\"publisher\":{\"@id\":\"https:\\\/\\\/skyline-gs.com\\\/it\\\/#organization\"},\"alternateName\":\"Skyline\",\"potentialAction\":[{\"@type\":\"SearchAction\",\"target\":{\"@type\":\"EntryPoint\",\"urlTemplate\":\"https:\\\/\\\/skyline-gs.com\\\/it\\\/?s={search_term_string}\"},\"query-input\":{\"@type\":\"PropertyValueSpecification\",\"valueRequired\":true,\"valueName\":\"search_term_string\"}}],\"inLanguage\":\"de\"},{\"@type\":\"Organization\",\"@id\":\"https:\\\/\\\/skyline-gs.com\\\/it\\\/#organization\",\"name\":\"\u042d\u043a\u0441\u043a\u0443\u0440\u0441\u0438\u0438 Skyline\",\"alternateName\":\"\u042d\u043a\u0441\u043a\u0443\u0440\u0441\u0438\u0438 Skyline\",\"url\":\"https:\\\/\\\/skyline-gs.com\\\/it\\\/\",\"logo\":{\"@type\":\"ImageObject\",\"inLanguage\":\"de\",\"@id\":\"https:\\\/\\\/skyline-gs.com\\\/it\\\/#\\\/schema\\\/logo\\\/image\\\/\",\"url\":\"https:\\\/\\\/skyline-gs.com\\\/wp-content\\\/uploads\\\/2020\\\/12\\\/cropped-logo-2.png\",\"contentUrl\":\"https:\\\/\\\/skyline-gs.com\\\/wp-content\\\/uploads\\\/2020\\\/12\\\/cropped-logo-2.png\",\"width\":512,\"height\":512,\"caption\":\"\u042d\u043a\u0441\u043a\u0443\u0440\u0441\u0438\u0438 Skyline\"},\"image\":{\"@id\":\"https:\\\/\\\/skyline-gs.com\\\/it\\\/#\\\/schema\\\/logo\\\/image\\\/\"},\"sameAs\":[\"https:\\\/\\\/www.instagram.com\\\/skylineglobalservice\\\/\"]}]}<\/script>\n<!-- \/ Yoast SEO plugin. -->","yoast_head_json":{"title":"\u041c\u0438\u043a\u0443\u043c\u0438 1 \u0434\u0435\u043d\u044c (\u043f\u0440\u044f\u043c\u043e\u0439 \u043f\u0435\u0440\u0435\u043b\u0435\u0442) &#8226; \u042d\u043a\u0441\u043a\u0443\u0440\u0441\u0438\u0438 Skyline","robots":{"index":"index","follow":"follow","max-snippet":"max-snippet:-1","max-image-preview":"max-image-preview:large","max-video-preview":"max-video-preview:-1"},"canonical":"http:\/\/skyline-gs.com\/de\/produkt\/mikumi-1-day-zanzibar\/","og_locale":"de_DE","og_type":"article","og_title":"\u041c\u0438\u043a\u0443\u043c\u0438 1 \u0434\u0435\u043d\u044c (\u043f\u0440\u044f\u043c\u043e\u0439 \u043f\u0435\u0440\u0435\u043b\u0435\u0442) &#8226; \u042d\u043a\u0441\u043a\u0443\u0440\u0441\u0438\u0438 Skyline","og_description":"\u0412\u0440\u0435\u043c\u044f \u0442\u0443\u0440\u0430:\u00a05:00 \u2014 18:30  \u0414\u043d\u0438 \u043f\u0440\u043e\u0432\u0435\u0434\u0435\u043d\u0438\u044f:\u00a0\u0435\u0436\u0435\u0434\u043d\u0435\u0432\u043d\u043e","og_url":"http:\/\/skyline-gs.com\/de\/produkt\/mikumi-1-day-zanzibar\/","og_site_name":"\u042d\u043a\u0441\u043a\u0443\u0440\u0441\u0438\u0438 Skyline","article_modified_time":"2025-01-21T12:46:40+00:00","og_image":[{"width":900,"height":600,"url":"https:\/\/skyline-gs.com\/wp-content\/uploads\/2021\/01\/Mikumi-13-of-13.jpg","type":"image\/jpeg"}],"twitter_card":"summary_large_image","twitter_misc":{"Gesch\u00e4tzte Lesezeit":"2\u00a0Minuten"},"schema":{"@context":"https:\/\/schema.org","@graph":[{"@type":"WebPage","@id":"http:\/\/skyline-gs.com\/cs\/produkt\/mikumi-1-day-zanzibar\/","url":"http:\/\/skyline-gs.com\/cs\/produkt\/mikumi-1-day-zanzibar\/","name":"\u041c\u0438\u043a\u0443\u043c\u0438 1 \u0434\u0435\u043d\u044c (\u043f\u0440\u044f\u043c\u043e\u0439 \u043f\u0435\u0440\u0435\u043b\u0435\u0442) &#8226; \u042d\u043a\u0441\u043a\u0443\u0440\u0441\u0438\u0438 Skyline","isPartOf":{"@id":"https:\/\/skyline-gs.com\/it\/#website"},"primaryImageOfPage":{"@id":"http:\/\/skyline-gs.com\/cs\/produkt\/mikumi-1-day-zanzibar\/#primaryimage"},"image":{"@id":"http:\/\/skyline-gs.com\/cs\/produkt\/mikumi-1-day-zanzibar\/#primaryimage"},"thumbnailUrl":"https:\/\/skyline-gs.com\/wp-content\/uploads\/2021\/01\/Mikumi-13-of-13.jpg","datePublished":"2021-01-12T13:29:49+00:00","dateModified":"2025-01-21T12:46:40+00:00","breadcrumb":{"@id":"http:\/\/skyline-gs.com\/cs\/produkt\/mikumi-1-day-zanzibar\/#breadcrumb"},"inLanguage":"de","potentialAction":[{"@type":"ReadAction","target":["http:\/\/skyline-gs.com\/cs\/produkt\/mikumi-1-day-zanzibar\/"]}]},{"@type":"ImageObject","inLanguage":"de","@id":"http:\/\/skyline-gs.com\/cs\/produkt\/mikumi-1-day-zanzibar\/#primaryimage","url":"https:\/\/skyline-gs.com\/wp-content\/uploads\/2021\/01\/Mikumi-13-of-13.jpg","contentUrl":"https:\/\/skyline-gs.com\/wp-content\/uploads\/2021\/01\/Mikumi-13-of-13.jpg","width":900,"height":600},{"@type":"BreadcrumbList","@id":"http:\/\/skyline-gs.com\/cs\/produkt\/mikumi-1-day-zanzibar\/#breadcrumb","itemListElement":[{"@type":"ListItem","position":1,"name":"\u0413\u043b\u0430\u0432\u043d\u0430\u044f \u0441\u0442\u0440\u0430\u043d\u0438\u0446\u0430","item":"https:\/\/skyline-gs.com\/hu\/"},{"@type":"ListItem","position":2,"name":"\u041c\u0430\u0433\u0430\u0437\u0438\u043d","item":"https:\/\/skyline-gs.com\/cs\/shop\/"},{"@type":"ListItem","position":3,"name":"\u041c\u0438\u043a\u0443\u043c\u0438 1 \u0434\u0435\u043d\u044c (\u043f\u0440\u044f\u043c\u043e\u0439 \u043f\u0435\u0440\u0435\u043b\u0435\u0442)"}]},{"@type":"WebSite","@id":"https:\/\/skyline-gs.com\/it\/#website","url":"https:\/\/skyline-gs.com\/it\/","name":"Skyline Ausfl\u00fcge","description":"Exklusive Ausfl\u00fcge in den besten Resorts der Welt","publisher":{"@id":"https:\/\/skyline-gs.com\/it\/#organization"},"alternateName":"Skyline","potentialAction":[{"@type":"SearchAction","target":{"@type":"EntryPoint","urlTemplate":"https:\/\/skyline-gs.com\/it\/?s={search_term_string}"},"query-input":{"@type":"PropertyValueSpecification","valueRequired":true,"valueName":"search_term_string"}}],"inLanguage":"de"},{"@type":"Organization","@id":"https:\/\/skyline-gs.com\/it\/#organization","name":"Skyline Ausfl\u00fcge","alternateName":"\u042d\u043a\u0441\u043a\u0443\u0440\u0441\u0438\u0438 Skyline","url":"https:\/\/skyline-gs.com\/it\/","logo":{"@type":"ImageObject","inLanguage":"de","@id":"https:\/\/skyline-gs.com\/it\/#\/schema\/logo\/image\/","url":"https:\/\/skyline-gs.com\/wp-content\/uploads\/2020\/12\/cropped-logo-2.png","contentUrl":"https:\/\/skyline-gs.com\/wp-content\/uploads\/2020\/12\/cropped-logo-2.png","width":512,"height":512,"caption":"\u042d\u043a\u0441\u043a\u0443\u0440\u0441\u0438\u0438 Skyline"},"image":{"@id":"https:\/\/skyline-gs.com\/it\/#\/schema\/logo\/image\/"},"sameAs":["https:\/\/www.instagram.com\/skylineglobalservice\/"]}]}},"_links":{"self":[{"href":"https:\/\/skyline-gs.com\/de\/wp-json\/wp\/v2\/product\/25452","targetHints":{"allow":["GET"]}}],"collection":[{"href":"https:\/\/skyline-gs.com\/de\/wp-json\/wp\/v2\/product"}],"about":[{"href":"https:\/\/skyline-gs.com\/de\/wp-json\/wp\/v2\/types\/product"}],"version-history":[{"count":0,"href":"https:\/\/skyline-gs.com\/de\/wp-json\/wp\/v2\/product\/25452\/revisions"}],"wp:featuredmedia":[{"embeddable":true,"href":"https:\/\/skyline-gs.com\/de\/wp-json\/wp\/v2\/media\/25588"}],"wp:attachment":[{"href":"https:\/\/skyline-gs.com\/de\/wp-json\/wp\/v2\/media?parent=25452"}],"wp:term":[{"taxonomy":"product_brand","embeddable":true,"href":"https:\/\/skyline-gs.com\/de\/wp-json\/wp\/v2\/product_brand?post=25452"},{"taxonomy":"product_cat","embeddable":true,"href":"https:\/\/skyline-gs.com\/de\/wp-json\/wp\/v2\/product_cat?post=25452"},{"taxonomy":"product_tag","embeddable":true,"href":"https:\/\/skyline-gs.com\/de\/wp-json\/wp\/v2\/product_tag?post=25452"}],"curies":[{"name":"wp","href":"https:\/\/api.w.org\/{rel}","templated":true}]}}