{"id":25449,"date":"2021-01-05T12:19:04","date_gmt":"2021-01-05T09:19:04","guid":{"rendered":"http:\/\/zanzibar.skyline-gs.com\/?post_type=product&#038;p=18044"},"modified":"2024-01-24T17:10:47","modified_gmt":"2024-01-24T15:10:47","slug":"tarangire-ngorongoro-kilimanjaro-and-the-tribe-of-masai-3-days-zanzibar","status":"publish","type":"product","link":"https:\/\/skyline-gs.com\/de\/product\/tarangire-ngorongoro-kilimanjaro-and-the-tribe-of-masai-3-days-zanzibar\/","title":{"rendered":"Tarangire, Ngorongoro, Kilimanjaro und Massai 3 Tage"},"content":{"rendered":"<p><strong>TAG 1: Tarangire \u2013 Maasai Boma<\/strong><\/p>\n<p>Abfahrt vom Hotel um 05:30 Uhr. Abflug vom Flughafen Sansibar um 07:30 Uhr.<\/p>\n<p>Ankunft am Flughafen Arusha um 08:50 Uhr. Abfahrt zum Tarangire-Nationalpark.<\/p>\n<p>Die Tierwelt des Tarangire-Nationalparks ist ebenso sch\u00f6n wie seine Landschaften; fast alle Tiere sind in diesem Park zu finden, aber sein Stolz ist die gr\u00f6\u00dfte Elefantenpopulation. Kurz vor dem Mittagessen machen wir eine Pause f\u00fcr ein Picknick auf einer malerischen Wiese. Nach dem Mittagessen setzen wir unsere Safari im Park bis zum Abend fort. Am Ende der Safari besuchen wir den Massai-Stamm und \u00fcbernachten anschlie\u00dfend in einem Hotel.<\/p>\n<p><strong>TAG 2: Ngorongoro<\/strong><\/p>\n<p><span class=\"gmail-s1\">Fr\u00fches Fr\u00fchst\u00fcck. Transfer zum einzigartigen Ngorongoro-Naturschutzgebiet, in dem mehr als 25.000 Tierarten leben. Ungef\u00e4hr eine Stunde nach Ihrer Abreise befinden Sie sich im Krater. In den Savannen- und Bergw\u00e4ldern leben Flusspferde, B\u00fcffel, Antilopen, Zebras, Spitzmaulnash\u00f6rner und verschiedene Raubtiere \u2013 L\u00f6wen, Geparden, Hy\u00e4nen, Leoparden und Schakale. Und am Magadisee, am Grund des Kraters, gibt es eine Population rosafarbener Flamingos.<span class=\"gmail-Apple-converted-space\">\u00a0Mittagessen. Fortsetzung der Safari.<\/span><\/span><\/p>\n<p>Am Ende der Safari erfolgt der Transfer zur \u00dcbernachtung in die Stadt Moshi. \u00dcbernachtung in einem Hotel mit atemberaubender Aussicht auf den Kilimandscharo.<\/p>\n<p><strong>TAG 3: Kilimandscharo<\/strong><\/p>\n<p>Aufwachen und Fr\u00fchst\u00fcck im Hotel in Moshi. Beobachten Sie den Sonnenaufgang mit Blick auf den Kilimandscharo. An diesem Tag unternehmen Sie eine Reise zur ersten Ebene des legend\u00e4ren Kilimandscharo-Vulkans.<br \/>\nDie heutige Wanderung f\u00fchrt Sie durch die gr\u00fcnen W\u00e4lder des Kilimanjaro, Sie besuchen den wundersch\u00f6nen Materuni-Wasserfall, besichtigen Kaffeeplantagen, probieren die traditionelle K\u00fcche der Chaga-St\u00e4mme und brechen dann um 19:30 Uhr zum Flughafen auf, um Ihren Flug nach Zanzabir anzutreten.<\/p>\n<p><strong>Was ist inbegriffen:<\/strong><\/p>\n<ul>\n<li>Flug Sansibar-Arusha-Sansibar;<\/li>\n<li>Alle Transfers entlang der Route;<\/li>\n<li>Treffen mit der Gruppe am Flughafen;<\/li>\n<li>Unterbringung in Hotels und Lodges laut Programm;<\/li>\n<li>Drei Mahlzeiten pro Tag auf Safari;<\/li>\n<li>Flaschen mit Trinkwasser und alkoholfreie Getr\u00e4nke w\u00e4hrend der gesamten Tour;<\/li>\n<li>Erste-Hilfe-Set;<\/li>\n<li>Begleitung eines qualifizierten Guides - Rangers;<\/li>\n<li>Safari und Ausfl\u00fcge gem\u00e4\u00df dem Programm in einem voll ausgestatteten Safari-Jeep 4x4;<\/li>\n<li>Besteigung der ersten Ebene des Kilimandscharo<\/li>\n<li>Kostenlose Tickets in nationalen Parks.<\/li>\n<\/ul>\n<p><strong>Mitnehmen:<\/strong><\/p>\n<ul>\n<li>Reisepass. Obwohl Sansibar zu Tansania geh\u00f6rt, durchlaufen wir alle die Passkontrolle am Flughafen;<\/li>\n<li>Bequeme Schuhe und Kleidung. Leichte Hosen, Langarmhemd, T-Shirt, pers\u00f6nliche Gegenst\u00e4nde (bis 5 kg);<\/li>\n<li>Eine Jacke bei Regen oder einem k\u00fchlen Abend;<\/li>\n<li>Foto-Video-Technik. Laden Sie Ihre Ger\u00e4te im Voraus auf;<\/li>\n<li>Wechseln Sie Geld in kleine Scheine. Sie werden n\u00fctzlich sein, um Souvenirs zu kaufen und den Rangern Trinkgeld zu geben. Empfohlenes Trinkgeld: 5 \u20ac pro Person;<\/li>\n<li>Morgensnack (erkl\u00e4ren Sie an der Hotelrezeption, dass Sie fr\u00fchmorgens einen Ausflug machen und eine Lunchbox vorbereiten m\u00fcssen, Hotels bieten diesen Service kostenlos an);<\/li>\n<li><span class=\"fontstyle0\">Sonnenbrillen und Panama, Sonnencreme;<\/span><\/li>\n<li><span class=\"fontstyle0\">Produkte f\u00fcr die pers\u00f6nliche Hygiene, pers\u00f6nliche Erste-Hilfe-Ausr\u00fcstung;<\/span><\/li>\n<li><span class=\"fontstyle0\">Handgel desinfizierend.<\/span><\/li>\n<\/ul>","protected":false},"excerpt":{"rendered":"<p>\u0414\u0415\u041d\u042c 1: \u0422\u0430\u0440\u0430\u043d\u0433\u0438\u0440\u0435 \u2014 \u041c\u0430\u0441\u0430\u0438 \u0411\u043e\u043c\u0430 \u0412\u044b\u0435\u0437\u0434 \u0438\u0437 \u043e\u0442\u0435\u043b\u044f \u0432 05:30 \u0443\u0442\u0440\u0430. \u0412\u044b\u043b\u0435\u0442 \u0438\u0437 \u0430\u044d\u0440\u043e\u043f\u043e\u0440\u0442\u0430 \u0417\u0430\u043d\u0437\u0438\u0431\u0430\u0440 \u0432 07:30. \u041f\u0440\u0438\u0431\u044b\u0442\u0438\u0435 \u0432 \u0430\u044d\u0440\u043e\u043f\u043e\u0440\u0442 \u0433\u043e\u0440\u043e\u0434\u0430 \u0410\u0440\u0443\u0448\u0430 \u0432 08:50. \u0412\u044b\u0435\u0437\u0434 \u0432 \u041d\u0430\u0446\u0438\u043e\u043d\u0430\u043b\u044c\u043d\u044b\u0439 \u043f\u0430\u0440\u043a \u0422\u0430\u0440\u0430\u043d\u0433\u0438\u0440\u0435. \u0414\u0438\u043a\u0430\u044f \u043f\u0440\u0438\u0440\u043e\u0434\u0430 \u041d\u0430\u0446\u0438\u043e\u043d\u0430\u043b\u044c\u043d\u043e\u0433\u043e \u043f\u0430\u0440\u043a\u0430 \u0422\u0430\u0440\u0430\u043d\u0433\u0438\u0440\u0435 \u0442\u0430\u043a\u0436\u0435 \u043f\u0440\u0435\u043a\u0440\u0430\u0441\u043d\u0430 \u043a\u0430\u043a \u0438 \u0435\u0433\u043e \u043f\u0435\u0439\u0437\u0430\u0436\u0438, \u0432 \u044d\u0442\u043e\u043c \u043f\u0430\u0440\u043a\u0435 \u043c\u043e\u0436\u043d\u043e \u0432\u0441\u0442\u0440\u0435\u0442\u0438\u0442\u044c \u043f\u0440\u0430\u043a\u0442\u0438\u0447\u0435\u0441\u043a\u0438 \u0432\u0441\u0435\u0445 \u0436\u0438\u0432\u043e\u0442\u043d\u044b\u0445, \u043d\u043e \u0435\u0433\u043e \u0433\u043e\u0440\u0434\u043e\u0441\u0442\u044c\u044e \u044f\u0432\u043b\u044f\u0435\u0442\u0441\u044f \u043a\u0440\u0443\u043f\u043d\u0435\u0439\u0448\u0430\u044f \u043f\u043e\u043f\u0443\u043b\u044f\u0446\u0438\u044f&#8230;<\/p>","protected":false},"featured_media":31669,"template":"","meta":{"_kad_post_transparent":"default","_kad_post_title":"","_kad_post_layout":"default","_kad_post_sidebar_id":"","_kad_post_content_style":"default","_kad_post_vertical_padding":"default","_kad_post_feature":"","_kad_post_feature_position":"","_kad_post_header":false,"_kad_post_footer":false,"_kad_post_classname":"","_glsr_average":0,"_glsr_ranking":0,"_glsr_reviews":0},"product_brand":[],"product_cat":[455],"product_tag":[],"class_list":{"0":"post-25449","1":"product","2":"type-product","3":"status-publish","4":"has-post-thumbnail","6":"product_cat-zanzibar","7":"tm-has-options","9":"first","10":"instock","11":"sold-individually","12":"taxable","13":"shipping-taxable","14":"purchasable","15":"product-type-simple","16":"entry","17":"content-bg","18":"loop-entry"},"yoast_head":"<!-- This site is optimized with the Yoast SEO plugin v27.3 - https:\/\/yoast.com\/product\/yoast-seo-wordpress\/ -->\n<title>\u0422\u0430\u0440\u0430\u043d\u0433\u0438\u0440\u0435, \u041d\u0433\u043e\u0440\u043e\u043d\u0433\u043e\u0440\u043e, \u041a\u0438\u043b\u0438\u043c\u0430\u043d\u0434\u0436\u0430\u0440\u043e \u0438 \u043f\u043b\u0435\u043c\u044f \u041c\u0430\u0441\u0430\u0438 3 \u0434\u043d\u044f &#8226; \u042d\u043a\u0441\u043a\u0443\u0440\u0441\u0438\u0438 Skyline<\/title>\n<meta name=\"robots\" content=\"index, follow, max-snippet:-1, max-image-preview:large, max-video-preview:-1\" \/>\n<link rel=\"canonical\" href=\"https:\/\/skyline-gs.com\/de\/produkt\/tarangire-ngorongoro-kilimanjaro-and-the-tribe-of-masai-3-days-zanzibar\/\" \/>\n<meta property=\"og:locale\" content=\"de_DE\" \/>\n<meta property=\"og:type\" content=\"article\" \/>\n<meta property=\"og:title\" content=\"\u0422\u0430\u0440\u0430\u043d\u0433\u0438\u0440\u0435, \u041d\u0433\u043e\u0440\u043e\u043d\u0433\u043e\u0440\u043e, \u041a\u0438\u043b\u0438\u043c\u0430\u043d\u0434\u0436\u0430\u0440\u043e \u0438 \u043f\u043b\u0435\u043c\u044f \u041c\u0430\u0441\u0430\u0438 3 \u0434\u043d\u044f &#8226; \u042d\u043a\u0441\u043a\u0443\u0440\u0441\u0438\u0438 Skyline\" \/>\n<meta property=\"og:description\" content=\"\u0414\u0415\u041d\u042c 1: \u0422\u0430\u0440\u0430\u043d\u0433\u0438\u0440\u0435 \u2014 \u041c\u0430\u0441\u0430\u0438 \u0411\u043e\u043c\u0430 \u0412\u044b\u0435\u0437\u0434 \u0438\u0437 \u043e\u0442\u0435\u043b\u044f \u0432 05:30 \u0443\u0442\u0440\u0430. \u0412\u044b\u043b\u0435\u0442 \u0438\u0437 \u0430\u044d\u0440\u043e\u043f\u043e\u0440\u0442\u0430 \u0417\u0430\u043d\u0437\u0438\u0431\u0430\u0440 \u0432 07:30. \u041f\u0440\u0438\u0431\u044b\u0442\u0438\u0435 \u0432 \u0430\u044d\u0440\u043e\u043f\u043e\u0440\u0442 \u0433\u043e\u0440\u043e\u0434\u0430 \u0410\u0440\u0443\u0448\u0430 \u0432 08:50. \u0412\u044b\u0435\u0437\u0434 \u0432 \u041d\u0430\u0446\u0438\u043e\u043d\u0430\u043b\u044c\u043d\u044b\u0439 \u043f\u0430\u0440\u043a \u0422\u0430\u0440\u0430\u043d\u0433\u0438\u0440\u0435. \u0414\u0438\u043a\u0430\u044f \u043f\u0440\u0438\u0440\u043e\u0434\u0430 \u041d\u0430\u0446\u0438\u043e\u043d\u0430\u043b\u044c\u043d\u043e\u0433\u043e \u043f\u0430\u0440\u043a\u0430 \u0422\u0430\u0440\u0430\u043d\u0433\u0438\u0440\u0435 \u0442\u0430\u043a\u0436\u0435 \u043f\u0440\u0435\u043a\u0440\u0430\u0441\u043d\u0430 \u043a\u0430\u043a \u0438 \u0435\u0433\u043e \u043f\u0435\u0439\u0437\u0430\u0436\u0438, \u0432 \u044d\u0442\u043e\u043c \u043f\u0430\u0440\u043a\u0435 \u043c\u043e\u0436\u043d\u043e \u0432\u0441\u0442\u0440\u0435\u0442\u0438\u0442\u044c \u043f\u0440\u0430\u043a\u0442\u0438\u0447\u0435\u0441\u043a\u0438 \u0432\u0441\u0435\u0445 \u0436\u0438\u0432\u043e\u0442\u043d\u044b\u0445, \u043d\u043e \u0435\u0433\u043e \u0433\u043e\u0440\u0434\u043e\u0441\u0442\u044c\u044e \u044f\u0432\u043b\u044f\u0435\u0442\u0441\u044f \u043a\u0440\u0443\u043f\u043d\u0435\u0439\u0448\u0430\u044f \u043f\u043e\u043f\u0443\u043b\u044f\u0446\u0438\u044f...\" \/>\n<meta property=\"og:url\" content=\"https:\/\/skyline-gs.com\/de\/produkt\/tarangire-ngorongoro-kilimanjaro-and-the-tribe-of-masai-3-days-zanzibar\/\" \/>\n<meta property=\"og:site_name\" content=\"\u042d\u043a\u0441\u043a\u0443\u0440\u0441\u0438\u0438 Skyline\" \/>\n<meta property=\"article:modified_time\" content=\"2024-01-24T15:10:47+00:00\" \/>\n<meta property=\"og:image\" content=\"https:\/\/skyline-gs.com\/wp-content\/uploads\/2021\/01\/Kilimandzharo-1-of-9-1.jpg\" \/>\n\t<meta property=\"og:image:width\" content=\"900\" \/>\n\t<meta property=\"og:image:height\" content=\"600\" \/>\n\t<meta property=\"og:image:type\" content=\"image\/jpeg\" \/>\n<meta name=\"twitter:card\" content=\"summary_large_image\" \/>\n<meta name=\"twitter:label1\" content=\"Gesch\u00e4tzte Lesezeit\" \/>\n\t<meta name=\"twitter:data1\" content=\"3\u00a0Minuten\" \/>\n<script type=\"application\/ld+json\" class=\"yoast-schema-graph\">{\"@context\":\"https:\\\/\\\/schema.org\",\"@graph\":[{\"@type\":\"WebPage\",\"@id\":\"https:\\\/\\\/skyline-gs.com\\\/en\\\/product-2\\\/tarangire-ngorongoro-kilimanjaro-and-the-tribe-of-masai-3-days-zanzibar\\\/\",\"url\":\"https:\\\/\\\/skyline-gs.com\\\/en\\\/product-2\\\/tarangire-ngorongoro-kilimanjaro-and-the-tribe-of-masai-3-days-zanzibar\\\/\",\"name\":\"\u0422\u0430\u0440\u0430\u043d\u0433\u0438\u0440\u0435, \u041d\u0433\u043e\u0440\u043e\u043d\u0433\u043e\u0440\u043e, \u041a\u0438\u043b\u0438\u043c\u0430\u043d\u0434\u0436\u0430\u0440\u043e \u0438 \u043f\u043b\u0435\u043c\u044f \u041c\u0430\u0441\u0430\u0438 3 \u0434\u043d\u044f &#8226; \u042d\u043a\u0441\u043a\u0443\u0440\u0441\u0438\u0438 Skyline\",\"isPartOf\":{\"@id\":\"https:\\\/\\\/skyline-gs.com\\\/it\\\/#website\"},\"primaryImageOfPage\":{\"@id\":\"https:\\\/\\\/skyline-gs.com\\\/en\\\/product-2\\\/tarangire-ngorongoro-kilimanjaro-and-the-tribe-of-masai-3-days-zanzibar\\\/#primaryimage\"},\"image\":{\"@id\":\"https:\\\/\\\/skyline-gs.com\\\/en\\\/product-2\\\/tarangire-ngorongoro-kilimanjaro-and-the-tribe-of-masai-3-days-zanzibar\\\/#primaryimage\"},\"thumbnailUrl\":\"https:\\\/\\\/skyline-gs.com\\\/wp-content\\\/uploads\\\/2021\\\/01\\\/Kilimandzharo-1-of-9-1.jpg\",\"datePublished\":\"2021-01-05T09:19:04+00:00\",\"dateModified\":\"2024-01-24T15:10:47+00:00\",\"breadcrumb\":{\"@id\":\"https:\\\/\\\/skyline-gs.com\\\/en\\\/product-2\\\/tarangire-ngorongoro-kilimanjaro-and-the-tribe-of-masai-3-days-zanzibar\\\/#breadcrumb\"},\"inLanguage\":\"de\",\"potentialAction\":[{\"@type\":\"ReadAction\",\"target\":[\"https:\\\/\\\/skyline-gs.com\\\/en\\\/product-2\\\/tarangire-ngorongoro-kilimanjaro-and-the-tribe-of-masai-3-days-zanzibar\\\/\"]}]},{\"@type\":\"ImageObject\",\"inLanguage\":\"de\",\"@id\":\"https:\\\/\\\/skyline-gs.com\\\/en\\\/product-2\\\/tarangire-ngorongoro-kilimanjaro-and-the-tribe-of-masai-3-days-zanzibar\\\/#primaryimage\",\"url\":\"https:\\\/\\\/skyline-gs.com\\\/wp-content\\\/uploads\\\/2021\\\/01\\\/Kilimandzharo-1-of-9-1.jpg\",\"contentUrl\":\"https:\\\/\\\/skyline-gs.com\\\/wp-content\\\/uploads\\\/2021\\\/01\\\/Kilimandzharo-1-of-9-1.jpg\",\"width\":900,\"height\":600},{\"@type\":\"BreadcrumbList\",\"@id\":\"https:\\\/\\\/skyline-gs.com\\\/en\\\/product-2\\\/tarangire-ngorongoro-kilimanjaro-and-the-tribe-of-masai-3-days-zanzibar\\\/#breadcrumb\",\"itemListElement\":[{\"@type\":\"ListItem\",\"position\":1,\"name\":\"\u0413\u043b\u0430\u0432\u043d\u0430\u044f \u0441\u0442\u0440\u0430\u043d\u0438\u0446\u0430\",\"item\":\"https:\\\/\\\/skyline-gs.com\\\/hu\\\/\"},{\"@type\":\"ListItem\",\"position\":2,\"name\":\"\u041c\u0430\u0433\u0430\u0437\u0438\u043d\",\"item\":\"https:\\\/\\\/skyline-gs.com\\\/cs\\\/shop\\\/\"},{\"@type\":\"ListItem\",\"position\":3,\"name\":\"\u0422\u0430\u0440\u0430\u043d\u0433\u0438\u0440\u0435, \u041d\u0433\u043e\u0440\u043e\u043d\u0433\u043e\u0440\u043e, \u041a\u0438\u043b\u0438\u043c\u0430\u043d\u0434\u0436\u0430\u0440\u043e \u0438 \u043f\u043b\u0435\u043c\u044f \u041c\u0430\u0441\u0430\u0438 3 \u0434\u043d\u044f\"}]},{\"@type\":\"WebSite\",\"@id\":\"https:\\\/\\\/skyline-gs.com\\\/it\\\/#website\",\"url\":\"https:\\\/\\\/skyline-gs.com\\\/it\\\/\",\"name\":\"\u042d\u043a\u0441\u043a\u0443\u0440\u0441\u0438\u0438 Skyline\",\"description\":\"\u042d\u043a\u0441\u043a\u043b\u044e\u0437\u0438\u0432\u043d\u044b\u0435 \u044d\u043a\u0441\u043a\u0443\u0440\u0441\u0438\u0438 \u043d\u0430 \u043b\u0443\u0447\u0448\u0438\u0445 \u043a\u0443\u0440\u043e\u0440\u0442\u0430\u0445 \u043c\u0438\u0440\u0430\",\"publisher\":{\"@id\":\"https:\\\/\\\/skyline-gs.com\\\/it\\\/#organization\"},\"alternateName\":\"Skyline\",\"potentialAction\":[{\"@type\":\"SearchAction\",\"target\":{\"@type\":\"EntryPoint\",\"urlTemplate\":\"https:\\\/\\\/skyline-gs.com\\\/it\\\/?s={search_term_string}\"},\"query-input\":{\"@type\":\"PropertyValueSpecification\",\"valueRequired\":true,\"valueName\":\"search_term_string\"}}],\"inLanguage\":\"de\"},{\"@type\":\"Organization\",\"@id\":\"https:\\\/\\\/skyline-gs.com\\\/it\\\/#organization\",\"name\":\"\u042d\u043a\u0441\u043a\u0443\u0440\u0441\u0438\u0438 Skyline\",\"alternateName\":\"\u042d\u043a\u0441\u043a\u0443\u0440\u0441\u0438\u0438 Skyline\",\"url\":\"https:\\\/\\\/skyline-gs.com\\\/it\\\/\",\"logo\":{\"@type\":\"ImageObject\",\"inLanguage\":\"de\",\"@id\":\"https:\\\/\\\/skyline-gs.com\\\/it\\\/#\\\/schema\\\/logo\\\/image\\\/\",\"url\":\"https:\\\/\\\/skyline-gs.com\\\/wp-content\\\/uploads\\\/2020\\\/12\\\/cropped-logo-2.png\",\"contentUrl\":\"https:\\\/\\\/skyline-gs.com\\\/wp-content\\\/uploads\\\/2020\\\/12\\\/cropped-logo-2.png\",\"width\":512,\"height\":512,\"caption\":\"\u042d\u043a\u0441\u043a\u0443\u0440\u0441\u0438\u0438 Skyline\"},\"image\":{\"@id\":\"https:\\\/\\\/skyline-gs.com\\\/it\\\/#\\\/schema\\\/logo\\\/image\\\/\"},\"sameAs\":[\"https:\\\/\\\/www.instagram.com\\\/skylineglobalservice\\\/\"]}]}<\/script>\n<!-- \/ Yoast SEO plugin. -->","yoast_head_json":{"title":"\u0422\u0430\u0440\u0430\u043d\u0433\u0438\u0440\u0435, \u041d\u0433\u043e\u0440\u043e\u043d\u0433\u043e\u0440\u043e, \u041a\u0438\u043b\u0438\u043c\u0430\u043d\u0434\u0436\u0430\u0440\u043e \u0438 \u043f\u043b\u0435\u043c\u044f \u041c\u0430\u0441\u0430\u0438 3 \u0434\u043d\u044f &#8226; \u042d\u043a\u0441\u043a\u0443\u0440\u0441\u0438\u0438 Skyline","robots":{"index":"index","follow":"follow","max-snippet":"max-snippet:-1","max-image-preview":"max-image-preview:large","max-video-preview":"max-video-preview:-1"},"canonical":"https:\/\/skyline-gs.com\/de\/produkt\/tarangire-ngorongoro-kilimanjaro-and-the-tribe-of-masai-3-days-zanzibar\/","og_locale":"de_DE","og_type":"article","og_title":"\u0422\u0430\u0440\u0430\u043d\u0433\u0438\u0440\u0435, \u041d\u0433\u043e\u0440\u043e\u043d\u0433\u043e\u0440\u043e, \u041a\u0438\u043b\u0438\u043c\u0430\u043d\u0434\u0436\u0430\u0440\u043e \u0438 \u043f\u043b\u0435\u043c\u044f \u041c\u0430\u0441\u0430\u0438 3 \u0434\u043d\u044f &#8226; \u042d\u043a\u0441\u043a\u0443\u0440\u0441\u0438\u0438 Skyline","og_description":"\u0414\u0415\u041d\u042c 1: \u0422\u0430\u0440\u0430\u043d\u0433\u0438\u0440\u0435 \u2014 \u041c\u0430\u0441\u0430\u0438 \u0411\u043e\u043c\u0430 \u0412\u044b\u0435\u0437\u0434 \u0438\u0437 \u043e\u0442\u0435\u043b\u044f \u0432 05:30 \u0443\u0442\u0440\u0430. \u0412\u044b\u043b\u0435\u0442 \u0438\u0437 \u0430\u044d\u0440\u043e\u043f\u043e\u0440\u0442\u0430 \u0417\u0430\u043d\u0437\u0438\u0431\u0430\u0440 \u0432 07:30. \u041f\u0440\u0438\u0431\u044b\u0442\u0438\u0435 \u0432 \u0430\u044d\u0440\u043e\u043f\u043e\u0440\u0442 \u0433\u043e\u0440\u043e\u0434\u0430 \u0410\u0440\u0443\u0448\u0430 \u0432 08:50. \u0412\u044b\u0435\u0437\u0434 \u0432 \u041d\u0430\u0446\u0438\u043e\u043d\u0430\u043b\u044c\u043d\u044b\u0439 \u043f\u0430\u0440\u043a \u0422\u0430\u0440\u0430\u043d\u0433\u0438\u0440\u0435. \u0414\u0438\u043a\u0430\u044f \u043f\u0440\u0438\u0440\u043e\u0434\u0430 \u041d\u0430\u0446\u0438\u043e\u043d\u0430\u043b\u044c\u043d\u043e\u0433\u043e \u043f\u0430\u0440\u043a\u0430 \u0422\u0430\u0440\u0430\u043d\u0433\u0438\u0440\u0435 \u0442\u0430\u043a\u0436\u0435 \u043f\u0440\u0435\u043a\u0440\u0430\u0441\u043d\u0430 \u043a\u0430\u043a \u0438 \u0435\u0433\u043e \u043f\u0435\u0439\u0437\u0430\u0436\u0438, \u0432 \u044d\u0442\u043e\u043c \u043f\u0430\u0440\u043a\u0435 \u043c\u043e\u0436\u043d\u043e \u0432\u0441\u0442\u0440\u0435\u0442\u0438\u0442\u044c \u043f\u0440\u0430\u043a\u0442\u0438\u0447\u0435\u0441\u043a\u0438 \u0432\u0441\u0435\u0445 \u0436\u0438\u0432\u043e\u0442\u043d\u044b\u0445, \u043d\u043e \u0435\u0433\u043e \u0433\u043e\u0440\u0434\u043e\u0441\u0442\u044c\u044e \u044f\u0432\u043b\u044f\u0435\u0442\u0441\u044f \u043a\u0440\u0443\u043f\u043d\u0435\u0439\u0448\u0430\u044f \u043f\u043e\u043f\u0443\u043b\u044f\u0446\u0438\u044f...","og_url":"https:\/\/skyline-gs.com\/de\/produkt\/tarangire-ngorongoro-kilimanjaro-and-the-tribe-of-masai-3-days-zanzibar\/","og_site_name":"\u042d\u043a\u0441\u043a\u0443\u0440\u0441\u0438\u0438 Skyline","article_modified_time":"2024-01-24T15:10:47+00:00","og_image":[{"width":900,"height":600,"url":"https:\/\/skyline-gs.com\/wp-content\/uploads\/2021\/01\/Kilimandzharo-1-of-9-1.jpg","type":"image\/jpeg"}],"twitter_card":"summary_large_image","twitter_misc":{"Gesch\u00e4tzte Lesezeit":"3\u00a0Minuten"},"schema":{"@context":"https:\/\/schema.org","@graph":[{"@type":"WebPage","@id":"https:\/\/skyline-gs.com\/en\/product-2\/tarangire-ngorongoro-kilimanjaro-and-the-tribe-of-masai-3-days-zanzibar\/","url":"https:\/\/skyline-gs.com\/en\/product-2\/tarangire-ngorongoro-kilimanjaro-and-the-tribe-of-masai-3-days-zanzibar\/","name":"\u0422\u0430\u0440\u0430\u043d\u0433\u0438\u0440\u0435, \u041d\u0433\u043e\u0440\u043e\u043d\u0433\u043e\u0440\u043e, \u041a\u0438\u043b\u0438\u043c\u0430\u043d\u0434\u0436\u0430\u0440\u043e \u0438 \u043f\u043b\u0435\u043c\u044f \u041c\u0430\u0441\u0430\u0438 3 \u0434\u043d\u044f &#8226; \u042d\u043a\u0441\u043a\u0443\u0440\u0441\u0438\u0438 Skyline","isPartOf":{"@id":"https:\/\/skyline-gs.com\/it\/#website"},"primaryImageOfPage":{"@id":"https:\/\/skyline-gs.com\/en\/product-2\/tarangire-ngorongoro-kilimanjaro-and-the-tribe-of-masai-3-days-zanzibar\/#primaryimage"},"image":{"@id":"https:\/\/skyline-gs.com\/en\/product-2\/tarangire-ngorongoro-kilimanjaro-and-the-tribe-of-masai-3-days-zanzibar\/#primaryimage"},"thumbnailUrl":"https:\/\/skyline-gs.com\/wp-content\/uploads\/2021\/01\/Kilimandzharo-1-of-9-1.jpg","datePublished":"2021-01-05T09:19:04+00:00","dateModified":"2024-01-24T15:10:47+00:00","breadcrumb":{"@id":"https:\/\/skyline-gs.com\/en\/product-2\/tarangire-ngorongoro-kilimanjaro-and-the-tribe-of-masai-3-days-zanzibar\/#breadcrumb"},"inLanguage":"de","potentialAction":[{"@type":"ReadAction","target":["https:\/\/skyline-gs.com\/en\/product-2\/tarangire-ngorongoro-kilimanjaro-and-the-tribe-of-masai-3-days-zanzibar\/"]}]},{"@type":"ImageObject","inLanguage":"de","@id":"https:\/\/skyline-gs.com\/en\/product-2\/tarangire-ngorongoro-kilimanjaro-and-the-tribe-of-masai-3-days-zanzibar\/#primaryimage","url":"https:\/\/skyline-gs.com\/wp-content\/uploads\/2021\/01\/Kilimandzharo-1-of-9-1.jpg","contentUrl":"https:\/\/skyline-gs.com\/wp-content\/uploads\/2021\/01\/Kilimandzharo-1-of-9-1.jpg","width":900,"height":600},{"@type":"BreadcrumbList","@id":"https:\/\/skyline-gs.com\/en\/product-2\/tarangire-ngorongoro-kilimanjaro-and-the-tribe-of-masai-3-days-zanzibar\/#breadcrumb","itemListElement":[{"@type":"ListItem","position":1,"name":"\u0413\u043b\u0430\u0432\u043d\u0430\u044f \u0441\u0442\u0440\u0430\u043d\u0438\u0446\u0430","item":"https:\/\/skyline-gs.com\/hu\/"},{"@type":"ListItem","position":2,"name":"\u041c\u0430\u0433\u0430\u0437\u0438\u043d","item":"https:\/\/skyline-gs.com\/cs\/shop\/"},{"@type":"ListItem","position":3,"name":"\u0422\u0430\u0440\u0430\u043d\u0433\u0438\u0440\u0435, \u041d\u0433\u043e\u0440\u043e\u043d\u0433\u043e\u0440\u043e, \u041a\u0438\u043b\u0438\u043c\u0430\u043d\u0434\u0436\u0430\u0440\u043e \u0438 \u043f\u043b\u0435\u043c\u044f \u041c\u0430\u0441\u0430\u0438 3 \u0434\u043d\u044f"}]},{"@type":"WebSite","@id":"https:\/\/skyline-gs.com\/it\/#website","url":"https:\/\/skyline-gs.com\/it\/","name":"Skyline Ausfl\u00fcge","description":"Exklusive Ausfl\u00fcge in den besten Resorts der Welt","publisher":{"@id":"https:\/\/skyline-gs.com\/it\/#organization"},"alternateName":"Skyline","potentialAction":[{"@type":"SearchAction","target":{"@type":"EntryPoint","urlTemplate":"https:\/\/skyline-gs.com\/it\/?s={search_term_string}"},"query-input":{"@type":"PropertyValueSpecification","valueRequired":true,"valueName":"search_term_string"}}],"inLanguage":"de"},{"@type":"Organization","@id":"https:\/\/skyline-gs.com\/it\/#organization","name":"Skyline Ausfl\u00fcge","alternateName":"\u042d\u043a\u0441\u043a\u0443\u0440\u0441\u0438\u0438 Skyline","url":"https:\/\/skyline-gs.com\/it\/","logo":{"@type":"ImageObject","inLanguage":"de","@id":"https:\/\/skyline-gs.com\/it\/#\/schema\/logo\/image\/","url":"https:\/\/skyline-gs.com\/wp-content\/uploads\/2020\/12\/cropped-logo-2.png","contentUrl":"https:\/\/skyline-gs.com\/wp-content\/uploads\/2020\/12\/cropped-logo-2.png","width":512,"height":512,"caption":"\u042d\u043a\u0441\u043a\u0443\u0440\u0441\u0438\u0438 Skyline"},"image":{"@id":"https:\/\/skyline-gs.com\/it\/#\/schema\/logo\/image\/"},"sameAs":["https:\/\/www.instagram.com\/skylineglobalservice\/"]}]}},"_links":{"self":[{"href":"https:\/\/skyline-gs.com\/de\/wp-json\/wp\/v2\/product\/25449","targetHints":{"allow":["GET"]}}],"collection":[{"href":"https:\/\/skyline-gs.com\/de\/wp-json\/wp\/v2\/product"}],"about":[{"href":"https:\/\/skyline-gs.com\/de\/wp-json\/wp\/v2\/types\/product"}],"version-history":[{"count":0,"href":"https:\/\/skyline-gs.com\/de\/wp-json\/wp\/v2\/product\/25449\/revisions"}],"wp:featuredmedia":[{"embeddable":true,"href":"https:\/\/skyline-gs.com\/de\/wp-json\/wp\/v2\/media\/31669"}],"wp:attachment":[{"href":"https:\/\/skyline-gs.com\/de\/wp-json\/wp\/v2\/media?parent=25449"}],"wp:term":[{"taxonomy":"product_brand","embeddable":true,"href":"https:\/\/skyline-gs.com\/de\/wp-json\/wp\/v2\/product_brand?post=25449"},{"taxonomy":"product_cat","embeddable":true,"href":"https:\/\/skyline-gs.com\/de\/wp-json\/wp\/v2\/product_cat?post=25449"},{"taxonomy":"product_tag","embeddable":true,"href":"https:\/\/skyline-gs.com\/de\/wp-json\/wp\/v2\/product_tag?post=25449"}],"curies":[{"name":"wp","href":"https:\/\/api.w.org\/{rel}","templated":true}]}}