{"id":24957,"date":"2022-02-16T17:50:39","date_gmt":"2022-02-16T14:50:39","guid":{"rendered":"https:\/\/hurghada.skyline-gs.com\/?post_type=product&#038;p=24957"},"modified":"2025-03-20T03:40:26","modified_gmt":"2025-03-20T01:40:26","slug":"abu-dabab-hurghada","status":"publish","type":"product","link":"https:\/\/skyline-gs.com\/de\/product\/abu-dabab-hurghada\/","title":{"rendered":"Abu Dabab - der Strand der Riesenschildkr\u00f6ten"},"content":{"rendered":"<p>6:00 Uhr Auschecken aus dem Hotel. Die Fahrt wird 3 Stunden dauern. Verbringen Sie einen unvergesslichen Urlaub am Strand, wo Sie in unmittelbarer N\u00e4he des Ufers mit zwei Meter langen Riesenschildkr\u00f6ten schwimmen k\u00f6nnen. Dies ist ein einzigartiger Ort in ganz \u00c4gypten, um sie zu sehen. Sonnen Sie sich auf Liegest\u00fchlen am herrlichen Sandstrand der K\u00fcste des Roten Meeres. Schnorcheln werden wir direkt vom Ufer aus, der Tauchlehrer wird Ihnen die interessantesten Stellen zeigen und diese riesigen Schildkr\u00f6ten f\u00fcr Sie finden. Auch in der N\u00e4he der lokalen Riffe leben seltene Fischarten und manchmal kommen sogar Seek\u00fche - Dugongs. R\u00fcckkehr zum Hotel um 18:00 Uhr.<\/p>\n<p><strong>Inbegriffen:<\/strong><\/p>\n<ul>\n<li>Transfer vom Hotel und zur\u00fcck<\/li>\n<li>Alle Transfers laut Programm<\/li>\n<li>Eintrittskarten<\/li>\n<li>Englischsprachiger Reiseleiter<\/li>\n<li>Abendessen<\/li>\n<li>Schnorchelmasken<\/li>\n<\/ul>\n<p><strong>Nicht enthalten:<\/strong><\/p>\n<ul>\n<li>Zus\u00e4tzlicher Transfer von El Gouna, Sahl Hasheesh, Makadi Hotels extra +10$ hin und zur\u00fcck pro Auto f\u00fcr bis zu 6 Personen.<\/li>\n<li>Optionaler Transfer: Soma Bay und Safaga extra +20$ Hin- und R\u00fcckfahrt pro Auto bis zu 6 Personen<\/li>\n<\/ul>\n<p><strong>Was soll ich mitbringen?<\/strong><\/p>\n<ul>\n<li>Fr\u00fchst\u00fcck zum Mitnehmen (Bestellung an der Hotelrezeption - kostenlos)<\/li>\n<li>Sonnenbrille<\/li>\n<li>Badeanzug, Badehose<\/li>\n<li>Wasser<\/li>\n<li>Sonnencreme<\/li>\n<li>Handtuch<\/li>\n<\/ul>","protected":false},"excerpt":{"rendered":"<div class=\"woocommerce-product-details__short-description\">\n<p><strong>Tourzeit:<\/strong>\u00a06:00 - 18:00<\/p>\n<p><strong>Veranstaltungstage:<\/strong> Montag und Freitag<\/p>\n<\/div>","protected":false},"featured_media":24963,"template":"","meta":{"_kad_post_transparent":"default","_kad_post_title":"","_kad_post_layout":"default","_kad_post_sidebar_id":"","_kad_post_content_style":"default","_kad_post_vertical_padding":"default","_kad_post_feature":"","_kad_post_feature_position":"","_kad_post_header":false,"_kad_post_footer":false,"_kad_post_classname":"","_glsr_average":0,"_glsr_ranking":0,"_glsr_reviews":0},"product_brand":[],"product_cat":[479],"product_tag":[],"class_list":{"0":"post-24957","1":"product","2":"type-product","3":"status-publish","4":"has-post-thumbnail","6":"product_cat-hurghadatours","7":"tm-has-options","9":"first","10":"instock","11":"sold-individually","12":"taxable","13":"shipping-taxable","14":"purchasable","15":"product-type-simple","16":"entry","17":"content-bg","18":"loop-entry"},"yoast_head":"<!-- This site is optimized with the Yoast SEO plugin v27.3 - https:\/\/yoast.com\/product\/yoast-seo-wordpress\/ -->\n<title>\u0410\u0431\u0443 \u0414\u0430\u0431\u0430\u0431 \u2014 \u043f\u043b\u044f\u0436 \u0433\u0438\u0433\u0430\u043d\u0442\u0441\u043a\u0438\u0445 \u0447\u0435\u0440\u0435\u043f\u0430\u0445 &#8226; \u042d\u043a\u0441\u043a\u0443\u0440\u0441\u0438\u0438 Skyline<\/title>\n<meta name=\"robots\" content=\"index, follow, max-snippet:-1, max-image-preview:large, max-video-preview:-1\" \/>\n<link rel=\"canonical\" href=\"https:\/\/skyline-gs.com\/de\/produkt\/abu-dabab-hurghada\/\" \/>\n<meta property=\"og:locale\" content=\"de_DE\" \/>\n<meta property=\"og:type\" content=\"article\" \/>\n<meta property=\"og:title\" content=\"\u0410\u0431\u0443 \u0414\u0430\u0431\u0430\u0431 \u2014 \u043f\u043b\u044f\u0436 \u0433\u0438\u0433\u0430\u043d\u0442\u0441\u043a\u0438\u0445 \u0447\u0435\u0440\u0435\u043f\u0430\u0445 &#8226; \u042d\u043a\u0441\u043a\u0443\u0440\u0441\u0438\u0438 Skyline\" \/>\n<meta property=\"og:description\" content=\"\u0412\u0440\u0435\u043c\u044f \u0442\u0443\u0440\u0430:\u00a06:00 \u2014 18:00  \u0414\u043d\u0438 \u043f\u0440\u043e\u0432\u0435\u0434\u0435\u043d\u0438\u044f: \u043f\u043e\u043d\u0435\u0434\u0435\u043b\u044c\u043d\u0438\u043a \u0438 \u043f\u044f\u0442\u043d\u0438\u0446\u0430\" \/>\n<meta property=\"og:url\" content=\"https:\/\/skyline-gs.com\/de\/produkt\/abu-dabab-hurghada\/\" \/>\n<meta property=\"og:site_name\" content=\"\u042d\u043a\u0441\u043a\u0443\u0440\u0441\u0438\u0438 Skyline\" \/>\n<meta property=\"article:modified_time\" content=\"2025-03-20T01:40:26+00:00\" \/>\n<meta property=\"og:image\" content=\"https:\/\/skyline-gs.com\/wp-content\/uploads\/2022\/02\/45.jpg\" \/>\n\t<meta property=\"og:image:width\" content=\"670\" \/>\n\t<meta property=\"og:image:height\" content=\"446\" \/>\n\t<meta property=\"og:image:type\" content=\"image\/jpeg\" \/>\n<meta name=\"twitter:card\" content=\"summary_large_image\" \/>\n<meta name=\"twitter:label1\" content=\"Gesch\u00e4tzte Lesezeit\" \/>\n\t<meta name=\"twitter:data1\" content=\"2\u00a0Minuten\" \/>\n<script type=\"application\/ld+json\" class=\"yoast-schema-graph\">{\"@context\":\"https:\\\/\\\/schema.org\",\"@graph\":[{\"@type\":\"WebPage\",\"@id\":\"https:\\\/\\\/skyline-gs.com\\\/hu\\\/termek\\\/abu-dabab-hurghada\\\/\",\"url\":\"https:\\\/\\\/skyline-gs.com\\\/hu\\\/termek\\\/abu-dabab-hurghada\\\/\",\"name\":\"\u0410\u0431\u0443 \u0414\u0430\u0431\u0430\u0431 \u2014 \u043f\u043b\u044f\u0436 \u0433\u0438\u0433\u0430\u043d\u0442\u0441\u043a\u0438\u0445 \u0447\u0435\u0440\u0435\u043f\u0430\u0445 &#8226; \u042d\u043a\u0441\u043a\u0443\u0440\u0441\u0438\u0438 Skyline\",\"isPartOf\":{\"@id\":\"https:\\\/\\\/skyline-gs.com\\\/it\\\/#website\"},\"primaryImageOfPage\":{\"@id\":\"https:\\\/\\\/skyline-gs.com\\\/hu\\\/termek\\\/abu-dabab-hurghada\\\/#primaryimage\"},\"image\":{\"@id\":\"https:\\\/\\\/skyline-gs.com\\\/hu\\\/termek\\\/abu-dabab-hurghada\\\/#primaryimage\"},\"thumbnailUrl\":\"https:\\\/\\\/skyline-gs.com\\\/wp-content\\\/uploads\\\/2022\\\/02\\\/45.jpg\",\"datePublished\":\"2022-02-16T14:50:39+00:00\",\"dateModified\":\"2025-03-20T01:40:26+00:00\",\"breadcrumb\":{\"@id\":\"https:\\\/\\\/skyline-gs.com\\\/hu\\\/termek\\\/abu-dabab-hurghada\\\/#breadcrumb\"},\"inLanguage\":\"de\",\"potentialAction\":[{\"@type\":\"ReadAction\",\"target\":[\"https:\\\/\\\/skyline-gs.com\\\/hu\\\/termek\\\/abu-dabab-hurghada\\\/\"]}]},{\"@type\":\"ImageObject\",\"inLanguage\":\"de\",\"@id\":\"https:\\\/\\\/skyline-gs.com\\\/hu\\\/termek\\\/abu-dabab-hurghada\\\/#primaryimage\",\"url\":\"https:\\\/\\\/skyline-gs.com\\\/wp-content\\\/uploads\\\/2022\\\/02\\\/45.jpg\",\"contentUrl\":\"https:\\\/\\\/skyline-gs.com\\\/wp-content\\\/uploads\\\/2022\\\/02\\\/45.jpg\",\"width\":670,\"height\":446},{\"@type\":\"BreadcrumbList\",\"@id\":\"https:\\\/\\\/skyline-gs.com\\\/hu\\\/termek\\\/abu-dabab-hurghada\\\/#breadcrumb\",\"itemListElement\":[{\"@type\":\"ListItem\",\"position\":1,\"name\":\"\u0413\u043b\u0430\u0432\u043d\u0430\u044f \u0441\u0442\u0440\u0430\u043d\u0438\u0446\u0430\",\"item\":\"https:\\\/\\\/skyline-gs.com\\\/hu\\\/\"},{\"@type\":\"ListItem\",\"position\":2,\"name\":\"\u041c\u0430\u0433\u0430\u0437\u0438\u043d\",\"item\":\"https:\\\/\\\/skyline-gs.com\\\/cs\\\/shop\\\/\"},{\"@type\":\"ListItem\",\"position\":3,\"name\":\"\u0410\u0431\u0443 \u0414\u0430\u0431\u0430\u0431 \u2014 \u043f\u043b\u044f\u0436 \u0433\u0438\u0433\u0430\u043d\u0442\u0441\u043a\u0438\u0445 \u0447\u0435\u0440\u0435\u043f\u0430\u0445\"}]},{\"@type\":\"WebSite\",\"@id\":\"https:\\\/\\\/skyline-gs.com\\\/it\\\/#website\",\"url\":\"https:\\\/\\\/skyline-gs.com\\\/it\\\/\",\"name\":\"\u042d\u043a\u0441\u043a\u0443\u0440\u0441\u0438\u0438 Skyline\",\"description\":\"\u042d\u043a\u0441\u043a\u043b\u044e\u0437\u0438\u0432\u043d\u044b\u0435 \u044d\u043a\u0441\u043a\u0443\u0440\u0441\u0438\u0438 \u043d\u0430 \u043b\u0443\u0447\u0448\u0438\u0445 \u043a\u0443\u0440\u043e\u0440\u0442\u0430\u0445 \u043c\u0438\u0440\u0430\",\"publisher\":{\"@id\":\"https:\\\/\\\/skyline-gs.com\\\/it\\\/#organization\"},\"alternateName\":\"Skyline\",\"potentialAction\":[{\"@type\":\"SearchAction\",\"target\":{\"@type\":\"EntryPoint\",\"urlTemplate\":\"https:\\\/\\\/skyline-gs.com\\\/it\\\/?s={search_term_string}\"},\"query-input\":{\"@type\":\"PropertyValueSpecification\",\"valueRequired\":true,\"valueName\":\"search_term_string\"}}],\"inLanguage\":\"de\"},{\"@type\":\"Organization\",\"@id\":\"https:\\\/\\\/skyline-gs.com\\\/it\\\/#organization\",\"name\":\"\u042d\u043a\u0441\u043a\u0443\u0440\u0441\u0438\u0438 Skyline\",\"alternateName\":\"\u042d\u043a\u0441\u043a\u0443\u0440\u0441\u0438\u0438 Skyline\",\"url\":\"https:\\\/\\\/skyline-gs.com\\\/it\\\/\",\"logo\":{\"@type\":\"ImageObject\",\"inLanguage\":\"de\",\"@id\":\"https:\\\/\\\/skyline-gs.com\\\/it\\\/#\\\/schema\\\/logo\\\/image\\\/\",\"url\":\"https:\\\/\\\/skyline-gs.com\\\/wp-content\\\/uploads\\\/2020\\\/12\\\/cropped-logo-2.png\",\"contentUrl\":\"https:\\\/\\\/skyline-gs.com\\\/wp-content\\\/uploads\\\/2020\\\/12\\\/cropped-logo-2.png\",\"width\":512,\"height\":512,\"caption\":\"\u042d\u043a\u0441\u043a\u0443\u0440\u0441\u0438\u0438 Skyline\"},\"image\":{\"@id\":\"https:\\\/\\\/skyline-gs.com\\\/it\\\/#\\\/schema\\\/logo\\\/image\\\/\"},\"sameAs\":[\"https:\\\/\\\/www.instagram.com\\\/skylineglobalservice\\\/\"]}]}<\/script>\n<!-- \/ Yoast SEO plugin. -->","yoast_head_json":{"title":"Abu Dabab - Riesenschildkr\u00f6tenstrand - Skyline Excursions","robots":{"index":"index","follow":"follow","max-snippet":"max-snippet:-1","max-image-preview":"max-image-preview:large","max-video-preview":"max-video-preview:-1"},"canonical":"https:\/\/skyline-gs.com\/de\/produkt\/abu-dabab-hurghada\/","og_locale":"de_DE","og_type":"article","og_title":"\u0410\u0431\u0443 \u0414\u0430\u0431\u0430\u0431 \u2014 \u043f\u043b\u044f\u0436 \u0433\u0438\u0433\u0430\u043d\u0442\u0441\u043a\u0438\u0445 \u0447\u0435\u0440\u0435\u043f\u0430\u0445 &#8226; \u042d\u043a\u0441\u043a\u0443\u0440\u0441\u0438\u0438 Skyline","og_description":"\u0412\u0440\u0435\u043c\u044f \u0442\u0443\u0440\u0430:\u00a06:00 \u2014 18:00  \u0414\u043d\u0438 \u043f\u0440\u043e\u0432\u0435\u0434\u0435\u043d\u0438\u044f: \u043f\u043e\u043d\u0435\u0434\u0435\u043b\u044c\u043d\u0438\u043a \u0438 \u043f\u044f\u0442\u043d\u0438\u0446\u0430","og_url":"https:\/\/skyline-gs.com\/de\/produkt\/abu-dabab-hurghada\/","og_site_name":"\u042d\u043a\u0441\u043a\u0443\u0440\u0441\u0438\u0438 Skyline","article_modified_time":"2025-03-20T01:40:26+00:00","og_image":[{"width":670,"height":446,"url":"https:\/\/skyline-gs.com\/wp-content\/uploads\/2022\/02\/45.jpg","type":"image\/jpeg"}],"twitter_card":"summary_large_image","twitter_misc":{"Gesch\u00e4tzte Lesezeit":"2\u00a0Minuten"},"schema":{"@context":"https:\/\/schema.org","@graph":[{"@type":"WebPage","@id":"https:\/\/skyline-gs.com\/hu\/termek\/abu-dabab-hurghada\/","url":"https:\/\/skyline-gs.com\/hu\/termek\/abu-dabab-hurghada\/","name":"Abu Dabab - Riesenschildkr\u00f6tenstrand - Skyline Excursions","isPartOf":{"@id":"https:\/\/skyline-gs.com\/it\/#website"},"primaryImageOfPage":{"@id":"https:\/\/skyline-gs.com\/hu\/termek\/abu-dabab-hurghada\/#primaryimage"},"image":{"@id":"https:\/\/skyline-gs.com\/hu\/termek\/abu-dabab-hurghada\/#primaryimage"},"thumbnailUrl":"https:\/\/skyline-gs.com\/wp-content\/uploads\/2022\/02\/45.jpg","datePublished":"2022-02-16T14:50:39+00:00","dateModified":"2025-03-20T01:40:26+00:00","breadcrumb":{"@id":"https:\/\/skyline-gs.com\/hu\/termek\/abu-dabab-hurghada\/#breadcrumb"},"inLanguage":"de","potentialAction":[{"@type":"ReadAction","target":["https:\/\/skyline-gs.com\/hu\/termek\/abu-dabab-hurghada\/"]}]},{"@type":"ImageObject","inLanguage":"de","@id":"https:\/\/skyline-gs.com\/hu\/termek\/abu-dabab-hurghada\/#primaryimage","url":"https:\/\/skyline-gs.com\/wp-content\/uploads\/2022\/02\/45.jpg","contentUrl":"https:\/\/skyline-gs.com\/wp-content\/uploads\/2022\/02\/45.jpg","width":670,"height":446},{"@type":"BreadcrumbList","@id":"https:\/\/skyline-gs.com\/hu\/termek\/abu-dabab-hurghada\/#breadcrumb","itemListElement":[{"@type":"ListItem","position":1,"name":"\u0413\u043b\u0430\u0432\u043d\u0430\u044f \u0441\u0442\u0440\u0430\u043d\u0438\u0446\u0430","item":"https:\/\/skyline-gs.com\/hu\/"},{"@type":"ListItem","position":2,"name":"\u041c\u0430\u0433\u0430\u0437\u0438\u043d","item":"https:\/\/skyline-gs.com\/cs\/shop\/"},{"@type":"ListItem","position":3,"name":"\u0410\u0431\u0443 \u0414\u0430\u0431\u0430\u0431 \u2014 \u043f\u043b\u044f\u0436 \u0433\u0438\u0433\u0430\u043d\u0442\u0441\u043a\u0438\u0445 \u0447\u0435\u0440\u0435\u043f\u0430\u0445"}]},{"@type":"WebSite","@id":"https:\/\/skyline-gs.com\/it\/#website","url":"https:\/\/skyline-gs.com\/it\/","name":"Skyline Ausfl\u00fcge","description":"Exklusive Ausfl\u00fcge in den besten Resorts der Welt","publisher":{"@id":"https:\/\/skyline-gs.com\/it\/#organization"},"alternateName":"Skyline","potentialAction":[{"@type":"SearchAction","target":{"@type":"EntryPoint","urlTemplate":"https:\/\/skyline-gs.com\/it\/?s={search_term_string}"},"query-input":{"@type":"PropertyValueSpecification","valueRequired":true,"valueName":"search_term_string"}}],"inLanguage":"de"},{"@type":"Organization","@id":"https:\/\/skyline-gs.com\/it\/#organization","name":"Skyline Ausfl\u00fcge","alternateName":"\u042d\u043a\u0441\u043a\u0443\u0440\u0441\u0438\u0438 Skyline","url":"https:\/\/skyline-gs.com\/it\/","logo":{"@type":"ImageObject","inLanguage":"de","@id":"https:\/\/skyline-gs.com\/it\/#\/schema\/logo\/image\/","url":"https:\/\/skyline-gs.com\/wp-content\/uploads\/2020\/12\/cropped-logo-2.png","contentUrl":"https:\/\/skyline-gs.com\/wp-content\/uploads\/2020\/12\/cropped-logo-2.png","width":512,"height":512,"caption":"\u042d\u043a\u0441\u043a\u0443\u0440\u0441\u0438\u0438 Skyline"},"image":{"@id":"https:\/\/skyline-gs.com\/it\/#\/schema\/logo\/image\/"},"sameAs":["https:\/\/www.instagram.com\/skylineglobalservice\/"]}]}},"_links":{"self":[{"href":"https:\/\/skyline-gs.com\/de\/wp-json\/wp\/v2\/product\/24957","targetHints":{"allow":["GET"]}}],"collection":[{"href":"https:\/\/skyline-gs.com\/de\/wp-json\/wp\/v2\/product"}],"about":[{"href":"https:\/\/skyline-gs.com\/de\/wp-json\/wp\/v2\/types\/product"}],"version-history":[{"count":0,"href":"https:\/\/skyline-gs.com\/de\/wp-json\/wp\/v2\/product\/24957\/revisions"}],"wp:featuredmedia":[{"embeddable":true,"href":"https:\/\/skyline-gs.com\/de\/wp-json\/wp\/v2\/media\/24963"}],"wp:attachment":[{"href":"https:\/\/skyline-gs.com\/de\/wp-json\/wp\/v2\/media?parent=24957"}],"wp:term":[{"taxonomy":"product_brand","embeddable":true,"href":"https:\/\/skyline-gs.com\/de\/wp-json\/wp\/v2\/product_brand?post=24957"},{"taxonomy":"product_cat","embeddable":true,"href":"https:\/\/skyline-gs.com\/de\/wp-json\/wp\/v2\/product_cat?post=24957"},{"taxonomy":"product_tag","embeddable":true,"href":"https:\/\/skyline-gs.com\/de\/wp-json\/wp\/v2\/product_tag?post=24957"}],"curies":[{"name":"wp","href":"https:\/\/api.w.org\/{rel}","templated":true}]}}