{"id":24535,"date":"2021-06-24T14:54:10","date_gmt":"2021-06-24T12:54:10","guid":{"rendered":"http:\/\/skyline-gs.com\/?post_type=product&#038;p=24535"},"modified":"2025-12-16T15:04:39","modified_gmt":"2025-12-16T13:04:39","slug":"mount-moses-and-st-catherine-s-monastery-sharm","status":"publish","type":"product","link":"https:\/\/skyline-gs.com\/de\/product\/mount-moses-and-st-catherine-s-monastery-sharm\/","title":{"rendered":"Berg Moses und Katharinenkloster"},"content":{"rendered":"<p>Der Berg Moses oder der Berg Sinai und das St. Katharinenkloster von Sharm El Sheikh sind eine erstaunliche Gelegenheit, um den Sonnenaufgang am Berg Moses zu erleben, spirituelle Reinigung zu erfahren und die heiligen Reliquien in einem der \u00e4ltesten Kl\u00f6ster der Welt zu sehen, das in der Bibel erw\u00e4hnt ist.<\/p>\n<p>Die Abfahrt aus Sharm el-Sheikh erfolgt gegen 20:00 Uhr. Nach etwa zweieinhalb Stunden Fahrt liegt der Berg Sinai vor Ihnen, und Sie werden eine Pilgerwanderung unternehmen. Ein erfahrener F\u00fchrer wird Ihnen helfen, den Gipfel des Berges Sinai auf einer H\u00f6he von 2285 m zu erreichen. Der Berg Sinai und die Aussicht von seinem Gipfel sind selbst eine Sehensw\u00fcrdigkeit. Die Aussicht ist wundersch\u00f6n und definitiv die aufgebrachten Anstrengungen wert. Die gesamte Strecke betr\u00e4gt etwa 7 km. Der Aufstieg zum Gipfel dauert nicht l\u00e4nger als 3 Stunden. Zahlreiche Pilgergruppen besteigen den Berg Sinai, um hier den Sonnenaufgang zu erleben und g\u00f6ttlichen Segen und Reinigung zu erhalten.<\/p>\n<p><strong>1.Option:<\/strong> Sanfter Serpentinenpfad, gefolgt von einem Aufstieg von 750 Stufen. Schlie\u00dflich, nach einer dreist\u00fcndigen Wanderung, k\u00f6nnen Sie sich auf dem Gipfel niederlassen, sich auf Ihre Gedanken konzentrieren, beten oder einfach den Sonnenaufgang genie\u00dfen.<br \/>\nStellen Sie sich vor - der Berg Moses ist der Ort, an dem Gott die Gebote an Moses f\u00fcr die Kinder Israels \u00fcbergeben hat (die 10 Gebote). Die \u00dcberlieferung besagt, dass diejenigen, die den beschwerlichen Weg auf den Berg Sinai zur\u00fcckgelegt haben und den Sonnenaufgang auf seinem Gipfel erlebt haben, Vergebung f\u00fcr ihre S\u00fcnden erhalten werden.<\/p>\n<p><strong>2. Option:<\/strong> Wenn Sie das Gef\u00fchl haben, dass Sie den Aufstieg auf den Berg nicht alleine bew\u00e4ltigen k\u00f6nnen, k\u00f6nnen Sie bei den Beduinen ein Kamel f\u00fcr 15 $ mieten.<\/p>\n<p>Nachdem Sie die Morgend\u00e4mmerung erlebt haben, steigen Sie den Berg hinab und besichtigen das Katharinenkloster. Das auf dem Berg Moses gelegene Kloster ist nach der Heiligen Katharina benannt, die f\u00fcr den christlichen Glauben gemartert wurde. Sie sehen und erfahren die Geschichte der biblischen Artefakte, die zum Klosterkomplex geh\u00f6ren: die biblischen Artefakte wie der Dornbusch und die Kapelle der Neopalimaya Kupina, der Brunnen des Moses, sowie die Basilika der Verkl\u00e4rung - die Hauptkirche des Klosters. Das griechisch-orthodoxe Kloster wurde zwischen 548 und 565 n. Chr. erbaut. Das Kloster ist in seiner Geschichte nie zerst\u00f6rt worden. Sein Erbe hat \u00fcber die Jahrtausende hinweg sein urspr\u00fcngliches Aussehen bewahrt. Der Legende nach befindet es sich genau an dem Ort, an dem der Herr Moses im feurigen Dornbusch erschien und ihn aufforderte, die \u00abKinder Israels\u00bb aus \u00c4gypten in das Gelobte Land zu f\u00fchren. Dieser heilige Dornbusch wurde sp\u00e4ter einige Meter in den Innenhof des Klosters verlegt, und an seiner Stelle wurde die Verk\u00fcndigungskapelle errichtet, deren silberner Stern die Stelle markiert, an der die Wurzeln des Dornbuschs aus dem Boden ragten. Zweifellos werden Sie von der Sch\u00f6nheit und Erhabenheit dieser heiligen St\u00e4tten verzaubert sein.<\/p>\n<p>R\u00fcckkehr zum Hotel gegen 14:00 Uhr.<\/p>\n<p><strong>Inbegriffen:<\/strong><\/p>\n<ul>\n<li>Transfer vom Hotel und zur\u00fcck<\/li>\n<li>Alle Transfers auf der Strecke<\/li>\n<li>Englischsprachiger Reiseleiter<\/li>\n<li>Besichtigung des Klosters<\/li>\n<li>Taschenlampe<\/li>\n<\/ul>\n<p><strong>Nicht enthalten:<\/strong><\/p>\n<ul>\n<li>Fr\u00fchst\u00fcck<\/li>\n<li>Getr\u00e4nke<\/li>\n<li>Aufstieg und Abstieg vom Berg auf Kamelen - optional<\/li>\n<\/ul>\n<p><strong>Nimm mit:<\/strong><\/p>\n<ul>\n<li>Reisepass (Original) und eine Kopie des Reisepasses (1 Kopie).<\/li>\n<li>Fr\u00fchst\u00fcck zum Mitnehmen (bestellen Sie es am Tag vor der Abreise an der Rezeption Ihres Hotels, es ist kostenlos)<\/li>\n<li>Warme Kleidung<\/li>\n<li>Wir empfehlen, bei einem Besuch heiliger St\u00e4tten Kleidung zu tragen, die Schultern und Knie bedeckt. Der Besuch durch Frauen<\/li>\n<li>In Tempeln ist das Tragen von Hosen erlaubt. Frauen m\u00fcssen eine Kopfbedeckung oder ein Kopftuch tragen.<\/li>\n<li>Kamera, Fotoapparat<\/li>\n<li>Geld f\u00fcr: Getr\u00e4nkek\u00e4ufe, Souvenireink\u00e4ufe und pers\u00f6nliche Ausgaben.<\/li>\n<li>Sportschuhe<\/li>\n<li>Wasser trinken<\/li>\n<li>Sonnenbrille<\/li>\n<\/ul>","protected":false},"excerpt":{"rendered":"<p><strong>Tourzeit:<\/strong> 20:00 \u2014 14:00<\/p>\n<p><strong>Veranstaltungstage:<\/strong> Mittwoch, Freitag, Sonntag<\/p>","protected":false},"featured_media":51041,"template":"","meta":{"_kad_post_transparent":"default","_kad_post_title":"","_kad_post_layout":"default","_kad_post_sidebar_id":"","_kad_post_content_style":"default","_kad_post_vertical_padding":"default","_kad_post_feature":"","_kad_post_feature_position":"","_kad_post_header":false,"_kad_post_footer":false,"_kad_post_classname":"","_glsr_average":0,"_glsr_ranking":0,"_glsr_reviews":0},"product_brand":[],"product_cat":[435],"product_tag":[],"class_list":{"0":"post-24535","1":"product","2":"type-product","3":"status-publish","4":"has-post-thumbnail","6":"product_cat-sharm-el-sheikh","7":"tm-has-options","9":"first","10":"instock","11":"sale","12":"sold-individually","13":"taxable","14":"shipping-taxable","15":"purchasable","16":"product-type-simple","17":"entry","18":"content-bg","19":"loop-entry"},"yoast_head":"<!-- This site is optimized with the Yoast SEO plugin v27.4 - https:\/\/yoast.com\/product\/yoast-seo-wordpress\/ -->\n<title>\u0413\u043e\u0440\u0430 \u041c\u043e\u0438\u0441\u0435\u044f \u0438 \u043c\u043e\u043d\u0430\u0441\u0442\u044b\u0440\u044c \u0421\u0432\u044f\u0442\u043e\u0439 \u0415\u043a\u0430\u0442\u0435\u0440\u0438\u043d\u044b &#8226; \u042d\u043a\u0441\u043a\u0443\u0440\u0441\u0438\u0438 Skyline<\/title>\n<meta name=\"robots\" content=\"index, follow, max-snippet:-1, max-image-preview:large, max-video-preview:-1\" \/>\n<link rel=\"canonical\" href=\"http:\/\/skyline-gs.com\/de\/produkt\/mount-moses-and-st-catherine-s-monastery-sharm\/\" \/>\n<meta property=\"og:locale\" content=\"de_DE\" \/>\n<meta property=\"og:type\" content=\"article\" \/>\n<meta property=\"og:title\" content=\"\u0413\u043e\u0440\u0430 \u041c\u043e\u0438\u0441\u0435\u044f \u0438 \u043c\u043e\u043d\u0430\u0441\u0442\u044b\u0440\u044c \u0421\u0432\u044f\u0442\u043e\u0439 \u0415\u043a\u0430\u0442\u0435\u0440\u0438\u043d\u044b &#8226; \u042d\u043a\u0441\u043a\u0443\u0440\u0441\u0438\u0438 Skyline\" \/>\n<meta property=\"og:description\" content=\"\u0412\u0440\u0435\u043c\u044f \u0442\u0443\u0440\u0430: 20:00 - 14:00  \u0414\u043d\u0438 \u043f\u0440\u043e\u0432\u0435\u0434\u0435\u043d\u0438\u044f: \u0421\u0440\u0435\u0434\u0430, \u041f\u044f\u0442\u043d\u0438\u0446\u0430, \u0412\u043e\u0441\u043a\u0440\u0435\u0441\u0435\u043d\u044c\u0435\" \/>\n<meta property=\"og:url\" content=\"http:\/\/skyline-gs.com\/de\/produkt\/mount-moses-and-st-catherine-s-monastery-sharm\/\" \/>\n<meta property=\"og:site_name\" content=\"\u042d\u043a\u0441\u043a\u0443\u0440\u0441\u0438\u0438 Skyline\" \/>\n<meta property=\"article:modified_time\" content=\"2025-12-16T13:04:39+00:00\" \/>\n<meta property=\"og:image\" content=\"https:\/\/skyline-gs.com\/wp-content\/uploads\/2021\/06\/145-6.jpg\" \/>\n\t<meta property=\"og:image:width\" content=\"960\" \/>\n\t<meta property=\"og:image:height\" content=\"540\" \/>\n\t<meta property=\"og:image:type\" content=\"image\/jpeg\" \/>\n<meta name=\"twitter:card\" content=\"summary_large_image\" \/>\n<meta name=\"twitter:label1\" content=\"Gesch\u00e4tzte Lesezeit\" \/>\n\t<meta name=\"twitter:data1\" content=\"3\u00a0Minuten\" \/>\n<script type=\"application\/ld+json\" class=\"yoast-schema-graph\">{\"@context\":\"https:\\\/\\\/schema.org\",\"@graph\":[{\"@type\":\"WebPage\",\"@id\":\"http:\\\/\\\/skyline-gs.com\\\/it\\\/prodotto\\\/mount-moses-and-st-catherine-s-monastery-sharm\\\/\",\"url\":\"http:\\\/\\\/skyline-gs.com\\\/it\\\/prodotto\\\/mount-moses-and-st-catherine-s-monastery-sharm\\\/\",\"name\":\"\u0413\u043e\u0440\u0430 \u041c\u043e\u0438\u0441\u0435\u044f \u0438 \u043c\u043e\u043d\u0430\u0441\u0442\u044b\u0440\u044c \u0421\u0432\u044f\u0442\u043e\u0439 \u0415\u043a\u0430\u0442\u0435\u0440\u0438\u043d\u044b &#8226; \u042d\u043a\u0441\u043a\u0443\u0440\u0441\u0438\u0438 Skyline\",\"isPartOf\":{\"@id\":\"https:\\\/\\\/skyline-gs.com\\\/it\\\/#website\"},\"primaryImageOfPage\":{\"@id\":\"http:\\\/\\\/skyline-gs.com\\\/it\\\/prodotto\\\/mount-moses-and-st-catherine-s-monastery-sharm\\\/#primaryimage\"},\"image\":{\"@id\":\"http:\\\/\\\/skyline-gs.com\\\/it\\\/prodotto\\\/mount-moses-and-st-catherine-s-monastery-sharm\\\/#primaryimage\"},\"thumbnailUrl\":\"https:\\\/\\\/skyline-gs.com\\\/wp-content\\\/uploads\\\/2021\\\/06\\\/145-6.jpg\",\"datePublished\":\"2021-06-24T12:54:10+00:00\",\"dateModified\":\"2025-12-16T13:04:39+00:00\",\"breadcrumb\":{\"@id\":\"http:\\\/\\\/skyline-gs.com\\\/it\\\/prodotto\\\/mount-moses-and-st-catherine-s-monastery-sharm\\\/#breadcrumb\"},\"inLanguage\":\"de\",\"potentialAction\":[{\"@type\":\"ReadAction\",\"target\":[\"http:\\\/\\\/skyline-gs.com\\\/it\\\/prodotto\\\/mount-moses-and-st-catherine-s-monastery-sharm\\\/\"]}]},{\"@type\":\"ImageObject\",\"inLanguage\":\"de\",\"@id\":\"http:\\\/\\\/skyline-gs.com\\\/it\\\/prodotto\\\/mount-moses-and-st-catherine-s-monastery-sharm\\\/#primaryimage\",\"url\":\"https:\\\/\\\/skyline-gs.com\\\/wp-content\\\/uploads\\\/2021\\\/06\\\/145-6.jpg\",\"contentUrl\":\"https:\\\/\\\/skyline-gs.com\\\/wp-content\\\/uploads\\\/2021\\\/06\\\/145-6.jpg\",\"width\":960,\"height\":540},{\"@type\":\"BreadcrumbList\",\"@id\":\"http:\\\/\\\/skyline-gs.com\\\/it\\\/prodotto\\\/mount-moses-and-st-catherine-s-monastery-sharm\\\/#breadcrumb\",\"itemListElement\":[{\"@type\":\"ListItem\",\"position\":1,\"name\":\"\u0413\u043b\u0430\u0432\u043d\u0430\u044f \u0441\u0442\u0440\u0430\u043d\u0438\u0446\u0430\",\"item\":\"https:\\\/\\\/skyline-gs.com\\\/hu\\\/\"},{\"@type\":\"ListItem\",\"position\":2,\"name\":\"\u041c\u0430\u0433\u0430\u0437\u0438\u043d\",\"item\":\"https:\\\/\\\/skyline-gs.com\\\/cs\\\/shop\\\/\"},{\"@type\":\"ListItem\",\"position\":3,\"name\":\"\u0413\u043e\u0440\u0430 \u041c\u043e\u0438\u0441\u0435\u044f \u0438 \u043c\u043e\u043d\u0430\u0441\u0442\u044b\u0440\u044c \u0421\u0432\u044f\u0442\u043e\u0439 \u0415\u043a\u0430\u0442\u0435\u0440\u0438\u043d\u044b\"}]},{\"@type\":\"WebSite\",\"@id\":\"https:\\\/\\\/skyline-gs.com\\\/it\\\/#website\",\"url\":\"https:\\\/\\\/skyline-gs.com\\\/it\\\/\",\"name\":\"\u042d\u043a\u0441\u043a\u0443\u0440\u0441\u0438\u0438 Skyline\",\"description\":\"\u042d\u043a\u0441\u043a\u043b\u044e\u0437\u0438\u0432\u043d\u044b\u0435 \u044d\u043a\u0441\u043a\u0443\u0440\u0441\u0438\u0438 \u043d\u0430 \u043b\u0443\u0447\u0448\u0438\u0445 \u043a\u0443\u0440\u043e\u0440\u0442\u0430\u0445 \u043c\u0438\u0440\u0430\",\"publisher\":{\"@id\":\"https:\\\/\\\/skyline-gs.com\\\/it\\\/#organization\"},\"alternateName\":\"Skyline\",\"potentialAction\":[{\"@type\":\"SearchAction\",\"target\":{\"@type\":\"EntryPoint\",\"urlTemplate\":\"https:\\\/\\\/skyline-gs.com\\\/it\\\/?s={search_term_string}\"},\"query-input\":{\"@type\":\"PropertyValueSpecification\",\"valueRequired\":true,\"valueName\":\"search_term_string\"}}],\"inLanguage\":\"de\"},{\"@type\":\"Organization\",\"@id\":\"https:\\\/\\\/skyline-gs.com\\\/it\\\/#organization\",\"name\":\"\u042d\u043a\u0441\u043a\u0443\u0440\u0441\u0438\u0438 Skyline\",\"alternateName\":\"\u042d\u043a\u0441\u043a\u0443\u0440\u0441\u0438\u0438 Skyline\",\"url\":\"https:\\\/\\\/skyline-gs.com\\\/it\\\/\",\"logo\":{\"@type\":\"ImageObject\",\"inLanguage\":\"de\",\"@id\":\"https:\\\/\\\/skyline-gs.com\\\/it\\\/#\\\/schema\\\/logo\\\/image\\\/\",\"url\":\"https:\\\/\\\/skyline-gs.com\\\/wp-content\\\/uploads\\\/2020\\\/12\\\/cropped-logo-2.png\",\"contentUrl\":\"https:\\\/\\\/skyline-gs.com\\\/wp-content\\\/uploads\\\/2020\\\/12\\\/cropped-logo-2.png\",\"width\":512,\"height\":512,\"caption\":\"\u042d\u043a\u0441\u043a\u0443\u0440\u0441\u0438\u0438 Skyline\"},\"image\":{\"@id\":\"https:\\\/\\\/skyline-gs.com\\\/it\\\/#\\\/schema\\\/logo\\\/image\\\/\"},\"sameAs\":[\"https:\\\/\\\/www.instagram.com\\\/skylineglobalservice\\\/\"]}]}<\/script>\n<!-- \/ Yoast SEO plugin. -->","yoast_head_json":{"title":"Berg Moses und Katharinenkloster - Skyline Excursions","robots":{"index":"index","follow":"follow","max-snippet":"max-snippet:-1","max-image-preview":"max-image-preview:large","max-video-preview":"max-video-preview:-1"},"canonical":"http:\/\/skyline-gs.com\/de\/produkt\/mount-moses-and-st-catherine-s-monastery-sharm\/","og_locale":"de_DE","og_type":"article","og_title":"\u0413\u043e\u0440\u0430 \u041c\u043e\u0438\u0441\u0435\u044f \u0438 \u043c\u043e\u043d\u0430\u0441\u0442\u044b\u0440\u044c \u0421\u0432\u044f\u0442\u043e\u0439 \u0415\u043a\u0430\u0442\u0435\u0440\u0438\u043d\u044b &#8226; \u042d\u043a\u0441\u043a\u0443\u0440\u0441\u0438\u0438 Skyline","og_description":"\u0412\u0440\u0435\u043c\u044f \u0442\u0443\u0440\u0430: 20:00 - 14:00  \u0414\u043d\u0438 \u043f\u0440\u043e\u0432\u0435\u0434\u0435\u043d\u0438\u044f: \u0421\u0440\u0435\u0434\u0430, \u041f\u044f\u0442\u043d\u0438\u0446\u0430, \u0412\u043e\u0441\u043a\u0440\u0435\u0441\u0435\u043d\u044c\u0435","og_url":"http:\/\/skyline-gs.com\/de\/produkt\/mount-moses-and-st-catherine-s-monastery-sharm\/","og_site_name":"\u042d\u043a\u0441\u043a\u0443\u0440\u0441\u0438\u0438 Skyline","article_modified_time":"2025-12-16T13:04:39+00:00","og_image":[{"width":960,"height":540,"url":"https:\/\/skyline-gs.com\/wp-content\/uploads\/2021\/06\/145-6.jpg","type":"image\/jpeg"}],"twitter_card":"summary_large_image","twitter_misc":{"Gesch\u00e4tzte Lesezeit":"3\u00a0Minuten"},"schema":{"@context":"https:\/\/schema.org","@graph":[{"@type":"WebPage","@id":"http:\/\/skyline-gs.com\/it\/prodotto\/mount-moses-and-st-catherine-s-monastery-sharm\/","url":"http:\/\/skyline-gs.com\/it\/prodotto\/mount-moses-and-st-catherine-s-monastery-sharm\/","name":"Berg Moses und Katharinenkloster - Skyline Excursions","isPartOf":{"@id":"https:\/\/skyline-gs.com\/it\/#website"},"primaryImageOfPage":{"@id":"http:\/\/skyline-gs.com\/it\/prodotto\/mount-moses-and-st-catherine-s-monastery-sharm\/#primaryimage"},"image":{"@id":"http:\/\/skyline-gs.com\/it\/prodotto\/mount-moses-and-st-catherine-s-monastery-sharm\/#primaryimage"},"thumbnailUrl":"https:\/\/skyline-gs.com\/wp-content\/uploads\/2021\/06\/145-6.jpg","datePublished":"2021-06-24T12:54:10+00:00","dateModified":"2025-12-16T13:04:39+00:00","breadcrumb":{"@id":"http:\/\/skyline-gs.com\/it\/prodotto\/mount-moses-and-st-catherine-s-monastery-sharm\/#breadcrumb"},"inLanguage":"de","potentialAction":[{"@type":"ReadAction","target":["http:\/\/skyline-gs.com\/it\/prodotto\/mount-moses-and-st-catherine-s-monastery-sharm\/"]}]},{"@type":"ImageObject","inLanguage":"de","@id":"http:\/\/skyline-gs.com\/it\/prodotto\/mount-moses-and-st-catherine-s-monastery-sharm\/#primaryimage","url":"https:\/\/skyline-gs.com\/wp-content\/uploads\/2021\/06\/145-6.jpg","contentUrl":"https:\/\/skyline-gs.com\/wp-content\/uploads\/2021\/06\/145-6.jpg","width":960,"height":540},{"@type":"BreadcrumbList","@id":"http:\/\/skyline-gs.com\/it\/prodotto\/mount-moses-and-st-catherine-s-monastery-sharm\/#breadcrumb","itemListElement":[{"@type":"ListItem","position":1,"name":"\u0413\u043b\u0430\u0432\u043d\u0430\u044f \u0441\u0442\u0440\u0430\u043d\u0438\u0446\u0430","item":"https:\/\/skyline-gs.com\/hu\/"},{"@type":"ListItem","position":2,"name":"\u041c\u0430\u0433\u0430\u0437\u0438\u043d","item":"https:\/\/skyline-gs.com\/cs\/shop\/"},{"@type":"ListItem","position":3,"name":"\u0413\u043e\u0440\u0430 \u041c\u043e\u0438\u0441\u0435\u044f \u0438 \u043c\u043e\u043d\u0430\u0441\u0442\u044b\u0440\u044c \u0421\u0432\u044f\u0442\u043e\u0439 \u0415\u043a\u0430\u0442\u0435\u0440\u0438\u043d\u044b"}]},{"@type":"WebSite","@id":"https:\/\/skyline-gs.com\/it\/#website","url":"https:\/\/skyline-gs.com\/it\/","name":"Skyline Ausfl\u00fcge","description":"Exklusive Ausfl\u00fcge in den besten Resorts der Welt","publisher":{"@id":"https:\/\/skyline-gs.com\/it\/#organization"},"alternateName":"Skyline","potentialAction":[{"@type":"SearchAction","target":{"@type":"EntryPoint","urlTemplate":"https:\/\/skyline-gs.com\/it\/?s={search_term_string}"},"query-input":{"@type":"PropertyValueSpecification","valueRequired":true,"valueName":"search_term_string"}}],"inLanguage":"de"},{"@type":"Organization","@id":"https:\/\/skyline-gs.com\/it\/#organization","name":"Skyline Ausfl\u00fcge","alternateName":"\u042d\u043a\u0441\u043a\u0443\u0440\u0441\u0438\u0438 Skyline","url":"https:\/\/skyline-gs.com\/it\/","logo":{"@type":"ImageObject","inLanguage":"de","@id":"https:\/\/skyline-gs.com\/it\/#\/schema\/logo\/image\/","url":"https:\/\/skyline-gs.com\/wp-content\/uploads\/2020\/12\/cropped-logo-2.png","contentUrl":"https:\/\/skyline-gs.com\/wp-content\/uploads\/2020\/12\/cropped-logo-2.png","width":512,"height":512,"caption":"\u042d\u043a\u0441\u043a\u0443\u0440\u0441\u0438\u0438 Skyline"},"image":{"@id":"https:\/\/skyline-gs.com\/it\/#\/schema\/logo\/image\/"},"sameAs":["https:\/\/www.instagram.com\/skylineglobalservice\/"]}]}},"_links":{"self":[{"href":"https:\/\/skyline-gs.com\/de\/wp-json\/wp\/v2\/product\/24535","targetHints":{"allow":["GET"]}}],"collection":[{"href":"https:\/\/skyline-gs.com\/de\/wp-json\/wp\/v2\/product"}],"about":[{"href":"https:\/\/skyline-gs.com\/de\/wp-json\/wp\/v2\/types\/product"}],"version-history":[{"count":0,"href":"https:\/\/skyline-gs.com\/de\/wp-json\/wp\/v2\/product\/24535\/revisions"}],"wp:featuredmedia":[{"embeddable":true,"href":"https:\/\/skyline-gs.com\/de\/wp-json\/wp\/v2\/media\/51041"}],"wp:attachment":[{"href":"https:\/\/skyline-gs.com\/de\/wp-json\/wp\/v2\/media?parent=24535"}],"wp:term":[{"taxonomy":"product_brand","embeddable":true,"href":"https:\/\/skyline-gs.com\/de\/wp-json\/wp\/v2\/product_brand?post=24535"},{"taxonomy":"product_cat","embeddable":true,"href":"https:\/\/skyline-gs.com\/de\/wp-json\/wp\/v2\/product_cat?post=24535"},{"taxonomy":"product_tag","embeddable":true,"href":"https:\/\/skyline-gs.com\/de\/wp-json\/wp\/v2\/product_tag?post=24535"}],"curies":[{"name":"wp","href":"https:\/\/api.w.org\/{rel}","templated":true}]}}