{"id":24424,"date":"2021-06-23T21:21:19","date_gmt":"2021-06-23T19:21:19","guid":{"rendered":"http:\/\/skyline-gs.com\/?post_type=product&#038;p=24424"},"modified":"2025-12-02T00:57:51","modified_gmt":"2025-12-01T22:57:51","slug":"dinner-and-disco-pirate-yacht-sharm","status":"publish","type":"product","link":"https:\/\/skyline-gs.com\/de\/product\/dinner-and-disco-pirate-yacht-sharm\/","title":{"rendered":"Abendliche Kreuzfahrt mit Abendessen auf einem Piratenschiff"},"content":{"rendered":"<p>Abendsegelboot - Abendlichter der K\u00fcste von Scharm El-Scheich von Deck eines luxuri\u00f6sen Segelboots aus, faszinierende Reflexionen auf den Wellen, der Sternenhimmel, ein k\u00f6stliches Abendessen und ein abwechslungsreiches Unterhaltungsprogramm! All das erwartet Sie auf der Abendkreuzfahrt mit dem Piratenschiff \"M\u00e4rchen aus Sinai.\"<\/p>\n<p>Wir werden Sie gegen 18:00 Uhr mit einem klimatisierten Kleinbus vom Hotel in Scharm El-Scheich abholen! Eine abendliche Segelyacht, mitten auf dem offenen Meer, begleitet von angenehmer Musik, mit einer unvergesslichen Show und einem k\u00f6stlichen Abendessen - diese Reise eignet sich sowohl f\u00fcr verliebte Paare als auch f\u00fcr einfach Freunde oder Menschen, die unvergessliche Eindr\u00fccke von Erholung und Vergn\u00fcgen in romantischer Atmosph\u00e4re suchen, bei einem abendlichen Seespaziergang. Eine Segelyacht ist eine hervorragende Option, um bedeutende Lebensereignisse im Kreis von Freunden zu feiern: Geburtstag, Hochzeitstag oder Verlobung.<\/p>\n<p>Eine faszinierende Show, an der Sie teilnehmen werden! Eine Folkloregruppe mit mitrei\u00dfenden nationalen T\u00e4nzen, fesselnde Darbietungen von Zauberk\u00fcnstlern, ein atemberaubender M\u00e4nner-Tanz mit R\u00f6cken und Trommeln \"Tanura\" sowie ein bezaubernder Bauchtanz von einer orientalischen Sch\u00f6nheit (das Programm kann variieren). Eine Segelyacht, eine entspannte Atmosph\u00e4re und eine atemberaubende Aussicht werden einen perfekten Geschmack zu Ihrem Essen hinzuf\u00fcgen! Ein k\u00f6stliches Abendessen mit Meeresfr\u00fcchten, Fleischgerichten, H\u00fchnchen, vielf\u00e4ltigen Beilagen, Gem\u00fcse und Obst erwartet Sie. Nichtalkoholische Getr\u00e4nke (au\u00dfer frisch gepressten S\u00e4ften und t\u00fcrkischem Kaffee) sind im Preis inbegriffen.<br \/>\n\u041f\u043e\u0441\u043b\u0435\u0434\u043d\u044f\u044f \u0447\u0430\u0441\u0442\u044c \u043f\u0440\u043e\u0433\u0440\u0430\u043c\u043c\u044b \u2014 \u044d\u0442\u043e \u0414\u0438\u0441\u043a\u043e\u0442\u0435\u043a\u0430! \u0422\u0430\u043d\u0446\u0443\u0439, \u043a\u0430\u043a \u043d\u0438\u043a\u0442\u043e \u043d\u0435 \u0441\u043c\u043e\u0442\u0440\u0438\u0442, \u0442\u0430\u043d\u0446\u0443\u0439 \u0434\u043e \u0443\u043f\u0430\u0434\u0430! \u0411\u043b\u0430\u0433\u043e\u0434\u0430\u0440\u044f \u043f\u0443\u043b\u044c\u0441\u0438\u0440\u0443\u044e\u0449\u0438\u043c \u0437\u0432\u0443\u043a\u0430\u043c, \u043e\u0442 \u0441\u0430\u043c\u044b\u0445 \u0433\u043e\u0440\u044f\u0447\u0438\u0445 \u0434\u0438\u0434\u0436\u0435\u0435\u0432 \u0438 \u043c\u0443\u0437\u044b\u043a\u0430\u043b\u044c\u043d\u044b\u0445 \u043c\u0438\u043a\u0441\u043e\u0432, \u044f\u0445\u0442\u0430 \u00ab\u041c\u0435\u0447\u0442\u0430 \u0441\u0438\u043d\u0430\u044f\u00bb \u2014 \u044d\u0442\u043e \u0443\u043d\u0438\u043a\u0430\u043b\u044c\u043d\u044b\u0439 \u043d\u043e\u0447\u043d\u043e\u0439 \u043a\u043b\u0443\u0431 \u0434\u043b\u044f \u043b\u0435\u0434\u0438 \u0438 \u0434\u0436\u0435\u043d\u0442\u0435\u043b\u044c\u043c\u0435\u043d\u043e\u0432, \u043b\u044e\u0431\u044b\u0445 \u0432\u043e\u0437\u0440\u0430\u0441\u0442\u043e\u0432. \u041e\u043a\u043e\u043b\u043e 22:00, \u043f\u0440\u043e\u0432\u0435\u0434\u044f \u043f\u0440\u0435\u043a\u0440\u0430\u0441\u043d\u044b\u0439 \u0432\u0435\u0447\u0435\u0440, \u0412\u044b \u0432\u0435\u0440\u043d\u0451\u0442\u0435\u0441\u044c \u043e\u0431\u0440\u0430\u0442\u043d\u043e \u0432 \u043e\u0442\u0435\u043b\u044c.<\/p>\n<p><strong>Inbegriffen:<\/strong><\/p>\n<ul>\n<li>Transfer vom Hotel und zur\u00fcck<\/li>\n<li>Abendessen mit Meeresfr\u00fcchten<\/li>\n<li>Showprogramm und Diskothek<\/li>\n<\/ul>\n<p><strong>Nicht enthalten:<\/strong><\/p>\n<ul>\n<li>Getr\u00e4nke (1-3 \u20ac)<\/li>\n<li>Fotos, die vom Fotografen gemacht wurden<\/li>\n<li>Frisch gepresste S\u00e4fte, t\u00fcrkischer Kaffee<\/li>\n<\/ul>\n<p><strong>Nimm mit:<\/strong><\/p>\n<ul>\n<li>Reichen Sie die Passfotos bei der Buchung ein und f\u00fchren Sie Kopien oder Fotos der P\u00e4sse auf Ihrem Telefon mit sich.<\/li>\n<li>Warme Kleidung f\u00fcr Herbst-Winter-Fr\u00fchling<\/li>\n<li>Geld f\u00fcr pers\u00f6nliche Ausgaben<\/li>\n<li>Gute Laune!<\/li>\n<\/ul>","protected":false},"excerpt":{"rendered":"<p><strong>Tourzeit:<\/strong> 18:00 \u2014 22:00<\/p>\n<p><strong>Veranstaltungstage:<\/strong> Dienstag, Donnerstag, Samstag und Sonntag<\/p>","protected":false},"featured_media":29879,"template":"","meta":{"_kad_post_transparent":"default","_kad_post_title":"","_kad_post_layout":"default","_kad_post_sidebar_id":"","_kad_post_content_style":"default","_kad_post_vertical_padding":"default","_kad_post_feature":"","_kad_post_feature_position":"","_kad_post_header":false,"_kad_post_footer":false,"_kad_post_classname":"","_glsr_average":0,"_glsr_ranking":0,"_glsr_reviews":0},"product_brand":[],"product_cat":[435],"product_tag":[],"class_list":{"0":"post-24424","1":"product","2":"type-product","3":"status-publish","4":"has-post-thumbnail","6":"product_cat-sharm-el-sheikh","7":"tm-has-options","9":"first","10":"instock","11":"sold-individually","12":"taxable","13":"shipping-taxable","14":"purchasable","15":"product-type-simple","16":"entry","17":"content-bg","18":"loop-entry"},"yoast_head":"<!-- This site is optimized with the Yoast SEO plugin v27.3 - https:\/\/yoast.com\/product\/yoast-seo-wordpress\/ -->\n<title>\u0412\u0435\u0447\u0435\u0440\u043d\u0438\u0439 \u043a\u0440\u0443\u0438\u0437 \u0441 \u0443\u0436\u0438\u043d\u043e\u043c \u043d\u0430 \u043f\u0438\u0440\u0430\u0442\u0441\u043a\u043e\u043c \u043a\u043e\u0440\u0430\u0431\u043b\u0435 &#8226; \u042d\u043a\u0441\u043a\u0443\u0440\u0441\u0438\u0438 Skyline<\/title>\n<meta name=\"robots\" content=\"index, follow, max-snippet:-1, max-image-preview:large, max-video-preview:-1\" \/>\n<link rel=\"canonical\" href=\"https:\/\/skyline-gs.com\/de\/produkt\/dinner-and-disco-pirate-yacht-sharm\/\" \/>\n<meta property=\"og:locale\" content=\"de_DE\" \/>\n<meta property=\"og:type\" content=\"article\" \/>\n<meta property=\"og:title\" content=\"\u0412\u0435\u0447\u0435\u0440\u043d\u0438\u0439 \u043a\u0440\u0443\u0438\u0437 \u0441 \u0443\u0436\u0438\u043d\u043e\u043c \u043d\u0430 \u043f\u0438\u0440\u0430\u0442\u0441\u043a\u043e\u043c \u043a\u043e\u0440\u0430\u0431\u043b\u0435 &#8226; \u042d\u043a\u0441\u043a\u0443\u0440\u0441\u0438\u0438 Skyline\" \/>\n<meta property=\"og:description\" content=\"\u0412\u0440\u0435\u043c\u044f \u0442\u0443\u0440\u0430: 18:00 - 22:00  \u0414\u043d\u0438 \u043f\u0440\u043e\u0432\u0435\u0434\u0435\u043d\u0438\u044f: \u0432\u0442\u043e\u0440\u043d\u0438\u043a, \u0447\u0435\u0442\u0432\u0435\u0440\u0433, \u0441\u0443\u0431\u0431\u043e\u0442\u0430 \u0438 \u0432\u043e\u0441\u043a\u0440\u0435\u0441\u0435\u043d\u044c\u0435\" \/>\n<meta property=\"og:url\" content=\"https:\/\/skyline-gs.com\/de\/produkt\/dinner-and-disco-pirate-yacht-sharm\/\" \/>\n<meta property=\"og:site_name\" content=\"\u042d\u043a\u0441\u043a\u0443\u0440\u0441\u0438\u0438 Skyline\" \/>\n<meta property=\"article:modified_time\" content=\"2025-12-01T22:57:51+00:00\" \/>\n<meta property=\"og:image\" content=\"https:\/\/skyline-gs.com\/wp-content\/uploads\/2021\/06\/f1-4.jpg\" \/>\n\t<meta property=\"og:image:width\" content=\"669\" \/>\n\t<meta property=\"og:image:height\" content=\"446\" \/>\n\t<meta property=\"og:image:type\" content=\"image\/jpeg\" \/>\n<meta name=\"twitter:card\" content=\"summary_large_image\" \/>\n<meta name=\"twitter:label1\" content=\"Gesch\u00e4tzte Lesezeit\" \/>\n\t<meta name=\"twitter:data1\" content=\"2\u00a0Minuten\" \/>\n<script type=\"application\/ld+json\" class=\"yoast-schema-graph\">{\"@context\":\"https:\\\/\\\/schema.org\",\"@graph\":[{\"@type\":\"WebPage\",\"@id\":\"https:\\\/\\\/skyline-gs.com\\\/product\\\/dinner-and-disco-pirate-yacht-sharm\\\/\",\"url\":\"https:\\\/\\\/skyline-gs.com\\\/product\\\/dinner-and-disco-pirate-yacht-sharm\\\/\",\"name\":\"\u0412\u0435\u0447\u0435\u0440\u043d\u0438\u0439 \u043a\u0440\u0443\u0438\u0437 \u0441 \u0443\u0436\u0438\u043d\u043e\u043c \u043d\u0430 \u043f\u0438\u0440\u0430\u0442\u0441\u043a\u043e\u043c \u043a\u043e\u0440\u0430\u0431\u043b\u0435 &#8226; \u042d\u043a\u0441\u043a\u0443\u0440\u0441\u0438\u0438 Skyline\",\"isPartOf\":{\"@id\":\"https:\\\/\\\/skyline-gs.com\\\/it\\\/#website\"},\"primaryImageOfPage\":{\"@id\":\"https:\\\/\\\/skyline-gs.com\\\/product\\\/dinner-and-disco-pirate-yacht-sharm\\\/#primaryimage\"},\"image\":{\"@id\":\"https:\\\/\\\/skyline-gs.com\\\/product\\\/dinner-and-disco-pirate-yacht-sharm\\\/#primaryimage\"},\"thumbnailUrl\":\"https:\\\/\\\/skyline-gs.com\\\/wp-content\\\/uploads\\\/2021\\\/06\\\/f1-4.jpg\",\"datePublished\":\"2021-06-23T19:21:19+00:00\",\"dateModified\":\"2025-12-01T22:57:51+00:00\",\"breadcrumb\":{\"@id\":\"https:\\\/\\\/skyline-gs.com\\\/product\\\/dinner-and-disco-pirate-yacht-sharm\\\/#breadcrumb\"},\"inLanguage\":\"de\",\"potentialAction\":[{\"@type\":\"ReadAction\",\"target\":[\"https:\\\/\\\/skyline-gs.com\\\/product\\\/dinner-and-disco-pirate-yacht-sharm\\\/\"]}]},{\"@type\":\"ImageObject\",\"inLanguage\":\"de\",\"@id\":\"https:\\\/\\\/skyline-gs.com\\\/product\\\/dinner-and-disco-pirate-yacht-sharm\\\/#primaryimage\",\"url\":\"https:\\\/\\\/skyline-gs.com\\\/wp-content\\\/uploads\\\/2021\\\/06\\\/f1-4.jpg\",\"contentUrl\":\"https:\\\/\\\/skyline-gs.com\\\/wp-content\\\/uploads\\\/2021\\\/06\\\/f1-4.jpg\",\"width\":669,\"height\":446},{\"@type\":\"BreadcrumbList\",\"@id\":\"https:\\\/\\\/skyline-gs.com\\\/product\\\/dinner-and-disco-pirate-yacht-sharm\\\/#breadcrumb\",\"itemListElement\":[{\"@type\":\"ListItem\",\"position\":1,\"name\":\"\u0413\u043b\u0430\u0432\u043d\u0430\u044f \u0441\u0442\u0440\u0430\u043d\u0438\u0446\u0430\",\"item\":\"https:\\\/\\\/skyline-gs.com\\\/hu\\\/\"},{\"@type\":\"ListItem\",\"position\":2,\"name\":\"\u041c\u0430\u0433\u0430\u0437\u0438\u043d\",\"item\":\"https:\\\/\\\/skyline-gs.com\\\/cs\\\/shop\\\/\"},{\"@type\":\"ListItem\",\"position\":3,\"name\":\"\u0412\u0435\u0447\u0435\u0440\u043d\u0438\u0439 \u043a\u0440\u0443\u0438\u0437 \u0441 \u0443\u0436\u0438\u043d\u043e\u043c \u043d\u0430 \u043f\u0438\u0440\u0430\u0442\u0441\u043a\u043e\u043c \u043a\u043e\u0440\u0430\u0431\u043b\u0435\"}]},{\"@type\":\"WebSite\",\"@id\":\"https:\\\/\\\/skyline-gs.com\\\/it\\\/#website\",\"url\":\"https:\\\/\\\/skyline-gs.com\\\/it\\\/\",\"name\":\"\u042d\u043a\u0441\u043a\u0443\u0440\u0441\u0438\u0438 Skyline\",\"description\":\"\u042d\u043a\u0441\u043a\u043b\u044e\u0437\u0438\u0432\u043d\u044b\u0435 \u044d\u043a\u0441\u043a\u0443\u0440\u0441\u0438\u0438 \u043d\u0430 \u043b\u0443\u0447\u0448\u0438\u0445 \u043a\u0443\u0440\u043e\u0440\u0442\u0430\u0445 \u043c\u0438\u0440\u0430\",\"publisher\":{\"@id\":\"https:\\\/\\\/skyline-gs.com\\\/it\\\/#organization\"},\"alternateName\":\"Skyline\",\"potentialAction\":[{\"@type\":\"SearchAction\",\"target\":{\"@type\":\"EntryPoint\",\"urlTemplate\":\"https:\\\/\\\/skyline-gs.com\\\/it\\\/?s={search_term_string}\"},\"query-input\":{\"@type\":\"PropertyValueSpecification\",\"valueRequired\":true,\"valueName\":\"search_term_string\"}}],\"inLanguage\":\"de\"},{\"@type\":\"Organization\",\"@id\":\"https:\\\/\\\/skyline-gs.com\\\/it\\\/#organization\",\"name\":\"\u042d\u043a\u0441\u043a\u0443\u0440\u0441\u0438\u0438 Skyline\",\"alternateName\":\"\u042d\u043a\u0441\u043a\u0443\u0440\u0441\u0438\u0438 Skyline\",\"url\":\"https:\\\/\\\/skyline-gs.com\\\/it\\\/\",\"logo\":{\"@type\":\"ImageObject\",\"inLanguage\":\"de\",\"@id\":\"https:\\\/\\\/skyline-gs.com\\\/it\\\/#\\\/schema\\\/logo\\\/image\\\/\",\"url\":\"https:\\\/\\\/skyline-gs.com\\\/wp-content\\\/uploads\\\/2020\\\/12\\\/cropped-logo-2.png\",\"contentUrl\":\"https:\\\/\\\/skyline-gs.com\\\/wp-content\\\/uploads\\\/2020\\\/12\\\/cropped-logo-2.png\",\"width\":512,\"height\":512,\"caption\":\"\u042d\u043a\u0441\u043a\u0443\u0440\u0441\u0438\u0438 Skyline\"},\"image\":{\"@id\":\"https:\\\/\\\/skyline-gs.com\\\/it\\\/#\\\/schema\\\/logo\\\/image\\\/\"},\"sameAs\":[\"https:\\\/\\\/www.instagram.com\\\/skylineglobalservice\\\/\"]}]}<\/script>\n<!-- \/ Yoast SEO plugin. -->","yoast_head_json":{"title":"\u0412\u0435\u0447\u0435\u0440\u043d\u0438\u0439 \u043a\u0440\u0443\u0438\u0437 \u0441 \u0443\u0436\u0438\u043d\u043e\u043c \u043d\u0430 \u043f\u0438\u0440\u0430\u0442\u0441\u043a\u043e\u043c \u043a\u043e\u0440\u0430\u0431\u043b\u0435 &#8226; \u042d\u043a\u0441\u043a\u0443\u0440\u0441\u0438\u0438 Skyline","robots":{"index":"index","follow":"follow","max-snippet":"max-snippet:-1","max-image-preview":"max-image-preview:large","max-video-preview":"max-video-preview:-1"},"canonical":"https:\/\/skyline-gs.com\/de\/produkt\/dinner-and-disco-pirate-yacht-sharm\/","og_locale":"de_DE","og_type":"article","og_title":"\u0412\u0435\u0447\u0435\u0440\u043d\u0438\u0439 \u043a\u0440\u0443\u0438\u0437 \u0441 \u0443\u0436\u0438\u043d\u043e\u043c \u043d\u0430 \u043f\u0438\u0440\u0430\u0442\u0441\u043a\u043e\u043c \u043a\u043e\u0440\u0430\u0431\u043b\u0435 &#8226; \u042d\u043a\u0441\u043a\u0443\u0440\u0441\u0438\u0438 Skyline","og_description":"\u0412\u0440\u0435\u043c\u044f \u0442\u0443\u0440\u0430: 18:00 - 22:00  \u0414\u043d\u0438 \u043f\u0440\u043e\u0432\u0435\u0434\u0435\u043d\u0438\u044f: \u0432\u0442\u043e\u0440\u043d\u0438\u043a, \u0447\u0435\u0442\u0432\u0435\u0440\u0433, \u0441\u0443\u0431\u0431\u043e\u0442\u0430 \u0438 \u0432\u043e\u0441\u043a\u0440\u0435\u0441\u0435\u043d\u044c\u0435","og_url":"https:\/\/skyline-gs.com\/de\/produkt\/dinner-and-disco-pirate-yacht-sharm\/","og_site_name":"\u042d\u043a\u0441\u043a\u0443\u0440\u0441\u0438\u0438 Skyline","article_modified_time":"2025-12-01T22:57:51+00:00","og_image":[{"width":669,"height":446,"url":"https:\/\/skyline-gs.com\/wp-content\/uploads\/2021\/06\/f1-4.jpg","type":"image\/jpeg"}],"twitter_card":"summary_large_image","twitter_misc":{"Gesch\u00e4tzte Lesezeit":"2\u00a0Minuten"},"schema":{"@context":"https:\/\/schema.org","@graph":[{"@type":"WebPage","@id":"https:\/\/skyline-gs.com\/product\/dinner-and-disco-pirate-yacht-sharm\/","url":"https:\/\/skyline-gs.com\/product\/dinner-and-disco-pirate-yacht-sharm\/","name":"\u0412\u0435\u0447\u0435\u0440\u043d\u0438\u0439 \u043a\u0440\u0443\u0438\u0437 \u0441 \u0443\u0436\u0438\u043d\u043e\u043c \u043d\u0430 \u043f\u0438\u0440\u0430\u0442\u0441\u043a\u043e\u043c \u043a\u043e\u0440\u0430\u0431\u043b\u0435 &#8226; \u042d\u043a\u0441\u043a\u0443\u0440\u0441\u0438\u0438 Skyline","isPartOf":{"@id":"https:\/\/skyline-gs.com\/it\/#website"},"primaryImageOfPage":{"@id":"https:\/\/skyline-gs.com\/product\/dinner-and-disco-pirate-yacht-sharm\/#primaryimage"},"image":{"@id":"https:\/\/skyline-gs.com\/product\/dinner-and-disco-pirate-yacht-sharm\/#primaryimage"},"thumbnailUrl":"https:\/\/skyline-gs.com\/wp-content\/uploads\/2021\/06\/f1-4.jpg","datePublished":"2021-06-23T19:21:19+00:00","dateModified":"2025-12-01T22:57:51+00:00","breadcrumb":{"@id":"https:\/\/skyline-gs.com\/product\/dinner-and-disco-pirate-yacht-sharm\/#breadcrumb"},"inLanguage":"de","potentialAction":[{"@type":"ReadAction","target":["https:\/\/skyline-gs.com\/product\/dinner-and-disco-pirate-yacht-sharm\/"]}]},{"@type":"ImageObject","inLanguage":"de","@id":"https:\/\/skyline-gs.com\/product\/dinner-and-disco-pirate-yacht-sharm\/#primaryimage","url":"https:\/\/skyline-gs.com\/wp-content\/uploads\/2021\/06\/f1-4.jpg","contentUrl":"https:\/\/skyline-gs.com\/wp-content\/uploads\/2021\/06\/f1-4.jpg","width":669,"height":446},{"@type":"BreadcrumbList","@id":"https:\/\/skyline-gs.com\/product\/dinner-and-disco-pirate-yacht-sharm\/#breadcrumb","itemListElement":[{"@type":"ListItem","position":1,"name":"\u0413\u043b\u0430\u0432\u043d\u0430\u044f \u0441\u0442\u0440\u0430\u043d\u0438\u0446\u0430","item":"https:\/\/skyline-gs.com\/hu\/"},{"@type":"ListItem","position":2,"name":"\u041c\u0430\u0433\u0430\u0437\u0438\u043d","item":"https:\/\/skyline-gs.com\/cs\/shop\/"},{"@type":"ListItem","position":3,"name":"\u0412\u0435\u0447\u0435\u0440\u043d\u0438\u0439 \u043a\u0440\u0443\u0438\u0437 \u0441 \u0443\u0436\u0438\u043d\u043e\u043c \u043d\u0430 \u043f\u0438\u0440\u0430\u0442\u0441\u043a\u043e\u043c \u043a\u043e\u0440\u0430\u0431\u043b\u0435"}]},{"@type":"WebSite","@id":"https:\/\/skyline-gs.com\/it\/#website","url":"https:\/\/skyline-gs.com\/it\/","name":"Skyline Ausfl\u00fcge","description":"Exklusive Ausfl\u00fcge in den besten Resorts der Welt","publisher":{"@id":"https:\/\/skyline-gs.com\/it\/#organization"},"alternateName":"Skyline","potentialAction":[{"@type":"SearchAction","target":{"@type":"EntryPoint","urlTemplate":"https:\/\/skyline-gs.com\/it\/?s={search_term_string}"},"query-input":{"@type":"PropertyValueSpecification","valueRequired":true,"valueName":"search_term_string"}}],"inLanguage":"de"},{"@type":"Organization","@id":"https:\/\/skyline-gs.com\/it\/#organization","name":"Skyline Ausfl\u00fcge","alternateName":"\u042d\u043a\u0441\u043a\u0443\u0440\u0441\u0438\u0438 Skyline","url":"https:\/\/skyline-gs.com\/it\/","logo":{"@type":"ImageObject","inLanguage":"de","@id":"https:\/\/skyline-gs.com\/it\/#\/schema\/logo\/image\/","url":"https:\/\/skyline-gs.com\/wp-content\/uploads\/2020\/12\/cropped-logo-2.png","contentUrl":"https:\/\/skyline-gs.com\/wp-content\/uploads\/2020\/12\/cropped-logo-2.png","width":512,"height":512,"caption":"\u042d\u043a\u0441\u043a\u0443\u0440\u0441\u0438\u0438 Skyline"},"image":{"@id":"https:\/\/skyline-gs.com\/it\/#\/schema\/logo\/image\/"},"sameAs":["https:\/\/www.instagram.com\/skylineglobalservice\/"]}]}},"_links":{"self":[{"href":"https:\/\/skyline-gs.com\/de\/wp-json\/wp\/v2\/product\/24424","targetHints":{"allow":["GET"]}}],"collection":[{"href":"https:\/\/skyline-gs.com\/de\/wp-json\/wp\/v2\/product"}],"about":[{"href":"https:\/\/skyline-gs.com\/de\/wp-json\/wp\/v2\/types\/product"}],"version-history":[{"count":0,"href":"https:\/\/skyline-gs.com\/de\/wp-json\/wp\/v2\/product\/24424\/revisions"}],"wp:featuredmedia":[{"embeddable":true,"href":"https:\/\/skyline-gs.com\/de\/wp-json\/wp\/v2\/media\/29879"}],"wp:attachment":[{"href":"https:\/\/skyline-gs.com\/de\/wp-json\/wp\/v2\/media?parent=24424"}],"wp:term":[{"taxonomy":"product_brand","embeddable":true,"href":"https:\/\/skyline-gs.com\/de\/wp-json\/wp\/v2\/product_brand?post=24424"},{"taxonomy":"product_cat","embeddable":true,"href":"https:\/\/skyline-gs.com\/de\/wp-json\/wp\/v2\/product_cat?post=24424"},{"taxonomy":"product_tag","embeddable":true,"href":"https:\/\/skyline-gs.com\/de\/wp-json\/wp\/v2\/product_tag?post=24424"}],"curies":[{"name":"wp","href":"https:\/\/api.w.org\/{rel}","templated":true}]}}