{"id":20079,"date":"2022-10-21T13:43:32","date_gmt":"2022-10-21T10:43:32","guid":{"rendered":"https:\/\/zanzibar.skyline-gs.com\/?post_type=product&#038;p=20079"},"modified":"2025-08-31T08:41:47","modified_gmt":"2025-08-31T06:41:47","slug":"turtle-island-zanzibar","status":"publish","type":"product","link":"https:\/\/skyline-gs.com\/de\/product\/turtle-island-zanzibar\/","title":{"rendered":"Turtle Island und Vanishing Island."},"content":{"rendered":"<p>8:00 Uhr Auschecken aus dem Hotel und Abfahrt zum Hafen von Stone Town. Nach der Ankunft in Stone Town steigt die Gruppe gegen 9:00 Uhr auf ein Boot um und f\u00e4hrt zur Schildkr\u00f6teninsel, auch Prison oder Changu genannt. Die Bootsfahrt dauert 40 Minuten. Ein Teil des Landes wird von einem Schutzgebiet f\u00fcr riesige Landschildkr\u00f6ten eingenommen, von denen die \u00e4lteste bereits zweihundert Jahre alt ist. F\u00fctterung der Schildkr\u00f6ten und freie Zeit. Auf der zweiten H\u00e4lfte befinden sich die Geb\u00e4ude des ehemaligen Gef\u00e4ngnisses, von wo aus man eine atemberaubende Landschaft sehen kann. Um 11:00 Uhr fahren wir zur Insel Nakupenda, dem Inbegriff der Erz\u00e4hlungen von Seefahrern \u00fcber das Auftauchen und Verschwinden von Land. Die malerische Sandzunge ist wie geschaffen f\u00fcr spektakul\u00e4re Fotos und romantische Ruhepausen. 11:30-14:30 Schwimmen, Ausruhen und Meeresfr\u00fcchte-Mittagessen auf der Insel. Gegen 14:30 Uhr wird die Insel unter Wasser gehen und wir werden mit dem Boot nach Stone Town fahren. Die Fahrt dauert etwa 40 Minuten. 16:00 Uhr R\u00fcckkehr zum Hotel.<\/p>\n<p><strong>Was ist inbegriffen:<\/strong><\/p>\n<ul>\n<li>Transfer vom Hotel und zur\u00fcck<\/li>\n<li>Alle Transfers erfolgen mit einem Minibus mit Klimaanlage<\/li>\n<li>Englischsprachiger Reiseleiter<\/li>\n<li>Eintrittskarten<\/li>\n<li>Mittagessen mit Meeresfr\u00fcchten<\/li>\n<\/ul>\n<p><strong>Mitnehmen:<\/strong><\/p>\n<ul>\n<li>Badeanzug, Badehose<\/li>\n<li>Handtuch<\/li>\n<li>Foto- und Videoger\u00e4te. Laden Sie Ihre Ger\u00e4te rechtzeitig auf<\/li>\n<li><span class=\"fontstyle0\">Sonnenbrille und Hut, Sonnencreme<\/span><\/li>\n<\/ul>","protected":false},"excerpt":{"rendered":"<p><strong>Tourzeit: <\/strong>8:00 &#8212; 16:00<\/p>\n<p><strong>Veranstaltungstage: <\/strong>T\u00e4glich<\/p>","protected":false},"featured_media":20097,"template":"","meta":{"_kad_post_transparent":"default","_kad_post_title":"","_kad_post_layout":"default","_kad_post_sidebar_id":"","_kad_post_content_style":"default","_kad_post_vertical_padding":"default","_kad_post_feature":"","_kad_post_feature_position":"","_kad_post_header":false,"_kad_post_footer":false,"_kad_post_classname":"","_glsr_average":0,"_glsr_ranking":0,"_glsr_reviews":0},"product_brand":[],"product_cat":[469],"product_tag":[],"class_list":{"0":"post-20079","1":"product","2":"type-product","3":"status-publish","4":"has-post-thumbnail","6":"product_cat-tours","7":"tm-has-options","9":"first","10":"instock","11":"sale","12":"sold-individually","13":"taxable","14":"shipping-taxable","15":"purchasable","16":"product-type-simple","17":"entry","18":"content-bg","19":"loop-entry"},"yoast_head":"<!-- This site is optimized with the Yoast SEO plugin v27.3 - https:\/\/yoast.com\/product\/yoast-seo-wordpress\/ -->\n<title>\u041e\u0441\u0442\u0440\u043e\u0432 \u0427\u0435\u0440\u0435\u043f\u0430\u0445 \u0438 \u0418\u0441\u0447\u0435\u0437\u0430\u044e\u0449\u0438\u0439 \u043e\u0441\u0442\u0440\u043e\u0432 &#8226; \u042d\u043a\u0441\u043a\u0443\u0440\u0441\u0438\u0438 Skyline<\/title>\n<meta name=\"robots\" content=\"index, follow, max-snippet:-1, max-image-preview:large, max-video-preview:-1\" \/>\n<link rel=\"canonical\" href=\"https:\/\/skyline-gs.com\/de\/produkt\/turtle-island-zanzibar\/\" \/>\n<meta property=\"og:locale\" content=\"de_DE\" \/>\n<meta property=\"og:type\" content=\"article\" \/>\n<meta property=\"og:title\" content=\"\u041e\u0441\u0442\u0440\u043e\u0432 \u0427\u0435\u0440\u0435\u043f\u0430\u0445 \u0438 \u0418\u0441\u0447\u0435\u0437\u0430\u044e\u0449\u0438\u0439 \u043e\u0441\u0442\u0440\u043e\u0432 &#8226; \u042d\u043a\u0441\u043a\u0443\u0440\u0441\u0438\u0438 Skyline\" \/>\n<meta property=\"og:description\" content=\"\u0412\u0440\u0435\u043c\u044f \u0442\u0443\u0440\u0430: 8:00 - 16:00  \u0414\u043d\u0438 \u043f\u0440\u043e\u0432\u0435\u0434\u0435\u043d\u0438\u044f: \u0435\u0436\u0435\u0434\u043d\u0435\u0432\u043d\u043e\" \/>\n<meta property=\"og:url\" content=\"https:\/\/skyline-gs.com\/de\/produkt\/turtle-island-zanzibar\/\" \/>\n<meta property=\"og:site_name\" content=\"\u042d\u043a\u0441\u043a\u0443\u0440\u0441\u0438\u0438 Skyline\" \/>\n<meta property=\"article:modified_time\" content=\"2025-08-31T06:41:47+00:00\" \/>\n<meta property=\"og:image\" content=\"https:\/\/skyline-gs.com\/wp-content\/uploads\/2022\/10\/768678k.png\" \/>\n\t<meta property=\"og:image:width\" content=\"669\" \/>\n\t<meta property=\"og:image:height\" content=\"446\" \/>\n\t<meta property=\"og:image:type\" content=\"image\/png\" \/>\n<meta name=\"twitter:card\" content=\"summary_large_image\" \/>\n<meta name=\"twitter:label1\" content=\"Gesch\u00e4tzte Lesezeit\" \/>\n\t<meta name=\"twitter:data1\" content=\"2\u00a0Minuten\" \/>\n<script type=\"application\/ld+json\" class=\"yoast-schema-graph\">{\"@context\":\"https:\\\/\\\/schema.org\",\"@graph\":[{\"@type\":\"WebPage\",\"@id\":\"https:\\\/\\\/skyline-gs.com\\\/pl\\\/produkt\\\/turtle-island-zanzibar\\\/\",\"url\":\"https:\\\/\\\/skyline-gs.com\\\/pl\\\/produkt\\\/turtle-island-zanzibar\\\/\",\"name\":\"\u041e\u0441\u0442\u0440\u043e\u0432 \u0427\u0435\u0440\u0435\u043f\u0430\u0445 \u0438 \u0418\u0441\u0447\u0435\u0437\u0430\u044e\u0449\u0438\u0439 \u043e\u0441\u0442\u0440\u043e\u0432 &#8226; \u042d\u043a\u0441\u043a\u0443\u0440\u0441\u0438\u0438 Skyline\",\"isPartOf\":{\"@id\":\"https:\\\/\\\/skyline-gs.com\\\/it\\\/#website\"},\"primaryImageOfPage\":{\"@id\":\"https:\\\/\\\/skyline-gs.com\\\/pl\\\/produkt\\\/turtle-island-zanzibar\\\/#primaryimage\"},\"image\":{\"@id\":\"https:\\\/\\\/skyline-gs.com\\\/pl\\\/produkt\\\/turtle-island-zanzibar\\\/#primaryimage\"},\"thumbnailUrl\":\"https:\\\/\\\/skyline-gs.com\\\/wp-content\\\/uploads\\\/2022\\\/10\\\/768678k.png\",\"datePublished\":\"2022-10-21T10:43:32+00:00\",\"dateModified\":\"2025-08-31T06:41:47+00:00\",\"breadcrumb\":{\"@id\":\"https:\\\/\\\/skyline-gs.com\\\/pl\\\/produkt\\\/turtle-island-zanzibar\\\/#breadcrumb\"},\"inLanguage\":\"de\",\"potentialAction\":[{\"@type\":\"ReadAction\",\"target\":[\"https:\\\/\\\/skyline-gs.com\\\/pl\\\/produkt\\\/turtle-island-zanzibar\\\/\"]}]},{\"@type\":\"ImageObject\",\"inLanguage\":\"de\",\"@id\":\"https:\\\/\\\/skyline-gs.com\\\/pl\\\/produkt\\\/turtle-island-zanzibar\\\/#primaryimage\",\"url\":\"https:\\\/\\\/skyline-gs.com\\\/wp-content\\\/uploads\\\/2022\\\/10\\\/768678k.png\",\"contentUrl\":\"https:\\\/\\\/skyline-gs.com\\\/wp-content\\\/uploads\\\/2022\\\/10\\\/768678k.png\",\"width\":669,\"height\":446},{\"@type\":\"BreadcrumbList\",\"@id\":\"https:\\\/\\\/skyline-gs.com\\\/pl\\\/produkt\\\/turtle-island-zanzibar\\\/#breadcrumb\",\"itemListElement\":[{\"@type\":\"ListItem\",\"position\":1,\"name\":\"\u0413\u043b\u0430\u0432\u043d\u0430\u044f \u0441\u0442\u0440\u0430\u043d\u0438\u0446\u0430\",\"item\":\"https:\\\/\\\/skyline-gs.com\\\/hu\\\/\"},{\"@type\":\"ListItem\",\"position\":2,\"name\":\"\u041c\u0430\u0433\u0430\u0437\u0438\u043d\",\"item\":\"https:\\\/\\\/skyline-gs.com\\\/cs\\\/shop\\\/\"},{\"@type\":\"ListItem\",\"position\":3,\"name\":\"\u041e\u0441\u0442\u0440\u043e\u0432 \u0427\u0435\u0440\u0435\u043f\u0430\u0445 \u0438 \u0418\u0441\u0447\u0435\u0437\u0430\u044e\u0449\u0438\u0439 \u043e\u0441\u0442\u0440\u043e\u0432\"}]},{\"@type\":\"WebSite\",\"@id\":\"https:\\\/\\\/skyline-gs.com\\\/it\\\/#website\",\"url\":\"https:\\\/\\\/skyline-gs.com\\\/it\\\/\",\"name\":\"\u042d\u043a\u0441\u043a\u0443\u0440\u0441\u0438\u0438 Skyline\",\"description\":\"\u042d\u043a\u0441\u043a\u043b\u044e\u0437\u0438\u0432\u043d\u044b\u0435 \u044d\u043a\u0441\u043a\u0443\u0440\u0441\u0438\u0438 \u043d\u0430 \u043b\u0443\u0447\u0448\u0438\u0445 \u043a\u0443\u0440\u043e\u0440\u0442\u0430\u0445 \u043c\u0438\u0440\u0430\",\"publisher\":{\"@id\":\"https:\\\/\\\/skyline-gs.com\\\/it\\\/#organization\"},\"alternateName\":\"Skyline\",\"potentialAction\":[{\"@type\":\"SearchAction\",\"target\":{\"@type\":\"EntryPoint\",\"urlTemplate\":\"https:\\\/\\\/skyline-gs.com\\\/it\\\/?s={search_term_string}\"},\"query-input\":{\"@type\":\"PropertyValueSpecification\",\"valueRequired\":true,\"valueName\":\"search_term_string\"}}],\"inLanguage\":\"de\"},{\"@type\":\"Organization\",\"@id\":\"https:\\\/\\\/skyline-gs.com\\\/it\\\/#organization\",\"name\":\"\u042d\u043a\u0441\u043a\u0443\u0440\u0441\u0438\u0438 Skyline\",\"alternateName\":\"\u042d\u043a\u0441\u043a\u0443\u0440\u0441\u0438\u0438 Skyline\",\"url\":\"https:\\\/\\\/skyline-gs.com\\\/it\\\/\",\"logo\":{\"@type\":\"ImageObject\",\"inLanguage\":\"de\",\"@id\":\"https:\\\/\\\/skyline-gs.com\\\/it\\\/#\\\/schema\\\/logo\\\/image\\\/\",\"url\":\"https:\\\/\\\/skyline-gs.com\\\/wp-content\\\/uploads\\\/2020\\\/12\\\/cropped-logo-2.png\",\"contentUrl\":\"https:\\\/\\\/skyline-gs.com\\\/wp-content\\\/uploads\\\/2020\\\/12\\\/cropped-logo-2.png\",\"width\":512,\"height\":512,\"caption\":\"\u042d\u043a\u0441\u043a\u0443\u0440\u0441\u0438\u0438 Skyline\"},\"image\":{\"@id\":\"https:\\\/\\\/skyline-gs.com\\\/it\\\/#\\\/schema\\\/logo\\\/image\\\/\"},\"sameAs\":[\"https:\\\/\\\/www.instagram.com\\\/skylineglobalservice\\\/\"]}]}<\/script>\n<!-- \/ Yoast SEO plugin. -->","yoast_head_json":{"title":"Turtle Island und die Verschwindende Insel - Skyline Excursions","robots":{"index":"index","follow":"follow","max-snippet":"max-snippet:-1","max-image-preview":"max-image-preview:large","max-video-preview":"max-video-preview:-1"},"canonical":"https:\/\/skyline-gs.com\/de\/produkt\/turtle-island-zanzibar\/","og_locale":"de_DE","og_type":"article","og_title":"\u041e\u0441\u0442\u0440\u043e\u0432 \u0427\u0435\u0440\u0435\u043f\u0430\u0445 \u0438 \u0418\u0441\u0447\u0435\u0437\u0430\u044e\u0449\u0438\u0439 \u043e\u0441\u0442\u0440\u043e\u0432 &#8226; \u042d\u043a\u0441\u043a\u0443\u0440\u0441\u0438\u0438 Skyline","og_description":"\u0412\u0440\u0435\u043c\u044f \u0442\u0443\u0440\u0430: 8:00 - 16:00  \u0414\u043d\u0438 \u043f\u0440\u043e\u0432\u0435\u0434\u0435\u043d\u0438\u044f: \u0435\u0436\u0435\u0434\u043d\u0435\u0432\u043d\u043e","og_url":"https:\/\/skyline-gs.com\/de\/produkt\/turtle-island-zanzibar\/","og_site_name":"\u042d\u043a\u0441\u043a\u0443\u0440\u0441\u0438\u0438 Skyline","article_modified_time":"2025-08-31T06:41:47+00:00","og_image":[{"width":669,"height":446,"url":"https:\/\/skyline-gs.com\/wp-content\/uploads\/2022\/10\/768678k.png","type":"image\/png"}],"twitter_card":"summary_large_image","twitter_misc":{"Gesch\u00e4tzte Lesezeit":"2\u00a0Minuten"},"schema":{"@context":"https:\/\/schema.org","@graph":[{"@type":"WebPage","@id":"https:\/\/skyline-gs.com\/pl\/produkt\/turtle-island-zanzibar\/","url":"https:\/\/skyline-gs.com\/pl\/produkt\/turtle-island-zanzibar\/","name":"Turtle Island und die Verschwindende Insel - Skyline Excursions","isPartOf":{"@id":"https:\/\/skyline-gs.com\/it\/#website"},"primaryImageOfPage":{"@id":"https:\/\/skyline-gs.com\/pl\/produkt\/turtle-island-zanzibar\/#primaryimage"},"image":{"@id":"https:\/\/skyline-gs.com\/pl\/produkt\/turtle-island-zanzibar\/#primaryimage"},"thumbnailUrl":"https:\/\/skyline-gs.com\/wp-content\/uploads\/2022\/10\/768678k.png","datePublished":"2022-10-21T10:43:32+00:00","dateModified":"2025-08-31T06:41:47+00:00","breadcrumb":{"@id":"https:\/\/skyline-gs.com\/pl\/produkt\/turtle-island-zanzibar\/#breadcrumb"},"inLanguage":"de","potentialAction":[{"@type":"ReadAction","target":["https:\/\/skyline-gs.com\/pl\/produkt\/turtle-island-zanzibar\/"]}]},{"@type":"ImageObject","inLanguage":"de","@id":"https:\/\/skyline-gs.com\/pl\/produkt\/turtle-island-zanzibar\/#primaryimage","url":"https:\/\/skyline-gs.com\/wp-content\/uploads\/2022\/10\/768678k.png","contentUrl":"https:\/\/skyline-gs.com\/wp-content\/uploads\/2022\/10\/768678k.png","width":669,"height":446},{"@type":"BreadcrumbList","@id":"https:\/\/skyline-gs.com\/pl\/produkt\/turtle-island-zanzibar\/#breadcrumb","itemListElement":[{"@type":"ListItem","position":1,"name":"\u0413\u043b\u0430\u0432\u043d\u0430\u044f \u0441\u0442\u0440\u0430\u043d\u0438\u0446\u0430","item":"https:\/\/skyline-gs.com\/hu\/"},{"@type":"ListItem","position":2,"name":"\u041c\u0430\u0433\u0430\u0437\u0438\u043d","item":"https:\/\/skyline-gs.com\/cs\/shop\/"},{"@type":"ListItem","position":3,"name":"\u041e\u0441\u0442\u0440\u043e\u0432 \u0427\u0435\u0440\u0435\u043f\u0430\u0445 \u0438 \u0418\u0441\u0447\u0435\u0437\u0430\u044e\u0449\u0438\u0439 \u043e\u0441\u0442\u0440\u043e\u0432"}]},{"@type":"WebSite","@id":"https:\/\/skyline-gs.com\/it\/#website","url":"https:\/\/skyline-gs.com\/it\/","name":"Skyline Ausfl\u00fcge","description":"Exklusive Ausfl\u00fcge in den besten Resorts der Welt","publisher":{"@id":"https:\/\/skyline-gs.com\/it\/#organization"},"alternateName":"Skyline","potentialAction":[{"@type":"SearchAction","target":{"@type":"EntryPoint","urlTemplate":"https:\/\/skyline-gs.com\/it\/?s={search_term_string}"},"query-input":{"@type":"PropertyValueSpecification","valueRequired":true,"valueName":"search_term_string"}}],"inLanguage":"de"},{"@type":"Organization","@id":"https:\/\/skyline-gs.com\/it\/#organization","name":"Skyline Ausfl\u00fcge","alternateName":"\u042d\u043a\u0441\u043a\u0443\u0440\u0441\u0438\u0438 Skyline","url":"https:\/\/skyline-gs.com\/it\/","logo":{"@type":"ImageObject","inLanguage":"de","@id":"https:\/\/skyline-gs.com\/it\/#\/schema\/logo\/image\/","url":"https:\/\/skyline-gs.com\/wp-content\/uploads\/2020\/12\/cropped-logo-2.png","contentUrl":"https:\/\/skyline-gs.com\/wp-content\/uploads\/2020\/12\/cropped-logo-2.png","width":512,"height":512,"caption":"\u042d\u043a\u0441\u043a\u0443\u0440\u0441\u0438\u0438 Skyline"},"image":{"@id":"https:\/\/skyline-gs.com\/it\/#\/schema\/logo\/image\/"},"sameAs":["https:\/\/www.instagram.com\/skylineglobalservice\/"]}]}},"_links":{"self":[{"href":"https:\/\/skyline-gs.com\/de\/wp-json\/wp\/v2\/product\/20079","targetHints":{"allow":["GET"]}}],"collection":[{"href":"https:\/\/skyline-gs.com\/de\/wp-json\/wp\/v2\/product"}],"about":[{"href":"https:\/\/skyline-gs.com\/de\/wp-json\/wp\/v2\/types\/product"}],"version-history":[{"count":0,"href":"https:\/\/skyline-gs.com\/de\/wp-json\/wp\/v2\/product\/20079\/revisions"}],"wp:featuredmedia":[{"embeddable":true,"href":"https:\/\/skyline-gs.com\/de\/wp-json\/wp\/v2\/media\/20097"}],"wp:attachment":[{"href":"https:\/\/skyline-gs.com\/de\/wp-json\/wp\/v2\/media?parent=20079"}],"wp:term":[{"taxonomy":"product_brand","embeddable":true,"href":"https:\/\/skyline-gs.com\/de\/wp-json\/wp\/v2\/product_brand?post=20079"},{"taxonomy":"product_cat","embeddable":true,"href":"https:\/\/skyline-gs.com\/de\/wp-json\/wp\/v2\/product_cat?post=20079"},{"taxonomy":"product_tag","embeddable":true,"href":"https:\/\/skyline-gs.com\/de\/wp-json\/wp\/v2\/product_tag?post=20079"}],"curies":[{"name":"wp","href":"https:\/\/api.w.org\/{rel}","templated":true}]}}