{"id":20000,"date":"2021-04-28T19:30:53","date_gmt":"2021-04-28T16:30:53","guid":{"rendered":"https:\/\/hurghada.skyline-gs.com\/?post_type=product&#038;p=20000"},"modified":"2024-11-07T02:39:46","modified_gmt":"2024-11-07T00:39:46","slug":"cairo-siwa","status":"publish","type":"product","link":"https:\/\/skyline-gs.com\/de\/product\/cairo-siwa\/","title":{"rendered":"Personalisierte Kairo und Siwa Oase 4 Tage"},"content":{"rendered":"<p><strong>Tag 1<\/strong><\/p>\n<p>2:00 Abfahrt von Hurghada und Transfer nach Kairo (da die Abfahrt fr\u00fch ist, vergessen Sie nicht, das Fr\u00fchst\u00fcck im Hotel zu bestellen). Die Fahrt wird etwa 5 Stunden dauern. Unser Tag beginnt mit einer Fahrt zu den Grabst\u00e4tten von Saqqara. Sie werden die erste Pyramide der Geschichte sehen - die Stufenpyramide von K\u00f6nig Djoser. Danach besuchen wir die erste Hauptstadt \u00c4gyptens - Memphis und das Denkmal von K\u00f6nig Ramses II. Mittagessen in einem der lokalen orientalischen Restaurants. Zum Abschluss besuchen Sie eines der sieben Weltwunder - die Gro\u00dfen Pyramiden (Cheops-Pyramide, Chephren-Pyramide und Menkaure-Pyramide) und die Sphinx. Einchecken im Hotel. \u00dcbernachtung in Kairo.<\/p>\n<p><strong>Tag 2<\/strong><\/p>\n<p>Fr\u00fchst\u00fcck im Hotel. 7:00 Auschecken aus dem Hotel und Fahrt zur Oase Siwa. Die Fahrt wird etwa 8 Stunden dauern. Unterwegs machen wir eine Pause zum Mittagessen. Ankunft in der Siwa-Oase und Einchecken im Hotel. Freie Zeit. Siwa ist eine der sch\u00f6nsten Oasen in \u00c4gypten! Seit dem Altertum nannten die \u00c4gypter Siwa \"Land des Gottes Amon Ra\". Es ist ein Ort der Kraft, voller Geheimnisse und Magie. Hier erhielt Alexander der Gro\u00dfe die Best\u00e4tigung seiner g\u00f6ttlichen Herkunft. \u00dcbernachtung im Hotel.<\/p>\n<p><strong>Tag 3<\/strong><\/p>\n<p>Fr\u00fchst\u00fcck im Hotel. 8:00 Auschecken aus dem Hotel und Besichtigung der Altstadt von Siwa. Tempel von Alexander. Besuch des \"Berg des Todes\". Mittagessen in einem Restaurant. Danach fahren wir zu den Salzseen, wo Sie die M\u00f6glichkeit haben, in ihnen zu schwimmen und unvergessliche Fotos zu machen. Hei\u00dfe Quellen von Kleopatra. Um 16:00 Uhr Abfahrt zur\u00fcck nach Kairo. \u00dcbernachtung im Hotel.<\/p>\n<p><strong>Tag 4<\/strong><\/p>\n<p>Fr\u00fchst\u00fcck im Hotel. 9:00 Abreise vom Hotel. Am letzten Tag der Tour erwartet uns ein echtes Eintauchen in die Hauptstadt \u00c4gyptens und eine der gr\u00f6\u00dften St\u00e4dte der Welt - Kairo. Wir werden durch die engen Gassen von Hana al-Khalili spazieren, einem der gr\u00f6\u00dften Souks in Afrika. Hana al-Khalili ist ein sehr farbenfroher Ort, wo Sie die ungew\u00f6hnlichsten Souvenirs aus \u00c4gypten kaufen k\u00f6nnen. Mittagessen. Danach besuchen wir koptische Kirchen. Wir sehen die h\u00e4ngende Kirche der Heiligen Maria aus dem dritten Jahrhundert, die sich \u00fcber den Ruinen einer alten Festung erhebt. Wir halten an der Kathedrale von Simeon dem Lederarbeiter, die direkt in einer H\u00f6hle gebaut wurde. 15:00 Uhr Abfahrt nach Hurghada. Gegen 20:00 Uhr R\u00fcckkehr zu Ihrem Hotel.<\/p>\n<p><strong>Inbegriffen:<\/strong><\/p>\n<ul>\n<li>Transfer vom Hotel und zur\u00fcck;<\/li>\n<li>Transfer mit privatem, klimatisiertem Auto;<\/li>\n<li>Leistungen eines deutschsprachigen Reiseleiters;<\/li>\n<li>Eintrittsgelder zu allen genannten Attraktionen;<\/li>\n<li>Unterbringung in Hotels gem\u00e4\u00df dem Programm;<\/li>\n<li>Mahlzeiten: 1 Tag - Mittagessen; 2 Tag - Fr\u00fchst\u00fcck, Mittagessen; 3 Tag - Fr\u00fchst\u00fcck, Mittagessen; Tag 4 - Fr\u00fchst\u00fcck, Mittagessen.<\/li>\n<\/ul>\n<p><strong>Nicht enthalten:<\/strong><\/p>\n<ul>\n<li>Transfer von den Landhotels Sahl Hasheesh, Soma Bay, Safaga und Makadi Bay - 20\u20ac f\u00fcr ein 4-Sitzer-Auto in beide Richtungen.<\/li>\n<\/ul>\n<p><strong>Nimm mit:<\/strong><\/p>\n<ul>\n<li>Kopfbedeckung<\/li>\n<li>Geld f\u00fcr pers\u00f6nliche Ausgaben und Souvenirs<\/li>\n<li>Produkte f\u00fcr die pers\u00f6nliche Hygiene<\/li>\n<li>Wasser trinken<\/li>\n<li>Morgensnack (erkl\u00e4ren Sie an der Hotelrezeption, dass Sie fr\u00fch morgens zu einem Ausflug aufbrechen und eine Lunchbox vorbereiten m\u00fcssen, die Hotels bieten diesen Service kostenlos an);<\/li>\n<li>Bequeme Schuhe<\/li>\n<li>Warme Kleidung f\u00fcr unterwegs (im Winter)<\/li>\n<\/ul>","protected":false},"excerpt":{"rendered":"<p><b>Dauer: <\/b>4 Tage<\/p>\n<p><strong>Veranstaltungstage: <\/strong>T\u00e4glich<\/p>","protected":false},"featured_media":25156,"template":"","meta":{"_kad_post_transparent":"default","_kad_post_title":"","_kad_post_layout":"default","_kad_post_sidebar_id":"","_kad_post_content_style":"default","_kad_post_vertical_padding":"default","_kad_post_feature":"","_kad_post_feature_position":"","_kad_post_header":false,"_kad_post_footer":false,"_kad_post_classname":"","_glsr_average":0,"_glsr_ranking":0,"_glsr_reviews":0},"product_brand":[],"product_cat":[480],"product_tag":[],"class_list":{"0":"post-20000","1":"product","2":"type-product","3":"status-publish","4":"has-post-thumbnail","6":"product_cat-individual-tours-hurghada","7":"tm-has-options","9":"first","10":"instock","11":"sold-individually","12":"taxable","13":"shipping-taxable","14":"purchasable","15":"product-type-simple","16":"entry","17":"content-bg","18":"loop-entry"},"yoast_head":"<!-- This site is optimized with the Yoast SEO plugin v27.3 - https:\/\/yoast.com\/product\/yoast-seo-wordpress\/ -->\n<title>\u0418\u043d\u0434\u0438\u0432\u0438\u0434\u0443\u0430\u043b\u044c\u043d\u044b\u0439 \u041a\u0430\u0438\u0440 \u0438 \u043e\u0430\u0437\u0438\u0441 \u0421\u0438\u0432\u0430 4 \u0434\u043d\u044f &#8226; \u042d\u043a\u0441\u043a\u0443\u0440\u0441\u0438\u0438 Skyline<\/title>\n<meta name=\"robots\" content=\"index, follow, max-snippet:-1, max-image-preview:large, max-video-preview:-1\" \/>\n<link rel=\"canonical\" href=\"http:\/\/skyline-gs.com\/de\/produkt\/cairo-siwa\/\" \/>\n<meta property=\"og:locale\" content=\"de_DE\" \/>\n<meta property=\"og:type\" content=\"article\" \/>\n<meta property=\"og:title\" content=\"\u0418\u043d\u0434\u0438\u0432\u0438\u0434\u0443\u0430\u043b\u044c\u043d\u044b\u0439 \u041a\u0430\u0438\u0440 \u0438 \u043e\u0430\u0437\u0438\u0441 \u0421\u0438\u0432\u0430 4 \u0434\u043d\u044f &#8226; \u042d\u043a\u0441\u043a\u0443\u0440\u0441\u0438\u0438 Skyline\" \/>\n<meta property=\"og:description\" content=\"\u0414\u043b\u0438\u0442\u0435\u043b\u044c\u043d\u043e\u0441\u0442\u044c: 4 \u0434\u043d\u044f  \u0414\u043d\u0438 \u043f\u0440\u043e\u0432\u0435\u0434\u0435\u043d\u0438\u044f: \u0435\u0436\u0435\u0434\u043d\u0435\u0432\u043d\u043e\" \/>\n<meta property=\"og:url\" content=\"http:\/\/skyline-gs.com\/de\/produkt\/cairo-siwa\/\" \/>\n<meta property=\"og:site_name\" content=\"\u042d\u043a\u0441\u043a\u0443\u0440\u0441\u0438\u0438 Skyline\" \/>\n<meta property=\"article:modified_time\" content=\"2024-11-07T00:39:46+00:00\" \/>\n<meta property=\"og:image\" content=\"https:\/\/skyline-gs.com\/wp-content\/uploads\/2021\/04\/2-2.png\" \/>\n\t<meta property=\"og:image:width\" content=\"669\" \/>\n\t<meta property=\"og:image:height\" content=\"446\" \/>\n\t<meta property=\"og:image:type\" content=\"image\/png\" \/>\n<meta name=\"twitter:card\" content=\"summary_large_image\" \/>\n<meta name=\"twitter:label1\" content=\"Gesch\u00e4tzte Lesezeit\" \/>\n\t<meta name=\"twitter:data1\" content=\"3\u00a0Minuten\" \/>\n<script type=\"application\/ld+json\" class=\"yoast-schema-graph\">{\"@context\":\"https:\\\/\\\/schema.org\",\"@graph\":[{\"@type\":\"WebPage\",\"@id\":\"http:\\\/\\\/skyline-gs.com\\\/hu\\\/termek\\\/cairo-siwa\\\/\",\"url\":\"http:\\\/\\\/skyline-gs.com\\\/hu\\\/termek\\\/cairo-siwa\\\/\",\"name\":\"\u0418\u043d\u0434\u0438\u0432\u0438\u0434\u0443\u0430\u043b\u044c\u043d\u044b\u0439 \u041a\u0430\u0438\u0440 \u0438 \u043e\u0430\u0437\u0438\u0441 \u0421\u0438\u0432\u0430 4 \u0434\u043d\u044f &#8226; \u042d\u043a\u0441\u043a\u0443\u0440\u0441\u0438\u0438 Skyline\",\"isPartOf\":{\"@id\":\"https:\\\/\\\/skyline-gs.com\\\/it\\\/#website\"},\"primaryImageOfPage\":{\"@id\":\"http:\\\/\\\/skyline-gs.com\\\/hu\\\/termek\\\/cairo-siwa\\\/#primaryimage\"},\"image\":{\"@id\":\"http:\\\/\\\/skyline-gs.com\\\/hu\\\/termek\\\/cairo-siwa\\\/#primaryimage\"},\"thumbnailUrl\":\"https:\\\/\\\/skyline-gs.com\\\/wp-content\\\/uploads\\\/2021\\\/04\\\/2-2.png\",\"datePublished\":\"2021-04-28T16:30:53+00:00\",\"dateModified\":\"2024-11-07T00:39:46+00:00\",\"breadcrumb\":{\"@id\":\"http:\\\/\\\/skyline-gs.com\\\/hu\\\/termek\\\/cairo-siwa\\\/#breadcrumb\"},\"inLanguage\":\"de\",\"potentialAction\":[{\"@type\":\"ReadAction\",\"target\":[\"http:\\\/\\\/skyline-gs.com\\\/hu\\\/termek\\\/cairo-siwa\\\/\"]}]},{\"@type\":\"ImageObject\",\"inLanguage\":\"de\",\"@id\":\"http:\\\/\\\/skyline-gs.com\\\/hu\\\/termek\\\/cairo-siwa\\\/#primaryimage\",\"url\":\"https:\\\/\\\/skyline-gs.com\\\/wp-content\\\/uploads\\\/2021\\\/04\\\/2-2.png\",\"contentUrl\":\"https:\\\/\\\/skyline-gs.com\\\/wp-content\\\/uploads\\\/2021\\\/04\\\/2-2.png\",\"width\":669,\"height\":446},{\"@type\":\"BreadcrumbList\",\"@id\":\"http:\\\/\\\/skyline-gs.com\\\/hu\\\/termek\\\/cairo-siwa\\\/#breadcrumb\",\"itemListElement\":[{\"@type\":\"ListItem\",\"position\":1,\"name\":\"\u0413\u043b\u0430\u0432\u043d\u0430\u044f \u0441\u0442\u0440\u0430\u043d\u0438\u0446\u0430\",\"item\":\"https:\\\/\\\/skyline-gs.com\\\/hu\\\/\"},{\"@type\":\"ListItem\",\"position\":2,\"name\":\"\u041c\u0430\u0433\u0430\u0437\u0438\u043d\",\"item\":\"https:\\\/\\\/skyline-gs.com\\\/cs\\\/shop\\\/\"},{\"@type\":\"ListItem\",\"position\":3,\"name\":\"\u0418\u043d\u0434\u0438\u0432\u0438\u0434\u0443\u0430\u043b\u044c\u043d\u044b\u0439 \u041a\u0430\u0438\u0440 \u0438 \u043e\u0430\u0437\u0438\u0441 \u0421\u0438\u0432\u0430 4 \u0434\u043d\u044f\"}]},{\"@type\":\"WebSite\",\"@id\":\"https:\\\/\\\/skyline-gs.com\\\/it\\\/#website\",\"url\":\"https:\\\/\\\/skyline-gs.com\\\/it\\\/\",\"name\":\"\u042d\u043a\u0441\u043a\u0443\u0440\u0441\u0438\u0438 Skyline\",\"description\":\"\u042d\u043a\u0441\u043a\u043b\u044e\u0437\u0438\u0432\u043d\u044b\u0435 \u044d\u043a\u0441\u043a\u0443\u0440\u0441\u0438\u0438 \u043d\u0430 \u043b\u0443\u0447\u0448\u0438\u0445 \u043a\u0443\u0440\u043e\u0440\u0442\u0430\u0445 \u043c\u0438\u0440\u0430\",\"publisher\":{\"@id\":\"https:\\\/\\\/skyline-gs.com\\\/it\\\/#organization\"},\"alternateName\":\"Skyline\",\"potentialAction\":[{\"@type\":\"SearchAction\",\"target\":{\"@type\":\"EntryPoint\",\"urlTemplate\":\"https:\\\/\\\/skyline-gs.com\\\/it\\\/?s={search_term_string}\"},\"query-input\":{\"@type\":\"PropertyValueSpecification\",\"valueRequired\":true,\"valueName\":\"search_term_string\"}}],\"inLanguage\":\"de\"},{\"@type\":\"Organization\",\"@id\":\"https:\\\/\\\/skyline-gs.com\\\/it\\\/#organization\",\"name\":\"\u042d\u043a\u0441\u043a\u0443\u0440\u0441\u0438\u0438 Skyline\",\"alternateName\":\"\u042d\u043a\u0441\u043a\u0443\u0440\u0441\u0438\u0438 Skyline\",\"url\":\"https:\\\/\\\/skyline-gs.com\\\/it\\\/\",\"logo\":{\"@type\":\"ImageObject\",\"inLanguage\":\"de\",\"@id\":\"https:\\\/\\\/skyline-gs.com\\\/it\\\/#\\\/schema\\\/logo\\\/image\\\/\",\"url\":\"https:\\\/\\\/skyline-gs.com\\\/wp-content\\\/uploads\\\/2020\\\/12\\\/cropped-logo-2.png\",\"contentUrl\":\"https:\\\/\\\/skyline-gs.com\\\/wp-content\\\/uploads\\\/2020\\\/12\\\/cropped-logo-2.png\",\"width\":512,\"height\":512,\"caption\":\"\u042d\u043a\u0441\u043a\u0443\u0440\u0441\u0438\u0438 Skyline\"},\"image\":{\"@id\":\"https:\\\/\\\/skyline-gs.com\\\/it\\\/#\\\/schema\\\/logo\\\/image\\\/\"},\"sameAs\":[\"https:\\\/\\\/www.instagram.com\\\/skylineglobalservice\\\/\"]}]}<\/script>\n<!-- \/ Yoast SEO plugin. -->","yoast_head_json":{"title":"\u0418\u043d\u0434\u0438\u0432\u0438\u0434\u0443\u0430\u043b\u044c\u043d\u044b\u0439 \u041a\u0430\u0438\u0440 \u0438 \u043e\u0430\u0437\u0438\u0441 \u0421\u0438\u0432\u0430 4 \u0434\u043d\u044f &#8226; \u042d\u043a\u0441\u043a\u0443\u0440\u0441\u0438\u0438 Skyline","robots":{"index":"index","follow":"follow","max-snippet":"max-snippet:-1","max-image-preview":"max-image-preview:large","max-video-preview":"max-video-preview:-1"},"canonical":"http:\/\/skyline-gs.com\/de\/produkt\/cairo-siwa\/","og_locale":"de_DE","og_type":"article","og_title":"\u0418\u043d\u0434\u0438\u0432\u0438\u0434\u0443\u0430\u043b\u044c\u043d\u044b\u0439 \u041a\u0430\u0438\u0440 \u0438 \u043e\u0430\u0437\u0438\u0441 \u0421\u0438\u0432\u0430 4 \u0434\u043d\u044f &#8226; \u042d\u043a\u0441\u043a\u0443\u0440\u0441\u0438\u0438 Skyline","og_description":"\u0414\u043b\u0438\u0442\u0435\u043b\u044c\u043d\u043e\u0441\u0442\u044c: 4 \u0434\u043d\u044f  \u0414\u043d\u0438 \u043f\u0440\u043e\u0432\u0435\u0434\u0435\u043d\u0438\u044f: \u0435\u0436\u0435\u0434\u043d\u0435\u0432\u043d\u043e","og_url":"http:\/\/skyline-gs.com\/de\/produkt\/cairo-siwa\/","og_site_name":"\u042d\u043a\u0441\u043a\u0443\u0440\u0441\u0438\u0438 Skyline","article_modified_time":"2024-11-07T00:39:46+00:00","og_image":[{"width":669,"height":446,"url":"https:\/\/skyline-gs.com\/wp-content\/uploads\/2021\/04\/2-2.png","type":"image\/png"}],"twitter_card":"summary_large_image","twitter_misc":{"Gesch\u00e4tzte Lesezeit":"3\u00a0Minuten"},"schema":{"@context":"https:\/\/schema.org","@graph":[{"@type":"WebPage","@id":"http:\/\/skyline-gs.com\/hu\/termek\/cairo-siwa\/","url":"http:\/\/skyline-gs.com\/hu\/termek\/cairo-siwa\/","name":"\u0418\u043d\u0434\u0438\u0432\u0438\u0434\u0443\u0430\u043b\u044c\u043d\u044b\u0439 \u041a\u0430\u0438\u0440 \u0438 \u043e\u0430\u0437\u0438\u0441 \u0421\u0438\u0432\u0430 4 \u0434\u043d\u044f &#8226; \u042d\u043a\u0441\u043a\u0443\u0440\u0441\u0438\u0438 Skyline","isPartOf":{"@id":"https:\/\/skyline-gs.com\/it\/#website"},"primaryImageOfPage":{"@id":"http:\/\/skyline-gs.com\/hu\/termek\/cairo-siwa\/#primaryimage"},"image":{"@id":"http:\/\/skyline-gs.com\/hu\/termek\/cairo-siwa\/#primaryimage"},"thumbnailUrl":"https:\/\/skyline-gs.com\/wp-content\/uploads\/2021\/04\/2-2.png","datePublished":"2021-04-28T16:30:53+00:00","dateModified":"2024-11-07T00:39:46+00:00","breadcrumb":{"@id":"http:\/\/skyline-gs.com\/hu\/termek\/cairo-siwa\/#breadcrumb"},"inLanguage":"de","potentialAction":[{"@type":"ReadAction","target":["http:\/\/skyline-gs.com\/hu\/termek\/cairo-siwa\/"]}]},{"@type":"ImageObject","inLanguage":"de","@id":"http:\/\/skyline-gs.com\/hu\/termek\/cairo-siwa\/#primaryimage","url":"https:\/\/skyline-gs.com\/wp-content\/uploads\/2021\/04\/2-2.png","contentUrl":"https:\/\/skyline-gs.com\/wp-content\/uploads\/2021\/04\/2-2.png","width":669,"height":446},{"@type":"BreadcrumbList","@id":"http:\/\/skyline-gs.com\/hu\/termek\/cairo-siwa\/#breadcrumb","itemListElement":[{"@type":"ListItem","position":1,"name":"\u0413\u043b\u0430\u0432\u043d\u0430\u044f \u0441\u0442\u0440\u0430\u043d\u0438\u0446\u0430","item":"https:\/\/skyline-gs.com\/hu\/"},{"@type":"ListItem","position":2,"name":"\u041c\u0430\u0433\u0430\u0437\u0438\u043d","item":"https:\/\/skyline-gs.com\/cs\/shop\/"},{"@type":"ListItem","position":3,"name":"\u0418\u043d\u0434\u0438\u0432\u0438\u0434\u0443\u0430\u043b\u044c\u043d\u044b\u0439 \u041a\u0430\u0438\u0440 \u0438 \u043e\u0430\u0437\u0438\u0441 \u0421\u0438\u0432\u0430 4 \u0434\u043d\u044f"}]},{"@type":"WebSite","@id":"https:\/\/skyline-gs.com\/it\/#website","url":"https:\/\/skyline-gs.com\/it\/","name":"Skyline Ausfl\u00fcge","description":"Exklusive Ausfl\u00fcge in den besten Resorts der Welt","publisher":{"@id":"https:\/\/skyline-gs.com\/it\/#organization"},"alternateName":"Skyline","potentialAction":[{"@type":"SearchAction","target":{"@type":"EntryPoint","urlTemplate":"https:\/\/skyline-gs.com\/it\/?s={search_term_string}"},"query-input":{"@type":"PropertyValueSpecification","valueRequired":true,"valueName":"search_term_string"}}],"inLanguage":"de"},{"@type":"Organization","@id":"https:\/\/skyline-gs.com\/it\/#organization","name":"Skyline Ausfl\u00fcge","alternateName":"\u042d\u043a\u0441\u043a\u0443\u0440\u0441\u0438\u0438 Skyline","url":"https:\/\/skyline-gs.com\/it\/","logo":{"@type":"ImageObject","inLanguage":"de","@id":"https:\/\/skyline-gs.com\/it\/#\/schema\/logo\/image\/","url":"https:\/\/skyline-gs.com\/wp-content\/uploads\/2020\/12\/cropped-logo-2.png","contentUrl":"https:\/\/skyline-gs.com\/wp-content\/uploads\/2020\/12\/cropped-logo-2.png","width":512,"height":512,"caption":"\u042d\u043a\u0441\u043a\u0443\u0440\u0441\u0438\u0438 Skyline"},"image":{"@id":"https:\/\/skyline-gs.com\/it\/#\/schema\/logo\/image\/"},"sameAs":["https:\/\/www.instagram.com\/skylineglobalservice\/"]}]}},"_links":{"self":[{"href":"https:\/\/skyline-gs.com\/de\/wp-json\/wp\/v2\/product\/20000","targetHints":{"allow":["GET"]}}],"collection":[{"href":"https:\/\/skyline-gs.com\/de\/wp-json\/wp\/v2\/product"}],"about":[{"href":"https:\/\/skyline-gs.com\/de\/wp-json\/wp\/v2\/types\/product"}],"version-history":[{"count":0,"href":"https:\/\/skyline-gs.com\/de\/wp-json\/wp\/v2\/product\/20000\/revisions"}],"wp:featuredmedia":[{"embeddable":true,"href":"https:\/\/skyline-gs.com\/de\/wp-json\/wp\/v2\/media\/25156"}],"wp:attachment":[{"href":"https:\/\/skyline-gs.com\/de\/wp-json\/wp\/v2\/media?parent=20000"}],"wp:term":[{"taxonomy":"product_brand","embeddable":true,"href":"https:\/\/skyline-gs.com\/de\/wp-json\/wp\/v2\/product_brand?post=20000"},{"taxonomy":"product_cat","embeddable":true,"href":"https:\/\/skyline-gs.com\/de\/wp-json\/wp\/v2\/product_cat?post=20000"},{"taxonomy":"product_tag","embeddable":true,"href":"https:\/\/skyline-gs.com\/de\/wp-json\/wp\/v2\/product_tag?post=20000"}],"curies":[{"name":"wp","href":"https:\/\/api.w.org\/{rel}","templated":true}]}}