{"id":16550,"date":"2020-12-15T01:33:09","date_gmt":"2020-12-14T23:33:09","guid":{"rendered":"http:\/\/skyline-gs.com\/?post_type=product&#038;p=16538"},"modified":"2024-01-24T17:11:50","modified_gmt":"2024-01-24T15:11:50","slug":"selous-safari-park-2-days-zanzibar","status":"publish","type":"product","link":"https:\/\/skyline-gs.com\/de\/product\/selous-safari-park-2-days-zanzibar\/","title":{"rendered":"Selous Safari Park 2 Tage"},"content":{"rendered":"<p><strong>Tag 1<\/strong><\/p>\n<p>Abfahrt vom Hotel um 6:00 Uhr. Abflug vom Flughafen Sansibar um 8:10 Uhr. Sie fliegen mit einem Kleinflugzeug zum Selous-Nationalpark.<\/p>\n<p>Ankunft am Flughafen. Abfahrt zum Selous-Nationalpark. Um 9:30 Uhr bringen wir unsere Kunden in den Teil des Parks, in dem die meisten Tiere leben. Aufgrund seines riesigen Territoriums ist dieses Reservat das gr\u00f6\u00dfte in Afrika und wird in die Liste der gr\u00f6\u00dften Parks der Welt aufgenommen. Eine Reise durch dieses au\u00dfergew\u00f6hnliche Land kann eine Reise durch fast ganz Afrika ersetzen. Die Kombination vieler parkeigener \u00d6kosysteme hat dazu gef\u00fchrt, dass hier eine Vielzahl von Tieren und V\u00f6geln leben.\u00a0<strong>440 Arten<\/strong>\u00a0V\u00f6gel leben in jeder Ecke des Reservats. Strau\u00dfe und Marabus, Perlh\u00fchner und r\u00e4uberische Possenrei\u00dfer, heimelige Lerchen und aufgeweckte Papageien. Mittagspause und Fortsetzung der Safari.<\/p>\n<p>Tansania verf\u00fcgt \u00fcber eine Elefantenpopulation von fast\u00a0<strong>100.000 Individuen<\/strong>. Und etwa die H\u00e4lfte von ihnen lie\u00df sich in Selous nieder. Dar\u00fcber hinaus leben hier auch viele andere Tierarten: Gnus und Impalas, B\u00fcffel, Nilpferde, Nash\u00f6rner und B\u00fcffel. Dieser Ort wird oft als Giraffenpark bezeichnet, da auf seinem Territorium viele Masai-Giraffen leben. Raubtiere in Selous werden durch afrikanische Katzen repr\u00e4sentiert,\u00a0<strong>L\u00f6wen und Leoparden<\/strong>. Riesige Krokodile leben in Flusst\u00e4lern und S\u00fcmpfen.<\/p>\n<p>16:30 Ende der Safari und Transfer zum Hotel. Einchecken. Abendessen.<\/p>\n<p><strong>Tag 2<\/strong><br \/>\nFr\u00fches Fr\u00fchst\u00fcck. Eineinhalbst\u00fcndige Bootssafari am Morgen. Sie haben die M\u00f6glichkeit, Krokodile, Flusspferde und alle anderen Tiere zu sehen, die morgens zum Trinken kommen. Sie werden auch zahlreiche ungew\u00f6hnliche V\u00f6gel sehen. Am Ende werden Sie zum Flugplatz gebracht. Flug nach Sansibar. Treffen am Flughafen und R\u00fccktransfer zum Hotel.<\/p>\n<p><strong>Was ist inbegriffen:<\/strong><\/p>\n<ul>\n<li>Alle Transfers laut Programm<\/li>\n<li>Flug Sansibar \u2013 Selous \u2013 Sansibar<\/li>\n<li>Safari auf einem modernen 4x4-Jeep<\/li>\n<li>Drei Mahlzeiten am Tag<\/li>\n<li>Unterkunft in einer Lodge mit Swimmingpool<\/li>\n<li>Getr\u00e4nke w\u00e4hrend der Safari<\/li>\n<li>F\u00fchrungsdienste<\/li>\n<li>Boot auf dem Rufiji-Fluss (am zweiten Tag)<\/li>\n<\/ul>\n<p><strong>Mitnehmen:<\/strong><\/p>\n<ul>\n<li>Reisepass. Obwohl Sansibar zu Tansania geh\u00f6rt, durchlaufen wir alle die Passkontrolle am Flughafen;<\/li>\n<li>Bequeme Schuhe und Kleidung. Leichte Hosen, Langarmhemd, T-Shirt, pers\u00f6nliche Gegenst\u00e4nde (bis 5 kg);<\/li>\n<li>Eine Jacke bei Regen oder einem k\u00fchlen Abend;<\/li>\n<li>Foto-Video-Technik. Laden Sie Ihre Ger\u00e4te im Voraus auf;<\/li>\n<li>Wechseln Sie Geld in kleine Scheine. Sie werden n\u00fctzlich sein, um Souvenirs zu kaufen und den Rangern Trinkgeld zu geben. Empfohlenes Trinkgeld: 5 \u20ac pro Person;<\/li>\n<li>Morgensnack (erkl\u00e4ren Sie an der Hotelrezeption, dass Sie fr\u00fchmorgens einen Ausflug machen und eine Lunchbox vorbereiten m\u00fcssen, Hotels bieten diesen Service kostenlos an);<\/li>\n<li><span class=\"fontstyle0\">Sonnenbrillen und Panama, Sonnencreme;<\/span><\/li>\n<li><span class=\"fontstyle0\">Produkte f\u00fcr die pers\u00f6nliche Hygiene, pers\u00f6nliche Erste-Hilfe-Ausr\u00fcstung;<\/span><\/li>\n<li><span class=\"fontstyle0\">Handgel desinfizierend.<\/span><\/li>\n<\/ul>","protected":false},"excerpt":{"rendered":"<p>Die beliebteste Safari <strong>\"All-Inclusive\"<\/strong>, f\u00fcr Reisende, die eine Safari unternehmen m\u00f6chten, ohne viel Zeit und Geld zu investieren.<\/p>","protected":false},"featured_media":25608,"template":"","meta":{"_kad_post_transparent":"default","_kad_post_title":"","_kad_post_layout":"default","_kad_post_sidebar_id":"","_kad_post_content_style":"default","_kad_post_vertical_padding":"default","_kad_post_feature":"","_kad_post_feature_position":"","_kad_post_header":false,"_kad_post_footer":false,"_kad_post_classname":"","_glsr_average":0,"_glsr_ranking":0,"_glsr_reviews":0},"product_brand":[],"product_cat":[455],"product_tag":[],"class_list":{"0":"post-16550","1":"product","2":"type-product","3":"status-publish","4":"has-post-thumbnail","6":"product_cat-zanzibar","7":"tm-no-options-pxq","9":"first","10":"instock","11":"sold-individually","12":"taxable","13":"shipping-taxable","14":"purchasable","15":"product-type-simple","16":"entry","17":"content-bg","18":"loop-entry"},"yoast_head":"<!-- This site is optimized with the Yoast SEO plugin v27.3 - https:\/\/yoast.com\/product\/yoast-seo-wordpress\/ -->\n<title>\u0421\u0430\u0444\u0430\u0440\u0438-\u043f\u0430\u0440\u043a \u0421\u0435\u043b\u0443\u0441 \u043d\u0430 2 \u0434\u043d\u044f &#8226; \u042d\u043a\u0441\u043a\u0443\u0440\u0441\u0438\u0438 Skyline<\/title>\n<meta name=\"robots\" content=\"index, follow, max-snippet:-1, max-image-preview:large, max-video-preview:-1\" \/>\n<link rel=\"canonical\" href=\"https:\/\/skyline-gs.com\/de\/produkt\/selous-safari-park-2-days-zanzibar\/\" \/>\n<meta property=\"og:locale\" content=\"de_DE\" \/>\n<meta property=\"og:type\" content=\"article\" \/>\n<meta property=\"og:title\" content=\"\u0421\u0430\u0444\u0430\u0440\u0438-\u043f\u0430\u0440\u043a \u0421\u0435\u043b\u0443\u0441 \u043d\u0430 2 \u0434\u043d\u044f &#8226; \u042d\u043a\u0441\u043a\u0443\u0440\u0441\u0438\u0438 Skyline\" \/>\n<meta property=\"og:description\" content=\"\u0421\u0430\u043c\u043e\u0435 \u043f\u043e\u043f\u0443\u043b\u044f\u0440\u043d\u043e\u0435 \u0441\u0430\u0444\u0430\u0440\u0438 &quot;\u0432\u0441\u0435 \u0432\u043a\u043b\u044e\u0447\u0435\u043d\u043e&quot;, \u0434\u043b\u044f \u043f\u0443\u0442\u0435\u0448\u0435\u0441\u0442\u0432\u0435\u043d\u043d\u0438\u043a\u043e\u0432, \u043a\u043e\u0442\u043e\u0440\u044b\u0435 \u0445\u043e\u0442\u044f\u0442 \u043f\u043e\u0431\u044b\u0432\u0430\u0442\u044c \u043d\u0430 \u0441\u0430\u0444\u0430\u0440\u0438, \u043d\u0435 \u0442\u0440\u0430\u0442\u044f \u043c\u043d\u043e\u0433\u043e \u0432\u0440\u0435\u043c\u0435\u043d\u0438 \u0438 \u0441\u0440\u0435\u0434\u0441\u0442\u0432.\" \/>\n<meta property=\"og:url\" content=\"https:\/\/skyline-gs.com\/de\/produkt\/selous-safari-park-2-days-zanzibar\/\" \/>\n<meta property=\"og:site_name\" content=\"\u042d\u043a\u0441\u043a\u0443\u0440\u0441\u0438\u0438 Skyline\" \/>\n<meta property=\"article:modified_time\" content=\"2024-01-24T15:11:50+00:00\" \/>\n<meta property=\"og:image\" content=\"https:\/\/skyline-gs.com\/wp-content\/uploads\/2020\/12\/Selus-dlya-sajta-20-of-29.jpg\" \/>\n\t<meta property=\"og:image:width\" content=\"900\" \/>\n\t<meta property=\"og:image:height\" content=\"600\" \/>\n\t<meta property=\"og:image:type\" content=\"image\/jpeg\" \/>\n<meta name=\"twitter:card\" content=\"summary_large_image\" \/>\n<meta name=\"twitter:label1\" content=\"Gesch\u00e4tzte Lesezeit\" \/>\n\t<meta name=\"twitter:data1\" content=\"3\u00a0Minuten\" \/>\n<script type=\"application\/ld+json\" class=\"yoast-schema-graph\">{\"@context\":\"https:\\\/\\\/schema.org\",\"@graph\":[{\"@type\":\"WebPage\",\"@id\":\"https:\\\/\\\/skyline-gs.com\\\/en\\\/product-2\\\/selous-safari-park-2-days-zanzibar\\\/\",\"url\":\"https:\\\/\\\/skyline-gs.com\\\/en\\\/product-2\\\/selous-safari-park-2-days-zanzibar\\\/\",\"name\":\"\u0421\u0430\u0444\u0430\u0440\u0438-\u043f\u0430\u0440\u043a \u0421\u0435\u043b\u0443\u0441 \u043d\u0430 2 \u0434\u043d\u044f &#8226; \u042d\u043a\u0441\u043a\u0443\u0440\u0441\u0438\u0438 Skyline\",\"isPartOf\":{\"@id\":\"https:\\\/\\\/skyline-gs.com\\\/it\\\/#website\"},\"primaryImageOfPage\":{\"@id\":\"https:\\\/\\\/skyline-gs.com\\\/en\\\/product-2\\\/selous-safari-park-2-days-zanzibar\\\/#primaryimage\"},\"image\":{\"@id\":\"https:\\\/\\\/skyline-gs.com\\\/en\\\/product-2\\\/selous-safari-park-2-days-zanzibar\\\/#primaryimage\"},\"thumbnailUrl\":\"https:\\\/\\\/skyline-gs.com\\\/wp-content\\\/uploads\\\/2020\\\/12\\\/Selus-dlya-sajta-20-of-29.jpg\",\"datePublished\":\"2020-12-14T23:33:09+00:00\",\"dateModified\":\"2024-01-24T15:11:50+00:00\",\"breadcrumb\":{\"@id\":\"https:\\\/\\\/skyline-gs.com\\\/en\\\/product-2\\\/selous-safari-park-2-days-zanzibar\\\/#breadcrumb\"},\"inLanguage\":\"de\",\"potentialAction\":[{\"@type\":\"ReadAction\",\"target\":[\"https:\\\/\\\/skyline-gs.com\\\/en\\\/product-2\\\/selous-safari-park-2-days-zanzibar\\\/\"]}]},{\"@type\":\"ImageObject\",\"inLanguage\":\"de\",\"@id\":\"https:\\\/\\\/skyline-gs.com\\\/en\\\/product-2\\\/selous-safari-park-2-days-zanzibar\\\/#primaryimage\",\"url\":\"https:\\\/\\\/skyline-gs.com\\\/wp-content\\\/uploads\\\/2020\\\/12\\\/Selus-dlya-sajta-20-of-29.jpg\",\"contentUrl\":\"https:\\\/\\\/skyline-gs.com\\\/wp-content\\\/uploads\\\/2020\\\/12\\\/Selus-dlya-sajta-20-of-29.jpg\",\"width\":900,\"height\":600},{\"@type\":\"BreadcrumbList\",\"@id\":\"https:\\\/\\\/skyline-gs.com\\\/en\\\/product-2\\\/selous-safari-park-2-days-zanzibar\\\/#breadcrumb\",\"itemListElement\":[{\"@type\":\"ListItem\",\"position\":1,\"name\":\"\u0413\u043b\u0430\u0432\u043d\u0430\u044f \u0441\u0442\u0440\u0430\u043d\u0438\u0446\u0430\",\"item\":\"https:\\\/\\\/skyline-gs.com\\\/hu\\\/\"},{\"@type\":\"ListItem\",\"position\":2,\"name\":\"\u041c\u0430\u0433\u0430\u0437\u0438\u043d\",\"item\":\"https:\\\/\\\/skyline-gs.com\\\/cs\\\/shop\\\/\"},{\"@type\":\"ListItem\",\"position\":3,\"name\":\"\u0421\u0430\u0444\u0430\u0440\u0438-\u043f\u0430\u0440\u043a \u0421\u0435\u043b\u0443\u0441 \u043d\u0430 2 \u0434\u043d\u044f\"}]},{\"@type\":\"WebSite\",\"@id\":\"https:\\\/\\\/skyline-gs.com\\\/it\\\/#website\",\"url\":\"https:\\\/\\\/skyline-gs.com\\\/it\\\/\",\"name\":\"\u042d\u043a\u0441\u043a\u0443\u0440\u0441\u0438\u0438 Skyline\",\"description\":\"\u042d\u043a\u0441\u043a\u043b\u044e\u0437\u0438\u0432\u043d\u044b\u0435 \u044d\u043a\u0441\u043a\u0443\u0440\u0441\u0438\u0438 \u043d\u0430 \u043b\u0443\u0447\u0448\u0438\u0445 \u043a\u0443\u0440\u043e\u0440\u0442\u0430\u0445 \u043c\u0438\u0440\u0430\",\"publisher\":{\"@id\":\"https:\\\/\\\/skyline-gs.com\\\/it\\\/#organization\"},\"alternateName\":\"Skyline\",\"potentialAction\":[{\"@type\":\"SearchAction\",\"target\":{\"@type\":\"EntryPoint\",\"urlTemplate\":\"https:\\\/\\\/skyline-gs.com\\\/it\\\/?s={search_term_string}\"},\"query-input\":{\"@type\":\"PropertyValueSpecification\",\"valueRequired\":true,\"valueName\":\"search_term_string\"}}],\"inLanguage\":\"de\"},{\"@type\":\"Organization\",\"@id\":\"https:\\\/\\\/skyline-gs.com\\\/it\\\/#organization\",\"name\":\"\u042d\u043a\u0441\u043a\u0443\u0440\u0441\u0438\u0438 Skyline\",\"alternateName\":\"\u042d\u043a\u0441\u043a\u0443\u0440\u0441\u0438\u0438 Skyline\",\"url\":\"https:\\\/\\\/skyline-gs.com\\\/it\\\/\",\"logo\":{\"@type\":\"ImageObject\",\"inLanguage\":\"de\",\"@id\":\"https:\\\/\\\/skyline-gs.com\\\/it\\\/#\\\/schema\\\/logo\\\/image\\\/\",\"url\":\"https:\\\/\\\/skyline-gs.com\\\/wp-content\\\/uploads\\\/2020\\\/12\\\/cropped-logo-2.png\",\"contentUrl\":\"https:\\\/\\\/skyline-gs.com\\\/wp-content\\\/uploads\\\/2020\\\/12\\\/cropped-logo-2.png\",\"width\":512,\"height\":512,\"caption\":\"\u042d\u043a\u0441\u043a\u0443\u0440\u0441\u0438\u0438 Skyline\"},\"image\":{\"@id\":\"https:\\\/\\\/skyline-gs.com\\\/it\\\/#\\\/schema\\\/logo\\\/image\\\/\"},\"sameAs\":[\"https:\\\/\\\/www.instagram.com\\\/skylineglobalservice\\\/\"]}]}<\/script>\n<!-- \/ Yoast SEO plugin. -->","yoast_head_json":{"title":"\u0421\u0430\u0444\u0430\u0440\u0438-\u043f\u0430\u0440\u043a \u0421\u0435\u043b\u0443\u0441 \u043d\u0430 2 \u0434\u043d\u044f &#8226; \u042d\u043a\u0441\u043a\u0443\u0440\u0441\u0438\u0438 Skyline","robots":{"index":"index","follow":"follow","max-snippet":"max-snippet:-1","max-image-preview":"max-image-preview:large","max-video-preview":"max-video-preview:-1"},"canonical":"https:\/\/skyline-gs.com\/de\/produkt\/selous-safari-park-2-days-zanzibar\/","og_locale":"de_DE","og_type":"article","og_title":"\u0421\u0430\u0444\u0430\u0440\u0438-\u043f\u0430\u0440\u043a \u0421\u0435\u043b\u0443\u0441 \u043d\u0430 2 \u0434\u043d\u044f &#8226; \u042d\u043a\u0441\u043a\u0443\u0440\u0441\u0438\u0438 Skyline","og_description":"\u0421\u0430\u043c\u043e\u0435 \u043f\u043e\u043f\u0443\u043b\u044f\u0440\u043d\u043e\u0435 \u0441\u0430\u0444\u0430\u0440\u0438 \"\u0432\u0441\u0435 \u0432\u043a\u043b\u044e\u0447\u0435\u043d\u043e\", \u0434\u043b\u044f \u043f\u0443\u0442\u0435\u0448\u0435\u0441\u0442\u0432\u0435\u043d\u043d\u0438\u043a\u043e\u0432, \u043a\u043e\u0442\u043e\u0440\u044b\u0435 \u0445\u043e\u0442\u044f\u0442 \u043f\u043e\u0431\u044b\u0432\u0430\u0442\u044c \u043d\u0430 \u0441\u0430\u0444\u0430\u0440\u0438, \u043d\u0435 \u0442\u0440\u0430\u0442\u044f \u043c\u043d\u043e\u0433\u043e \u0432\u0440\u0435\u043c\u0435\u043d\u0438 \u0438 \u0441\u0440\u0435\u0434\u0441\u0442\u0432.","og_url":"https:\/\/skyline-gs.com\/de\/produkt\/selous-safari-park-2-days-zanzibar\/","og_site_name":"\u042d\u043a\u0441\u043a\u0443\u0440\u0441\u0438\u0438 Skyline","article_modified_time":"2024-01-24T15:11:50+00:00","og_image":[{"width":900,"height":600,"url":"https:\/\/skyline-gs.com\/wp-content\/uploads\/2020\/12\/Selus-dlya-sajta-20-of-29.jpg","type":"image\/jpeg"}],"twitter_card":"summary_large_image","twitter_misc":{"Gesch\u00e4tzte Lesezeit":"3\u00a0Minuten"},"schema":{"@context":"https:\/\/schema.org","@graph":[{"@type":"WebPage","@id":"https:\/\/skyline-gs.com\/en\/product-2\/selous-safari-park-2-days-zanzibar\/","url":"https:\/\/skyline-gs.com\/en\/product-2\/selous-safari-park-2-days-zanzibar\/","name":"\u0421\u0430\u0444\u0430\u0440\u0438-\u043f\u0430\u0440\u043a \u0421\u0435\u043b\u0443\u0441 \u043d\u0430 2 \u0434\u043d\u044f &#8226; \u042d\u043a\u0441\u043a\u0443\u0440\u0441\u0438\u0438 Skyline","isPartOf":{"@id":"https:\/\/skyline-gs.com\/it\/#website"},"primaryImageOfPage":{"@id":"https:\/\/skyline-gs.com\/en\/product-2\/selous-safari-park-2-days-zanzibar\/#primaryimage"},"image":{"@id":"https:\/\/skyline-gs.com\/en\/product-2\/selous-safari-park-2-days-zanzibar\/#primaryimage"},"thumbnailUrl":"https:\/\/skyline-gs.com\/wp-content\/uploads\/2020\/12\/Selus-dlya-sajta-20-of-29.jpg","datePublished":"2020-12-14T23:33:09+00:00","dateModified":"2024-01-24T15:11:50+00:00","breadcrumb":{"@id":"https:\/\/skyline-gs.com\/en\/product-2\/selous-safari-park-2-days-zanzibar\/#breadcrumb"},"inLanguage":"de","potentialAction":[{"@type":"ReadAction","target":["https:\/\/skyline-gs.com\/en\/product-2\/selous-safari-park-2-days-zanzibar\/"]}]},{"@type":"ImageObject","inLanguage":"de","@id":"https:\/\/skyline-gs.com\/en\/product-2\/selous-safari-park-2-days-zanzibar\/#primaryimage","url":"https:\/\/skyline-gs.com\/wp-content\/uploads\/2020\/12\/Selus-dlya-sajta-20-of-29.jpg","contentUrl":"https:\/\/skyline-gs.com\/wp-content\/uploads\/2020\/12\/Selus-dlya-sajta-20-of-29.jpg","width":900,"height":600},{"@type":"BreadcrumbList","@id":"https:\/\/skyline-gs.com\/en\/product-2\/selous-safari-park-2-days-zanzibar\/#breadcrumb","itemListElement":[{"@type":"ListItem","position":1,"name":"\u0413\u043b\u0430\u0432\u043d\u0430\u044f \u0441\u0442\u0440\u0430\u043d\u0438\u0446\u0430","item":"https:\/\/skyline-gs.com\/hu\/"},{"@type":"ListItem","position":2,"name":"\u041c\u0430\u0433\u0430\u0437\u0438\u043d","item":"https:\/\/skyline-gs.com\/cs\/shop\/"},{"@type":"ListItem","position":3,"name":"\u0421\u0430\u0444\u0430\u0440\u0438-\u043f\u0430\u0440\u043a \u0421\u0435\u043b\u0443\u0441 \u043d\u0430 2 \u0434\u043d\u044f"}]},{"@type":"WebSite","@id":"https:\/\/skyline-gs.com\/it\/#website","url":"https:\/\/skyline-gs.com\/it\/","name":"Skyline Ausfl\u00fcge","description":"Exklusive Ausfl\u00fcge in den besten Resorts der Welt","publisher":{"@id":"https:\/\/skyline-gs.com\/it\/#organization"},"alternateName":"Skyline","potentialAction":[{"@type":"SearchAction","target":{"@type":"EntryPoint","urlTemplate":"https:\/\/skyline-gs.com\/it\/?s={search_term_string}"},"query-input":{"@type":"PropertyValueSpecification","valueRequired":true,"valueName":"search_term_string"}}],"inLanguage":"de"},{"@type":"Organization","@id":"https:\/\/skyline-gs.com\/it\/#organization","name":"Skyline Ausfl\u00fcge","alternateName":"\u042d\u043a\u0441\u043a\u0443\u0440\u0441\u0438\u0438 Skyline","url":"https:\/\/skyline-gs.com\/it\/","logo":{"@type":"ImageObject","inLanguage":"de","@id":"https:\/\/skyline-gs.com\/it\/#\/schema\/logo\/image\/","url":"https:\/\/skyline-gs.com\/wp-content\/uploads\/2020\/12\/cropped-logo-2.png","contentUrl":"https:\/\/skyline-gs.com\/wp-content\/uploads\/2020\/12\/cropped-logo-2.png","width":512,"height":512,"caption":"\u042d\u043a\u0441\u043a\u0443\u0440\u0441\u0438\u0438 Skyline"},"image":{"@id":"https:\/\/skyline-gs.com\/it\/#\/schema\/logo\/image\/"},"sameAs":["https:\/\/www.instagram.com\/skylineglobalservice\/"]}]}},"_links":{"self":[{"href":"https:\/\/skyline-gs.com\/de\/wp-json\/wp\/v2\/product\/16550","targetHints":{"allow":["GET"]}}],"collection":[{"href":"https:\/\/skyline-gs.com\/de\/wp-json\/wp\/v2\/product"}],"about":[{"href":"https:\/\/skyline-gs.com\/de\/wp-json\/wp\/v2\/types\/product"}],"version-history":[{"count":0,"href":"https:\/\/skyline-gs.com\/de\/wp-json\/wp\/v2\/product\/16550\/revisions"}],"wp:featuredmedia":[{"embeddable":true,"href":"https:\/\/skyline-gs.com\/de\/wp-json\/wp\/v2\/media\/25608"}],"wp:attachment":[{"href":"https:\/\/skyline-gs.com\/de\/wp-json\/wp\/v2\/media?parent=16550"}],"wp:term":[{"taxonomy":"product_brand","embeddable":true,"href":"https:\/\/skyline-gs.com\/de\/wp-json\/wp\/v2\/product_brand?post=16550"},{"taxonomy":"product_cat","embeddable":true,"href":"https:\/\/skyline-gs.com\/de\/wp-json\/wp\/v2\/product_cat?post=16550"},{"taxonomy":"product_tag","embeddable":true,"href":"https:\/\/skyline-gs.com\/de\/wp-json\/wp\/v2\/product_tag?post=16550"}],"curies":[{"name":"wp","href":"https:\/\/api.w.org\/{rel}","templated":true}]}}