{"id":75244,"date":"2026-02-26T00:14:20","date_gmt":"2026-02-25T22:14:20","guid":{"rendered":"https:\/\/skyline-gs.com\/?post_type=product&#038;p=75244"},"modified":"2026-04-09T15:42:54","modified_gmt":"2026-04-09T13:42:54","slug":"malajsie-singapur-4-dny-nha-trang","status":"publish","type":"product","link":"https:\/\/skyline-gs.com\/cs\/product\/malaysia-singapore-4-days-nha-trang\/","title":{"rendered":"Malajsie + Singapur 4 dny"},"content":{"rendered":"<p>Tento z\u00e1jezd je dokonalou kombinac\u00ed dvou pulzuj\u00edc\u00edch hlavn\u00edch m\u011bst jihov\u00fdchodn\u00ed Asie. B\u011bhem jednoho v\u00fdletu pozn\u00e1te modern\u00ed metropole. <span class=\"hover:entity-accent entity-underline inline cursor-pointer align-baseline\"><span class=\"whitespace-normal\">Kuala Lumpur<\/span><\/span> a supermodern\u00ed m\u011bsto budoucnosti. <span class=\"hover:entity-accent entity-underline inline cursor-pointer align-baseline\"><span class=\"whitespace-normal\">Singapur<\/span><\/span>. \u010cekaj\u00ed na v\u00e1s pohodln\u00e9 lety, ubytov\u00e1n\u00ed ve 4* hotelech v centru m\u011bsta a bohat\u00e9 pozn\u00e1vac\u00ed programy.<\/p>\n<p><strong data-start=\"605\" data-end=\"615\">Den 1<\/strong><\/p>\n<p><strong>9:00 - Odjezd z hotelov\u00e9 haly.\u00a0<\/strong>Transfer z leti\u0161t\u011b.<\/p>\n<ul>\n<li>12:00 - Odlet do Kuala Lumpuru.<\/li>\n<li>15:25 \u2014 <strong>Setk\u00e1n\u00ed na leti\u0161ti se jmenovkou<\/strong>, s va\u0161imi jm\u00e9ny.<\/li>\n<li><strong>P\u0159enos<\/strong>\u00a0do hotelu.<\/li>\n<li>17:00 - Odbaven\u00ed\u00a0<strong>4* hotel v centru Kuala Lumpuru.<\/strong><\/li>\n<li><strong>Voln\u00fd \u010das<\/strong> na ve\u010dern\u00ed proch\u00e1zku m\u011bstem.<\/li>\n<\/ul>\n<p><strong data-start=\"888\" data-end=\"898\">Den 2<\/strong><\/p>\n<ul>\n<li>7:00 \u2014 <strong>Sn\u00eddan\u011b v hotelu<\/strong>.<\/li>\n<li>10:00 \u2014\u00a0<strong>Prohl\u00eddka pam\u00e1tek<\/strong>\u00a0o Kuala Lumpur\u00a0<strong>v osobn\u00edm aut\u011b.<\/strong><\/li>\n<li data-start=\"972\" data-end=\"1023\"><strong>Jeskyn\u011b Batu<\/strong>\u00a0- hlavn\u00ed hinduistickou svatyni v zemi.<\/li>\n<li data-start=\"972\" data-end=\"1023\"><strong>Kr\u00e1lovsk\u00fd pal\u00e1c.<\/strong><\/li>\n<li data-start=\"972\" data-end=\"1023\"><strong>Televizn\u00ed v\u011b\u017e Menara KL<\/strong>\u00a0(voliteln\u00e1 vyhl\u00eddkov\u00e1 plo\u0161ina se plat\u00ed zvl\u00e1\u0161\u0165).<\/li>\n<li data-start=\"972\" data-end=\"1023\"><strong>N\u00e1m\u011bst\u00ed nez\u00e1vislosti<\/strong>\u00a0- Britsk\u00e9 koloni\u00e1ln\u00ed d\u011bdictv\u00ed.<\/li>\n<li data-start=\"972\" data-end=\"1023\"><strong>Chr\u00e1m Tian Hu<\/strong>\u00a0s p\u0159\u00edle\u017eitost\u00ed ke \u010dten\u00ed pro \u0161t\u011bst\u00ed.<\/li>\n<li data-start=\"972\" data-end=\"1023\"><strong>N\u00e1rodn\u00ed me\u0161ita Negara.<\/strong><\/li>\n<li data-start=\"972\" data-end=\"1023\"><strong>\u017delezni\u010dn\u00ed budova<\/strong>\u00a0koloni\u00e1ln\u00ed styl.<\/li>\n<li data-start=\"972\" data-end=\"1023\"><strong>\u010c\u00ednsk\u00e1 \u010dtvr\u0165 Chinatown<\/strong>\u00a0a star\u00e9 m\u011bsto.<\/li>\n<li data-start=\"972\" data-end=\"1023\"><strong>Dvoj\u010data Petronas.<\/strong>\u00a0- symbol Malajsie.<\/li>\n<li data-start=\"972\" data-end=\"1023\">15:00 - Voln\u00fd \u010das.<\/li>\n<li><strong>P\u0159enos<\/strong>\u00a0na leti\u0161t\u011b.<\/li>\n<li>Let <strong>Z Kuala Lumpuru do Singapuru.<\/strong><\/li>\n<li data-start=\"435\" data-end=\"507\"><strong>Vyzvednut\u00ed na leti\u0161ti<\/strong> s tabulkou s va\u0161imi jm\u00e9ny.<\/li>\n<li data-start=\"435\" data-end=\"507\">Transfer a p\u0159ihl\u00e1\u0161en\u00ed <strong>4* hotel v centru Singapuru<\/strong>.<\/li>\n<li data-start=\"510\" data-end=\"661\"><strong>Ve\u010dern\u00ed prohl\u00eddka pam\u00e1tek<\/strong>: <strong>Star\u00e9 m\u011bsto<\/strong>, symbol Singapuru - <strong>Merlion<\/strong>, <strong>pramen bohatstv\u00ed<\/strong>, <strong>\u010c\u00ednsk\u00e1 \u010dtvr\u0165<\/strong>, nejv\u011bt\u0161\u00ed buddhistick\u00fd chr\u00e1m <strong>Buddh\u016fv zub<\/strong>.<\/li>\n<\/ul>\n<p><strong data-start=\"888\" data-end=\"898\">Den 3<\/strong><\/p>\n<ul>\n<li>7:00 \u2014 <strong>Sn\u00eddan\u011b v hotelu<\/strong>.<\/li>\n<li><strong>Voln\u00fd \u010das<\/strong>. Hotel se nach\u00e1z\u00ed v centru m\u011bsta, tak\u017ee se p\u011b\u0161ky dostanete k superstrom\u016fm v Gardens by the Bay, do singapursk\u00e9 botanick\u00e9 zahrady (UNESCO) a do oblasti Marina Bay - ve\u010dern\u00ed p\u0159edstaven\u00ed s font\u00e1nami, vyhl\u00eddkov\u00e9 terasy a restaurace.<\/li>\n<\/ul>\n<p><strong data-start=\"1585\" data-end=\"1595\">Den 4<\/strong><\/p>\n<ul>\n<li>7:00 \u2014 <strong>Sn\u00eddan\u011b v hotelu<\/strong>.<\/li>\n<li>10:00 - Transfer na leti\u0161t\u011b.<\/li>\n<li>13:00 \u2014 <strong>Singapur - Ho \u010ci Minovo M\u011bsto - Nha Trang.<\/strong><\/li>\n<li>17:30 - Setk\u00e1n\u00ed s \u0159idi\u010dem s cedul\u00ed na leti\u0161ti.<\/li>\n<li>18:00 - Transfer do hotelu.<\/li>\n<\/ul>\n<p><strong>19:00 - N\u00e1vrat do hotelu.<\/strong><\/p>\n<p><strong>V\u010detn\u011b:<\/strong><\/p>\n<ul>\n<li>Transfery z hotelu a do hotelu<\/li>\n<li>Transfery z leti\u0161t\u011b soukrom\u00fdm vozem<\/li>\n<li data-start=\"2261\" data-end=\"2295\">V\u0161echny vstupenky podle programu<\/li>\n<li data-start=\"2298\" data-end=\"2320\">rusky mluv\u00edc\u00ed pr\u016fvodce<\/li>\n<li>4* hotel v centru Kuala Lumpuru<\/li>\n<li data-start=\"2298\" data-end=\"2320\">4* hotel v centru Singapuru<\/li>\n<li data-start=\"2323\" data-end=\"2344\">Stravov\u00e1n\u00ed (sn\u00eddan\u011b)<\/li>\n<\/ul>\n<p><strong data-start=\"1939\" data-end=\"1955\">Nen\u00ed sou\u010d\u00e1st\u00ed dod\u00e1vky:<\/strong><\/p>\n<ul>\n<li data-start=\"2370\" data-end=\"2401\">Letenky (cca 500 - 600$). N\u00e1\u0161 mana\u017eer v\u00e1m pom\u016f\u017ee naj\u00edt nejlep\u0161\u00ed letenky za nejlep\u0161\u00ed cenu.<\/li>\n<li data-start=\"2404\" data-end=\"2433\">P\u0159\u00edplatek za jednol\u016f\u017ekov\u00fd pokoj +260$<\/li>\n<\/ul>\n<p><strong>Vezm\u011bte si ji s sebou:<\/strong><\/p>\n<ul>\n<li>Pas<\/li>\n<li>Pokr\u00fdvky hlavy a slune\u010dn\u00ed br\u00fdle<\/li>\n<li>Pen\u00edze na osobn\u00ed v\u00fddaje<\/li>\n<\/ul>\n<p><strong>Dal\u0161\u00ed informace:<\/strong><\/p>\n<ul>\n<li><strong>\u017d\u00e1dost o v\u00edzum <span class=\"hover:entity-accent entity-underline inline cursor-pointer align-baseline\"><span class=\"whitespace-normal\">Singapur<\/span><\/span> nen\u00ed vy\u017eadov\u00e1no<\/strong>, Vzhledem k tomu, \u017ee n\u00e1v\u0161t\u011bva zem\u011b prob\u00edh\u00e1 ve form\u00e1tu <strong data-start=\"203\" data-end=\"229\">tranzitn\u00ed pobyt<\/strong> (let Malajsie-Singapur-Vietnam).<\/li>\n<li data-start=\"284\" data-end=\"501\">Do Singapuru vstupujete jako tranzitn\u00ed cestuj\u00edc\u00ed s potvrzenou letenkou do t\u0159et\u00ed zem\u011b (Vietnamu), co\u017e v\u00e1m umo\u017e\u0148uje z\u016fstat v zemi bez p\u0159edchoz\u00edho vy\u0159\u00edzen\u00ed v\u00edza a z\u00e1rove\u0148 dodr\u017eovat platn\u00e9 migra\u010dn\u00ed p\u0159edpisy.<\/li>\n<li data-start=\"284\" data-end=\"501\">Na\u0161i mana\u017ee\u0159i p\u0159edem zkontroluj\u00ed itiner\u00e1\u0159 a letenky, aby va\u0161e cesta byla pohodln\u00e1 a bez zbyte\u010dn\u00fdch formalit.<\/li>\n<\/ul>\n<p><strong>Podm\u00ednky rezervace:<\/strong><\/p>\n<ul>\n<li>P\u0159edplacen\u00fd 50%<\/li>\n<\/ul>","protected":false},"excerpt":{"rendered":"<p><strong>Doba prohl\u00eddky:<\/strong> 4 dny<\/p>\n<p><strong>Dny zadr\u017een\u00ed:<\/strong> Ka\u017ed\u00fd den.<\/p>","protected":false},"featured_media":75245,"template":"","meta":{"_kad_post_transparent":"default","_kad_post_title":"","_kad_post_layout":"default","_kad_post_sidebar_id":"","_kad_post_content_style":"default","_kad_post_vertical_padding":"default","_kad_post_feature":"","_kad_post_feature_position":"","_kad_post_header":false,"_kad_post_footer":false,"_kad_post_classname":"","_glsr_average":0,"_glsr_ranking":0,"_glsr_reviews":0},"product_brand":[],"product_cat":[437],"product_tag":[],"class_list":{"0":"post-75244","1":"product","2":"type-product","3":"status-publish","4":"has-post-thumbnail","6":"product_cat-nha-trang","7":"tm-has-options","9":"first","10":"instock","11":"sold-individually","12":"taxable","13":"shipping-taxable","14":"purchasable","15":"product-type-simple","16":"entry","17":"content-bg","18":"loop-entry"},"yoast_head":"<!-- This site is optimized with the Yoast SEO plugin v27.4 - https:\/\/yoast.com\/product\/yoast-seo-wordpress\/ -->\n<title>\u041c\u0430\u043b\u0430\u0439\u0437\u0438\u044f + \u0421\u0438\u043d\u0433\u0430\u043f\u0443\u0440 4 \u0434\u043d\u044f &#8226; \u042d\u043a\u0441\u043a\u0443\u0440\u0441\u0438\u0438 Skyline<\/title>\n<meta name=\"robots\" content=\"index, follow, max-snippet:-1, max-image-preview:large, max-video-preview:-1\" \/>\n<link rel=\"canonical\" href=\"https:\/\/skyline-gs.com\/cs\/produkt\/malajsie-singapur-4-dny-nha-trang\/\" \/>\n<meta property=\"og:locale\" content=\"cs_CZ\" \/>\n<meta property=\"og:type\" content=\"article\" \/>\n<meta property=\"og:title\" content=\"\u041c\u0430\u043b\u0430\u0439\u0437\u0438\u044f + \u0421\u0438\u043d\u0433\u0430\u043f\u0443\u0440 4 \u0434\u043d\u044f &#8226; \u042d\u043a\u0441\u043a\u0443\u0440\u0441\u0438\u0438 Skyline\" \/>\n<meta property=\"og:description\" content=\"\u0412\u0440\u0435\u043c\u044f \u0442\u0443\u0440\u0430: 4 \u0434\u043d\u044f  \u0414\u043d\u0438 \u043f\u0440\u043e\u0432\u0435\u0434\u0435\u043d\u0438\u044f: \u041a\u0430\u0436\u0434\u044b\u0439 \u0434\u0435\u043d\u044c\" \/>\n<meta property=\"og:url\" content=\"https:\/\/skyline-gs.com\/cs\/produkt\/malajsie-singapur-4-dny-nha-trang\/\" \/>\n<meta property=\"og:site_name\" content=\"\u042d\u043a\u0441\u043a\u0443\u0440\u0441\u0438\u0438 Skyline\" \/>\n<meta property=\"article:modified_time\" content=\"2026-04-09T13:42:54+00:00\" \/>\n<meta property=\"og:image\" content=\"https:\/\/skyline-gs.com\/wp-content\/uploads\/2026\/02\/27.png\" \/>\n\t<meta property=\"og:image:width\" content=\"669\" \/>\n\t<meta property=\"og:image:height\" content=\"446\" \/>\n\t<meta property=\"og:image:type\" content=\"image\/png\" \/>\n<meta name=\"twitter:card\" content=\"summary_large_image\" \/>\n<meta name=\"twitter:label1\" content=\"Odhadovan\u00e1 doba \u010dten\u00ed\" \/>\n\t<meta name=\"twitter:data1\" content=\"3 minuty\" \/>\n<script type=\"application\/ld+json\" class=\"yoast-schema-graph\">{\"@context\":\"https:\\\/\\\/schema.org\",\"@graph\":[{\"@type\":\"WebPage\",\"@id\":\"https:\\\/\\\/skyline-gs.com\\\/product\\\/malaysia-singapore-4-days-nha-trang\\\/\",\"url\":\"https:\\\/\\\/skyline-gs.com\\\/product\\\/malaysia-singapore-4-days-nha-trang\\\/\",\"name\":\"\u041c\u0430\u043b\u0430\u0439\u0437\u0438\u044f + \u0421\u0438\u043d\u0433\u0430\u043f\u0443\u0440 4 \u0434\u043d\u044f &#8226; \u042d\u043a\u0441\u043a\u0443\u0440\u0441\u0438\u0438 Skyline\",\"isPartOf\":{\"@id\":\"https:\\\/\\\/skyline-gs.com\\\/it\\\/#website\"},\"primaryImageOfPage\":{\"@id\":\"https:\\\/\\\/skyline-gs.com\\\/product\\\/malaysia-singapore-4-days-nha-trang\\\/#primaryimage\"},\"image\":{\"@id\":\"https:\\\/\\\/skyline-gs.com\\\/product\\\/malaysia-singapore-4-days-nha-trang\\\/#primaryimage\"},\"thumbnailUrl\":\"https:\\\/\\\/skyline-gs.com\\\/wp-content\\\/uploads\\\/2026\\\/02\\\/27.png\",\"datePublished\":\"2026-02-25T22:14:20+00:00\",\"dateModified\":\"2026-04-09T13:42:54+00:00\",\"breadcrumb\":{\"@id\":\"https:\\\/\\\/skyline-gs.com\\\/product\\\/malaysia-singapore-4-days-nha-trang\\\/#breadcrumb\"},\"inLanguage\":\"cs\",\"potentialAction\":[{\"@type\":\"ReadAction\",\"target\":[\"https:\\\/\\\/skyline-gs.com\\\/product\\\/malaysia-singapore-4-days-nha-trang\\\/\"]}]},{\"@type\":\"ImageObject\",\"inLanguage\":\"cs\",\"@id\":\"https:\\\/\\\/skyline-gs.com\\\/product\\\/malaysia-singapore-4-days-nha-trang\\\/#primaryimage\",\"url\":\"https:\\\/\\\/skyline-gs.com\\\/wp-content\\\/uploads\\\/2026\\\/02\\\/27.png\",\"contentUrl\":\"https:\\\/\\\/skyline-gs.com\\\/wp-content\\\/uploads\\\/2026\\\/02\\\/27.png\",\"width\":669,\"height\":446},{\"@type\":\"BreadcrumbList\",\"@id\":\"https:\\\/\\\/skyline-gs.com\\\/product\\\/malaysia-singapore-4-days-nha-trang\\\/#breadcrumb\",\"itemListElement\":[{\"@type\":\"ListItem\",\"position\":1,\"name\":\"\u0413\u043b\u0430\u0432\u043d\u0430\u044f \u0441\u0442\u0440\u0430\u043d\u0438\u0446\u0430\",\"item\":\"https:\\\/\\\/skyline-gs.com\\\/hu\\\/\"},{\"@type\":\"ListItem\",\"position\":2,\"name\":\"\u041c\u0430\u0433\u0430\u0437\u0438\u043d\",\"item\":\"https:\\\/\\\/skyline-gs.com\\\/cs\\\/shop\\\/\"},{\"@type\":\"ListItem\",\"position\":3,\"name\":\"\u041c\u0430\u043b\u0430\u0439\u0437\u0438\u044f + \u0421\u0438\u043d\u0433\u0430\u043f\u0443\u0440 4 \u0434\u043d\u044f\"}]},{\"@type\":\"WebSite\",\"@id\":\"https:\\\/\\\/skyline-gs.com\\\/it\\\/#website\",\"url\":\"https:\\\/\\\/skyline-gs.com\\\/it\\\/\",\"name\":\"\u042d\u043a\u0441\u043a\u0443\u0440\u0441\u0438\u0438 Skyline\",\"description\":\"\u042d\u043a\u0441\u043a\u043b\u044e\u0437\u0438\u0432\u043d\u044b\u0435 \u044d\u043a\u0441\u043a\u0443\u0440\u0441\u0438\u0438 \u043d\u0430 \u043b\u0443\u0447\u0448\u0438\u0445 \u043a\u0443\u0440\u043e\u0440\u0442\u0430\u0445 \u043c\u0438\u0440\u0430\",\"publisher\":{\"@id\":\"https:\\\/\\\/skyline-gs.com\\\/it\\\/#organization\"},\"alternateName\":\"Skyline\",\"potentialAction\":[{\"@type\":\"SearchAction\",\"target\":{\"@type\":\"EntryPoint\",\"urlTemplate\":\"https:\\\/\\\/skyline-gs.com\\\/it\\\/?s={search_term_string}\"},\"query-input\":{\"@type\":\"PropertyValueSpecification\",\"valueRequired\":true,\"valueName\":\"search_term_string\"}}],\"inLanguage\":\"cs\"},{\"@type\":\"Organization\",\"@id\":\"https:\\\/\\\/skyline-gs.com\\\/it\\\/#organization\",\"name\":\"\u042d\u043a\u0441\u043a\u0443\u0440\u0441\u0438\u0438 Skyline\",\"alternateName\":\"\u042d\u043a\u0441\u043a\u0443\u0440\u0441\u0438\u0438 Skyline\",\"url\":\"https:\\\/\\\/skyline-gs.com\\\/it\\\/\",\"logo\":{\"@type\":\"ImageObject\",\"inLanguage\":\"cs\",\"@id\":\"https:\\\/\\\/skyline-gs.com\\\/it\\\/#\\\/schema\\\/logo\\\/image\\\/\",\"url\":\"https:\\\/\\\/skyline-gs.com\\\/wp-content\\\/uploads\\\/2020\\\/12\\\/cropped-logo-2.png\",\"contentUrl\":\"https:\\\/\\\/skyline-gs.com\\\/wp-content\\\/uploads\\\/2020\\\/12\\\/cropped-logo-2.png\",\"width\":512,\"height\":512,\"caption\":\"\u042d\u043a\u0441\u043a\u0443\u0440\u0441\u0438\u0438 Skyline\"},\"image\":{\"@id\":\"https:\\\/\\\/skyline-gs.com\\\/it\\\/#\\\/schema\\\/logo\\\/image\\\/\"},\"sameAs\":[\"https:\\\/\\\/www.instagram.com\\\/skylineglobalservice\\\/\"]}]}<\/script>\n<!-- \/ Yoast SEO plugin. -->","yoast_head_json":{"title":"Malajsie + Singapur 4 dny - Skyline Excursions","robots":{"index":"index","follow":"follow","max-snippet":"max-snippet:-1","max-image-preview":"max-image-preview:large","max-video-preview":"max-video-preview:-1"},"canonical":"https:\/\/skyline-gs.com\/cs\/produkt\/malajsie-singapur-4-dny-nha-trang\/","og_locale":"cs_CZ","og_type":"article","og_title":"\u041c\u0430\u043b\u0430\u0439\u0437\u0438\u044f + \u0421\u0438\u043d\u0433\u0430\u043f\u0443\u0440 4 \u0434\u043d\u044f &#8226; \u042d\u043a\u0441\u043a\u0443\u0440\u0441\u0438\u0438 Skyline","og_description":"\u0412\u0440\u0435\u043c\u044f \u0442\u0443\u0440\u0430: 4 \u0434\u043d\u044f  \u0414\u043d\u0438 \u043f\u0440\u043e\u0432\u0435\u0434\u0435\u043d\u0438\u044f: \u041a\u0430\u0436\u0434\u044b\u0439 \u0434\u0435\u043d\u044c","og_url":"https:\/\/skyline-gs.com\/cs\/produkt\/malajsie-singapur-4-dny-nha-trang\/","og_site_name":"\u042d\u043a\u0441\u043a\u0443\u0440\u0441\u0438\u0438 Skyline","article_modified_time":"2026-04-09T13:42:54+00:00","og_image":[{"width":669,"height":446,"url":"https:\/\/skyline-gs.com\/wp-content\/uploads\/2026\/02\/27.png","type":"image\/png"}],"twitter_card":"summary_large_image","twitter_misc":{"Odhadovan\u00e1 doba \u010dten\u00ed":"3 minuty"},"schema":{"@context":"https:\/\/schema.org","@graph":[{"@type":"WebPage","@id":"https:\/\/skyline-gs.com\/product\/malaysia-singapore-4-days-nha-trang\/","url":"https:\/\/skyline-gs.com\/product\/malaysia-singapore-4-days-nha-trang\/","name":"Malajsie + Singapur 4 dny - Skyline Excursions","isPartOf":{"@id":"https:\/\/skyline-gs.com\/it\/#website"},"primaryImageOfPage":{"@id":"https:\/\/skyline-gs.com\/product\/malaysia-singapore-4-days-nha-trang\/#primaryimage"},"image":{"@id":"https:\/\/skyline-gs.com\/product\/malaysia-singapore-4-days-nha-trang\/#primaryimage"},"thumbnailUrl":"https:\/\/skyline-gs.com\/wp-content\/uploads\/2026\/02\/27.png","datePublished":"2026-02-25T22:14:20+00:00","dateModified":"2026-04-09T13:42:54+00:00","breadcrumb":{"@id":"https:\/\/skyline-gs.com\/product\/malaysia-singapore-4-days-nha-trang\/#breadcrumb"},"inLanguage":"cs","potentialAction":[{"@type":"ReadAction","target":["https:\/\/skyline-gs.com\/product\/malaysia-singapore-4-days-nha-trang\/"]}]},{"@type":"ImageObject","inLanguage":"cs","@id":"https:\/\/skyline-gs.com\/product\/malaysia-singapore-4-days-nha-trang\/#primaryimage","url":"https:\/\/skyline-gs.com\/wp-content\/uploads\/2026\/02\/27.png","contentUrl":"https:\/\/skyline-gs.com\/wp-content\/uploads\/2026\/02\/27.png","width":669,"height":446},{"@type":"BreadcrumbList","@id":"https:\/\/skyline-gs.com\/product\/malaysia-singapore-4-days-nha-trang\/#breadcrumb","itemListElement":[{"@type":"ListItem","position":1,"name":"\u0413\u043b\u0430\u0432\u043d\u0430\u044f \u0441\u0442\u0440\u0430\u043d\u0438\u0446\u0430","item":"https:\/\/skyline-gs.com\/hu\/"},{"@type":"ListItem","position":2,"name":"\u041c\u0430\u0433\u0430\u0437\u0438\u043d","item":"https:\/\/skyline-gs.com\/cs\/shop\/"},{"@type":"ListItem","position":3,"name":"\u041c\u0430\u043b\u0430\u0439\u0437\u0438\u044f + \u0421\u0438\u043d\u0433\u0430\u043f\u0443\u0440 4 \u0434\u043d\u044f"}]},{"@type":"WebSite","@id":"https:\/\/skyline-gs.com\/it\/#website","url":"https:\/\/skyline-gs.com\/it\/","name":"Skyline V\u00fdlety","description":"Exkluzivn\u00ed v\u00fdlety do nejlep\u0161\u00edch sv\u011btov\u00fdch letovisek","publisher":{"@id":"https:\/\/skyline-gs.com\/it\/#organization"},"alternateName":"Skyline","potentialAction":[{"@type":"SearchAction","target":{"@type":"EntryPoint","urlTemplate":"https:\/\/skyline-gs.com\/it\/?s={search_term_string}"},"query-input":{"@type":"PropertyValueSpecification","valueRequired":true,"valueName":"search_term_string"}}],"inLanguage":"cs"},{"@type":"Organization","@id":"https:\/\/skyline-gs.com\/it\/#organization","name":"Skyline V\u00fdlety","alternateName":"\u042d\u043a\u0441\u043a\u0443\u0440\u0441\u0438\u0438 Skyline","url":"https:\/\/skyline-gs.com\/it\/","logo":{"@type":"ImageObject","inLanguage":"cs","@id":"https:\/\/skyline-gs.com\/it\/#\/schema\/logo\/image\/","url":"https:\/\/skyline-gs.com\/wp-content\/uploads\/2020\/12\/cropped-logo-2.png","contentUrl":"https:\/\/skyline-gs.com\/wp-content\/uploads\/2020\/12\/cropped-logo-2.png","width":512,"height":512,"caption":"\u042d\u043a\u0441\u043a\u0443\u0440\u0441\u0438\u0438 Skyline"},"image":{"@id":"https:\/\/skyline-gs.com\/it\/#\/schema\/logo\/image\/"},"sameAs":["https:\/\/www.instagram.com\/skylineglobalservice\/"]}]}},"_links":{"self":[{"href":"https:\/\/skyline-gs.com\/cs\/wp-json\/wp\/v2\/product\/75244","targetHints":{"allow":["GET"]}}],"collection":[{"href":"https:\/\/skyline-gs.com\/cs\/wp-json\/wp\/v2\/product"}],"about":[{"href":"https:\/\/skyline-gs.com\/cs\/wp-json\/wp\/v2\/types\/product"}],"version-history":[{"count":0,"href":"https:\/\/skyline-gs.com\/cs\/wp-json\/wp\/v2\/product\/75244\/revisions"}],"wp:featuredmedia":[{"embeddable":true,"href":"https:\/\/skyline-gs.com\/cs\/wp-json\/wp\/v2\/media\/75245"}],"wp:attachment":[{"href":"https:\/\/skyline-gs.com\/cs\/wp-json\/wp\/v2\/media?parent=75244"}],"wp:term":[{"taxonomy":"product_brand","embeddable":true,"href":"https:\/\/skyline-gs.com\/cs\/wp-json\/wp\/v2\/product_brand?post=75244"},{"taxonomy":"product_cat","embeddable":true,"href":"https:\/\/skyline-gs.com\/cs\/wp-json\/wp\/v2\/product_cat?post=75244"},{"taxonomy":"product_tag","embeddable":true,"href":"https:\/\/skyline-gs.com\/cs\/wp-json\/wp\/v2\/product_tag?post=75244"}],"curies":[{"name":"wp","href":"https:\/\/api.w.org\/{rel}","templated":true}]}}