{"id":74970,"date":"2026-02-15T21:58:45","date_gmt":"2026-02-15T19:58:45","guid":{"rendered":"https:\/\/skyline-gs.com\/?post_type=product&#038;p=74970"},"modified":"2026-02-15T22:01:30","modified_gmt":"2026-02-15T20:01:30","slug":"yahta-royal-pool-do-25-chelovek","status":"publish","type":"product","link":"https:\/\/skyline-gs.com\/cs\/product\/yahta-royal-pool-do-25-chelovek\/","title":{"rendered":"Jachta s kr\u00e1lovsk\u00fdm baz\u00e9nem (a\u017e pro 25 osob)"},"content":{"rendered":"<div class=\"\">\n<div class=\"tour-schedule\">\n<p>Ci\u0165te se v\u00fdjime\u010dn\u011b na v\u00fdlet\u011b lod\u00ed organizovan\u00e9m jen pro v\u00e1s a va\u0161e bl\u00edzk\u00e9. M\u016f\u017eete si vybrat a rezervovat jeden ze 4 program\u016f:<\/p>\n<p><strong>Program 1: Prohl\u00eddka delf\u00edn\u016f, \u0161norchlov\u00e1n\u00ed a ostrov Abu Minkar<\/strong><\/p>\n<p>Ve vod\u00e1ch Rud\u00e9ho mo\u0159e na v\u00e1s \u010dek\u00e1 \u017eivotn\u00ed dobrodru\u017estv\u00ed. B\u011bhem tohoto v\u00fdletu se vyd\u00e1te hledat delf\u00edny v jejich p\u0159irozen\u00e9m prost\u0159ed\u00ed. Jakmile je najdete, budete m\u00edt mo\u017enost je pozorovat zbl\u00edzka a za p\u0159\u00edzniv\u00fdch podm\u00ednek si vedle nich zaplavat (p\u0159i dodr\u017een\u00ed v\u0161ech ekologick\u00fdch a bezpe\u010dnostn\u00edch p\u0159edpis\u016f).<br \/>\nPo setk\u00e1n\u00ed s delf\u00edny se jachta zastav\u00ed na \u0161norchlov\u00e1n\u00ed u nejlep\u0161\u00edch kor\u00e1lov\u00fdch \u00fates\u016f. M\u016f\u017eete se kochat pestrobarevn\u00fdm podmo\u0159sk\u00fdm sv\u011btem a k\u0159i\u0161\u0165\u00e1lov\u011b \u010distou vodou.<br \/>\nOdpoledne nav\u0161t\u00edv\u00edte ostrov Abu Minkar, malebn\u00fd divok\u00fd ostrov p\u0159\u00edstupn\u00fd pouze v r\u00e1mci soukrom\u00e9 prohl\u00eddky. Zde se m\u016f\u017eete koupat, opalovat a u\u017e\u00edvat si ticha a p\u0159\u00edrody.<br \/>\nB\u011bhem v\u00fdletu pro v\u00e1s bude p\u0159ipraven ob\u011bd formou otev\u0159en\u00e9ho bufetu.<\/p>\n<p><strong>Program 2: Prohl\u00eddka ostrov\u016f: Orange Bay \/ Paradise Island \/ Eden Island + \u0161norchlov\u00e1n\u00ed<\/strong><\/p>\n<p>Vyhn\u011bte se p\u0159epln\u011bn\u00fdm skupinov\u00fdm v\u00fdlet\u016fm a u\u017eijte si flexibiln\u00ed soukrom\u00fd v\u00fdlet na jeden z nejkr\u00e1sn\u011bj\u0161\u00edch ostrov\u016f v Hurghad\u011b: Orange Bay, Paradise Island nebo nov\u00fd Eden Island.<br \/>\nPo dovolen\u00e9 na ostrov\u011b v\u00e1s \u010dekaj\u00ed dv\u011b zast\u00e1vky na \u0161norchlov\u00e1n\u00ed na nejlep\u0161\u00edch m\u00edstech Rud\u00e9ho mo\u0159e. Vychutnejte si k\u0159i\u0161\u0165\u00e1lov\u011b \u010distou vodu, barevn\u00e9 kor\u00e1lov\u00e9 \u00fatesy a rozmanit\u00fd podmo\u0159sk\u00fd \u017eivot.<br \/>\nProhl\u00eddka zahrnuje ob\u011bd na palub\u011b.<br \/>\n<em><strong>Vstup na ostrovy se plat\u00ed zvl\u00e1\u0161\u0165: 10 \u20ac pro dosp\u011bl\u00e9 \/ 5 \u20ac pro d\u011bti.<\/strong><\/em><\/p>\n<p><strong>Program 3: Pot\u00e1p\u011b\u010dsk\u00fd v\u00fdlet (1-2 ponory)<\/strong><\/p>\n<p>Pono\u0159te se do \u00fa\u017easn\u00e9ho podmo\u0159sk\u00e9ho sv\u011bta Rud\u00e9ho mo\u0159e b\u011bhem 8hodinov\u00e9ho soukrom\u00e9ho pot\u00e1p\u011b\u010dsk\u00e9ho v\u00fdletu. Program je vhodn\u00fd pro za\u010d\u00e1te\u010dn\u00edky i zku\u0161en\u00e9 pot\u00e1p\u011b\u010de.<br \/>\nUskute\u010dn\u00edte 1 nebo 2 ponory na r\u016fzn\u00fdch pot\u00e1p\u011b\u010dsk\u00fdch lokalit\u00e1ch, jako je Abu Ramada, Small Giftun nebo Umm Ghummar. Doprov\u00e1zet v\u00e1s bude zku\u0161en\u00fd instruktor, kter\u00fd v\u00e1m pom\u016f\u017ee bezpe\u010dn\u011b objevovat kor\u00e1lov\u00e9 zahrady a bohat\u00fd podmo\u0159sk\u00fd sv\u011bt.<br \/>\n<em><strong>Vybaven\u00ed a soukrom\u00fd instruktor jsou za p\u0159\u00edplatek - 30 \u20ac za ponor.<\/strong><\/em><\/p>\n<p><strong>Program 4: Ryba\u0159en\u00ed a \u0161norchlov\u00e1n\u00ed<\/strong><\/p>\n<p>Pro\u017eijte nezapomenuteln\u00fd den p\u0159i hlubokomo\u0159sk\u00e9m rybolovu v Rud\u00e9m mo\u0159i. Kapit\u00e1n a pr\u016fvodce v\u00e1s vezmou na dv\u011b r\u016fzn\u00e1 ryb\u00e1\u0159sk\u00e1 m\u00edsta.<br \/>\nNa prvn\u00ed zast\u00e1vce m\u016f\u017eete nahodit sv\u00e9 n\u00e1\u010din\u00ed a s pomoc\u00ed pr\u016fvodce se pokusit ulovit velkou rybu. \u010cerstv\u00fd \u00falovek si m\u016f\u017eete ugrilovat na palub\u011b k ob\u011bdu nebo si vybrat jin\u00e9 pokrmy nab\u00edzen\u00e9 pos\u00e1dkou.<br \/>\nNa druh\u00e9m m\u00edst\u011b m\u016f\u017eete pokra\u010dovat v ryba\u0159en\u00ed nebo \u0161norchlov\u00e1n\u00ed v pr\u016fzra\u010dn\u00fdch vod\u00e1ch Rud\u00e9ho mo\u0159e.<\/p>\n<p><strong>V\u010detn\u011b:<\/strong><\/p>\n<ul>\n<li>Vybaven\u00ed pro \u0161norchlov\u00e1n\u00ed<\/li>\n<li>Osobn\u00ed pr\u016fvodce \u0161norchlov\u00e1n\u00edm<\/li>\n<li>P\u0159edkrmy<\/li>\n<li>N\u00e1poje<\/li>\n<li>Ob\u011bd<\/li>\n<li>Ovoce<\/li>\n<li>V\u0161echny poplatky a dan\u011b<\/li>\n<li>Transfer z hotelu a do hotelu<\/li>\n<\/ul>\n<p><strong>Vezm\u011bte si ji s sebou:<\/strong><\/p>\n<ul>\n<li>foto nebo video kamera<\/li>\n<li>Pokr\u00fdvka hlavy<\/li>\n<li>Ru\u010dn\u00edk<\/li>\n<li>Plavky \/ plavky<\/li>\n<li>Opalovac\u00ed kr\u00e9m<\/li>\n<\/ul>\n<p><strong>Rezervace:<\/strong><br \/>\nK vyd\u00e1n\u00ed turistick\u00e9ho povolen\u00ed je t\u0159eba p\u0159edlo\u017eit fotokopie cestovn\u00edch pas\u016f v\u0161ech \u00fa\u010dastn\u00edk\u016f z\u00e1jezdu a tak\u00e9 <strong>zaplatit z\u00e1lohu ve v\u00fd\u0161i 50$<\/strong>.<\/p>\n<\/div>\n<\/div>","protected":false},"excerpt":{"rendered":"<p><strong>D\u00e9lka pron\u00e1jmu:<\/strong> den<\/p>\n<p><strong>Kapacita: <\/strong>25\u00a0\u0447\u0435\u043b\u043e\u0432\u0435\u043a<\/p>","protected":false},"featured_media":74977,"template":"","meta":{"_kad_post_transparent":"default","_kad_post_title":"","_kad_post_layout":"default","_kad_post_sidebar_id":"","_kad_post_content_style":"default","_kad_post_vertical_padding":"default","_kad_post_feature":"","_kad_post_feature_position":"","_kad_post_header":false,"_kad_post_footer":false,"_kad_post_classname":"","_glsr_average":0,"_glsr_ranking":0,"_glsr_reviews":0},"product_brand":[],"product_cat":[481],"product_tag":[],"class_list":{"0":"post-74970","1":"product","2":"type-product","3":"status-publish","4":"has-post-thumbnail","6":"product_cat-hurghada-yachts","7":"tm-has-options","9":"first","10":"instock","11":"sold-individually","12":"taxable","13":"shipping-taxable","14":"purchasable","15":"product-type-simple","16":"entry","17":"content-bg","18":"loop-entry"},"yoast_head":"<!-- This site is optimized with the Yoast SEO plugin v27.3 - https:\/\/yoast.com\/product\/yoast-seo-wordpress\/ -->\n<title>\u042f\u0445\u0442\u0430 Royal Pool (\u0434\u043e 25 \u0447\u0435\u043b\u043e\u0432\u0435\u043a) &#8226; \u042d\u043a\u0441\u043a\u0443\u0440\u0441\u0438\u0438 Skyline<\/title>\n<meta name=\"robots\" content=\"index, follow, max-snippet:-1, max-image-preview:large, max-video-preview:-1\" \/>\n<link rel=\"canonical\" href=\"https:\/\/skyline-gs.com\/cs\/produkt\/yahta-royal-pool-do-25-chelovek\/\" \/>\n<meta property=\"og:locale\" content=\"cs_CZ\" \/>\n<meta property=\"og:type\" content=\"article\" \/>\n<meta property=\"og:title\" content=\"\u042f\u0445\u0442\u0430 Royal Pool (\u0434\u043e 25 \u0447\u0435\u043b\u043e\u0432\u0435\u043a) &#8226; \u042d\u043a\u0441\u043a\u0443\u0440\u0441\u0438\u0438 Skyline\" \/>\n<meta property=\"og:description\" content=\"\u0414\u043b\u0438\u0442\u0435\u043b\u044c\u043d\u043e\u0441\u0442\u044c \u0430\u0440\u0435\u043d\u0434\u044b: \u0434\u0435\u043d\u044c  \u0412\u043c\u0435\u0441\u0442\u0438\u0442\u0435\u043b\u044c\u043d\u043e\u0441\u0442\u044c: 25\u00a0\u0447\u0435\u043b\u043e\u0432\u0435\u043a\" \/>\n<meta property=\"og:url\" content=\"https:\/\/skyline-gs.com\/cs\/produkt\/yahta-royal-pool-do-25-chelovek\/\" \/>\n<meta property=\"og:site_name\" content=\"\u042d\u043a\u0441\u043a\u0443\u0440\u0441\u0438\u0438 Skyline\" \/>\n<meta property=\"article:modified_time\" content=\"2026-02-15T20:01:30+00:00\" \/>\n<meta property=\"og:image\" content=\"https:\/\/skyline-gs.com\/wp-content\/uploads\/2024\/08\/LoGo777.png\" \/>\n\t<meta property=\"og:image:width\" content=\"1080\" \/>\n\t<meta property=\"og:image:height\" content=\"1080\" \/>\n\t<meta property=\"og:image:type\" content=\"image\/png\" \/>\n<meta name=\"twitter:card\" content=\"summary_large_image\" \/>\n<meta name=\"twitter:label1\" content=\"Odhadovan\u00e1 doba \u010dten\u00ed\" \/>\n\t<meta name=\"twitter:data1\" content=\"3 minuty\" \/>\n<script type=\"application\/ld+json\" class=\"yoast-schema-graph\">{\"@context\":\"https:\\\/\\\/schema.org\",\"@graph\":[{\"@type\":\"WebPage\",\"@id\":\"https:\\\/\\\/skyline-gs.com\\\/product\\\/yahta-royal-pool-do-25-chelovek\\\/\",\"url\":\"https:\\\/\\\/skyline-gs.com\\\/product\\\/yahta-royal-pool-do-25-chelovek\\\/\",\"name\":\"\u042f\u0445\u0442\u0430 Royal Pool (\u0434\u043e 25 \u0447\u0435\u043b\u043e\u0432\u0435\u043a) &#8226; \u042d\u043a\u0441\u043a\u0443\u0440\u0441\u0438\u0438 Skyline\",\"isPartOf\":{\"@id\":\"https:\\\/\\\/skyline-gs.com\\\/it\\\/#website\"},\"primaryImageOfPage\":{\"@id\":\"https:\\\/\\\/skyline-gs.com\\\/product\\\/yahta-royal-pool-do-25-chelovek\\\/#primaryimage\"},\"image\":{\"@id\":\"https:\\\/\\\/skyline-gs.com\\\/product\\\/yahta-royal-pool-do-25-chelovek\\\/#primaryimage\"},\"thumbnailUrl\":\"https:\\\/\\\/skyline-gs.com\\\/wp-content\\\/uploads\\\/2026\\\/02\\\/602f36_9ce21841c0234bc4b2dce631e6828f75mv2.jpg.avif\",\"datePublished\":\"2026-02-15T19:58:45+00:00\",\"dateModified\":\"2026-02-15T20:01:30+00:00\",\"breadcrumb\":{\"@id\":\"https:\\\/\\\/skyline-gs.com\\\/product\\\/yahta-royal-pool-do-25-chelovek\\\/#breadcrumb\"},\"inLanguage\":\"cs\",\"potentialAction\":[{\"@type\":\"ReadAction\",\"target\":[\"https:\\\/\\\/skyline-gs.com\\\/product\\\/yahta-royal-pool-do-25-chelovek\\\/\"]}]},{\"@type\":\"ImageObject\",\"inLanguage\":\"cs\",\"@id\":\"https:\\\/\\\/skyline-gs.com\\\/product\\\/yahta-royal-pool-do-25-chelovek\\\/#primaryimage\",\"url\":\"https:\\\/\\\/skyline-gs.com\\\/wp-content\\\/uploads\\\/2026\\\/02\\\/602f36_9ce21841c0234bc4b2dce631e6828f75mv2.jpg.avif\",\"contentUrl\":\"https:\\\/\\\/skyline-gs.com\\\/wp-content\\\/uploads\\\/2026\\\/02\\\/602f36_9ce21841c0234bc4b2dce631e6828f75mv2.jpg.avif\",\"width\":1120,\"height\":616},{\"@type\":\"BreadcrumbList\",\"@id\":\"https:\\\/\\\/skyline-gs.com\\\/product\\\/yahta-royal-pool-do-25-chelovek\\\/#breadcrumb\",\"itemListElement\":[{\"@type\":\"ListItem\",\"position\":1,\"name\":\"\u0413\u043b\u0430\u0432\u043d\u0430\u044f \u0441\u0442\u0440\u0430\u043d\u0438\u0446\u0430\",\"item\":\"https:\\\/\\\/skyline-gs.com\\\/hu\\\/\"},{\"@type\":\"ListItem\",\"position\":2,\"name\":\"\u041c\u0430\u0433\u0430\u0437\u0438\u043d\",\"item\":\"https:\\\/\\\/skyline-gs.com\\\/cs\\\/shop\\\/\"},{\"@type\":\"ListItem\",\"position\":3,\"name\":\"\u042f\u0445\u0442\u0430 Royal Pool (\u0434\u043e 25 \u0447\u0435\u043b\u043e\u0432\u0435\u043a)\"}]},{\"@type\":\"WebSite\",\"@id\":\"https:\\\/\\\/skyline-gs.com\\\/it\\\/#website\",\"url\":\"https:\\\/\\\/skyline-gs.com\\\/it\\\/\",\"name\":\"\u042d\u043a\u0441\u043a\u0443\u0440\u0441\u0438\u0438 Skyline\",\"description\":\"\u042d\u043a\u0441\u043a\u043b\u044e\u0437\u0438\u0432\u043d\u044b\u0435 \u044d\u043a\u0441\u043a\u0443\u0440\u0441\u0438\u0438 \u043d\u0430 \u043b\u0443\u0447\u0448\u0438\u0445 \u043a\u0443\u0440\u043e\u0440\u0442\u0430\u0445 \u043c\u0438\u0440\u0430\",\"publisher\":{\"@id\":\"https:\\\/\\\/skyline-gs.com\\\/it\\\/#organization\"},\"alternateName\":\"Skyline\",\"potentialAction\":[{\"@type\":\"SearchAction\",\"target\":{\"@type\":\"EntryPoint\",\"urlTemplate\":\"https:\\\/\\\/skyline-gs.com\\\/it\\\/?s={search_term_string}\"},\"query-input\":{\"@type\":\"PropertyValueSpecification\",\"valueRequired\":true,\"valueName\":\"search_term_string\"}}],\"inLanguage\":\"cs\"},{\"@type\":\"Organization\",\"@id\":\"https:\\\/\\\/skyline-gs.com\\\/it\\\/#organization\",\"name\":\"\u042d\u043a\u0441\u043a\u0443\u0440\u0441\u0438\u0438 Skyline\",\"alternateName\":\"\u042d\u043a\u0441\u043a\u0443\u0440\u0441\u0438\u0438 Skyline\",\"url\":\"https:\\\/\\\/skyline-gs.com\\\/it\\\/\",\"logo\":{\"@type\":\"ImageObject\",\"inLanguage\":\"cs\",\"@id\":\"https:\\\/\\\/skyline-gs.com\\\/it\\\/#\\\/schema\\\/logo\\\/image\\\/\",\"url\":\"https:\\\/\\\/skyline-gs.com\\\/wp-content\\\/uploads\\\/2020\\\/12\\\/cropped-logo-2.png\",\"contentUrl\":\"https:\\\/\\\/skyline-gs.com\\\/wp-content\\\/uploads\\\/2020\\\/12\\\/cropped-logo-2.png\",\"width\":512,\"height\":512,\"caption\":\"\u042d\u043a\u0441\u043a\u0443\u0440\u0441\u0438\u0438 Skyline\"},\"image\":{\"@id\":\"https:\\\/\\\/skyline-gs.com\\\/it\\\/#\\\/schema\\\/logo\\\/image\\\/\"},\"sameAs\":[\"https:\\\/\\\/www.instagram.com\\\/skylineglobalservice\\\/\"]}]}<\/script>\n<!-- \/ Yoast SEO plugin. -->","yoast_head_json":{"title":"\u042f\u0445\u0442\u0430 Royal Pool (\u0434\u043e 25 \u0447\u0435\u043b\u043e\u0432\u0435\u043a) &#8226; \u042d\u043a\u0441\u043a\u0443\u0440\u0441\u0438\u0438 Skyline","robots":{"index":"index","follow":"follow","max-snippet":"max-snippet:-1","max-image-preview":"max-image-preview:large","max-video-preview":"max-video-preview:-1"},"canonical":"https:\/\/skyline-gs.com\/cs\/produkt\/yahta-royal-pool-do-25-chelovek\/","og_locale":"cs_CZ","og_type":"article","og_title":"\u042f\u0445\u0442\u0430 Royal Pool (\u0434\u043e 25 \u0447\u0435\u043b\u043e\u0432\u0435\u043a) &#8226; \u042d\u043a\u0441\u043a\u0443\u0440\u0441\u0438\u0438 Skyline","og_description":"\u0414\u043b\u0438\u0442\u0435\u043b\u044c\u043d\u043e\u0441\u0442\u044c \u0430\u0440\u0435\u043d\u0434\u044b: \u0434\u0435\u043d\u044c  \u0412\u043c\u0435\u0441\u0442\u0438\u0442\u0435\u043b\u044c\u043d\u043e\u0441\u0442\u044c: 25\u00a0\u0447\u0435\u043b\u043e\u0432\u0435\u043a","og_url":"https:\/\/skyline-gs.com\/cs\/produkt\/yahta-royal-pool-do-25-chelovek\/","og_site_name":"\u042d\u043a\u0441\u043a\u0443\u0440\u0441\u0438\u0438 Skyline","article_modified_time":"2026-02-15T20:01:30+00:00","og_image":[{"width":1080,"height":1080,"url":"https:\/\/skyline-gs.com\/wp-content\/uploads\/2024\/08\/LoGo777.png","type":"image\/png"}],"twitter_card":"summary_large_image","twitter_misc":{"Odhadovan\u00e1 doba \u010dten\u00ed":"3 minuty"},"schema":{"@context":"https:\/\/schema.org","@graph":[{"@type":"WebPage","@id":"https:\/\/skyline-gs.com\/product\/yahta-royal-pool-do-25-chelovek\/","url":"https:\/\/skyline-gs.com\/product\/yahta-royal-pool-do-25-chelovek\/","name":"\u042f\u0445\u0442\u0430 Royal Pool (\u0434\u043e 25 \u0447\u0435\u043b\u043e\u0432\u0435\u043a) &#8226; \u042d\u043a\u0441\u043a\u0443\u0440\u0441\u0438\u0438 Skyline","isPartOf":{"@id":"https:\/\/skyline-gs.com\/it\/#website"},"primaryImageOfPage":{"@id":"https:\/\/skyline-gs.com\/product\/yahta-royal-pool-do-25-chelovek\/#primaryimage"},"image":{"@id":"https:\/\/skyline-gs.com\/product\/yahta-royal-pool-do-25-chelovek\/#primaryimage"},"thumbnailUrl":"https:\/\/skyline-gs.com\/wp-content\/uploads\/2026\/02\/602f36_9ce21841c0234bc4b2dce631e6828f75mv2.jpg.avif","datePublished":"2026-02-15T19:58:45+00:00","dateModified":"2026-02-15T20:01:30+00:00","breadcrumb":{"@id":"https:\/\/skyline-gs.com\/product\/yahta-royal-pool-do-25-chelovek\/#breadcrumb"},"inLanguage":"cs","potentialAction":[{"@type":"ReadAction","target":["https:\/\/skyline-gs.com\/product\/yahta-royal-pool-do-25-chelovek\/"]}]},{"@type":"ImageObject","inLanguage":"cs","@id":"https:\/\/skyline-gs.com\/product\/yahta-royal-pool-do-25-chelovek\/#primaryimage","url":"https:\/\/skyline-gs.com\/wp-content\/uploads\/2026\/02\/602f36_9ce21841c0234bc4b2dce631e6828f75mv2.jpg.avif","contentUrl":"https:\/\/skyline-gs.com\/wp-content\/uploads\/2026\/02\/602f36_9ce21841c0234bc4b2dce631e6828f75mv2.jpg.avif","width":1120,"height":616},{"@type":"BreadcrumbList","@id":"https:\/\/skyline-gs.com\/product\/yahta-royal-pool-do-25-chelovek\/#breadcrumb","itemListElement":[{"@type":"ListItem","position":1,"name":"\u0413\u043b\u0430\u0432\u043d\u0430\u044f \u0441\u0442\u0440\u0430\u043d\u0438\u0446\u0430","item":"https:\/\/skyline-gs.com\/hu\/"},{"@type":"ListItem","position":2,"name":"\u041c\u0430\u0433\u0430\u0437\u0438\u043d","item":"https:\/\/skyline-gs.com\/cs\/shop\/"},{"@type":"ListItem","position":3,"name":"\u042f\u0445\u0442\u0430 Royal Pool (\u0434\u043e 25 \u0447\u0435\u043b\u043e\u0432\u0435\u043a)"}]},{"@type":"WebSite","@id":"https:\/\/skyline-gs.com\/it\/#website","url":"https:\/\/skyline-gs.com\/it\/","name":"Skyline V\u00fdlety","description":"Exkluzivn\u00ed v\u00fdlety do nejlep\u0161\u00edch sv\u011btov\u00fdch letovisek","publisher":{"@id":"https:\/\/skyline-gs.com\/it\/#organization"},"alternateName":"Skyline","potentialAction":[{"@type":"SearchAction","target":{"@type":"EntryPoint","urlTemplate":"https:\/\/skyline-gs.com\/it\/?s={search_term_string}"},"query-input":{"@type":"PropertyValueSpecification","valueRequired":true,"valueName":"search_term_string"}}],"inLanguage":"cs"},{"@type":"Organization","@id":"https:\/\/skyline-gs.com\/it\/#organization","name":"Skyline V\u00fdlety","alternateName":"\u042d\u043a\u0441\u043a\u0443\u0440\u0441\u0438\u0438 Skyline","url":"https:\/\/skyline-gs.com\/it\/","logo":{"@type":"ImageObject","inLanguage":"cs","@id":"https:\/\/skyline-gs.com\/it\/#\/schema\/logo\/image\/","url":"https:\/\/skyline-gs.com\/wp-content\/uploads\/2020\/12\/cropped-logo-2.png","contentUrl":"https:\/\/skyline-gs.com\/wp-content\/uploads\/2020\/12\/cropped-logo-2.png","width":512,"height":512,"caption":"\u042d\u043a\u0441\u043a\u0443\u0440\u0441\u0438\u0438 Skyline"},"image":{"@id":"https:\/\/skyline-gs.com\/it\/#\/schema\/logo\/image\/"},"sameAs":["https:\/\/www.instagram.com\/skylineglobalservice\/"]}]}},"_links":{"self":[{"href":"https:\/\/skyline-gs.com\/cs\/wp-json\/wp\/v2\/product\/74970","targetHints":{"allow":["GET"]}}],"collection":[{"href":"https:\/\/skyline-gs.com\/cs\/wp-json\/wp\/v2\/product"}],"about":[{"href":"https:\/\/skyline-gs.com\/cs\/wp-json\/wp\/v2\/types\/product"}],"version-history":[{"count":0,"href":"https:\/\/skyline-gs.com\/cs\/wp-json\/wp\/v2\/product\/74970\/revisions"}],"wp:featuredmedia":[{"embeddable":true,"href":"https:\/\/skyline-gs.com\/cs\/wp-json\/wp\/v2\/media\/74977"}],"wp:attachment":[{"href":"https:\/\/skyline-gs.com\/cs\/wp-json\/wp\/v2\/media?parent=74970"}],"wp:term":[{"taxonomy":"product_brand","embeddable":true,"href":"https:\/\/skyline-gs.com\/cs\/wp-json\/wp\/v2\/product_brand?post=74970"},{"taxonomy":"product_cat","embeddable":true,"href":"https:\/\/skyline-gs.com\/cs\/wp-json\/wp\/v2\/product_cat?post=74970"},{"taxonomy":"product_tag","embeddable":true,"href":"https:\/\/skyline-gs.com\/cs\/wp-json\/wp\/v2\/product_tag?post=74970"}],"curies":[{"name":"wp","href":"https:\/\/api.w.org\/{rel}","templated":true}]}}