{"id":74755,"date":"2026-02-06T15:20:54","date_gmt":"2026-02-06T13:20:54","guid":{"rendered":"https:\/\/skyline-gs.com\/?post_type=product&#038;p=74755"},"modified":"2026-02-10T01:45:38","modified_gmt":"2026-02-09T23:45:38","slug":"novyj-luksor-abu-simbel-2-dnya-minigruppa","status":"publish","type":"product","link":"https:\/\/skyline-gs.com\/cs\/product\/novyj-luksor-abu-simbel-2-dnya-minigruppa\/","title":{"rendered":"Nov\u00fd Luxor + Abu Simbel 2 dny (miniskupina)"},"content":{"rendered":"<p>\u042d\u0442\u043e \u043d\u0430\u0441\u044b\u0449\u0435\u043d\u043d\u043e\u0435 \u0434\u0432\u0443\u0445\u0434\u043d\u0435\u0432\u043d\u043e\u0435 \u043f\u0443\u0442\u0435\u0448\u0435\u0441\u0442\u0432\u0438\u0435 \u043f\u043e \u0441\u0430\u043c\u044b\u043c \u0432\u043f\u0435\u0447\u0430\u0442\u043b\u044f\u044e\u0449\u0438\u043c \u043f\u0430\u043c\u044f\u0442\u043d\u0438\u043a\u0430\u043c \u0414\u0440\u0435\u0432\u043d\u0435\u0433\u043e \u0415\u0433\u0438\u043f\u0442\u0430. \u0412\u0430\u0441 \u0436\u0434\u0443\u0442 \u0432\u0435\u043b\u0438\u0447\u0435\u0441\u0442\u0432\u0435\u043d\u043d\u044b\u0435 \u0445\u0440\u0430\u043c\u044b \u041b\u0443\u043a\u0441\u043e\u0440\u0430, \u0442\u0430\u0438\u043d\u0441\u0442\u0432\u0435\u043d\u043d\u044b\u0435 \u0433\u0440\u043e\u0431\u043d\u0438\u0446\u044b, \u043d\u043e\u0447\u044c \u0432 \u0443\u044e\u0442\u043d\u043e\u043c \u043e\u0442\u0435\u043b\u0435 \u0432 \u0410\u0441\u0443\u0430\u043d\u0435 \u0438 \u0433\u0440\u0430\u043d\u0434\u0438\u043e\u0437\u043d\u044b\u0435 \u0441\u043a\u0430\u043b\u044c\u043d\u044b\u0435 \u0445\u0440\u0430\u043c\u044b \u0410\u0431\u0443-\u0421\u0438\u043c\u0431\u0435\u043b\u0430 \u043d\u0430 \u0431\u0435\u0440\u0435\u0433\u0443 \u043e\u0437\u0435\u0440\u0430 \u041d\u0430\u0441\u0435\u0440.<br \/>\n\u0418\u0434\u0435\u0430\u043b\u044c\u043d\u044b\u0439 \u0432\u0430\u0440\u0438\u0430\u043d\u0442 \u0434\u043b\u044f \u0442\u0435\u0445, \u043a\u0442\u043e \u0445\u043e\u0447\u0435\u0442 \u0443\u0432\u0438\u0434\u0435\u0442\u044c \u043c\u0430\u043a\u0441\u0438\u043c\u0443\u043c \u0438\u0441\u0442\u043e\u0440\u0438\u0447\u0435\u0441\u043a\u0438\u0445 \u0441\u043e\u043a\u0440\u043e\u0432\u0438\u0449 \u0437\u0430 \u043a\u043e\u0440\u043e\u0442\u043a\u043e\u0435 \u0432\u0440\u0435\u043c\u044f.<\/p>\n<p><strong>\u0414\u0435\u043d\u044c 1 \u2014 \u041b\u0443\u043a\u0441\u043e\u0440 \u0438 \u043f\u0435\u0440\u0435\u0435\u0437\u0434 \u0432 \u0410\u0441\u0443\u0430\u043d<\/strong><\/p>\n<p>\u0420\u0430\u043d\u043d\u0438\u0439 \u0432\u044b\u0435\u0437\u0434 \u0438\u0437 \u043e\u0442\u0435\u043b\u044f \u0438 \u0434\u043e\u0440\u043e\u0433\u0430 \u0447\u0435\u0440\u0435\u0437 \u0412\u043e\u0441\u0442\u043e\u0447\u043d\u0443\u044e \u043f\u0443\u0441\u0442\u044b\u043d\u044e \u043a \u0434\u043e\u043b\u0438\u043d\u0435 \u041d\u0438\u043b\u0430. \u041f\u043e \u043f\u0440\u0438\u0431\u044b\u0442\u0438\u0438 \u0432 \u041b\u0443\u043a\u0441\u043e\u0440 \u043d\u0430\u0447\u0438\u043d\u0430\u0435\u0442\u0441\u044f \u0437\u043d\u0430\u043a\u043e\u043c\u0441\u0442\u0432\u043e \u0441 \u0434\u0440\u0435\u0432\u043d\u0438\u043c\u0438 \u0424\u0438\u0432\u0430\u043c\u0438 \u2014 \u0441\u0442\u043e\u043b\u0438\u0446\u0435\u0439 \u0444\u0430\u0440\u0430\u043e\u043d\u043e\u0432 \u044d\u043f\u043e\u0445\u0438 \u041d\u043e\u0432\u043e\u0433\u043e \u0446\u0430\u0440\u0441\u0442\u0432\u0430.<\/p>\n<p><strong>\u0412 \u043f\u0440\u043e\u0433\u0440\u0430\u043c\u043c\u0435:<\/strong><\/p>\n<ul>\n<li>\u041b\u0443\u043a\u0441\u043e\u0440\u0441\u043a\u0438\u0439 \u0445\u0440\u0430\u043c \u2014 \u043e\u0434\u0438\u043d \u0438\u0437 \u0441\u0430\u043c\u044b\u0445 \u043a\u0440\u0430\u0441\u0438\u0432\u044b\u0445 \u0445\u0440\u0430\u043c\u043e\u0432 \u0415\u0433\u0438\u043f\u0442\u0430, \u0440\u0430\u0441\u043f\u043e\u043b\u043e\u0436\u0435\u043d\u043d\u044b\u0439 \u0432 \u0441\u0430\u043c\u043e\u043c \u0441\u0435\u0440\u0434\u0446\u0435 \u0434\u0440\u0435\u0432\u043d\u0435\u0433\u043e \u0433\u043e\u0440\u043e\u0434\u0430. \u0417\u0434\u0435\u0441\u044c \u0447\u0443\u0432\u0441\u0442\u0432\u0443\u0435\u0442\u0441\u044f \u043d\u0430\u0441\u0442\u043e\u044f\u0449\u0430\u044f \u0430\u0442\u043c\u043e\u0441\u0444\u0435\u0440\u0430 \u0444\u0430\u0440\u0430\u043e\u043d\u0441\u043a\u043e\u0439 \u044d\u043f\u043e\u0445\u0438.<\/li>\n<li>\u041a\u043e\u043b\u043e\u0441\u0441\u044b \u041c\u0435\u043c\u043d\u043e\u043d\u0430 \u2014 \u0433\u0438\u0433\u0430\u043d\u0442\u0441\u043a\u0438\u0435 \u043a\u0430\u043c\u0435\u043d\u043d\u044b\u0435 \u0441\u0442\u0430\u0442\u0443\u0438 \u0444\u0430\u0440\u0430\u043e\u043d\u0430 \u0410\u043c\u0435\u043d\u0445\u043e\u0442\u0435\u043f\u0430 III, \u043a\u043e\u0442\u043e\u0440\u044b\u0435 \u0443\u0436\u0435 \u0431\u043e\u043b\u0435\u0435 3 \u0442\u044b\u0441\u044f\u0447 \u043b\u0435\u0442 \u043e\u0445\u0440\u0430\u043d\u044f\u044e\u0442 \u0437\u0430\u043f\u0430\u0434\u043d\u044b\u0439 \u0431\u0435\u0440\u0435\u0433 \u041d\u0438\u043b\u0430.<\/li>\n<li>\u041c\u0435\u0434\u0438\u043d\u0430\u0442 \u0425\u0430\u0431\u0443 \u2014 \u0433\u0440\u0430\u043d\u0434\u0438\u043e\u0437\u043d\u044b\u0439 \u043f\u043e\u0433\u0440\u0435\u0431\u0430\u043b\u044c\u043d\u044b\u0439 \u0445\u0440\u0430\u043c \u0420\u0430\u043c\u0437\u0435\u0441\u0430 III, \u043f\u043e\u0440\u0430\u0436\u0430\u044e\u0449\u0438\u0439 \u043c\u0430\u0441\u0448\u0442\u0430\u0431\u0430\u043c\u0438, \u0440\u0435\u043b\u044c\u0435\u0444\u0430\u043c\u0438 \u0438 \u043e\u0442\u043b\u0438\u0447\u043d\u043e\u0439 \u0441\u043e\u0445\u0440\u0430\u043d\u043d\u043e\u0441\u0442\u044c\u044e \u0434\u0440\u0435\u0432\u043d\u0438\u0445 \u0440\u043e\u0441\u043f\u0438\u0441\u0435\u0439.<\/li>\n<li>\u0413\u0440\u043e\u0431\u043d\u0438\u0446\u044b \u0440\u0435\u043c\u0435\u0441\u043b\u0435\u043d\u043d\u0438\u043a\u043e\u0432 \u2014 \u0443\u043d\u0438\u043a\u0430\u043b\u044c\u043d\u044b\u0435 \u0443\u0441\u044b\u043f\u0430\u043b\u044c\u043d\u0438\u0446\u044b \u043c\u0430\u0441\u0442\u0435\u0440\u043e\u0432, \u0441\u0442\u0440\u043e\u0438\u0432\u0448\u0438\u0445 \u0446\u0430\u0440\u0441\u043a\u0438\u0435 \u0433\u0440\u043e\u0431\u043d\u0438\u0446\u044b. \u0418\u0445 \u044f\u0440\u043a\u0438\u0435 \u043d\u0430\u0441\u0442\u0435\u043d\u043d\u044b\u0435 \u0440\u043e\u0441\u043f\u0438\u0441\u0438 \u043f\u0440\u0435\u043a\u0440\u0430\u0441\u043d\u043e \u0441\u043e\u0445\u0440\u0430\u043d\u0438\u043b\u0438\u0441\u044c \u0438 \u0434\u0430\u044e\u0442 \u043f\u0440\u0435\u0434\u0441\u0442\u0430\u0432\u043b\u0435\u043d\u0438\u0435 \u043e \u043f\u043e\u0432\u0441\u0435\u0434\u043d\u0435\u0432\u043d\u043e\u0439 \u0436\u0438\u0437\u043d\u0438 \u0434\u0440\u0435\u0432\u043d\u0438\u0445 \u0435\u0433\u0438\u043f\u0442\u044f\u043d.<\/li>\n<li>\u041f\u043e\u0441\u043b\u0435 \u044d\u043a\u0441\u043a\u0443\u0440\u0441\u0438\u043e\u043d\u043d\u043e\u0439 \u043f\u0440\u043e\u0433\u0440\u0430\u043c\u043c\u044b \u2014 \u043e\u0431\u0435\u0434 \u0432 \u0440\u0435\u0441\u0442\u043e\u0440\u0430\u043d\u0435.<\/li>\n<li>\u0412\u043e \u0432\u0442\u043e\u0440\u043e\u0439 \u043f\u043e\u043b\u043e\u0432\u0438\u043d\u0435 \u0434\u043d\u044f \u2014 \u043f\u0435\u0440\u0435\u0435\u0437\u0434 \u0432 \u0410\u0441\u0443\u0430\u043d, \u043e\u0434\u0438\u043d \u0438\u0437 \u0441\u0430\u043c\u044b\u0445 \u0436\u0438\u0432\u043e\u043f\u0438\u0441\u043d\u044b\u0445 \u0433\u043e\u0440\u043e\u0434\u043e\u0432 \u0415\u0433\u0438\u043f\u0442\u0430.<\/li>\n<li>\u0420\u0430\u0437\u043c\u0435\u0449\u0435\u043d\u0438\u0435 \u0432 \u043e\u0442\u0435\u043b\u0435 4\u2605 \u0441 \u0437\u0430\u0432\u0442\u0440\u0430\u043a\u043e\u043c \u0438 \u043e\u0442\u0434\u044b\u0445 \u043f\u043e\u0441\u043b\u0435 \u043d\u0430\u0441\u044b\u0449\u0435\u043d\u043d\u043e\u0433\u043e \u0434\u043d\u044f.<\/li>\n<\/ul>\n<p><strong>\u0414\u0435\u043d\u044c 2 \u2014 \u0410\u0431\u0443-\u0421\u0438\u043c\u0431\u0435\u043b \u0438 \u0432\u043e\u0437\u0432\u0440\u0430\u0449\u0435\u043d\u0438\u0435 \u0432 \u0425\u0443\u0440\u0433\u0430\u0434\u0443<\/strong><\/p>\n<ul>\n<li>\u041e\u0447\u0435\u043d\u044c \u0440\u0430\u043d\u043d\u0438\u0439 \u0432\u044b\u0435\u0437\u0434 (\u043e\u043a\u043e\u043b\u043e 5:00 \u0443\u0442\u0440\u0430) \u0432 \u0441\u0442\u043e\u0440\u043e\u043d\u0443 \u044e\u0433\u0430 \u0415\u0433\u0438\u043f\u0442\u0430, \u043a \u0433\u0440\u0430\u043d\u0438\u0446\u0435 \u0441 \u0421\u0443\u0434\u0430\u043d\u043e\u043c.<br \/>\n\u0427\u0435\u0440\u0435\u0437 \u043f\u0443\u0441\u0442\u044b\u043d\u043d\u044b\u0435 \u043f\u0435\u0439\u0437\u0430\u0436\u0438 \u0432\u044b \u0434\u043e\u0431\u0435\u0440\u0451\u0442\u0435\u0441\u044c \u0434\u043e \u043e\u0434\u043d\u043e\u0433\u043e \u0438\u0437 \u0441\u0430\u043c\u044b\u0445 \u0433\u0440\u0430\u043d\u0434\u0438\u043e\u0437\u043d\u044b\u0445 \u043f\u0430\u043c\u044f\u0442\u043d\u0438\u043a\u043e\u0432 \u0434\u0440\u0435\u0432\u043d\u0435\u0433\u043e \u043c\u0438\u0440\u0430 \u2014 \u0445\u0440\u0430\u043c\u043e\u0432 \u0410\u0431\u0443-\u0421\u0438\u043c\u0431\u0435\u043b\u0430.<\/li>\n<li>\u0411\u043e\u043b\u044c\u0448\u043e\u0439 \u0445\u0440\u0430\u043c \u0420\u0430\u043c\u0437\u0435\u0441\u0430 II \u0441 \u0447\u0435\u0442\u044b\u0440\u044c\u043c\u044f \u043a\u043e\u043b\u043e\u0441\u0441\u0430\u043b\u044c\u043d\u044b\u043c\u0438 \u0441\u0442\u0430\u0442\u0443\u044f\u043c\u0438 \u0444\u0430\u0440\u0430\u043e\u043d\u0430 \u0443 \u0432\u0445\u043e\u0434\u0430<br \/>\n\u0425\u0440\u0430\u043c \u0446\u0430\u0440\u0438\u0446\u044b \u041d\u0435\u0444\u0435\u0440\u0442\u0430\u0440\u0438, \u043f\u043e\u0441\u0432\u044f\u0449\u0451\u043d\u043d\u044b\u0439 \u0431\u043e\u0433\u0438\u043d\u0435 \u0425\u0430\u0442\u0445\u043e\u0440<br \/>\n\u042d\u0442\u0438 \u0445\u0440\u0430\u043c\u044b \u0431\u044b\u043b\u0438 \u0432\u044b\u0441\u0435\u0447\u0435\u043d\u044b \u0432 \u0441\u043a\u0430\u043b\u0435 \u0431\u043e\u043b\u0435\u0435 3 000 \u043b\u0435\u0442 \u043d\u0430\u0437\u0430\u0434 \u0438 \u043f\u043e\u0437\u0436\u0435 \u043f\u0435\u0440\u0435\u043d\u0435\u0441\u0435\u043d\u044b \u043d\u0430 \u0431\u043e\u043b\u0435\u0435 \u0432\u044b\u0441\u043e\u043a\u043e\u0435 \u043c\u0435\u0441\u0442\u043e \u043f\u0440\u0438 \u0441\u0442\u0440\u043e\u0438\u0442\u0435\u043b\u044c\u0441\u0442\u0432\u0435 \u0410\u0441\u0443\u0430\u043d\u0441\u043a\u043e\u0439 \u043f\u043b\u043e\u0442\u0438\u043d\u044b \u2014 \u044d\u0442\u043e \u043e\u0434\u043d\u0430 \u0438\u0437 \u0441\u0430\u043c\u044b\u0445 \u0438\u0437\u0432\u0435\u0441\u0442\u043d\u044b\u0445 \u0430\u0440\u0445\u0435\u043e\u043b\u043e\u0433\u0438\u0447\u0435\u0441\u043a\u0438\u0445 \u043e\u043f\u0435\u0440\u0430\u0446\u0438\u0439 \u0432 \u0438\u0441\u0442\u043e\u0440\u0438\u0438.<\/li>\n<li>\u041f\u043e\u0441\u043b\u0435 \u043e\u0441\u043c\u043e\u0442\u0440\u0430 \u043a\u043e\u043c\u043f\u043b\u0435\u043a\u0441\u0430 \u2014 \u043e\u0431\u0440\u0430\u0442\u043d\u0430\u044f \u0434\u043e\u0440\u043e\u0433\u0430.<\/li>\n<li>\u041e\u0431\u0435\u0434 \u0432 \u043f\u0443\u0442\u0438.<\/li>\n<li>\u0412\u043e\u0437\u0432\u0440\u0430\u0449\u0435\u043d\u0438\u0435 \u0432 \u0425\u0443\u0440\u0433\u0430\u0434\u0443 \u043e\u0440\u0438\u0435\u043d\u0442\u0438\u0440\u043e\u0432\u043e\u0447\u043d\u043e \u043a 21:30.<\/li>\n<\/ul>\n<p><strong>V\u010detn\u011b:<\/strong><\/p>\n<ul>\n<li>Transfer z hotelu a do hotelu<\/li>\n<li>\u0412\u0441\u0435 \u043f\u0435\u0440\u0435\u0435\u0437\u0434\u044b \u043f\u043e \u043f\u0440\u043e\u0433\u0440\u0430\u043c\u043c\u0435 \u043d\u0430 \u043a\u043e\u043c\u0444\u043e\u0440\u0442\u0430\u0431\u0435\u043b\u044c\u043d\u043e\u043c \u0430\u0432\u0442\u043e\u0431\u0443\u0441\u0435 \u0441 \u043a\u043e\u043d\u0434\u0438\u0446\u0438\u043e\u043d\u0435\u0440\u043e\u043c<\/li>\n<li>Slu\u017eby rusky mluv\u00edc\u00edho pr\u016fvodce<\/li>\n<li>Vstupn\u00e9 dle programu<\/li>\n<li>\u041e\u0431\u0435\u0434 \u0432 1-\u0439 \u0434\u0435\u043d\u044c<\/li>\n<li>\u041e\u0431\u0435\u0434 \u0432\u043e 2-\u0439 \u0434\u0435\u043d\u044c \u0432 \u0434\u043e\u0440\u043e\u0433\u0435<\/li>\n<li>\u041f\u0440\u043e\u0436\u0438\u0432\u0430\u043d\u0438\u0435 \u0432 \u043e\u0442\u0435\u043b\u0435 4\u2605 \u0432 \u0410\u0441\u0443\u0430\u043d\u0435 (1 \u043d\u043e\u0447\u044c, \u0437\u0430\u0432\u0442\u0440\u0430\u043a)<\/li>\n<\/ul>\n<p><strong>Nen\u00ed sou\u010d\u00e1st\u00ed dod\u00e1vky:<\/strong><\/p>\n<ul>\n<li>N\u00e1poje b\u011bhem ob\u011bda<\/li>\n<li>Transfery z hotel\u016f v zemi: El Gouna a Sahl Hasheesh za p\u0159\u00edplatek +$10 tam i zp\u011bt (za auto a\u017e pro 6 osob).<\/li>\n<li>Transfery z hotel\u016f v zemi: Soma Bay Kempinski a Sheraton za p\u0159\u00edplatek +$15 tam i zp\u011bt (za auto a\u017e pro 6 osob).<\/li>\n<\/ul>\n<p><strong>Vezm\u011bte si ji s sebou:<\/strong><\/p>\n<ul>\n<li>Pas<\/li>\n<li>Pokr\u00fdvka hlavy<\/li>\n<li>Pen\u00edze na osobn\u00ed v\u00fddaje a suven\u00fdry<\/li>\n<li>V\u00fdrobky osobn\u00ed p\u00e9\u010de<\/li>\n<li>Pitn\u00e1 voda<\/li>\n<li>Dopoledn\u00ed sva\u010dina (na recepci hotelu vysv\u011btlete, \u017ee brzy r\u00e1no odj\u00ed\u017ed\u00edte na v\u00fdlet a pot\u0159ebujete si p\u0159ipravit krabi\u010dku s ob\u011bdem, hotely tuto slu\u017ebu poskytuj\u00ed zdarma).<\/li>\n<li>Pohodln\u00e1 obuv<\/li>\n<li>Tepl\u00e9 oble\u010den\u00ed na cesty (v zim\u011b)<\/li>\n<\/ul>","protected":false},"excerpt":{"rendered":"<p><strong>Doba prohl\u00eddky:<\/strong> 2 dny<\/p>\n<p><strong>Dny zadr\u017een\u00ed: <\/strong>\u041f\u043e\u043d\u0435\u0434\u0435\u043b\u044c\u043d\u0438\u043a<\/p>","protected":false},"featured_media":74759,"template":"","meta":{"_kad_post_transparent":"default","_kad_post_title":"","_kad_post_layout":"default","_kad_post_sidebar_id":"","_kad_post_content_style":"default","_kad_post_vertical_padding":"default","_kad_post_feature":"","_kad_post_feature_position":"","_kad_post_header":false,"_kad_post_footer":false,"_kad_post_classname":"","_glsr_average":0,"_glsr_ranking":0,"_glsr_reviews":0},"product_brand":[],"product_cat":[479],"product_tag":[],"class_list":{"0":"post-74755","1":"product","2":"type-product","3":"status-publish","4":"has-post-thumbnail","6":"product_cat-hurghadatours","7":"tm-has-options","9":"first","10":"instock","11":"sold-individually","12":"taxable","13":"shipping-taxable","14":"purchasable","15":"product-type-simple","16":"entry","17":"content-bg","18":"loop-entry"},"yoast_head":"<!-- This site is optimized with the Yoast SEO plugin v27.3 - https:\/\/yoast.com\/product\/yoast-seo-wordpress\/ -->\n<title>\u041d\u043e\u0432\u044b\u0439 \u041b\u0443\u043a\u0441\u043e\u0440 + \u0410\u0431\u0443 \u0421\u0438\u043c\u0431\u0435\u043b 2 \u0434\u043d\u044f (\u043c\u0438\u043d\u0438\u0433\u0440\u0443\u043f\u043f\u0430) &#8226; \u042d\u043a\u0441\u043a\u0443\u0440\u0441\u0438\u0438 Skyline<\/title>\n<meta name=\"robots\" content=\"index, follow, max-snippet:-1, max-image-preview:large, max-video-preview:-1\" \/>\n<link rel=\"canonical\" href=\"https:\/\/skyline-gs.com\/cs\/produkt\/novyj-luksor-abu-simbel-2-dnya-minigruppa\/\" \/>\n<meta property=\"og:locale\" content=\"cs_CZ\" \/>\n<meta property=\"og:type\" content=\"article\" \/>\n<meta property=\"og:title\" content=\"\u041d\u043e\u0432\u044b\u0439 \u041b\u0443\u043a\u0441\u043e\u0440 + \u0410\u0431\u0443 \u0421\u0438\u043c\u0431\u0435\u043b 2 \u0434\u043d\u044f (\u043c\u0438\u043d\u0438\u0433\u0440\u0443\u043f\u043f\u0430) &#8226; \u042d\u043a\u0441\u043a\u0443\u0440\u0441\u0438\u0438 Skyline\" \/>\n<meta property=\"og:description\" content=\"\u0412\u0440\u0435\u043c\u044f \u0442\u0443\u0440\u0430: 2 \u0434\u043d\u044f  \u0414\u043d\u0438 \u043f\u0440\u043e\u0432\u0435\u0434\u0435\u043d\u0438\u044f: \u041f\u043e\u043d\u0435\u0434\u0435\u043b\u044c\u043d\u0438\u043a\" \/>\n<meta property=\"og:url\" content=\"https:\/\/skyline-gs.com\/cs\/produkt\/novyj-luksor-abu-simbel-2-dnya-minigruppa\/\" \/>\n<meta property=\"og:site_name\" content=\"\u042d\u043a\u0441\u043a\u0443\u0440\u0441\u0438\u0438 Skyline\" \/>\n<meta property=\"article:modified_time\" content=\"2026-02-09T23:45:38+00:00\" \/>\n<meta property=\"og:image\" content=\"https:\/\/skyline-gs.com\/wp-content\/uploads\/2026\/02\/admin-ajax.jpeg\" \/>\n\t<meta property=\"og:image:width\" content=\"600\" \/>\n\t<meta property=\"og:image:height\" content=\"400\" \/>\n\t<meta property=\"og:image:type\" content=\"image\/jpeg\" \/>\n<meta name=\"twitter:card\" content=\"summary_large_image\" \/>\n<meta name=\"twitter:label1\" content=\"Odhadovan\u00e1 doba \u010dten\u00ed\" \/>\n\t<meta name=\"twitter:data1\" content=\"3 minuty\" \/>\n<script type=\"application\/ld+json\" class=\"yoast-schema-graph\">{\"@context\":\"https:\\\/\\\/schema.org\",\"@graph\":[{\"@type\":\"WebPage\",\"@id\":\"https:\\\/\\\/skyline-gs.com\\\/product\\\/novyj-luksor-abu-simbel-2-dnya-minigruppa\\\/\",\"url\":\"https:\\\/\\\/skyline-gs.com\\\/product\\\/novyj-luksor-abu-simbel-2-dnya-minigruppa\\\/\",\"name\":\"\u041d\u043e\u0432\u044b\u0439 \u041b\u0443\u043a\u0441\u043e\u0440 + \u0410\u0431\u0443 \u0421\u0438\u043c\u0431\u0435\u043b 2 \u0434\u043d\u044f (\u043c\u0438\u043d\u0438\u0433\u0440\u0443\u043f\u043f\u0430) &#8226; \u042d\u043a\u0441\u043a\u0443\u0440\u0441\u0438\u0438 Skyline\",\"isPartOf\":{\"@id\":\"https:\\\/\\\/skyline-gs.com\\\/it\\\/#website\"},\"primaryImageOfPage\":{\"@id\":\"https:\\\/\\\/skyline-gs.com\\\/product\\\/novyj-luksor-abu-simbel-2-dnya-minigruppa\\\/#primaryimage\"},\"image\":{\"@id\":\"https:\\\/\\\/skyline-gs.com\\\/product\\\/novyj-luksor-abu-simbel-2-dnya-minigruppa\\\/#primaryimage\"},\"thumbnailUrl\":\"https:\\\/\\\/skyline-gs.com\\\/wp-content\\\/uploads\\\/2026\\\/02\\\/admin-ajax.jpeg\",\"datePublished\":\"2026-02-06T13:20:54+00:00\",\"dateModified\":\"2026-02-09T23:45:38+00:00\",\"breadcrumb\":{\"@id\":\"https:\\\/\\\/skyline-gs.com\\\/product\\\/novyj-luksor-abu-simbel-2-dnya-minigruppa\\\/#breadcrumb\"},\"inLanguage\":\"cs\",\"potentialAction\":[{\"@type\":\"ReadAction\",\"target\":[\"https:\\\/\\\/skyline-gs.com\\\/product\\\/novyj-luksor-abu-simbel-2-dnya-minigruppa\\\/\"]}]},{\"@type\":\"ImageObject\",\"inLanguage\":\"cs\",\"@id\":\"https:\\\/\\\/skyline-gs.com\\\/product\\\/novyj-luksor-abu-simbel-2-dnya-minigruppa\\\/#primaryimage\",\"url\":\"https:\\\/\\\/skyline-gs.com\\\/wp-content\\\/uploads\\\/2026\\\/02\\\/admin-ajax.jpeg\",\"contentUrl\":\"https:\\\/\\\/skyline-gs.com\\\/wp-content\\\/uploads\\\/2026\\\/02\\\/admin-ajax.jpeg\",\"width\":600,\"height\":400},{\"@type\":\"BreadcrumbList\",\"@id\":\"https:\\\/\\\/skyline-gs.com\\\/product\\\/novyj-luksor-abu-simbel-2-dnya-minigruppa\\\/#breadcrumb\",\"itemListElement\":[{\"@type\":\"ListItem\",\"position\":1,\"name\":\"\u0413\u043b\u0430\u0432\u043d\u0430\u044f \u0441\u0442\u0440\u0430\u043d\u0438\u0446\u0430\",\"item\":\"https:\\\/\\\/skyline-gs.com\\\/hu\\\/\"},{\"@type\":\"ListItem\",\"position\":2,\"name\":\"\u041c\u0430\u0433\u0430\u0437\u0438\u043d\",\"item\":\"https:\\\/\\\/skyline-gs.com\\\/cs\\\/shop\\\/\"},{\"@type\":\"ListItem\",\"position\":3,\"name\":\"\u041d\u043e\u0432\u044b\u0439 \u041b\u0443\u043a\u0441\u043e\u0440 + \u0410\u0431\u0443 \u0421\u0438\u043c\u0431\u0435\u043b 2 \u0434\u043d\u044f (\u043c\u0438\u043d\u0438\u0433\u0440\u0443\u043f\u043f\u0430)\"}]},{\"@type\":\"WebSite\",\"@id\":\"https:\\\/\\\/skyline-gs.com\\\/it\\\/#website\",\"url\":\"https:\\\/\\\/skyline-gs.com\\\/it\\\/\",\"name\":\"\u042d\u043a\u0441\u043a\u0443\u0440\u0441\u0438\u0438 Skyline\",\"description\":\"\u042d\u043a\u0441\u043a\u043b\u044e\u0437\u0438\u0432\u043d\u044b\u0435 \u044d\u043a\u0441\u043a\u0443\u0440\u0441\u0438\u0438 \u043d\u0430 \u043b\u0443\u0447\u0448\u0438\u0445 \u043a\u0443\u0440\u043e\u0440\u0442\u0430\u0445 \u043c\u0438\u0440\u0430\",\"publisher\":{\"@id\":\"https:\\\/\\\/skyline-gs.com\\\/it\\\/#organization\"},\"alternateName\":\"Skyline\",\"potentialAction\":[{\"@type\":\"SearchAction\",\"target\":{\"@type\":\"EntryPoint\",\"urlTemplate\":\"https:\\\/\\\/skyline-gs.com\\\/it\\\/?s={search_term_string}\"},\"query-input\":{\"@type\":\"PropertyValueSpecification\",\"valueRequired\":true,\"valueName\":\"search_term_string\"}}],\"inLanguage\":\"cs\"},{\"@type\":\"Organization\",\"@id\":\"https:\\\/\\\/skyline-gs.com\\\/it\\\/#organization\",\"name\":\"\u042d\u043a\u0441\u043a\u0443\u0440\u0441\u0438\u0438 Skyline\",\"alternateName\":\"\u042d\u043a\u0441\u043a\u0443\u0440\u0441\u0438\u0438 Skyline\",\"url\":\"https:\\\/\\\/skyline-gs.com\\\/it\\\/\",\"logo\":{\"@type\":\"ImageObject\",\"inLanguage\":\"cs\",\"@id\":\"https:\\\/\\\/skyline-gs.com\\\/it\\\/#\\\/schema\\\/logo\\\/image\\\/\",\"url\":\"https:\\\/\\\/skyline-gs.com\\\/wp-content\\\/uploads\\\/2020\\\/12\\\/cropped-logo-2.png\",\"contentUrl\":\"https:\\\/\\\/skyline-gs.com\\\/wp-content\\\/uploads\\\/2020\\\/12\\\/cropped-logo-2.png\",\"width\":512,\"height\":512,\"caption\":\"\u042d\u043a\u0441\u043a\u0443\u0440\u0441\u0438\u0438 Skyline\"},\"image\":{\"@id\":\"https:\\\/\\\/skyline-gs.com\\\/it\\\/#\\\/schema\\\/logo\\\/image\\\/\"},\"sameAs\":[\"https:\\\/\\\/www.instagram.com\\\/skylineglobalservice\\\/\"]}]}<\/script>\n<!-- \/ Yoast SEO plugin. -->","yoast_head_json":{"title":"\u041d\u043e\u0432\u044b\u0439 \u041b\u0443\u043a\u0441\u043e\u0440 + \u0410\u0431\u0443 \u0421\u0438\u043c\u0431\u0435\u043b 2 \u0434\u043d\u044f (\u043c\u0438\u043d\u0438\u0433\u0440\u0443\u043f\u043f\u0430) &#8226; \u042d\u043a\u0441\u043a\u0443\u0440\u0441\u0438\u0438 Skyline","robots":{"index":"index","follow":"follow","max-snippet":"max-snippet:-1","max-image-preview":"max-image-preview:large","max-video-preview":"max-video-preview:-1"},"canonical":"https:\/\/skyline-gs.com\/cs\/produkt\/novyj-luksor-abu-simbel-2-dnya-minigruppa\/","og_locale":"cs_CZ","og_type":"article","og_title":"\u041d\u043e\u0432\u044b\u0439 \u041b\u0443\u043a\u0441\u043e\u0440 + \u0410\u0431\u0443 \u0421\u0438\u043c\u0431\u0435\u043b 2 \u0434\u043d\u044f (\u043c\u0438\u043d\u0438\u0433\u0440\u0443\u043f\u043f\u0430) &#8226; \u042d\u043a\u0441\u043a\u0443\u0440\u0441\u0438\u0438 Skyline","og_description":"\u0412\u0440\u0435\u043c\u044f \u0442\u0443\u0440\u0430: 2 \u0434\u043d\u044f  \u0414\u043d\u0438 \u043f\u0440\u043e\u0432\u0435\u0434\u0435\u043d\u0438\u044f: \u041f\u043e\u043d\u0435\u0434\u0435\u043b\u044c\u043d\u0438\u043a","og_url":"https:\/\/skyline-gs.com\/cs\/produkt\/novyj-luksor-abu-simbel-2-dnya-minigruppa\/","og_site_name":"\u042d\u043a\u0441\u043a\u0443\u0440\u0441\u0438\u0438 Skyline","article_modified_time":"2026-02-09T23:45:38+00:00","og_image":[{"width":600,"height":400,"url":"https:\/\/skyline-gs.com\/wp-content\/uploads\/2026\/02\/admin-ajax.jpeg","type":"image\/jpeg"}],"twitter_card":"summary_large_image","twitter_misc":{"Odhadovan\u00e1 doba \u010dten\u00ed":"3 minuty"},"schema":{"@context":"https:\/\/schema.org","@graph":[{"@type":"WebPage","@id":"https:\/\/skyline-gs.com\/product\/novyj-luksor-abu-simbel-2-dnya-minigruppa\/","url":"https:\/\/skyline-gs.com\/product\/novyj-luksor-abu-simbel-2-dnya-minigruppa\/","name":"\u041d\u043e\u0432\u044b\u0439 \u041b\u0443\u043a\u0441\u043e\u0440 + \u0410\u0431\u0443 \u0421\u0438\u043c\u0431\u0435\u043b 2 \u0434\u043d\u044f (\u043c\u0438\u043d\u0438\u0433\u0440\u0443\u043f\u043f\u0430) &#8226; \u042d\u043a\u0441\u043a\u0443\u0440\u0441\u0438\u0438 Skyline","isPartOf":{"@id":"https:\/\/skyline-gs.com\/it\/#website"},"primaryImageOfPage":{"@id":"https:\/\/skyline-gs.com\/product\/novyj-luksor-abu-simbel-2-dnya-minigruppa\/#primaryimage"},"image":{"@id":"https:\/\/skyline-gs.com\/product\/novyj-luksor-abu-simbel-2-dnya-minigruppa\/#primaryimage"},"thumbnailUrl":"https:\/\/skyline-gs.com\/wp-content\/uploads\/2026\/02\/admin-ajax.jpeg","datePublished":"2026-02-06T13:20:54+00:00","dateModified":"2026-02-09T23:45:38+00:00","breadcrumb":{"@id":"https:\/\/skyline-gs.com\/product\/novyj-luksor-abu-simbel-2-dnya-minigruppa\/#breadcrumb"},"inLanguage":"cs","potentialAction":[{"@type":"ReadAction","target":["https:\/\/skyline-gs.com\/product\/novyj-luksor-abu-simbel-2-dnya-minigruppa\/"]}]},{"@type":"ImageObject","inLanguage":"cs","@id":"https:\/\/skyline-gs.com\/product\/novyj-luksor-abu-simbel-2-dnya-minigruppa\/#primaryimage","url":"https:\/\/skyline-gs.com\/wp-content\/uploads\/2026\/02\/admin-ajax.jpeg","contentUrl":"https:\/\/skyline-gs.com\/wp-content\/uploads\/2026\/02\/admin-ajax.jpeg","width":600,"height":400},{"@type":"BreadcrumbList","@id":"https:\/\/skyline-gs.com\/product\/novyj-luksor-abu-simbel-2-dnya-minigruppa\/#breadcrumb","itemListElement":[{"@type":"ListItem","position":1,"name":"\u0413\u043b\u0430\u0432\u043d\u0430\u044f \u0441\u0442\u0440\u0430\u043d\u0438\u0446\u0430","item":"https:\/\/skyline-gs.com\/hu\/"},{"@type":"ListItem","position":2,"name":"\u041c\u0430\u0433\u0430\u0437\u0438\u043d","item":"https:\/\/skyline-gs.com\/cs\/shop\/"},{"@type":"ListItem","position":3,"name":"\u041d\u043e\u0432\u044b\u0439 \u041b\u0443\u043a\u0441\u043e\u0440 + \u0410\u0431\u0443 \u0421\u0438\u043c\u0431\u0435\u043b 2 \u0434\u043d\u044f (\u043c\u0438\u043d\u0438\u0433\u0440\u0443\u043f\u043f\u0430)"}]},{"@type":"WebSite","@id":"https:\/\/skyline-gs.com\/it\/#website","url":"https:\/\/skyline-gs.com\/it\/","name":"Skyline V\u00fdlety","description":"Exkluzivn\u00ed v\u00fdlety do nejlep\u0161\u00edch sv\u011btov\u00fdch letovisek","publisher":{"@id":"https:\/\/skyline-gs.com\/it\/#organization"},"alternateName":"Skyline","potentialAction":[{"@type":"SearchAction","target":{"@type":"EntryPoint","urlTemplate":"https:\/\/skyline-gs.com\/it\/?s={search_term_string}"},"query-input":{"@type":"PropertyValueSpecification","valueRequired":true,"valueName":"search_term_string"}}],"inLanguage":"cs"},{"@type":"Organization","@id":"https:\/\/skyline-gs.com\/it\/#organization","name":"Skyline V\u00fdlety","alternateName":"\u042d\u043a\u0441\u043a\u0443\u0440\u0441\u0438\u0438 Skyline","url":"https:\/\/skyline-gs.com\/it\/","logo":{"@type":"ImageObject","inLanguage":"cs","@id":"https:\/\/skyline-gs.com\/it\/#\/schema\/logo\/image\/","url":"https:\/\/skyline-gs.com\/wp-content\/uploads\/2020\/12\/cropped-logo-2.png","contentUrl":"https:\/\/skyline-gs.com\/wp-content\/uploads\/2020\/12\/cropped-logo-2.png","width":512,"height":512,"caption":"\u042d\u043a\u0441\u043a\u0443\u0440\u0441\u0438\u0438 Skyline"},"image":{"@id":"https:\/\/skyline-gs.com\/it\/#\/schema\/logo\/image\/"},"sameAs":["https:\/\/www.instagram.com\/skylineglobalservice\/"]}]}},"_links":{"self":[{"href":"https:\/\/skyline-gs.com\/cs\/wp-json\/wp\/v2\/product\/74755","targetHints":{"allow":["GET"]}}],"collection":[{"href":"https:\/\/skyline-gs.com\/cs\/wp-json\/wp\/v2\/product"}],"about":[{"href":"https:\/\/skyline-gs.com\/cs\/wp-json\/wp\/v2\/types\/product"}],"version-history":[{"count":0,"href":"https:\/\/skyline-gs.com\/cs\/wp-json\/wp\/v2\/product\/74755\/revisions"}],"wp:featuredmedia":[{"embeddable":true,"href":"https:\/\/skyline-gs.com\/cs\/wp-json\/wp\/v2\/media\/74759"}],"wp:attachment":[{"href":"https:\/\/skyline-gs.com\/cs\/wp-json\/wp\/v2\/media?parent=74755"}],"wp:term":[{"taxonomy":"product_brand","embeddable":true,"href":"https:\/\/skyline-gs.com\/cs\/wp-json\/wp\/v2\/product_brand?post=74755"},{"taxonomy":"product_cat","embeddable":true,"href":"https:\/\/skyline-gs.com\/cs\/wp-json\/wp\/v2\/product_cat?post=74755"},{"taxonomy":"product_tag","embeddable":true,"href":"https:\/\/skyline-gs.com\/cs\/wp-json\/wp\/v2\/product_tag?post=74755"}],"curies":[{"name":"wp","href":"https:\/\/api.w.org\/{rel}","templated":true}]}}