{"id":74032,"date":"2025-12-15T01:56:05","date_gmt":"2025-12-14T23:56:05","guid":{"rendered":"http:\/\/skyline-gs.com\/?post_type=product&#038;p=74032"},"modified":"2026-03-27T02:22:27","modified_gmt":"2026-03-27T00:22:27","slug":"kahira-vip-mini-sarm","status":"publish","type":"product","link":"https:\/\/skyline-gs.com\/cs\/product\/cairo-vip-mini-sharm\/","title":{"rendered":"K\u00e1hira VIP (miniskupina) a Nov\u00e9 Velk\u00e9 egyptsk\u00e9 muzeum (GEM)"},"content":{"rendered":"<p>Pono\u0159te se do starov\u011bku a velkoleposti Egypta: prohl\u00eddka kombinuje nov\u011b otev\u0159en\u00e9 Velk\u00e9 egyptsk\u00e9 muzeum a majest\u00e1tn\u00ed pyramidy v G\u00edze. <strong>Mini skupina a\u017e pro 13 osob.<\/strong><\/p>\n<p><strong>2:00 - Odjezd z hotelu<\/strong>. Cesta do K\u00e1hiry (cca 8 hodin).<\/p>\n<ul>\n<li data-start=\"692\" data-end=\"739\">P\u0159\u00edjezd do K\u00e1hiry, prvn\u00ed sezn\u00e1men\u00ed s m\u011bstem.<\/li>\n<li data-start=\"742\" data-end=\"879\">Doch\u00e1zka\u00a0<strong data-start=\"752\" data-end=\"782\">Velk\u00e9ho egyptsk\u00e9ho muzea<\/strong>\u00a0-\u00a0<strong>Velk\u00e9 egyptsk\u00e9 muzeum<\/strong>: nov\u00e9 luxusn\u00ed muzeum s Tutanchamonov\u00fdmi poklady a dal\u0161\u00edmi unik\u00e1tn\u00edmi expon\u00e1ty v hodnot\u011b 1 miliardy dolar\u016f.<\/li>\n<li><strong>Ob\u011bd<\/strong>\u00a0\u00abBuffet.<\/li>\n<li data-start=\"882\" data-end=\"965\">Prohl\u00eddka pyramidov\u00e9ho komplexu v G\u00edze:\u00a0<strong>Cheops, Chefren.<\/strong>,\u00a0<strong>Mikerina<\/strong>, \u0438\u00a0<strong>Velk\u00e1 sfinga<\/strong>.<\/li>\n<li data-start=\"1131\" data-end=\"1164\">Voln\u00fd \u010das na fotografov\u00e1n\u00ed.<\/li>\n<li data-start=\"1167\" data-end=\"1316\">Odjezd z K\u00e1hiry kolem 16:00-17:00.<\/li>\n<\/ul>\n<p><strong>23:00 - N\u00e1vrat do hotelu.<\/strong><\/p>\n<p><strong>M\u00edsto odjezdu:<\/strong><\/p>\n<ul>\n<li>Sraz ve 2:00 u hlavn\u00edho vchodu do hotelu v \u0160arm a\u0161-\u0160ajchu (pobl\u00ed\u017e z\u00e1vory).<\/li>\n<\/ul>\n<p><strong>V\u010detn\u011b:<\/strong><\/p>\n<ul>\n<li>Transfery z hotelu a do hotelu<\/li>\n<li data-start=\"1338\" data-end=\"1406\">P\u0159eprava pohodln\u00fdm minibusem s klimatizac\u00ed (a\u017e pro 13 osob)<\/li>\n<li data-start=\"1409\" data-end=\"1431\">rusky mluv\u00edc\u00ed pr\u016fvodce<\/li>\n<li data-start=\"1434\" data-end=\"1493\">V\u0161echny vstupenky na atrakce uveden\u00e9 v programu<\/li>\n<li data-start=\"1496\" data-end=\"1534\">Ob\u011bd (formou bufetu)<\/li>\n<\/ul>\n<p><strong>Nen\u00ed sou\u010d\u00e1st\u00ed dod\u00e1vky:<\/strong><\/p>\n<ul>\n<li>Osobn\u00ed v\u00fddaje<\/li>\n<\/ul>\n<p><strong>Co si vz\u00edt s sebou:<\/strong><\/p>\n<ul>\n<li>Pas<\/li>\n<li>Voda<\/li>\n<li>Dopoledn\u00ed sva\u010dina (na recepci hotelu vysv\u011btlete, \u017ee brzy r\u00e1no odj\u00ed\u017ed\u00edte na v\u00fdlet a pot\u0159ebujete si p\u0159ipravit krabi\u010dku s ob\u011bdem, hotely tuto slu\u017ebu poskytuj\u00ed zdarma).<\/li>\n<li>Pohodln\u00e1 obuv<\/li>\n<li>Pokr\u00fdvka hlavy<\/li>\n<\/ul>\n<p><strong>Dal\u0161\u00ed informace:<\/strong><\/p>\n<ul>\n<li>N\u00e1vraty mohou b\u00fdt pozd\u011bj\u0161\u00ed kv\u016fli z\u00e1taras\u016fm na silnic\u00edch a policejn\u00edm z\u00e1taras\u016fm.<\/li>\n<li>Po\u0159ad\u00ed prohl\u00eddek m\u016f\u017ee b\u00fdt zm\u011bn\u011bno podle uv\u00e1\u017een\u00ed pr\u016fvodce a podm\u00ednek.<\/li>\n<li>D\u011bti od 6 let<\/li>\n<\/ul>\n<p><strong>Podm\u00ednky rezervace:<\/strong><\/p>\n<ul>\n<li>Z\u00e1loha 30$ na osobu.<\/li>\n<li>Z\u00e1loha se vrac\u00ed v pln\u00e9 v\u00fd\u0161i v p\u0159\u00edpad\u011b zru\u0161en\u00ed exkurze nejpozd\u011bji 3 dny p\u0159ed datem exkurze.<\/li>\n<li>\u0414\u043b\u044f \u043f\u043e\u0435\u0437\u0434\u043a\u0438 \u0432 \u041a\u0430\u0438\u0440 \u0432 \u043f\u0430\u0441\u043f\u043e\u0440\u0442\u0435 \u0434\u043e\u043b\u0436\u043d\u0430 \u0431\u044b\u0442\u044c \u0432\u0438\u0437\u0430-\u043c\u0430\u0440\u043a\u0430 \u0441\u0442\u043e\u0438\u043c\u043e\u0441\u0442\u044c\u044e 30$, \u043a\u043e\u0442\u043e\u0440\u0430\u044f \u043e\u0444\u043e\u0440\u043c\u043b\u044f\u0435\u0442\u0441\u044f \u043f\u043e \u043f\u0440\u0438\u043b\u0451\u0442\u0443 \u0432 \u0430\u044d\u0440\u043e\u043f\u043e\u0440\u0442\u0443. \u0415\u0441\u043b\u0438 \u043f\u043e \u043a\u0430\u043a\u0438\u043c-\u0442\u043e \u043f\u0440\u0438\u0447\u0438\u043d\u0430\u043c \u0432\u0438\u0437\u0430 \u043d\u0435 \u0431\u044b\u043b\u0430 \u043f\u0440\u0438\u043e\u0431\u0440\u0435\u0442\u0435\u043d\u0430, \u043d\u0435 \u043f\u0435\u0440\u0435\u0436\u0438\u0432\u0430\u0439\u0442\u0435 \u2014 \u043c\u044b \u0432\u0441\u0451 \u043e\u0440\u0433\u0430\u043d\u0438\u0437\u0443\u0435\u043c. \u0412 \u0434\u0435\u043d\u044c \u044d\u043a\u0441\u043a\u0443\u0440\u0441\u0438\u0438 \u043a \u0432\u0430\u0448\u0435\u043c\u0443 \u043e\u0442\u0435\u043b\u044e \u043f\u0440\u0438\u0435\u0434\u0435\u0442 \u0434\u043e\u043f\u043e\u043b\u043d\u0438\u0442\u0435\u043b\u044c\u043d\u044b\u0439 \u0442\u0440\u0430\u043d\u0441\u0444\u0435\u0440, \u043a\u043e\u0442\u043e\u0440\u044b\u0439 \u0430\u043a\u043a\u0443\u0440\u0430\u0442\u043d\u043e \u0437\u0430\u0431\u0435\u0440\u0451\u0442 \u043f\u0430\u0441\u043f\u043e\u0440\u0442\u0430 \u0434\u043b\u044f \u043e\u0444\u043e\u0440\u043c\u043b\u0435\u043d\u0438\u044f \u0432\u0438\u0437\u044b. \u0423\u0436\u0435 \u0432\u043e \u0432\u0440\u0435\u043c\u044f \u044d\u043a\u0441\u043a\u0443\u0440\u0441\u0438\u0438 \u043f\u0430\u0441\u043f\u043e\u0440\u0442\u0430 \u0431\u0443\u0434\u0443\u0442 \u0432\u043e\u0437\u0432\u0440\u0430\u0449\u0435\u043d\u044b \u0442\u0443\u0440\u0438\u0441\u0442\u0430\u043c. \u0412\u0441\u0451 \u043f\u0440\u043e\u0445\u043e\u0434\u0438\u0442 \u043e\u0444\u0438\u0446\u0438\u0430\u043b\u044c\u043d\u043e, \u0431\u0435\u0437\u043e\u043f\u0430\u0441\u043d\u043e \u0438 \u0431\u0435\u0437 \u043b\u0438\u0448\u043d\u0438\u0445 \u0445\u043b\u043e\u043f\u043e\u0442 \u0434\u043b\u044f \u0432\u0430\u0441. \u0421\u0442\u043e\u0438\u043c\u043e\u0441\u0442\u044c \u0443\u0441\u043b\u0443\u0433\u0438 \u2014 37$ (\u0432\u0438\u0437\u0430 \u2014 30$, \u0434\u043e\u043f\u043e\u043b\u043d\u0438\u0442\u0435\u043b\u044c\u043d\u044b\u0439 \u0442\u0440\u0430\u043d\u0441\u0444\u0435\u0440 \u2014 7$ \u0441 \u0447\u0435\u043b\u043e\u0432\u0435\u043a\u0430).<\/li>\n<\/ul>","protected":false},"excerpt":{"rendered":"<p><strong>Doba prohl\u00eddky:<\/strong> 2:00 \u2014 23:00<\/p>\n<p><strong>Dny zadr\u017een\u00ed:<\/strong> Pond\u011bl\u00ed, \u010dtvrtek, sobota<\/p>","protected":false},"featured_media":74035,"template":"","meta":{"_kad_post_transparent":"default","_kad_post_title":"","_kad_post_layout":"default","_kad_post_sidebar_id":"","_kad_post_content_style":"default","_kad_post_vertical_padding":"default","_kad_post_feature":"","_kad_post_feature_position":"","_kad_post_header":false,"_kad_post_footer":false,"_kad_post_classname":"","_glsr_average":0,"_glsr_ranking":0,"_glsr_reviews":0},"product_brand":[],"product_cat":[435],"product_tag":[],"class_list":{"0":"post-74032","1":"product","2":"type-product","3":"status-publish","4":"has-post-thumbnail","6":"product_cat-sharm-el-sheikh","7":"tm-has-options","9":"first","10":"instock","11":"sold-individually","12":"taxable","13":"shipping-taxable","14":"purchasable","15":"product-type-simple","16":"entry","17":"content-bg","18":"loop-entry"},"yoast_head":"<!-- This site is optimized with the Yoast SEO plugin v27.4 - https:\/\/yoast.com\/product\/yoast-seo-wordpress\/ -->\n<title>\u041a\u0430\u0438\u0440 VIP (\u043c\u0438\u043d\u0438-\u0433\u0440\u0443\u043f\u043f\u0430) \u0438 \u041d\u043e\u0432\u044b\u0439 \u0411\u043e\u043b\u044c\u0448\u043e\u0439 \u0415\u0433\u0438\u043f\u0435\u0442\u0441\u043a\u0438\u0439 \u043c\u0443\u0437\u0435\u0439 (GEM) &#8226; \u042d\u043a\u0441\u043a\u0443\u0440\u0441\u0438\u0438 Skyline<\/title>\n<meta name=\"robots\" content=\"index, follow, max-snippet:-1, max-image-preview:large, max-video-preview:-1\" \/>\n<link rel=\"canonical\" href=\"https:\/\/skyline-gs.com\/cs\/produkt\/kahira-vip-mini-sarm\/\" \/>\n<meta property=\"og:locale\" content=\"cs_CZ\" \/>\n<meta property=\"og:type\" content=\"article\" \/>\n<meta property=\"og:title\" content=\"\u041a\u0430\u0438\u0440 VIP (\u043c\u0438\u043d\u0438-\u0433\u0440\u0443\u043f\u043f\u0430) \u0438 \u041d\u043e\u0432\u044b\u0439 \u0411\u043e\u043b\u044c\u0448\u043e\u0439 \u0415\u0433\u0438\u043f\u0435\u0442\u0441\u043a\u0438\u0439 \u043c\u0443\u0437\u0435\u0439 (GEM) &#8226; \u042d\u043a\u0441\u043a\u0443\u0440\u0441\u0438\u0438 Skyline\" \/>\n<meta property=\"og:description\" content=\"\u0412\u0440\u0435\u043c\u044f \u0442\u0443\u0440\u0430: 2:00 \u2014 23:00  \u0414\u043d\u0438 \u043f\u0440\u043e\u0432\u0435\u0434\u0435\u043d\u0438\u044f: \u041f\u043e\u043d\u0435\u0434\u0435\u043b\u044c\u043d\u0438\u043a, \u0427\u0435\u0442\u0432\u0435\u0440\u0433, \u0421\u0443\u0431\u0431\u043e\u0442\u0430\" \/>\n<meta property=\"og:url\" content=\"https:\/\/skyline-gs.com\/cs\/produkt\/kahira-vip-mini-sarm\/\" \/>\n<meta property=\"og:site_name\" content=\"\u042d\u043a\u0441\u043a\u0443\u0440\u0441\u0438\u0438 Skyline\" \/>\n<meta property=\"article:modified_time\" content=\"2026-03-27T00:22:27+00:00\" \/>\n<meta property=\"og:image\" content=\"https:\/\/skyline-gs.com\/wp-content\/uploads\/2025\/12\/kair-vip-s-bolshim-egipetskim-muzeem-3.jpg\" \/>\n\t<meta property=\"og:image:width\" content=\"669\" \/>\n\t<meta property=\"og:image:height\" content=\"446\" \/>\n\t<meta property=\"og:image:type\" content=\"image\/jpeg\" \/>\n<meta name=\"twitter:card\" content=\"summary_large_image\" \/>\n<meta name=\"twitter:label1\" content=\"Odhadovan\u00e1 doba \u010dten\u00ed\" \/>\n\t<meta name=\"twitter:data1\" content=\"2 minuty\" \/>\n<script type=\"application\/ld+json\" class=\"yoast-schema-graph\">{\"@context\":\"https:\\\/\\\/schema.org\",\"@graph\":[{\"@type\":\"WebPage\",\"@id\":\"https:\\\/\\\/skyline-gs.com\\\/product\\\/cairo-vip-mini-sharm\\\/\",\"url\":\"https:\\\/\\\/skyline-gs.com\\\/product\\\/cairo-vip-mini-sharm\\\/\",\"name\":\"\u041a\u0430\u0438\u0440 VIP (\u043c\u0438\u043d\u0438-\u0433\u0440\u0443\u043f\u043f\u0430) \u0438 \u041d\u043e\u0432\u044b\u0439 \u0411\u043e\u043b\u044c\u0448\u043e\u0439 \u0415\u0433\u0438\u043f\u0435\u0442\u0441\u043a\u0438\u0439 \u043c\u0443\u0437\u0435\u0439 (GEM) &#8226; \u042d\u043a\u0441\u043a\u0443\u0440\u0441\u0438\u0438 Skyline\",\"isPartOf\":{\"@id\":\"https:\\\/\\\/skyline-gs.com\\\/it\\\/#website\"},\"primaryImageOfPage\":{\"@id\":\"https:\\\/\\\/skyline-gs.com\\\/product\\\/cairo-vip-mini-sharm\\\/#primaryimage\"},\"image\":{\"@id\":\"https:\\\/\\\/skyline-gs.com\\\/product\\\/cairo-vip-mini-sharm\\\/#primaryimage\"},\"thumbnailUrl\":\"https:\\\/\\\/skyline-gs.com\\\/wp-content\\\/uploads\\\/2025\\\/12\\\/kair-vip-s-bolshim-egipetskim-muzeem-3.jpg\",\"datePublished\":\"2025-12-14T23:56:05+00:00\",\"dateModified\":\"2026-03-27T00:22:27+00:00\",\"breadcrumb\":{\"@id\":\"https:\\\/\\\/skyline-gs.com\\\/product\\\/cairo-vip-mini-sharm\\\/#breadcrumb\"},\"inLanguage\":\"cs\",\"potentialAction\":[{\"@type\":\"ReadAction\",\"target\":[\"https:\\\/\\\/skyline-gs.com\\\/product\\\/cairo-vip-mini-sharm\\\/\"]}]},{\"@type\":\"ImageObject\",\"inLanguage\":\"cs\",\"@id\":\"https:\\\/\\\/skyline-gs.com\\\/product\\\/cairo-vip-mini-sharm\\\/#primaryimage\",\"url\":\"https:\\\/\\\/skyline-gs.com\\\/wp-content\\\/uploads\\\/2025\\\/12\\\/kair-vip-s-bolshim-egipetskim-muzeem-3.jpg\",\"contentUrl\":\"https:\\\/\\\/skyline-gs.com\\\/wp-content\\\/uploads\\\/2025\\\/12\\\/kair-vip-s-bolshim-egipetskim-muzeem-3.jpg\",\"width\":669,\"height\":446},{\"@type\":\"BreadcrumbList\",\"@id\":\"https:\\\/\\\/skyline-gs.com\\\/product\\\/cairo-vip-mini-sharm\\\/#breadcrumb\",\"itemListElement\":[{\"@type\":\"ListItem\",\"position\":1,\"name\":\"\u0413\u043b\u0430\u0432\u043d\u0430\u044f \u0441\u0442\u0440\u0430\u043d\u0438\u0446\u0430\",\"item\":\"https:\\\/\\\/skyline-gs.com\\\/hu\\\/\"},{\"@type\":\"ListItem\",\"position\":2,\"name\":\"\u041c\u0430\u0433\u0430\u0437\u0438\u043d\",\"item\":\"https:\\\/\\\/skyline-gs.com\\\/cs\\\/shop\\\/\"},{\"@type\":\"ListItem\",\"position\":3,\"name\":\"\u041a\u0430\u0438\u0440 VIP (\u043c\u0438\u043d\u0438-\u0433\u0440\u0443\u043f\u043f\u0430) \u0438 \u041d\u043e\u0432\u044b\u0439 \u0411\u043e\u043b\u044c\u0448\u043e\u0439 \u0415\u0433\u0438\u043f\u0435\u0442\u0441\u043a\u0438\u0439 \u043c\u0443\u0437\u0435\u0439 (GEM)\"}]},{\"@type\":\"WebSite\",\"@id\":\"https:\\\/\\\/skyline-gs.com\\\/it\\\/#website\",\"url\":\"https:\\\/\\\/skyline-gs.com\\\/it\\\/\",\"name\":\"\u042d\u043a\u0441\u043a\u0443\u0440\u0441\u0438\u0438 Skyline\",\"description\":\"\u042d\u043a\u0441\u043a\u043b\u044e\u0437\u0438\u0432\u043d\u044b\u0435 \u044d\u043a\u0441\u043a\u0443\u0440\u0441\u0438\u0438 \u043d\u0430 \u043b\u0443\u0447\u0448\u0438\u0445 \u043a\u0443\u0440\u043e\u0440\u0442\u0430\u0445 \u043c\u0438\u0440\u0430\",\"publisher\":{\"@id\":\"https:\\\/\\\/skyline-gs.com\\\/it\\\/#organization\"},\"alternateName\":\"Skyline\",\"potentialAction\":[{\"@type\":\"SearchAction\",\"target\":{\"@type\":\"EntryPoint\",\"urlTemplate\":\"https:\\\/\\\/skyline-gs.com\\\/it\\\/?s={search_term_string}\"},\"query-input\":{\"@type\":\"PropertyValueSpecification\",\"valueRequired\":true,\"valueName\":\"search_term_string\"}}],\"inLanguage\":\"cs\"},{\"@type\":\"Organization\",\"@id\":\"https:\\\/\\\/skyline-gs.com\\\/it\\\/#organization\",\"name\":\"\u042d\u043a\u0441\u043a\u0443\u0440\u0441\u0438\u0438 Skyline\",\"alternateName\":\"\u042d\u043a\u0441\u043a\u0443\u0440\u0441\u0438\u0438 Skyline\",\"url\":\"https:\\\/\\\/skyline-gs.com\\\/it\\\/\",\"logo\":{\"@type\":\"ImageObject\",\"inLanguage\":\"cs\",\"@id\":\"https:\\\/\\\/skyline-gs.com\\\/it\\\/#\\\/schema\\\/logo\\\/image\\\/\",\"url\":\"https:\\\/\\\/skyline-gs.com\\\/wp-content\\\/uploads\\\/2020\\\/12\\\/cropped-logo-2.png\",\"contentUrl\":\"https:\\\/\\\/skyline-gs.com\\\/wp-content\\\/uploads\\\/2020\\\/12\\\/cropped-logo-2.png\",\"width\":512,\"height\":512,\"caption\":\"\u042d\u043a\u0441\u043a\u0443\u0440\u0441\u0438\u0438 Skyline\"},\"image\":{\"@id\":\"https:\\\/\\\/skyline-gs.com\\\/it\\\/#\\\/schema\\\/logo\\\/image\\\/\"},\"sameAs\":[\"https:\\\/\\\/www.instagram.com\\\/skylineglobalservice\\\/\"]}]}<\/script>\n<!-- \/ Yoast SEO plugin. -->","yoast_head_json":{"title":"K\u00e1hira VIP (mini skupina) a Nov\u00e9 Velk\u00e9 egyptsk\u00e9 muzeum (GEM) - Skyline Excursions","robots":{"index":"index","follow":"follow","max-snippet":"max-snippet:-1","max-image-preview":"max-image-preview:large","max-video-preview":"max-video-preview:-1"},"canonical":"https:\/\/skyline-gs.com\/cs\/produkt\/kahira-vip-mini-sarm\/","og_locale":"cs_CZ","og_type":"article","og_title":"\u041a\u0430\u0438\u0440 VIP (\u043c\u0438\u043d\u0438-\u0433\u0440\u0443\u043f\u043f\u0430) \u0438 \u041d\u043e\u0432\u044b\u0439 \u0411\u043e\u043b\u044c\u0448\u043e\u0439 \u0415\u0433\u0438\u043f\u0435\u0442\u0441\u043a\u0438\u0439 \u043c\u0443\u0437\u0435\u0439 (GEM) &#8226; \u042d\u043a\u0441\u043a\u0443\u0440\u0441\u0438\u0438 Skyline","og_description":"\u0412\u0440\u0435\u043c\u044f \u0442\u0443\u0440\u0430: 2:00 \u2014 23:00  \u0414\u043d\u0438 \u043f\u0440\u043e\u0432\u0435\u0434\u0435\u043d\u0438\u044f: \u041f\u043e\u043d\u0435\u0434\u0435\u043b\u044c\u043d\u0438\u043a, \u0427\u0435\u0442\u0432\u0435\u0440\u0433, \u0421\u0443\u0431\u0431\u043e\u0442\u0430","og_url":"https:\/\/skyline-gs.com\/cs\/produkt\/kahira-vip-mini-sarm\/","og_site_name":"\u042d\u043a\u0441\u043a\u0443\u0440\u0441\u0438\u0438 Skyline","article_modified_time":"2026-03-27T00:22:27+00:00","og_image":[{"width":669,"height":446,"url":"https:\/\/skyline-gs.com\/wp-content\/uploads\/2025\/12\/kair-vip-s-bolshim-egipetskim-muzeem-3.jpg","type":"image\/jpeg"}],"twitter_card":"summary_large_image","twitter_misc":{"Odhadovan\u00e1 doba \u010dten\u00ed":"2 minuty"},"schema":{"@context":"https:\/\/schema.org","@graph":[{"@type":"WebPage","@id":"https:\/\/skyline-gs.com\/product\/cairo-vip-mini-sharm\/","url":"https:\/\/skyline-gs.com\/product\/cairo-vip-mini-sharm\/","name":"K\u00e1hira VIP (mini skupina) a Nov\u00e9 Velk\u00e9 egyptsk\u00e9 muzeum (GEM) - Skyline Excursions","isPartOf":{"@id":"https:\/\/skyline-gs.com\/it\/#website"},"primaryImageOfPage":{"@id":"https:\/\/skyline-gs.com\/product\/cairo-vip-mini-sharm\/#primaryimage"},"image":{"@id":"https:\/\/skyline-gs.com\/product\/cairo-vip-mini-sharm\/#primaryimage"},"thumbnailUrl":"https:\/\/skyline-gs.com\/wp-content\/uploads\/2025\/12\/kair-vip-s-bolshim-egipetskim-muzeem-3.jpg","datePublished":"2025-12-14T23:56:05+00:00","dateModified":"2026-03-27T00:22:27+00:00","breadcrumb":{"@id":"https:\/\/skyline-gs.com\/product\/cairo-vip-mini-sharm\/#breadcrumb"},"inLanguage":"cs","potentialAction":[{"@type":"ReadAction","target":["https:\/\/skyline-gs.com\/product\/cairo-vip-mini-sharm\/"]}]},{"@type":"ImageObject","inLanguage":"cs","@id":"https:\/\/skyline-gs.com\/product\/cairo-vip-mini-sharm\/#primaryimage","url":"https:\/\/skyline-gs.com\/wp-content\/uploads\/2025\/12\/kair-vip-s-bolshim-egipetskim-muzeem-3.jpg","contentUrl":"https:\/\/skyline-gs.com\/wp-content\/uploads\/2025\/12\/kair-vip-s-bolshim-egipetskim-muzeem-3.jpg","width":669,"height":446},{"@type":"BreadcrumbList","@id":"https:\/\/skyline-gs.com\/product\/cairo-vip-mini-sharm\/#breadcrumb","itemListElement":[{"@type":"ListItem","position":1,"name":"\u0413\u043b\u0430\u0432\u043d\u0430\u044f \u0441\u0442\u0440\u0430\u043d\u0438\u0446\u0430","item":"https:\/\/skyline-gs.com\/hu\/"},{"@type":"ListItem","position":2,"name":"\u041c\u0430\u0433\u0430\u0437\u0438\u043d","item":"https:\/\/skyline-gs.com\/cs\/shop\/"},{"@type":"ListItem","position":3,"name":"\u041a\u0430\u0438\u0440 VIP (\u043c\u0438\u043d\u0438-\u0433\u0440\u0443\u043f\u043f\u0430) \u0438 \u041d\u043e\u0432\u044b\u0439 \u0411\u043e\u043b\u044c\u0448\u043e\u0439 \u0415\u0433\u0438\u043f\u0435\u0442\u0441\u043a\u0438\u0439 \u043c\u0443\u0437\u0435\u0439 (GEM)"}]},{"@type":"WebSite","@id":"https:\/\/skyline-gs.com\/it\/#website","url":"https:\/\/skyline-gs.com\/it\/","name":"Skyline V\u00fdlety","description":"Exkluzivn\u00ed v\u00fdlety do nejlep\u0161\u00edch sv\u011btov\u00fdch letovisek","publisher":{"@id":"https:\/\/skyline-gs.com\/it\/#organization"},"alternateName":"Skyline","potentialAction":[{"@type":"SearchAction","target":{"@type":"EntryPoint","urlTemplate":"https:\/\/skyline-gs.com\/it\/?s={search_term_string}"},"query-input":{"@type":"PropertyValueSpecification","valueRequired":true,"valueName":"search_term_string"}}],"inLanguage":"cs"},{"@type":"Organization","@id":"https:\/\/skyline-gs.com\/it\/#organization","name":"Skyline V\u00fdlety","alternateName":"\u042d\u043a\u0441\u043a\u0443\u0440\u0441\u0438\u0438 Skyline","url":"https:\/\/skyline-gs.com\/it\/","logo":{"@type":"ImageObject","inLanguage":"cs","@id":"https:\/\/skyline-gs.com\/it\/#\/schema\/logo\/image\/","url":"https:\/\/skyline-gs.com\/wp-content\/uploads\/2020\/12\/cropped-logo-2.png","contentUrl":"https:\/\/skyline-gs.com\/wp-content\/uploads\/2020\/12\/cropped-logo-2.png","width":512,"height":512,"caption":"\u042d\u043a\u0441\u043a\u0443\u0440\u0441\u0438\u0438 Skyline"},"image":{"@id":"https:\/\/skyline-gs.com\/it\/#\/schema\/logo\/image\/"},"sameAs":["https:\/\/www.instagram.com\/skylineglobalservice\/"]}]}},"_links":{"self":[{"href":"https:\/\/skyline-gs.com\/cs\/wp-json\/wp\/v2\/product\/74032","targetHints":{"allow":["GET"]}}],"collection":[{"href":"https:\/\/skyline-gs.com\/cs\/wp-json\/wp\/v2\/product"}],"about":[{"href":"https:\/\/skyline-gs.com\/cs\/wp-json\/wp\/v2\/types\/product"}],"version-history":[{"count":1,"href":"https:\/\/skyline-gs.com\/cs\/wp-json\/wp\/v2\/product\/74032\/revisions"}],"predecessor-version":[{"id":75713,"href":"https:\/\/skyline-gs.com\/cs\/wp-json\/wp\/v2\/product\/74032\/revisions\/75713"}],"wp:featuredmedia":[{"embeddable":true,"href":"https:\/\/skyline-gs.com\/cs\/wp-json\/wp\/v2\/media\/74035"}],"wp:attachment":[{"href":"https:\/\/skyline-gs.com\/cs\/wp-json\/wp\/v2\/media?parent=74032"}],"wp:term":[{"taxonomy":"product_brand","embeddable":true,"href":"https:\/\/skyline-gs.com\/cs\/wp-json\/wp\/v2\/product_brand?post=74032"},{"taxonomy":"product_cat","embeddable":true,"href":"https:\/\/skyline-gs.com\/cs\/wp-json\/wp\/v2\/product_cat?post=74032"},{"taxonomy":"product_tag","embeddable":true,"href":"https:\/\/skyline-gs.com\/cs\/wp-json\/wp\/v2\/product_tag?post=74032"}],"curies":[{"name":"wp","href":"https:\/\/api.w.org\/{rel}","templated":true}]}}