{"id":73871,"date":"2025-12-14T01:08:44","date_gmt":"2025-12-13T23:08:44","guid":{"rendered":"http:\/\/skyline-gs.com\/?post_type=product&#038;p=73871"},"modified":"2025-12-14T01:21:15","modified_gmt":"2025-12-13T23:21:15","slug":"vip-masaze-pro-dospele","status":"publish","type":"product","link":"https:\/\/skyline-gs.com\/cs\/product\/vip-massage-for-adults\/","title":{"rendered":"VIP mas\u00e1\u017e pro mu\u017ee"},"content":{"rendered":"<p>Pono\u0159te se do sv\u011bta relaxace a smyslnosti s legend\u00e1rn\u00ed VIP mas\u00e1\u017e\u00ed pro dosp\u011bl\u00e9 v Pattayi. Tato exkluzivn\u00ed slu\u017eba kombinuje \u00fatulnou atmosf\u00e9ru, profesion\u00e1ln\u00ed techniky thajsk\u00e9 mas\u00e1\u017ee t\u011bla a vysoce kvalitn\u00ed slu\u017eby, aby v\u00e1m poskytla nezapomenuteln\u00fd relaxa\u010dn\u00ed z\u00e1\u017eitek po aktivn\u00edm dni.<br \/>\n<strong>V\u00fdhradn\u011b pro dosp\u011bl\u00e9 hosty.<\/strong><\/p>\n<p><strong>program<\/strong><\/p>\n<ul>\n<li>Transfer z hotelu.<\/li>\n<li>P\u0159\u00edjezd do salonu<\/li>\n<li>Vstoup\u00edte do \u00fatuln\u00e9ho salonu, kde je vytvo\u0159ena relaxa\u010dn\u00ed atmosf\u00e9ra s vonn\u00fdmi ty\u010dinkami a m\u011bkk\u00fdm sv\u011btlem.<\/li>\n<li>V\u00fdb\u011br mas\u00e9rky. Po p\u0159\u00edjezdu v\u00e1m mana\u017eer nab\u00eddne, abyste si vybrali mas\u00e9rku podle sv\u00e9ho p\u0159\u00e1n\u00ed.<\/li>\n<li>Myc\u00ed ritu\u00e1l. P\u0159ed zah\u00e1jen\u00edm mas\u00e1\u017ee se klient umyje: nejprve klient, pak mas\u00e9rka.<\/li>\n<li>Z\u00e1kladn\u00ed VIP mas\u00e1\u017e (mas\u00e1\u017e t\u011bla). Profesion\u00e1ln\u00ed mas\u00e9rka prov\u00e1d\u00ed mas\u00e1\u017e t\u011bla pomoc\u00ed m\u00fddlov\u00e9 p\u011bny, klouzav\u00fdch technik a tlakov\u00fdch bod\u016f, aby do\u0161lo k hlubok\u00e9mu uvoln\u011bn\u00ed sval\u016f a maxim\u00e1ln\u00edmu \u00fa\u010dinku.<\/li>\n<\/ul>\n<p><strong>V\u010detn\u011b:<\/strong><\/p>\n<ul>\n<li data-start=\"2622\" data-end=\"2653\">\n<p data-start=\"2624\" data-end=\"2653\">Profesion\u00e1ln\u00ed VIP mas\u00e1\u017ee pro dosp\u011bl\u00e9<\/p>\n<\/li>\n<li data-start=\"2622\" data-end=\"2653\">\n<p data-start=\"2624\" data-end=\"2653\">Jednosm\u011brn\u00fd transfer do salonu.<\/p>\n<\/li>\n<li data-start=\"2622\" data-end=\"2653\">\n<p data-start=\"2624\" data-end=\"2653\">P\u0159\u00edjemn\u00e1 atmosf\u00e9ra a pohodl\u00ed pokoje<\/p>\n<\/li>\n<li data-start=\"2622\" data-end=\"2653\">\n<p data-start=\"2624\" data-end=\"2653\">Tepl\u00e1 koupel p\u0159ed zah\u00e1jen\u00edm procedury<\/p>\n<\/li>\n<\/ul>\n<p><strong>Vezm\u011bte si ji s sebou:<\/strong><\/p>\n<ul>\n<li data-start=\"2117\" data-end=\"2159\">\n<p data-start=\"2119\" data-end=\"2159\">Doklad o v\u011bku (18+)<\/p>\n<\/li>\n<li data-start=\"2117\" data-end=\"2159\">Pohodln\u00e9 oble\u010den\u00ed, do kter\u00e9ho se m\u016f\u017eete na konci procedury p\u0159evl\u00e9knout.<\/li>\n<li>Pen\u00edze na osobn\u00ed v\u00fddaje<\/li>\n<\/ul>\n<p><strong>P\u0159\u00edplatky:<\/strong><\/p>\n<ul>\n<li><strong>Slu\u017eba je ur\u010dena pouze pro dosp\u011bl\u00e9 (18+) - d\u011btem nen\u00ed \u00fa\u010dast povolena. <\/strong><\/li>\n<li>\u00darove\u0148 pohodl\u00ed a slu\u017eeb je prvot\u0159\u00eddn\u00ed, s individu\u00e1ln\u00edm p\u0159\u00edstupem.<\/li>\n<li>Slu\u017eby v tomto form\u00e1tu se t\u00fdkaj\u00ed odpo\u010dinku a relaxace dosp\u011bl\u00fdch - mohou zahrnovat intimn\u00ed prvky mas\u00e1\u017ee a jsou ur\u010deny dosp\u011bl\u00fdm klient\u016fm (18+).<\/li>\n<li>Program se zam\u011b\u0159uje na maxim\u00e1ln\u00ed uvoln\u011bn\u00ed t\u011bla a uvoln\u011bn\u00ed svalov\u00e9ho nap\u011bt\u00ed.<\/li>\n<\/ul>","protected":false},"excerpt":{"rendered":"<p><strong>Hodiny salonu:<\/strong> 14:00 a\u017e 23:00<br \/>\n<strong>Dny zadr\u017een\u00ed:<\/strong> denn\u011b<\/p>","protected":false},"featured_media":73876,"template":"","meta":{"_kad_post_transparent":"default","_kad_post_title":"","_kad_post_layout":"default","_kad_post_sidebar_id":"","_kad_post_content_style":"default","_kad_post_vertical_padding":"default","_kad_post_feature":"","_kad_post_feature_position":"","_kad_post_header":false,"_kad_post_footer":false,"_kad_post_classname":"","_glsr_average":0,"_glsr_ranking":0,"_glsr_reviews":0},"product_brand":[],"product_cat":[507],"product_tag":[],"class_list":{"0":"post-73871","1":"product","2":"type-product","3":"status-publish","4":"has-post-thumbnail","6":"product_cat-pattaya","7":"tm-has-options","9":"first","10":"instock","11":"sold-individually","12":"taxable","13":"shipping-taxable","14":"purchasable","15":"product-type-simple","16":"entry","17":"content-bg","18":"loop-entry"},"yoast_head":"<!-- This site is optimized with the Yoast SEO plugin v27.4 - https:\/\/yoast.com\/product\/yoast-seo-wordpress\/ -->\n<title>VIP \u043c\u0430\u0441\u0441\u0430\u0436 \u0434\u043b\u044f \u043c\u0443\u0436\u0447\u0438\u043d &#8226; \u042d\u043a\u0441\u043a\u0443\u0440\u0441\u0438\u0438 Skyline<\/title>\n<meta name=\"robots\" content=\"index, follow, max-snippet:-1, max-image-preview:large, max-video-preview:-1\" \/>\n<link rel=\"canonical\" href=\"https:\/\/skyline-gs.com\/cs\/produkt\/vip-masaze-pro-dospele\/\" \/>\n<meta property=\"og:locale\" content=\"cs_CZ\" \/>\n<meta property=\"og:type\" content=\"article\" \/>\n<meta property=\"og:title\" content=\"VIP \u043c\u0430\u0441\u0441\u0430\u0436 \u0434\u043b\u044f \u043c\u0443\u0436\u0447\u0438\u043d &#8226; \u042d\u043a\u0441\u043a\u0443\u0440\u0441\u0438\u0438 Skyline\" \/>\n<meta property=\"og:description\" content=\"\u0412\u0440\u0435\u043c\u044f \u0440\u0430\u0431\u043e\u0442\u044b \u0441\u0430\u043b\u043e\u043d\u0430: 14:00 \u0434\u043e 23:00 \u0414\u043d\u0438 \u043f\u0440\u043e\u0432\u0435\u0434\u0435\u043d\u0438\u044f: \u0435\u0436\u0435\u0434\u043d\u0435\u0432\u043d\u043e\" \/>\n<meta property=\"og:url\" content=\"https:\/\/skyline-gs.com\/cs\/produkt\/vip-masaze-pro-dospele\/\" \/>\n<meta property=\"og:site_name\" content=\"\u042d\u043a\u0441\u043a\u0443\u0440\u0441\u0438\u0438 Skyline\" \/>\n<meta property=\"article:modified_time\" content=\"2025-12-13T23:21:15+00:00\" \/>\n<meta property=\"og:image\" content=\"https:\/\/skyline-gs.com\/wp-content\/uploads\/2025\/12\/kak-massazh-vliyaet-na-organizm-cheloveka-1.jpg\" \/>\n\t<meta property=\"og:image:width\" content=\"1000\" \/>\n\t<meta property=\"og:image:height\" content=\"668\" \/>\n\t<meta property=\"og:image:type\" content=\"image\/jpeg\" \/>\n<meta name=\"twitter:card\" content=\"summary_large_image\" \/>\n<meta name=\"twitter:label1\" content=\"Odhadovan\u00e1 doba \u010dten\u00ed\" \/>\n\t<meta name=\"twitter:data1\" content=\"2 minuty\" \/>\n<script type=\"application\/ld+json\" class=\"yoast-schema-graph\">{\"@context\":\"https:\\\/\\\/schema.org\",\"@graph\":[{\"@type\":\"WebPage\",\"@id\":\"https:\\\/\\\/skyline-gs.com\\\/product\\\/vip-massage-for-adults\\\/\",\"url\":\"https:\\\/\\\/skyline-gs.com\\\/product\\\/vip-massage-for-adults\\\/\",\"name\":\"VIP \u043c\u0430\u0441\u0441\u0430\u0436 \u0434\u043b\u044f \u043c\u0443\u0436\u0447\u0438\u043d &#8226; \u042d\u043a\u0441\u043a\u0443\u0440\u0441\u0438\u0438 Skyline\",\"isPartOf\":{\"@id\":\"https:\\\/\\\/skyline-gs.com\\\/it\\\/#website\"},\"primaryImageOfPage\":{\"@id\":\"https:\\\/\\\/skyline-gs.com\\\/product\\\/vip-massage-for-adults\\\/#primaryimage\"},\"image\":{\"@id\":\"https:\\\/\\\/skyline-gs.com\\\/product\\\/vip-massage-for-adults\\\/#primaryimage\"},\"thumbnailUrl\":\"https:\\\/\\\/skyline-gs.com\\\/wp-content\\\/uploads\\\/2025\\\/12\\\/kak-massazh-vliyaet-na-organizm-cheloveka-1.jpg\",\"datePublished\":\"2025-12-13T23:08:44+00:00\",\"dateModified\":\"2025-12-13T23:21:15+00:00\",\"breadcrumb\":{\"@id\":\"https:\\\/\\\/skyline-gs.com\\\/product\\\/vip-massage-for-adults\\\/#breadcrumb\"},\"inLanguage\":\"cs\",\"potentialAction\":[{\"@type\":\"ReadAction\",\"target\":[\"https:\\\/\\\/skyline-gs.com\\\/product\\\/vip-massage-for-adults\\\/\"]}]},{\"@type\":\"ImageObject\",\"inLanguage\":\"cs\",\"@id\":\"https:\\\/\\\/skyline-gs.com\\\/product\\\/vip-massage-for-adults\\\/#primaryimage\",\"url\":\"https:\\\/\\\/skyline-gs.com\\\/wp-content\\\/uploads\\\/2025\\\/12\\\/kak-massazh-vliyaet-na-organizm-cheloveka-1.jpg\",\"contentUrl\":\"https:\\\/\\\/skyline-gs.com\\\/wp-content\\\/uploads\\\/2025\\\/12\\\/kak-massazh-vliyaet-na-organizm-cheloveka-1.jpg\",\"width\":1000,\"height\":668},{\"@type\":\"BreadcrumbList\",\"@id\":\"https:\\\/\\\/skyline-gs.com\\\/product\\\/vip-massage-for-adults\\\/#breadcrumb\",\"itemListElement\":[{\"@type\":\"ListItem\",\"position\":1,\"name\":\"\u0413\u043b\u0430\u0432\u043d\u0430\u044f \u0441\u0442\u0440\u0430\u043d\u0438\u0446\u0430\",\"item\":\"https:\\\/\\\/skyline-gs.com\\\/hu\\\/\"},{\"@type\":\"ListItem\",\"position\":2,\"name\":\"\u041c\u0430\u0433\u0430\u0437\u0438\u043d\",\"item\":\"https:\\\/\\\/skyline-gs.com\\\/cs\\\/shop\\\/\"},{\"@type\":\"ListItem\",\"position\":3,\"name\":\"VIP \u043c\u0430\u0441\u0441\u0430\u0436 \u0434\u043b\u044f \u043c\u0443\u0436\u0447\u0438\u043d\"}]},{\"@type\":\"WebSite\",\"@id\":\"https:\\\/\\\/skyline-gs.com\\\/it\\\/#website\",\"url\":\"https:\\\/\\\/skyline-gs.com\\\/it\\\/\",\"name\":\"\u042d\u043a\u0441\u043a\u0443\u0440\u0441\u0438\u0438 Skyline\",\"description\":\"\u042d\u043a\u0441\u043a\u043b\u044e\u0437\u0438\u0432\u043d\u044b\u0435 \u044d\u043a\u0441\u043a\u0443\u0440\u0441\u0438\u0438 \u043d\u0430 \u043b\u0443\u0447\u0448\u0438\u0445 \u043a\u0443\u0440\u043e\u0440\u0442\u0430\u0445 \u043c\u0438\u0440\u0430\",\"publisher\":{\"@id\":\"https:\\\/\\\/skyline-gs.com\\\/it\\\/#organization\"},\"alternateName\":\"Skyline\",\"potentialAction\":[{\"@type\":\"SearchAction\",\"target\":{\"@type\":\"EntryPoint\",\"urlTemplate\":\"https:\\\/\\\/skyline-gs.com\\\/it\\\/?s={search_term_string}\"},\"query-input\":{\"@type\":\"PropertyValueSpecification\",\"valueRequired\":true,\"valueName\":\"search_term_string\"}}],\"inLanguage\":\"cs\"},{\"@type\":\"Organization\",\"@id\":\"https:\\\/\\\/skyline-gs.com\\\/it\\\/#organization\",\"name\":\"\u042d\u043a\u0441\u043a\u0443\u0440\u0441\u0438\u0438 Skyline\",\"alternateName\":\"\u042d\u043a\u0441\u043a\u0443\u0440\u0441\u0438\u0438 Skyline\",\"url\":\"https:\\\/\\\/skyline-gs.com\\\/it\\\/\",\"logo\":{\"@type\":\"ImageObject\",\"inLanguage\":\"cs\",\"@id\":\"https:\\\/\\\/skyline-gs.com\\\/it\\\/#\\\/schema\\\/logo\\\/image\\\/\",\"url\":\"https:\\\/\\\/skyline-gs.com\\\/wp-content\\\/uploads\\\/2020\\\/12\\\/cropped-logo-2.png\",\"contentUrl\":\"https:\\\/\\\/skyline-gs.com\\\/wp-content\\\/uploads\\\/2020\\\/12\\\/cropped-logo-2.png\",\"width\":512,\"height\":512,\"caption\":\"\u042d\u043a\u0441\u043a\u0443\u0440\u0441\u0438\u0438 Skyline\"},\"image\":{\"@id\":\"https:\\\/\\\/skyline-gs.com\\\/it\\\/#\\\/schema\\\/logo\\\/image\\\/\"},\"sameAs\":[\"https:\\\/\\\/www.instagram.com\\\/skylineglobalservice\\\/\"]}]}<\/script>\n<!-- \/ Yoast SEO plugin. -->","yoast_head_json":{"title":"VIP mas\u00e1\u017e pro mu\u017ee - Skyline Excursions","robots":{"index":"index","follow":"follow","max-snippet":"max-snippet:-1","max-image-preview":"max-image-preview:large","max-video-preview":"max-video-preview:-1"},"canonical":"https:\/\/skyline-gs.com\/cs\/produkt\/vip-masaze-pro-dospele\/","og_locale":"cs_CZ","og_type":"article","og_title":"VIP \u043c\u0430\u0441\u0441\u0430\u0436 \u0434\u043b\u044f \u043c\u0443\u0436\u0447\u0438\u043d &#8226; \u042d\u043a\u0441\u043a\u0443\u0440\u0441\u0438\u0438 Skyline","og_description":"\u0412\u0440\u0435\u043c\u044f \u0440\u0430\u0431\u043e\u0442\u044b \u0441\u0430\u043b\u043e\u043d\u0430: 14:00 \u0434\u043e 23:00 \u0414\u043d\u0438 \u043f\u0440\u043e\u0432\u0435\u0434\u0435\u043d\u0438\u044f: \u0435\u0436\u0435\u0434\u043d\u0435\u0432\u043d\u043e","og_url":"https:\/\/skyline-gs.com\/cs\/produkt\/vip-masaze-pro-dospele\/","og_site_name":"\u042d\u043a\u0441\u043a\u0443\u0440\u0441\u0438\u0438 Skyline","article_modified_time":"2025-12-13T23:21:15+00:00","og_image":[{"width":1000,"height":668,"url":"https:\/\/skyline-gs.com\/wp-content\/uploads\/2025\/12\/kak-massazh-vliyaet-na-organizm-cheloveka-1.jpg","type":"image\/jpeg"}],"twitter_card":"summary_large_image","twitter_misc":{"Odhadovan\u00e1 doba \u010dten\u00ed":"2 minuty"},"schema":{"@context":"https:\/\/schema.org","@graph":[{"@type":"WebPage","@id":"https:\/\/skyline-gs.com\/product\/vip-massage-for-adults\/","url":"https:\/\/skyline-gs.com\/product\/vip-massage-for-adults\/","name":"VIP mas\u00e1\u017e pro mu\u017ee - Skyline Excursions","isPartOf":{"@id":"https:\/\/skyline-gs.com\/it\/#website"},"primaryImageOfPage":{"@id":"https:\/\/skyline-gs.com\/product\/vip-massage-for-adults\/#primaryimage"},"image":{"@id":"https:\/\/skyline-gs.com\/product\/vip-massage-for-adults\/#primaryimage"},"thumbnailUrl":"https:\/\/skyline-gs.com\/wp-content\/uploads\/2025\/12\/kak-massazh-vliyaet-na-organizm-cheloveka-1.jpg","datePublished":"2025-12-13T23:08:44+00:00","dateModified":"2025-12-13T23:21:15+00:00","breadcrumb":{"@id":"https:\/\/skyline-gs.com\/product\/vip-massage-for-adults\/#breadcrumb"},"inLanguage":"cs","potentialAction":[{"@type":"ReadAction","target":["https:\/\/skyline-gs.com\/product\/vip-massage-for-adults\/"]}]},{"@type":"ImageObject","inLanguage":"cs","@id":"https:\/\/skyline-gs.com\/product\/vip-massage-for-adults\/#primaryimage","url":"https:\/\/skyline-gs.com\/wp-content\/uploads\/2025\/12\/kak-massazh-vliyaet-na-organizm-cheloveka-1.jpg","contentUrl":"https:\/\/skyline-gs.com\/wp-content\/uploads\/2025\/12\/kak-massazh-vliyaet-na-organizm-cheloveka-1.jpg","width":1000,"height":668},{"@type":"BreadcrumbList","@id":"https:\/\/skyline-gs.com\/product\/vip-massage-for-adults\/#breadcrumb","itemListElement":[{"@type":"ListItem","position":1,"name":"\u0413\u043b\u0430\u0432\u043d\u0430\u044f \u0441\u0442\u0440\u0430\u043d\u0438\u0446\u0430","item":"https:\/\/skyline-gs.com\/hu\/"},{"@type":"ListItem","position":2,"name":"\u041c\u0430\u0433\u0430\u0437\u0438\u043d","item":"https:\/\/skyline-gs.com\/cs\/shop\/"},{"@type":"ListItem","position":3,"name":"VIP \u043c\u0430\u0441\u0441\u0430\u0436 \u0434\u043b\u044f \u043c\u0443\u0436\u0447\u0438\u043d"}]},{"@type":"WebSite","@id":"https:\/\/skyline-gs.com\/it\/#website","url":"https:\/\/skyline-gs.com\/it\/","name":"Skyline V\u00fdlety","description":"Exkluzivn\u00ed v\u00fdlety do nejlep\u0161\u00edch sv\u011btov\u00fdch letovisek","publisher":{"@id":"https:\/\/skyline-gs.com\/it\/#organization"},"alternateName":"Skyline","potentialAction":[{"@type":"SearchAction","target":{"@type":"EntryPoint","urlTemplate":"https:\/\/skyline-gs.com\/it\/?s={search_term_string}"},"query-input":{"@type":"PropertyValueSpecification","valueRequired":true,"valueName":"search_term_string"}}],"inLanguage":"cs"},{"@type":"Organization","@id":"https:\/\/skyline-gs.com\/it\/#organization","name":"Skyline V\u00fdlety","alternateName":"\u042d\u043a\u0441\u043a\u0443\u0440\u0441\u0438\u0438 Skyline","url":"https:\/\/skyline-gs.com\/it\/","logo":{"@type":"ImageObject","inLanguage":"cs","@id":"https:\/\/skyline-gs.com\/it\/#\/schema\/logo\/image\/","url":"https:\/\/skyline-gs.com\/wp-content\/uploads\/2020\/12\/cropped-logo-2.png","contentUrl":"https:\/\/skyline-gs.com\/wp-content\/uploads\/2020\/12\/cropped-logo-2.png","width":512,"height":512,"caption":"\u042d\u043a\u0441\u043a\u0443\u0440\u0441\u0438\u0438 Skyline"},"image":{"@id":"https:\/\/skyline-gs.com\/it\/#\/schema\/logo\/image\/"},"sameAs":["https:\/\/www.instagram.com\/skylineglobalservice\/"]}]}},"_links":{"self":[{"href":"https:\/\/skyline-gs.com\/cs\/wp-json\/wp\/v2\/product\/73871","targetHints":{"allow":["GET"]}}],"collection":[{"href":"https:\/\/skyline-gs.com\/cs\/wp-json\/wp\/v2\/product"}],"about":[{"href":"https:\/\/skyline-gs.com\/cs\/wp-json\/wp\/v2\/types\/product"}],"version-history":[{"count":0,"href":"https:\/\/skyline-gs.com\/cs\/wp-json\/wp\/v2\/product\/73871\/revisions"}],"wp:featuredmedia":[{"embeddable":true,"href":"https:\/\/skyline-gs.com\/cs\/wp-json\/wp\/v2\/media\/73876"}],"wp:attachment":[{"href":"https:\/\/skyline-gs.com\/cs\/wp-json\/wp\/v2\/media?parent=73871"}],"wp:term":[{"taxonomy":"product_brand","embeddable":true,"href":"https:\/\/skyline-gs.com\/cs\/wp-json\/wp\/v2\/product_brand?post=73871"},{"taxonomy":"product_cat","embeddable":true,"href":"https:\/\/skyline-gs.com\/cs\/wp-json\/wp\/v2\/product_cat?post=73871"},{"taxonomy":"product_tag","embeddable":true,"href":"https:\/\/skyline-gs.com\/cs\/wp-json\/wp\/v2\/product_tag?post=73871"}],"curies":[{"name":"wp","href":"https:\/\/api.w.org\/{rel}","templated":true}]}}