{"id":73465,"date":"2025-12-09T01:53:45","date_gmt":"2025-12-08T23:53:45","guid":{"rendered":"http:\/\/skyline-gs.com\/?post_type=product&#038;p=73465"},"modified":"2025-12-09T02:04:01","modified_gmt":"2025-12-09T00:04:01","slug":"sailing-catamaran-vivienne","status":"publish","type":"product","link":"https:\/\/skyline-gs.com\/cs\/product\/sailing-catamaran-vivienne\/","title":{"rendered":"\u041f\u0430\u0440\u0443\u0441\u043d\u044b\u0439 \u043a\u0430\u0442\u0430\u043c\u0430\u0440\u0430\u043d VIVIENNE"},"content":{"rendered":"<p><strong>\u041f\u0430\u0440\u0443\u0441\u043d\u044b\u0439 \u043a\u0430\u0442\u0430\u043c\u0430\u0440\u0430\u043d Vivienne (47 ft<\/strong>) \u2014 \u044d\u0442\u043e \u043c\u0435\u0441\u0442\u043e, \u0433\u0434\u0435 \u0440\u043e\u0441\u043a\u043e\u0448\u044c \u0432\u0441\u0442\u0440\u0435\u0447\u0430\u0435\u0442\u0441\u044f \u0441 \u043c\u043e\u0440\u0435\u043c. \u041f\u0440\u0435\u0434\u0441\u0442\u0430\u0432\u044c\u0442\u0435 \u0431\u0435\u043b\u043e\u0441\u043d\u0435\u0436\u043d\u044b\u0435 \u043f\u0430\u0440\u0443\u0441\u0430, \u043c\u044f\u0433\u043a\u0438\u0439 \u043c\u043e\u0440\u0441\u043a\u043e\u0439 \u0431\u0440\u0438\u0437 \u0438 \u043f\u0440\u043e\u0441\u0442\u043e\u0440\u043d\u0443\u044e \u043f\u0430\u043b\u0443\u0431\u0443, \u043f\u043e\u043b\u043d\u043e\u0441\u0442\u044c\u044e \u0432 \u0432\u0430\u0448\u0435\u043c \u0440\u0430\u0441\u043f\u043e\u0440\u044f\u0436\u0435\u043d\u0438\u0438.<br \/>\n\u041c\u0430\u0440\u0448\u0440\u0443\u0442\u044b \u0440\u0430\u0441\u0441\u0447\u0438\u0442\u0430\u043d\u044b \u043d\u0430 4\u20138 \u0447\u0430\u0441\u043e\u0432 \u0438 \u043f\u0440\u043e\u0445\u043e\u0434\u044f\u0442 \u0432\u0434\u043e\u043b\u044c \u043f\u043e\u0431\u0435\u0440\u0435\u0436\u044c\u044f \u0421\u0430\u043c\u0443\u0438 \u0438 \u0432 \u0441\u0442\u043e\u0440\u043e\u043d\u0443 \u041f\u0430\u043d\u0433\u0430\u043d\u0430. \u041f\u0443\u0442\u0435\u0448\u0435\u0441\u0442\u0432\u0438\u0435 \u0441\u043e\u0447\u0435\u0442\u0430\u0435\u0442 \u043a\u043e\u043c\u0444\u043e\u0440\u0442, \u0441\u0442\u0438\u043b\u044c \u0438 \u0430\u043a\u0442\u0438\u0432\u043d\u044b\u0439 \u043e\u0442\u0434\u044b\u0445: \u043a\u0443\u043f\u0430\u043d\u0438\u0435, \u0441\u043d\u043e\u0440\u043a\u043b\u0438\u043d\u0433 \u0443 \u043a\u043e\u0440\u0430\u043b\u043b\u043e\u0432, \u043f\u0440\u044b\u0436\u043a\u0438 \u0432 \u0432\u043e\u0434\u0443, \u043a\u0430\u0442\u0430\u043d\u0438\u0435 \u043f\u043e \u043d\u0430\u0434\u0443\u0432\u043d\u043e\u0439 \u0433\u043e\u0440\u043a\u0435 \u0438 SUP-\u0431\u043e\u0440\u0434\u0438\u043d\u0433.<\/p>\n<p><strong>\u041d\u0430 \u0431\u043e\u0440\u0442\u0443:<\/strong><\/p>\n<ul>\n<li>\u043a\u043e\u043d\u0434\u0438\u0446\u0438\u043e\u043d\u0438\u0440\u043e\u0432\u0430\u043d\u043d\u044b\u0439 \u0441\u0430\u043b\u043e\u043d,<\/li>\n<li>4 \u043a\u0430\u044e\u0442\u044b,<\/li>\n<li>2 \u0432\u0430\u043d\u043d\u044b\u0435 \u043a\u043e\u043c\u043d\u0430\u0442\u044b \u0438 2 \u0442\u0443\u0430\u043b\u0435\u0442\u0430,<\/li>\n<li>\u043c\u043d\u043e\u0433\u043e \u043f\u0440\u043e\u0441\u0442\u0440\u0430\u043d\u0441\u0442\u0432\u0430 \u0434\u043b\u044f \u043e\u0442\u0434\u044b\u0445\u0430 \u0438 \u043e\u0431\u0449\u0435\u043d\u0438\u044f.<\/li>\n<\/ul>\n<p>\u041a\u0430\u0442\u0430\u043c\u0430\u0440\u0430\u043d <strong>\u0440\u0430\u0441\u0441\u0447\u0438\u0442\u0430\u043d \u043d\u0430 \u0434\u043e 24 \u0433\u043e\u0441\u0442\u0435\u0439<\/strong>, \u0447\u0442\u043e \u0434\u0435\u043b\u0430\u0435\u0442 \u0435\u0433\u043e \u0438\u0434\u0435\u0430\u043b\u044c\u043d\u044b\u043c \u0432\u0430\u0440\u0438\u0430\u043d\u0442\u043e\u043c \u0434\u043b\u044f \u0431\u043e\u043b\u044c\u0448\u0438\u0445 \u0441\u0435\u043c\u0435\u0439, \u043a\u043e\u043c\u043f\u0430\u043d\u0438\u0439 \u0434\u0440\u0443\u0437\u0435\u0439, \u043f\u0440\u0430\u0437\u0434\u043d\u0438\u0447\u043d\u044b\u0445 \u043c\u0435\u0440\u043e\u043f\u0440\u0438\u044f\u0442\u0438\u0439 \u0438 \u043f\u0443\u0442\u0435\u0448\u0435\u0441\u0442\u0432\u0438\u0439 \u0441 \u0434\u0435\u0442\u044c\u043c\u0438. Vivienne \u2014 \u044d\u0442\u043e \u0434\u0435\u043d\u044c \u044f\u0440\u043a\u0438\u0445 \u044d\u043c\u043e\u0446\u0438\u0439, \u0441\u0432\u043e\u0431\u043e\u0434\u044b \u0438 \u0431\u0435\u0437\u0437\u0430\u0431\u043e\u0442\u043d\u043e\u0433\u043e \u043c\u043e\u0440\u0441\u043a\u043e\u0433\u043e \u043e\u0442\u0434\u044b\u0445\u0430.<\/p>\n<p><strong>V\u010detn\u011b:<\/strong><\/p>\n<ul>\n<li>Cena pro 1-8 host\u016f<\/li>\n<li>Kapit\u00e1n, pos\u00e1dka, anglicky mluv\u00edc\u00ed pr\u016fvodce<\/li>\n<li>Pitn\u00e1 voda, nealkoholick\u00e9 n\u00e1poje<\/li>\n<li>Ob\u010derstven\u00ed, sez\u00f3nn\u00ed ovoce, sashimi<\/li>\n<li>Mo\u017enost va\u0159en\u00ed vlastn\u00edch j\u00eddel na palub\u011b (gril, kuchyn\u011b)<\/li>\n<li>SUP prkno, kajak, nafukovac\u00ed skluzavka<\/li>\n<li>\u0160norchlov\u00e1n\u00ed a ryb\u00e1\u0159sk\u00e9 vybaven\u00ed<\/li>\n<li>Z\u00e1chrann\u00e9 vesty<\/li>\n<li>Poji\u0161t\u011bn\u00ed<\/li>\n<\/ul>\n<p><strong>Prohl\u00eddka nezahrnuje<\/strong><\/p>\n<ul>\n<li>Alkoholick\u00e9 n\u00e1poje<\/li>\n<li>J\u00eddla na z\u00e1klad\u011b p\u0159edb\u011b\u017en\u00e9 objedn\u00e1vky:<br \/>\nMo\u0159sk\u00e9 plody + m\u00edstn\u00ed kuchyn\u011b - 700 \u0e3f \u2192 $19 \/ osoba.<br \/>\nThajsk\u00e1 kuchyn\u011b + grilovan\u00e9 ku\u0159e\/vep\u0159ov\u00e9 - 500 \u0e3f \u2192 $14 \/ osoba.<\/li>\n<li>P\u0159enos<\/li>\n<li>Vstupn\u00e9 na ostrovy, poplatky za n\u00e1rodn\u00ed parky<\/li>\n<li>Ztracen\u00e9\/po\u0161kozen\u00e9 vybaven\u00ed<\/li>\n<\/ul>\n<p><strong>Vezm\u011bte si ji s sebou:<\/strong><\/p>\n<ul>\n<li>Plavky<\/li>\n<li>Opalovac\u00ed kr\u00e9m, slune\u010dn\u00ed br\u00fdle, pokr\u00fdvka hlavy<\/li>\n<li>Pl\u00e1\u017eov\u00fd ru\u010dn\u00edk<\/li>\n<li>P\u0159\u00edstroje a nab\u00edje\u010dky (nejl\u00e9pe vodot\u011bsn\u00e9 pouzdro)<\/li>\n<li>Pen\u00edze na osobn\u00ed v\u00fddaje<\/li>\n<\/ul>\n<p><strong>Dal\u0161\u00ed informace:<\/strong><\/p>\n<ul>\n<li>\u0421\u0442\u043e\u0438\u043c\u043e\u0441\u0442\u044c \u0437\u0430 <strong>1\u20138 \u0433\u043e\u0441\u0442\u0435\u0439<\/strong><\/li>\n<li>\u041c\u0430\u043a\u0441\u0438\u043c\u0430\u043b\u044c\u043d\u0430\u044f \u0432\u043c\u0435\u0441\u0442\u0438\u043c\u043e\u0441\u0442\u044c: <strong>24 \u0447\u0435\u043b\u043e\u0432\u0435\u043a\u0430<\/strong><\/li>\n<li>P\u0159\u00edplatek za hosta:<br \/>\n- p\u016flden: 800 \u0e3f \u2192 $22<br \/>\n\u2022 \u043f\u043e\u043b\u043d\u044b\u0439 \u0434\u0435\u043d\u044c: 1 400 \u0e3f \u2192 $40<\/li>\n<li>Doporu\u010dujeme v\u010dasnou rezervaci, zejm\u00e9na v hlavn\u00ed sez\u00f3n\u011b<\/li>\n<li>Nedoporu\u010duje se t\u011bhotn\u00fdm \u017een\u00e1m, d\u011btem do 1 roku, osob\u00e1m star\u0161\u00edm 65 let a host\u016fm s probl\u00e9my s ODA.<\/li>\n<li>Itiner\u00e1\u0159 se m\u016f\u017ee zm\u011bnit v d\u016fsledku pov\u011btrnostn\u00edch podm\u00ednek a vy\u0161\u0161\u00ed moci.<\/li>\n<li>Host\u00e9 pod vlivem alkoholu\/drog nesm\u00ed b\u00fdt vpu\u0161t\u011bni.<\/li>\n<\/ul>\n<p><strong>Storno podm\u00ednky<\/strong><\/p>\n<p><em><strong>Na stran\u011b provozovatele:<\/strong><\/em><\/p>\n<ul>\n<li>V p\u0159\u00edpad\u011b \u0161patn\u00fdch pov\u011btrnostn\u00edch podm\u00ednek nebo technick\u00fdch probl\u00e9m\u016f bude poskytnut nov\u00fd term\u00edn nebo vr\u00e1cena pln\u00e1 \u010d\u00e1stka.<\/li>\n<\/ul>\n<p><em><strong>Na stran\u011b klienta:<\/strong><\/em><\/p>\n<ul>\n<li>Storno v den z\u00e1jezdu - hodnota 100%<\/li>\n<\/ul>","protected":false},"excerpt":{"rendered":"<p><strong>Doba prohl\u00eddky:<\/strong><br \/>\nPolodenn\u00ed - 10:00-14:00 nebo 14:30-18:30 hod.<br \/>\nJednodenn\u00ed program - 10:00-18:00 hodin<\/p>\n<p><strong>Dny zadr\u017een\u00ed:<\/strong> Ka\u017ed\u00fd den.<\/p>","protected":false},"featured_media":73484,"template":"","meta":{"_kad_post_transparent":"default","_kad_post_title":"","_kad_post_layout":"default","_kad_post_sidebar_id":"","_kad_post_content_style":"default","_kad_post_vertical_padding":"default","_kad_post_feature":"","_kad_post_feature_position":"","_kad_post_header":false,"_kad_post_footer":false,"_kad_post_classname":"","_glsr_average":0,"_glsr_ranking":0,"_glsr_reviews":0},"product_brand":[],"product_cat":[517],"product_tag":[],"class_list":{"0":"post-73465","1":"product","2":"type-product","3":"status-publish","4":"has-post-thumbnail","6":"product_cat-arenda-yahty-na-samui","7":"tm-has-options","9":"first","10":"instock","11":"sold-individually","12":"taxable","13":"shipping-taxable","14":"purchasable","15":"product-type-simple","16":"entry","17":"content-bg","18":"loop-entry"},"yoast_head":"<!-- This site is optimized with the Yoast SEO plugin v27.3 - https:\/\/yoast.com\/product\/yoast-seo-wordpress\/ -->\n<title>\u041f\u0430\u0440\u0443\u0441\u043d\u044b\u0439 \u043a\u0430\u0442\u0430\u043c\u0430\u0440\u0430\u043d VIVIENNE &#8226; \u042d\u043a\u0441\u043a\u0443\u0440\u0441\u0438\u0438 Skyline<\/title>\n<meta name=\"robots\" content=\"index, follow, max-snippet:-1, max-image-preview:large, max-video-preview:-1\" \/>\n<link rel=\"canonical\" href=\"http:\/\/skyline-gs.com\/cs\/produkt\/sailing-catamaran-vivienne\/\" \/>\n<meta property=\"og:locale\" content=\"cs_CZ\" \/>\n<meta property=\"og:type\" content=\"article\" \/>\n<meta property=\"og:title\" content=\"\u041f\u0430\u0440\u0443\u0441\u043d\u044b\u0439 \u043a\u0430\u0442\u0430\u043c\u0430\u0440\u0430\u043d VIVIENNE &#8226; \u042d\u043a\u0441\u043a\u0443\u0440\u0441\u0438\u0438 Skyline\" \/>\n<meta property=\"og:description\" content=\"\u0412\u0440\u0435\u043c\u044f \u0442\u0443\u0440\u0430: \u041d\u0430 \u043f\u043e\u043b\u0434\u043d\u044f \u2014 \u00a010:00\u201314:00 \u0438\u043b\u0438 14:30\u201318:30 \u041e\u0434\u043d\u043e\u0434\u043d\u0435\u0432\u043d\u0430\u044f \u043f\u0440\u043e\u0433\u0440\u0430\u043c\u043c\u0430 \u2014 10:00\u201318:00  \u0414\u043d\u0438 \u043f\u0440\u043e\u0432\u0435\u0434\u0435\u043d\u0438\u044f: \u041a\u0430\u0436\u0434\u044b\u0439 \u0434\u0435\u043d\u044c\" \/>\n<meta property=\"og:url\" content=\"http:\/\/skyline-gs.com\/cs\/produkt\/sailing-catamaran-vivienne\/\" \/>\n<meta property=\"og:site_name\" content=\"\u042d\u043a\u0441\u043a\u0443\u0440\u0441\u0438\u0438 Skyline\" \/>\n<meta property=\"article:modified_time\" content=\"2025-12-09T00:04:01+00:00\" \/>\n<meta property=\"og:image\" content=\"https:\/\/skyline-gs.com\/wp-content\/uploads\/2025\/12\/izobrazhenie_whatsapp_2025-09-09_v_114942_529ca1c0_rezultat.webp\" \/>\n\t<meta property=\"og:image:width\" content=\"1024\" \/>\n\t<meta property=\"og:image:height\" content=\"687\" \/>\n\t<meta property=\"og:image:type\" content=\"image\/webp\" \/>\n<meta name=\"twitter:card\" content=\"summary_large_image\" \/>\n<meta name=\"twitter:label1\" content=\"Odhadovan\u00e1 doba \u010dten\u00ed\" \/>\n\t<meta name=\"twitter:data1\" content=\"2 minuty\" \/>\n<script type=\"application\/ld+json\" class=\"yoast-schema-graph\">{\"@context\":\"https:\\\/\\\/schema.org\",\"@graph\":[{\"@type\":\"WebPage\",\"@id\":\"http:\\\/\\\/skyline-gs.com\\\/de\\\/produkt\\\/sailing-catamaran-vivienne\\\/\",\"url\":\"http:\\\/\\\/skyline-gs.com\\\/de\\\/produkt\\\/sailing-catamaran-vivienne\\\/\",\"name\":\"\u041f\u0430\u0440\u0443\u0441\u043d\u044b\u0439 \u043a\u0430\u0442\u0430\u043c\u0430\u0440\u0430\u043d VIVIENNE &#8226; \u042d\u043a\u0441\u043a\u0443\u0440\u0441\u0438\u0438 Skyline\",\"isPartOf\":{\"@id\":\"https:\\\/\\\/skyline-gs.com\\\/it\\\/#website\"},\"primaryImageOfPage\":{\"@id\":\"http:\\\/\\\/skyline-gs.com\\\/de\\\/produkt\\\/sailing-catamaran-vivienne\\\/#primaryimage\"},\"image\":{\"@id\":\"http:\\\/\\\/skyline-gs.com\\\/de\\\/produkt\\\/sailing-catamaran-vivienne\\\/#primaryimage\"},\"thumbnailUrl\":\"https:\\\/\\\/skyline-gs.com\\\/wp-content\\\/uploads\\\/2025\\\/12\\\/izobrazhenie_whatsapp_2025-09-09_v_114942_529ca1c0_rezultat.webp\",\"datePublished\":\"2025-12-08T23:53:45+00:00\",\"dateModified\":\"2025-12-09T00:04:01+00:00\",\"breadcrumb\":{\"@id\":\"http:\\\/\\\/skyline-gs.com\\\/de\\\/produkt\\\/sailing-catamaran-vivienne\\\/#breadcrumb\"},\"inLanguage\":\"cs\",\"potentialAction\":[{\"@type\":\"ReadAction\",\"target\":[\"http:\\\/\\\/skyline-gs.com\\\/de\\\/produkt\\\/sailing-catamaran-vivienne\\\/\"]}]},{\"@type\":\"ImageObject\",\"inLanguage\":\"cs\",\"@id\":\"http:\\\/\\\/skyline-gs.com\\\/de\\\/produkt\\\/sailing-catamaran-vivienne\\\/#primaryimage\",\"url\":\"https:\\\/\\\/skyline-gs.com\\\/wp-content\\\/uploads\\\/2025\\\/12\\\/izobrazhenie_whatsapp_2025-09-09_v_114942_529ca1c0_rezultat.webp\",\"contentUrl\":\"https:\\\/\\\/skyline-gs.com\\\/wp-content\\\/uploads\\\/2025\\\/12\\\/izobrazhenie_whatsapp_2025-09-09_v_114942_529ca1c0_rezultat.webp\",\"width\":1024,\"height\":687},{\"@type\":\"BreadcrumbList\",\"@id\":\"http:\\\/\\\/skyline-gs.com\\\/de\\\/produkt\\\/sailing-catamaran-vivienne\\\/#breadcrumb\",\"itemListElement\":[{\"@type\":\"ListItem\",\"position\":1,\"name\":\"\u0413\u043b\u0430\u0432\u043d\u0430\u044f \u0441\u0442\u0440\u0430\u043d\u0438\u0446\u0430\",\"item\":\"https:\\\/\\\/skyline-gs.com\\\/hu\\\/\"},{\"@type\":\"ListItem\",\"position\":2,\"name\":\"\u041c\u0430\u0433\u0430\u0437\u0438\u043d\",\"item\":\"https:\\\/\\\/skyline-gs.com\\\/cs\\\/shop\\\/\"},{\"@type\":\"ListItem\",\"position\":3,\"name\":\"\u041f\u0430\u0440\u0443\u0441\u043d\u044b\u0439 \u043a\u0430\u0442\u0430\u043c\u0430\u0440\u0430\u043d VIVIENNE\"}]},{\"@type\":\"WebSite\",\"@id\":\"https:\\\/\\\/skyline-gs.com\\\/it\\\/#website\",\"url\":\"https:\\\/\\\/skyline-gs.com\\\/it\\\/\",\"name\":\"\u042d\u043a\u0441\u043a\u0443\u0440\u0441\u0438\u0438 Skyline\",\"description\":\"\u042d\u043a\u0441\u043a\u043b\u044e\u0437\u0438\u0432\u043d\u044b\u0435 \u044d\u043a\u0441\u043a\u0443\u0440\u0441\u0438\u0438 \u043d\u0430 \u043b\u0443\u0447\u0448\u0438\u0445 \u043a\u0443\u0440\u043e\u0440\u0442\u0430\u0445 \u043c\u0438\u0440\u0430\",\"publisher\":{\"@id\":\"https:\\\/\\\/skyline-gs.com\\\/it\\\/#organization\"},\"alternateName\":\"Skyline\",\"potentialAction\":[{\"@type\":\"SearchAction\",\"target\":{\"@type\":\"EntryPoint\",\"urlTemplate\":\"https:\\\/\\\/skyline-gs.com\\\/it\\\/?s={search_term_string}\"},\"query-input\":{\"@type\":\"PropertyValueSpecification\",\"valueRequired\":true,\"valueName\":\"search_term_string\"}}],\"inLanguage\":\"cs\"},{\"@type\":\"Organization\",\"@id\":\"https:\\\/\\\/skyline-gs.com\\\/it\\\/#organization\",\"name\":\"\u042d\u043a\u0441\u043a\u0443\u0440\u0441\u0438\u0438 Skyline\",\"alternateName\":\"\u042d\u043a\u0441\u043a\u0443\u0440\u0441\u0438\u0438 Skyline\",\"url\":\"https:\\\/\\\/skyline-gs.com\\\/it\\\/\",\"logo\":{\"@type\":\"ImageObject\",\"inLanguage\":\"cs\",\"@id\":\"https:\\\/\\\/skyline-gs.com\\\/it\\\/#\\\/schema\\\/logo\\\/image\\\/\",\"url\":\"https:\\\/\\\/skyline-gs.com\\\/wp-content\\\/uploads\\\/2020\\\/12\\\/cropped-logo-2.png\",\"contentUrl\":\"https:\\\/\\\/skyline-gs.com\\\/wp-content\\\/uploads\\\/2020\\\/12\\\/cropped-logo-2.png\",\"width\":512,\"height\":512,\"caption\":\"\u042d\u043a\u0441\u043a\u0443\u0440\u0441\u0438\u0438 Skyline\"},\"image\":{\"@id\":\"https:\\\/\\\/skyline-gs.com\\\/it\\\/#\\\/schema\\\/logo\\\/image\\\/\"},\"sameAs\":[\"https:\\\/\\\/www.instagram.com\\\/skylineglobalservice\\\/\"]}]}<\/script>\n<!-- \/ Yoast SEO plugin. -->","yoast_head_json":{"title":"\u041f\u0430\u0440\u0443\u0441\u043d\u044b\u0439 \u043a\u0430\u0442\u0430\u043c\u0430\u0440\u0430\u043d VIVIENNE &#8226; \u042d\u043a\u0441\u043a\u0443\u0440\u0441\u0438\u0438 Skyline","robots":{"index":"index","follow":"follow","max-snippet":"max-snippet:-1","max-image-preview":"max-image-preview:large","max-video-preview":"max-video-preview:-1"},"canonical":"http:\/\/skyline-gs.com\/cs\/produkt\/sailing-catamaran-vivienne\/","og_locale":"cs_CZ","og_type":"article","og_title":"\u041f\u0430\u0440\u0443\u0441\u043d\u044b\u0439 \u043a\u0430\u0442\u0430\u043c\u0430\u0440\u0430\u043d VIVIENNE &#8226; \u042d\u043a\u0441\u043a\u0443\u0440\u0441\u0438\u0438 Skyline","og_description":"\u0412\u0440\u0435\u043c\u044f \u0442\u0443\u0440\u0430: \u041d\u0430 \u043f\u043e\u043b\u0434\u043d\u044f \u2014 \u00a010:00\u201314:00 \u0438\u043b\u0438 14:30\u201318:30 \u041e\u0434\u043d\u043e\u0434\u043d\u0435\u0432\u043d\u0430\u044f \u043f\u0440\u043e\u0433\u0440\u0430\u043c\u043c\u0430 \u2014 10:00\u201318:00  \u0414\u043d\u0438 \u043f\u0440\u043e\u0432\u0435\u0434\u0435\u043d\u0438\u044f: \u041a\u0430\u0436\u0434\u044b\u0439 \u0434\u0435\u043d\u044c","og_url":"http:\/\/skyline-gs.com\/cs\/produkt\/sailing-catamaran-vivienne\/","og_site_name":"\u042d\u043a\u0441\u043a\u0443\u0440\u0441\u0438\u0438 Skyline","article_modified_time":"2025-12-09T00:04:01+00:00","og_image":[{"width":1024,"height":687,"url":"https:\/\/skyline-gs.com\/wp-content\/uploads\/2025\/12\/izobrazhenie_whatsapp_2025-09-09_v_114942_529ca1c0_rezultat.webp","type":"image\/webp"}],"twitter_card":"summary_large_image","twitter_misc":{"Odhadovan\u00e1 doba \u010dten\u00ed":"2 minuty"},"schema":{"@context":"https:\/\/schema.org","@graph":[{"@type":"WebPage","@id":"http:\/\/skyline-gs.com\/de\/produkt\/sailing-catamaran-vivienne\/","url":"http:\/\/skyline-gs.com\/de\/produkt\/sailing-catamaran-vivienne\/","name":"\u041f\u0430\u0440\u0443\u0441\u043d\u044b\u0439 \u043a\u0430\u0442\u0430\u043c\u0430\u0440\u0430\u043d VIVIENNE &#8226; \u042d\u043a\u0441\u043a\u0443\u0440\u0441\u0438\u0438 Skyline","isPartOf":{"@id":"https:\/\/skyline-gs.com\/it\/#website"},"primaryImageOfPage":{"@id":"http:\/\/skyline-gs.com\/de\/produkt\/sailing-catamaran-vivienne\/#primaryimage"},"image":{"@id":"http:\/\/skyline-gs.com\/de\/produkt\/sailing-catamaran-vivienne\/#primaryimage"},"thumbnailUrl":"https:\/\/skyline-gs.com\/wp-content\/uploads\/2025\/12\/izobrazhenie_whatsapp_2025-09-09_v_114942_529ca1c0_rezultat.webp","datePublished":"2025-12-08T23:53:45+00:00","dateModified":"2025-12-09T00:04:01+00:00","breadcrumb":{"@id":"http:\/\/skyline-gs.com\/de\/produkt\/sailing-catamaran-vivienne\/#breadcrumb"},"inLanguage":"cs","potentialAction":[{"@type":"ReadAction","target":["http:\/\/skyline-gs.com\/de\/produkt\/sailing-catamaran-vivienne\/"]}]},{"@type":"ImageObject","inLanguage":"cs","@id":"http:\/\/skyline-gs.com\/de\/produkt\/sailing-catamaran-vivienne\/#primaryimage","url":"https:\/\/skyline-gs.com\/wp-content\/uploads\/2025\/12\/izobrazhenie_whatsapp_2025-09-09_v_114942_529ca1c0_rezultat.webp","contentUrl":"https:\/\/skyline-gs.com\/wp-content\/uploads\/2025\/12\/izobrazhenie_whatsapp_2025-09-09_v_114942_529ca1c0_rezultat.webp","width":1024,"height":687},{"@type":"BreadcrumbList","@id":"http:\/\/skyline-gs.com\/de\/produkt\/sailing-catamaran-vivienne\/#breadcrumb","itemListElement":[{"@type":"ListItem","position":1,"name":"\u0413\u043b\u0430\u0432\u043d\u0430\u044f \u0441\u0442\u0440\u0430\u043d\u0438\u0446\u0430","item":"https:\/\/skyline-gs.com\/hu\/"},{"@type":"ListItem","position":2,"name":"\u041c\u0430\u0433\u0430\u0437\u0438\u043d","item":"https:\/\/skyline-gs.com\/cs\/shop\/"},{"@type":"ListItem","position":3,"name":"\u041f\u0430\u0440\u0443\u0441\u043d\u044b\u0439 \u043a\u0430\u0442\u0430\u043c\u0430\u0440\u0430\u043d VIVIENNE"}]},{"@type":"WebSite","@id":"https:\/\/skyline-gs.com\/it\/#website","url":"https:\/\/skyline-gs.com\/it\/","name":"Skyline V\u00fdlety","description":"Exkluzivn\u00ed v\u00fdlety do nejlep\u0161\u00edch sv\u011btov\u00fdch letovisek","publisher":{"@id":"https:\/\/skyline-gs.com\/it\/#organization"},"alternateName":"Skyline","potentialAction":[{"@type":"SearchAction","target":{"@type":"EntryPoint","urlTemplate":"https:\/\/skyline-gs.com\/it\/?s={search_term_string}"},"query-input":{"@type":"PropertyValueSpecification","valueRequired":true,"valueName":"search_term_string"}}],"inLanguage":"cs"},{"@type":"Organization","@id":"https:\/\/skyline-gs.com\/it\/#organization","name":"Skyline V\u00fdlety","alternateName":"\u042d\u043a\u0441\u043a\u0443\u0440\u0441\u0438\u0438 Skyline","url":"https:\/\/skyline-gs.com\/it\/","logo":{"@type":"ImageObject","inLanguage":"cs","@id":"https:\/\/skyline-gs.com\/it\/#\/schema\/logo\/image\/","url":"https:\/\/skyline-gs.com\/wp-content\/uploads\/2020\/12\/cropped-logo-2.png","contentUrl":"https:\/\/skyline-gs.com\/wp-content\/uploads\/2020\/12\/cropped-logo-2.png","width":512,"height":512,"caption":"\u042d\u043a\u0441\u043a\u0443\u0440\u0441\u0438\u0438 Skyline"},"image":{"@id":"https:\/\/skyline-gs.com\/it\/#\/schema\/logo\/image\/"},"sameAs":["https:\/\/www.instagram.com\/skylineglobalservice\/"]}]}},"_links":{"self":[{"href":"https:\/\/skyline-gs.com\/cs\/wp-json\/wp\/v2\/product\/73465","targetHints":{"allow":["GET"]}}],"collection":[{"href":"https:\/\/skyline-gs.com\/cs\/wp-json\/wp\/v2\/product"}],"about":[{"href":"https:\/\/skyline-gs.com\/cs\/wp-json\/wp\/v2\/types\/product"}],"version-history":[{"count":0,"href":"https:\/\/skyline-gs.com\/cs\/wp-json\/wp\/v2\/product\/73465\/revisions"}],"wp:featuredmedia":[{"embeddable":true,"href":"https:\/\/skyline-gs.com\/cs\/wp-json\/wp\/v2\/media\/73484"}],"wp:attachment":[{"href":"https:\/\/skyline-gs.com\/cs\/wp-json\/wp\/v2\/media?parent=73465"}],"wp:term":[{"taxonomy":"product_brand","embeddable":true,"href":"https:\/\/skyline-gs.com\/cs\/wp-json\/wp\/v2\/product_brand?post=73465"},{"taxonomy":"product_cat","embeddable":true,"href":"https:\/\/skyline-gs.com\/cs\/wp-json\/wp\/v2\/product_cat?post=73465"},{"taxonomy":"product_tag","embeddable":true,"href":"https:\/\/skyline-gs.com\/cs\/wp-json\/wp\/v2\/product_tag?post=73465"}],"curies":[{"name":"wp","href":"https:\/\/api.w.org\/{rel}","templated":true}]}}