{"id":73254,"date":"2025-12-07T22:21:48","date_gmt":"2025-12-07T20:21:48","guid":{"rendered":"http:\/\/skyline-gs.com\/?post_type=product&#038;p=73254"},"modified":"2025-12-07T23:32:53","modified_gmt":"2025-12-07T21:32:53","slug":"charter-a-catamaran-yacht-nina-to-the-islands-of-koh-som-koh-phangan","status":"publish","type":"product","link":"https:\/\/skyline-gs.com\/cs\/product\/charter-a-catamaran-yacht-nina-to-the-islands-of-koh-som-koh-phangan\/","title":{"rendered":"Pron\u00e1jem katamar\u00e1nu NINA na ostrovy Ko Som \/ Ko Phangan"},"content":{"rendered":"<p>\u041f\u0430\u0440\u0443\u0441\u043d\u044b\u0439 \u043a\u0430\u0442\u0430\u043c\u0430\u0440\u0430\u043d Nina \u2014 \u043a\u043e\u043c\u0444\u043e\u0440\u0442\u0430\u0431\u0435\u043b\u044c\u043d\u043e\u0435 11-\u043c\u0435\u0442\u0440\u043e\u0432\u043e\u0435 \u0441\u0443\u0434\u043d\u043e \u043a\u043b\u0430\u0441\u0441\u0430 \u043f\u0440\u0435\u043c\u0438\u0443\u043c (38 ft), \u0440\u0430\u0441\u0441\u0447\u0438\u0442\u0430\u043d\u043d\u043e\u0435 \u0434\u043e 15 \u0433\u043e\u0441\u0442\u0435\u0439. \u041f\u0440\u043e\u0441\u0442\u043e\u0440\u043d\u0430\u044f \u043f\u0430\u043b\u0443\u0431\u0430, \u043c\u044f\u0433\u043a\u0438\u0435 \u0437\u043e\u043d\u044b \u043e\u0442\u0434\u044b\u0445\u0430, \u043a\u0443\u0445\u043d\u044f, \u043a\u0430\u044e\u0442\u0430 \u0438 \u043f\u0440\u043e\u0444\u0435\u0441\u0441\u0438\u043e\u043d\u0430\u043b\u044c\u043d\u044b\u0439 \u044d\u043a\u0438\u043f\u0430\u0436 \u0434\u0435\u043b\u0430\u044e\u0442 \u043f\u0443\u0442\u0435\u0448\u0435\u0441\u0442\u0432\u0438\u0435 \u043d\u0435 \u0442\u043e\u043b\u044c\u043a\u043e \u043a\u0440\u0430\u0441\u0438\u0432\u044b\u043c, \u043d\u043e \u0438 \u043c\u0430\u043a\u0441\u0438\u043c\u0430\u043b\u044c\u043d\u043e \u043a\u043e\u043c\u0444\u043e\u0440\u0442\u043d\u044b\u043c. \u041a\u0430\u0442\u0430\u043c\u0430\u0440\u0430\u043d \u0434\u043e\u0441\u0442\u0443\u043f\u0435\u043d \u043a \u0430\u0440\u0435\u043d\u0434\u0435 \u043d\u0430 \u043f\u043e\u043b\u0434\u043d\u044f \u0438\u043b\u0438 \u043f\u043e\u043b\u043d\u044b\u0439 \u0434\u0435\u043d\u044c \u0434\u043b\u044f \u043a\u0440\u0443\u0438\u0437\u043e\u0432 \u043a \u043e\u0441\u0442\u0440\u043e\u0432\u0430\u043c \u041a\u043e \u0421\u043e\u043c \u0438 \u041a\u043e \u041f\u0430\u043d\u0433\u0430\u043d. \u042d\u0442\u043e \u0438\u0434\u0435\u0430\u043b\u044c\u043d\u044b\u0439 \u0432\u0430\u0440\u0438\u0430\u043d\u0442 \u0434\u043b\u044f \u0440\u043e\u043c\u0430\u043d\u0442\u0438\u0447\u0435\u0441\u043a\u043e\u0439 \u043f\u0440\u043e\u0433\u0443\u043b\u043a\u0438, \u0441\u0435\u043c\u0435\u0439\u043d\u043e\u0433\u043e \u043e\u0442\u0434\u044b\u0445\u0430 \u0438\u043b\u0438 \u043f\u0440\u0430\u0437\u0434\u043d\u0438\u043a\u0430.<br \/>\n\u0412 4-\u0447\u0430\u0441\u043e\u0432\u043e\u043c \u043a\u0440\u0443\u0438\u0437\u0435 \u0432\u0430\u0441 \u0436\u0434\u0443\u0442: \u043f\u0440\u044b\u0436\u043a\u0438 \u0432 \u043c\u043e\u0440\u0435, \u043a\u0443\u043f\u0430\u043d\u0438\u0435 \u0432 \u043e\u0442\u043a\u0440\u044b\u0442\u043e\u0439 \u0432\u043e\u0434\u0435, \u043a\u0430\u0442\u0430\u043d\u0438\u0435 \u0441 \u043d\u0430\u0434\u0443\u0432\u043d\u043e\u0439 \u0433\u043e\u0440\u043a\u0438, \u043f\u0440\u043e\u0433\u0443\u043b\u043a\u0430 \u043d\u0430 SUP-\u0431\u043e\u0440\u0434\u0430\u0445 \u0438 \u0434\u0430\u0436\u0435 \u0440\u044b\u0431\u0430\u043b\u043a\u0430.<\/p>\n<p><strong>V\u010detn\u011b:<\/strong><\/p>\n<ul>\n<li>P\u0159enos<\/li>\n<li>\u041a\u0430\u043f\u0438\u0442\u0430\u043d, \u044d\u043a\u0438\u043f\u0430\u0436 \u0438 \u0430\u043d\u0433\u043b\u043e\u044f\u0437\u044b\u0447\u043d\u044b\u0439 \u0433\u0438\u0434<\/li>\n<li>\u041f\u0438\u0442\u044c\u0435\u0432\u0430\u044f \u0432\u043e\u0434\u0430, \u043b\u0451\u0434, \u0431\u0435\u0437\u0430\u043b\u043a\u043e\u0433\u043e\u043b\u044c\u043d\u044b\u0435 \u043d\u0430\u043f\u0438\u0442\u043a\u0438, \u0437\u0430\u043a\u0443\u0441\u043a\u0438<\/li>\n<li>\u041e\u0431\u0435\u0434 \u0432 \u043d\u0430\u0446\u0438\u043e\u043d\u0430\u043b\u044c\u043d\u043e\u043c \u0441\u0442\u0438\u043b\u0435 (\u0434\u043b\u044f \u043f\u0440\u043e\u0433\u0440\u0430\u043c\u043c 6\u20138 \u0447\u0430\u0441\u043e\u0432)<\/li>\n<li>\u0421\u0435\u0437\u043e\u043d\u043d\u044b\u0435 \u0444\u0440\u0443\u043a\u0442\u044b<\/li>\n<li>2 SUP-\u0431\u043e\u0440\u0434\u0430<\/li>\n<li>\u041d\u0430\u0434\u0443\u0432\u043d\u0430\u044f \u0433\u043e\u0440\u043a\u0430 (\u0434\u043b\u044f \u043f\u0440\u043e\u0433\u0440\u0430\u043c\u043c \u043e\u0442 4 \u0447\u0430\u0441\u043e\u0432)<\/li>\n<li>Z\u00e1chrann\u00e9 vesty<\/li>\n<li>Poji\u0161t\u011bn\u00ed<\/li>\n<li>Vybaven\u00ed pro \u0161norchlov\u00e1n\u00ed<\/li>\n<li>\u041c\u043e\u0442\u043e\u0440\u043d\u0430\u044f \u043d\u0430\u0434\u0443\u0432\u043d\u0430\u044f \u043b\u043e\u0434\u043a\u0430<\/li>\n<li>\u0420\u044b\u0431\u043e\u043b\u043e\u0432\u043d\u043e\u0435 \u0441\u043d\u0430\u0440\u044f\u0436\u0435\u043d\u0438\u0435<\/li>\n<li>Ru\u010dn\u00edky<\/li>\n<li>Bluetooth-\u043a\u043e\u043b\u043e\u043d\u043a\u0430<\/li>\n<\/ul>\n<p><strong>Prohl\u00eddka nezahrnuje<\/strong><\/p>\n<ul>\n<li>Alkoholick\u00e9 n\u00e1poje<\/li>\n<li>\u041f\u0438\u0442\u0430\u043d\u0438\u0435 (\u0432 \u043d\u0435\u043a\u043e\u0442\u043e\u0440\u044b\u0445 \u043f\u0440\u043e\u0433\u0440\u0430\u043c\u043c\u0430\u0445 \u2014 \u0437\u0430\u0432\u0438\u0441\u0438\u0442 \u043e\u0442 \u0432\u044b\u0431\u0440\u0430\u043d\u043d\u043e\u0433\u043e \u0432\u0430\u0440\u0438\u0430\u043d\u0442\u0430)<\/li>\n<\/ul>\n<p><strong>Vezm\u011bte si ji s sebou:<\/strong><\/p>\n<ul>\n<li>Plavky<\/li>\n<li>Opalovac\u00ed kr\u00e9m, slune\u010dn\u00ed br\u00fdle, pokr\u00fdvka hlavy<\/li>\n<li>Pl\u00e1\u017eov\u00fd ru\u010dn\u00edk<\/li>\n<li>P\u0159\u00edstroje a nab\u00edje\u010dky (nejl\u00e9pe vodot\u011bsn\u00e9 pouzdro)<\/li>\n<li>\u0414\u0435\u043d\u044c\u0433\u0438 \u043d\u0430 \u043b\u0438\u0447\u043d\u044b\u0435 \u0440\u0430\u0441\u0445\u043e\u0434\u044b \/ \u043d\u0430\u043f\u0438\u0442\u043a\u0438<\/li>\n<\/ul>\n<p><strong>Dal\u0161\u00ed informace:<\/strong><\/p>\n<ul>\n<li>\u041c\u0430\u043a\u0441\u0438\u043c\u0430\u043b\u044c\u043d\u0430\u044f \u0432\u043c\u0435\u0441\u0442\u0438\u043c\u043e\u0441\u0442\u044c: 15 \u0447\u0435\u043b\u043e\u0432\u0435\u043a<\/li>\n<li>\u0426\u0435\u043d\u0430 \u0443\u043a\u0430\u0437\u0430\u043d\u0430 \u0437\u0430 1\u20138 \u0433\u043e\u0441\u0442\u0435\u0439<\/li>\n<li>\u0417\u0430 \u043a\u0430\u0436\u0434\u043e\u0433\u043e \u0434\u043e\u043f\u043e\u043b\u043d\u0438\u0442\u0435\u043b\u044c\u043d\u043e\u0433\u043e \u0433\u043e\u0441\u0442\u044f \u2014 $39<\/li>\n<li>\u0414\u0435\u0442\u0438 4\u20139 \u043b\u0435\u0442 \u2014 \u0441\u043a\u0438\u0434\u043a\u0430 50%<\/li>\n<li>\u041d\u0435 \u0440\u0435\u043a\u043e\u043c\u0435\u043d\u0434\u0443\u0435\u0442\u0441\u044f: \u0431\u0435\u0440\u0435\u043c\u0435\u043d\u043d\u044b\u043c, \u0434\u0435\u0442\u044f\u043c \u0434\u043e 1 \u0433\u043e\u0434\u0430, \u043f\u043e\u0436\u0438\u043b\u044b\u043c \u043b\u044e\u0434\u044f\u043c \u0441\u0442\u0430\u0440\u0448\u0435 65 \u043b\u0435\u0442, \u043b\u044e\u0434\u044f\u043c \u0441 \u0437\u0430\u0431\u043e\u043b\u0435\u0432\u0430\u043d\u0438\u044f\u043c\u0438 \u043e\u043f\u043e\u0440\u043d\u043e-\u0434\u0432\u0438\u0433\u0430\u0442\u0435\u043b\u044c\u043d\u043e\u0433\u043e \u0430\u043f\u043f\u0430\u0440\u0430\u0442\u0430<\/li>\n<li>\u041f\u0440\u043e\u0433\u0440\u0430\u043c\u043c\u0430 \u043c\u043e\u0436\u0435\u0442 \u043a\u043e\u0440\u0440\u0435\u043a\u0442\u0438\u0440\u043e\u0432\u0430\u0442\u044c\u0441\u044f \u043e\u0440\u0433\u0430\u043d\u0438\u0437\u0430\u0442\u043e\u0440\u043e\u043c \u043f\u0440\u0438 \u043f\u043b\u043e\u0445\u043e\u0439 \u043f\u043e\u0433\u043e\u0434\u0435<\/li>\n<li>\u0421\u0431\u043e\u0440 \u0441 \u0433\u043e\u0440\u043d\u044b\u0445 \u0432\u0438\u043b\u043b \u2014 \u0441 \u0433\u043b\u0430\u0432\u043d\u043e\u0439 \u0434\u043e\u0440\u043e\u0433\u0438<\/li>\n<li>\u041e\u0442\u043f\u0440\u0430\u0432\u043b\u0435\u043d\u0438\u0435 \u0441 \u043f\u0438\u0440\u0441\u0430 Chengmon Beach<\/li>\n<li>\u041b\u0438\u0446\u0430 \u0432 \u0441\u043e\u0441\u0442\u043e\u044f\u043d\u0438\u0438 \u0430\u043b\u043a\u043e\u0433\u043e\u043b\u044c\u043d\u043e\u0433\u043e\/\u043d\u0430\u0440\u043a\u043e\u0442\u0438\u0447\u0435\u0441\u043a\u043e\u0433\u043e \u043e\u043f\u044c\u044f\u043d\u0435\u043d\u0438\u044f \u043c\u043e\u0433\u0443\u0442 \u0431\u044b\u0442\u044c \u043d\u0435\u0434\u043e\u043f\u0443\u0449\u0435\u043d\u044b \u0431\u0435\u0437 \u0432\u043e\u0437\u0432\u0440\u0430\u0442\u0430 \u0441\u0440\u0435\u0434\u0441\u0442\u0432<\/li>\n<\/ul>\n<p><strong>Storno podm\u00ednky<\/strong><\/p>\n<p><em><strong>Na stran\u011b provozovatele:<\/strong><\/em><\/p>\n<ul>\n<li>V p\u0159\u00edpad\u011b \u0161patn\u00fdch pov\u011btrnostn\u00edch podm\u00ednek nebo technick\u00fdch probl\u00e9m\u016f bude poskytnut nov\u00fd term\u00edn nebo vr\u00e1cena pln\u00e1 \u010d\u00e1stka.<\/li>\n<\/ul>\n<p><em><strong>Na stran\u011b klienta:<\/strong><\/em><\/p>\n<ul>\n<li>\u041f\u0440\u0438 \u043e\u0442\u043c\u0435\u043d\u0435 \u0443\u0434\u0435\u0440\u0436\u0438\u0432\u0430\u0435\u0442\u0441\u044f 50% \u0434\u0435\u043f\u043e\u0437\u0438\u0442\u0430<\/li>\n<li>Storno v den z\u00e1jezdu - hodnota 100%<\/li>\n<\/ul>","protected":false},"excerpt":{"rendered":"<p><strong>Doba prohl\u00eddky:<\/strong><br \/>\n\u0417\u0430\u043a\u0430\u0442, \u043e\u0441\u0442\u0440\u043e\u0432 \u041a\u043e\u0445 \u0421\u043e\u043c \u2013 16:00\u201318:30<br \/>\n\u041f\u043e\u043b\u0434\u043d\u044f, \u0443\u0442\u0440\u043e, \u043e\u0441\u0442\u0440\u043e\u0432 \u041a\u043e\u0445 \u0421\u043e\u043c \u2014 09:00\u201313:00<br \/>\n\u041f\u043e\u043b\u0434\u043d\u044f, \u043f\u043e\u0441\u043b\u0435 \u043e\u0431\u0435\u0434\u0430, \u043e\u0441\u0442\u0440\u043e\u0432 \u041a\u043e\u0445 \u0421\u043e\u043c \u2014 14:30\u201318:30<br \/>\n\u041f\u043e\u043b\u043d\u044b\u0439 \u0434\u0435\u043d\u044c, \u043e\u0441\u0442\u0440\u043e\u0432 \u041a\u043e \u041f\u0430\u043d\u0433\u0430\u043d \u2014 09:00\u201315:00<br \/>\n\u041f\u043e\u043b\u043d\u044b\u0439 \u0434\u0435\u043d\u044c, \u043e\u0441\u0442\u0440\u043e\u0432 \u041a\u043e \u041f\u0430\u043d\u0433\u0430\u043d \u2014 12:30\u201318:30<br \/>\n\u041f\u043e\u043b\u043d\u044b\u0439 \u0434\u0435\u043d\u044c, \u043e\u0441\u0442\u0440\u043e\u0432 \u041a\u043e \u041f\u0430\u043d\u0433\u0430\u043d \u2014 10:30\u201318:30<\/p>\n<p><strong>Dny zadr\u017een\u00ed:<\/strong> Ka\u017ed\u00fd den.<\/p>","protected":false},"featured_media":73256,"template":"","meta":{"_kad_post_transparent":"default","_kad_post_title":"","_kad_post_layout":"default","_kad_post_sidebar_id":"","_kad_post_content_style":"default","_kad_post_vertical_padding":"default","_kad_post_feature":"","_kad_post_feature_position":"","_kad_post_header":false,"_kad_post_footer":false,"_kad_post_classname":"","_glsr_average":0,"_glsr_ranking":0,"_glsr_reviews":0},"product_brand":[],"product_cat":[517],"product_tag":[],"class_list":{"0":"post-73254","1":"product","2":"type-product","3":"status-publish","4":"has-post-thumbnail","6":"product_cat-arenda-yahty-na-samui","7":"tm-has-options","9":"first","10":"instock","11":"sold-individually","12":"taxable","13":"shipping-taxable","14":"purchasable","15":"product-type-simple","16":"entry","17":"content-bg","18":"loop-entry"},"yoast_head":"<!-- This site is optimized with the Yoast SEO plugin v27.3 - https:\/\/yoast.com\/product\/yoast-seo-wordpress\/ -->\n<title>\u0410\u0440\u0435\u043d\u0434\u0430 \u044f\u0445\u0442\u044b-\u043a\u0430\u0442\u0430\u043c\u0430\u0440\u0430\u043d\u0430 NINA \u043a \u043e\u0441\u0442\u0440\u043e\u0432\u0430\u043c \u041a\u043e \u0421\u043e\u043c \/ \u041a\u043e \u041f\u0430\u043d\u0433\u0430\u043d &#8226; \u042d\u043a\u0441\u043a\u0443\u0440\u0441\u0438\u0438 Skyline<\/title>\n<meta name=\"robots\" content=\"index, follow, max-snippet:-1, max-image-preview:large, max-video-preview:-1\" \/>\n<link rel=\"canonical\" href=\"https:\/\/skyline-gs.com\/cs\/produkt\/charter-a-catamaran-yacht-nina-to-the-islands-of-koh-som-koh-phangan\/\" \/>\n<meta property=\"og:locale\" content=\"cs_CZ\" \/>\n<meta property=\"og:type\" content=\"article\" \/>\n<meta property=\"og:title\" content=\"\u0410\u0440\u0435\u043d\u0434\u0430 \u044f\u0445\u0442\u044b-\u043a\u0430\u0442\u0430\u043c\u0430\u0440\u0430\u043d\u0430 NINA \u043a \u043e\u0441\u0442\u0440\u043e\u0432\u0430\u043c \u041a\u043e \u0421\u043e\u043c \/ \u041a\u043e \u041f\u0430\u043d\u0433\u0430\u043d &#8226; \u042d\u043a\u0441\u043a\u0443\u0440\u0441\u0438\u0438 Skyline\" \/>\n<meta property=\"og:description\" content=\"\u0412\u0440\u0435\u043c\u044f \u0442\u0443\u0440\u0430: \u0417\u0430\u043a\u0430\u0442, \u043e\u0441\u0442\u0440\u043e\u0432 \u041a\u043e\u0445 \u0421\u043e\u043c \u2013 16:00\u201318:30 \u041f\u043e\u043b\u0434\u043d\u044f, \u0443\u0442\u0440\u043e, \u043e\u0441\u0442\u0440\u043e\u0432 \u041a\u043e\u0445 \u0421\u043e\u043c \u2014 09:00\u201313:00 \u041f\u043e\u043b\u0434\u043d\u044f, \u043f\u043e\u0441\u043b\u0435 \u043e\u0431\u0435\u0434\u0430, \u043e\u0441\u0442\u0440\u043e\u0432 \u041a\u043e\u0445 \u0421\u043e\u043c \u2014 14:30\u201318:30 \u041f\u043e\u043b\u043d\u044b\u0439 \u0434\u0435\u043d\u044c, \u043e\u0441\u0442\u0440\u043e\u0432 \u041a\u043e \u041f\u0430\u043d\u0433\u0430\u043d \u2014 09:00\u201315:00 \u041f\u043e\u043b\u043d\u044b\u0439 \u0434\u0435\u043d\u044c, \u043e\u0441\u0442\u0440\u043e\u0432 \u041a\u043e \u041f\u0430\u043d\u0433\u0430\u043d \u2014 12:30\u201318:30 \u041f\u043e\u043b\u043d\u044b\u0439 \u0434\u0435\u043d\u044c, \u043e\u0441\u0442\u0440\u043e\u0432 \u041a\u043e \u041f\u0430\u043d\u0433\u0430\u043d \u2014 10:30\u201318:30  \u0414\u043d\u0438 \u043f\u0440\u043e\u0432\u0435\u0434\u0435\u043d\u0438\u044f: \u041a\u0430\u0436\u0434\u044b\u0439 \u0434\u0435\u043d\u044c\" \/>\n<meta property=\"og:url\" content=\"https:\/\/skyline-gs.com\/cs\/produkt\/charter-a-catamaran-yacht-nina-to-the-islands-of-koh-som-koh-phangan\/\" \/>\n<meta property=\"og:site_name\" content=\"\u042d\u043a\u0441\u043a\u0443\u0440\u0441\u0438\u0438 Skyline\" \/>\n<meta property=\"article:modified_time\" content=\"2025-12-07T21:32:53+00:00\" \/>\n<meta property=\"og:image\" content=\"https:\/\/skyline-gs.com\/wp-content\/uploads\/2025\/12\/nina-catamaran-samui_04.webp\" \/>\n\t<meta property=\"og:image:width\" content=\"960\" \/>\n\t<meta property=\"og:image:height\" content=\"640\" \/>\n\t<meta property=\"og:image:type\" content=\"image\/webp\" \/>\n<meta name=\"twitter:card\" content=\"summary_large_image\" \/>\n<meta name=\"twitter:label1\" content=\"Odhadovan\u00e1 doba \u010dten\u00ed\" \/>\n\t<meta name=\"twitter:data1\" content=\"2 minuty\" \/>\n<script type=\"application\/ld+json\" class=\"yoast-schema-graph\">{\"@context\":\"https:\\\/\\\/schema.org\",\"@graph\":[{\"@type\":\"WebPage\",\"@id\":\"https:\\\/\\\/skyline-gs.com\\\/en\\\/product-2\\\/charter-a-catamaran-yacht-nina-to-the-islands-of-koh-som-koh-phangan\\\/\",\"url\":\"https:\\\/\\\/skyline-gs.com\\\/en\\\/product-2\\\/charter-a-catamaran-yacht-nina-to-the-islands-of-koh-som-koh-phangan\\\/\",\"name\":\"\u0410\u0440\u0435\u043d\u0434\u0430 \u044f\u0445\u0442\u044b-\u043a\u0430\u0442\u0430\u043c\u0430\u0440\u0430\u043d\u0430 NINA \u043a \u043e\u0441\u0442\u0440\u043e\u0432\u0430\u043c \u041a\u043e \u0421\u043e\u043c \\\/ \u041a\u043e \u041f\u0430\u043d\u0433\u0430\u043d &#8226; \u042d\u043a\u0441\u043a\u0443\u0440\u0441\u0438\u0438 Skyline\",\"isPartOf\":{\"@id\":\"https:\\\/\\\/skyline-gs.com\\\/it\\\/#website\"},\"primaryImageOfPage\":{\"@id\":\"https:\\\/\\\/skyline-gs.com\\\/en\\\/product-2\\\/charter-a-catamaran-yacht-nina-to-the-islands-of-koh-som-koh-phangan\\\/#primaryimage\"},\"image\":{\"@id\":\"https:\\\/\\\/skyline-gs.com\\\/en\\\/product-2\\\/charter-a-catamaran-yacht-nina-to-the-islands-of-koh-som-koh-phangan\\\/#primaryimage\"},\"thumbnailUrl\":\"https:\\\/\\\/skyline-gs.com\\\/wp-content\\\/uploads\\\/2025\\\/12\\\/nina-catamaran-samui_04.webp\",\"datePublished\":\"2025-12-07T20:21:48+00:00\",\"dateModified\":\"2025-12-07T21:32:53+00:00\",\"breadcrumb\":{\"@id\":\"https:\\\/\\\/skyline-gs.com\\\/en\\\/product-2\\\/charter-a-catamaran-yacht-nina-to-the-islands-of-koh-som-koh-phangan\\\/#breadcrumb\"},\"inLanguage\":\"cs\",\"potentialAction\":[{\"@type\":\"ReadAction\",\"target\":[\"https:\\\/\\\/skyline-gs.com\\\/en\\\/product-2\\\/charter-a-catamaran-yacht-nina-to-the-islands-of-koh-som-koh-phangan\\\/\"]}]},{\"@type\":\"ImageObject\",\"inLanguage\":\"cs\",\"@id\":\"https:\\\/\\\/skyline-gs.com\\\/en\\\/product-2\\\/charter-a-catamaran-yacht-nina-to-the-islands-of-koh-som-koh-phangan\\\/#primaryimage\",\"url\":\"https:\\\/\\\/skyline-gs.com\\\/wp-content\\\/uploads\\\/2025\\\/12\\\/nina-catamaran-samui_04.webp\",\"contentUrl\":\"https:\\\/\\\/skyline-gs.com\\\/wp-content\\\/uploads\\\/2025\\\/12\\\/nina-catamaran-samui_04.webp\",\"width\":960,\"height\":640},{\"@type\":\"BreadcrumbList\",\"@id\":\"https:\\\/\\\/skyline-gs.com\\\/en\\\/product-2\\\/charter-a-catamaran-yacht-nina-to-the-islands-of-koh-som-koh-phangan\\\/#breadcrumb\",\"itemListElement\":[{\"@type\":\"ListItem\",\"position\":1,\"name\":\"\u0413\u043b\u0430\u0432\u043d\u0430\u044f \u0441\u0442\u0440\u0430\u043d\u0438\u0446\u0430\",\"item\":\"https:\\\/\\\/skyline-gs.com\\\/hu\\\/\"},{\"@type\":\"ListItem\",\"position\":2,\"name\":\"\u041c\u0430\u0433\u0430\u0437\u0438\u043d\",\"item\":\"https:\\\/\\\/skyline-gs.com\\\/cs\\\/shop\\\/\"},{\"@type\":\"ListItem\",\"position\":3,\"name\":\"\u0410\u0440\u0435\u043d\u0434\u0430 \u044f\u0445\u0442\u044b-\u043a\u0430\u0442\u0430\u043c\u0430\u0440\u0430\u043d\u0430 NINA \u043a \u043e\u0441\u0442\u0440\u043e\u0432\u0430\u043c \u041a\u043e \u0421\u043e\u043c \\\/ \u041a\u043e \u041f\u0430\u043d\u0433\u0430\u043d\"}]},{\"@type\":\"WebSite\",\"@id\":\"https:\\\/\\\/skyline-gs.com\\\/it\\\/#website\",\"url\":\"https:\\\/\\\/skyline-gs.com\\\/it\\\/\",\"name\":\"\u042d\u043a\u0441\u043a\u0443\u0440\u0441\u0438\u0438 Skyline\",\"description\":\"\u042d\u043a\u0441\u043a\u043b\u044e\u0437\u0438\u0432\u043d\u044b\u0435 \u044d\u043a\u0441\u043a\u0443\u0440\u0441\u0438\u0438 \u043d\u0430 \u043b\u0443\u0447\u0448\u0438\u0445 \u043a\u0443\u0440\u043e\u0440\u0442\u0430\u0445 \u043c\u0438\u0440\u0430\",\"publisher\":{\"@id\":\"https:\\\/\\\/skyline-gs.com\\\/it\\\/#organization\"},\"alternateName\":\"Skyline\",\"potentialAction\":[{\"@type\":\"SearchAction\",\"target\":{\"@type\":\"EntryPoint\",\"urlTemplate\":\"https:\\\/\\\/skyline-gs.com\\\/it\\\/?s={search_term_string}\"},\"query-input\":{\"@type\":\"PropertyValueSpecification\",\"valueRequired\":true,\"valueName\":\"search_term_string\"}}],\"inLanguage\":\"cs\"},{\"@type\":\"Organization\",\"@id\":\"https:\\\/\\\/skyline-gs.com\\\/it\\\/#organization\",\"name\":\"\u042d\u043a\u0441\u043a\u0443\u0440\u0441\u0438\u0438 Skyline\",\"alternateName\":\"\u042d\u043a\u0441\u043a\u0443\u0440\u0441\u0438\u0438 Skyline\",\"url\":\"https:\\\/\\\/skyline-gs.com\\\/it\\\/\",\"logo\":{\"@type\":\"ImageObject\",\"inLanguage\":\"cs\",\"@id\":\"https:\\\/\\\/skyline-gs.com\\\/it\\\/#\\\/schema\\\/logo\\\/image\\\/\",\"url\":\"https:\\\/\\\/skyline-gs.com\\\/wp-content\\\/uploads\\\/2020\\\/12\\\/cropped-logo-2.png\",\"contentUrl\":\"https:\\\/\\\/skyline-gs.com\\\/wp-content\\\/uploads\\\/2020\\\/12\\\/cropped-logo-2.png\",\"width\":512,\"height\":512,\"caption\":\"\u042d\u043a\u0441\u043a\u0443\u0440\u0441\u0438\u0438 Skyline\"},\"image\":{\"@id\":\"https:\\\/\\\/skyline-gs.com\\\/it\\\/#\\\/schema\\\/logo\\\/image\\\/\"},\"sameAs\":[\"https:\\\/\\\/www.instagram.com\\\/skylineglobalservice\\\/\"]}]}<\/script>\n<!-- \/ Yoast SEO plugin. -->","yoast_head_json":{"title":"\u0410\u0440\u0435\u043d\u0434\u0430 \u044f\u0445\u0442\u044b-\u043a\u0430\u0442\u0430\u043c\u0430\u0440\u0430\u043d\u0430 NINA \u043a \u043e\u0441\u0442\u0440\u043e\u0432\u0430\u043c \u041a\u043e \u0421\u043e\u043c \/ \u041a\u043e \u041f\u0430\u043d\u0433\u0430\u043d &#8226; \u042d\u043a\u0441\u043a\u0443\u0440\u0441\u0438\u0438 Skyline","robots":{"index":"index","follow":"follow","max-snippet":"max-snippet:-1","max-image-preview":"max-image-preview:large","max-video-preview":"max-video-preview:-1"},"canonical":"https:\/\/skyline-gs.com\/cs\/produkt\/charter-a-catamaran-yacht-nina-to-the-islands-of-koh-som-koh-phangan\/","og_locale":"cs_CZ","og_type":"article","og_title":"\u0410\u0440\u0435\u043d\u0434\u0430 \u044f\u0445\u0442\u044b-\u043a\u0430\u0442\u0430\u043c\u0430\u0440\u0430\u043d\u0430 NINA \u043a \u043e\u0441\u0442\u0440\u043e\u0432\u0430\u043c \u041a\u043e \u0421\u043e\u043c \/ \u041a\u043e \u041f\u0430\u043d\u0433\u0430\u043d &#8226; \u042d\u043a\u0441\u043a\u0443\u0440\u0441\u0438\u0438 Skyline","og_description":"\u0412\u0440\u0435\u043c\u044f \u0442\u0443\u0440\u0430: \u0417\u0430\u043a\u0430\u0442, \u043e\u0441\u0442\u0440\u043e\u0432 \u041a\u043e\u0445 \u0421\u043e\u043c \u2013 16:00\u201318:30 \u041f\u043e\u043b\u0434\u043d\u044f, \u0443\u0442\u0440\u043e, \u043e\u0441\u0442\u0440\u043e\u0432 \u041a\u043e\u0445 \u0421\u043e\u043c \u2014 09:00\u201313:00 \u041f\u043e\u043b\u0434\u043d\u044f, \u043f\u043e\u0441\u043b\u0435 \u043e\u0431\u0435\u0434\u0430, \u043e\u0441\u0442\u0440\u043e\u0432 \u041a\u043e\u0445 \u0421\u043e\u043c \u2014 14:30\u201318:30 \u041f\u043e\u043b\u043d\u044b\u0439 \u0434\u0435\u043d\u044c, \u043e\u0441\u0442\u0440\u043e\u0432 \u041a\u043e \u041f\u0430\u043d\u0433\u0430\u043d \u2014 09:00\u201315:00 \u041f\u043e\u043b\u043d\u044b\u0439 \u0434\u0435\u043d\u044c, \u043e\u0441\u0442\u0440\u043e\u0432 \u041a\u043e \u041f\u0430\u043d\u0433\u0430\u043d \u2014 12:30\u201318:30 \u041f\u043e\u043b\u043d\u044b\u0439 \u0434\u0435\u043d\u044c, \u043e\u0441\u0442\u0440\u043e\u0432 \u041a\u043e \u041f\u0430\u043d\u0433\u0430\u043d \u2014 10:30\u201318:30  \u0414\u043d\u0438 \u043f\u0440\u043e\u0432\u0435\u0434\u0435\u043d\u0438\u044f: \u041a\u0430\u0436\u0434\u044b\u0439 \u0434\u0435\u043d\u044c","og_url":"https:\/\/skyline-gs.com\/cs\/produkt\/charter-a-catamaran-yacht-nina-to-the-islands-of-koh-som-koh-phangan\/","og_site_name":"\u042d\u043a\u0441\u043a\u0443\u0440\u0441\u0438\u0438 Skyline","article_modified_time":"2025-12-07T21:32:53+00:00","og_image":[{"width":960,"height":640,"url":"https:\/\/skyline-gs.com\/wp-content\/uploads\/2025\/12\/nina-catamaran-samui_04.webp","type":"image\/webp"}],"twitter_card":"summary_large_image","twitter_misc":{"Odhadovan\u00e1 doba \u010dten\u00ed":"2 minuty"},"schema":{"@context":"https:\/\/schema.org","@graph":[{"@type":"WebPage","@id":"https:\/\/skyline-gs.com\/en\/product-2\/charter-a-catamaran-yacht-nina-to-the-islands-of-koh-som-koh-phangan\/","url":"https:\/\/skyline-gs.com\/en\/product-2\/charter-a-catamaran-yacht-nina-to-the-islands-of-koh-som-koh-phangan\/","name":"\u0410\u0440\u0435\u043d\u0434\u0430 \u044f\u0445\u0442\u044b-\u043a\u0430\u0442\u0430\u043c\u0430\u0440\u0430\u043d\u0430 NINA \u043a \u043e\u0441\u0442\u0440\u043e\u0432\u0430\u043c \u041a\u043e \u0421\u043e\u043c \/ \u041a\u043e \u041f\u0430\u043d\u0433\u0430\u043d &#8226; \u042d\u043a\u0441\u043a\u0443\u0440\u0441\u0438\u0438 Skyline","isPartOf":{"@id":"https:\/\/skyline-gs.com\/it\/#website"},"primaryImageOfPage":{"@id":"https:\/\/skyline-gs.com\/en\/product-2\/charter-a-catamaran-yacht-nina-to-the-islands-of-koh-som-koh-phangan\/#primaryimage"},"image":{"@id":"https:\/\/skyline-gs.com\/en\/product-2\/charter-a-catamaran-yacht-nina-to-the-islands-of-koh-som-koh-phangan\/#primaryimage"},"thumbnailUrl":"https:\/\/skyline-gs.com\/wp-content\/uploads\/2025\/12\/nina-catamaran-samui_04.webp","datePublished":"2025-12-07T20:21:48+00:00","dateModified":"2025-12-07T21:32:53+00:00","breadcrumb":{"@id":"https:\/\/skyline-gs.com\/en\/product-2\/charter-a-catamaran-yacht-nina-to-the-islands-of-koh-som-koh-phangan\/#breadcrumb"},"inLanguage":"cs","potentialAction":[{"@type":"ReadAction","target":["https:\/\/skyline-gs.com\/en\/product-2\/charter-a-catamaran-yacht-nina-to-the-islands-of-koh-som-koh-phangan\/"]}]},{"@type":"ImageObject","inLanguage":"cs","@id":"https:\/\/skyline-gs.com\/en\/product-2\/charter-a-catamaran-yacht-nina-to-the-islands-of-koh-som-koh-phangan\/#primaryimage","url":"https:\/\/skyline-gs.com\/wp-content\/uploads\/2025\/12\/nina-catamaran-samui_04.webp","contentUrl":"https:\/\/skyline-gs.com\/wp-content\/uploads\/2025\/12\/nina-catamaran-samui_04.webp","width":960,"height":640},{"@type":"BreadcrumbList","@id":"https:\/\/skyline-gs.com\/en\/product-2\/charter-a-catamaran-yacht-nina-to-the-islands-of-koh-som-koh-phangan\/#breadcrumb","itemListElement":[{"@type":"ListItem","position":1,"name":"\u0413\u043b\u0430\u0432\u043d\u0430\u044f \u0441\u0442\u0440\u0430\u043d\u0438\u0446\u0430","item":"https:\/\/skyline-gs.com\/hu\/"},{"@type":"ListItem","position":2,"name":"\u041c\u0430\u0433\u0430\u0437\u0438\u043d","item":"https:\/\/skyline-gs.com\/cs\/shop\/"},{"@type":"ListItem","position":3,"name":"\u0410\u0440\u0435\u043d\u0434\u0430 \u044f\u0445\u0442\u044b-\u043a\u0430\u0442\u0430\u043c\u0430\u0440\u0430\u043d\u0430 NINA \u043a \u043e\u0441\u0442\u0440\u043e\u0432\u0430\u043c \u041a\u043e \u0421\u043e\u043c \/ \u041a\u043e \u041f\u0430\u043d\u0433\u0430\u043d"}]},{"@type":"WebSite","@id":"https:\/\/skyline-gs.com\/it\/#website","url":"https:\/\/skyline-gs.com\/it\/","name":"Skyline V\u00fdlety","description":"Exkluzivn\u00ed v\u00fdlety do nejlep\u0161\u00edch sv\u011btov\u00fdch letovisek","publisher":{"@id":"https:\/\/skyline-gs.com\/it\/#organization"},"alternateName":"Skyline","potentialAction":[{"@type":"SearchAction","target":{"@type":"EntryPoint","urlTemplate":"https:\/\/skyline-gs.com\/it\/?s={search_term_string}"},"query-input":{"@type":"PropertyValueSpecification","valueRequired":true,"valueName":"search_term_string"}}],"inLanguage":"cs"},{"@type":"Organization","@id":"https:\/\/skyline-gs.com\/it\/#organization","name":"Skyline V\u00fdlety","alternateName":"\u042d\u043a\u0441\u043a\u0443\u0440\u0441\u0438\u0438 Skyline","url":"https:\/\/skyline-gs.com\/it\/","logo":{"@type":"ImageObject","inLanguage":"cs","@id":"https:\/\/skyline-gs.com\/it\/#\/schema\/logo\/image\/","url":"https:\/\/skyline-gs.com\/wp-content\/uploads\/2020\/12\/cropped-logo-2.png","contentUrl":"https:\/\/skyline-gs.com\/wp-content\/uploads\/2020\/12\/cropped-logo-2.png","width":512,"height":512,"caption":"\u042d\u043a\u0441\u043a\u0443\u0440\u0441\u0438\u0438 Skyline"},"image":{"@id":"https:\/\/skyline-gs.com\/it\/#\/schema\/logo\/image\/"},"sameAs":["https:\/\/www.instagram.com\/skylineglobalservice\/"]}]}},"_links":{"self":[{"href":"https:\/\/skyline-gs.com\/cs\/wp-json\/wp\/v2\/product\/73254","targetHints":{"allow":["GET"]}}],"collection":[{"href":"https:\/\/skyline-gs.com\/cs\/wp-json\/wp\/v2\/product"}],"about":[{"href":"https:\/\/skyline-gs.com\/cs\/wp-json\/wp\/v2\/types\/product"}],"version-history":[{"count":0,"href":"https:\/\/skyline-gs.com\/cs\/wp-json\/wp\/v2\/product\/73254\/revisions"}],"wp:featuredmedia":[{"embeddable":true,"href":"https:\/\/skyline-gs.com\/cs\/wp-json\/wp\/v2\/media\/73256"}],"wp:attachment":[{"href":"https:\/\/skyline-gs.com\/cs\/wp-json\/wp\/v2\/media?parent=73254"}],"wp:term":[{"taxonomy":"product_brand","embeddable":true,"href":"https:\/\/skyline-gs.com\/cs\/wp-json\/wp\/v2\/product_brand?post=73254"},{"taxonomy":"product_cat","embeddable":true,"href":"https:\/\/skyline-gs.com\/cs\/wp-json\/wp\/v2\/product_cat?post=73254"},{"taxonomy":"product_tag","embeddable":true,"href":"https:\/\/skyline-gs.com\/cs\/wp-json\/wp\/v2\/product_tag?post=73254"}],"curies":[{"name":"wp","href":"https:\/\/api.w.org\/{rel}","templated":true}]}}