{"id":71012,"date":"2025-11-13T00:19:08","date_gmt":"2025-11-12T22:19:08","guid":{"rendered":"http:\/\/skyline-gs.com\/?post_type=product&#038;p=71012"},"modified":"2025-11-13T00:44:39","modified_gmt":"2025-11-12T22:44:39","slug":"koh-chang-2-dny-1-noc","status":"publish","type":"product","link":"https:\/\/skyline-gs.com\/cs\/product\/koh-chang-2-days-1-night\/","title":{"rendered":"Ko Chang - 2 dny \/ 1 noc"},"content":{"rendered":"<p>Vydejte se na jeden z nejv\u011bt\u0161\u00edch thajsk\u00fdch ostrov\u016f Ko Chang: malebn\u00e9 pl\u00e1\u017ee, d\u017eungle, vodop\u00e1dy a ve\u010dern\u00ed sv\u011bteln\u00e1 show v z\u00e1toce. Tento z\u00e1jezd je ur\u010den pro ty, kte\u0159\u00ed cht\u011bj\u00ed b\u011bhem dvou dn\u016f zm\u011bnit prost\u0159ed\u00ed a pono\u0159it se do atmosf\u00e9ry tropick\u00e9ho ostrova s maxim\u00e1ln\u00edm komfortem.<\/p>\n<p data-start=\"474\" data-end=\"809\"><strong>Program z\u00e1jezdu:<\/strong><\/p>\n<p><strong>Standardn\u00ed program - 2 dny \/ 1 noc<\/strong><br \/>\n<strong>Den 1<\/strong><br \/>\n05:30 - Vyzvednut\u00ed v hotelu v Pattayi.<br \/>\n08:00 - Sn\u00edda\u0148ov\u00e1 zast\u00e1vka.<br \/>\n08:30 - Zast\u00e1vka u \u00abOpi\u010d\u00edho chr\u00e1mu\u00bb.<br \/>\n09:20 - P\u0159\u00edjezd na molo, p\u0159ejezd trajektem na ostrov Ko Chang.<br \/>\n11:40 - P\u0159\u00edjezd do hotelu na ostrov\u011b.<br \/>\n13:00 - Voln\u00fd \u010das.<br \/>\n19:30 - Oh\u0148ov\u00e1 show na pl\u00e1\u017ei.<\/p>\n<p><strong>Den 2<\/strong><br \/>\n08:00 - Sn\u00eddan\u011b.<br \/>\n16:00 - Vyst\u011bhov\u00e1n\u00ed a odjezd zp\u011bt do Pattayi se zast\u00e1vkou na trhu s ovocem.<br \/>\n22:00 - P\u0159\u00edjezd do Pattaye.<\/p>\n<p><strong>Standardn\u00ed program - 2 dny \/ 1 noc<\/strong><\/p>\n<p><strong>Den 1<\/strong><br \/>\n05:30 - Vyzvednut\u00ed v hotelu v Pattayi.<br \/>\n08:00 - Sn\u00edda\u0148ov\u00e1 zast\u00e1vka.<br \/>\n08:30 - Zast\u00e1vka u \u00abOpi\u010d\u00edho chr\u00e1mu\u00bb.<br \/>\n09:20 - P\u0159\u00edjezd na molo, p\u0159ejezd trajektem na ostrov Ko Chang.<br \/>\n11:40 - P\u0159\u00edjezd do hotelu na ostrov\u011b.<br \/>\n12:30 - Ob\u011bd.<br \/>\n13:00 - Voln\u00fd \u010das.<br \/>\n19:30 - Oh\u0148ov\u00e1 show na pl\u00e1\u017ei.<\/p>\n<p><strong>Den 2<\/strong><br \/>\n08:00 - Sn\u00eddan\u011b.<br \/>\n08:30 - V\u00fdlet na mo\u0159e a n\u00e1v\u0161t\u011bva kor\u00e1lov\u00fdch ostrov\u016f (Ko Ngam, Ko Wai, Ko Klum) s koup\u00e1n\u00edm a \u0161norchlov\u00e1n\u00edm.<br \/>\n13:00 - Ob\u011bd.<br \/>\n16:00 - Odjezd zp\u011bt.<br \/>\n22:00 - P\u0159\u00edjezd do Pattaye.<\/p>\n<p><strong>V\u010detn\u011b:<\/strong><\/p>\n<ul>\n<li>Transfer z hotelu v Pattayi a zp\u011bt.<\/li>\n<li>Trajekt na ostrov a zp\u011bt.<\/li>\n<li>Ubytov\u00e1n\u00ed v hotelu na ostrov\u011b Koh Chang (v z\u00e1vislosti na programu).<\/li>\n<li>Sn\u00eddan\u011b (a ve variant\u011b Premium ob\u011bd\/ve\u010de\u0159e).<\/li>\n<li>rusky mluv\u00edc\u00ed pr\u016fvodce.<\/li>\n<li>Poji\u0161t\u011bn\u00ed.<\/li>\n<\/ul>\n<p><strong>Vezm\u011bte si ji s sebou:<\/strong><\/p>\n<ul>\n<li>Kopii cestovn\u00edho pasu.<\/li>\n<li>Plavky a ru\u010dn\u00edk.<\/li>\n<li>Opalovac\u00ed kr\u00e9m a pokr\u00fdvka hlavy.<\/li>\n<li>Foto\/video kamera a nab\u00edje\u010dky.<\/li>\n<li>Pohodln\u00e1 vych\u00e1zkov\u00e1 obuv.<\/li>\n<li>Pen\u00edze na osobn\u00ed v\u00fddaje a p\u0159\u00edplatky.<\/li>\n<\/ul>\n<p><strong>Dal\u0161\u00ed informace:<\/strong><\/p>\n<ul>\n<li>Slevy pro d\u011bti:<br \/>\n0-2,99 let - zdarma;<br \/>\n3-7,99 let - 50% (bez p\u0159ist\u00fdlky);<br \/>\n3-10,99 let - sleva 20% (s p\u0159ist\u00fdlkou).<\/li>\n<li>Program lze p\u0159izp\u016fsobit pov\u011btrnostn\u00edm podm\u00ednk\u00e1m nebo stavu mo\u0159e.<\/li>\n<li>Za p\u0159epravu v\u011bt\u0161\u00edch kufr\u016f mohou b\u00fdt \u00fa\u010dtov\u00e1ny dal\u0161\u00ed poplatky.<\/li>\n<li>Program lze p\u0159izp\u016fsobit pov\u011btrnostn\u00edm podm\u00ednk\u00e1m nebo stavu mo\u0159e.<\/li>\n<li>V p\u0159\u00edpad\u011b pot\u0159eby se ubytov\u00e1n\u00ed v jednol\u016f\u017ekov\u00e9m pokoji nebo upgrade hotelu \u00fa\u010dtuje zvl\u00e1\u0161\u0165.<\/li>\n<\/ul>","protected":false},"excerpt":{"rendered":"<p><strong>Doba prohl\u00eddky:<\/strong> 5.30 \u2014 22.00<br \/>\n<strong>Dny zadr\u017een\u00ed:<\/strong> denn\u011b<\/p>","protected":false},"featured_media":71027,"template":"","meta":{"_kad_post_transparent":"default","_kad_post_title":"","_kad_post_layout":"default","_kad_post_sidebar_id":"","_kad_post_content_style":"default","_kad_post_vertical_padding":"default","_kad_post_feature":"","_kad_post_feature_position":"","_kad_post_header":false,"_kad_post_footer":false,"_kad_post_classname":"","_glsr_average":0,"_glsr_ranking":0,"_glsr_reviews":0},"product_brand":[],"product_cat":[507],"product_tag":[],"class_list":{"0":"post-71012","1":"product","2":"type-product","3":"status-publish","4":"has-post-thumbnail","6":"product_cat-pattaya","7":"tm-has-options","9":"first","10":"instock","11":"sold-individually","12":"taxable","13":"shipping-taxable","14":"purchasable","15":"product-type-simple","16":"entry","17":"content-bg","18":"loop-entry"},"yoast_head":"<!-- This site is optimized with the Yoast SEO plugin v27.3 - https:\/\/yoast.com\/product\/yoast-seo-wordpress\/ -->\n<title>\u041a\u043e \u0427\u0430\u043d\u0433 \u2014 2 \u0434\u043d\u044f \/ 1 \u043d\u043e\u0447\u044c &#8226; \u042d\u043a\u0441\u043a\u0443\u0440\u0441\u0438\u0438 Skyline<\/title>\n<meta name=\"robots\" content=\"index, follow, max-snippet:-1, max-image-preview:large, max-video-preview:-1\" \/>\n<link rel=\"canonical\" href=\"http:\/\/skyline-gs.com\/cs\/produkt\/koh-chang-2-dny-1-noc\/\" \/>\n<meta property=\"og:locale\" content=\"cs_CZ\" \/>\n<meta property=\"og:type\" content=\"article\" \/>\n<meta property=\"og:title\" content=\"\u041a\u043e \u0427\u0430\u043d\u0433 \u2014 2 \u0434\u043d\u044f \/ 1 \u043d\u043e\u0447\u044c &#8226; \u042d\u043a\u0441\u043a\u0443\u0440\u0441\u0438\u0438 Skyline\" \/>\n<meta property=\"og:description\" content=\"\u0412\u0440\u0435\u043c\u044f \u0442\u0443\u0440\u0430: 5.30 - 22.00 \u0414\u043d\u0438 \u043f\u0440\u043e\u0432\u0435\u0434\u0435\u043d\u0438\u044f: \u0435\u0436\u0435\u0434\u043d\u0435\u0432\u043d\u043e\" \/>\n<meta property=\"og:url\" content=\"http:\/\/skyline-gs.com\/cs\/produkt\/koh-chang-2-dny-1-noc\/\" \/>\n<meta property=\"og:site_name\" content=\"\u042d\u043a\u0441\u043a\u0443\u0440\u0441\u0438\u0438 Skyline\" \/>\n<meta property=\"article:modified_time\" content=\"2025-11-12T22:44:39+00:00\" \/>\n<meta property=\"og:image\" content=\"https:\/\/skyline-gs.com\/wp-content\/uploads\/2025\/11\/ko-chang-tailand-7.jpg\" \/>\n\t<meta property=\"og:image:width\" content=\"1200\" \/>\n\t<meta property=\"og:image:height\" content=\"750\" \/>\n\t<meta property=\"og:image:type\" content=\"image\/jpeg\" \/>\n<meta name=\"twitter:card\" content=\"summary_large_image\" \/>\n<meta name=\"twitter:label1\" content=\"Odhadovan\u00e1 doba \u010dten\u00ed\" \/>\n\t<meta name=\"twitter:data1\" content=\"2 minuty\" \/>\n<script type=\"application\/ld+json\" class=\"yoast-schema-graph\">{\"@context\":\"https:\\\/\\\/schema.org\",\"@graph\":[{\"@type\":\"WebPage\",\"@id\":\"http:\\\/\\\/skyline-gs.com\\\/de\\\/produkt\\\/koh-chang-2-days-1-night\\\/\",\"url\":\"http:\\\/\\\/skyline-gs.com\\\/de\\\/produkt\\\/koh-chang-2-days-1-night\\\/\",\"name\":\"\u041a\u043e \u0427\u0430\u043d\u0433 \u2014 2 \u0434\u043d\u044f \\\/ 1 \u043d\u043e\u0447\u044c &#8226; \u042d\u043a\u0441\u043a\u0443\u0440\u0441\u0438\u0438 Skyline\",\"isPartOf\":{\"@id\":\"https:\\\/\\\/skyline-gs.com\\\/it\\\/#website\"},\"primaryImageOfPage\":{\"@id\":\"http:\\\/\\\/skyline-gs.com\\\/de\\\/produkt\\\/koh-chang-2-days-1-night\\\/#primaryimage\"},\"image\":{\"@id\":\"http:\\\/\\\/skyline-gs.com\\\/de\\\/produkt\\\/koh-chang-2-days-1-night\\\/#primaryimage\"},\"thumbnailUrl\":\"https:\\\/\\\/skyline-gs.com\\\/wp-content\\\/uploads\\\/2025\\\/11\\\/ko-chang-tailand-7.jpg\",\"datePublished\":\"2025-11-12T22:19:08+00:00\",\"dateModified\":\"2025-11-12T22:44:39+00:00\",\"breadcrumb\":{\"@id\":\"http:\\\/\\\/skyline-gs.com\\\/de\\\/produkt\\\/koh-chang-2-days-1-night\\\/#breadcrumb\"},\"inLanguage\":\"cs\",\"potentialAction\":[{\"@type\":\"ReadAction\",\"target\":[\"http:\\\/\\\/skyline-gs.com\\\/de\\\/produkt\\\/koh-chang-2-days-1-night\\\/\"]}]},{\"@type\":\"ImageObject\",\"inLanguage\":\"cs\",\"@id\":\"http:\\\/\\\/skyline-gs.com\\\/de\\\/produkt\\\/koh-chang-2-days-1-night\\\/#primaryimage\",\"url\":\"https:\\\/\\\/skyline-gs.com\\\/wp-content\\\/uploads\\\/2025\\\/11\\\/ko-chang-tailand-7.jpg\",\"contentUrl\":\"https:\\\/\\\/skyline-gs.com\\\/wp-content\\\/uploads\\\/2025\\\/11\\\/ko-chang-tailand-7.jpg\",\"width\":1200,\"height\":750},{\"@type\":\"BreadcrumbList\",\"@id\":\"http:\\\/\\\/skyline-gs.com\\\/de\\\/produkt\\\/koh-chang-2-days-1-night\\\/#breadcrumb\",\"itemListElement\":[{\"@type\":\"ListItem\",\"position\":1,\"name\":\"\u0413\u043b\u0430\u0432\u043d\u0430\u044f \u0441\u0442\u0440\u0430\u043d\u0438\u0446\u0430\",\"item\":\"https:\\\/\\\/skyline-gs.com\\\/hu\\\/\"},{\"@type\":\"ListItem\",\"position\":2,\"name\":\"\u041c\u0430\u0433\u0430\u0437\u0438\u043d\",\"item\":\"https:\\\/\\\/skyline-gs.com\\\/cs\\\/shop\\\/\"},{\"@type\":\"ListItem\",\"position\":3,\"name\":\"\u041a\u043e \u0427\u0430\u043d\u0433 \u2014 2 \u0434\u043d\u044f \\\/ 1 \u043d\u043e\u0447\u044c\"}]},{\"@type\":\"WebSite\",\"@id\":\"https:\\\/\\\/skyline-gs.com\\\/it\\\/#website\",\"url\":\"https:\\\/\\\/skyline-gs.com\\\/it\\\/\",\"name\":\"\u042d\u043a\u0441\u043a\u0443\u0440\u0441\u0438\u0438 Skyline\",\"description\":\"\u042d\u043a\u0441\u043a\u043b\u044e\u0437\u0438\u0432\u043d\u044b\u0435 \u044d\u043a\u0441\u043a\u0443\u0440\u0441\u0438\u0438 \u043d\u0430 \u043b\u0443\u0447\u0448\u0438\u0445 \u043a\u0443\u0440\u043e\u0440\u0442\u0430\u0445 \u043c\u0438\u0440\u0430\",\"publisher\":{\"@id\":\"https:\\\/\\\/skyline-gs.com\\\/it\\\/#organization\"},\"alternateName\":\"Skyline\",\"potentialAction\":[{\"@type\":\"SearchAction\",\"target\":{\"@type\":\"EntryPoint\",\"urlTemplate\":\"https:\\\/\\\/skyline-gs.com\\\/it\\\/?s={search_term_string}\"},\"query-input\":{\"@type\":\"PropertyValueSpecification\",\"valueRequired\":true,\"valueName\":\"search_term_string\"}}],\"inLanguage\":\"cs\"},{\"@type\":\"Organization\",\"@id\":\"https:\\\/\\\/skyline-gs.com\\\/it\\\/#organization\",\"name\":\"\u042d\u043a\u0441\u043a\u0443\u0440\u0441\u0438\u0438 Skyline\",\"alternateName\":\"\u042d\u043a\u0441\u043a\u0443\u0440\u0441\u0438\u0438 Skyline\",\"url\":\"https:\\\/\\\/skyline-gs.com\\\/it\\\/\",\"logo\":{\"@type\":\"ImageObject\",\"inLanguage\":\"cs\",\"@id\":\"https:\\\/\\\/skyline-gs.com\\\/it\\\/#\\\/schema\\\/logo\\\/image\\\/\",\"url\":\"https:\\\/\\\/skyline-gs.com\\\/wp-content\\\/uploads\\\/2020\\\/12\\\/cropped-logo-2.png\",\"contentUrl\":\"https:\\\/\\\/skyline-gs.com\\\/wp-content\\\/uploads\\\/2020\\\/12\\\/cropped-logo-2.png\",\"width\":512,\"height\":512,\"caption\":\"\u042d\u043a\u0441\u043a\u0443\u0440\u0441\u0438\u0438 Skyline\"},\"image\":{\"@id\":\"https:\\\/\\\/skyline-gs.com\\\/it\\\/#\\\/schema\\\/logo\\\/image\\\/\"},\"sameAs\":[\"https:\\\/\\\/www.instagram.com\\\/skylineglobalservice\\\/\"]}]}<\/script>\n<!-- \/ Yoast SEO plugin. -->","yoast_head_json":{"title":"Ko Chang - 2 dny \/ 1 noc - Skyline Excursions","robots":{"index":"index","follow":"follow","max-snippet":"max-snippet:-1","max-image-preview":"max-image-preview:large","max-video-preview":"max-video-preview:-1"},"canonical":"http:\/\/skyline-gs.com\/cs\/produkt\/koh-chang-2-dny-1-noc\/","og_locale":"cs_CZ","og_type":"article","og_title":"\u041a\u043e \u0427\u0430\u043d\u0433 \u2014 2 \u0434\u043d\u044f \/ 1 \u043d\u043e\u0447\u044c &#8226; \u042d\u043a\u0441\u043a\u0443\u0440\u0441\u0438\u0438 Skyline","og_description":"\u0412\u0440\u0435\u043c\u044f \u0442\u0443\u0440\u0430: 5.30 - 22.00 \u0414\u043d\u0438 \u043f\u0440\u043e\u0432\u0435\u0434\u0435\u043d\u0438\u044f: \u0435\u0436\u0435\u0434\u043d\u0435\u0432\u043d\u043e","og_url":"http:\/\/skyline-gs.com\/cs\/produkt\/koh-chang-2-dny-1-noc\/","og_site_name":"\u042d\u043a\u0441\u043a\u0443\u0440\u0441\u0438\u0438 Skyline","article_modified_time":"2025-11-12T22:44:39+00:00","og_image":[{"width":1200,"height":750,"url":"https:\/\/skyline-gs.com\/wp-content\/uploads\/2025\/11\/ko-chang-tailand-7.jpg","type":"image\/jpeg"}],"twitter_card":"summary_large_image","twitter_misc":{"Odhadovan\u00e1 doba \u010dten\u00ed":"2 minuty"},"schema":{"@context":"https:\/\/schema.org","@graph":[{"@type":"WebPage","@id":"http:\/\/skyline-gs.com\/de\/produkt\/koh-chang-2-days-1-night\/","url":"http:\/\/skyline-gs.com\/de\/produkt\/koh-chang-2-days-1-night\/","name":"Ko Chang - 2 dny \/ 1 noc - Skyline Excursions","isPartOf":{"@id":"https:\/\/skyline-gs.com\/it\/#website"},"primaryImageOfPage":{"@id":"http:\/\/skyline-gs.com\/de\/produkt\/koh-chang-2-days-1-night\/#primaryimage"},"image":{"@id":"http:\/\/skyline-gs.com\/de\/produkt\/koh-chang-2-days-1-night\/#primaryimage"},"thumbnailUrl":"https:\/\/skyline-gs.com\/wp-content\/uploads\/2025\/11\/ko-chang-tailand-7.jpg","datePublished":"2025-11-12T22:19:08+00:00","dateModified":"2025-11-12T22:44:39+00:00","breadcrumb":{"@id":"http:\/\/skyline-gs.com\/de\/produkt\/koh-chang-2-days-1-night\/#breadcrumb"},"inLanguage":"cs","potentialAction":[{"@type":"ReadAction","target":["http:\/\/skyline-gs.com\/de\/produkt\/koh-chang-2-days-1-night\/"]}]},{"@type":"ImageObject","inLanguage":"cs","@id":"http:\/\/skyline-gs.com\/de\/produkt\/koh-chang-2-days-1-night\/#primaryimage","url":"https:\/\/skyline-gs.com\/wp-content\/uploads\/2025\/11\/ko-chang-tailand-7.jpg","contentUrl":"https:\/\/skyline-gs.com\/wp-content\/uploads\/2025\/11\/ko-chang-tailand-7.jpg","width":1200,"height":750},{"@type":"BreadcrumbList","@id":"http:\/\/skyline-gs.com\/de\/produkt\/koh-chang-2-days-1-night\/#breadcrumb","itemListElement":[{"@type":"ListItem","position":1,"name":"\u0413\u043b\u0430\u0432\u043d\u0430\u044f \u0441\u0442\u0440\u0430\u043d\u0438\u0446\u0430","item":"https:\/\/skyline-gs.com\/hu\/"},{"@type":"ListItem","position":2,"name":"\u041c\u0430\u0433\u0430\u0437\u0438\u043d","item":"https:\/\/skyline-gs.com\/cs\/shop\/"},{"@type":"ListItem","position":3,"name":"\u041a\u043e \u0427\u0430\u043d\u0433 \u2014 2 \u0434\u043d\u044f \/ 1 \u043d\u043e\u0447\u044c"}]},{"@type":"WebSite","@id":"https:\/\/skyline-gs.com\/it\/#website","url":"https:\/\/skyline-gs.com\/it\/","name":"Skyline V\u00fdlety","description":"Exkluzivn\u00ed v\u00fdlety do nejlep\u0161\u00edch sv\u011btov\u00fdch letovisek","publisher":{"@id":"https:\/\/skyline-gs.com\/it\/#organization"},"alternateName":"Skyline","potentialAction":[{"@type":"SearchAction","target":{"@type":"EntryPoint","urlTemplate":"https:\/\/skyline-gs.com\/it\/?s={search_term_string}"},"query-input":{"@type":"PropertyValueSpecification","valueRequired":true,"valueName":"search_term_string"}}],"inLanguage":"cs"},{"@type":"Organization","@id":"https:\/\/skyline-gs.com\/it\/#organization","name":"Skyline V\u00fdlety","alternateName":"\u042d\u043a\u0441\u043a\u0443\u0440\u0441\u0438\u0438 Skyline","url":"https:\/\/skyline-gs.com\/it\/","logo":{"@type":"ImageObject","inLanguage":"cs","@id":"https:\/\/skyline-gs.com\/it\/#\/schema\/logo\/image\/","url":"https:\/\/skyline-gs.com\/wp-content\/uploads\/2020\/12\/cropped-logo-2.png","contentUrl":"https:\/\/skyline-gs.com\/wp-content\/uploads\/2020\/12\/cropped-logo-2.png","width":512,"height":512,"caption":"\u042d\u043a\u0441\u043a\u0443\u0440\u0441\u0438\u0438 Skyline"},"image":{"@id":"https:\/\/skyline-gs.com\/it\/#\/schema\/logo\/image\/"},"sameAs":["https:\/\/www.instagram.com\/skylineglobalservice\/"]}]}},"_links":{"self":[{"href":"https:\/\/skyline-gs.com\/cs\/wp-json\/wp\/v2\/product\/71012","targetHints":{"allow":["GET"]}}],"collection":[{"href":"https:\/\/skyline-gs.com\/cs\/wp-json\/wp\/v2\/product"}],"about":[{"href":"https:\/\/skyline-gs.com\/cs\/wp-json\/wp\/v2\/types\/product"}],"version-history":[{"count":0,"href":"https:\/\/skyline-gs.com\/cs\/wp-json\/wp\/v2\/product\/71012\/revisions"}],"wp:featuredmedia":[{"embeddable":true,"href":"https:\/\/skyline-gs.com\/cs\/wp-json\/wp\/v2\/media\/71027"}],"wp:attachment":[{"href":"https:\/\/skyline-gs.com\/cs\/wp-json\/wp\/v2\/media?parent=71012"}],"wp:term":[{"taxonomy":"product_brand","embeddable":true,"href":"https:\/\/skyline-gs.com\/cs\/wp-json\/wp\/v2\/product_brand?post=71012"},{"taxonomy":"product_cat","embeddable":true,"href":"https:\/\/skyline-gs.com\/cs\/wp-json\/wp\/v2\/product_cat?post=71012"},{"taxonomy":"product_tag","embeddable":true,"href":"https:\/\/skyline-gs.com\/cs\/wp-json\/wp\/v2\/product_tag?post=71012"}],"curies":[{"name":"wp","href":"https:\/\/api.w.org\/{rel}","templated":true}]}}