{"id":67590,"date":"2025-10-17T02:12:31","date_gmt":"2025-10-17T00:12:31","guid":{"rendered":"http:\/\/skyline-gs.com\/?post_type=product&#038;p=67590"},"modified":"2025-10-18T00:08:15","modified_gmt":"2025-10-17T22:08:15","slug":"the-fifth-element","status":"publish","type":"product","link":"https:\/\/skyline-gs.com\/cs\/product\/the-fifth-element\/","title":{"rendered":"Bangkok: P\u00e1t\u00fd element"},"content":{"rendered":"<p>\u0423\u0432\u043b\u0435\u043a\u0430\u0442\u0435\u043b\u044c\u043d\u044b\u0439 \u0442\u0443\u0440, \u0432 \u043a\u043e\u0442\u043e\u0440\u043e\u043c \u0432\u044b \u043f\u043e\u0447\u0443\u0432\u0441\u0442\u0432\u0443\u0435\u0442\u0435 \u043c\u0430\u0433\u0438\u044e \u0441\u0442\u0438\u0445\u0438\u0439 \u0422\u0430\u0438\u043b\u0430\u043d\u0434\u0430 \u2014 \u0432\u043e\u0437\u0434\u0443\u0445, \u0437\u0435\u043c\u043b\u044f, \u043e\u0433\u043e\u043d\u044c \u0438 \u0432\u043e\u0434\u0430. \u0412\u044b \u043f\u043e\u0441\u0435\u0442\u0438\u0442\u0435 \u043a\u0443\u043b\u044c\u0442\u043e\u0432\u044b\u0435 \u043c\u0435\u0441\u0442\u0430, \u0441\u0432\u044f\u0437\u0430\u043d\u043d\u044b\u0435 \u0441 \u043a\u0430\u0436\u0434\u043e\u0439 \u0441\u0442\u0438\u0445\u0438\u0435\u0439, \u043f\u043e\u0433\u0440\u0443\u0437\u0438\u0432\u0448\u0438\u0441\u044c \u0432 \u0441\u0438\u043c\u0432\u043e\u043b\u0438\u043a\u0443 \u0438 \u0430\u0442\u043c\u043e\u0441\u0444\u0435\u0440\u0443 \u044d\u0442\u0438\u0445 \u044d\u043b\u0435\u043c\u0435\u043d\u0442\u043e\u0432.<\/p>\n<p data-start=\"474\" data-end=\"809\"><strong>Program z\u00e1jezdu:<\/strong><\/p>\n<ul>\n<li>08:00 \u2014 \u0432\u044b\u0435\u0437\u0434 \u0438\u0437 \u041f\u0430\u0442\u0442\u0430\u0439\u0438<\/li>\n<li>\u0425\u0440\u0430\u043c \u0414\u0440\u0430\u043a\u043e\u043d\u0430 (\u0421\u0442\u0438\u0445\u0438\u044f \u00ab\u0432\u043e\u0437\u0434\u0443\u0445\u00bb) \u2014 \u0441\u0438\u043c\u0432\u043e\u043b\u0438\u043a\u0430, \u043c\u0435\u0434\u0438\u0442\u0430\u0446\u0438\u044f, \u043c\u0430\u0441\u0448\u0442\u0430\u0431\u043d\u0430\u044f \u0444\u0438\u0433\u0443\u0440\u0430 \u0434\u0440\u0430\u043a\u043e\u043d\u0430<\/li>\n<li>\u041a\u043e\u0440\u043e\u0442\u043a\u0430\u044f \u043e\u0441\u0442\u0430\u043d\u043e\u0432\u043a\u0430 \u0443 \u0441\u043e\u043b\u044f\u043d\u043e\u0439 \u0444\u0435\u0440\u043c\u044b \u0438 \u0448\u043e\u0443 \u043f\u043e \u043f\u0440\u0438\u0433\u043e\u0442\u043e\u0432\u043b\u0435\u043d\u0438\u044e \u0441\u0430\u0445\u0430\u0440\u0430<\/li>\n<li>Ob\u011bd<\/li>\n<li>\u0420\u044b\u043d\u043e\u043a \u043d\u0430 \u0440\u0435\u043b\u044c\u0441\u0430\u0445 (\u0421\u0442\u0438\u0445\u0438\u044f \u00ab\u0437\u0435\u043c\u043b\u044f\u00bb) \u2014 \u0443\u043d\u0438\u043a\u0430\u043b\u044c\u043d\u043e\u0435 \u043c\u0435\u0441\u0442\u043e, \u0433\u0434\u0435 \u0440\u044b\u043d\u043e\u043a \u0431\u0443\u043a\u0432\u0430\u043b\u044c\u043d\u043e \u043d\u0430\u0445\u043e\u0434\u0438\u0442\u0441\u044f \u043d\u0430 \u0436\u0435\u043b\u0435\u0437\u043d\u043e\u0434\u043e\u0440\u043e\u0436\u043d\u044b\u0445 \u043f\u0443\u0442\u044f\u0445<\/li>\n<li>\u0425\u0440\u0430\u043c \u0442\u044b\u0441\u044f\u0447\u0438 \u0438 \u043e\u0434\u043d\u043e\u0439 \u041a\u0440\u0430\u0441\u043d\u043e\u0439 \u0420\u043e\u0437\u044b (\u0421\u0442\u0438\u0445\u0438\u044f \u00ab\u043e\u0433\u043e\u043d\u044c\u00bb)<\/li>\n<li>\u041f\u0440\u043e\u0433\u0443\u043b\u043a\u0430 \u043f\u043e \u0440\u0435\u043a\u0435 \u043e\u0431\u0435\u0437\u044c\u044f\u043d<\/li>\n<li>\u0422\u0430\u0439\u0441\u043a\u0430\u044f \u0412\u0435\u043d\u0435\u0446\u0438\u044f (\u0421\u0442\u0438\u0445\u0438\u044f \u00ab\u0432\u043e\u0434\u0430\u00bb)<\/li>\n<li>22:00 \u2014 \u0432\u043e\u0437\u0432\u0440\u0430\u0449\u0435\u043d\u0438\u0435 \u0432 \u041f\u0430\u0442\u0442\u0430\u0439\u044e<\/li>\n<\/ul>\n<p><strong style=\"font-family: var(--global-body-font-family);\">V\u010detn\u011b:<\/strong><\/p>\n<ul>\n<li>Transfer z hotelu a do hotelu<\/li>\n<li>Vstupenky<\/li>\n<li>Ob\u011bd<\/li>\n<li>rusky mluv\u00edc\u00ed pr\u016fvodce<\/li>\n<li>Poji\u0161t\u011bn\u00ed<\/li>\n<\/ul>\n<p><strong>Vezm\u011bte si ji s sebou:<\/strong><\/p>\n<ul>\n<li>Kopie pasu<\/li>\n<li>Pohodln\u00e1 obuv<\/li>\n<li>Oble\u010den\u00ed pro n\u00e1v\u0161t\u011bvu chr\u00e1m\u016f (zakryt\u00e1 ramena a kolena)<\/li>\n<li>Pokr\u00fdvka hlavy<\/li>\n<li>foto\/video kamera<\/li>\n<li>Pen\u00edze na osobn\u00ed v\u00fddaje<\/li>\n<\/ul>\n<p><strong>Dal\u0161\u00ed informace:<\/strong><\/p>\n<ul>\n<li>D\u011btsk\u00e1 j\u00edzdenka se po\u010d\u00edt\u00e1 podle v\u00fd\u0161ky od 90 do 120 cm. D\u00edt\u011b do 90 cm projde zdarma.<\/li>\n<li>Osoby pod vlivem alkoholu nebo drog nesm\u00ed b\u00fdt na z\u00e1jezd vpu\u0161t\u011bny pod ztr\u00e1tou vyplacen\u00fdch prost\u0159edk\u016f.<\/li>\n<\/ul>","protected":false},"excerpt":{"rendered":"<p><strong>Doba prohl\u00eddky:<\/strong> \u0441 8:00 \u2014 \u0434\u043e 22:00<br \/>\n<strong>Dny zadr\u017een\u00ed:<\/strong> \u0432\u0442\u043e\u0440\u043d\u0438\u043a, \u0447\u0435\u0442\u0432\u0435\u0440\u0433, \u0441\u0443\u0431\u0431\u043e\u0442\u0430<\/p>","protected":false},"featured_media":67627,"template":"","meta":{"_kad_post_transparent":"default","_kad_post_title":"","_kad_post_layout":"default","_kad_post_sidebar_id":"","_kad_post_content_style":"default","_kad_post_vertical_padding":"default","_kad_post_feature":"","_kad_post_feature_position":"","_kad_post_header":false,"_kad_post_footer":false,"_kad_post_classname":"","_glsr_average":0,"_glsr_ranking":0,"_glsr_reviews":0},"product_brand":[],"product_cat":[507],"product_tag":[],"class_list":{"0":"post-67590","1":"product","2":"type-product","3":"status-publish","4":"has-post-thumbnail","6":"product_cat-pattaya","7":"tm-has-options","9":"first","10":"instock","11":"sold-individually","12":"taxable","13":"shipping-taxable","14":"purchasable","15":"product-type-simple","16":"entry","17":"content-bg","18":"loop-entry"},"yoast_head":"<!-- This site is optimized with the Yoast SEO plugin v27.3 - https:\/\/yoast.com\/product\/yoast-seo-wordpress\/ -->\n<title>\u0411\u0430\u043d\u0433\u043a\u043e\u043a: \u041f\u044f\u0442\u044b\u0439 \u042d\u043b\u0435\u043c\u0435\u043d\u0442 &#8226; \u042d\u043a\u0441\u043a\u0443\u0440\u0441\u0438\u0438 Skyline<\/title>\n<meta name=\"robots\" content=\"index, follow, max-snippet:-1, max-image-preview:large, max-video-preview:-1\" \/>\n<link rel=\"canonical\" href=\"http:\/\/skyline-gs.com\/cs\/produkt\/the-fifth-element\/\" \/>\n<meta property=\"og:locale\" content=\"cs_CZ\" \/>\n<meta property=\"og:type\" content=\"article\" \/>\n<meta property=\"og:title\" content=\"\u0411\u0430\u043d\u0433\u043a\u043e\u043a: \u041f\u044f\u0442\u044b\u0439 \u042d\u043b\u0435\u043c\u0435\u043d\u0442 &#8226; \u042d\u043a\u0441\u043a\u0443\u0440\u0441\u0438\u0438 Skyline\" \/>\n<meta property=\"og:description\" content=\"\u0412\u0440\u0435\u043c\u044f \u0442\u0443\u0440\u0430: \u0441 8:00 \u2014 \u0434\u043e 22:00 \u0414\u043d\u0438 \u043f\u0440\u043e\u0432\u0435\u0434\u0435\u043d\u0438\u044f: \u0432\u0442\u043e\u0440\u043d\u0438\u043a, \u0447\u0435\u0442\u0432\u0435\u0440\u0433, \u0441\u0443\u0431\u0431\u043e\u0442\u0430\" \/>\n<meta property=\"og:url\" content=\"http:\/\/skyline-gs.com\/cs\/produkt\/the-fifth-element\/\" \/>\n<meta property=\"og:site_name\" content=\"\u042d\u043a\u0441\u043a\u0443\u0440\u0441\u0438\u0438 Skyline\" \/>\n<meta property=\"article:modified_time\" content=\"2025-10-17T22:08:15+00:00\" \/>\n<meta property=\"og:image\" content=\"https:\/\/skyline-gs.com\/wp-content\/uploads\/2025\/10\/pyatyj-element-ekskursiya-6-e1760738876415.jpg\" \/>\n\t<meta property=\"og:image:width\" content=\"1030\" \/>\n\t<meta property=\"og:image:height\" content=\"688\" \/>\n\t<meta property=\"og:image:type\" content=\"image\/jpeg\" \/>\n<meta name=\"twitter:card\" content=\"summary_large_image\" \/>\n<meta name=\"twitter:label1\" content=\"Odhadovan\u00e1 doba \u010dten\u00ed\" \/>\n\t<meta name=\"twitter:data1\" content=\"2 minuty\" \/>\n<script type=\"application\/ld+json\" class=\"yoast-schema-graph\">{\"@context\":\"https:\\\/\\\/schema.org\",\"@graph\":[{\"@type\":\"WebPage\",\"@id\":\"http:\\\/\\\/skyline-gs.com\\\/it\\\/prodotto\\\/the-fifth-element\\\/\",\"url\":\"http:\\\/\\\/skyline-gs.com\\\/it\\\/prodotto\\\/the-fifth-element\\\/\",\"name\":\"\u0411\u0430\u043d\u0433\u043a\u043e\u043a: \u041f\u044f\u0442\u044b\u0439 \u042d\u043b\u0435\u043c\u0435\u043d\u0442 &#8226; \u042d\u043a\u0441\u043a\u0443\u0440\u0441\u0438\u0438 Skyline\",\"isPartOf\":{\"@id\":\"https:\\\/\\\/skyline-gs.com\\\/it\\\/#website\"},\"primaryImageOfPage\":{\"@id\":\"http:\\\/\\\/skyline-gs.com\\\/it\\\/prodotto\\\/the-fifth-element\\\/#primaryimage\"},\"image\":{\"@id\":\"http:\\\/\\\/skyline-gs.com\\\/it\\\/prodotto\\\/the-fifth-element\\\/#primaryimage\"},\"thumbnailUrl\":\"https:\\\/\\\/skyline-gs.com\\\/wp-content\\\/uploads\\\/2025\\\/10\\\/pyatyj-element-ekskursiya-6-e1760738876415.jpg\",\"datePublished\":\"2025-10-17T00:12:31+00:00\",\"dateModified\":\"2025-10-17T22:08:15+00:00\",\"breadcrumb\":{\"@id\":\"http:\\\/\\\/skyline-gs.com\\\/it\\\/prodotto\\\/the-fifth-element\\\/#breadcrumb\"},\"inLanguage\":\"cs\",\"potentialAction\":[{\"@type\":\"ReadAction\",\"target\":[\"http:\\\/\\\/skyline-gs.com\\\/it\\\/prodotto\\\/the-fifth-element\\\/\"]}]},{\"@type\":\"ImageObject\",\"inLanguage\":\"cs\",\"@id\":\"http:\\\/\\\/skyline-gs.com\\\/it\\\/prodotto\\\/the-fifth-element\\\/#primaryimage\",\"url\":\"https:\\\/\\\/skyline-gs.com\\\/wp-content\\\/uploads\\\/2025\\\/10\\\/pyatyj-element-ekskursiya-6-e1760738876415.jpg\",\"contentUrl\":\"https:\\\/\\\/skyline-gs.com\\\/wp-content\\\/uploads\\\/2025\\\/10\\\/pyatyj-element-ekskursiya-6-e1760738876415.jpg\",\"width\":1030,\"height\":688},{\"@type\":\"BreadcrumbList\",\"@id\":\"http:\\\/\\\/skyline-gs.com\\\/it\\\/prodotto\\\/the-fifth-element\\\/#breadcrumb\",\"itemListElement\":[{\"@type\":\"ListItem\",\"position\":1,\"name\":\"\u0413\u043b\u0430\u0432\u043d\u0430\u044f \u0441\u0442\u0440\u0430\u043d\u0438\u0446\u0430\",\"item\":\"https:\\\/\\\/skyline-gs.com\\\/hu\\\/\"},{\"@type\":\"ListItem\",\"position\":2,\"name\":\"\u041c\u0430\u0433\u0430\u0437\u0438\u043d\",\"item\":\"https:\\\/\\\/skyline-gs.com\\\/cs\\\/shop\\\/\"},{\"@type\":\"ListItem\",\"position\":3,\"name\":\"\u0411\u0430\u043d\u0433\u043a\u043e\u043a: \u041f\u044f\u0442\u044b\u0439 \u042d\u043b\u0435\u043c\u0435\u043d\u0442\"}]},{\"@type\":\"WebSite\",\"@id\":\"https:\\\/\\\/skyline-gs.com\\\/it\\\/#website\",\"url\":\"https:\\\/\\\/skyline-gs.com\\\/it\\\/\",\"name\":\"\u042d\u043a\u0441\u043a\u0443\u0440\u0441\u0438\u0438 Skyline\",\"description\":\"\u042d\u043a\u0441\u043a\u043b\u044e\u0437\u0438\u0432\u043d\u044b\u0435 \u044d\u043a\u0441\u043a\u0443\u0440\u0441\u0438\u0438 \u043d\u0430 \u043b\u0443\u0447\u0448\u0438\u0445 \u043a\u0443\u0440\u043e\u0440\u0442\u0430\u0445 \u043c\u0438\u0440\u0430\",\"publisher\":{\"@id\":\"https:\\\/\\\/skyline-gs.com\\\/it\\\/#organization\"},\"alternateName\":\"Skyline\",\"potentialAction\":[{\"@type\":\"SearchAction\",\"target\":{\"@type\":\"EntryPoint\",\"urlTemplate\":\"https:\\\/\\\/skyline-gs.com\\\/it\\\/?s={search_term_string}\"},\"query-input\":{\"@type\":\"PropertyValueSpecification\",\"valueRequired\":true,\"valueName\":\"search_term_string\"}}],\"inLanguage\":\"cs\"},{\"@type\":\"Organization\",\"@id\":\"https:\\\/\\\/skyline-gs.com\\\/it\\\/#organization\",\"name\":\"\u042d\u043a\u0441\u043a\u0443\u0440\u0441\u0438\u0438 Skyline\",\"alternateName\":\"\u042d\u043a\u0441\u043a\u0443\u0440\u0441\u0438\u0438 Skyline\",\"url\":\"https:\\\/\\\/skyline-gs.com\\\/it\\\/\",\"logo\":{\"@type\":\"ImageObject\",\"inLanguage\":\"cs\",\"@id\":\"https:\\\/\\\/skyline-gs.com\\\/it\\\/#\\\/schema\\\/logo\\\/image\\\/\",\"url\":\"https:\\\/\\\/skyline-gs.com\\\/wp-content\\\/uploads\\\/2020\\\/12\\\/cropped-logo-2.png\",\"contentUrl\":\"https:\\\/\\\/skyline-gs.com\\\/wp-content\\\/uploads\\\/2020\\\/12\\\/cropped-logo-2.png\",\"width\":512,\"height\":512,\"caption\":\"\u042d\u043a\u0441\u043a\u0443\u0440\u0441\u0438\u0438 Skyline\"},\"image\":{\"@id\":\"https:\\\/\\\/skyline-gs.com\\\/it\\\/#\\\/schema\\\/logo\\\/image\\\/\"},\"sameAs\":[\"https:\\\/\\\/www.instagram.com\\\/skylineglobalservice\\\/\"]}]}<\/script>\n<!-- \/ Yoast SEO plugin. -->","yoast_head_json":{"title":"\u0411\u0430\u043d\u0433\u043a\u043e\u043a: \u041f\u044f\u0442\u044b\u0439 \u042d\u043b\u0435\u043c\u0435\u043d\u0442 &#8226; \u042d\u043a\u0441\u043a\u0443\u0440\u0441\u0438\u0438 Skyline","robots":{"index":"index","follow":"follow","max-snippet":"max-snippet:-1","max-image-preview":"max-image-preview:large","max-video-preview":"max-video-preview:-1"},"canonical":"http:\/\/skyline-gs.com\/cs\/produkt\/the-fifth-element\/","og_locale":"cs_CZ","og_type":"article","og_title":"\u0411\u0430\u043d\u0433\u043a\u043e\u043a: \u041f\u044f\u0442\u044b\u0439 \u042d\u043b\u0435\u043c\u0435\u043d\u0442 &#8226; \u042d\u043a\u0441\u043a\u0443\u0440\u0441\u0438\u0438 Skyline","og_description":"\u0412\u0440\u0435\u043c\u044f \u0442\u0443\u0440\u0430: \u0441 8:00 \u2014 \u0434\u043e 22:00 \u0414\u043d\u0438 \u043f\u0440\u043e\u0432\u0435\u0434\u0435\u043d\u0438\u044f: \u0432\u0442\u043e\u0440\u043d\u0438\u043a, \u0447\u0435\u0442\u0432\u0435\u0440\u0433, \u0441\u0443\u0431\u0431\u043e\u0442\u0430","og_url":"http:\/\/skyline-gs.com\/cs\/produkt\/the-fifth-element\/","og_site_name":"\u042d\u043a\u0441\u043a\u0443\u0440\u0441\u0438\u0438 Skyline","article_modified_time":"2025-10-17T22:08:15+00:00","og_image":[{"width":1030,"height":688,"url":"https:\/\/skyline-gs.com\/wp-content\/uploads\/2025\/10\/pyatyj-element-ekskursiya-6-e1760738876415.jpg","type":"image\/jpeg"}],"twitter_card":"summary_large_image","twitter_misc":{"Odhadovan\u00e1 doba \u010dten\u00ed":"2 minuty"},"schema":{"@context":"https:\/\/schema.org","@graph":[{"@type":"WebPage","@id":"http:\/\/skyline-gs.com\/it\/prodotto\/the-fifth-element\/","url":"http:\/\/skyline-gs.com\/it\/prodotto\/the-fifth-element\/","name":"\u0411\u0430\u043d\u0433\u043a\u043e\u043a: \u041f\u044f\u0442\u044b\u0439 \u042d\u043b\u0435\u043c\u0435\u043d\u0442 &#8226; \u042d\u043a\u0441\u043a\u0443\u0440\u0441\u0438\u0438 Skyline","isPartOf":{"@id":"https:\/\/skyline-gs.com\/it\/#website"},"primaryImageOfPage":{"@id":"http:\/\/skyline-gs.com\/it\/prodotto\/the-fifth-element\/#primaryimage"},"image":{"@id":"http:\/\/skyline-gs.com\/it\/prodotto\/the-fifth-element\/#primaryimage"},"thumbnailUrl":"https:\/\/skyline-gs.com\/wp-content\/uploads\/2025\/10\/pyatyj-element-ekskursiya-6-e1760738876415.jpg","datePublished":"2025-10-17T00:12:31+00:00","dateModified":"2025-10-17T22:08:15+00:00","breadcrumb":{"@id":"http:\/\/skyline-gs.com\/it\/prodotto\/the-fifth-element\/#breadcrumb"},"inLanguage":"cs","potentialAction":[{"@type":"ReadAction","target":["http:\/\/skyline-gs.com\/it\/prodotto\/the-fifth-element\/"]}]},{"@type":"ImageObject","inLanguage":"cs","@id":"http:\/\/skyline-gs.com\/it\/prodotto\/the-fifth-element\/#primaryimage","url":"https:\/\/skyline-gs.com\/wp-content\/uploads\/2025\/10\/pyatyj-element-ekskursiya-6-e1760738876415.jpg","contentUrl":"https:\/\/skyline-gs.com\/wp-content\/uploads\/2025\/10\/pyatyj-element-ekskursiya-6-e1760738876415.jpg","width":1030,"height":688},{"@type":"BreadcrumbList","@id":"http:\/\/skyline-gs.com\/it\/prodotto\/the-fifth-element\/#breadcrumb","itemListElement":[{"@type":"ListItem","position":1,"name":"\u0413\u043b\u0430\u0432\u043d\u0430\u044f \u0441\u0442\u0440\u0430\u043d\u0438\u0446\u0430","item":"https:\/\/skyline-gs.com\/hu\/"},{"@type":"ListItem","position":2,"name":"\u041c\u0430\u0433\u0430\u0437\u0438\u043d","item":"https:\/\/skyline-gs.com\/cs\/shop\/"},{"@type":"ListItem","position":3,"name":"\u0411\u0430\u043d\u0433\u043a\u043e\u043a: \u041f\u044f\u0442\u044b\u0439 \u042d\u043b\u0435\u043c\u0435\u043d\u0442"}]},{"@type":"WebSite","@id":"https:\/\/skyline-gs.com\/it\/#website","url":"https:\/\/skyline-gs.com\/it\/","name":"Skyline V\u00fdlety","description":"Exkluzivn\u00ed v\u00fdlety do nejlep\u0161\u00edch sv\u011btov\u00fdch letovisek","publisher":{"@id":"https:\/\/skyline-gs.com\/it\/#organization"},"alternateName":"Skyline","potentialAction":[{"@type":"SearchAction","target":{"@type":"EntryPoint","urlTemplate":"https:\/\/skyline-gs.com\/it\/?s={search_term_string}"},"query-input":{"@type":"PropertyValueSpecification","valueRequired":true,"valueName":"search_term_string"}}],"inLanguage":"cs"},{"@type":"Organization","@id":"https:\/\/skyline-gs.com\/it\/#organization","name":"Skyline V\u00fdlety","alternateName":"\u042d\u043a\u0441\u043a\u0443\u0440\u0441\u0438\u0438 Skyline","url":"https:\/\/skyline-gs.com\/it\/","logo":{"@type":"ImageObject","inLanguage":"cs","@id":"https:\/\/skyline-gs.com\/it\/#\/schema\/logo\/image\/","url":"https:\/\/skyline-gs.com\/wp-content\/uploads\/2020\/12\/cropped-logo-2.png","contentUrl":"https:\/\/skyline-gs.com\/wp-content\/uploads\/2020\/12\/cropped-logo-2.png","width":512,"height":512,"caption":"\u042d\u043a\u0441\u043a\u0443\u0440\u0441\u0438\u0438 Skyline"},"image":{"@id":"https:\/\/skyline-gs.com\/it\/#\/schema\/logo\/image\/"},"sameAs":["https:\/\/www.instagram.com\/skylineglobalservice\/"]}]}},"_links":{"self":[{"href":"https:\/\/skyline-gs.com\/cs\/wp-json\/wp\/v2\/product\/67590","targetHints":{"allow":["GET"]}}],"collection":[{"href":"https:\/\/skyline-gs.com\/cs\/wp-json\/wp\/v2\/product"}],"about":[{"href":"https:\/\/skyline-gs.com\/cs\/wp-json\/wp\/v2\/types\/product"}],"version-history":[{"count":0,"href":"https:\/\/skyline-gs.com\/cs\/wp-json\/wp\/v2\/product\/67590\/revisions"}],"wp:featuredmedia":[{"embeddable":true,"href":"https:\/\/skyline-gs.com\/cs\/wp-json\/wp\/v2\/media\/67627"}],"wp:attachment":[{"href":"https:\/\/skyline-gs.com\/cs\/wp-json\/wp\/v2\/media?parent=67590"}],"wp:term":[{"taxonomy":"product_brand","embeddable":true,"href":"https:\/\/skyline-gs.com\/cs\/wp-json\/wp\/v2\/product_brand?post=67590"},{"taxonomy":"product_cat","embeddable":true,"href":"https:\/\/skyline-gs.com\/cs\/wp-json\/wp\/v2\/product_cat?post=67590"},{"taxonomy":"product_tag","embeddable":true,"href":"https:\/\/skyline-gs.com\/cs\/wp-json\/wp\/v2\/product_tag?post=67590"}],"curies":[{"name":"wp","href":"https:\/\/api.w.org\/{rel}","templated":true}]}}