{"id":67472,"date":"2025-10-16T21:55:40","date_gmt":"2025-10-16T19:55:40","guid":{"rendered":"http:\/\/skyline-gs.com\/?post_type=product&#038;p=67472"},"modified":"2025-11-28T19:59:54","modified_gmt":"2025-11-28T17:59:54","slug":"privat-cairo-elalamein","status":"publish","type":"product","link":"https:\/\/skyline-gs.com\/cs\/product\/privat-cairo-elalamein\/","title":{"rendered":"Personalizovan\u00e1 K\u00e1hira"},"content":{"rendered":"<p>K\u00e1hira a jej\u00ed Cheopsova pyramida - pr\u00e1vem pova\u017eovan\u00e1 za nejstar\u0161\u00ed a jedin\u00fd artefakt, kter\u00fd se dochoval do dne\u0161n\u00edch dn\u016f, ze seznamu sedmi div\u016f starov\u011bk\u00e9ho sv\u011bta. Hlavn\u00ed m\u011bsto Egypta - K\u00e1hira s v\u00edce ne\u017e 20 miliony obyvatel se nach\u00e1z\u00ed 500 km od \u0160arm a\u0161-\u0160ajchu. V K\u00e1hi\u0159e nav\u0161t\u00edv\u00edte: Egyptsk\u00e9 n\u00e1rodn\u00ed muzeum, Velk\u00e9 pyramidy v G\u00edze a Sfingu, tov\u00e1rnu na papyrus, tov\u00e1rnu na olej a parf\u00e9my, poob\u011bdv\u00e1te na b\u0159ehu Nilu. Budete m\u00edt tak\u00e9 mo\u017enost plavit se po Nilu na plachetnici (Felucca). Na z\u00e1v\u011br dne se vr\u00e1t\u00edte zp\u011bt do \u0160armu a kolem p\u016flnoci budete ve sv\u00e9m hotelu.<\/p>\n<p>\u0412\u044b\u0435\u0437\u0434 \u0438\u0437 \u043e\u0442\u0435\u043b\u044f \u0432 5:00 \u0443\u0442\u0440\u0430. \u0412 \u043a\u043e\u043c\u0444\u043e\u0440\u0442\u0430\u0431\u0435\u043b\u044c\u043d\u043e\u043c \u0430\u0432\u0442\u043e \u0441 \u043a\u043e\u043d\u0434\u0438\u0446\u0438\u043e\u043d\u0435\u0440\u043e\u043c \u0432\u044b \u043e\u0442\u043f\u0440\u0430\u0432\u0438\u0442\u0435\u0441\u044c \u0432 \u041a\u0430\u0438\u0440, \u00a0\u0434\u043e\u0440\u043e\u0433\u0430 \u0437\u0430\u0439\u043c\u0435\u0442 \u043e\u043a\u043e\u043b\u043e 4 \u0447\u0430\u0441\u043e\u0432. \u042d\u043a\u0441\u043a\u0443\u0440\u0441\u0438\u044f \u043d\u0430\u0447\u043d\u0435\u0442\u0441\u044f \u0441 \u043f\u043e\u0441\u0435\u0449\u0435\u043d\u0438\u0435 \u0415\u0433\u0438\u043f\u0435\u0442\u0441\u043a\u043e\u0433\u043e \u041d\u0430\u0446\u0438\u043e\u043d\u0430\u043b\u044c\u043d\u043e\u0433\u043e \u043c\u0443\u0437\u0435\u044f \u2014 \u043a\u043e\u0442\u043e\u0440\u044b\u0439 \u044f\u0432\u043b\u044f\u0435\u0442\u0441\u044f \u043d\u0435\u043f\u0440\u0435\u0432\u0437\u043e\u0439\u0434\u0435\u043d\u043d\u044b\u043c \u0445\u0440\u0430\u043d\u0438\u0442\u0435\u043b\u0435\u043c \u0441\u0430\u043c\u043e\u0439 \u0431\u043e\u043b\u044c\u0448\u043e\u0439 \u0430\u0440\u0445\u0435\u043e\u043b\u043e\u0433\u0438\u0447\u0435\u0441\u043a\u043e\u0439 \u043a\u043e\u043b\u043b\u0435\u043a\u0446\u0438\u0438 \u0432 \u043c\u0438\u0440\u0435, \u043e\u0442\u043d\u043e\u0441\u044f\u0449\u0438\u0445\u0441\u044f \u043a\u043e \u0432\u0441\u0435\u043c \u0438\u0441\u0442\u043e\u0440\u0438\u0447\u0435\u0441\u043a\u0438\u043c \u043f\u0435\u0440\u0438\u043e\u0434\u0430\u043c \u0434\u0440\u0435\u0432\u043d\u0435\u0433\u043e \u0415\u0433\u0438\u043f\u0442\u0430 \u0434\u043e \u0433\u0440\u0435\u043a\u043e-\u0440\u0438\u043c\u0441\u043a\u043e\u0433\u043e \u043f\u0435\u0440\u0438\u043e\u0434\u0430. \u041a\u043e\u043b\u043b\u0435\u043a\u0446\u0438\u044f \u043d\u0430\u0441\u0447\u0438\u0442\u044b\u0432\u0430\u0435\u0442 \u043e\u043a\u043e\u043b\u043e 160 \u0442\u044b\u0441\u044f\u0447 \u0430\u0440\u0442\u0435\u0444\u0430\u043a\u0442\u043e\u0432, \u0432 \u0442\u043e\u043c \u0447\u0438\u0441\u043b\u0435 \u0441\u043e\u0434\u0435\u0440\u0436\u0430\u043d\u0438\u0435 \u0433\u0440\u043e\u0431\u043d\u0438\u0446\u044b \u0422\u0443\u0442\u0430\u043d\u0445\u0430\u043c\u043e\u043d\u0430 \u0438 \u043c\u0443\u043c\u0438\u0439.<\/p>\n<p>\u041e\u0431\u0435\u0434 \u043d\u0430 \u043f\u0430\u043d\u043e\u0440\u0430\u043c\u043d\u043e\u043c \u043c\u0435\u0441\u0442\u0435 \u0432 \u0440\u0435\u0441\u0442\u043e\u0440\u0430\u043d\u0435 \u0443 \u0440\u0435\u043a\u0438 \u041d\u0438\u043b. \u041f\u043e\u0441\u043b\u0435 \u043e\u0431\u0435\u0434\u0430 \u0412\u044b o\u0442\u043f\u0440\u0430\u0432\u0438\u0442\u0435\u0441\u044c \u0442\u0443\u0434\u0430, \u0433\u0434\u0435 \u0437\u0430\u043c\u0438\u0440\u0430\u0435\u0442 \u0432\u0440\u0435\u043c\u044f,\u043a \u0441\u0438\u043c\u0432\u043e\u043b\u0443 \u0415\u0433\u0438\u043f\u0442\u0430 \u2013 \u0412\u0435\u043b\u0438\u043a\u0438\u043c \u043f\u0438\u0440\u0430\u043c\u0438\u0434\u0430\u043c \u0438 \u0421\u0444\u0438\u043d\u043a\u0441\u0443. \u0432 \u0415\u0433\u0438\u043f\u0442\u0435 \u043d\u0430\u0441\u0447\u0438\u0442\u044b\u0432\u0430\u0435\u0442\u0441\u044f \u0431\u043e\u043b\u0435\u0435 100 \u043f\u0438\u0440\u0430\u043c\u0438\u0434, \u043d\u043e \u0441\u0430\u043c\u044b\u0435 \u0437\u043d\u0430\u043c\u0435\u043d\u0438\u0442\u044b\u0435 \u044d\u0442\u043e \u043f\u0438\u0440\u0430\u043c\u0438\u0434\u044b \u0413\u0438\u0437\u044b, \u043a\u043e\u0442\u043e\u0440\u044b\u0435 \u0441\u0447\u0438\u0442\u0430\u044e\u0442\u0441\u044f \u043f\u0435\u0440\u0432\u044b\u043c \u0447\u0443\u0434\u043e\u043c \u0441\u0432\u0435\u0442\u0430 \u0432\u0441\u0435\u0445 \u0432\u0440\u0435\u043c\u0435\u043d. \u0413\u0438\u0437\u0430 \u2013 \u043f\u0440\u0438\u0433\u043e\u0440\u043e\u0434 \u041a\u0430\u0438\u0440\u0430, \u043a\u043e\u0442\u043e\u0440\u044b\u0439 \u043f\u043e\u043b\u044c\u0437\u0443\u0435\u0442\u0441\u044f \u043c\u0438\u0440\u043e\u0432\u043e\u0439 \u0441\u043b\u0430\u0432\u043e\u0439. \u0412\u044b \u043f\u043e\u0431\u044b\u0432\u0430\u0435\u0442\u0435 \u0432 \u043c\u0443\u0437\u0435\u0435 \u043f\u0430\u043f\u0438\u0440\u0443\u0441\u0430, \u0433\u0434\u0435 \u0432\u0430\u043c \u0440\u0430\u0441\u0441\u043a\u0430\u0436\u0443\u0442 \u0438 \u043f\u043e\u043a\u0430\u0436\u0443\u0442, \u043a\u0430\u043a \u0438\u0437\u0433\u043e\u0442\u0430\u0432\u043b\u0438\u0432\u0430\u043b\u0438 \u043f\u0430\u043f\u0438\u0440\u0443\u0441 \u0432 \u0434\u0440\u0435\u0432\u043d\u043e\u0441\u0442\u0438 \u0438\u043b\u0438 \u0444\u0430\u0431\u0440\u0438\u043a\u0443 \u0430\u0440\u043e\u043c\u0430\u0442\u043e\u0432 \u0438 \u043c\u0430\u0441\u0435\u043b. \u041e\u0431\u0440\u0430\u0442\u043d\u0430\u044f \u0434\u043e\u0440\u043e\u0433\u0430 \u0438 \u0432\u043e\u0437\u0432\u0440\u0430\u0449\u0435\u043d\u0438\u0435 \u0432 \u043e\u0442\u0435\u043b\u044c \u043e\u043a\u043e\u043b\u043e 20:00.<\/p>\n<p><strong>V\u010detn\u011b:<\/strong><\/p>\n<ul>\n<li>Transfery z hotelu a do hotelu<\/li>\n<li>\u042d\u043a\u0441\u043a\u0443\u0440\u0441\u0438\u044f \u043d\u0430 \u043a\u043e\u043c\u0444\u043e\u0440\u0442\u0430\u0431\u0435\u043b\u044c\u043d\u043e\u043c \u0430\u0432\u0442\u043e \u0441 \u043a\u043e\u043d\u0434\u0438\u0446\u0438\u043e\u043d\u0435\u0440\u043e\u043c<\/li>\n<li>Ob\u011bd v restauraci<\/li>\n<li>rusky mluv\u00edc\u00ed pr\u016fvodce egyptolog<\/li>\n<li>vstupenky do v\u0161ech m\u00edst uveden\u00fdch v programu.<\/li>\n<\/ul>\n<p><strong>Nen\u00ed sou\u010d\u00e1st\u00ed dod\u00e1vky:<\/strong><\/p>\n<ul>\n<li>N\u00e1poje v restauraci<\/li>\n<li>\u041f\u0440\u043e\u0433\u0443\u043b\u043a\u0430 \u043f\u043e \u041d\u0438\u043b\u0443 \u043d\u0430 \u043f\u0430\u0440\u0443\u0441\u043d\u0438\u043a\u0435 \u0424\u0435\u043b\u044e\u043a\u0435 +10$<\/li>\n<\/ul>\n<p><strong>Vezm\u011bte si ji s sebou:<\/strong><\/p>\n<ul>\n<li>Pas<\/li>\n<li>Pohodln\u00e9, boty<\/li>\n<li>Pokr\u00fdvka hlavy<\/li>\n<li>Slune\u010dn\u00ed br\u00fdle<\/li>\n<li>Ob\u011bdov\u00fd box (sn\u00eddani si objednejte den p\u0159ed odjezdem na v\u00fdlet na recepci hotelu, je zdarma).<\/li>\n<li>Voda<\/li>\n<li>Fotografick\u00e9 a video vybaven\u00ed<\/li>\n<li>Pen\u00edze na: n\u00e1kup n\u00e1poj\u016f p\u0159i ob\u011bd\u011b\/n\u00e1kup suven\u00fdr\u016f a osobn\u00ed v\u00fddaje<\/li>\n<li>Tepl\u00e9 oble\u010den\u00ed (v zim\u011b)<\/li>\n<\/ul>\n<p><strong>Podm\u00ednky rezervace:<\/strong><\/p>\n<ul>\n<li>\u0422\u0440\u0435\u0431\u0443\u0435\u0442\u0441\u044f \u043f\u0440\u0435\u0434\u043e\u043f\u043b\u0430\u0442\u0430 100$. \u0412\u043e\u0437\u0432\u0440\u0430\u0449\u0430\u0435\u0442\u0441\u044f \u043f\u0440\u0438 \u043e\u0442\u043a\u0430\u0437\u0435 \u043e\u0442 \u044d\u043a\u0441\u043a\u0443\u0440\u0441\u0438\u0438 \u0437\u0430 24 \u0447\u0430\u0441\u0430 \u0434\u043e \u043d\u0430\u0447\u0430\u043b\u0430<\/li>\n<\/ul>","protected":false},"excerpt":{"rendered":"<p><strong>Doba prohl\u00eddky:<\/strong> 5:00 &#8212; 20:00<\/p>\n<p><strong>Dny zadr\u017een\u00ed:<\/strong> Ka\u017ed\u00fd den.<\/p>","protected":false},"featured_media":33317,"template":"","meta":{"_kad_post_transparent":"default","_kad_post_title":"","_kad_post_layout":"default","_kad_post_sidebar_id":"","_kad_post_content_style":"default","_kad_post_vertical_padding":"default","_kad_post_feature":"","_kad_post_feature_position":"","_kad_post_header":false,"_kad_post_footer":false,"_kad_post_classname":"","_glsr_average":0,"_glsr_ranking":0,"_glsr_reviews":0},"product_brand":[],"product_cat":[512],"product_tag":[],"class_list":{"0":"post-67472","1":"product","2":"type-product","3":"status-publish","4":"has-post-thumbnail","6":"product_cat-elalamein","7":"tm-has-options","9":"first","10":"instock","11":"sold-individually","12":"taxable","13":"shipping-taxable","14":"purchasable","15":"product-type-simple","16":"entry","17":"content-bg","18":"loop-entry"},"yoast_head":"<!-- This site is optimized with the Yoast SEO plugin v27.3 - https:\/\/yoast.com\/product\/yoast-seo-wordpress\/ -->\n<title>\u0418\u043d\u0434\u0438\u0432\u0438\u0434\u0443\u0430\u043b\u044c\u043d\u044b\u0439 \u041a\u0430\u0438\u0440 &#8226; \u042d\u043a\u0441\u043a\u0443\u0440\u0441\u0438\u0438 Skyline<\/title>\n<meta name=\"robots\" content=\"index, follow, max-snippet:-1, max-image-preview:large, max-video-preview:-1\" \/>\n<link rel=\"canonical\" href=\"https:\/\/skyline-gs.com\/cs\/produkt\/privat-cairo-elalamein\/\" \/>\n<meta property=\"og:locale\" content=\"cs_CZ\" \/>\n<meta property=\"og:type\" content=\"article\" \/>\n<meta property=\"og:title\" content=\"\u0418\u043d\u0434\u0438\u0432\u0438\u0434\u0443\u0430\u043b\u044c\u043d\u044b\u0439 \u041a\u0430\u0438\u0440 &#8226; \u042d\u043a\u0441\u043a\u0443\u0440\u0441\u0438\u0438 Skyline\" \/>\n<meta property=\"og:description\" content=\"\u0412\u0440\u0435\u043c\u044f \u0442\u0443\u0440\u0430: 5:00 - 20:00  \u0414\u043d\u0438 \u043f\u0440\u043e\u0432\u0435\u0434\u0435\u043d\u0438\u044f: \u041a\u0430\u0436\u0434\u044b\u0439 \u0434\u0435\u043d\u044c\" \/>\n<meta property=\"og:url\" content=\"https:\/\/skyline-gs.com\/cs\/produkt\/privat-cairo-elalamein\/\" \/>\n<meta property=\"og:site_name\" content=\"\u042d\u043a\u0441\u043a\u0443\u0440\u0441\u0438\u0438 Skyline\" \/>\n<meta property=\"article:modified_time\" content=\"2025-11-28T17:59:54+00:00\" \/>\n<meta property=\"og:image\" content=\"https:\/\/skyline-gs.com\/wp-content\/uploads\/2021\/12\/Kair-10-of-11.jpg\" \/>\n\t<meta property=\"og:image:width\" content=\"900\" \/>\n\t<meta property=\"og:image:height\" content=\"600\" \/>\n\t<meta property=\"og:image:type\" content=\"image\/jpeg\" \/>\n<meta name=\"twitter:card\" content=\"summary_large_image\" \/>\n<meta name=\"twitter:label1\" content=\"Odhadovan\u00e1 doba \u010dten\u00ed\" \/>\n\t<meta name=\"twitter:data1\" content=\"2 minuty\" \/>\n<script type=\"application\/ld+json\" class=\"yoast-schema-graph\">{\"@context\":\"https:\\\/\\\/schema.org\",\"@graph\":[{\"@type\":\"WebPage\",\"@id\":\"https:\\\/\\\/skyline-gs.com\\\/product\\\/privat-cairo-elalamein\\\/\",\"url\":\"https:\\\/\\\/skyline-gs.com\\\/product\\\/privat-cairo-elalamein\\\/\",\"name\":\"\u0418\u043d\u0434\u0438\u0432\u0438\u0434\u0443\u0430\u043b\u044c\u043d\u044b\u0439 \u041a\u0430\u0438\u0440 &#8226; \u042d\u043a\u0441\u043a\u0443\u0440\u0441\u0438\u0438 Skyline\",\"isPartOf\":{\"@id\":\"https:\\\/\\\/skyline-gs.com\\\/it\\\/#website\"},\"primaryImageOfPage\":{\"@id\":\"https:\\\/\\\/skyline-gs.com\\\/product\\\/privat-cairo-elalamein\\\/#primaryimage\"},\"image\":{\"@id\":\"https:\\\/\\\/skyline-gs.com\\\/product\\\/privat-cairo-elalamein\\\/#primaryimage\"},\"thumbnailUrl\":\"https:\\\/\\\/skyline-gs.com\\\/wp-content\\\/uploads\\\/2021\\\/12\\\/Kair-10-of-11.jpg\",\"datePublished\":\"2025-10-16T19:55:40+00:00\",\"dateModified\":\"2025-11-28T17:59:54+00:00\",\"breadcrumb\":{\"@id\":\"https:\\\/\\\/skyline-gs.com\\\/product\\\/privat-cairo-elalamein\\\/#breadcrumb\"},\"inLanguage\":\"cs\",\"potentialAction\":[{\"@type\":\"ReadAction\",\"target\":[\"https:\\\/\\\/skyline-gs.com\\\/product\\\/privat-cairo-elalamein\\\/\"]}]},{\"@type\":\"ImageObject\",\"inLanguage\":\"cs\",\"@id\":\"https:\\\/\\\/skyline-gs.com\\\/product\\\/privat-cairo-elalamein\\\/#primaryimage\",\"url\":\"https:\\\/\\\/skyline-gs.com\\\/wp-content\\\/uploads\\\/2021\\\/12\\\/Kair-10-of-11.jpg\",\"contentUrl\":\"https:\\\/\\\/skyline-gs.com\\\/wp-content\\\/uploads\\\/2021\\\/12\\\/Kair-10-of-11.jpg\",\"width\":900,\"height\":600},{\"@type\":\"BreadcrumbList\",\"@id\":\"https:\\\/\\\/skyline-gs.com\\\/product\\\/privat-cairo-elalamein\\\/#breadcrumb\",\"itemListElement\":[{\"@type\":\"ListItem\",\"position\":1,\"name\":\"\u0413\u043b\u0430\u0432\u043d\u0430\u044f \u0441\u0442\u0440\u0430\u043d\u0438\u0446\u0430\",\"item\":\"https:\\\/\\\/skyline-gs.com\\\/hu\\\/\"},{\"@type\":\"ListItem\",\"position\":2,\"name\":\"\u041c\u0430\u0433\u0430\u0437\u0438\u043d\",\"item\":\"https:\\\/\\\/skyline-gs.com\\\/cs\\\/shop\\\/\"},{\"@type\":\"ListItem\",\"position\":3,\"name\":\"\u0418\u043d\u0434\u0438\u0432\u0438\u0434\u0443\u0430\u043b\u044c\u043d\u044b\u0439 \u041a\u0430\u0438\u0440\"}]},{\"@type\":\"WebSite\",\"@id\":\"https:\\\/\\\/skyline-gs.com\\\/it\\\/#website\",\"url\":\"https:\\\/\\\/skyline-gs.com\\\/it\\\/\",\"name\":\"\u042d\u043a\u0441\u043a\u0443\u0440\u0441\u0438\u0438 Skyline\",\"description\":\"\u042d\u043a\u0441\u043a\u043b\u044e\u0437\u0438\u0432\u043d\u044b\u0435 \u044d\u043a\u0441\u043a\u0443\u0440\u0441\u0438\u0438 \u043d\u0430 \u043b\u0443\u0447\u0448\u0438\u0445 \u043a\u0443\u0440\u043e\u0440\u0442\u0430\u0445 \u043c\u0438\u0440\u0430\",\"publisher\":{\"@id\":\"https:\\\/\\\/skyline-gs.com\\\/it\\\/#organization\"},\"alternateName\":\"Skyline\",\"potentialAction\":[{\"@type\":\"SearchAction\",\"target\":{\"@type\":\"EntryPoint\",\"urlTemplate\":\"https:\\\/\\\/skyline-gs.com\\\/it\\\/?s={search_term_string}\"},\"query-input\":{\"@type\":\"PropertyValueSpecification\",\"valueRequired\":true,\"valueName\":\"search_term_string\"}}],\"inLanguage\":\"cs\"},{\"@type\":\"Organization\",\"@id\":\"https:\\\/\\\/skyline-gs.com\\\/it\\\/#organization\",\"name\":\"\u042d\u043a\u0441\u043a\u0443\u0440\u0441\u0438\u0438 Skyline\",\"alternateName\":\"\u042d\u043a\u0441\u043a\u0443\u0440\u0441\u0438\u0438 Skyline\",\"url\":\"https:\\\/\\\/skyline-gs.com\\\/it\\\/\",\"logo\":{\"@type\":\"ImageObject\",\"inLanguage\":\"cs\",\"@id\":\"https:\\\/\\\/skyline-gs.com\\\/it\\\/#\\\/schema\\\/logo\\\/image\\\/\",\"url\":\"https:\\\/\\\/skyline-gs.com\\\/wp-content\\\/uploads\\\/2020\\\/12\\\/cropped-logo-2.png\",\"contentUrl\":\"https:\\\/\\\/skyline-gs.com\\\/wp-content\\\/uploads\\\/2020\\\/12\\\/cropped-logo-2.png\",\"width\":512,\"height\":512,\"caption\":\"\u042d\u043a\u0441\u043a\u0443\u0440\u0441\u0438\u0438 Skyline\"},\"image\":{\"@id\":\"https:\\\/\\\/skyline-gs.com\\\/it\\\/#\\\/schema\\\/logo\\\/image\\\/\"},\"sameAs\":[\"https:\\\/\\\/www.instagram.com\\\/skylineglobalservice\\\/\"]}]}<\/script>\n<!-- \/ Yoast SEO plugin. -->","yoast_head_json":{"title":"\u0418\u043d\u0434\u0438\u0432\u0438\u0434\u0443\u0430\u043b\u044c\u043d\u044b\u0439 \u041a\u0430\u0438\u0440 &#8226; \u042d\u043a\u0441\u043a\u0443\u0440\u0441\u0438\u0438 Skyline","robots":{"index":"index","follow":"follow","max-snippet":"max-snippet:-1","max-image-preview":"max-image-preview:large","max-video-preview":"max-video-preview:-1"},"canonical":"https:\/\/skyline-gs.com\/cs\/produkt\/privat-cairo-elalamein\/","og_locale":"cs_CZ","og_type":"article","og_title":"\u0418\u043d\u0434\u0438\u0432\u0438\u0434\u0443\u0430\u043b\u044c\u043d\u044b\u0439 \u041a\u0430\u0438\u0440 &#8226; \u042d\u043a\u0441\u043a\u0443\u0440\u0441\u0438\u0438 Skyline","og_description":"\u0412\u0440\u0435\u043c\u044f \u0442\u0443\u0440\u0430: 5:00 - 20:00  \u0414\u043d\u0438 \u043f\u0440\u043e\u0432\u0435\u0434\u0435\u043d\u0438\u044f: \u041a\u0430\u0436\u0434\u044b\u0439 \u0434\u0435\u043d\u044c","og_url":"https:\/\/skyline-gs.com\/cs\/produkt\/privat-cairo-elalamein\/","og_site_name":"\u042d\u043a\u0441\u043a\u0443\u0440\u0441\u0438\u0438 Skyline","article_modified_time":"2025-11-28T17:59:54+00:00","og_image":[{"width":900,"height":600,"url":"https:\/\/skyline-gs.com\/wp-content\/uploads\/2021\/12\/Kair-10-of-11.jpg","type":"image\/jpeg"}],"twitter_card":"summary_large_image","twitter_misc":{"Odhadovan\u00e1 doba \u010dten\u00ed":"2 minuty"},"schema":{"@context":"https:\/\/schema.org","@graph":[{"@type":"WebPage","@id":"https:\/\/skyline-gs.com\/product\/privat-cairo-elalamein\/","url":"https:\/\/skyline-gs.com\/product\/privat-cairo-elalamein\/","name":"\u0418\u043d\u0434\u0438\u0432\u0438\u0434\u0443\u0430\u043b\u044c\u043d\u044b\u0439 \u041a\u0430\u0438\u0440 &#8226; \u042d\u043a\u0441\u043a\u0443\u0440\u0441\u0438\u0438 Skyline","isPartOf":{"@id":"https:\/\/skyline-gs.com\/it\/#website"},"primaryImageOfPage":{"@id":"https:\/\/skyline-gs.com\/product\/privat-cairo-elalamein\/#primaryimage"},"image":{"@id":"https:\/\/skyline-gs.com\/product\/privat-cairo-elalamein\/#primaryimage"},"thumbnailUrl":"https:\/\/skyline-gs.com\/wp-content\/uploads\/2021\/12\/Kair-10-of-11.jpg","datePublished":"2025-10-16T19:55:40+00:00","dateModified":"2025-11-28T17:59:54+00:00","breadcrumb":{"@id":"https:\/\/skyline-gs.com\/product\/privat-cairo-elalamein\/#breadcrumb"},"inLanguage":"cs","potentialAction":[{"@type":"ReadAction","target":["https:\/\/skyline-gs.com\/product\/privat-cairo-elalamein\/"]}]},{"@type":"ImageObject","inLanguage":"cs","@id":"https:\/\/skyline-gs.com\/product\/privat-cairo-elalamein\/#primaryimage","url":"https:\/\/skyline-gs.com\/wp-content\/uploads\/2021\/12\/Kair-10-of-11.jpg","contentUrl":"https:\/\/skyline-gs.com\/wp-content\/uploads\/2021\/12\/Kair-10-of-11.jpg","width":900,"height":600},{"@type":"BreadcrumbList","@id":"https:\/\/skyline-gs.com\/product\/privat-cairo-elalamein\/#breadcrumb","itemListElement":[{"@type":"ListItem","position":1,"name":"\u0413\u043b\u0430\u0432\u043d\u0430\u044f \u0441\u0442\u0440\u0430\u043d\u0438\u0446\u0430","item":"https:\/\/skyline-gs.com\/hu\/"},{"@type":"ListItem","position":2,"name":"\u041c\u0430\u0433\u0430\u0437\u0438\u043d","item":"https:\/\/skyline-gs.com\/cs\/shop\/"},{"@type":"ListItem","position":3,"name":"\u0418\u043d\u0434\u0438\u0432\u0438\u0434\u0443\u0430\u043b\u044c\u043d\u044b\u0439 \u041a\u0430\u0438\u0440"}]},{"@type":"WebSite","@id":"https:\/\/skyline-gs.com\/it\/#website","url":"https:\/\/skyline-gs.com\/it\/","name":"Skyline V\u00fdlety","description":"Exkluzivn\u00ed v\u00fdlety do nejlep\u0161\u00edch sv\u011btov\u00fdch letovisek","publisher":{"@id":"https:\/\/skyline-gs.com\/it\/#organization"},"alternateName":"Skyline","potentialAction":[{"@type":"SearchAction","target":{"@type":"EntryPoint","urlTemplate":"https:\/\/skyline-gs.com\/it\/?s={search_term_string}"},"query-input":{"@type":"PropertyValueSpecification","valueRequired":true,"valueName":"search_term_string"}}],"inLanguage":"cs"},{"@type":"Organization","@id":"https:\/\/skyline-gs.com\/it\/#organization","name":"Skyline V\u00fdlety","alternateName":"\u042d\u043a\u0441\u043a\u0443\u0440\u0441\u0438\u0438 Skyline","url":"https:\/\/skyline-gs.com\/it\/","logo":{"@type":"ImageObject","inLanguage":"cs","@id":"https:\/\/skyline-gs.com\/it\/#\/schema\/logo\/image\/","url":"https:\/\/skyline-gs.com\/wp-content\/uploads\/2020\/12\/cropped-logo-2.png","contentUrl":"https:\/\/skyline-gs.com\/wp-content\/uploads\/2020\/12\/cropped-logo-2.png","width":512,"height":512,"caption":"\u042d\u043a\u0441\u043a\u0443\u0440\u0441\u0438\u0438 Skyline"},"image":{"@id":"https:\/\/skyline-gs.com\/it\/#\/schema\/logo\/image\/"},"sameAs":["https:\/\/www.instagram.com\/skylineglobalservice\/"]}]}},"_links":{"self":[{"href":"https:\/\/skyline-gs.com\/cs\/wp-json\/wp\/v2\/product\/67472","targetHints":{"allow":["GET"]}}],"collection":[{"href":"https:\/\/skyline-gs.com\/cs\/wp-json\/wp\/v2\/product"}],"about":[{"href":"https:\/\/skyline-gs.com\/cs\/wp-json\/wp\/v2\/types\/product"}],"version-history":[{"count":0,"href":"https:\/\/skyline-gs.com\/cs\/wp-json\/wp\/v2\/product\/67472\/revisions"}],"wp:featuredmedia":[{"embeddable":true,"href":"https:\/\/skyline-gs.com\/cs\/wp-json\/wp\/v2\/media\/33317"}],"wp:attachment":[{"href":"https:\/\/skyline-gs.com\/cs\/wp-json\/wp\/v2\/media?parent=67472"}],"wp:term":[{"taxonomy":"product_brand","embeddable":true,"href":"https:\/\/skyline-gs.com\/cs\/wp-json\/wp\/v2\/product_brand?post=67472"},{"taxonomy":"product_cat","embeddable":true,"href":"https:\/\/skyline-gs.com\/cs\/wp-json\/wp\/v2\/product_cat?post=67472"},{"taxonomy":"product_tag","embeddable":true,"href":"https:\/\/skyline-gs.com\/cs\/wp-json\/wp\/v2\/product_tag?post=67472"}],"curies":[{"name":"wp","href":"https:\/\/api.w.org\/{rel}","templated":true}]}}