{"id":67154,"date":"2025-10-07T01:02:18","date_gmt":"2025-10-06T23:02:18","guid":{"rendered":"http:\/\/skyline-gs.com\/?post_type=product&#038;p=67154"},"modified":"2025-10-07T01:12:20","modified_gmt":"2025-10-06T23:12:20","slug":"golden-mangrove-forest","status":"publish","type":"product","link":"https:\/\/skyline-gs.com\/cs\/product\/golden-mangrove-forest\/","title":{"rendered":"Zlat\u00fd mangrovov\u00fd les"},"content":{"rendered":"<p>\u041d\u043e\u0432\u0430\u044f \u043f\u0440\u0438\u043a\u043b\u044e\u0447\u0435\u043d\u0447\u0435\u0441\u043a\u0430\u044f \u043f\u0440\u043e\u0433\u0440\u0430\u043c\u043c\u0430, \u043a\u043e\u0442\u043e\u0440\u0430\u044f \u0441\u043e\u0447\u0435\u0442\u0430\u0435\u0442 \u0432 \u0441\u0435\u0431\u0435 \u043f\u0440\u0438\u0440\u043e\u0434\u0443, \u0441\u043f\u043e\u043a\u043e\u0439\u0441\u0442\u0432\u0438\u0435 \u0434\u0436\u0443\u043d\u0433\u043b\u0435\u0439 \u0438 \u0443\u043d\u0438\u043a\u0430\u043b\u044c\u043d\u044b\u0435 \u0432\u0438\u0434\u044b: \u043f\u0440\u043e\u0433\u0443\u043b\u043a\u0430 \u043f\u043e \u0446\u0432\u0435\u0442\u043e\u0447\u043d\u044b\u043c \u043b\u0443\u0433\u0430\u043c, \u043c\u0430\u043d\u0433\u0440\u043e\u0432\u044b\u0435 \u043b\u0430\u0431\u0438\u0440\u0438\u043d\u0442\u044b, \u0432\u0443\u043b\u043a\u0430\u043d\u0438\u0447\u0435\u0441\u043a\u0438\u0435 \u043f\u0435\u0439\u0437\u0430\u0436\u0438 \u0438 \u043c\u0430\u0433\u0438\u044f \u0437\u0430\u043a\u0430\u0442\u0430 \u2014 \u0432\u0441\u0451 \u0434\u043b\u044f \u044f\u0440\u043a\u0438\u0445 \u0432\u043f\u0435\u0447\u0430\u0442\u043b\u0435\u043d\u0438\u0439 \u0438 \u0444\u043e\u0442\u043e\u0433\u0440\u0430\u0444\u0438\u0439.<\/p>\n<p data-start=\"474\" data-end=\"809\"><strong>Program z\u00e1jezdu:<\/strong><\/p>\n<ul>\n<li data-start=\"639\" data-end=\"711\">\n<p data-start=\"641\" data-end=\"711\">\u041f\u0440\u043e\u0433\u0443\u043b\u043a\u0430 \u043f\u043e \u0446\u0432\u0435\u0442\u043e\u0447\u043d\u044b\u043c \u043b\u0443\u0433\u0430\u043c \u0432 \u043f\u0430\u0440\u043a\u0435 Map Ta Phut, \u0430\u043b\u044c\u043f\u0438\u0439\u0441\u043a\u0430\u044f \u043f\u0440\u043e\u0445\u043b\u0430\u0434\u0430<\/p>\n<\/li>\n<li data-start=\"712\" data-end=\"786\">\n<p data-start=\"714\" data-end=\"786\">\u041f\u0443\u0442\u0435\u0448\u0435\u0441\u0442\u0432\u0438\u0435 \u043d\u0430 \u043c\u043e\u0442\u043e\u0440\u043d\u043e\u0439 \u043b\u043e\u0434\u043a\u0435 \u043f\u043e \u043c\u0430\u043d\u0433\u0440\u043e\u0432\u044b\u043c \u043b\u0430\u0431\u0438\u0440\u0438\u043d\u0442\u0430\u043c \u0421\u0438\u0430\u043c\u0441\u043a\u043e\u0433\u043e \u0437\u0430\u043b\u0438\u0432\u0430<\/p>\n<\/li>\n<li data-start=\"787\" data-end=\"826\">\n<p data-start=\"789\" data-end=\"826\">\u041e\u0441\u043c\u043e\u0442\u0440 \u0431\u043e\u0435\u0432\u043e\u0433\u043e \u043a\u043e\u0440\u0430\u0431\u043b\u044f \u0412\u041c\u0424 \u0422\u0430\u0438\u043b\u0430\u043d\u0434\u0430<\/p>\n<\/li>\n<li data-start=\"827\" data-end=\"911\">\n<p data-start=\"829\" data-end=\"911\">\u041e\u0431\u0435\u0434 \u0432 \u044d\u043a\u0437\u043e\u0442\u0438\u0447\u0435\u0441\u043a\u043e\u043c \u0440\u0435\u0441\u0442\u043e\u0440\u0430\u043d\u0435 \u00ab\u0427\u0451\u0440\u043d\u044b\u0439 \u043b\u0435\u0431\u0435\u0434\u044c\u00bb \u0441\u0440\u0435\u0434\u0438 \u0434\u0436\u0443\u043d\u0433\u043b\u0435\u0439, \u0440\u0443\u0447\u044c\u0435\u0432 \u0438 \u0432\u043e\u0434\u043e\u043f\u0430\u0434\u043e\u0432<\/p>\n<\/li>\n<li data-start=\"912\" data-end=\"1029\">\n<p data-start=\"914\" data-end=\"1029\">\u041d\u0430\u0446\u0438\u043e\u043d\u0430\u043b\u044c\u043d\u044b\u0439 \u043f\u0430\u0440\u043a Khao Laem Ya: \u0441\u0442\u0435\u043a\u043b\u044f\u043d\u043d\u044b\u0435 \u043f\u0435\u0448\u0435\u0445\u043e\u0434\u043d\u044b\u0435 \u0434\u043e\u0440\u043e\u0436\u043a\u0438 \u043d\u0430\u0434 \u043c\u043e\u0440\u0441\u043a\u0438\u043c \u043f\u0440\u0438\u0431\u043e\u0435\u043c, \u043b\u0430\u0432\u043e\u0432\u044b\u0435 \u043f\u043e\u043b\u044f \u043f\u043e\u0442\u0443\u0445\u0448\u0435\u0433\u043e \u0432\u0443\u043b\u043a\u0430\u043d\u0430<\/p>\n<\/li>\n<li data-start=\"1030\" data-end=\"1084\">\n<p data-start=\"1032\" data-end=\"1084\">\u041f\u043e\u0441\u0435\u0449\u0435\u043d\u0438\u0435 \u0441\u0442\u0435\u043a\u043e\u043b\u044c\u043d\u043e\u0439 \u0444\u0430\u0431\u0440\u0438\u043a\u0438 Lotus Crystal Factory<\/p>\n<\/li>\n<li data-start=\"1085\" data-end=\"1171\">\n<p data-start=\"1087\" data-end=\"1171\">\u0425\u0440\u0430\u043c \u041b\u0435\u0436\u0430\u0447\u0435\u0433\u043e \u0411\u0443\u0434\u0434\u044b Wat Nong Wa Makham Khu \u043d\u0430 \u0437\u0430\u043a\u0430\u0442\u0435, \u0432\u043e\u0437\u043c\u043e\u0436\u043d\u043e\u0441\u0442\u044c \u0437\u0430\u0433\u0430\u0434\u0430\u0442\u044c \u0436\u0435\u043b\u0430\u043d\u0438\u0435<\/p>\n<\/li>\n<\/ul>\n<p><strong>V\u010detn\u011b:<\/strong><\/p>\n<ul>\n<li>Transfer z hotelu a do hotelu<\/li>\n<li>rusky mluv\u00edc\u00ed pr\u016fvodce<\/li>\n<li>V\u0161echny vstupenky<\/li>\n<li>Pohodln\u00fd autobus<\/li>\n<li>\u041f\u0438\u0442\u0430\u043d\u0438\u0435 \u043f\u043e \u043f\u0440\u043e\u0433\u0440\u0430\u043c\u043c\u0435<\/li>\n<li>Poji\u0161t\u011bn\u00ed<\/li>\n<\/ul>\n<p><strong>Vezm\u011bte si ji s sebou:<\/strong><\/p>\n<ul>\n<li>Kopie pasu<\/li>\n<li>Pohodln\u00e1 obuv<\/li>\n<li>\u041e\u0434\u0435\u0436\u0434\u0443 \u0441 \u0437\u0430\u043a\u0440\u044b\u0442\u044b\u043c\u0438 \u043f\u043b\u0435\u0447\u0430\u043c\u0438 \u0438 \u043a\u043e\u043b\u0435\u043d\u044f\u043c\u0438<\/li>\n<li>foto\/video kamera<\/li>\n<li>Pokr\u00fdvka hlavy<\/li>\n<li>Pen\u00edze na osobn\u00ed v\u00fddaje<\/li>\n<\/ul>\n<p><strong>Dal\u0161\u00ed informace:<\/strong><\/p>\n<ul>\n<li>\u041a \u043f\u043e\u0435\u0437\u0434\u043a\u0435 \u0434\u043e\u043f\u0443\u0441\u043a\u0430\u044e\u0442\u0441\u044f \u0442\u043e\u043b\u044c\u043a\u043e \u0442\u0440\u0435\u0437\u0432\u044b\u0435 \u0443\u0447\u0430\u0441\u0442\u043d\u0438\u043a\u0438. \u041b\u0438\u0446\u0430 \u0432 \u0441\u043e\u0441\u0442\u043e\u044f\u043d\u0438\u0438 \u0430\u043b\u043a\u043e\u0433\u043e\u043b\u044c\u043d\u043e\u0433\u043e \u0438\u043b\u0438 \u043d\u0430\u0440\u043a\u043e\u0442\u0438\u0447\u0435\u0441\u043a\u043e\u0433\u043e \u043e\u043f\u044c\u044f\u043d\u0435\u043d\u0438\u044f \u043a \u0442\u0443\u0440\u0443 \u043d\u0435 \u0434\u043e\u043f\u0443\u0441\u043a\u0430\u044e\u0442\u0441\u044f.<\/li>\n<\/ul>","protected":false},"excerpt":{"rendered":"<p><strong>Doba prohl\u00eddky:<\/strong> \u0441 08:00 \u2014 \u0434\u043e 21:00<br \/>\n<strong>Dny zadr\u017een\u00ed:<\/strong> \u043f\u043e\u043d\u0435\u0434\u0435\u043b\u044c\u043d\u0438\u043a, \u0432\u0442\u043e\u0440\u043d\u0438\u043a, \u0441\u0440\u0435\u0434\u0430, \u0447\u0435\u0442\u0432\u0435\u0440\u0433, \u043f\u044f\u0442\u043d\u0438\u0446\u0430, \u0441\u0443\u0431\u0431\u043e\u0442\u0430<\/p>","protected":false},"featured_media":67158,"template":"","meta":{"_kad_post_transparent":"default","_kad_post_title":"","_kad_post_layout":"default","_kad_post_sidebar_id":"","_kad_post_content_style":"default","_kad_post_vertical_padding":"default","_kad_post_feature":"","_kad_post_feature_position":"","_kad_post_header":false,"_kad_post_footer":false,"_kad_post_classname":"","_glsr_average":0,"_glsr_ranking":0,"_glsr_reviews":0},"product_brand":[],"product_cat":[507],"product_tag":[],"class_list":{"0":"post-67154","1":"product","2":"type-product","3":"status-publish","4":"has-post-thumbnail","6":"product_cat-pattaya","7":"tm-has-options","9":"first","10":"instock","11":"sold-individually","12":"taxable","13":"shipping-taxable","14":"purchasable","15":"product-type-simple","16":"entry","17":"content-bg","18":"loop-entry"},"yoast_head":"<!-- This site is optimized with the Yoast SEO plugin v27.3 - https:\/\/yoast.com\/product\/yoast-seo-wordpress\/ -->\n<title>\u0417\u043e\u043b\u043e\u0442\u043e\u0439 \u041c\u0430\u043d\u0433\u0440\u043e\u0432\u044b\u0439 \u041b\u0435\u0441 &#8226; \u042d\u043a\u0441\u043a\u0443\u0440\u0441\u0438\u0438 Skyline<\/title>\n<meta name=\"robots\" content=\"index, follow, max-snippet:-1, max-image-preview:large, max-video-preview:-1\" \/>\n<link rel=\"canonical\" href=\"http:\/\/skyline-gs.com\/cs\/produkt\/golden-mangrove-forest\/\" \/>\n<meta property=\"og:locale\" content=\"cs_CZ\" \/>\n<meta property=\"og:type\" content=\"article\" \/>\n<meta property=\"og:title\" content=\"\u0417\u043e\u043b\u043e\u0442\u043e\u0439 \u041c\u0430\u043d\u0433\u0440\u043e\u0432\u044b\u0439 \u041b\u0435\u0441 &#8226; \u042d\u043a\u0441\u043a\u0443\u0440\u0441\u0438\u0438 Skyline\" \/>\n<meta property=\"og:description\" content=\"\u0412\u0440\u0435\u043c\u044f \u0442\u0443\u0440\u0430: \u0441 08:00 \u2014 \u0434\u043e 21:00 \u0414\u043d\u0438 \u043f\u0440\u043e\u0432\u0435\u0434\u0435\u043d\u0438\u044f: \u043f\u043e\u043d\u0435\u0434\u0435\u043b\u044c\u043d\u0438\u043a, \u0432\u0442\u043e\u0440\u043d\u0438\u043a, \u0441\u0440\u0435\u0434\u0430, \u0447\u0435\u0442\u0432\u0435\u0440\u0433, \u043f\u044f\u0442\u043d\u0438\u0446\u0430, \u0441\u0443\u0431\u0431\u043e\u0442\u0430\" \/>\n<meta property=\"og:url\" content=\"http:\/\/skyline-gs.com\/cs\/produkt\/golden-mangrove-forest\/\" \/>\n<meta property=\"og:site_name\" content=\"\u042d\u043a\u0441\u043a\u0443\u0440\u0441\u0438\u0438 Skyline\" \/>\n<meta property=\"article:modified_time\" content=\"2025-10-06T23:12:20+00:00\" \/>\n<meta property=\"og:image\" content=\"https:\/\/skyline-gs.com\/wp-content\/uploads\/2025\/10\/646f558ce5a415045ada925d.640x480.jpeg\" \/>\n\t<meta property=\"og:image:width\" content=\"640\" \/>\n\t<meta property=\"og:image:height\" content=\"480\" \/>\n\t<meta property=\"og:image:type\" content=\"image\/jpeg\" \/>\n<meta name=\"twitter:card\" content=\"summary_large_image\" \/>\n<meta name=\"twitter:label1\" content=\"Odhadovan\u00e1 doba \u010dten\u00ed\" \/>\n\t<meta name=\"twitter:data1\" content=\"2 minuty\" \/>\n<script type=\"application\/ld+json\" class=\"yoast-schema-graph\">{\"@context\":\"https:\\\/\\\/schema.org\",\"@graph\":[{\"@type\":\"WebPage\",\"@id\":\"http:\\\/\\\/skyline-gs.com\\\/hu\\\/termek\\\/golden-mangrove-forest\\\/\",\"url\":\"http:\\\/\\\/skyline-gs.com\\\/hu\\\/termek\\\/golden-mangrove-forest\\\/\",\"name\":\"\u0417\u043e\u043b\u043e\u0442\u043e\u0439 \u041c\u0430\u043d\u0433\u0440\u043e\u0432\u044b\u0439 \u041b\u0435\u0441 &#8226; \u042d\u043a\u0441\u043a\u0443\u0440\u0441\u0438\u0438 Skyline\",\"isPartOf\":{\"@id\":\"https:\\\/\\\/skyline-gs.com\\\/it\\\/#website\"},\"primaryImageOfPage\":{\"@id\":\"http:\\\/\\\/skyline-gs.com\\\/hu\\\/termek\\\/golden-mangrove-forest\\\/#primaryimage\"},\"image\":{\"@id\":\"http:\\\/\\\/skyline-gs.com\\\/hu\\\/termek\\\/golden-mangrove-forest\\\/#primaryimage\"},\"thumbnailUrl\":\"https:\\\/\\\/skyline-gs.com\\\/wp-content\\\/uploads\\\/2025\\\/10\\\/646f558ce5a415045ada925d.640x480.jpeg\",\"datePublished\":\"2025-10-06T23:02:18+00:00\",\"dateModified\":\"2025-10-06T23:12:20+00:00\",\"breadcrumb\":{\"@id\":\"http:\\\/\\\/skyline-gs.com\\\/hu\\\/termek\\\/golden-mangrove-forest\\\/#breadcrumb\"},\"inLanguage\":\"cs\",\"potentialAction\":[{\"@type\":\"ReadAction\",\"target\":[\"http:\\\/\\\/skyline-gs.com\\\/hu\\\/termek\\\/golden-mangrove-forest\\\/\"]}]},{\"@type\":\"ImageObject\",\"inLanguage\":\"cs\",\"@id\":\"http:\\\/\\\/skyline-gs.com\\\/hu\\\/termek\\\/golden-mangrove-forest\\\/#primaryimage\",\"url\":\"https:\\\/\\\/skyline-gs.com\\\/wp-content\\\/uploads\\\/2025\\\/10\\\/646f558ce5a415045ada925d.640x480.jpeg\",\"contentUrl\":\"https:\\\/\\\/skyline-gs.com\\\/wp-content\\\/uploads\\\/2025\\\/10\\\/646f558ce5a415045ada925d.640x480.jpeg\",\"width\":640,\"height\":480},{\"@type\":\"BreadcrumbList\",\"@id\":\"http:\\\/\\\/skyline-gs.com\\\/hu\\\/termek\\\/golden-mangrove-forest\\\/#breadcrumb\",\"itemListElement\":[{\"@type\":\"ListItem\",\"position\":1,\"name\":\"\u0413\u043b\u0430\u0432\u043d\u0430\u044f \u0441\u0442\u0440\u0430\u043d\u0438\u0446\u0430\",\"item\":\"https:\\\/\\\/skyline-gs.com\\\/hu\\\/\"},{\"@type\":\"ListItem\",\"position\":2,\"name\":\"\u041c\u0430\u0433\u0430\u0437\u0438\u043d\",\"item\":\"https:\\\/\\\/skyline-gs.com\\\/cs\\\/shop\\\/\"},{\"@type\":\"ListItem\",\"position\":3,\"name\":\"\u0417\u043e\u043b\u043e\u0442\u043e\u0439 \u041c\u0430\u043d\u0433\u0440\u043e\u0432\u044b\u0439 \u041b\u0435\u0441\"}]},{\"@type\":\"WebSite\",\"@id\":\"https:\\\/\\\/skyline-gs.com\\\/it\\\/#website\",\"url\":\"https:\\\/\\\/skyline-gs.com\\\/it\\\/\",\"name\":\"\u042d\u043a\u0441\u043a\u0443\u0440\u0441\u0438\u0438 Skyline\",\"description\":\"\u042d\u043a\u0441\u043a\u043b\u044e\u0437\u0438\u0432\u043d\u044b\u0435 \u044d\u043a\u0441\u043a\u0443\u0440\u0441\u0438\u0438 \u043d\u0430 \u043b\u0443\u0447\u0448\u0438\u0445 \u043a\u0443\u0440\u043e\u0440\u0442\u0430\u0445 \u043c\u0438\u0440\u0430\",\"publisher\":{\"@id\":\"https:\\\/\\\/skyline-gs.com\\\/it\\\/#organization\"},\"alternateName\":\"Skyline\",\"potentialAction\":[{\"@type\":\"SearchAction\",\"target\":{\"@type\":\"EntryPoint\",\"urlTemplate\":\"https:\\\/\\\/skyline-gs.com\\\/it\\\/?s={search_term_string}\"},\"query-input\":{\"@type\":\"PropertyValueSpecification\",\"valueRequired\":true,\"valueName\":\"search_term_string\"}}],\"inLanguage\":\"cs\"},{\"@type\":\"Organization\",\"@id\":\"https:\\\/\\\/skyline-gs.com\\\/it\\\/#organization\",\"name\":\"\u042d\u043a\u0441\u043a\u0443\u0440\u0441\u0438\u0438 Skyline\",\"alternateName\":\"\u042d\u043a\u0441\u043a\u0443\u0440\u0441\u0438\u0438 Skyline\",\"url\":\"https:\\\/\\\/skyline-gs.com\\\/it\\\/\",\"logo\":{\"@type\":\"ImageObject\",\"inLanguage\":\"cs\",\"@id\":\"https:\\\/\\\/skyline-gs.com\\\/it\\\/#\\\/schema\\\/logo\\\/image\\\/\",\"url\":\"https:\\\/\\\/skyline-gs.com\\\/wp-content\\\/uploads\\\/2020\\\/12\\\/cropped-logo-2.png\",\"contentUrl\":\"https:\\\/\\\/skyline-gs.com\\\/wp-content\\\/uploads\\\/2020\\\/12\\\/cropped-logo-2.png\",\"width\":512,\"height\":512,\"caption\":\"\u042d\u043a\u0441\u043a\u0443\u0440\u0441\u0438\u0438 Skyline\"},\"image\":{\"@id\":\"https:\\\/\\\/skyline-gs.com\\\/it\\\/#\\\/schema\\\/logo\\\/image\\\/\"},\"sameAs\":[\"https:\\\/\\\/www.instagram.com\\\/skylineglobalservice\\\/\"]}]}<\/script>\n<!-- \/ Yoast SEO plugin. -->","yoast_head_json":{"title":"\u0417\u043e\u043b\u043e\u0442\u043e\u0439 \u041c\u0430\u043d\u0433\u0440\u043e\u0432\u044b\u0439 \u041b\u0435\u0441 &#8226; \u042d\u043a\u0441\u043a\u0443\u0440\u0441\u0438\u0438 Skyline","robots":{"index":"index","follow":"follow","max-snippet":"max-snippet:-1","max-image-preview":"max-image-preview:large","max-video-preview":"max-video-preview:-1"},"canonical":"http:\/\/skyline-gs.com\/cs\/produkt\/golden-mangrove-forest\/","og_locale":"cs_CZ","og_type":"article","og_title":"\u0417\u043e\u043b\u043e\u0442\u043e\u0439 \u041c\u0430\u043d\u0433\u0440\u043e\u0432\u044b\u0439 \u041b\u0435\u0441 &#8226; \u042d\u043a\u0441\u043a\u0443\u0440\u0441\u0438\u0438 Skyline","og_description":"\u0412\u0440\u0435\u043c\u044f \u0442\u0443\u0440\u0430: \u0441 08:00 \u2014 \u0434\u043e 21:00 \u0414\u043d\u0438 \u043f\u0440\u043e\u0432\u0435\u0434\u0435\u043d\u0438\u044f: \u043f\u043e\u043d\u0435\u0434\u0435\u043b\u044c\u043d\u0438\u043a, \u0432\u0442\u043e\u0440\u043d\u0438\u043a, \u0441\u0440\u0435\u0434\u0430, \u0447\u0435\u0442\u0432\u0435\u0440\u0433, \u043f\u044f\u0442\u043d\u0438\u0446\u0430, \u0441\u0443\u0431\u0431\u043e\u0442\u0430","og_url":"http:\/\/skyline-gs.com\/cs\/produkt\/golden-mangrove-forest\/","og_site_name":"\u042d\u043a\u0441\u043a\u0443\u0440\u0441\u0438\u0438 Skyline","article_modified_time":"2025-10-06T23:12:20+00:00","og_image":[{"width":640,"height":480,"url":"https:\/\/skyline-gs.com\/wp-content\/uploads\/2025\/10\/646f558ce5a415045ada925d.640x480.jpeg","type":"image\/jpeg"}],"twitter_card":"summary_large_image","twitter_misc":{"Odhadovan\u00e1 doba \u010dten\u00ed":"2 minuty"},"schema":{"@context":"https:\/\/schema.org","@graph":[{"@type":"WebPage","@id":"http:\/\/skyline-gs.com\/hu\/termek\/golden-mangrove-forest\/","url":"http:\/\/skyline-gs.com\/hu\/termek\/golden-mangrove-forest\/","name":"\u0417\u043e\u043b\u043e\u0442\u043e\u0439 \u041c\u0430\u043d\u0433\u0440\u043e\u0432\u044b\u0439 \u041b\u0435\u0441 &#8226; \u042d\u043a\u0441\u043a\u0443\u0440\u0441\u0438\u0438 Skyline","isPartOf":{"@id":"https:\/\/skyline-gs.com\/it\/#website"},"primaryImageOfPage":{"@id":"http:\/\/skyline-gs.com\/hu\/termek\/golden-mangrove-forest\/#primaryimage"},"image":{"@id":"http:\/\/skyline-gs.com\/hu\/termek\/golden-mangrove-forest\/#primaryimage"},"thumbnailUrl":"https:\/\/skyline-gs.com\/wp-content\/uploads\/2025\/10\/646f558ce5a415045ada925d.640x480.jpeg","datePublished":"2025-10-06T23:02:18+00:00","dateModified":"2025-10-06T23:12:20+00:00","breadcrumb":{"@id":"http:\/\/skyline-gs.com\/hu\/termek\/golden-mangrove-forest\/#breadcrumb"},"inLanguage":"cs","potentialAction":[{"@type":"ReadAction","target":["http:\/\/skyline-gs.com\/hu\/termek\/golden-mangrove-forest\/"]}]},{"@type":"ImageObject","inLanguage":"cs","@id":"http:\/\/skyline-gs.com\/hu\/termek\/golden-mangrove-forest\/#primaryimage","url":"https:\/\/skyline-gs.com\/wp-content\/uploads\/2025\/10\/646f558ce5a415045ada925d.640x480.jpeg","contentUrl":"https:\/\/skyline-gs.com\/wp-content\/uploads\/2025\/10\/646f558ce5a415045ada925d.640x480.jpeg","width":640,"height":480},{"@type":"BreadcrumbList","@id":"http:\/\/skyline-gs.com\/hu\/termek\/golden-mangrove-forest\/#breadcrumb","itemListElement":[{"@type":"ListItem","position":1,"name":"\u0413\u043b\u0430\u0432\u043d\u0430\u044f \u0441\u0442\u0440\u0430\u043d\u0438\u0446\u0430","item":"https:\/\/skyline-gs.com\/hu\/"},{"@type":"ListItem","position":2,"name":"\u041c\u0430\u0433\u0430\u0437\u0438\u043d","item":"https:\/\/skyline-gs.com\/cs\/shop\/"},{"@type":"ListItem","position":3,"name":"\u0417\u043e\u043b\u043e\u0442\u043e\u0439 \u041c\u0430\u043d\u0433\u0440\u043e\u0432\u044b\u0439 \u041b\u0435\u0441"}]},{"@type":"WebSite","@id":"https:\/\/skyline-gs.com\/it\/#website","url":"https:\/\/skyline-gs.com\/it\/","name":"Skyline V\u00fdlety","description":"Exkluzivn\u00ed v\u00fdlety do nejlep\u0161\u00edch sv\u011btov\u00fdch letovisek","publisher":{"@id":"https:\/\/skyline-gs.com\/it\/#organization"},"alternateName":"Skyline","potentialAction":[{"@type":"SearchAction","target":{"@type":"EntryPoint","urlTemplate":"https:\/\/skyline-gs.com\/it\/?s={search_term_string}"},"query-input":{"@type":"PropertyValueSpecification","valueRequired":true,"valueName":"search_term_string"}}],"inLanguage":"cs"},{"@type":"Organization","@id":"https:\/\/skyline-gs.com\/it\/#organization","name":"Skyline V\u00fdlety","alternateName":"\u042d\u043a\u0441\u043a\u0443\u0440\u0441\u0438\u0438 Skyline","url":"https:\/\/skyline-gs.com\/it\/","logo":{"@type":"ImageObject","inLanguage":"cs","@id":"https:\/\/skyline-gs.com\/it\/#\/schema\/logo\/image\/","url":"https:\/\/skyline-gs.com\/wp-content\/uploads\/2020\/12\/cropped-logo-2.png","contentUrl":"https:\/\/skyline-gs.com\/wp-content\/uploads\/2020\/12\/cropped-logo-2.png","width":512,"height":512,"caption":"\u042d\u043a\u0441\u043a\u0443\u0440\u0441\u0438\u0438 Skyline"},"image":{"@id":"https:\/\/skyline-gs.com\/it\/#\/schema\/logo\/image\/"},"sameAs":["https:\/\/www.instagram.com\/skylineglobalservice\/"]}]}},"_links":{"self":[{"href":"https:\/\/skyline-gs.com\/cs\/wp-json\/wp\/v2\/product\/67154","targetHints":{"allow":["GET"]}}],"collection":[{"href":"https:\/\/skyline-gs.com\/cs\/wp-json\/wp\/v2\/product"}],"about":[{"href":"https:\/\/skyline-gs.com\/cs\/wp-json\/wp\/v2\/types\/product"}],"version-history":[{"count":0,"href":"https:\/\/skyline-gs.com\/cs\/wp-json\/wp\/v2\/product\/67154\/revisions"}],"wp:featuredmedia":[{"embeddable":true,"href":"https:\/\/skyline-gs.com\/cs\/wp-json\/wp\/v2\/media\/67158"}],"wp:attachment":[{"href":"https:\/\/skyline-gs.com\/cs\/wp-json\/wp\/v2\/media?parent=67154"}],"wp:term":[{"taxonomy":"product_brand","embeddable":true,"href":"https:\/\/skyline-gs.com\/cs\/wp-json\/wp\/v2\/product_brand?post=67154"},{"taxonomy":"product_cat","embeddable":true,"href":"https:\/\/skyline-gs.com\/cs\/wp-json\/wp\/v2\/product_cat?post=67154"},{"taxonomy":"product_tag","embeddable":true,"href":"https:\/\/skyline-gs.com\/cs\/wp-json\/wp\/v2\/product_tag?post=67154"}],"curies":[{"name":"wp","href":"https:\/\/api.w.org\/{rel}","templated":true}]}}