{"id":66314,"date":"2025-09-22T23:42:19","date_gmt":"2025-09-22T21:42:19","guid":{"rendered":"http:\/\/skyline-gs.com\/?post_type=product&#038;p=66314"},"modified":"2026-02-15T15:37:37","modified_gmt":"2026-02-15T13:37:37","slug":"sighting-tour-of-phuket","status":"publish","type":"product","link":"https:\/\/skyline-gs.com\/cs\/product\/sighting-tour-of-phuket\/","title":{"rendered":"Prohl\u00eddka Phuketu"},"content":{"rendered":"<p>\u041b\u0451\u0433\u043a\u0430\u044f \u0438 \u043f\u043e\u0437\u043d\u0430\u0432\u0430\u0442\u0435\u043b\u044c\u043d\u0430\u044f \u043f\u0440\u043e\u0433\u0440\u0430\u043c\u043c\u0430 \u0434\u043b\u044f \u0437\u043d\u0430\u043a\u043e\u043c\u0441\u0442\u0432\u0430 \u0441 \u043e\u0441\u0442\u0440\u043e\u0432\u043e\u043c. \u041f\u0430\u043d\u043e\u0440\u0430\u043c\u043d\u044b\u0435 \u0432\u0438\u0434\u044b \u0441 \u043b\u0443\u0447\u0448\u0438\u0445 \u0441\u043c\u043e\u0442\u0440\u043e\u0432\u044b\u0445 \u043f\u043b\u043e\u0449\u0430\u0434\u043e\u043a, \u0445\u0440\u0430\u043c \u0412\u0430\u0442 \u0427\u0430\u043b\u043e\u043d\u0433, \u0441\u0442\u0430\u0440\u044b\u0439 \u0433\u043e\u0440\u043e\u0434 \u041f\u0445\u0443\u043a\u0435\u0442\u0430, \u0440\u044b\u043d\u043e\u043a \u043c\u043e\u0440\u0435\u043f\u0440\u043e\u0434\u0443\u043a\u0442\u043e\u0432 \u0438 \u0437\u043d\u0430\u043a\u043e\u043c\u0441\u0442\u0432\u043e \u0441 \u0436\u0438\u0432\u043e\u0442\u043d\u044b\u043c\u0438. \u041e\u0442\u043b\u0438\u0447\u043d\u044b\u0439 \u0432\u0430\u0440\u0438\u0430\u043d\u0442 \u0434\u043b\u044f \u0432\u0441\u0435\u0439 \u0441\u0435\u043c\u044c\u0438.<\/p>\n<p><strong data-start=\"464\" data-end=\"479\">8:45 \u2014 \u041e\u0442\u043f\u0440\u0430\u0432\u043b\u0435\u043d\u0438\u0435 \u0438\u0437 \u043b\u043e\u0431\u0431\u0438 \u0432\u0430\u0448\u0435\u0433\u043e \u043e\u0442\u0435\u043b\u044f \u043d\u0430 \u041f\u0445\u0443\u043a\u0435\u0442\u0435.<\/strong><\/p>\n<ul>\n<li data-start=\"403\" data-end=\"490\">09:30 \u2014 <strong>\u0421\u043c\u043e\u0442\u0440\u043e\u0432\u0430\u044f \u043f\u043b\u043e\u0449\u0430\u0434\u043a\u0430 Karon Viewpoint<\/strong>: \u0432\u0438\u0434\u044b \u043d\u0430 \u043f\u043b\u044f\u0436\u0438 \u041a\u0430\u0442\u0430 \u041d\u043e\u0439, \u041a\u0430\u0442\u0430 \u0438 \u041a\u0430\u0440\u043e\u043d.<\/li>\n<li data-start=\"493\" data-end=\"544\">10:00 \u2014 <strong>\u0421\u043c\u043e\u0442\u0440\u043e\u0432\u0430\u044f \u043f\u043b\u043e\u0449\u0430\u0434\u043a\u0430 \u0412\u0435\u0442\u0440\u044f\u043d\u0430\u044f \u041c\u0435\u043b\u044c\u043d\u0438\u0446\u0430<\/strong>.<\/li>\n<li data-start=\"547\" data-end=\"601\">10:30 \u2014 <strong>\u041c\u044b\u0441 \u041f\u0440\u043e\u043c\u0442\u0435\u043f<\/strong> \u2014 \u0441\u0430\u043c\u0430\u044f \u044e\u0436\u043d\u0430\u044f \u0442\u043e\u0447\u043a\u0430 \u041f\u0445\u0443\u043a\u0435\u0442\u0430.<\/li>\n<li data-start=\"604\" data-end=\"704\">10:50 \u2014 \u0420\u044b\u043d\u043e\u043a \u043c\u043e\u0440\u0441\u043a\u0438\u0445 \u0446\u044b\u0433\u0430\u043d <strong>\u0427\u0430\u043e \u041b\u0435<\/strong>: \u0441\u0432\u0435\u0436\u0438\u0435 \u043c\u043e\u0440\u0435\u043f\u0440\u043e\u0434\u0443\u043a\u0442\u044b (\u043a\u0440\u0435\u0432\u0435\u0442\u043a\u0438, \u043e\u043c\u0430\u0440\u044b, \u043a\u0430\u043b\u044c\u043c\u0430\u0440\u044b, \u043b\u0430\u043d\u0433\u0443\u0441\u0442\u044b).<\/li>\n<li data-start=\"707\" data-end=\"797\">11:20 \u2014 <strong>\u0421\u043c\u043e\u0442\u0440\u043e\u0432\u0430\u044f \u043f\u043b\u043e\u0449\u0430\u0434\u043a\u0430 Nak Kerd<\/strong> (\u0441\u0442\u0430\u0442\u0443\u044f \u0411\u043e\u043b\u044c\u0448\u043e\u0433\u043e \u0411\u0443\u0434\u0434\u044b \u0432\u0440\u0435\u043c\u0435\u043d\u043d\u043e \u043d\u0430 \u0440\u0435\u0441\u0442\u0430\u0432\u0440\u0430\u0446\u0438\u0438).<\/li>\n<li data-start=\"800\" data-end=\"839\">11:45 \u2014 <strong>\u041a\u043e\u0440\u043c\u043b\u0435\u043d\u0438\u0435 \u0441\u043b\u043e\u043d\u0451\u043d\u043a\u0430<\/strong>, \u0444\u043e\u0442\u043e.<\/li>\n<li data-start=\"842\" data-end=\"920\">12:30 \u2014 <strong>\u0425\u0440\u0430\u043c \u0412\u0430\u0442 \u0427\u0430\u043b\u043e\u043d\u0433<\/strong>: \u043f\u043e\u0437\u043e\u043b\u043e\u0442\u0430, \u043c\u043d\u043e\u0433\u043e\u0443\u0440\u043e\u0432\u043d\u0435\u0432\u044b\u0435 \u043a\u0440\u044b\u0448\u0438 \u0438 \u0431\u043e\u0433\u0430\u0442\u044b\u0439 \u0434\u0435\u043a\u043e\u0440.<\/li>\n<li data-start=\"923\" data-end=\"996\">13:05 \u2014 <strong>\u0423\u043b\u0438\u0446\u0430 \u0442\u0430\u0439\u0441\u043a\u043e\u0433\u043e \u0431\u043e\u043a\u0441\u0430<\/strong> (Muay Thai Street), \u0434\u043b\u0438\u043d\u043e\u0439 600 \u043c\u0435\u0442\u0440\u043e\u0432.<\/li>\n<li data-start=\"999\" data-end=\"1085\">13:25 \u2014 <strong>\u0421\u0442\u0430\u0440\u044b\u0439 \u0433\u043e\u0440\u043e\u0434 \u041f\u0445\u0443\u043a\u0435\u0442\u0430<\/strong>: \u043f\u0440\u043e\u0433\u0443\u043b\u043a\u0430 \u0441\u0440\u0435\u0434\u0438 \u043a\u0438\u0442\u0430\u0439\u0441\u043a\u043e-\u043f\u043e\u0440\u0442\u0443\u0433\u0430\u043b\u044c\u0441\u043a\u043e\u0439 \u0430\u0440\u0445\u0438\u0442\u0435\u043a\u0442\u0443\u0440\u044b.<\/li>\n<li data-start=\"1088\" data-end=\"1180\">14:00 \u2014 <strong>\u0421\u043c\u043e\u0442\u0440\u043e\u0432\u0430\u044f \u043f\u043b\u043e\u0449\u0430\u0434\u043a\u0430 \u043d\u0430 \u0433\u043e\u0440\u0435 \u0420\u0430\u043d\u0433 \u0425\u0438\u043b\u043b<\/strong>: \u0432\u0438\u0434\u044b \u043d\u0430 \u0433\u043e\u0440\u043e\u0434 \u0438 \u043a\u043e\u0440\u043c\u043b\u0435\u043d\u0438\u0435 \u0434\u0438\u043a\u0438\u0445 \u043e\u0431\u0435\u0437\u044c\u044f\u043d.<\/li>\n<\/ul>\n<p><strong>15:00 - N\u00e1vrat do hotelu.<\/strong><\/p>\n<p><strong>V\u010detn\u011b:<\/strong><\/p>\n<ul>\n<li data-start=\"972\" data-end=\"1002\">\u0422\u0440\u0430\u043d\u0441\u0444\u0435\u0440 \u043e\u0442 \u043e\u0442\u0435\u043b\u044f \u0438 \u043e\u0431\u0440\u0430\u0442\u043d\u043e.<\/li>\n<li data-start=\"1005\" data-end=\"1036\">\u0421\u043a\u043e\u0440\u043e\u0441\u0442\u043d\u043e\u0439 \u043a\u0430\u0442\u0435\u0440 \u043f\u043e \u043c\u0430\u0440\u0448\u0440\u0443\u0442\u0443.<\/li>\n<li data-start=\"1039\" data-end=\"1061\">rusky mluv\u00edc\u00ed pr\u016fvodce.<\/li>\n<li data-start=\"1064\" data-end=\"1112\">\u0421\u043d\u0430\u0440\u044f\u0436\u0435\u043d\u0438\u0435 \u0434\u043b\u044f \u0441\u043d\u043e\u0440\u043a\u043b\u0438\u043d\u0433\u0430, \u0441\u043f\u0430\u0441\u0430\u0442\u0435\u043b\u044c\u043d\u044b\u0439 \u0436\u0438\u043b\u0435\u0442.<\/li>\n<li data-start=\"1115\" data-end=\"1147\">\u041a\u0430\u0442\u0430\u043d\u0438\u0435 \u043d\u0430 \u043a\u0430\u043d\u043e\u044d \u0438\u043b\u0438 \u0441\u0430\u043f\u0431\u043e\u0440\u0434\u0435.<\/li>\n<li data-start=\"1150\" data-end=\"1199\">\u041e\u0431\u0435\u0434, \u0431\u0435\u0437\u0430\u043b\u043a\u043e\u0433\u043e\u043b\u044c\u043d\u044b\u0435 \u043d\u0430\u043f\u0438\u0442\u043a\u0438 \u0438 \u0444\u0440\u0443\u043a\u0442\u044b \u043d\u0430 \u0431\u043e\u0440\u0442\u0443.<\/li>\n<\/ul>\n<p data-start=\"1728\" data-end=\"1784\"><strong>Nen\u00ed sou\u010d\u00e1st\u00ed dod\u00e1vky:<\/strong><\/p>\n<ul>\n<li data-start=\"1792\" data-end=\"1807\">\u0424\u043e\u0442\u043e \u0438 \u0432\u0438\u0434\u0435\u043e.<\/li>\n<li data-start=\"1810\" data-end=\"1827\">\u041b\u0438\u0447\u043d\u044b\u0435 \u0440\u0430\u0441\u0445\u043e\u0434\u044b.<\/li>\n<\/ul>\n<p><strong>Vezm\u011bte si ji s sebou:<\/strong><\/p>\n<ul>\n<li data-start=\"1972\" data-end=\"2012\">Plavky, ru\u010dn\u00edk<\/li>\n<li data-start=\"1972\" data-end=\"2012\">Slune\u010dn\u00ed br\u00fdle a kr\u00e9m<\/li>\n<li data-start=\"1972\" data-end=\"2012\">Pokr\u00fdvka hlavy<\/li>\n<li data-start=\"1972\" data-end=\"2012\">Voda<\/li>\n<\/ul>\n<p><strong>Dal\u0161\u00ed informace:<\/strong><\/p>\n<ul>\n<li data-start=\"3527\" data-end=\"3679\">\u0411\u0435\u0440\u0435\u043c\u0435\u043d\u043d\u044b\u043c \u0436\u0435\u043d\u0449\u0438\u043d\u0430\u043c \u0441\u043e \u0441\u0440\u043e\u043a\u043e\u043c \u0431\u043e\u043b\u0435\u0435 3 \u043c\u0435\u0441\u044f\u0446\u0435\u0432 \u0443\u0447\u0430\u0441\u0442\u0438\u0435 \u0432 \u0442\u0443\u0440\u0435 \u0437\u0430\u043f\u0440\u0435\u0449\u0435\u043d\u043e (\u0432 \u0441\u043b\u0443\u0447\u0430\u0435 \u0441\u043e\u043a\u0440\u044b\u0442\u0438\u044f \u0444\u0430\u043a\u0442\u0430 \u0431\u0435\u0440\u0435\u043c\u0435\u043d\u043d\u043e\u0441\u0442\u0438 \u0432\u043e\u0437\u0432\u0440\u0430\u0442 \u0441\u0440\u0435\u0434\u0441\u0442\u0432 \u043d\u0435 \u043f\u0440\u043e\u0438\u0437\u0432\u043e\u0434\u0438\u0442\u0441\u044f).<\/li>\n<li data-start=\"3527\" data-end=\"3679\">\u041b\u0438\u0446\u0430 \u0432 \u0441\u043e\u0441\u0442\u043e\u044f\u043d\u0438\u0438 \u0430\u043b\u043a\u043e\u0433\u043e\u043b\u044c\u043d\u043e\u0433\u043e \u0438\u043b\u0438 \u043d\u0430\u0440\u043a\u043e\u0442\u0438\u0447\u0435\u0441\u043a\u043e\u0433\u043e \u043e\u043f\u044c\u044f\u043d\u0435\u043d\u0438\u044f \u043c\u043e\u0433\u0443\u0442 \u0431\u044b\u0442\u044c \u043d\u0435 \u0434\u043e\u043f\u0443\u0449\u0435\u043d\u044b \u043d\u0430 \u044d\u043a\u0441\u043a\u0443\u0440\u0441\u0438\u044e \u0441 \u043f\u043e\u0442\u0435\u0440\u0435\u0439 \u043e\u043f\u043b\u0430\u0447\u0435\u043d\u043d\u044b\u0445 \u0441\u0440\u0435\u0434\u0441\u0442\u0432.<\/li>\n<li data-start=\"3527\" data-end=\"3679\">\u041f\u0440\u043e\u0433\u0440\u0430\u043c\u043c\u0430 \u043c\u043e\u0436\u0435\u0442 \u0431\u044b\u0442\u044c \u0438\u0437\u043c\u0435\u043d\u0435\u043d\u0430 \u0438\u0437-\u0437\u0430 \u043f\u043e\u0433\u043e\u0434\u043d\u044b\u0445 \u0443\u0441\u043b\u043e\u0432\u0438\u0439 \u0438 \u0434\u0440\u0443\u0433\u0438\u0445 \u0444\u043e\u0440\u0441-\u043c\u0430\u0436\u043e\u0440\u043e\u0432.<\/li>\n<\/ul>","protected":false},"excerpt":{"rendered":"<p><strong>Doba prohl\u00eddky:<\/strong> 8:45 \u2014 15:00<\/p>\n<p><strong>Dny zadr\u017een\u00ed:<\/strong> Ka\u017ed\u00fd den.<\/p>","protected":false},"featured_media":66315,"template":"","meta":{"_kad_post_transparent":"default","_kad_post_title":"","_kad_post_layout":"default","_kad_post_sidebar_id":"","_kad_post_content_style":"default","_kad_post_vertical_padding":"default","_kad_post_feature":"","_kad_post_feature_position":"","_kad_post_header":false,"_kad_post_footer":false,"_kad_post_classname":"","_glsr_average":0,"_glsr_ranking":0,"_glsr_reviews":0},"product_brand":[],"product_cat":[506],"product_tag":[],"class_list":{"0":"post-66314","1":"product","2":"type-product","3":"status-publish","4":"has-post-thumbnail","6":"product_cat-phuket","7":"tm-has-options","9":"first","10":"instock","11":"sold-individually","12":"taxable","13":"shipping-taxable","14":"purchasable","15":"product-type-simple","16":"entry","17":"content-bg","18":"loop-entry"},"yoast_head":"<!-- This site is optimized with the Yoast SEO plugin v27.3 - https:\/\/yoast.com\/product\/yoast-seo-wordpress\/ -->\n<title>\u041e\u0431\u0437\u043e\u0440\u043d\u0430\u044f \u044d\u043a\u0441\u043a\u0443\u0440\u0441\u0438\u044f \u043f\u043e \u041f\u0445\u0443\u043a\u0435\u0442\u0443 &#8226; \u042d\u043a\u0441\u043a\u0443\u0440\u0441\u0438\u0438 Skyline<\/title>\n<meta name=\"robots\" content=\"index, follow, max-snippet:-1, max-image-preview:large, max-video-preview:-1\" \/>\n<link rel=\"canonical\" href=\"https:\/\/skyline-gs.com\/cs\/produkt\/sighting-tour-of-phuket\/\" \/>\n<meta property=\"og:locale\" content=\"cs_CZ\" \/>\n<meta property=\"og:type\" content=\"article\" \/>\n<meta property=\"og:title\" content=\"\u041e\u0431\u0437\u043e\u0440\u043d\u0430\u044f \u044d\u043a\u0441\u043a\u0443\u0440\u0441\u0438\u044f \u043f\u043e \u041f\u0445\u0443\u043a\u0435\u0442\u0443 &#8226; \u042d\u043a\u0441\u043a\u0443\u0440\u0441\u0438\u0438 Skyline\" \/>\n<meta property=\"og:description\" content=\"\u0412\u0440\u0435\u043c\u044f \u0442\u0443\u0440\u0430: 8:45 \u2014 15:00  \u0414\u043d\u0438 \u043f\u0440\u043e\u0432\u0435\u0434\u0435\u043d\u0438\u044f: \u041a\u0430\u0436\u0434\u044b\u0439 \u0434\u0435\u043d\u044c\" \/>\n<meta property=\"og:url\" content=\"https:\/\/skyline-gs.com\/cs\/produkt\/sighting-tour-of-phuket\/\" \/>\n<meta property=\"og:site_name\" content=\"\u042d\u043a\u0441\u043a\u0443\u0440\u0441\u0438\u0438 Skyline\" \/>\n<meta property=\"article:modified_time\" content=\"2026-02-15T13:37:37+00:00\" \/>\n<meta property=\"og:image\" content=\"https:\/\/skyline-gs.com\/wp-content\/uploads\/2025\/09\/thailand-phuket-sightseeing-tour-and-tiger-park-7.jpg\" \/>\n\t<meta property=\"og:image:width\" content=\"960\" \/>\n\t<meta property=\"og:image:height\" content=\"619\" \/>\n\t<meta property=\"og:image:type\" content=\"image\/jpeg\" \/>\n<meta name=\"twitter:card\" content=\"summary_large_image\" \/>\n<meta name=\"twitter:label1\" content=\"Odhadovan\u00e1 doba \u010dten\u00ed\" \/>\n\t<meta name=\"twitter:data1\" content=\"2 minuty\" \/>\n<script type=\"application\/ld+json\" class=\"yoast-schema-graph\">{\"@context\":\"https:\\\/\\\/schema.org\",\"@graph\":[{\"@type\":\"WebPage\",\"@id\":\"https:\\\/\\\/skyline-gs.com\\\/product\\\/sighting-tour-of-phuket\\\/\",\"url\":\"https:\\\/\\\/skyline-gs.com\\\/product\\\/sighting-tour-of-phuket\\\/\",\"name\":\"\u041e\u0431\u0437\u043e\u0440\u043d\u0430\u044f \u044d\u043a\u0441\u043a\u0443\u0440\u0441\u0438\u044f \u043f\u043e \u041f\u0445\u0443\u043a\u0435\u0442\u0443 &#8226; \u042d\u043a\u0441\u043a\u0443\u0440\u0441\u0438\u0438 Skyline\",\"isPartOf\":{\"@id\":\"https:\\\/\\\/skyline-gs.com\\\/it\\\/#website\"},\"primaryImageOfPage\":{\"@id\":\"https:\\\/\\\/skyline-gs.com\\\/product\\\/sighting-tour-of-phuket\\\/#primaryimage\"},\"image\":{\"@id\":\"https:\\\/\\\/skyline-gs.com\\\/product\\\/sighting-tour-of-phuket\\\/#primaryimage\"},\"thumbnailUrl\":\"https:\\\/\\\/skyline-gs.com\\\/wp-content\\\/uploads\\\/2025\\\/09\\\/thailand-phuket-sightseeing-tour-and-tiger-park-7.jpg\",\"datePublished\":\"2025-09-22T21:42:19+00:00\",\"dateModified\":\"2026-02-15T13:37:37+00:00\",\"breadcrumb\":{\"@id\":\"https:\\\/\\\/skyline-gs.com\\\/product\\\/sighting-tour-of-phuket\\\/#breadcrumb\"},\"inLanguage\":\"cs\",\"potentialAction\":[{\"@type\":\"ReadAction\",\"target\":[\"https:\\\/\\\/skyline-gs.com\\\/product\\\/sighting-tour-of-phuket\\\/\"]}]},{\"@type\":\"ImageObject\",\"inLanguage\":\"cs\",\"@id\":\"https:\\\/\\\/skyline-gs.com\\\/product\\\/sighting-tour-of-phuket\\\/#primaryimage\",\"url\":\"https:\\\/\\\/skyline-gs.com\\\/wp-content\\\/uploads\\\/2025\\\/09\\\/thailand-phuket-sightseeing-tour-and-tiger-park-7.jpg\",\"contentUrl\":\"https:\\\/\\\/skyline-gs.com\\\/wp-content\\\/uploads\\\/2025\\\/09\\\/thailand-phuket-sightseeing-tour-and-tiger-park-7.jpg\",\"width\":960,\"height\":619},{\"@type\":\"BreadcrumbList\",\"@id\":\"https:\\\/\\\/skyline-gs.com\\\/product\\\/sighting-tour-of-phuket\\\/#breadcrumb\",\"itemListElement\":[{\"@type\":\"ListItem\",\"position\":1,\"name\":\"\u0413\u043b\u0430\u0432\u043d\u0430\u044f \u0441\u0442\u0440\u0430\u043d\u0438\u0446\u0430\",\"item\":\"https:\\\/\\\/skyline-gs.com\\\/hu\\\/\"},{\"@type\":\"ListItem\",\"position\":2,\"name\":\"\u041c\u0430\u0433\u0430\u0437\u0438\u043d\",\"item\":\"https:\\\/\\\/skyline-gs.com\\\/cs\\\/shop\\\/\"},{\"@type\":\"ListItem\",\"position\":3,\"name\":\"\u041e\u0431\u0437\u043e\u0440\u043d\u0430\u044f \u044d\u043a\u0441\u043a\u0443\u0440\u0441\u0438\u044f \u043f\u043e \u041f\u0445\u0443\u043a\u0435\u0442\u0443\"}]},{\"@type\":\"WebSite\",\"@id\":\"https:\\\/\\\/skyline-gs.com\\\/it\\\/#website\",\"url\":\"https:\\\/\\\/skyline-gs.com\\\/it\\\/\",\"name\":\"\u042d\u043a\u0441\u043a\u0443\u0440\u0441\u0438\u0438 Skyline\",\"description\":\"\u042d\u043a\u0441\u043a\u043b\u044e\u0437\u0438\u0432\u043d\u044b\u0435 \u044d\u043a\u0441\u043a\u0443\u0440\u0441\u0438\u0438 \u043d\u0430 \u043b\u0443\u0447\u0448\u0438\u0445 \u043a\u0443\u0440\u043e\u0440\u0442\u0430\u0445 \u043c\u0438\u0440\u0430\",\"publisher\":{\"@id\":\"https:\\\/\\\/skyline-gs.com\\\/it\\\/#organization\"},\"alternateName\":\"Skyline\",\"potentialAction\":[{\"@type\":\"SearchAction\",\"target\":{\"@type\":\"EntryPoint\",\"urlTemplate\":\"https:\\\/\\\/skyline-gs.com\\\/it\\\/?s={search_term_string}\"},\"query-input\":{\"@type\":\"PropertyValueSpecification\",\"valueRequired\":true,\"valueName\":\"search_term_string\"}}],\"inLanguage\":\"cs\"},{\"@type\":\"Organization\",\"@id\":\"https:\\\/\\\/skyline-gs.com\\\/it\\\/#organization\",\"name\":\"\u042d\u043a\u0441\u043a\u0443\u0440\u0441\u0438\u0438 Skyline\",\"alternateName\":\"\u042d\u043a\u0441\u043a\u0443\u0440\u0441\u0438\u0438 Skyline\",\"url\":\"https:\\\/\\\/skyline-gs.com\\\/it\\\/\",\"logo\":{\"@type\":\"ImageObject\",\"inLanguage\":\"cs\",\"@id\":\"https:\\\/\\\/skyline-gs.com\\\/it\\\/#\\\/schema\\\/logo\\\/image\\\/\",\"url\":\"https:\\\/\\\/skyline-gs.com\\\/wp-content\\\/uploads\\\/2020\\\/12\\\/cropped-logo-2.png\",\"contentUrl\":\"https:\\\/\\\/skyline-gs.com\\\/wp-content\\\/uploads\\\/2020\\\/12\\\/cropped-logo-2.png\",\"width\":512,\"height\":512,\"caption\":\"\u042d\u043a\u0441\u043a\u0443\u0440\u0441\u0438\u0438 Skyline\"},\"image\":{\"@id\":\"https:\\\/\\\/skyline-gs.com\\\/it\\\/#\\\/schema\\\/logo\\\/image\\\/\"},\"sameAs\":[\"https:\\\/\\\/www.instagram.com\\\/skylineglobalservice\\\/\"]}]}<\/script>\n<!-- \/ Yoast SEO plugin. -->","yoast_head_json":{"title":"\u041e\u0431\u0437\u043e\u0440\u043d\u0430\u044f \u044d\u043a\u0441\u043a\u0443\u0440\u0441\u0438\u044f \u043f\u043e \u041f\u0445\u0443\u043a\u0435\u0442\u0443 &#8226; \u042d\u043a\u0441\u043a\u0443\u0440\u0441\u0438\u0438 Skyline","robots":{"index":"index","follow":"follow","max-snippet":"max-snippet:-1","max-image-preview":"max-image-preview:large","max-video-preview":"max-video-preview:-1"},"canonical":"https:\/\/skyline-gs.com\/cs\/produkt\/sighting-tour-of-phuket\/","og_locale":"cs_CZ","og_type":"article","og_title":"\u041e\u0431\u0437\u043e\u0440\u043d\u0430\u044f \u044d\u043a\u0441\u043a\u0443\u0440\u0441\u0438\u044f \u043f\u043e \u041f\u0445\u0443\u043a\u0435\u0442\u0443 &#8226; \u042d\u043a\u0441\u043a\u0443\u0440\u0441\u0438\u0438 Skyline","og_description":"\u0412\u0440\u0435\u043c\u044f \u0442\u0443\u0440\u0430: 8:45 \u2014 15:00  \u0414\u043d\u0438 \u043f\u0440\u043e\u0432\u0435\u0434\u0435\u043d\u0438\u044f: \u041a\u0430\u0436\u0434\u044b\u0439 \u0434\u0435\u043d\u044c","og_url":"https:\/\/skyline-gs.com\/cs\/produkt\/sighting-tour-of-phuket\/","og_site_name":"\u042d\u043a\u0441\u043a\u0443\u0440\u0441\u0438\u0438 Skyline","article_modified_time":"2026-02-15T13:37:37+00:00","og_image":[{"width":960,"height":619,"url":"https:\/\/skyline-gs.com\/wp-content\/uploads\/2025\/09\/thailand-phuket-sightseeing-tour-and-tiger-park-7.jpg","type":"image\/jpeg"}],"twitter_card":"summary_large_image","twitter_misc":{"Odhadovan\u00e1 doba \u010dten\u00ed":"2 minuty"},"schema":{"@context":"https:\/\/schema.org","@graph":[{"@type":"WebPage","@id":"https:\/\/skyline-gs.com\/product\/sighting-tour-of-phuket\/","url":"https:\/\/skyline-gs.com\/product\/sighting-tour-of-phuket\/","name":"\u041e\u0431\u0437\u043e\u0440\u043d\u0430\u044f \u044d\u043a\u0441\u043a\u0443\u0440\u0441\u0438\u044f \u043f\u043e \u041f\u0445\u0443\u043a\u0435\u0442\u0443 &#8226; \u042d\u043a\u0441\u043a\u0443\u0440\u0441\u0438\u0438 Skyline","isPartOf":{"@id":"https:\/\/skyline-gs.com\/it\/#website"},"primaryImageOfPage":{"@id":"https:\/\/skyline-gs.com\/product\/sighting-tour-of-phuket\/#primaryimage"},"image":{"@id":"https:\/\/skyline-gs.com\/product\/sighting-tour-of-phuket\/#primaryimage"},"thumbnailUrl":"https:\/\/skyline-gs.com\/wp-content\/uploads\/2025\/09\/thailand-phuket-sightseeing-tour-and-tiger-park-7.jpg","datePublished":"2025-09-22T21:42:19+00:00","dateModified":"2026-02-15T13:37:37+00:00","breadcrumb":{"@id":"https:\/\/skyline-gs.com\/product\/sighting-tour-of-phuket\/#breadcrumb"},"inLanguage":"cs","potentialAction":[{"@type":"ReadAction","target":["https:\/\/skyline-gs.com\/product\/sighting-tour-of-phuket\/"]}]},{"@type":"ImageObject","inLanguage":"cs","@id":"https:\/\/skyline-gs.com\/product\/sighting-tour-of-phuket\/#primaryimage","url":"https:\/\/skyline-gs.com\/wp-content\/uploads\/2025\/09\/thailand-phuket-sightseeing-tour-and-tiger-park-7.jpg","contentUrl":"https:\/\/skyline-gs.com\/wp-content\/uploads\/2025\/09\/thailand-phuket-sightseeing-tour-and-tiger-park-7.jpg","width":960,"height":619},{"@type":"BreadcrumbList","@id":"https:\/\/skyline-gs.com\/product\/sighting-tour-of-phuket\/#breadcrumb","itemListElement":[{"@type":"ListItem","position":1,"name":"\u0413\u043b\u0430\u0432\u043d\u0430\u044f \u0441\u0442\u0440\u0430\u043d\u0438\u0446\u0430","item":"https:\/\/skyline-gs.com\/hu\/"},{"@type":"ListItem","position":2,"name":"\u041c\u0430\u0433\u0430\u0437\u0438\u043d","item":"https:\/\/skyline-gs.com\/cs\/shop\/"},{"@type":"ListItem","position":3,"name":"\u041e\u0431\u0437\u043e\u0440\u043d\u0430\u044f \u044d\u043a\u0441\u043a\u0443\u0440\u0441\u0438\u044f \u043f\u043e \u041f\u0445\u0443\u043a\u0435\u0442\u0443"}]},{"@type":"WebSite","@id":"https:\/\/skyline-gs.com\/it\/#website","url":"https:\/\/skyline-gs.com\/it\/","name":"Skyline V\u00fdlety","description":"Exkluzivn\u00ed v\u00fdlety do nejlep\u0161\u00edch sv\u011btov\u00fdch letovisek","publisher":{"@id":"https:\/\/skyline-gs.com\/it\/#organization"},"alternateName":"Skyline","potentialAction":[{"@type":"SearchAction","target":{"@type":"EntryPoint","urlTemplate":"https:\/\/skyline-gs.com\/it\/?s={search_term_string}"},"query-input":{"@type":"PropertyValueSpecification","valueRequired":true,"valueName":"search_term_string"}}],"inLanguage":"cs"},{"@type":"Organization","@id":"https:\/\/skyline-gs.com\/it\/#organization","name":"Skyline V\u00fdlety","alternateName":"\u042d\u043a\u0441\u043a\u0443\u0440\u0441\u0438\u0438 Skyline","url":"https:\/\/skyline-gs.com\/it\/","logo":{"@type":"ImageObject","inLanguage":"cs","@id":"https:\/\/skyline-gs.com\/it\/#\/schema\/logo\/image\/","url":"https:\/\/skyline-gs.com\/wp-content\/uploads\/2020\/12\/cropped-logo-2.png","contentUrl":"https:\/\/skyline-gs.com\/wp-content\/uploads\/2020\/12\/cropped-logo-2.png","width":512,"height":512,"caption":"\u042d\u043a\u0441\u043a\u0443\u0440\u0441\u0438\u0438 Skyline"},"image":{"@id":"https:\/\/skyline-gs.com\/it\/#\/schema\/logo\/image\/"},"sameAs":["https:\/\/www.instagram.com\/skylineglobalservice\/"]}]}},"_links":{"self":[{"href":"https:\/\/skyline-gs.com\/cs\/wp-json\/wp\/v2\/product\/66314","targetHints":{"allow":["GET"]}}],"collection":[{"href":"https:\/\/skyline-gs.com\/cs\/wp-json\/wp\/v2\/product"}],"about":[{"href":"https:\/\/skyline-gs.com\/cs\/wp-json\/wp\/v2\/types\/product"}],"version-history":[{"count":0,"href":"https:\/\/skyline-gs.com\/cs\/wp-json\/wp\/v2\/product\/66314\/revisions"}],"wp:featuredmedia":[{"embeddable":true,"href":"https:\/\/skyline-gs.com\/cs\/wp-json\/wp\/v2\/media\/66315"}],"wp:attachment":[{"href":"https:\/\/skyline-gs.com\/cs\/wp-json\/wp\/v2\/media?parent=66314"}],"wp:term":[{"taxonomy":"product_brand","embeddable":true,"href":"https:\/\/skyline-gs.com\/cs\/wp-json\/wp\/v2\/product_brand?post=66314"},{"taxonomy":"product_cat","embeddable":true,"href":"https:\/\/skyline-gs.com\/cs\/wp-json\/wp\/v2\/product_cat?post=66314"},{"taxonomy":"product_tag","embeddable":true,"href":"https:\/\/skyline-gs.com\/cs\/wp-json\/wp\/v2\/product_tag?post=66314"}],"curies":[{"name":"wp","href":"https:\/\/api.w.org\/{rel}","templated":true}]}}