{"id":66189,"date":"2025-09-20T18:08:47","date_gmt":"2025-09-20T16:08:47","guid":{"rendered":"http:\/\/skyline-gs.com\/?post_type=product&#038;p=66189"},"modified":"2025-09-23T22:08:34","modified_gmt":"2025-09-23T20:08:34","slug":"chramovy-komplex-wat-yan","status":"publish","type":"product","link":"https:\/\/skyline-gs.com\/cs\/product\/wat-yan-temple-complex\/","title":{"rendered":"Chr\u00e1mov\u00fd komplex Wat Yang"},"content":{"rendered":"<p>Bohat\u00e1 prohl\u00eddka odhaluj\u00edc\u00ed mnohovrstevnatou kulturu a spiritualitu regionu. Nav\u0161t\u00edv\u00edte starobyl\u00e9 chr\u00e1my, kl\u00e1\u0161tery, uvid\u00edte buddhistick\u00e9 ritu\u00e1ly, kulturn\u00ed ob\u0159ady a m\u00edstn\u00ed tradice a budete m\u00edt mo\u017enost pono\u0159it se do atmosf\u00e9ry p\u0159\u00edrody a ticha.<\/p>\n<p data-start=\"474\" data-end=\"809\"><strong data-start=\"474\" data-end=\"488\">Program: <\/strong><\/p>\n<p data-start=\"1170\" data-end=\"1263\">V z\u00e1vislosti na zvolen\u00e9 variant\u011b odj\u00ed\u017ed\u00edte z hotelu r\u00e1no nebo odpoledne.<\/p>\n<p>B\u011bhem prohl\u00eddky:<\/p>\n<ul>\n<li>N\u00e1v\u0161t\u011bva vesnice karensk\u00fdch dlouhokrk\u00fdch \u017een - sezn\u00e1men\u00ed s tradicemi, od\u011bvy, legendami, \u017eensk\u00fdmi \u0159emesly.<\/li>\n<li data-start=\"1170\" data-end=\"1263\">N\u00e1v\u0161t\u011bva kl\u00e1\u0161tera Wat Yansangvararam: relaxa\u010dn\u00ed proch\u00e1zka po jeho are\u00e1lu s prohl\u00eddkou architektury a historie.<\/li>\n<li data-start=\"1170\" data-end=\"1263\">Muzeum voskov\u00fdch figur\u00edn osv\u00edcen\u00fdch mnich\u016f.<\/li>\n<li data-start=\"1170\" data-end=\"1263\">Lotosov\u00e9 jez\u00edrko a ritu\u00e1l \"O\u010di\u0161t\u011bn\u00ed karmy\": 200 krok\u016f pro duchovn\u00ed povznesen\u00ed, krmen\u00ed ryb, vypou\u0161t\u011bn\u00ed \u017eiv\u00fdch bytost\u00ed do vody - nepovinn\u00e9.<\/li>\n<li data-start=\"1170\" data-end=\"1263\">Hora zlat\u00e9ho Buddhy - Khao Chi Chan je obrovsk\u00fd zlat\u00fd buddhistick\u00fd obraz vytesan\u00fd do sk\u00e1ly.<\/li>\n<li data-start=\"1170\" data-end=\"1263\">Pokud je vybr\u00e1na mo\u017enost s kontaktn\u00ed zoologickou zahradou - je p\u0159id\u00e1na n\u00e1v\u0161t\u011bva zoologick\u00e9 zahrady, mo\u017enost interakce se zv\u00ed\u0159aty.<\/li>\n<li data-start=\"1170\" data-end=\"1263\">Pokud je sou\u010d\u00e1st\u00ed ritu\u00e1lu \"Poh\u0159eb selh\u00e1n\u00ed\", z\u00fa\u010dastn\u011bte se ob\u0159adu s po\u017eehn\u00e1n\u00edm a recitac\u00ed manter.<\/li>\n<\/ul>\n<p data-start=\"1233\" data-end=\"1656\"><strong style=\"font-family: var(--global-body-font-family);\">V\u010detn\u011b:<\/strong><\/p>\n<ul>\n<li>Transfer z hotelu a do hotelu<\/li>\n<li>V\u0161echny vstupenky podle programu<\/li>\n<li>rusky mluv\u00edc\u00ed pr\u016fvodce<\/li>\n<li><span style=\"font-family: var(--global-body-font-family);\">Poji\u0161t\u011bn\u00ed<\/span><\/li>\n<\/ul>\n<p><strong>Vezm\u011bte si ji s sebou:<\/strong><\/p>\n<ul>\n<li>Kopie pasu<\/li>\n<li>Oble\u010den\u00ed, kter\u00e9 zakr\u00fdv\u00e1 ramena a kolena.<\/li>\n<li>Pohodln\u00e1 obuv<\/li>\n<li>Pokr\u00fdvky hlavy, slune\u010dn\u00ed br\u00fdle<\/li>\n<li>foto\/video kamera<\/li>\n<li>Pen\u00edze na osobn\u00ed v\u00fddaje a p\u0159\u00edpadn\u00e9 p\u0159\u00edsp\u011bvky na ritu\u00e1ly, j\u00eddlo, suven\u00fdry.<\/li>\n<\/ul>\n<p data-start=\"2105\" data-end=\"2137\"><strong data-start=\"2105\" data-end=\"2135\">Dal\u0161\u00ed informace:<\/strong><\/p>\n<ul>\n<li>D\u011bti do 2-3 let (do ~90 cm) se obvykle \u00fa\u010dastn\u00ed zdarma, bez samostatn\u00e9ho m\u00edsta v autobuse.<\/li>\n<li>Program se m\u016f\u017ee li\u0161it: rann\u00ed a ve\u010dern\u00ed verze, verze na m\u00edru, kter\u00e9 zahrnuj\u00ed dal\u0161\u00ed mo\u017enosti.<\/li>\n<li>Ritu\u00e1ly spojen\u00e9 s karmou a poh\u0159b\u00edv\u00e1n\u00edm Selh\u00e1n\u00ed vy\u017eaduj\u00ed \u00fa\u010dast na p\u0159\u00e1n\u00ed a mohou b\u00fdt na m\u00edst\u011b zpoplatn\u011bny.<\/li>\n<\/ul>","protected":false},"excerpt":{"rendered":"<p><strong>Doba prohl\u00eddky:<\/strong><br \/>\nDopoledn\u00ed program od 8:00 do 15:00;<br \/>\nVe\u010dern\u00ed program prob\u00edh\u00e1 od 13:30 do 20:30.<br \/>\n<strong>Dny zadr\u017een\u00ed:<\/strong> Denn\u011b.<\/p>","protected":false},"featured_media":66197,"template":"","meta":{"_kad_post_transparent":"default","_kad_post_title":"","_kad_post_layout":"default","_kad_post_sidebar_id":"","_kad_post_content_style":"default","_kad_post_vertical_padding":"default","_kad_post_feature":"","_kad_post_feature_position":"","_kad_post_header":false,"_kad_post_footer":false,"_kad_post_classname":"","_glsr_average":0,"_glsr_ranking":0,"_glsr_reviews":0},"product_brand":[],"product_cat":[507],"product_tag":[],"class_list":{"0":"post-66189","1":"product","2":"type-product","3":"status-publish","4":"has-post-thumbnail","6":"product_cat-pattaya","7":"tm-has-options","9":"first","10":"instock","11":"sold-individually","12":"taxable","13":"shipping-taxable","14":"purchasable","15":"product-type-simple","16":"entry","17":"content-bg","18":"loop-entry"},"yoast_head":"<!-- This site is optimized with the Yoast SEO plugin v27.4 - https:\/\/yoast.com\/product\/yoast-seo-wordpress\/ -->\n<title>\u0425\u0440\u0430\u043c\u043e\u0432\u044b\u0439 \u043a\u043e\u043c\u043f\u043b\u0435\u043a\u0441 \u0412\u0430\u0442 \u042f\u043d &#8226; \u042d\u043a\u0441\u043a\u0443\u0440\u0441\u0438\u0438 Skyline<\/title>\n<meta name=\"robots\" content=\"index, follow, max-snippet:-1, max-image-preview:large, max-video-preview:-1\" \/>\n<link rel=\"canonical\" href=\"https:\/\/skyline-gs.com\/cs\/produkt\/chramovy-komplex-wat-yan\/\" \/>\n<meta property=\"og:locale\" content=\"cs_CZ\" \/>\n<meta property=\"og:type\" content=\"article\" \/>\n<meta property=\"og:title\" content=\"\u0425\u0440\u0430\u043c\u043e\u0432\u044b\u0439 \u043a\u043e\u043c\u043f\u043b\u0435\u043a\u0441 \u0412\u0430\u0442 \u042f\u043d &#8226; \u042d\u043a\u0441\u043a\u0443\u0440\u0441\u0438\u0438 Skyline\" \/>\n<meta property=\"og:description\" content=\"\u0412\u0440\u0435\u043c\u044f \u0442\u0443\u0440\u0430: \u0423\u0442\u0440\u0435\u043d\u043d\u044f\u044f \u043f\u0440\u043e\u0433\u0440\u0430\u043c\u043c\u0430 \u0441 8:00 \u0434\u043e 15:00; \u0412\u0435\u0447\u0435\u0440\u043d\u044f\u044f \u043f\u0440\u043e\u0433\u0440\u0430\u043c\u043c\u0430 \u2014 \u0441 13:30 \u0434\u043e 20:30. \u0414\u043d\u0438 \u043f\u0440\u043e\u0432\u0435\u0434\u0435\u043d\u0438\u044f: \u0415\u0436\u0435\u0434\u043d\u0435\u0432\u043d\u043e\" \/>\n<meta property=\"og:url\" content=\"https:\/\/skyline-gs.com\/cs\/produkt\/chramovy-komplex-wat-yan\/\" \/>\n<meta property=\"og:site_name\" content=\"\u042d\u043a\u0441\u043a\u0443\u0440\u0441\u0438\u0438 Skyline\" \/>\n<meta property=\"article:modified_time\" content=\"2025-09-23T20:08:34+00:00\" \/>\n<meta property=\"og:image\" content=\"https:\/\/skyline-gs.com\/wp-content\/uploads\/2025\/09\/img_8773_0.jpg-e1765911599291.webp\" \/>\n\t<meta property=\"og:image:width\" content=\"1108\" \/>\n\t<meta property=\"og:image:height\" content=\"740\" \/>\n\t<meta property=\"og:image:type\" content=\"image\/webp\" \/>\n<meta name=\"twitter:card\" content=\"summary_large_image\" \/>\n<meta name=\"twitter:label1\" content=\"Odhadovan\u00e1 doba \u010dten\u00ed\" \/>\n\t<meta name=\"twitter:data1\" content=\"2 minuty\" \/>\n<script type=\"application\/ld+json\" class=\"yoast-schema-graph\">{\"@context\":\"https:\\\/\\\/schema.org\",\"@graph\":[{\"@type\":\"WebPage\",\"@id\":\"https:\\\/\\\/skyline-gs.com\\\/de\\\/produkt\\\/wat-yan-temple-complex\\\/\",\"url\":\"https:\\\/\\\/skyline-gs.com\\\/de\\\/produkt\\\/wat-yan-temple-complex\\\/\",\"name\":\"\u0425\u0440\u0430\u043c\u043e\u0432\u044b\u0439 \u043a\u043e\u043c\u043f\u043b\u0435\u043a\u0441 \u0412\u0430\u0442 \u042f\u043d &#8226; \u042d\u043a\u0441\u043a\u0443\u0440\u0441\u0438\u0438 Skyline\",\"isPartOf\":{\"@id\":\"https:\\\/\\\/skyline-gs.com\\\/it\\\/#website\"},\"primaryImageOfPage\":{\"@id\":\"https:\\\/\\\/skyline-gs.com\\\/de\\\/produkt\\\/wat-yan-temple-complex\\\/#primaryimage\"},\"image\":{\"@id\":\"https:\\\/\\\/skyline-gs.com\\\/de\\\/produkt\\\/wat-yan-temple-complex\\\/#primaryimage\"},\"thumbnailUrl\":\"https:\\\/\\\/skyline-gs.com\\\/wp-content\\\/uploads\\\/2025\\\/09\\\/img_8773_0.jpg-e1765911599291.webp\",\"datePublished\":\"2025-09-20T16:08:47+00:00\",\"dateModified\":\"2025-09-23T20:08:34+00:00\",\"breadcrumb\":{\"@id\":\"https:\\\/\\\/skyline-gs.com\\\/de\\\/produkt\\\/wat-yan-temple-complex\\\/#breadcrumb\"},\"inLanguage\":\"cs\",\"potentialAction\":[{\"@type\":\"ReadAction\",\"target\":[\"https:\\\/\\\/skyline-gs.com\\\/de\\\/produkt\\\/wat-yan-temple-complex\\\/\"]}]},{\"@type\":\"ImageObject\",\"inLanguage\":\"cs\",\"@id\":\"https:\\\/\\\/skyline-gs.com\\\/de\\\/produkt\\\/wat-yan-temple-complex\\\/#primaryimage\",\"url\":\"https:\\\/\\\/skyline-gs.com\\\/wp-content\\\/uploads\\\/2025\\\/09\\\/img_8773_0.jpg-e1765911599291.webp\",\"contentUrl\":\"https:\\\/\\\/skyline-gs.com\\\/wp-content\\\/uploads\\\/2025\\\/09\\\/img_8773_0.jpg-e1765911599291.webp\",\"width\":1108,\"height\":740},{\"@type\":\"BreadcrumbList\",\"@id\":\"https:\\\/\\\/skyline-gs.com\\\/de\\\/produkt\\\/wat-yan-temple-complex\\\/#breadcrumb\",\"itemListElement\":[{\"@type\":\"ListItem\",\"position\":1,\"name\":\"\u0413\u043b\u0430\u0432\u043d\u0430\u044f \u0441\u0442\u0440\u0430\u043d\u0438\u0446\u0430\",\"item\":\"https:\\\/\\\/skyline-gs.com\\\/hu\\\/\"},{\"@type\":\"ListItem\",\"position\":2,\"name\":\"\u041c\u0430\u0433\u0430\u0437\u0438\u043d\",\"item\":\"https:\\\/\\\/skyline-gs.com\\\/cs\\\/shop\\\/\"},{\"@type\":\"ListItem\",\"position\":3,\"name\":\"\u0425\u0440\u0430\u043c\u043e\u0432\u044b\u0439 \u043a\u043e\u043c\u043f\u043b\u0435\u043a\u0441 \u0412\u0430\u0442 \u042f\u043d\"}]},{\"@type\":\"WebSite\",\"@id\":\"https:\\\/\\\/skyline-gs.com\\\/it\\\/#website\",\"url\":\"https:\\\/\\\/skyline-gs.com\\\/it\\\/\",\"name\":\"\u042d\u043a\u0441\u043a\u0443\u0440\u0441\u0438\u0438 Skyline\",\"description\":\"\u042d\u043a\u0441\u043a\u043b\u044e\u0437\u0438\u0432\u043d\u044b\u0435 \u044d\u043a\u0441\u043a\u0443\u0440\u0441\u0438\u0438 \u043d\u0430 \u043b\u0443\u0447\u0448\u0438\u0445 \u043a\u0443\u0440\u043e\u0440\u0442\u0430\u0445 \u043c\u0438\u0440\u0430\",\"publisher\":{\"@id\":\"https:\\\/\\\/skyline-gs.com\\\/it\\\/#organization\"},\"alternateName\":\"Skyline\",\"potentialAction\":[{\"@type\":\"SearchAction\",\"target\":{\"@type\":\"EntryPoint\",\"urlTemplate\":\"https:\\\/\\\/skyline-gs.com\\\/it\\\/?s={search_term_string}\"},\"query-input\":{\"@type\":\"PropertyValueSpecification\",\"valueRequired\":true,\"valueName\":\"search_term_string\"}}],\"inLanguage\":\"cs\"},{\"@type\":\"Organization\",\"@id\":\"https:\\\/\\\/skyline-gs.com\\\/it\\\/#organization\",\"name\":\"\u042d\u043a\u0441\u043a\u0443\u0440\u0441\u0438\u0438 Skyline\",\"alternateName\":\"\u042d\u043a\u0441\u043a\u0443\u0440\u0441\u0438\u0438 Skyline\",\"url\":\"https:\\\/\\\/skyline-gs.com\\\/it\\\/\",\"logo\":{\"@type\":\"ImageObject\",\"inLanguage\":\"cs\",\"@id\":\"https:\\\/\\\/skyline-gs.com\\\/it\\\/#\\\/schema\\\/logo\\\/image\\\/\",\"url\":\"https:\\\/\\\/skyline-gs.com\\\/wp-content\\\/uploads\\\/2020\\\/12\\\/cropped-logo-2.png\",\"contentUrl\":\"https:\\\/\\\/skyline-gs.com\\\/wp-content\\\/uploads\\\/2020\\\/12\\\/cropped-logo-2.png\",\"width\":512,\"height\":512,\"caption\":\"\u042d\u043a\u0441\u043a\u0443\u0440\u0441\u0438\u0438 Skyline\"},\"image\":{\"@id\":\"https:\\\/\\\/skyline-gs.com\\\/it\\\/#\\\/schema\\\/logo\\\/image\\\/\"},\"sameAs\":[\"https:\\\/\\\/www.instagram.com\\\/skylineglobalservice\\\/\"]}]}<\/script>\n<!-- \/ Yoast SEO plugin. -->","yoast_head_json":{"title":"Chr\u00e1mov\u00fd komplex Wat Yang - Skyline Tours","robots":{"index":"index","follow":"follow","max-snippet":"max-snippet:-1","max-image-preview":"max-image-preview:large","max-video-preview":"max-video-preview:-1"},"canonical":"https:\/\/skyline-gs.com\/cs\/produkt\/chramovy-komplex-wat-yan\/","og_locale":"cs_CZ","og_type":"article","og_title":"\u0425\u0440\u0430\u043c\u043e\u0432\u044b\u0439 \u043a\u043e\u043c\u043f\u043b\u0435\u043a\u0441 \u0412\u0430\u0442 \u042f\u043d &#8226; \u042d\u043a\u0441\u043a\u0443\u0440\u0441\u0438\u0438 Skyline","og_description":"\u0412\u0440\u0435\u043c\u044f \u0442\u0443\u0440\u0430: \u0423\u0442\u0440\u0435\u043d\u043d\u044f\u044f \u043f\u0440\u043e\u0433\u0440\u0430\u043c\u043c\u0430 \u0441 8:00 \u0434\u043e 15:00; \u0412\u0435\u0447\u0435\u0440\u043d\u044f\u044f \u043f\u0440\u043e\u0433\u0440\u0430\u043c\u043c\u0430 \u2014 \u0441 13:30 \u0434\u043e 20:30. \u0414\u043d\u0438 \u043f\u0440\u043e\u0432\u0435\u0434\u0435\u043d\u0438\u044f: \u0415\u0436\u0435\u0434\u043d\u0435\u0432\u043d\u043e","og_url":"https:\/\/skyline-gs.com\/cs\/produkt\/chramovy-komplex-wat-yan\/","og_site_name":"\u042d\u043a\u0441\u043a\u0443\u0440\u0441\u0438\u0438 Skyline","article_modified_time":"2025-09-23T20:08:34+00:00","og_image":[{"width":1108,"height":740,"url":"https:\/\/skyline-gs.com\/wp-content\/uploads\/2025\/09\/img_8773_0.jpg-e1765911599291.webp","type":"image\/webp"}],"twitter_card":"summary_large_image","twitter_misc":{"Odhadovan\u00e1 doba \u010dten\u00ed":"2 minuty"},"schema":{"@context":"https:\/\/schema.org","@graph":[{"@type":"WebPage","@id":"https:\/\/skyline-gs.com\/de\/produkt\/wat-yan-temple-complex\/","url":"https:\/\/skyline-gs.com\/de\/produkt\/wat-yan-temple-complex\/","name":"Chr\u00e1mov\u00fd komplex Wat Yang - Skyline Tours","isPartOf":{"@id":"https:\/\/skyline-gs.com\/it\/#website"},"primaryImageOfPage":{"@id":"https:\/\/skyline-gs.com\/de\/produkt\/wat-yan-temple-complex\/#primaryimage"},"image":{"@id":"https:\/\/skyline-gs.com\/de\/produkt\/wat-yan-temple-complex\/#primaryimage"},"thumbnailUrl":"https:\/\/skyline-gs.com\/wp-content\/uploads\/2025\/09\/img_8773_0.jpg-e1765911599291.webp","datePublished":"2025-09-20T16:08:47+00:00","dateModified":"2025-09-23T20:08:34+00:00","breadcrumb":{"@id":"https:\/\/skyline-gs.com\/de\/produkt\/wat-yan-temple-complex\/#breadcrumb"},"inLanguage":"cs","potentialAction":[{"@type":"ReadAction","target":["https:\/\/skyline-gs.com\/de\/produkt\/wat-yan-temple-complex\/"]}]},{"@type":"ImageObject","inLanguage":"cs","@id":"https:\/\/skyline-gs.com\/de\/produkt\/wat-yan-temple-complex\/#primaryimage","url":"https:\/\/skyline-gs.com\/wp-content\/uploads\/2025\/09\/img_8773_0.jpg-e1765911599291.webp","contentUrl":"https:\/\/skyline-gs.com\/wp-content\/uploads\/2025\/09\/img_8773_0.jpg-e1765911599291.webp","width":1108,"height":740},{"@type":"BreadcrumbList","@id":"https:\/\/skyline-gs.com\/de\/produkt\/wat-yan-temple-complex\/#breadcrumb","itemListElement":[{"@type":"ListItem","position":1,"name":"\u0413\u043b\u0430\u0432\u043d\u0430\u044f \u0441\u0442\u0440\u0430\u043d\u0438\u0446\u0430","item":"https:\/\/skyline-gs.com\/hu\/"},{"@type":"ListItem","position":2,"name":"\u041c\u0430\u0433\u0430\u0437\u0438\u043d","item":"https:\/\/skyline-gs.com\/cs\/shop\/"},{"@type":"ListItem","position":3,"name":"\u0425\u0440\u0430\u043c\u043e\u0432\u044b\u0439 \u043a\u043e\u043c\u043f\u043b\u0435\u043a\u0441 \u0412\u0430\u0442 \u042f\u043d"}]},{"@type":"WebSite","@id":"https:\/\/skyline-gs.com\/it\/#website","url":"https:\/\/skyline-gs.com\/it\/","name":"Skyline V\u00fdlety","description":"Exkluzivn\u00ed v\u00fdlety do nejlep\u0161\u00edch sv\u011btov\u00fdch letovisek","publisher":{"@id":"https:\/\/skyline-gs.com\/it\/#organization"},"alternateName":"Skyline","potentialAction":[{"@type":"SearchAction","target":{"@type":"EntryPoint","urlTemplate":"https:\/\/skyline-gs.com\/it\/?s={search_term_string}"},"query-input":{"@type":"PropertyValueSpecification","valueRequired":true,"valueName":"search_term_string"}}],"inLanguage":"cs"},{"@type":"Organization","@id":"https:\/\/skyline-gs.com\/it\/#organization","name":"Skyline V\u00fdlety","alternateName":"\u042d\u043a\u0441\u043a\u0443\u0440\u0441\u0438\u0438 Skyline","url":"https:\/\/skyline-gs.com\/it\/","logo":{"@type":"ImageObject","inLanguage":"cs","@id":"https:\/\/skyline-gs.com\/it\/#\/schema\/logo\/image\/","url":"https:\/\/skyline-gs.com\/wp-content\/uploads\/2020\/12\/cropped-logo-2.png","contentUrl":"https:\/\/skyline-gs.com\/wp-content\/uploads\/2020\/12\/cropped-logo-2.png","width":512,"height":512,"caption":"\u042d\u043a\u0441\u043a\u0443\u0440\u0441\u0438\u0438 Skyline"},"image":{"@id":"https:\/\/skyline-gs.com\/it\/#\/schema\/logo\/image\/"},"sameAs":["https:\/\/www.instagram.com\/skylineglobalservice\/"]}]}},"_links":{"self":[{"href":"https:\/\/skyline-gs.com\/cs\/wp-json\/wp\/v2\/product\/66189","targetHints":{"allow":["GET"]}}],"collection":[{"href":"https:\/\/skyline-gs.com\/cs\/wp-json\/wp\/v2\/product"}],"about":[{"href":"https:\/\/skyline-gs.com\/cs\/wp-json\/wp\/v2\/types\/product"}],"version-history":[{"count":0,"href":"https:\/\/skyline-gs.com\/cs\/wp-json\/wp\/v2\/product\/66189\/revisions"}],"wp:featuredmedia":[{"embeddable":true,"href":"https:\/\/skyline-gs.com\/cs\/wp-json\/wp\/v2\/media\/66197"}],"wp:attachment":[{"href":"https:\/\/skyline-gs.com\/cs\/wp-json\/wp\/v2\/media?parent=66189"}],"wp:term":[{"taxonomy":"product_brand","embeddable":true,"href":"https:\/\/skyline-gs.com\/cs\/wp-json\/wp\/v2\/product_brand?post=66189"},{"taxonomy":"product_cat","embeddable":true,"href":"https:\/\/skyline-gs.com\/cs\/wp-json\/wp\/v2\/product_cat?post=66189"},{"taxonomy":"product_tag","embeddable":true,"href":"https:\/\/skyline-gs.com\/cs\/wp-json\/wp\/v2\/product_tag?post=66189"}],"curies":[{"name":"wp","href":"https:\/\/api.w.org\/{rel}","templated":true}]}}