{"id":66171,"date":"2025-09-20T14:59:53","date_gmt":"2025-09-20T12:59:53","guid":{"rendered":"http:\/\/skyline-gs.com\/?post_type=product&#038;p=66171"},"modified":"2025-09-20T17:56:16","modified_gmt":"2025-09-20T15:56:16","slug":"ayutthaya-ancient-capital","status":"publish","type":"product","link":"https:\/\/skyline-gs.com\/cs\/product\/ayutthaya-ancient-capital\/","title":{"rendered":"Ayutthaya - starobyl\u00e9 hlavn\u00ed m\u011bsto"},"content":{"rendered":"<p>Tato prohl\u00eddka v\u00e1m umo\u017en\u00ed dotknout se historie Siamu, vid\u011bt velkolepost chr\u00e1m\u016f, poznat legendy d\u00e1vn\u00fdch kr\u00e1l\u016f, vychutnat si atmosf\u00e9ru starobyl\u00e9ho m\u011bsta. Pohodln\u00fd transfer, profesion\u00e1ln\u00ed rusky mluv\u00edc\u00ed pr\u016fvodce, pohodl\u00ed a inspirace - v\u0161e pro va\u0161e \u00fapln\u00e9 pohlcen\u00ed!<\/p>\n<p data-start=\"474\" data-end=\"809\"><strong data-start=\"474\" data-end=\"488\">Program: <\/strong><\/p>\n<p data-start=\"474\" data-end=\"809\">Odjezd z hotelu v \u010dasn\u00fdch rann\u00edch hodin\u00e1ch. Nejprve nav\u0161t\u00edv\u00edte chr\u00e1m Wat Phra Sisanpet, jeden ze starobyl\u00fdch chr\u00e1m\u016f navr\u017een\u00fdch v kr\u00e1lovsk\u00e9m stylu. D\u00e1le chr\u00e1m Wat Yai Chaimongkol, kde na v\u00e1s d\u00fdchne duch historie a s\u00edla architektury. Pot\u00e9 n\u00e1sleduje Wat Mahathat, slavn\u00e1 \"Buddhova hlava v ko\u0159enech stromu\". N\u00e1sleduje Wat Chai Wattanaram s v\u00fdhledem na \u0159eku, starobylou chedi a kr\u00e1snou v\u00fdzdobou. Ob\u011bd v thajsk\u00e9m stylu v m\u00edstn\u00ed restauraci. Po ob\u011bd\u011b - zp\u00e1te\u010dn\u00ed cesta do Pattayi se zast\u00e1vkami, kde si m\u016f\u017eete odpo\u010dinout a koupit n\u011bco na pam\u00e1tku.<\/p>\n<p data-start=\"1233\" data-end=\"1656\"><strong style=\"font-family: var(--global-body-font-family);\">V\u010detn\u011b:<\/strong><\/p>\n<ul>\n<li>Transfer z hotelu a do hotelu<\/li>\n<li><span style=\"font-family: var(--global-body-font-family);\">vstupenky do v\u0161ech chr\u00e1m\u016f na programu<\/span><\/li>\n<li><span style=\"font-family: var(--global-body-font-family);\">Ob\u011bd<\/span><\/li>\n<li><span style=\"font-family: var(--global-body-font-family);\">rusky mluv\u00edc\u00ed pr\u016fvodce<\/span><\/li>\n<\/ul>\n<p><strong>Vezm\u011bte si ji s sebou:<\/strong><\/p>\n<ul>\n<li data-start=\"1627\" data-end=\"1648\">Zahrani\u010dn\u00ed pas<\/li>\n<li data-start=\"1651\" data-end=\"1666\">Pohodln\u00e1 obuv<\/li>\n<li data-start=\"1669\" data-end=\"1706\">Pokr\u00fdvky hlavy a slune\u010dn\u00ed br\u00fdle<\/li>\n<li data-start=\"1709\" data-end=\"1733\">foto\/video za\u0159\u00edzen\u00ed<\/li>\n<li data-start=\"1736\" data-end=\"1785\">Oble\u010den\u00ed zakr\u00fdvaj\u00edc\u00ed ramena a kolena (pro chr\u00e1my)<\/li>\n<\/ul>\n<p data-start=\"2105\" data-end=\"2137\"><strong data-start=\"2105\" data-end=\"2135\">Dal\u0161\u00ed informace:<\/strong><\/p>\n<ul>\n<li data-start=\"1908\" data-end=\"1977\">V are\u00e1lu chr\u00e1mu dodr\u017eujte pravidla obl\u00e9k\u00e1n\u00ed: zakryt\u00e1 ramena a kolena.<\/li>\n<li data-start=\"1980\" data-end=\"2067\">Doba n\u00e1vratu je p\u0159ibli\u017en\u00e1 a m\u016f\u017ee se li\u0161it v z\u00e1vislosti na stavu silnic.<\/li>\n<\/ul>","protected":false},"excerpt":{"rendered":"<p><strong data-start=\"567\" data-end=\"599\">\u010casy a dny prohl\u00eddek:<\/strong><br data-start=\"599\" data-end=\"602\" \/>Vyzvednut\u00ed v rann\u00edch hodin\u00e1ch z hotelu v Pattayi. Prohl\u00eddka se kon\u00e1 denn\u011b. N\u00e1vrat ve\u010der, p\u0159edb\u011b\u017en\u011b v 18:30-19:00.<\/p>","protected":false},"featured_media":66177,"template":"","meta":{"_kad_post_transparent":"default","_kad_post_title":"","_kad_post_layout":"default","_kad_post_sidebar_id":"","_kad_post_content_style":"default","_kad_post_vertical_padding":"default","_kad_post_feature":"","_kad_post_feature_position":"","_kad_post_header":false,"_kad_post_footer":false,"_kad_post_classname":"","_glsr_average":0,"_glsr_ranking":0,"_glsr_reviews":0},"product_brand":[],"product_cat":[507],"product_tag":[],"class_list":{"0":"post-66171","1":"product","2":"type-product","3":"status-publish","4":"has-post-thumbnail","6":"product_cat-pattaya","7":"tm-has-options","9":"first","10":"instock","11":"sold-individually","12":"taxable","13":"shipping-taxable","14":"purchasable","15":"product-type-simple","16":"entry","17":"content-bg","18":"loop-entry"},"yoast_head":"<!-- This site is optimized with the Yoast SEO plugin v27.3 - https:\/\/yoast.com\/product\/yoast-seo-wordpress\/ -->\n<title>\u0410\u044e\u0442\u0442\u0430\u0439\u044f \u2014 \u0414\u0440\u0435\u0432\u043d\u044f\u044f \u0421\u0442\u043e\u043b\u0438\u0446\u0430 &#8226; \u042d\u043a\u0441\u043a\u0443\u0440\u0441\u0438\u0438 Skyline<\/title>\n<meta name=\"robots\" content=\"index, follow, max-snippet:-1, max-image-preview:large, max-video-preview:-1\" \/>\n<link rel=\"canonical\" href=\"http:\/\/skyline-gs.com\/cs\/produkt\/ayutthaya-ancient-capital\/\" \/>\n<meta property=\"og:locale\" content=\"cs_CZ\" \/>\n<meta property=\"og:type\" content=\"article\" \/>\n<meta property=\"og:title\" content=\"\u0410\u044e\u0442\u0442\u0430\u0439\u044f \u2014 \u0414\u0440\u0435\u0432\u043d\u044f\u044f \u0421\u0442\u043e\u043b\u0438\u0446\u0430 &#8226; \u042d\u043a\u0441\u043a\u0443\u0440\u0441\u0438\u0438 Skyline\" \/>\n<meta property=\"og:description\" content=\"\u0412\u0440\u0435\u043c\u044f \u0442\u0443\u0440\u0430 \u0438 \u0434\u043d\u0438 \u043f\u0440\u043e\u0432\u0435\u0434\u0435\u043d\u0438\u044f:\u0421\u0431\u043e\u0440 \u0443\u0442\u0440\u043e\u043c \u0438\u0437 \u043e\u0442\u0435\u043b\u044f \u0432 \u041f\u0430\u0442\u0442\u0430\u0439\u0435. \u0422\u0443\u0440 \u0435\u0436\u0435\u0434\u043d\u0435\u0432\u043d\u043e \u043f\u0440\u043e\u0432\u043e\u0434\u0438\u0442\u0441\u044f. \u0412\u043e\u0437\u0432\u0440\u0430\u0449\u0435\u043d\u0438\u0435 \u0432\u0435\u0447\u0435\u0440\u043e\u043c, \u043e\u0440\u0438\u0435\u043d\u0442\u0438\u0440\u043e\u0432\u043e\u0447\u043d\u043e \u0432 18:30-19:00.\" \/>\n<meta property=\"og:url\" content=\"http:\/\/skyline-gs.com\/cs\/produkt\/ayutthaya-ancient-capital\/\" \/>\n<meta property=\"og:site_name\" content=\"\u042d\u043a\u0441\u043a\u0443\u0440\u0441\u0438\u0438 Skyline\" \/>\n<meta property=\"article:modified_time\" content=\"2025-09-20T15:56:16+00:00\" \/>\n<meta property=\"og:image\" content=\"https:\/\/skyline-gs.com\/wp-content\/uploads\/2025\/09\/dreamstime_m_314098302-e1758374332973.jpg\" \/>\n\t<meta property=\"og:image:width\" content=\"669\" \/>\n\t<meta property=\"og:image:height\" content=\"446\" \/>\n\t<meta property=\"og:image:type\" content=\"image\/jpeg\" \/>\n<meta name=\"twitter:card\" content=\"summary_large_image\" \/>\n<meta name=\"twitter:label1\" content=\"Odhadovan\u00e1 doba \u010dten\u00ed\" \/>\n\t<meta name=\"twitter:data1\" content=\"2 minuty\" \/>\n<script type=\"application\/ld+json\" class=\"yoast-schema-graph\">{\"@context\":\"https:\\\/\\\/schema.org\",\"@graph\":[{\"@type\":\"WebPage\",\"@id\":\"http:\\\/\\\/skyline-gs.com\\\/cs\\\/produkt\\\/ayutthaya-ancient-capital\\\/\",\"url\":\"http:\\\/\\\/skyline-gs.com\\\/cs\\\/produkt\\\/ayutthaya-ancient-capital\\\/\",\"name\":\"\u0410\u044e\u0442\u0442\u0430\u0439\u044f \u2014 \u0414\u0440\u0435\u0432\u043d\u044f\u044f \u0421\u0442\u043e\u043b\u0438\u0446\u0430 &#8226; \u042d\u043a\u0441\u043a\u0443\u0440\u0441\u0438\u0438 Skyline\",\"isPartOf\":{\"@id\":\"https:\\\/\\\/skyline-gs.com\\\/it\\\/#website\"},\"primaryImageOfPage\":{\"@id\":\"http:\\\/\\\/skyline-gs.com\\\/cs\\\/produkt\\\/ayutthaya-ancient-capital\\\/#primaryimage\"},\"image\":{\"@id\":\"http:\\\/\\\/skyline-gs.com\\\/cs\\\/produkt\\\/ayutthaya-ancient-capital\\\/#primaryimage\"},\"thumbnailUrl\":\"https:\\\/\\\/skyline-gs.com\\\/wp-content\\\/uploads\\\/2025\\\/09\\\/dreamstime_m_314098302-e1758374332973.jpg\",\"datePublished\":\"2025-09-20T12:59:53+00:00\",\"dateModified\":\"2025-09-20T15:56:16+00:00\",\"breadcrumb\":{\"@id\":\"http:\\\/\\\/skyline-gs.com\\\/cs\\\/produkt\\\/ayutthaya-ancient-capital\\\/#breadcrumb\"},\"inLanguage\":\"cs\",\"potentialAction\":[{\"@type\":\"ReadAction\",\"target\":[\"http:\\\/\\\/skyline-gs.com\\\/cs\\\/produkt\\\/ayutthaya-ancient-capital\\\/\"]}]},{\"@type\":\"ImageObject\",\"inLanguage\":\"cs\",\"@id\":\"http:\\\/\\\/skyline-gs.com\\\/cs\\\/produkt\\\/ayutthaya-ancient-capital\\\/#primaryimage\",\"url\":\"https:\\\/\\\/skyline-gs.com\\\/wp-content\\\/uploads\\\/2025\\\/09\\\/dreamstime_m_314098302-e1758374332973.jpg\",\"contentUrl\":\"https:\\\/\\\/skyline-gs.com\\\/wp-content\\\/uploads\\\/2025\\\/09\\\/dreamstime_m_314098302-e1758374332973.jpg\",\"width\":669,\"height\":446},{\"@type\":\"BreadcrumbList\",\"@id\":\"http:\\\/\\\/skyline-gs.com\\\/cs\\\/produkt\\\/ayutthaya-ancient-capital\\\/#breadcrumb\",\"itemListElement\":[{\"@type\":\"ListItem\",\"position\":1,\"name\":\"\u0413\u043b\u0430\u0432\u043d\u0430\u044f \u0441\u0442\u0440\u0430\u043d\u0438\u0446\u0430\",\"item\":\"https:\\\/\\\/skyline-gs.com\\\/hu\\\/\"},{\"@type\":\"ListItem\",\"position\":2,\"name\":\"\u041c\u0430\u0433\u0430\u0437\u0438\u043d\",\"item\":\"https:\\\/\\\/skyline-gs.com\\\/cs\\\/shop\\\/\"},{\"@type\":\"ListItem\",\"position\":3,\"name\":\"\u0410\u044e\u0442\u0442\u0430\u0439\u044f \u2014 \u0414\u0440\u0435\u0432\u043d\u044f\u044f \u0421\u0442\u043e\u043b\u0438\u0446\u0430\"}]},{\"@type\":\"WebSite\",\"@id\":\"https:\\\/\\\/skyline-gs.com\\\/it\\\/#website\",\"url\":\"https:\\\/\\\/skyline-gs.com\\\/it\\\/\",\"name\":\"\u042d\u043a\u0441\u043a\u0443\u0440\u0441\u0438\u0438 Skyline\",\"description\":\"\u042d\u043a\u0441\u043a\u043b\u044e\u0437\u0438\u0432\u043d\u044b\u0435 \u044d\u043a\u0441\u043a\u0443\u0440\u0441\u0438\u0438 \u043d\u0430 \u043b\u0443\u0447\u0448\u0438\u0445 \u043a\u0443\u0440\u043e\u0440\u0442\u0430\u0445 \u043c\u0438\u0440\u0430\",\"publisher\":{\"@id\":\"https:\\\/\\\/skyline-gs.com\\\/it\\\/#organization\"},\"alternateName\":\"Skyline\",\"potentialAction\":[{\"@type\":\"SearchAction\",\"target\":{\"@type\":\"EntryPoint\",\"urlTemplate\":\"https:\\\/\\\/skyline-gs.com\\\/it\\\/?s={search_term_string}\"},\"query-input\":{\"@type\":\"PropertyValueSpecification\",\"valueRequired\":true,\"valueName\":\"search_term_string\"}}],\"inLanguage\":\"cs\"},{\"@type\":\"Organization\",\"@id\":\"https:\\\/\\\/skyline-gs.com\\\/it\\\/#organization\",\"name\":\"\u042d\u043a\u0441\u043a\u0443\u0440\u0441\u0438\u0438 Skyline\",\"alternateName\":\"\u042d\u043a\u0441\u043a\u0443\u0440\u0441\u0438\u0438 Skyline\",\"url\":\"https:\\\/\\\/skyline-gs.com\\\/it\\\/\",\"logo\":{\"@type\":\"ImageObject\",\"inLanguage\":\"cs\",\"@id\":\"https:\\\/\\\/skyline-gs.com\\\/it\\\/#\\\/schema\\\/logo\\\/image\\\/\",\"url\":\"https:\\\/\\\/skyline-gs.com\\\/wp-content\\\/uploads\\\/2020\\\/12\\\/cropped-logo-2.png\",\"contentUrl\":\"https:\\\/\\\/skyline-gs.com\\\/wp-content\\\/uploads\\\/2020\\\/12\\\/cropped-logo-2.png\",\"width\":512,\"height\":512,\"caption\":\"\u042d\u043a\u0441\u043a\u0443\u0440\u0441\u0438\u0438 Skyline\"},\"image\":{\"@id\":\"https:\\\/\\\/skyline-gs.com\\\/it\\\/#\\\/schema\\\/logo\\\/image\\\/\"},\"sameAs\":[\"https:\\\/\\\/www.instagram.com\\\/skylineglobalservice\\\/\"]}]}<\/script>\n<!-- \/ Yoast SEO plugin. -->","yoast_head_json":{"title":"Ayutthaya - starobyl\u00e9 hlavn\u00ed m\u011bsto - Skyline Excursions","robots":{"index":"index","follow":"follow","max-snippet":"max-snippet:-1","max-image-preview":"max-image-preview:large","max-video-preview":"max-video-preview:-1"},"canonical":"http:\/\/skyline-gs.com\/cs\/produkt\/ayutthaya-ancient-capital\/","og_locale":"cs_CZ","og_type":"article","og_title":"\u0410\u044e\u0442\u0442\u0430\u0439\u044f \u2014 \u0414\u0440\u0435\u0432\u043d\u044f\u044f \u0421\u0442\u043e\u043b\u0438\u0446\u0430 &#8226; \u042d\u043a\u0441\u043a\u0443\u0440\u0441\u0438\u0438 Skyline","og_description":"\u0412\u0440\u0435\u043c\u044f \u0442\u0443\u0440\u0430 \u0438 \u0434\u043d\u0438 \u043f\u0440\u043e\u0432\u0435\u0434\u0435\u043d\u0438\u044f:\u0421\u0431\u043e\u0440 \u0443\u0442\u0440\u043e\u043c \u0438\u0437 \u043e\u0442\u0435\u043b\u044f \u0432 \u041f\u0430\u0442\u0442\u0430\u0439\u0435. \u0422\u0443\u0440 \u0435\u0436\u0435\u0434\u043d\u0435\u0432\u043d\u043e \u043f\u0440\u043e\u0432\u043e\u0434\u0438\u0442\u0441\u044f. \u0412\u043e\u0437\u0432\u0440\u0430\u0449\u0435\u043d\u0438\u0435 \u0432\u0435\u0447\u0435\u0440\u043e\u043c, \u043e\u0440\u0438\u0435\u043d\u0442\u0438\u0440\u043e\u0432\u043e\u0447\u043d\u043e \u0432 18:30-19:00.","og_url":"http:\/\/skyline-gs.com\/cs\/produkt\/ayutthaya-ancient-capital\/","og_site_name":"\u042d\u043a\u0441\u043a\u0443\u0440\u0441\u0438\u0438 Skyline","article_modified_time":"2025-09-20T15:56:16+00:00","og_image":[{"width":669,"height":446,"url":"https:\/\/skyline-gs.com\/wp-content\/uploads\/2025\/09\/dreamstime_m_314098302-e1758374332973.jpg","type":"image\/jpeg"}],"twitter_card":"summary_large_image","twitter_misc":{"Odhadovan\u00e1 doba \u010dten\u00ed":"2 minuty"},"schema":{"@context":"https:\/\/schema.org","@graph":[{"@type":"WebPage","@id":"http:\/\/skyline-gs.com\/cs\/produkt\/ayutthaya-ancient-capital\/","url":"http:\/\/skyline-gs.com\/cs\/produkt\/ayutthaya-ancient-capital\/","name":"Ayutthaya - starobyl\u00e9 hlavn\u00ed m\u011bsto - Skyline Excursions","isPartOf":{"@id":"https:\/\/skyline-gs.com\/it\/#website"},"primaryImageOfPage":{"@id":"http:\/\/skyline-gs.com\/cs\/produkt\/ayutthaya-ancient-capital\/#primaryimage"},"image":{"@id":"http:\/\/skyline-gs.com\/cs\/produkt\/ayutthaya-ancient-capital\/#primaryimage"},"thumbnailUrl":"https:\/\/skyline-gs.com\/wp-content\/uploads\/2025\/09\/dreamstime_m_314098302-e1758374332973.jpg","datePublished":"2025-09-20T12:59:53+00:00","dateModified":"2025-09-20T15:56:16+00:00","breadcrumb":{"@id":"http:\/\/skyline-gs.com\/cs\/produkt\/ayutthaya-ancient-capital\/#breadcrumb"},"inLanguage":"cs","potentialAction":[{"@type":"ReadAction","target":["http:\/\/skyline-gs.com\/cs\/produkt\/ayutthaya-ancient-capital\/"]}]},{"@type":"ImageObject","inLanguage":"cs","@id":"http:\/\/skyline-gs.com\/cs\/produkt\/ayutthaya-ancient-capital\/#primaryimage","url":"https:\/\/skyline-gs.com\/wp-content\/uploads\/2025\/09\/dreamstime_m_314098302-e1758374332973.jpg","contentUrl":"https:\/\/skyline-gs.com\/wp-content\/uploads\/2025\/09\/dreamstime_m_314098302-e1758374332973.jpg","width":669,"height":446},{"@type":"BreadcrumbList","@id":"http:\/\/skyline-gs.com\/cs\/produkt\/ayutthaya-ancient-capital\/#breadcrumb","itemListElement":[{"@type":"ListItem","position":1,"name":"\u0413\u043b\u0430\u0432\u043d\u0430\u044f \u0441\u0442\u0440\u0430\u043d\u0438\u0446\u0430","item":"https:\/\/skyline-gs.com\/hu\/"},{"@type":"ListItem","position":2,"name":"\u041c\u0430\u0433\u0430\u0437\u0438\u043d","item":"https:\/\/skyline-gs.com\/cs\/shop\/"},{"@type":"ListItem","position":3,"name":"\u0410\u044e\u0442\u0442\u0430\u0439\u044f \u2014 \u0414\u0440\u0435\u0432\u043d\u044f\u044f \u0421\u0442\u043e\u043b\u0438\u0446\u0430"}]},{"@type":"WebSite","@id":"https:\/\/skyline-gs.com\/it\/#website","url":"https:\/\/skyline-gs.com\/it\/","name":"Skyline V\u00fdlety","description":"Exkluzivn\u00ed v\u00fdlety do nejlep\u0161\u00edch sv\u011btov\u00fdch letovisek","publisher":{"@id":"https:\/\/skyline-gs.com\/it\/#organization"},"alternateName":"Skyline","potentialAction":[{"@type":"SearchAction","target":{"@type":"EntryPoint","urlTemplate":"https:\/\/skyline-gs.com\/it\/?s={search_term_string}"},"query-input":{"@type":"PropertyValueSpecification","valueRequired":true,"valueName":"search_term_string"}}],"inLanguage":"cs"},{"@type":"Organization","@id":"https:\/\/skyline-gs.com\/it\/#organization","name":"Skyline V\u00fdlety","alternateName":"\u042d\u043a\u0441\u043a\u0443\u0440\u0441\u0438\u0438 Skyline","url":"https:\/\/skyline-gs.com\/it\/","logo":{"@type":"ImageObject","inLanguage":"cs","@id":"https:\/\/skyline-gs.com\/it\/#\/schema\/logo\/image\/","url":"https:\/\/skyline-gs.com\/wp-content\/uploads\/2020\/12\/cropped-logo-2.png","contentUrl":"https:\/\/skyline-gs.com\/wp-content\/uploads\/2020\/12\/cropped-logo-2.png","width":512,"height":512,"caption":"\u042d\u043a\u0441\u043a\u0443\u0440\u0441\u0438\u0438 Skyline"},"image":{"@id":"https:\/\/skyline-gs.com\/it\/#\/schema\/logo\/image\/"},"sameAs":["https:\/\/www.instagram.com\/skylineglobalservice\/"]}]}},"_links":{"self":[{"href":"https:\/\/skyline-gs.com\/cs\/wp-json\/wp\/v2\/product\/66171","targetHints":{"allow":["GET"]}}],"collection":[{"href":"https:\/\/skyline-gs.com\/cs\/wp-json\/wp\/v2\/product"}],"about":[{"href":"https:\/\/skyline-gs.com\/cs\/wp-json\/wp\/v2\/types\/product"}],"version-history":[{"count":0,"href":"https:\/\/skyline-gs.com\/cs\/wp-json\/wp\/v2\/product\/66171\/revisions"}],"wp:featuredmedia":[{"embeddable":true,"href":"https:\/\/skyline-gs.com\/cs\/wp-json\/wp\/v2\/media\/66177"}],"wp:attachment":[{"href":"https:\/\/skyline-gs.com\/cs\/wp-json\/wp\/v2\/media?parent=66171"}],"wp:term":[{"taxonomy":"product_brand","embeddable":true,"href":"https:\/\/skyline-gs.com\/cs\/wp-json\/wp\/v2\/product_brand?post=66171"},{"taxonomy":"product_cat","embeddable":true,"href":"https:\/\/skyline-gs.com\/cs\/wp-json\/wp\/v2\/product_cat?post=66171"},{"taxonomy":"product_tag","embeddable":true,"href":"https:\/\/skyline-gs.com\/cs\/wp-json\/wp\/v2\/product_tag?post=66171"}],"curies":[{"name":"wp","href":"https:\/\/api.w.org\/{rel}","templated":true}]}}