{"id":66139,"date":"2025-09-20T13:42:53","date_gmt":"2025-09-20T11:42:53","guid":{"rendered":"http:\/\/skyline-gs.com\/?post_type=product&#038;p=66139"},"modified":"2025-09-20T14:55:24","modified_gmt":"2025-09-20T12:55:24","slug":"river-kwai-tour-from-pattaya","status":"publish","type":"product","link":"https:\/\/skyline-gs.com\/cs\/product\/river-kwai-tour-from-pattaya\/","title":{"rendered":"Prohl\u00eddka \u0159eky Kwai z Pattayi"},"content":{"rendered":"<p>\u041e\u0442\u043a\u0440\u043e\u0439\u0442\u0435 \u0434\u043b\u044f \u0441\u0435\u0431\u044f \u0436\u0438\u0432\u0443\u044e \u0438 \u044f\u0440\u043a\u0443\u044e \u043f\u0440\u0438\u0440\u043e\u0434\u0443 \u0422\u0430\u0438\u043b\u0430\u043d\u0434\u0430 \u2014 \u043c\u043e\u0441\u0442\u044b \u0438\u0441\u0442\u043e\u0440\u0438\u0438, \u0440\u0435\u043a\u0438, \u0445\u0440\u0430\u043c\u044b, \u0432\u043e\u0434\u043e\u043f\u0430\u0434\u044b \u0438 \u043d\u0430\u0441\u0442\u043e\u044f\u0449\u0430\u044f \u0441\u0435\u043b\u044c\u0441\u043a\u0430\u044f \u0436\u0438\u0437\u043d\u044c. \u042d\u0442\u0430 \u044d\u043a\u0441\u043a\u0443\u0440\u0441\u0438\u044f \u043f\u043e\u0434\u0430\u0440\u0438\u0442 \u0432\u0430\u043c \u0440\u0435\u0434\u043a\u0443\u044e \u0432\u043e\u0437\u043c\u043e\u0436\u043d\u043e\u0441\u0442\u044c \u043e\u043a\u0443\u043d\u0443\u0442\u044c\u0441\u044f \u0432 \u0430\u0442\u043c\u043e\u0441\u0444\u0435\u0440\u0443 \u043f\u043e\u0434\u043b\u0438\u043d\u043d\u043e\u0433\u043e \u0422\u0430\u0438\u043b\u0430\u043d\u0434\u0430, \u0443\u0432\u0438\u0434\u0435\u0442\u044c \u0441\u043c\u0435\u043d\u0443 \u043f\u0435\u0439\u0437\u0430\u0436\u0435\u0439, \u043f\u0440\u0438\u043a\u043e\u0441\u043d\u0443\u0442\u044c\u0441\u044f \u043a \u043a\u0443\u043b\u044c\u0442\u0443\u0440\u0435, \u0431\u044b\u0442\u0443, \u043f\u043e\u0447\u0443\u0432\u0441\u0442\u0432\u043e\u0432\u0430\u0442\u044c \u0440\u0438\u0442\u043c \u043f\u0440\u0438\u0440\u043e\u0434\u044b \u0438 \u043d\u0430\u0441\u043b\u0430\u0434\u0438\u0442\u044c\u0441\u044f \u043a\u0440\u0430\u0441\u043e\u0442\u0430\u043c\u0438 \u0441\u0442\u0440\u0430\u043d\u044b.<\/p>\n<p data-start=\"474\" data-end=\"809\"><strong data-start=\"474\" data-end=\"488\">Program:<\/strong><\/p>\n<p data-start=\"725\" data-end=\"1231\"><strong data-start=\"725\" data-end=\"735\">Den 1<\/strong><\/p>\n<ul>\n<li data-start=\"725\" data-end=\"1231\">\u0412\u044b\u0435\u0437\u0434 \u0440\u0430\u043d\u043d\u0438\u043c \u0443\u0442\u0440\u043e\u043c \u0438\u0437 \u043e\u0442\u0435\u043b\u044f.<\/li>\n<li data-start=\"725\" data-end=\"1231\">\u041f\u043e \u043f\u0443\u0442\u0438 \u043f\u043e\u0441\u0435\u0449\u0435\u043d\u0438\u0435 \u0443\u043d\u0438\u043a\u0430\u043b\u044c\u043d\u043e\u0433\u043e \u0440\u044b\u043d\u043a\u0430, \u0433\u0434\u0435 \u0440\u0430\u0441\u043a\u0440\u044b\u0432\u0430\u044e\u0442\u0441\u044f \u0437\u043e\u043d\u0442\u0438\u043a\u0438, \u0437\u0430\u0432\u0442\u0440\u0430\u043a \u0432 \u043a\u0430\u0444\u0435 \u043d\u0430 \u0440\u0435\u043b\u044c\u0441\u0430\u0445.<\/li>\n<li data-start=\"725\" data-end=\"1231\">\u041f\u043e\u0441\u0435\u0449\u0435\u043d\u0438\u0435 \u0441\u0442\u0430\u0440\u0438\u043d\u043d\u043e\u0433\u043e \u0445\u0440\u0430\u043c\u0430, \u0448\u043a\u043e\u043b\u044b \u0442\u0430\u0439\u0441\u043a\u043e\u0433\u043e \u0431\u043e\u043a\u0441\u0430.<\/li>\n<li data-start=\"725\" data-end=\"1231\">\u041f\u0440\u043e\u0433\u0443\u043b\u043a\u0430 \u043f\u043e \u043a\u0430\u043d\u0430\u043b\u0430\u043c \u043f\u043b\u0430\u0432\u0443\u0447\u0435\u0439 \u0434\u0435\u0440\u0435\u0432\u043d\u0438.<\/li>\n<li data-start=\"725\" data-end=\"1231\">\u041e\u0431\u0435\u0434 \u0432 \u0440\u0435\u0441\u0442\u043e\u0440\u0430\u043d\u0435, \u0447\u0430\u0441\u0442\u043e \u0441 \u0435\u0432\u0440\u043e\u043f\u0435\u0439\u0441\u043a\u0438\u043c \u043c\u0435\u043d\u044e.<\/li>\n<li data-start=\"725\" data-end=\"1231\">\u041f\u0435\u0440\u0435\u0435\u0437\u0434 \u043a \u0437\u043d\u0430\u043c\u0435\u043d\u0438\u0442\u043e\u043c\u0443 \u0432\u043e\u0434\u043e\u043f\u0430\u0434\u0443 \u042d\u0440\u0430\u0432\u0430\u043d, \u043e\u0442\u0434\u044b\u0445, \u043a\u0443\u043f\u0430\u043d\u0438\u0435 \u0432 \u0435\u0433\u043e \u043a\u0430\u0441\u043a\u0430\u0434\u0430\u0445.<\/li>\n<li data-start=\"725\" data-end=\"1231\">\u0420\u0430\u0437\u043c\u0435\u0449\u0435\u043d\u0438\u0435 \u0432 \u043a\u043e\u043c\u0444\u043e\u0440\u0442\u043d\u043e\u043c \u043e\u0442\u0435\u043b\u0435: \u0432\u044b\u0431\u043e\u0440 \u043c\u043e\u0436\u0435\u0442 \u0431\u044b\u0442\u044c \u043c\u0435\u0436\u0434\u0443 \u0434\u043e\u043c\u0438\u043a\u0430\u043c\u0438 \u043d\u0430 \u0432\u043e\u0434\u0435, \u0431\u0443\u043d\u0433\u0430\u043b\u043e \u043d\u0430 \u0441\u0443\u0448\u0435 \u0438 \u0434\u0440., \u0441 \u0443\u0434\u043e\u0431\u0441\u0442\u0432\u0430\u043c\u0438, Wi-Fi, \u0431\u0430\u0441\u0441\u0435\u0439\u043d\u043e\u043c.<\/li>\n<li data-start=\"725\" data-end=\"1231\">\u0412\u0435\u0447\u0435\u0440\u043e\u043c \u0443\u0436\u0438\u043d \u0448\u0432\u0435\u0434\u0441\u043a\u0438\u043c \u0441\u0442\u043e\u043b\u043e\u043c.<\/li>\n<\/ul>\n<p data-start=\"1233\" data-end=\"1656\"><strong data-start=\"1233\" data-end=\"1243\">Den 2<\/strong><\/p>\n<ul>\n<li data-start=\"1233\" data-end=\"1656\">\n<p data-start=\"1233\" data-end=\"1656\">\u0417\u0430\u0432\u0442\u0440\u0430\u043a \u0441 \u0432\u0438\u0434\u043e\u043c \u043d\u0430 \u0440\u0435\u043a\u0443 \u041a\u0432\u0430\u0439.<\/p>\n<\/li>\n<li data-start=\"1233\" data-end=\"1656\">\n<p data-start=\"1233\" data-end=\"1656\">\u0421\u043f\u043b\u0430\u0432 \u043d\u0430 \u043f\u043b\u043e\u0442\u0443 \u043f\u043e \u0440\u0435\u043a\u0435, \u0438\u043d\u043e\u0433\u0434\u0430 \u0441 \u0432\u043e\u0437\u043c\u043e\u0436\u043d\u043e\u0441\u0442\u044c\u044e \u043f\u043b\u0430\u0432\u0430\u043d\u0438\u044f \u0432 \u0441\u043f\u0430\u0441\u0430\u0442\u0435\u043b\u044c\u043d\u044b\u0445 \u0436\u0438\u043b\u0435\u0442\u0430\u0445.<\/p>\n<\/li>\n<li data-start=\"1233\" data-end=\"1656\">\n<p data-start=\"1233\" data-end=\"1656\">\u041f\u043e\u0441\u0435\u0449\u0435\u043d\u0438\u0435 \u0432\u0442\u043e\u0440\u043e\u0433\u043e \u0432\u043e\u0434\u043e\u043f\u0430\u0434\u0430 \u0421\u0430\u0439\u043e\u043a \u041d\u043e\u0439 \u0438 \u043c\u0435\u043c\u043e\u0440\u0438\u0430\u043b\u044c\u043d\u043e\u0439 \u0441\u0442\u0430\u043d\u0446\u0438\u0438 \u00ab\u0414\u043e\u0440\u043e\u0433\u0430 \u0441\u043c\u0435\u0440\u0442\u0438\u00bb.<\/p>\n<\/li>\n<li data-start=\"1233\" data-end=\"1656\">\n<p data-start=\"1233\" data-end=\"1656\">\u0414\u0435\u0440\u0435\u0432\u043d\u044f \u0441\u043b\u043e\u043d\u043e\u0432: \u0448\u043e\u0443, \u043f\u043e\u043a\u043e\u0440\u043c\u0438\u0442\u044c \u0441\u043b\u043e\u043d\u043e\u0432; \u0437\u0430 \u0434\u043e\u043f\u043b\u0430\u0442\u0443 \u2014 \u043a\u0443\u043f\u0430\u043d\u0438\u0435 \u0441\u043e \u0441\u043b\u043e\u043d\u0430\u043c\u0438.<\/p>\n<\/li>\n<li data-start=\"1233\" data-end=\"1656\">\n<p data-start=\"1233\" data-end=\"1656\">\u041e\u0431\u0435\u0434 \u0432 \u0442\u0440\u0430\u0434\u0438\u0446\u0438\u043e\u043d\u043d\u043e\u043c \u0441\u0442\u0438\u043b\u0435.<\/p>\n<\/li>\n<li data-start=\"1233\" data-end=\"1656\">\n<p data-start=\"1233\" data-end=\"1656\">\u041f\u043e\u0441\u0435\u0449\u0435\u043d\u0438\u0435 \u0445\u0440\u0430\u043c\u0430 \u0432 \u043f\u0435\u0449\u0435\u0440\u0435, \u0440\u0438\u0442\u0443\u0430\u043b\u043e\u0432, \u0438\u0441\u043f\u043e\u043b\u043d\u0435\u043d\u0438\u044f \u0436\u0435\u043b\u0430\u043d\u0438\u0439.<\/p>\n<\/li>\n<li data-start=\"1233\" data-end=\"1656\">\n<p data-start=\"1233\" data-end=\"1656\">\u0412\u043e\u0437\u0432\u0440\u0430\u0449\u0435\u043d\u0438\u0435 \u0432 \u043e\u0442\u0435\u043b\u0438 \u0432\u0435\u0447\u0435\u0440\u043e\u043c, \u043d\u0430\u043f\u043e\u043b\u043d\u0435\u043d\u043d\u044b\u0435 \u0432\u043f\u0435\u0447\u0430\u0442\u043b\u0435\u043d\u0438\u044f\u043c\u0438.<\/p>\n<\/li>\n<\/ul>\n<p data-start=\"1233\" data-end=\"1656\"><strong style=\"font-family: var(--global-body-font-family);\">V\u010detn\u011b:<\/strong><\/p>\n<ul>\n<li style=\"list-style-type: none;\" data-start=\"1164\" data-end=\"1195\">\n<ul>\n<li style=\"list-style-type: none;\" data-start=\"1292\" data-end=\"1323\">\n<ul>\n<li data-start=\"1679\" data-end=\"1710\">\n<p data-start=\"1681\" data-end=\"1710\">Transfer z hotelu a do hotelu<\/p>\n<\/li>\n<li data-start=\"1711\" data-end=\"1746\">\n<p data-start=\"1713\" data-end=\"1746\">\u041f\u0440\u043e\u0436\u0438\u0432\u0430\u043d\u0438\u0435 \u0432 \u043e\u0442\u0435\u043b\u0435 \u0441 \u0443\u0434\u043e\u0431\u0441\u0442\u0432\u0430\u043c\u0438<\/p>\n<\/li>\n<li data-start=\"1747\" data-end=\"1770\">\n<p data-start=\"1749\" data-end=\"1770\">rusky mluv\u00edc\u00ed pr\u016fvodce<\/p>\n<\/li>\n<li data-start=\"1771\" data-end=\"1806\">\n<p data-start=\"1773\" data-end=\"1806\">V\u0161echny vstupenky podle programu<\/p>\n<\/li>\n<li data-start=\"1807\" data-end=\"1854\">\n<p data-start=\"1809\" data-end=\"1854\">\u041f\u0438\u0442\u0430\u043d\u0438\u0435 \u043f\u043e \u043f\u0440\u043e\u0433\u0440\u0430\u043c\u043c\u0435: \u0437\u0430\u0432\u0442\u0440\u0430\u043a\u0438, \u043e\u0431\u0435\u0434\u044b, \u0443\u0436\u0438\u043d<\/p>\n<\/li>\n<li data-start=\"1855\" data-end=\"1868\">\n<p data-start=\"1857\" data-end=\"1868\">Poji\u0161t\u011bn\u00ed<\/p>\n<\/li>\n<\/ul>\n<\/li>\n<\/ul>\n<\/li>\n<\/ul>\n<p><strong>Vezm\u011bte si ji s sebou:<\/strong><\/p>\n<ul>\n<li style=\"list-style-type: none;\">\n<ul>\n<li style=\"list-style-type: none;\">\n<ul data-start=\"1899\" data-end=\"2098\">\n<li data-start=\"1899\" data-end=\"1922\">\n<p data-start=\"1901\" data-end=\"1922\">Zahrani\u010dn\u00ed pas<\/p>\n<\/li>\n<li data-start=\"1923\" data-end=\"1984\">\n<p data-start=\"1925\" data-end=\"1984\">\u0423\u0434\u043e\u0431\u043d\u0443\u044e \u043e\u0431\u0443\u0432\u044c \u0438 \u043e\u0434\u0435\u0436\u0434\u0443, \u043f\u043e\u0434\u0445\u043e\u0434\u044f\u0449\u0443\u044e \u0434\u043b\u044f \u043f\u0440\u043e\u0433\u0443\u043b\u043e\u043a \u0438 \u043a\u0443\u043f\u0430\u043d\u0438\u044f<\/p>\n<\/li>\n<li data-start=\"1985\" data-end=\"2007\">\n<p data-start=\"1987\" data-end=\"2007\">\u0424\u043e\u0442\u043e-\/\u0432\u0438\u0434\u0435\u043e-\u043a\u0430\u043c\u0435\u0440\u0430<\/p>\n<\/li>\n<li data-start=\"2008\" data-end=\"2032\">\n<p data-start=\"2010\" data-end=\"2032\">Plavky, ru\u010dn\u00edk<\/p>\n<\/li>\n<li data-start=\"2033\" data-end=\"2072\">\n<p data-start=\"2035\" data-end=\"2072\">Pokr\u00fdvky hlavy a slune\u010dn\u00ed br\u00fdle<\/p>\n<\/li>\n<li data-start=\"2073\" data-end=\"2098\">\n<p data-start=\"2075\" data-end=\"2098\">\u0421\u0440\u0435\u0434\u0441\u0442\u0432\u0430 \u043e\u0442 \u043d\u0430\u0441\u0435\u043a\u043e\u043c\u044b\u0445<\/p>\n<\/li>\n<\/ul>\n<\/li>\n<\/ul>\n<\/li>\n<\/ul>\n<p data-start=\"2105\" data-end=\"2137\"><strong data-start=\"2105\" data-end=\"2135\">Dal\u0161\u00ed informace:<\/strong><\/p>\n<ul data-start=\"2138\" data-end=\"2530\">\n<li data-start=\"2138\" data-end=\"2287\">\n<p data-start=\"2140\" data-end=\"2287\">\u0415\u0441\u0442\u044c \u043d\u0435\u0441\u043a\u043e\u043b\u044c\u043a\u043e \u0432\u0430\u0440\u0438\u0430\u0446\u0438\u0439 \u0442\u0443\u0440\u0430 (\u042d\u043a\u043e\u043d\u043e\u043c, \u042d\u043a\u0441\u043a\u043b\u044e\u0437\u0438\u0432, VIP) \u2014 \u043e\u0442\u043b\u0438\u0447\u0430\u044e\u0442\u0441\u044f \u0443\u0440\u043e\u0432\u043d\u0435\u043c \u043a\u043e\u043c\u0444\u043e\u0440\u0442\u0430 \u0440\u0430\u0437\u043c\u0435\u0449\u0435\u043d\u0438\u044f, \u0438\u043d\u043e\u0433\u0434\u0430 \u0432\u0440\u0435\u043c\u0435\u043d\u0435\u043c \u043e\u0442\u043f\u0440\u0430\u0432\u043b\u0435\u043d\u0438\u044f \u0438 \u043f\u0443\u043d\u043a\u0442\u0430\u043c\u0438 \u043f\u0440\u043e\u0433\u0440\u0430\u043c\u043c\u044b.<\/p>\n<\/li>\n<li data-start=\"2288\" data-end=\"2382\">\n<p data-start=\"2290\" data-end=\"2382\">\u0412 \u043d\u0435\u043a\u043e\u0442\u043e\u0440\u044b\u0445 \u0432\u0435\u0440\u0441\u0438\u044f\u0445 \u0432\u043e\u0437\u043c\u043e\u0436\u043d\u044b \u043e\u043f\u0446\u0438\u0438 \u0437\u0430 \u0434\u043e\u043f\u043e\u043b\u043d\u0438\u0442\u0435\u043b\u044c\u043d\u0443\u044e \u043f\u043b\u0430\u0442\u0443 (\u043d\u0430\u043f\u0440\u0438\u043c\u0435\u0440, \u043a\u0443\u043f\u0430\u043d\u0438\u0435 \u0441\u043e \u0441\u043b\u043e\u043d\u0430\u043c\u0438).<\/p>\n<\/li>\n<li data-start=\"2383\" data-end=\"2469\">\n<p data-start=\"2385\" data-end=\"2469\">\u041b\u0443\u0447\u0448\u0435 \u0443\u0442\u043e\u0447\u043d\u044f\u0442\u044c \u0440\u0430\u0441\u043f\u0438\u0441\u0430\u043d\u0438\u0435 \u0438 \u0434\u0435\u0442\u0430\u043b\u0438 \u0437\u0430\u0440\u0430\u043d\u0435\u0435, \u0442\u0430\u043a \u043a\u0430\u043a \u0432\u044b\u0435\u0437\u0434 \u043c\u043e\u0436\u0435\u0442 \u0431\u044b\u0442\u044c \u043e\u0447\u0435\u043d\u044c \u0440\u0430\u043d\u043d\u0438\u043c.<\/p>\n<\/li>\n<li data-start=\"2470\" data-end=\"2530\">\n<p data-start=\"2472\" data-end=\"2530\">\u0412 \u0445\u0440\u0430\u043c\u0430\u0445 \u0441\u043e\u0431\u043b\u044e\u0434\u0430\u044e\u0442\u0441\u044f \u0441\u0442\u0430\u043d\u0434\u0430\u0440\u0442\u044b: \u0437\u0430\u043a\u0440\u044b\u0442\u044b\u0435 \u043f\u043b\u0435\u0447\u0438 \u0438 \u043a\u043e\u043b\u0435\u043d\u0438.<\/p>\n<\/li>\n<\/ul>","protected":false},"excerpt":{"rendered":"<p><strong data-start=\"583\" data-end=\"598\">Doba prohl\u00eddky:<\/strong> 2 dny \/ 1 noc<br data-start=\"613\" data-end=\"616\" \/><strong data-start=\"616\" data-end=\"635\">Dny zadr\u017een\u00ed:<\/strong> podle rozvrhu (pond\u011bl\u00ed, st\u0159eda, p\u00e1tek atd.).<\/p>","protected":false},"featured_media":66151,"template":"","meta":{"_kad_post_transparent":"default","_kad_post_title":"","_kad_post_layout":"default","_kad_post_sidebar_id":"","_kad_post_content_style":"default","_kad_post_vertical_padding":"default","_kad_post_feature":"","_kad_post_feature_position":"","_kad_post_header":false,"_kad_post_footer":false,"_kad_post_classname":"","_glsr_average":0,"_glsr_ranking":0,"_glsr_reviews":0},"product_brand":[],"product_cat":[507],"product_tag":[],"class_list":{"0":"post-66139","1":"product","2":"type-product","3":"status-publish","4":"has-post-thumbnail","6":"product_cat-pattaya","7":"tm-has-options","9":"first","10":"instock","11":"sold-individually","12":"taxable","13":"shipping-taxable","14":"purchasable","15":"product-type-simple","16":"entry","17":"content-bg","18":"loop-entry"},"yoast_head":"<!-- This site is optimized with the Yoast SEO plugin v27.3 - https:\/\/yoast.com\/product\/yoast-seo-wordpress\/ -->\n<title>\u0420\u0435\u043a\u0430 \u041a\u0432\u0430\u0439 \u044d\u043a\u0441\u043a\u0443\u0440\u0441\u0438\u044f \u0438\u0437 \u041f\u0430\u0442\u0442\u0430\u0439\u0438 &#8226; \u042d\u043a\u0441\u043a\u0443\u0440\u0441\u0438\u0438 Skyline<\/title>\n<meta name=\"robots\" content=\"index, follow, max-snippet:-1, max-image-preview:large, max-video-preview:-1\" \/>\n<link rel=\"canonical\" href=\"http:\/\/skyline-gs.com\/cs\/produkt\/river-kwai-tour-from-pattaya\/\" \/>\n<meta property=\"og:locale\" content=\"cs_CZ\" \/>\n<meta property=\"og:type\" content=\"article\" \/>\n<meta property=\"og:title\" content=\"\u0420\u0435\u043a\u0430 \u041a\u0432\u0430\u0439 \u044d\u043a\u0441\u043a\u0443\u0440\u0441\u0438\u044f \u0438\u0437 \u041f\u0430\u0442\u0442\u0430\u0439\u0438 &#8226; \u042d\u043a\u0441\u043a\u0443\u0440\u0441\u0438\u0438 Skyline\" \/>\n<meta property=\"og:description\" content=\"\u0412\u0440\u0435\u043c\u044f \u0442\u0443\u0440\u0430: 2 \u0434\u043d\u044f \/ 1 \u043d\u043e\u0447\u044c\u0414\u043d\u0438 \u043f\u0440\u043e\u0432\u0435\u0434\u0435\u043d\u0438\u044f: \u043f\u043e \u0440\u0430\u0441\u043f\u0438\u0441\u0430\u043d\u0438\u044e (\u043f\u043e\u043d\u0435\u0434\u0435\u043b\u044c\u043d\u0438\u043a, \u0441\u0440\u0435\u0434\u0430, \u043f\u044f\u0442\u043d\u0438\u0446\u0430 \u0438 \u0434\u0440.)\" \/>\n<meta property=\"og:url\" content=\"http:\/\/skyline-gs.com\/cs\/produkt\/river-kwai-tour-from-pattaya\/\" \/>\n<meta property=\"og:site_name\" content=\"\u042d\u043a\u0441\u043a\u0443\u0440\u0441\u0438\u0438 Skyline\" \/>\n<meta property=\"article:modified_time\" content=\"2025-09-20T12:55:24+00:00\" \/>\n<meta property=\"og:image\" content=\"https:\/\/skyline-gs.com\/wp-content\/uploads\/2025\/09\/na-slonah-po-reke-kvaj-e1765911286767.jpg\" \/>\n\t<meta property=\"og:image:width\" content=\"907\" \/>\n\t<meta property=\"og:image:height\" content=\"605\" \/>\n\t<meta property=\"og:image:type\" content=\"image\/jpeg\" \/>\n<meta name=\"twitter:card\" content=\"summary_large_image\" \/>\n<meta name=\"twitter:label1\" content=\"Odhadovan\u00e1 doba \u010dten\u00ed\" \/>\n\t<meta name=\"twitter:data1\" content=\"2 minuty\" \/>\n<script type=\"application\/ld+json\" class=\"yoast-schema-graph\">{\"@context\":\"https:\\\/\\\/schema.org\",\"@graph\":[{\"@type\":\"WebPage\",\"@id\":\"http:\\\/\\\/skyline-gs.com\\\/it\\\/prodotto\\\/river-kwai-tour-from-pattaya\\\/\",\"url\":\"http:\\\/\\\/skyline-gs.com\\\/it\\\/prodotto\\\/river-kwai-tour-from-pattaya\\\/\",\"name\":\"\u0420\u0435\u043a\u0430 \u041a\u0432\u0430\u0439 \u044d\u043a\u0441\u043a\u0443\u0440\u0441\u0438\u044f \u0438\u0437 \u041f\u0430\u0442\u0442\u0430\u0439\u0438 &#8226; \u042d\u043a\u0441\u043a\u0443\u0440\u0441\u0438\u0438 Skyline\",\"isPartOf\":{\"@id\":\"https:\\\/\\\/skyline-gs.com\\\/it\\\/#website\"},\"primaryImageOfPage\":{\"@id\":\"http:\\\/\\\/skyline-gs.com\\\/it\\\/prodotto\\\/river-kwai-tour-from-pattaya\\\/#primaryimage\"},\"image\":{\"@id\":\"http:\\\/\\\/skyline-gs.com\\\/it\\\/prodotto\\\/river-kwai-tour-from-pattaya\\\/#primaryimage\"},\"thumbnailUrl\":\"https:\\\/\\\/skyline-gs.com\\\/wp-content\\\/uploads\\\/2025\\\/09\\\/na-slonah-po-reke-kvaj-e1765911286767.jpg\",\"datePublished\":\"2025-09-20T11:42:53+00:00\",\"dateModified\":\"2025-09-20T12:55:24+00:00\",\"breadcrumb\":{\"@id\":\"http:\\\/\\\/skyline-gs.com\\\/it\\\/prodotto\\\/river-kwai-tour-from-pattaya\\\/#breadcrumb\"},\"inLanguage\":\"cs\",\"potentialAction\":[{\"@type\":\"ReadAction\",\"target\":[\"http:\\\/\\\/skyline-gs.com\\\/it\\\/prodotto\\\/river-kwai-tour-from-pattaya\\\/\"]}]},{\"@type\":\"ImageObject\",\"inLanguage\":\"cs\",\"@id\":\"http:\\\/\\\/skyline-gs.com\\\/it\\\/prodotto\\\/river-kwai-tour-from-pattaya\\\/#primaryimage\",\"url\":\"https:\\\/\\\/skyline-gs.com\\\/wp-content\\\/uploads\\\/2025\\\/09\\\/na-slonah-po-reke-kvaj-e1765911286767.jpg\",\"contentUrl\":\"https:\\\/\\\/skyline-gs.com\\\/wp-content\\\/uploads\\\/2025\\\/09\\\/na-slonah-po-reke-kvaj-e1765911286767.jpg\",\"width\":907,\"height\":605},{\"@type\":\"BreadcrumbList\",\"@id\":\"http:\\\/\\\/skyline-gs.com\\\/it\\\/prodotto\\\/river-kwai-tour-from-pattaya\\\/#breadcrumb\",\"itemListElement\":[{\"@type\":\"ListItem\",\"position\":1,\"name\":\"\u0413\u043b\u0430\u0432\u043d\u0430\u044f \u0441\u0442\u0440\u0430\u043d\u0438\u0446\u0430\",\"item\":\"https:\\\/\\\/skyline-gs.com\\\/hu\\\/\"},{\"@type\":\"ListItem\",\"position\":2,\"name\":\"\u041c\u0430\u0433\u0430\u0437\u0438\u043d\",\"item\":\"https:\\\/\\\/skyline-gs.com\\\/cs\\\/shop\\\/\"},{\"@type\":\"ListItem\",\"position\":3,\"name\":\"\u0420\u0435\u043a\u0430 \u041a\u0432\u0430\u0439 \u044d\u043a\u0441\u043a\u0443\u0440\u0441\u0438\u044f \u0438\u0437 \u041f\u0430\u0442\u0442\u0430\u0439\u0438\"}]},{\"@type\":\"WebSite\",\"@id\":\"https:\\\/\\\/skyline-gs.com\\\/it\\\/#website\",\"url\":\"https:\\\/\\\/skyline-gs.com\\\/it\\\/\",\"name\":\"\u042d\u043a\u0441\u043a\u0443\u0440\u0441\u0438\u0438 Skyline\",\"description\":\"\u042d\u043a\u0441\u043a\u043b\u044e\u0437\u0438\u0432\u043d\u044b\u0435 \u044d\u043a\u0441\u043a\u0443\u0440\u0441\u0438\u0438 \u043d\u0430 \u043b\u0443\u0447\u0448\u0438\u0445 \u043a\u0443\u0440\u043e\u0440\u0442\u0430\u0445 \u043c\u0438\u0440\u0430\",\"publisher\":{\"@id\":\"https:\\\/\\\/skyline-gs.com\\\/it\\\/#organization\"},\"alternateName\":\"Skyline\",\"potentialAction\":[{\"@type\":\"SearchAction\",\"target\":{\"@type\":\"EntryPoint\",\"urlTemplate\":\"https:\\\/\\\/skyline-gs.com\\\/it\\\/?s={search_term_string}\"},\"query-input\":{\"@type\":\"PropertyValueSpecification\",\"valueRequired\":true,\"valueName\":\"search_term_string\"}}],\"inLanguage\":\"cs\"},{\"@type\":\"Organization\",\"@id\":\"https:\\\/\\\/skyline-gs.com\\\/it\\\/#organization\",\"name\":\"\u042d\u043a\u0441\u043a\u0443\u0440\u0441\u0438\u0438 Skyline\",\"alternateName\":\"\u042d\u043a\u0441\u043a\u0443\u0440\u0441\u0438\u0438 Skyline\",\"url\":\"https:\\\/\\\/skyline-gs.com\\\/it\\\/\",\"logo\":{\"@type\":\"ImageObject\",\"inLanguage\":\"cs\",\"@id\":\"https:\\\/\\\/skyline-gs.com\\\/it\\\/#\\\/schema\\\/logo\\\/image\\\/\",\"url\":\"https:\\\/\\\/skyline-gs.com\\\/wp-content\\\/uploads\\\/2020\\\/12\\\/cropped-logo-2.png\",\"contentUrl\":\"https:\\\/\\\/skyline-gs.com\\\/wp-content\\\/uploads\\\/2020\\\/12\\\/cropped-logo-2.png\",\"width\":512,\"height\":512,\"caption\":\"\u042d\u043a\u0441\u043a\u0443\u0440\u0441\u0438\u0438 Skyline\"},\"image\":{\"@id\":\"https:\\\/\\\/skyline-gs.com\\\/it\\\/#\\\/schema\\\/logo\\\/image\\\/\"},\"sameAs\":[\"https:\\\/\\\/www.instagram.com\\\/skylineglobalservice\\\/\"]}]}<\/script>\n<!-- \/ Yoast SEO plugin. -->","yoast_head_json":{"title":"\u0420\u0435\u043a\u0430 \u041a\u0432\u0430\u0439 \u044d\u043a\u0441\u043a\u0443\u0440\u0441\u0438\u044f \u0438\u0437 \u041f\u0430\u0442\u0442\u0430\u0439\u0438 &#8226; \u042d\u043a\u0441\u043a\u0443\u0440\u0441\u0438\u0438 Skyline","robots":{"index":"index","follow":"follow","max-snippet":"max-snippet:-1","max-image-preview":"max-image-preview:large","max-video-preview":"max-video-preview:-1"},"canonical":"http:\/\/skyline-gs.com\/cs\/produkt\/river-kwai-tour-from-pattaya\/","og_locale":"cs_CZ","og_type":"article","og_title":"\u0420\u0435\u043a\u0430 \u041a\u0432\u0430\u0439 \u044d\u043a\u0441\u043a\u0443\u0440\u0441\u0438\u044f \u0438\u0437 \u041f\u0430\u0442\u0442\u0430\u0439\u0438 &#8226; \u042d\u043a\u0441\u043a\u0443\u0440\u0441\u0438\u0438 Skyline","og_description":"\u0412\u0440\u0435\u043c\u044f \u0442\u0443\u0440\u0430: 2 \u0434\u043d\u044f \/ 1 \u043d\u043e\u0447\u044c\u0414\u043d\u0438 \u043f\u0440\u043e\u0432\u0435\u0434\u0435\u043d\u0438\u044f: \u043f\u043e \u0440\u0430\u0441\u043f\u0438\u0441\u0430\u043d\u0438\u044e (\u043f\u043e\u043d\u0435\u0434\u0435\u043b\u044c\u043d\u0438\u043a, \u0441\u0440\u0435\u0434\u0430, \u043f\u044f\u0442\u043d\u0438\u0446\u0430 \u0438 \u0434\u0440.)","og_url":"http:\/\/skyline-gs.com\/cs\/produkt\/river-kwai-tour-from-pattaya\/","og_site_name":"\u042d\u043a\u0441\u043a\u0443\u0440\u0441\u0438\u0438 Skyline","article_modified_time":"2025-09-20T12:55:24+00:00","og_image":[{"width":907,"height":605,"url":"https:\/\/skyline-gs.com\/wp-content\/uploads\/2025\/09\/na-slonah-po-reke-kvaj-e1765911286767.jpg","type":"image\/jpeg"}],"twitter_card":"summary_large_image","twitter_misc":{"Odhadovan\u00e1 doba \u010dten\u00ed":"2 minuty"},"schema":{"@context":"https:\/\/schema.org","@graph":[{"@type":"WebPage","@id":"http:\/\/skyline-gs.com\/it\/prodotto\/river-kwai-tour-from-pattaya\/","url":"http:\/\/skyline-gs.com\/it\/prodotto\/river-kwai-tour-from-pattaya\/","name":"\u0420\u0435\u043a\u0430 \u041a\u0432\u0430\u0439 \u044d\u043a\u0441\u043a\u0443\u0440\u0441\u0438\u044f \u0438\u0437 \u041f\u0430\u0442\u0442\u0430\u0439\u0438 &#8226; \u042d\u043a\u0441\u043a\u0443\u0440\u0441\u0438\u0438 Skyline","isPartOf":{"@id":"https:\/\/skyline-gs.com\/it\/#website"},"primaryImageOfPage":{"@id":"http:\/\/skyline-gs.com\/it\/prodotto\/river-kwai-tour-from-pattaya\/#primaryimage"},"image":{"@id":"http:\/\/skyline-gs.com\/it\/prodotto\/river-kwai-tour-from-pattaya\/#primaryimage"},"thumbnailUrl":"https:\/\/skyline-gs.com\/wp-content\/uploads\/2025\/09\/na-slonah-po-reke-kvaj-e1765911286767.jpg","datePublished":"2025-09-20T11:42:53+00:00","dateModified":"2025-09-20T12:55:24+00:00","breadcrumb":{"@id":"http:\/\/skyline-gs.com\/it\/prodotto\/river-kwai-tour-from-pattaya\/#breadcrumb"},"inLanguage":"cs","potentialAction":[{"@type":"ReadAction","target":["http:\/\/skyline-gs.com\/it\/prodotto\/river-kwai-tour-from-pattaya\/"]}]},{"@type":"ImageObject","inLanguage":"cs","@id":"http:\/\/skyline-gs.com\/it\/prodotto\/river-kwai-tour-from-pattaya\/#primaryimage","url":"https:\/\/skyline-gs.com\/wp-content\/uploads\/2025\/09\/na-slonah-po-reke-kvaj-e1765911286767.jpg","contentUrl":"https:\/\/skyline-gs.com\/wp-content\/uploads\/2025\/09\/na-slonah-po-reke-kvaj-e1765911286767.jpg","width":907,"height":605},{"@type":"BreadcrumbList","@id":"http:\/\/skyline-gs.com\/it\/prodotto\/river-kwai-tour-from-pattaya\/#breadcrumb","itemListElement":[{"@type":"ListItem","position":1,"name":"\u0413\u043b\u0430\u0432\u043d\u0430\u044f \u0441\u0442\u0440\u0430\u043d\u0438\u0446\u0430","item":"https:\/\/skyline-gs.com\/hu\/"},{"@type":"ListItem","position":2,"name":"\u041c\u0430\u0433\u0430\u0437\u0438\u043d","item":"https:\/\/skyline-gs.com\/cs\/shop\/"},{"@type":"ListItem","position":3,"name":"\u0420\u0435\u043a\u0430 \u041a\u0432\u0430\u0439 \u044d\u043a\u0441\u043a\u0443\u0440\u0441\u0438\u044f \u0438\u0437 \u041f\u0430\u0442\u0442\u0430\u0439\u0438"}]},{"@type":"WebSite","@id":"https:\/\/skyline-gs.com\/it\/#website","url":"https:\/\/skyline-gs.com\/it\/","name":"Skyline V\u00fdlety","description":"Exkluzivn\u00ed v\u00fdlety do nejlep\u0161\u00edch sv\u011btov\u00fdch letovisek","publisher":{"@id":"https:\/\/skyline-gs.com\/it\/#organization"},"alternateName":"Skyline","potentialAction":[{"@type":"SearchAction","target":{"@type":"EntryPoint","urlTemplate":"https:\/\/skyline-gs.com\/it\/?s={search_term_string}"},"query-input":{"@type":"PropertyValueSpecification","valueRequired":true,"valueName":"search_term_string"}}],"inLanguage":"cs"},{"@type":"Organization","@id":"https:\/\/skyline-gs.com\/it\/#organization","name":"Skyline V\u00fdlety","alternateName":"\u042d\u043a\u0441\u043a\u0443\u0440\u0441\u0438\u0438 Skyline","url":"https:\/\/skyline-gs.com\/it\/","logo":{"@type":"ImageObject","inLanguage":"cs","@id":"https:\/\/skyline-gs.com\/it\/#\/schema\/logo\/image\/","url":"https:\/\/skyline-gs.com\/wp-content\/uploads\/2020\/12\/cropped-logo-2.png","contentUrl":"https:\/\/skyline-gs.com\/wp-content\/uploads\/2020\/12\/cropped-logo-2.png","width":512,"height":512,"caption":"\u042d\u043a\u0441\u043a\u0443\u0440\u0441\u0438\u0438 Skyline"},"image":{"@id":"https:\/\/skyline-gs.com\/it\/#\/schema\/logo\/image\/"},"sameAs":["https:\/\/www.instagram.com\/skylineglobalservice\/"]}]}},"_links":{"self":[{"href":"https:\/\/skyline-gs.com\/cs\/wp-json\/wp\/v2\/product\/66139","targetHints":{"allow":["GET"]}}],"collection":[{"href":"https:\/\/skyline-gs.com\/cs\/wp-json\/wp\/v2\/product"}],"about":[{"href":"https:\/\/skyline-gs.com\/cs\/wp-json\/wp\/v2\/types\/product"}],"version-history":[{"count":0,"href":"https:\/\/skyline-gs.com\/cs\/wp-json\/wp\/v2\/product\/66139\/revisions"}],"wp:featuredmedia":[{"embeddable":true,"href":"https:\/\/skyline-gs.com\/cs\/wp-json\/wp\/v2\/media\/66151"}],"wp:attachment":[{"href":"https:\/\/skyline-gs.com\/cs\/wp-json\/wp\/v2\/media?parent=66139"}],"wp:term":[{"taxonomy":"product_brand","embeddable":true,"href":"https:\/\/skyline-gs.com\/cs\/wp-json\/wp\/v2\/product_brand?post=66139"},{"taxonomy":"product_cat","embeddable":true,"href":"https:\/\/skyline-gs.com\/cs\/wp-json\/wp\/v2\/product_cat?post=66139"},{"taxonomy":"product_tag","embeddable":true,"href":"https:\/\/skyline-gs.com\/cs\/wp-json\/wp\/v2\/product_tag?post=66139"}],"curies":[{"name":"wp","href":"https:\/\/api.w.org\/{rel}","templated":true}]}}