{"id":66131,"date":"2025-09-20T13:20:32","date_gmt":"2025-09-20T11:20:32","guid":{"rendered":"http:\/\/skyline-gs.com\/?post_type=product&#038;p=66131"},"modified":"2025-09-20T14:51:44","modified_gmt":"2025-09-20T12:51:44","slug":"excursion-to-cambodia-angkor-wat-from-pattaya-and-bangkok","status":"publish","type":"product","link":"https:\/\/skyline-gs.com\/cs\/product\/excursion-to-cambodia-angkor-wat-from-pattaya-and-bangkok\/","title":{"rendered":"V\u00fdlet do Kambod\u017ee, Angkor Wat z Pattayi a Bangkoku"},"content":{"rendered":"<p>Tento bohat\u00fd v\u00fdlet v\u00e1m umo\u017en\u00ed prohl\u00e9dnout si hlavn\u00ed pam\u00e1tky zem\u011b, sezn\u00e1mit se s histori\u00ed, zvyky a tradicemi jej\u00edch obyvatel. Pohodln\u00fd transfer, zelen\u00fd koridor, komfortn\u00ed hotely, profesion\u00e1ln\u00ed rusky mluv\u00edc\u00ed pr\u016fvodce - v\u0161e pro to, aby va\u0161e dovolen\u00e1 byla p\u0159\u00edjemn\u00e1 a nezapomenuteln\u00e1!<\/p>\n<p data-start=\"601\" data-end=\"613\"><strong data-start=\"601\" data-end=\"611\">1 den<\/strong><\/p>\n<ul data-start=\"614\" data-end=\"1075\">\n<li data-start=\"614\" data-end=\"687\">\n<p data-start=\"616\" data-end=\"687\">Brzk\u00fd odlet z Pattaye. P\u0159echod hranic \"zelen\u00fdm koridorem\".<\/p>\n<\/li>\n<li data-start=\"688\" data-end=\"729\">\n<p data-start=\"690\" data-end=\"729\">P\u0159ejezd do Siem Reap (cca 3-4 hodiny).<\/p>\n<\/li>\n<li data-start=\"730\" data-end=\"751\">\n<p data-start=\"732\" data-end=\"751\">Ob\u011bd v restauraci.<\/p>\n<\/li>\n<li data-start=\"752\" data-end=\"841\">\n<p data-start=\"754\" data-end=\"841\">Exkurze do chr\u00e1mov\u00e9ho komplexu Angkor Wat, nejv\u011bt\u0161\u00ed pam\u00e1tky khmersk\u00e9 civilizace.<\/p>\n<\/li>\n<li data-start=\"842\" data-end=\"920\">\n<p data-start=\"844\" data-end=\"920\">N\u00e1v\u0161t\u011bva chr\u00e1m\u016f Angkor Thom: Bayon, Terasa slon\u016f, Terasa kr\u00e1le Lepra.<\/p>\n<\/li>\n<li data-start=\"921\" data-end=\"988\">\n<p data-start=\"923\" data-end=\"988\">Ve\u010de\u0159e v restauraci s p\u0159edstaven\u00edm apsary - kambod\u017esk\u00e9ho n\u00e1rodn\u00edho tance.<\/p>\n<\/li>\n<li data-start=\"989\" data-end=\"1075\">\n<p data-start=\"991\" data-end=\"1075\">Ubytov\u00e1n\u00ed v hotelu (kategorie z\u00e1vis\u00ed na zvolen\u00e9m programu: Economy nebo Premium).<\/p>\n<\/li>\n<\/ul>\n<p data-start=\"1077\" data-end=\"1089\"><strong data-start=\"1077\" data-end=\"1087\">Den 2<\/strong><\/p>\n<ul data-start=\"1090\" data-end=\"1269\">\n<li data-start=\"1090\" data-end=\"1110\">\n<p data-start=\"1092\" data-end=\"1110\">Sn\u00eddan\u011b v hotelu.<\/p>\n<\/li>\n<li data-start=\"1111\" data-end=\"1179\">\n<p data-start=\"1113\" data-end=\"1179\">Exkurze do chr\u00e1mu Ta Prohm, kter\u00fd je zabalen\u00fd do ko\u0159en\u016f ob\u0159\u00edch strom\u016f.<\/p>\n<\/li>\n<li data-start=\"1180\" data-end=\"1189\">\n<p data-start=\"1182\" data-end=\"1189\">Ob\u011bd.<\/p>\n<\/li>\n<li data-start=\"1190\" data-end=\"1239\">\n<p data-start=\"1192\" data-end=\"1239\">N\u00e1vrat do Pattayi s p\u0159echodem hranic.<\/p>\n<\/li>\n<li data-start=\"1240\" data-end=\"1269\">\n<p data-start=\"1242\" data-end=\"1269\">P\u0159\u00edjezd do hotel\u016f ve ve\u010dern\u00edch hodin\u00e1ch.<\/p>\n<\/li>\n<\/ul>\n<p><strong>V\u010detn\u011b:<\/strong><\/p>\n<ul>\n<li data-start=\"1294\" data-end=\"1323\">Transfer z hotelu a do hotelu<\/li>\n<li data-start=\"1294\" data-end=\"1323\">Pr\u016fjezd hranice \"zelen\u00fdm koridorem\"<\/li>\n<li data-start=\"1294\" data-end=\"1323\">Poplatek za v\u00edzum<\/li>\n<li data-start=\"1294\" data-end=\"1323\">rusky mluv\u00edc\u00ed pr\u016fvodce<\/li>\n<li data-start=\"1294\" data-end=\"1323\">V\u0161echny vstupenky<\/li>\n<li data-start=\"1294\" data-end=\"1323\">Ob\u011bdy a ve\u010de\u0159e podle programu<\/li>\n<li data-start=\"1294\" data-end=\"1323\">Ubytov\u00e1n\u00ed v hotelu (Economy nebo Premium)<\/li>\n<li data-start=\"1294\" data-end=\"1323\">Poji\u0161t\u011bn\u00ed<\/li>\n<li style=\"list-style-type: none;\"><\/li>\n<\/ul>\n<p><strong>Vezm\u011bte si ji s sebou:<\/strong><\/p>\n<ul>\n<li data-start=\"1553\" data-end=\"1609\">Zahrani\u010dn\u00ed cestovn\u00ed pas (platn\u00fd nejm\u00e9n\u011b 6 m\u011bs\u00edc\u016f).<\/li>\n<li data-start=\"1553\" data-end=\"1609\">1 barevn\u00e1 fotografie 3\u00d74 pro v\u00edzum<\/li>\n<li data-start=\"1553\" data-end=\"1609\">Pohodln\u00e1 obuv a oble\u010den\u00ed<\/li>\n<li data-start=\"1553\" data-end=\"1609\">kamera<\/li>\n<li data-start=\"1553\" data-end=\"1609\">Pokr\u00fdvky hlavy a slune\u010dn\u00ed br\u00fdle<\/li>\n<li style=\"list-style-type: none;\"><\/li>\n<\/ul>\n<p data-start=\"1687\" data-end=\"1724\"><strong style=\"font-family: var(--global-body-font-family);\">Dal\u0161\u00ed informace:<\/strong><\/p>\n<ul>\n<li data-start=\"1764\" data-end=\"1810\">\n<p data-start=\"1766\" data-end=\"1810\">Prohl\u00eddka je vhodn\u00e1 pro turisty v\u0161ech v\u011bkov\u00fdch kategori\u00ed.<\/p>\n<\/li>\n<li data-start=\"1811\" data-end=\"1884\">\n<p data-start=\"1813\" data-end=\"1884\">Na \u00fazem\u00ed chr\u00e1mu je vy\u017eadov\u00e1n od\u011bv se zakryt\u00fdmi rameny a koleny.<\/p>\n<\/li>\n<li data-start=\"1885\" data-end=\"1940\">\n<p data-start=\"1887\" data-end=\"1940\">Mo\u017enost v\u00fdb\u011bru \u00farovn\u011b komfortu: Economy nebo Premium.<\/p>\n<\/li>\n<\/ul>","protected":false},"excerpt":{"rendered":"<p><strong data-start=\"334\" data-end=\"349\">Doba prohl\u00eddky:<\/strong> od \u010dasn\u00e9ho r\u00e1na (~ 6:30) do ve\u010dera (~ 22:00)<\/p>\n<p><strong data-start=\"396\" data-end=\"415\">Dny zadr\u017een\u00ed:<\/strong> \u00dater\u00fd, \u010dtvrtek, sobota<\/p>","protected":false},"featured_media":66134,"template":"","meta":{"_kad_post_transparent":"default","_kad_post_title":"","_kad_post_layout":"default","_kad_post_sidebar_id":"","_kad_post_content_style":"default","_kad_post_vertical_padding":"default","_kad_post_feature":"","_kad_post_feature_position":"","_kad_post_header":false,"_kad_post_footer":false,"_kad_post_classname":"","_glsr_average":0,"_glsr_ranking":0,"_glsr_reviews":0},"product_brand":[],"product_cat":[507],"product_tag":[],"class_list":{"0":"post-66131","1":"product","2":"type-product","3":"status-publish","4":"has-post-thumbnail","6":"product_cat-pattaya","7":"tm-has-options","9":"first","10":"instock","11":"sold-individually","12":"taxable","13":"shipping-taxable","14":"purchasable","15":"product-type-simple","16":"entry","17":"content-bg","18":"loop-entry"},"yoast_head":"<!-- This site is optimized with the Yoast SEO plugin v27.4 - https:\/\/yoast.com\/product\/yoast-seo-wordpress\/ -->\n<title>\u042d\u043a\u0441\u043a\u0443\u0440\u0441\u0438\u044f \u0432 \u041a\u0430\u043c\u0431\u043e\u0434\u0436\u0443, \u0410\u043d\u0433\u043a\u043e\u0440 \u0412\u0430\u0442 \u0438\u0437 \u041f\u0430\u0442\u0442\u0430\u0439\u0438 \u0438 \u0411\u0430\u043d\u0433\u043a\u043e\u043a\u0430 &#8226; \u042d\u043a\u0441\u043a\u0443\u0440\u0441\u0438\u0438 Skyline<\/title>\n<meta name=\"robots\" content=\"index, follow, max-snippet:-1, max-image-preview:large, max-video-preview:-1\" \/>\n<link rel=\"canonical\" href=\"http:\/\/skyline-gs.com\/cs\/produkt\/excursion-to-cambodia-angkor-wat-from-pattaya-and-bangkok\/\" \/>\n<meta property=\"og:locale\" content=\"cs_CZ\" \/>\n<meta property=\"og:type\" content=\"article\" \/>\n<meta property=\"og:title\" content=\"\u042d\u043a\u0441\u043a\u0443\u0440\u0441\u0438\u044f \u0432 \u041a\u0430\u043c\u0431\u043e\u0434\u0436\u0443, \u0410\u043d\u0433\u043a\u043e\u0440 \u0412\u0430\u0442 \u0438\u0437 \u041f\u0430\u0442\u0442\u0430\u0439\u0438 \u0438 \u0411\u0430\u043d\u0433\u043a\u043e\u043a\u0430 &#8226; \u042d\u043a\u0441\u043a\u0443\u0440\u0441\u0438\u0438 Skyline\" \/>\n<meta property=\"og:description\" content=\"\u0412\u0440\u0435\u043c\u044f \u0442\u0443\u0440\u0430: \u0441 \u0440\u0430\u043d\u043d\u0435\u0433\u043e \u0443\u0442\u0440\u0430 (~ 6:30) \u0434\u043e \u0432\u0435\u0447\u0435\u0440\u0430 (~ 22:00)  \u0414\u043d\u0438 \u043f\u0440\u043e\u0432\u0435\u0434\u0435\u043d\u0438\u044f: \u0412\u0442\u043e\u0440\u043d\u0438\u043a, \u0427\u0435\u0442\u0432\u0435\u0440\u0433, \u0421\u0443\u0431\u0431\u043e\u0442\u0430\" \/>\n<meta property=\"og:url\" content=\"http:\/\/skyline-gs.com\/cs\/produkt\/excursion-to-cambodia-angkor-wat-from-pattaya-and-bangkok\/\" \/>\n<meta property=\"og:site_name\" content=\"\u042d\u043a\u0441\u043a\u0443\u0440\u0441\u0438\u0438 Skyline\" \/>\n<meta property=\"article:modified_time\" content=\"2025-09-20T12:51:44+00:00\" \/>\n<meta property=\"og:image\" content=\"https:\/\/skyline-gs.com\/wp-content\/uploads\/2025\/09\/04a_0_0.jpg.webp\" \/>\n\t<meta property=\"og:image:width\" content=\"669\" \/>\n\t<meta property=\"og:image:height\" content=\"446\" \/>\n\t<meta property=\"og:image:type\" content=\"image\/webp\" \/>\n<meta name=\"twitter:card\" content=\"summary_large_image\" \/>\n<meta name=\"twitter:label1\" content=\"Odhadovan\u00e1 doba \u010dten\u00ed\" \/>\n\t<meta name=\"twitter:data1\" content=\"2 minuty\" \/>\n<script type=\"application\/ld+json\" class=\"yoast-schema-graph\">{\"@context\":\"https:\\\/\\\/schema.org\",\"@graph\":[{\"@type\":\"WebPage\",\"@id\":\"http:\\\/\\\/skyline-gs.com\\\/de\\\/produkt\\\/excursion-to-cambodia-angkor-wat-from-pattaya-and-bangkok\\\/\",\"url\":\"http:\\\/\\\/skyline-gs.com\\\/de\\\/produkt\\\/excursion-to-cambodia-angkor-wat-from-pattaya-and-bangkok\\\/\",\"name\":\"\u042d\u043a\u0441\u043a\u0443\u0440\u0441\u0438\u044f \u0432 \u041a\u0430\u043c\u0431\u043e\u0434\u0436\u0443, \u0410\u043d\u0433\u043a\u043e\u0440 \u0412\u0430\u0442 \u0438\u0437 \u041f\u0430\u0442\u0442\u0430\u0439\u0438 \u0438 \u0411\u0430\u043d\u0433\u043a\u043e\u043a\u0430 &#8226; \u042d\u043a\u0441\u043a\u0443\u0440\u0441\u0438\u0438 Skyline\",\"isPartOf\":{\"@id\":\"https:\\\/\\\/skyline-gs.com\\\/it\\\/#website\"},\"primaryImageOfPage\":{\"@id\":\"http:\\\/\\\/skyline-gs.com\\\/de\\\/produkt\\\/excursion-to-cambodia-angkor-wat-from-pattaya-and-bangkok\\\/#primaryimage\"},\"image\":{\"@id\":\"http:\\\/\\\/skyline-gs.com\\\/de\\\/produkt\\\/excursion-to-cambodia-angkor-wat-from-pattaya-and-bangkok\\\/#primaryimage\"},\"thumbnailUrl\":\"https:\\\/\\\/skyline-gs.com\\\/wp-content\\\/uploads\\\/2025\\\/09\\\/04a_0_0.jpg.webp\",\"datePublished\":\"2025-09-20T11:20:32+00:00\",\"dateModified\":\"2025-09-20T12:51:44+00:00\",\"breadcrumb\":{\"@id\":\"http:\\\/\\\/skyline-gs.com\\\/de\\\/produkt\\\/excursion-to-cambodia-angkor-wat-from-pattaya-and-bangkok\\\/#breadcrumb\"},\"inLanguage\":\"cs\",\"potentialAction\":[{\"@type\":\"ReadAction\",\"target\":[\"http:\\\/\\\/skyline-gs.com\\\/de\\\/produkt\\\/excursion-to-cambodia-angkor-wat-from-pattaya-and-bangkok\\\/\"]}]},{\"@type\":\"ImageObject\",\"inLanguage\":\"cs\",\"@id\":\"http:\\\/\\\/skyline-gs.com\\\/de\\\/produkt\\\/excursion-to-cambodia-angkor-wat-from-pattaya-and-bangkok\\\/#primaryimage\",\"url\":\"https:\\\/\\\/skyline-gs.com\\\/wp-content\\\/uploads\\\/2025\\\/09\\\/04a_0_0.jpg.webp\",\"contentUrl\":\"https:\\\/\\\/skyline-gs.com\\\/wp-content\\\/uploads\\\/2025\\\/09\\\/04a_0_0.jpg.webp\",\"width\":669,\"height\":446},{\"@type\":\"BreadcrumbList\",\"@id\":\"http:\\\/\\\/skyline-gs.com\\\/de\\\/produkt\\\/excursion-to-cambodia-angkor-wat-from-pattaya-and-bangkok\\\/#breadcrumb\",\"itemListElement\":[{\"@type\":\"ListItem\",\"position\":1,\"name\":\"\u0413\u043b\u0430\u0432\u043d\u0430\u044f \u0441\u0442\u0440\u0430\u043d\u0438\u0446\u0430\",\"item\":\"https:\\\/\\\/skyline-gs.com\\\/hu\\\/\"},{\"@type\":\"ListItem\",\"position\":2,\"name\":\"\u041c\u0430\u0433\u0430\u0437\u0438\u043d\",\"item\":\"https:\\\/\\\/skyline-gs.com\\\/cs\\\/shop\\\/\"},{\"@type\":\"ListItem\",\"position\":3,\"name\":\"\u042d\u043a\u0441\u043a\u0443\u0440\u0441\u0438\u044f \u0432 \u041a\u0430\u043c\u0431\u043e\u0434\u0436\u0443, \u0410\u043d\u0433\u043a\u043e\u0440 \u0412\u0430\u0442 \u0438\u0437 \u041f\u0430\u0442\u0442\u0430\u0439\u0438 \u0438 \u0411\u0430\u043d\u0433\u043a\u043e\u043a\u0430\"}]},{\"@type\":\"WebSite\",\"@id\":\"https:\\\/\\\/skyline-gs.com\\\/it\\\/#website\",\"url\":\"https:\\\/\\\/skyline-gs.com\\\/it\\\/\",\"name\":\"\u042d\u043a\u0441\u043a\u0443\u0440\u0441\u0438\u0438 Skyline\",\"description\":\"\u042d\u043a\u0441\u043a\u043b\u044e\u0437\u0438\u0432\u043d\u044b\u0435 \u044d\u043a\u0441\u043a\u0443\u0440\u0441\u0438\u0438 \u043d\u0430 \u043b\u0443\u0447\u0448\u0438\u0445 \u043a\u0443\u0440\u043e\u0440\u0442\u0430\u0445 \u043c\u0438\u0440\u0430\",\"publisher\":{\"@id\":\"https:\\\/\\\/skyline-gs.com\\\/it\\\/#organization\"},\"alternateName\":\"Skyline\",\"potentialAction\":[{\"@type\":\"SearchAction\",\"target\":{\"@type\":\"EntryPoint\",\"urlTemplate\":\"https:\\\/\\\/skyline-gs.com\\\/it\\\/?s={search_term_string}\"},\"query-input\":{\"@type\":\"PropertyValueSpecification\",\"valueRequired\":true,\"valueName\":\"search_term_string\"}}],\"inLanguage\":\"cs\"},{\"@type\":\"Organization\",\"@id\":\"https:\\\/\\\/skyline-gs.com\\\/it\\\/#organization\",\"name\":\"\u042d\u043a\u0441\u043a\u0443\u0440\u0441\u0438\u0438 Skyline\",\"alternateName\":\"\u042d\u043a\u0441\u043a\u0443\u0440\u0441\u0438\u0438 Skyline\",\"url\":\"https:\\\/\\\/skyline-gs.com\\\/it\\\/\",\"logo\":{\"@type\":\"ImageObject\",\"inLanguage\":\"cs\",\"@id\":\"https:\\\/\\\/skyline-gs.com\\\/it\\\/#\\\/schema\\\/logo\\\/image\\\/\",\"url\":\"https:\\\/\\\/skyline-gs.com\\\/wp-content\\\/uploads\\\/2020\\\/12\\\/cropped-logo-2.png\",\"contentUrl\":\"https:\\\/\\\/skyline-gs.com\\\/wp-content\\\/uploads\\\/2020\\\/12\\\/cropped-logo-2.png\",\"width\":512,\"height\":512,\"caption\":\"\u042d\u043a\u0441\u043a\u0443\u0440\u0441\u0438\u0438 Skyline\"},\"image\":{\"@id\":\"https:\\\/\\\/skyline-gs.com\\\/it\\\/#\\\/schema\\\/logo\\\/image\\\/\"},\"sameAs\":[\"https:\\\/\\\/www.instagram.com\\\/skylineglobalservice\\\/\"]}]}<\/script>\n<!-- \/ Yoast SEO plugin. -->","yoast_head_json":{"title":"V\u00fdlet do Kambod\u017ee, Angkor Wat z Pattayi a Bangkoku - Skyline Excursions","robots":{"index":"index","follow":"follow","max-snippet":"max-snippet:-1","max-image-preview":"max-image-preview:large","max-video-preview":"max-video-preview:-1"},"canonical":"http:\/\/skyline-gs.com\/cs\/produkt\/excursion-to-cambodia-angkor-wat-from-pattaya-and-bangkok\/","og_locale":"cs_CZ","og_type":"article","og_title":"\u042d\u043a\u0441\u043a\u0443\u0440\u0441\u0438\u044f \u0432 \u041a\u0430\u043c\u0431\u043e\u0434\u0436\u0443, \u0410\u043d\u0433\u043a\u043e\u0440 \u0412\u0430\u0442 \u0438\u0437 \u041f\u0430\u0442\u0442\u0430\u0439\u0438 \u0438 \u0411\u0430\u043d\u0433\u043a\u043e\u043a\u0430 &#8226; \u042d\u043a\u0441\u043a\u0443\u0440\u0441\u0438\u0438 Skyline","og_description":"\u0412\u0440\u0435\u043c\u044f \u0442\u0443\u0440\u0430: \u0441 \u0440\u0430\u043d\u043d\u0435\u0433\u043e \u0443\u0442\u0440\u0430 (~ 6:30) \u0434\u043e \u0432\u0435\u0447\u0435\u0440\u0430 (~ 22:00)  \u0414\u043d\u0438 \u043f\u0440\u043e\u0432\u0435\u0434\u0435\u043d\u0438\u044f: \u0412\u0442\u043e\u0440\u043d\u0438\u043a, \u0427\u0435\u0442\u0432\u0435\u0440\u0433, \u0421\u0443\u0431\u0431\u043e\u0442\u0430","og_url":"http:\/\/skyline-gs.com\/cs\/produkt\/excursion-to-cambodia-angkor-wat-from-pattaya-and-bangkok\/","og_site_name":"\u042d\u043a\u0441\u043a\u0443\u0440\u0441\u0438\u0438 Skyline","article_modified_time":"2025-09-20T12:51:44+00:00","og_image":[{"width":669,"height":446,"url":"https:\/\/skyline-gs.com\/wp-content\/uploads\/2025\/09\/04a_0_0.jpg.webp","type":"image\/webp"}],"twitter_card":"summary_large_image","twitter_misc":{"Odhadovan\u00e1 doba \u010dten\u00ed":"2 minuty"},"schema":{"@context":"https:\/\/schema.org","@graph":[{"@type":"WebPage","@id":"http:\/\/skyline-gs.com\/de\/produkt\/excursion-to-cambodia-angkor-wat-from-pattaya-and-bangkok\/","url":"http:\/\/skyline-gs.com\/de\/produkt\/excursion-to-cambodia-angkor-wat-from-pattaya-and-bangkok\/","name":"V\u00fdlet do Kambod\u017ee, Angkor Wat z Pattayi a Bangkoku - Skyline Excursions","isPartOf":{"@id":"https:\/\/skyline-gs.com\/it\/#website"},"primaryImageOfPage":{"@id":"http:\/\/skyline-gs.com\/de\/produkt\/excursion-to-cambodia-angkor-wat-from-pattaya-and-bangkok\/#primaryimage"},"image":{"@id":"http:\/\/skyline-gs.com\/de\/produkt\/excursion-to-cambodia-angkor-wat-from-pattaya-and-bangkok\/#primaryimage"},"thumbnailUrl":"https:\/\/skyline-gs.com\/wp-content\/uploads\/2025\/09\/04a_0_0.jpg.webp","datePublished":"2025-09-20T11:20:32+00:00","dateModified":"2025-09-20T12:51:44+00:00","breadcrumb":{"@id":"http:\/\/skyline-gs.com\/de\/produkt\/excursion-to-cambodia-angkor-wat-from-pattaya-and-bangkok\/#breadcrumb"},"inLanguage":"cs","potentialAction":[{"@type":"ReadAction","target":["http:\/\/skyline-gs.com\/de\/produkt\/excursion-to-cambodia-angkor-wat-from-pattaya-and-bangkok\/"]}]},{"@type":"ImageObject","inLanguage":"cs","@id":"http:\/\/skyline-gs.com\/de\/produkt\/excursion-to-cambodia-angkor-wat-from-pattaya-and-bangkok\/#primaryimage","url":"https:\/\/skyline-gs.com\/wp-content\/uploads\/2025\/09\/04a_0_0.jpg.webp","contentUrl":"https:\/\/skyline-gs.com\/wp-content\/uploads\/2025\/09\/04a_0_0.jpg.webp","width":669,"height":446},{"@type":"BreadcrumbList","@id":"http:\/\/skyline-gs.com\/de\/produkt\/excursion-to-cambodia-angkor-wat-from-pattaya-and-bangkok\/#breadcrumb","itemListElement":[{"@type":"ListItem","position":1,"name":"\u0413\u043b\u0430\u0432\u043d\u0430\u044f \u0441\u0442\u0440\u0430\u043d\u0438\u0446\u0430","item":"https:\/\/skyline-gs.com\/hu\/"},{"@type":"ListItem","position":2,"name":"\u041c\u0430\u0433\u0430\u0437\u0438\u043d","item":"https:\/\/skyline-gs.com\/cs\/shop\/"},{"@type":"ListItem","position":3,"name":"\u042d\u043a\u0441\u043a\u0443\u0440\u0441\u0438\u044f \u0432 \u041a\u0430\u043c\u0431\u043e\u0434\u0436\u0443, \u0410\u043d\u0433\u043a\u043e\u0440 \u0412\u0430\u0442 \u0438\u0437 \u041f\u0430\u0442\u0442\u0430\u0439\u0438 \u0438 \u0411\u0430\u043d\u0433\u043a\u043e\u043a\u0430"}]},{"@type":"WebSite","@id":"https:\/\/skyline-gs.com\/it\/#website","url":"https:\/\/skyline-gs.com\/it\/","name":"Skyline V\u00fdlety","description":"Exkluzivn\u00ed v\u00fdlety do nejlep\u0161\u00edch sv\u011btov\u00fdch letovisek","publisher":{"@id":"https:\/\/skyline-gs.com\/it\/#organization"},"alternateName":"Skyline","potentialAction":[{"@type":"SearchAction","target":{"@type":"EntryPoint","urlTemplate":"https:\/\/skyline-gs.com\/it\/?s={search_term_string}"},"query-input":{"@type":"PropertyValueSpecification","valueRequired":true,"valueName":"search_term_string"}}],"inLanguage":"cs"},{"@type":"Organization","@id":"https:\/\/skyline-gs.com\/it\/#organization","name":"Skyline V\u00fdlety","alternateName":"\u042d\u043a\u0441\u043a\u0443\u0440\u0441\u0438\u0438 Skyline","url":"https:\/\/skyline-gs.com\/it\/","logo":{"@type":"ImageObject","inLanguage":"cs","@id":"https:\/\/skyline-gs.com\/it\/#\/schema\/logo\/image\/","url":"https:\/\/skyline-gs.com\/wp-content\/uploads\/2020\/12\/cropped-logo-2.png","contentUrl":"https:\/\/skyline-gs.com\/wp-content\/uploads\/2020\/12\/cropped-logo-2.png","width":512,"height":512,"caption":"\u042d\u043a\u0441\u043a\u0443\u0440\u0441\u0438\u0438 Skyline"},"image":{"@id":"https:\/\/skyline-gs.com\/it\/#\/schema\/logo\/image\/"},"sameAs":["https:\/\/www.instagram.com\/skylineglobalservice\/"]}]}},"_links":{"self":[{"href":"https:\/\/skyline-gs.com\/cs\/wp-json\/wp\/v2\/product\/66131","targetHints":{"allow":["GET"]}}],"collection":[{"href":"https:\/\/skyline-gs.com\/cs\/wp-json\/wp\/v2\/product"}],"about":[{"href":"https:\/\/skyline-gs.com\/cs\/wp-json\/wp\/v2\/types\/product"}],"version-history":[{"count":0,"href":"https:\/\/skyline-gs.com\/cs\/wp-json\/wp\/v2\/product\/66131\/revisions"}],"wp:featuredmedia":[{"embeddable":true,"href":"https:\/\/skyline-gs.com\/cs\/wp-json\/wp\/v2\/media\/66134"}],"wp:attachment":[{"href":"https:\/\/skyline-gs.com\/cs\/wp-json\/wp\/v2\/media?parent=66131"}],"wp:term":[{"taxonomy":"product_brand","embeddable":true,"href":"https:\/\/skyline-gs.com\/cs\/wp-json\/wp\/v2\/product_brand?post=66131"},{"taxonomy":"product_cat","embeddable":true,"href":"https:\/\/skyline-gs.com\/cs\/wp-json\/wp\/v2\/product_cat?post=66131"},{"taxonomy":"product_tag","embeddable":true,"href":"https:\/\/skyline-gs.com\/cs\/wp-json\/wp\/v2\/product_tag?post=66131"}],"curies":[{"name":"wp","href":"https:\/\/api.w.org\/{rel}","templated":true}]}}