{"id":65491,"date":"2025-08-26T23:15:19","date_gmt":"2025-08-26T21:15:19","guid":{"rendered":"http:\/\/skyline-gs.com\/?post_type=product&#038;p=65491"},"modified":"2025-09-29T01:24:40","modified_gmt":"2025-09-28T23:24:40","slug":"kotor-pirast-and-porto-montenegro-budva","status":"publish","type":"product","link":"https:\/\/skyline-gs.com\/cs\/product\/kotor-pirast-and-porto-montenegro-budva\/","title":{"rendered":"Individu\u00e1ln\u00ed z\u00e1jezd: Kotor, Perast a Porto \u010cern\u00e1 Hora"},"content":{"rendered":"<p data-start=\"53\" data-end=\"293\"><strong data-start=\"53\" data-end=\"107\">Pob\u0159e\u017en\u00ed m\u011bsta: Kotor, Perast a Porto Montenegro<\/strong> - je v\u00fdlet pro ty, kte\u0159\u00ed cht\u011bj\u00ed poznat architektonick\u00e9 a kulturn\u00ed skvosty Jadranu. Na t\u00e9to cest\u011b na v\u00e1s \u010dekaj\u00ed st\u0159edov\u011bk\u00e1 m\u011bsta, legendy i modern\u00ed p\u0159\u00edstavy.<\/p>\n<p data-start=\"295\" data-end=\"359\"><strong>9:00 - Odjezd z hotelov\u00e9 haly.<\/strong><\/p>\n<ul>\n<li data-start=\"361\" data-end=\"1462\"><strong>M\u011bsto Kotor<\/strong> - Starobyl\u00e9 st\u0159edov\u011bk\u00e9 m\u011bsto s bohatou histori\u00ed se nach\u00e1z\u00ed na b\u0159ehu z\u00e1livu Boko-Kotor. Jedine\u010dn\u00fd soubor pevnostn\u00edch hradeb, katedr\u00e1l a \u00fazk\u00fdch uli\u010dek je zaps\u00e1n na seznamu sv\u011btov\u00e9ho d\u011bdictv\u00ed UNESCO. Je zde c\u00edtit atmosf\u00e9ra Evropy 15. stolet\u00ed.<\/li>\n<li data-start=\"361\" data-end=\"1462\"><strong>M\u011bsto Perast<\/strong> - mal\u00e9 barokn\u00ed m\u011bste\u010dko, kter\u00e9 je ozna\u010dov\u00e1no za \"nejobl\u00edben\u011bj\u0161\u00ed m\u00edsto na Instagramu v \u010cern\u00e9 Ho\u0159e\". Panoramatick\u00e9 v\u00fdhledy, \u00fazk\u00e9 uli\u010dky a historick\u00e9 budovy vytv\u00e1\u0159ej\u00ed zvl\u00e1\u0161tn\u00ed romantickou atmosf\u00e9ru.<\/li>\n<li data-start=\"361\" data-end=\"1462\"><strong>Ostrov St Mary's<\/strong> na \u00fatesu (fakultativn\u011b, za p\u0159\u00edplatek) - jeden z nejzn\u00e1m\u011bj\u0161\u00edch symbol\u016f zem\u011b. Jedn\u00e1 se o um\u011bl\u00fd ostrov s malebn\u00fdm kostelem a muzeem.<br data-start=\"983\" data-end=\"986\" \/><strong>\u00dast\u0159icov\u00e1 farma<\/strong> (nepovinn\u00e9) - zastavte se na ochutn\u00e1vku nej\u010derstv\u011bj\u0161\u00edch \u00fast\u0159ic a v\u00edna p\u0159\u00edmo u mo\u0159e.<\/li>\n<li data-start=\"361\" data-end=\"1462\"><strong>M\u011bsto Tivat a Porto \u010cern\u00e1 Hora<\/strong> - Modern\u00ed luxusn\u00ed p\u0159\u00edstav, nejv\u011bt\u0161\u00ed marina pro superjachty na sv\u011bt\u011b. M\u016f\u017eete se zde proch\u00e1zet po n\u00e1b\u0159e\u017e\u00ed a za\u017e\u00edt atmosf\u00e9ru presti\u017en\u00edho letoviska.<\/li>\n<li data-start=\"361\" data-end=\"1462\"><strong>lanovka<\/strong> (fakultativn\u011b, vstupenka se plat\u00ed zvl\u00e1\u0161\u0165 - 25 \u20ac na osobu) - v\u00fdstup do v\u00fd\u0161ky 1350 m n. m., odkud se v\u00e1m naskytne z\u00e1vratn\u00e9 panorama Bokokotorsk\u00e9ho z\u00e1livu.<\/li>\n<\/ul>\n<p data-start=\"1464\" data-end=\"1513\"><strong data-start=\"1464\" data-end=\"1511\">16:00 - N\u00e1vrat do hotelu.<\/strong><\/p>\n<p data-start=\"1232\" data-end=\"1247\"><strong data-start=\"1232\" data-end=\"1245\">V\u010detn\u011b:<\/strong><\/p>\n<ul data-start=\"1248\" data-end=\"1333\">\n<li>Transfery z hotelu a do hotelu<\/li>\n<li>V\u0161echny transfery v r\u00e1mci programu soukrom\u00fdm vozem s klimatizac\u00ed<\/li>\n<li>rusky mluv\u00edc\u00ed pr\u016fvodce<\/li>\n<\/ul>\n<p data-start=\"1335\" data-end=\"1353\"><strong data-start=\"1335\" data-end=\"1351\">Nen\u00ed sou\u010d\u00e1st\u00ed dod\u00e1vky:<\/strong><\/p>\n<ul>\n<li data-start=\"1356\" data-end=\"1363\">Ob\u011bd<\/li>\n<li data-start=\"1356\" data-end=\"1363\">J\u00edzdenka na lanovku<\/li>\n<li data-start=\"1356\" data-end=\"1363\">V\u00fdlet lod\u00ed<\/li>\n<\/ul>\n<p data-start=\"1426\" data-end=\"1449\"><strong data-start=\"1426\" data-end=\"1447\">Vezm\u011bte si ji s sebou:<\/strong><\/p>\n<ul>\n<li data-start=\"1452\" data-end=\"1468\">Pohodln\u00e1 obuv<\/li>\n<li data-start=\"1452\" data-end=\"1468\">Pokr\u00fdvka hlavy<\/li>\n<li data-start=\"1452\" data-end=\"1468\">Pen\u00edze na osobn\u00ed v\u00fddaje<\/li>\n<\/ul>\n<p><strong>Podm\u00ednky rezervace:<\/strong><\/p>\n<ul>\n<li>P\u0159edb\u011b\u017en\u00e1 platba 20%.<\/li>\n<\/ul>","protected":false},"excerpt":{"rendered":"<p><strong>Doba prohl\u00eddky:<\/strong> 9:00 \u2014 16:00<\/p>\n<p><strong>Dny zadr\u017een\u00ed:<\/strong> Ka\u017ed\u00fd den.<\/p>","protected":false},"featured_media":65528,"template":"","meta":{"_kad_post_transparent":"default","_kad_post_title":"","_kad_post_layout":"default","_kad_post_sidebar_id":"","_kad_post_content_style":"default","_kad_post_vertical_padding":"default","_kad_post_feature":"","_kad_post_feature_position":"","_kad_post_header":false,"_kad_post_footer":false,"_kad_post_classname":"","_glsr_average":0,"_glsr_ranking":0,"_glsr_reviews":0},"product_brand":[],"product_cat":[504],"product_tag":[],"class_list":{"0":"post-65491","1":"product","2":"type-product","3":"status-publish","4":"has-post-thumbnail","6":"product_cat-budva","7":"tm-has-options","9":"first","10":"instock","11":"sale","12":"sold-individually","13":"taxable","14":"shipping-taxable","15":"purchasable","16":"product-type-simple","17":"entry","18":"content-bg","19":"loop-entry"},"yoast_head":"<!-- This site is optimized with the Yoast SEO plugin v27.3 - https:\/\/yoast.com\/product\/yoast-seo-wordpress\/ -->\n<title>\u0418\u043d\u0434\u0438\u0432\u0438\u0434\u0443\u0430\u043b\u044c\u043d\u044b\u0439 \u0442\u0443\u0440: \u041a\u043e\u0442\u043e\u0440, \u041f\u0435\u0440\u0430\u0441\u0442 \u0438 \u041f\u043e\u0440\u0442\u043e \u041c\u043e\u043d\u0442\u0435\u043d\u0435\u0433\u0440\u043e &#8226; \u042d\u043a\u0441\u043a\u0443\u0440\u0441\u0438\u0438 Skyline<\/title>\n<meta name=\"robots\" content=\"index, follow, max-snippet:-1, max-image-preview:large, max-video-preview:-1\" \/>\n<link rel=\"canonical\" href=\"http:\/\/skyline-gs.com\/cs\/produkt\/kotor-pirast-and-porto-montenegro-budva\/\" \/>\n<meta property=\"og:locale\" content=\"cs_CZ\" \/>\n<meta property=\"og:type\" content=\"article\" \/>\n<meta property=\"og:title\" content=\"\u0418\u043d\u0434\u0438\u0432\u0438\u0434\u0443\u0430\u043b\u044c\u043d\u044b\u0439 \u0442\u0443\u0440: \u041a\u043e\u0442\u043e\u0440, \u041f\u0435\u0440\u0430\u0441\u0442 \u0438 \u041f\u043e\u0440\u0442\u043e \u041c\u043e\u043d\u0442\u0435\u043d\u0435\u0433\u0440\u043e &#8226; \u042d\u043a\u0441\u043a\u0443\u0440\u0441\u0438\u0438 Skyline\" \/>\n<meta property=\"og:description\" content=\"\u0412\u0440\u0435\u043c\u044f \u0442\u0443\u0440\u0430: 9:00 - 16:00  \u0414\u043d\u0438 \u043f\u0440\u043e\u0432\u0435\u0434\u0435\u043d\u0438\u044f: \u041a\u0430\u0436\u0434\u044b\u0439 \u0434\u0435\u043d\u044c\" \/>\n<meta property=\"og:url\" content=\"http:\/\/skyline-gs.com\/cs\/produkt\/kotor-pirast-and-porto-montenegro-budva\/\" \/>\n<meta property=\"og:site_name\" content=\"\u042d\u043a\u0441\u043a\u0443\u0440\u0441\u0438\u0438 Skyline\" \/>\n<meta property=\"article:modified_time\" content=\"2025-09-28T23:24:40+00:00\" \/>\n<meta property=\"og:image\" content=\"https:\/\/skyline-gs.com\/wp-content\/uploads\/2025\/08\/34.jpg\" \/>\n\t<meta property=\"og:image:width\" content=\"669\" \/>\n\t<meta property=\"og:image:height\" content=\"446\" \/>\n\t<meta property=\"og:image:type\" content=\"image\/jpeg\" \/>\n<meta name=\"twitter:card\" content=\"summary_large_image\" \/>\n<meta name=\"twitter:label1\" content=\"Odhadovan\u00e1 doba \u010dten\u00ed\" \/>\n\t<meta name=\"twitter:data1\" content=\"2 minuty\" \/>\n<script type=\"application\/ld+json\" class=\"yoast-schema-graph\">{\"@context\":\"https:\\\/\\\/schema.org\",\"@graph\":[{\"@type\":\"WebPage\",\"@id\":\"http:\\\/\\\/skyline-gs.com\\\/de\\\/produkt\\\/kotor-pirast-and-porto-montenegro-budva\\\/\",\"url\":\"http:\\\/\\\/skyline-gs.com\\\/de\\\/produkt\\\/kotor-pirast-and-porto-montenegro-budva\\\/\",\"name\":\"\u0418\u043d\u0434\u0438\u0432\u0438\u0434\u0443\u0430\u043b\u044c\u043d\u044b\u0439 \u0442\u0443\u0440: \u041a\u043e\u0442\u043e\u0440, \u041f\u0435\u0440\u0430\u0441\u0442 \u0438 \u041f\u043e\u0440\u0442\u043e \u041c\u043e\u043d\u0442\u0435\u043d\u0435\u0433\u0440\u043e &#8226; \u042d\u043a\u0441\u043a\u0443\u0440\u0441\u0438\u0438 Skyline\",\"isPartOf\":{\"@id\":\"https:\\\/\\\/skyline-gs.com\\\/it\\\/#website\"},\"primaryImageOfPage\":{\"@id\":\"http:\\\/\\\/skyline-gs.com\\\/de\\\/produkt\\\/kotor-pirast-and-porto-montenegro-budva\\\/#primaryimage\"},\"image\":{\"@id\":\"http:\\\/\\\/skyline-gs.com\\\/de\\\/produkt\\\/kotor-pirast-and-porto-montenegro-budva\\\/#primaryimage\"},\"thumbnailUrl\":\"https:\\\/\\\/skyline-gs.com\\\/wp-content\\\/uploads\\\/2025\\\/08\\\/34.jpg\",\"datePublished\":\"2025-08-26T21:15:19+00:00\",\"dateModified\":\"2025-09-28T23:24:40+00:00\",\"breadcrumb\":{\"@id\":\"http:\\\/\\\/skyline-gs.com\\\/de\\\/produkt\\\/kotor-pirast-and-porto-montenegro-budva\\\/#breadcrumb\"},\"inLanguage\":\"cs\",\"potentialAction\":[{\"@type\":\"ReadAction\",\"target\":[\"http:\\\/\\\/skyline-gs.com\\\/de\\\/produkt\\\/kotor-pirast-and-porto-montenegro-budva\\\/\"]}]},{\"@type\":\"ImageObject\",\"inLanguage\":\"cs\",\"@id\":\"http:\\\/\\\/skyline-gs.com\\\/de\\\/produkt\\\/kotor-pirast-and-porto-montenegro-budva\\\/#primaryimage\",\"url\":\"https:\\\/\\\/skyline-gs.com\\\/wp-content\\\/uploads\\\/2025\\\/08\\\/34.jpg\",\"contentUrl\":\"https:\\\/\\\/skyline-gs.com\\\/wp-content\\\/uploads\\\/2025\\\/08\\\/34.jpg\",\"width\":669,\"height\":446},{\"@type\":\"BreadcrumbList\",\"@id\":\"http:\\\/\\\/skyline-gs.com\\\/de\\\/produkt\\\/kotor-pirast-and-porto-montenegro-budva\\\/#breadcrumb\",\"itemListElement\":[{\"@type\":\"ListItem\",\"position\":1,\"name\":\"\u0413\u043b\u0430\u0432\u043d\u0430\u044f \u0441\u0442\u0440\u0430\u043d\u0438\u0446\u0430\",\"item\":\"https:\\\/\\\/skyline-gs.com\\\/hu\\\/\"},{\"@type\":\"ListItem\",\"position\":2,\"name\":\"\u041c\u0430\u0433\u0430\u0437\u0438\u043d\",\"item\":\"https:\\\/\\\/skyline-gs.com\\\/cs\\\/shop\\\/\"},{\"@type\":\"ListItem\",\"position\":3,\"name\":\"\u0418\u043d\u0434\u0438\u0432\u0438\u0434\u0443\u0430\u043b\u044c\u043d\u044b\u0439 \u0442\u0443\u0440: \u041a\u043e\u0442\u043e\u0440, \u041f\u0435\u0440\u0430\u0441\u0442 \u0438 \u041f\u043e\u0440\u0442\u043e \u041c\u043e\u043d\u0442\u0435\u043d\u0435\u0433\u0440\u043e\"}]},{\"@type\":\"WebSite\",\"@id\":\"https:\\\/\\\/skyline-gs.com\\\/it\\\/#website\",\"url\":\"https:\\\/\\\/skyline-gs.com\\\/it\\\/\",\"name\":\"\u042d\u043a\u0441\u043a\u0443\u0440\u0441\u0438\u0438 Skyline\",\"description\":\"\u042d\u043a\u0441\u043a\u043b\u044e\u0437\u0438\u0432\u043d\u044b\u0435 \u044d\u043a\u0441\u043a\u0443\u0440\u0441\u0438\u0438 \u043d\u0430 \u043b\u0443\u0447\u0448\u0438\u0445 \u043a\u0443\u0440\u043e\u0440\u0442\u0430\u0445 \u043c\u0438\u0440\u0430\",\"publisher\":{\"@id\":\"https:\\\/\\\/skyline-gs.com\\\/it\\\/#organization\"},\"alternateName\":\"Skyline\",\"potentialAction\":[{\"@type\":\"SearchAction\",\"target\":{\"@type\":\"EntryPoint\",\"urlTemplate\":\"https:\\\/\\\/skyline-gs.com\\\/it\\\/?s={search_term_string}\"},\"query-input\":{\"@type\":\"PropertyValueSpecification\",\"valueRequired\":true,\"valueName\":\"search_term_string\"}}],\"inLanguage\":\"cs\"},{\"@type\":\"Organization\",\"@id\":\"https:\\\/\\\/skyline-gs.com\\\/it\\\/#organization\",\"name\":\"\u042d\u043a\u0441\u043a\u0443\u0440\u0441\u0438\u0438 Skyline\",\"alternateName\":\"\u042d\u043a\u0441\u043a\u0443\u0440\u0441\u0438\u0438 Skyline\",\"url\":\"https:\\\/\\\/skyline-gs.com\\\/it\\\/\",\"logo\":{\"@type\":\"ImageObject\",\"inLanguage\":\"cs\",\"@id\":\"https:\\\/\\\/skyline-gs.com\\\/it\\\/#\\\/schema\\\/logo\\\/image\\\/\",\"url\":\"https:\\\/\\\/skyline-gs.com\\\/wp-content\\\/uploads\\\/2020\\\/12\\\/cropped-logo-2.png\",\"contentUrl\":\"https:\\\/\\\/skyline-gs.com\\\/wp-content\\\/uploads\\\/2020\\\/12\\\/cropped-logo-2.png\",\"width\":512,\"height\":512,\"caption\":\"\u042d\u043a\u0441\u043a\u0443\u0440\u0441\u0438\u0438 Skyline\"},\"image\":{\"@id\":\"https:\\\/\\\/skyline-gs.com\\\/it\\\/#\\\/schema\\\/logo\\\/image\\\/\"},\"sameAs\":[\"https:\\\/\\\/www.instagram.com\\\/skylineglobalservice\\\/\"]}]}<\/script>\n<!-- \/ Yoast SEO plugin. -->","yoast_head_json":{"title":"Individu\u00e1ln\u00ed prohl\u00eddka: Kotor, Perast a Porto \u010cern\u00e1 Hora - Skyline Excursions","robots":{"index":"index","follow":"follow","max-snippet":"max-snippet:-1","max-image-preview":"max-image-preview:large","max-video-preview":"max-video-preview:-1"},"canonical":"http:\/\/skyline-gs.com\/cs\/produkt\/kotor-pirast-and-porto-montenegro-budva\/","og_locale":"cs_CZ","og_type":"article","og_title":"\u0418\u043d\u0434\u0438\u0432\u0438\u0434\u0443\u0430\u043b\u044c\u043d\u044b\u0439 \u0442\u0443\u0440: \u041a\u043e\u0442\u043e\u0440, \u041f\u0435\u0440\u0430\u0441\u0442 \u0438 \u041f\u043e\u0440\u0442\u043e \u041c\u043e\u043d\u0442\u0435\u043d\u0435\u0433\u0440\u043e &#8226; \u042d\u043a\u0441\u043a\u0443\u0440\u0441\u0438\u0438 Skyline","og_description":"\u0412\u0440\u0435\u043c\u044f \u0442\u0443\u0440\u0430: 9:00 - 16:00  \u0414\u043d\u0438 \u043f\u0440\u043e\u0432\u0435\u0434\u0435\u043d\u0438\u044f: \u041a\u0430\u0436\u0434\u044b\u0439 \u0434\u0435\u043d\u044c","og_url":"http:\/\/skyline-gs.com\/cs\/produkt\/kotor-pirast-and-porto-montenegro-budva\/","og_site_name":"\u042d\u043a\u0441\u043a\u0443\u0440\u0441\u0438\u0438 Skyline","article_modified_time":"2025-09-28T23:24:40+00:00","og_image":[{"width":669,"height":446,"url":"https:\/\/skyline-gs.com\/wp-content\/uploads\/2025\/08\/34.jpg","type":"image\/jpeg"}],"twitter_card":"summary_large_image","twitter_misc":{"Odhadovan\u00e1 doba \u010dten\u00ed":"2 minuty"},"schema":{"@context":"https:\/\/schema.org","@graph":[{"@type":"WebPage","@id":"http:\/\/skyline-gs.com\/de\/produkt\/kotor-pirast-and-porto-montenegro-budva\/","url":"http:\/\/skyline-gs.com\/de\/produkt\/kotor-pirast-and-porto-montenegro-budva\/","name":"Individu\u00e1ln\u00ed prohl\u00eddka: Kotor, Perast a Porto \u010cern\u00e1 Hora - Skyline Excursions","isPartOf":{"@id":"https:\/\/skyline-gs.com\/it\/#website"},"primaryImageOfPage":{"@id":"http:\/\/skyline-gs.com\/de\/produkt\/kotor-pirast-and-porto-montenegro-budva\/#primaryimage"},"image":{"@id":"http:\/\/skyline-gs.com\/de\/produkt\/kotor-pirast-and-porto-montenegro-budva\/#primaryimage"},"thumbnailUrl":"https:\/\/skyline-gs.com\/wp-content\/uploads\/2025\/08\/34.jpg","datePublished":"2025-08-26T21:15:19+00:00","dateModified":"2025-09-28T23:24:40+00:00","breadcrumb":{"@id":"http:\/\/skyline-gs.com\/de\/produkt\/kotor-pirast-and-porto-montenegro-budva\/#breadcrumb"},"inLanguage":"cs","potentialAction":[{"@type":"ReadAction","target":["http:\/\/skyline-gs.com\/de\/produkt\/kotor-pirast-and-porto-montenegro-budva\/"]}]},{"@type":"ImageObject","inLanguage":"cs","@id":"http:\/\/skyline-gs.com\/de\/produkt\/kotor-pirast-and-porto-montenegro-budva\/#primaryimage","url":"https:\/\/skyline-gs.com\/wp-content\/uploads\/2025\/08\/34.jpg","contentUrl":"https:\/\/skyline-gs.com\/wp-content\/uploads\/2025\/08\/34.jpg","width":669,"height":446},{"@type":"BreadcrumbList","@id":"http:\/\/skyline-gs.com\/de\/produkt\/kotor-pirast-and-porto-montenegro-budva\/#breadcrumb","itemListElement":[{"@type":"ListItem","position":1,"name":"\u0413\u043b\u0430\u0432\u043d\u0430\u044f \u0441\u0442\u0440\u0430\u043d\u0438\u0446\u0430","item":"https:\/\/skyline-gs.com\/hu\/"},{"@type":"ListItem","position":2,"name":"\u041c\u0430\u0433\u0430\u0437\u0438\u043d","item":"https:\/\/skyline-gs.com\/cs\/shop\/"},{"@type":"ListItem","position":3,"name":"\u0418\u043d\u0434\u0438\u0432\u0438\u0434\u0443\u0430\u043b\u044c\u043d\u044b\u0439 \u0442\u0443\u0440: \u041a\u043e\u0442\u043e\u0440, \u041f\u0435\u0440\u0430\u0441\u0442 \u0438 \u041f\u043e\u0440\u0442\u043e \u041c\u043e\u043d\u0442\u0435\u043d\u0435\u0433\u0440\u043e"}]},{"@type":"WebSite","@id":"https:\/\/skyline-gs.com\/it\/#website","url":"https:\/\/skyline-gs.com\/it\/","name":"Skyline V\u00fdlety","description":"Exkluzivn\u00ed v\u00fdlety do nejlep\u0161\u00edch sv\u011btov\u00fdch letovisek","publisher":{"@id":"https:\/\/skyline-gs.com\/it\/#organization"},"alternateName":"Skyline","potentialAction":[{"@type":"SearchAction","target":{"@type":"EntryPoint","urlTemplate":"https:\/\/skyline-gs.com\/it\/?s={search_term_string}"},"query-input":{"@type":"PropertyValueSpecification","valueRequired":true,"valueName":"search_term_string"}}],"inLanguage":"cs"},{"@type":"Organization","@id":"https:\/\/skyline-gs.com\/it\/#organization","name":"Skyline V\u00fdlety","alternateName":"\u042d\u043a\u0441\u043a\u0443\u0440\u0441\u0438\u0438 Skyline","url":"https:\/\/skyline-gs.com\/it\/","logo":{"@type":"ImageObject","inLanguage":"cs","@id":"https:\/\/skyline-gs.com\/it\/#\/schema\/logo\/image\/","url":"https:\/\/skyline-gs.com\/wp-content\/uploads\/2020\/12\/cropped-logo-2.png","contentUrl":"https:\/\/skyline-gs.com\/wp-content\/uploads\/2020\/12\/cropped-logo-2.png","width":512,"height":512,"caption":"\u042d\u043a\u0441\u043a\u0443\u0440\u0441\u0438\u0438 Skyline"},"image":{"@id":"https:\/\/skyline-gs.com\/it\/#\/schema\/logo\/image\/"},"sameAs":["https:\/\/www.instagram.com\/skylineglobalservice\/"]}]}},"_links":{"self":[{"href":"https:\/\/skyline-gs.com\/cs\/wp-json\/wp\/v2\/product\/65491","targetHints":{"allow":["GET"]}}],"collection":[{"href":"https:\/\/skyline-gs.com\/cs\/wp-json\/wp\/v2\/product"}],"about":[{"href":"https:\/\/skyline-gs.com\/cs\/wp-json\/wp\/v2\/types\/product"}],"version-history":[{"count":0,"href":"https:\/\/skyline-gs.com\/cs\/wp-json\/wp\/v2\/product\/65491\/revisions"}],"wp:featuredmedia":[{"embeddable":true,"href":"https:\/\/skyline-gs.com\/cs\/wp-json\/wp\/v2\/media\/65528"}],"wp:attachment":[{"href":"https:\/\/skyline-gs.com\/cs\/wp-json\/wp\/v2\/media?parent=65491"}],"wp:term":[{"taxonomy":"product_brand","embeddable":true,"href":"https:\/\/skyline-gs.com\/cs\/wp-json\/wp\/v2\/product_brand?post=65491"},{"taxonomy":"product_cat","embeddable":true,"href":"https:\/\/skyline-gs.com\/cs\/wp-json\/wp\/v2\/product_cat?post=65491"},{"taxonomy":"product_tag","embeddable":true,"href":"https:\/\/skyline-gs.com\/cs\/wp-json\/wp\/v2\/product_tag?post=65491"}],"curies":[{"name":"wp","href":"https:\/\/api.w.org\/{rel}","templated":true}]}}