{"id":65396,"date":"2025-08-25T04:47:42","date_gmt":"2025-08-25T02:47:42","guid":{"rendered":"http:\/\/skyline-gs.com\/?post_type=product&#038;p=65396"},"modified":"2025-09-07T19:10:36","modified_gmt":"2025-09-07T17:10:36","slug":"privat-vulcan-batur-bali","status":"publish","type":"product","link":"https:\/\/skyline-gs.com\/cs\/product\/privat-vulcan-batur-bali\/","title":{"rendered":"Individu\u00e1ln\u00ed prohl\u00eddka: sopka Batur"},"content":{"rendered":"<p data-start=\"286\" data-end=\"549\">V\u00fdlet na sopku Batur na v\u00fdchod\u011b Bali je cestou do srdce ostrova, kde majest\u00e1tn\u00ed sopka Batur a jezero na jej\u00edm \u00fapat\u00ed vytv\u00e1\u0159ej\u00ed fascinuj\u00edc\u00ed krajinu. Cestou uvid\u00edte chr\u00e1my, vodop\u00e1dy, plant\u00e1\u017ee a skute\u010dn\u00fd \u017eivot Bali. Tento program je vhodn\u00fd jak pro pohodov\u00e9 pozn\u00e1v\u00e1n\u00ed, tak pro aktivn\u00ed cestovatele.<\/p>\n<p><strong>8:00 - Odjezd z hotelov\u00e9 haly.<\/strong><\/p>\n<ul>\n<li data-start=\"1050\" data-end=\"1201\"><strong data-start=\"1050\" data-end=\"1074\">Park pt\u00e1k\u016f a plaz\u016f<\/strong> - Seznamte se s exotick\u00fdmi zv\u00ed\u0159aty Indon\u00e9sie: papou\u0161ky, p\u00e1vy, krokod\u00fdly a varany. Skv\u011bl\u00e9 m\u00edsto pro barevn\u00e9 fotografie.<\/li>\n<li data-start=\"1050\" data-end=\"1201\"><strong data-start=\"1204\" data-end=\"1227\">Vesnick\u00fd chr\u00e1m Batuan<\/strong> - Starobyl\u00fd balijsk\u00fd chr\u00e1m v klasick\u00e9m stylu se zdoben\u00fdmi branami a kamenn\u00fdmi sochami, kde na v\u00e1s d\u00fdchne duch tradi\u010dn\u00ed architektury.<\/li>\n<li data-start=\"1050\" data-end=\"1201\"><strong data-start=\"1384\" data-end=\"1400\">Mot\u00fdl\u00ed park<\/strong> - Kouzeln\u00e1 zahrada, kde kolem v\u00e1s poletuj\u00ed stovky tropick\u00fdch mot\u00fdl\u016f v\u0161ech barev duhy.<\/li>\n<li data-start=\"1050\" data-end=\"1201\"><strong data-start=\"1490\" data-end=\"1516\">Chr\u00e1m Goa Gajah - jeskyn\u011b<\/strong> - Tajemn\u00e1 svatyn\u011b ve sk\u00e1le z 11. stolet\u00ed zasv\u011bcen\u00e1 bohu Gan\u00e9\u0161ovi. Atmosf\u00e9rick\u00e9 m\u00edsto, kde o\u017e\u00edvaj\u00ed m\u00fdty.<\/li>\n<li data-start=\"1050\" data-end=\"1201\"><strong data-start=\"1635\" data-end=\"1657\">Vodop\u00e1d Tegenungan<\/strong> - Jeden z nejkr\u00e1sn\u011bj\u0161\u00edch vodop\u00e1d\u016f na jihu Bali, kter\u00fd stoj\u00ed za n\u00e1v\u0161t\u011bvu, osv\u011b\u017euj\u00edc\u00ed proch\u00e1zku a fotografie mohutn\u00fdch vodn\u00edch tok\u016f.<\/li>\n<li data-start=\"1050\" data-end=\"1201\"><strong data-start=\"1794\" data-end=\"1823\">Chr\u00e1m Gunung Kawi Tomb.<\/strong> - Starobyl\u00fd chr\u00e1mov\u00fd komplex p\u0159\u00edmo ve skal\u00e1ch, obklopen\u00fd r\u00fd\u017eov\u00fdmi terasami. Jedine\u010dn\u00e9 m\u00edsto, kde se snoub\u00ed p\u0159\u00edroda s histori\u00ed.<\/li>\n<li data-start=\"1050\" data-end=\"1201\"><strong data-start=\"1955\" data-end=\"1978\">Opi\u010d\u00ed les v Ubudu<\/strong> - Skute\u010dn\u00e1 rezervace v d\u017eungli, kde \u017eij\u00ed stovky legra\u010dn\u00edch opic. M\u016f\u017eete je zde pozorovat zbl\u00edzka a c\u00edtit se jako v centru p\u0159\u00edrody.<\/li>\n<li data-start=\"1050\" data-end=\"1201\"><strong data-start=\"2130\" data-end=\"2160\">Chr\u00e1m pramene Tirtha Empul<\/strong> - Posv\u00e1tn\u00fd pramen, kde Balijci prov\u00e1d\u011bj\u00ed o\u010distn\u00e9 ritu\u00e1ly. Turist\u00e9 si zde mohou vyzkou\u0161et ritu\u00e1l a vyslovit p\u0159\u00e1n\u00ed.<\/li>\n<li data-start=\"1050\" data-end=\"1201\"><strong data-start=\"2288\" data-end=\"2317\">Ubud je vesnice um\u011blc\u016f<\/strong> - Centrum um\u011bn\u00ed na Bali: \u0159ezb\u00e1\u0159sk\u00e9 d\u00edlny, galerie, obchody se suven\u00fdry a \u0159emesln\u00fdmi v\u00fdrobky. Ide\u00e1ln\u00ed m\u00edsto pro n\u00e1kup d\u00e1rk\u016f.<\/li>\n<li data-start=\"1050\" data-end=\"1201\"><strong data-start=\"2451\" data-end=\"2470\">R\u00fd\u017eov\u00e9 terasy<\/strong> - Vizitka Bali. Starobyl\u00e9 zavla\u017eovac\u00ed syst\u00e9my a malebn\u00e1 krajina, z n\u00ed\u017e si m\u016f\u017eete na vlastn\u00ed o\u010di vytvo\u0159it pohlednice.<\/li>\n<li data-start=\"1050\" data-end=\"1201\"><strong data-start=\"2598\" data-end=\"2651\">K\u00e1vov\u00e9 plant\u00e1\u017ee (luwak, kakao, ko\u0159en\u00ed, ovoce)<\/strong> - M\u016f\u017eete se dozv\u011bd\u011bt, jak se p\u011bstuje slavn\u00e1 k\u00e1va luwak, ochutnat m\u00edstn\u00ed n\u00e1poje a tropick\u00e9 ovoce.<\/li>\n<\/ul>\n<p><strong>16:00 - N\u00e1vrat do hotelu.<\/strong><\/p>\n<p><strong>V\u010detn\u011b:<\/strong><\/p>\n<ul>\n<li>Transfery z hotelu a do hotelu<\/li>\n<li>Transfery klimatizovan\u00fdm vozem<\/li>\n<li>rusky mluv\u00edc\u00ed pr\u016fvodce<\/li>\n<li>Ob\u011bd formou bufetu<\/li>\n<li>Ochutn\u00e1vka m\u00edstn\u00edch n\u00e1poj\u016f<\/li>\n<\/ul>\n<p><strong>Nen\u00ed sou\u010d\u00e1st\u00ed dod\u00e1vky:<\/strong><\/p>\n<ul>\n<li>Vstupenky<\/li>\n<\/ul>\n<p><strong>Vezm\u011bte si ji s sebou:<\/strong><\/p>\n<ul>\n<li data-start=\"4053\" data-end=\"4061\">Pen\u00edze<\/li>\n<li data-start=\"4053\" data-end=\"4061\">Plaveck\u00fd \u00fabor<\/li>\n<\/ul>","protected":false},"excerpt":{"rendered":"<p><strong>Doba prohl\u00eddky:<\/strong> 8:00 \u2014 16:00<\/p>\n<p><strong>Dny zadr\u017een\u00ed:<\/strong> Ka\u017ed\u00fd den.<\/p>","protected":false},"featured_media":65397,"template":"","meta":{"_kad_post_transparent":"default","_kad_post_title":"","_kad_post_layout":"default","_kad_post_sidebar_id":"","_kad_post_content_style":"default","_kad_post_vertical_padding":"default","_kad_post_feature":"","_kad_post_feature_position":"","_kad_post_header":false,"_kad_post_footer":false,"_kad_post_classname":"","_glsr_average":0,"_glsr_ranking":0,"_glsr_reviews":0},"product_brand":[],"product_cat":[503],"product_tag":[],"class_list":{"0":"post-65396","1":"product","2":"type-product","3":"status-publish","4":"has-post-thumbnail","6":"product_cat-privat_bali","7":"tm-has-options","9":"first","10":"instock","11":"sold-individually","12":"taxable","13":"shipping-taxable","14":"purchasable","15":"product-type-simple","16":"entry","17":"content-bg","18":"loop-entry"},"yoast_head":"<!-- This site is optimized with the Yoast SEO plugin v27.3 - https:\/\/yoast.com\/product\/yoast-seo-wordpress\/ -->\n<title>\u0418\u043d\u0434\u0438\u0432\u0438\u0434\u0443\u0430\u043b\u044c\u043d\u044b\u0439 \u0442\u0443\u0440: \u0412\u0443\u043b\u043a\u0430\u043d \u0411\u0430\u0442\u0443\u0440 &#8226; \u042d\u043a\u0441\u043a\u0443\u0440\u0441\u0438\u0438 Skyline<\/title>\n<meta name=\"robots\" content=\"index, follow, max-snippet:-1, max-image-preview:large, max-video-preview:-1\" \/>\n<link rel=\"canonical\" href=\"https:\/\/skyline-gs.com\/cs\/produkt\/privat-vulcan-batur-bali\/\" \/>\n<meta property=\"og:locale\" content=\"cs_CZ\" \/>\n<meta property=\"og:type\" content=\"article\" \/>\n<meta property=\"og:title\" content=\"\u0418\u043d\u0434\u0438\u0432\u0438\u0434\u0443\u0430\u043b\u044c\u043d\u044b\u0439 \u0442\u0443\u0440: \u0412\u0443\u043b\u043a\u0430\u043d \u0411\u0430\u0442\u0443\u0440 &#8226; \u042d\u043a\u0441\u043a\u0443\u0440\u0441\u0438\u0438 Skyline\" \/>\n<meta property=\"og:description\" content=\"\u0412\u0440\u0435\u043c\u044f \u0442\u0443\u0440\u0430: 8:00 - 16:00  \u0414\u043d\u0438 \u043f\u0440\u043e\u0432\u0435\u0434\u0435\u043d\u0438\u044f: \u041a\u0430\u0436\u0434\u044b\u0439 \u0434\u0435\u043d\u044c\" \/>\n<meta property=\"og:url\" content=\"https:\/\/skyline-gs.com\/cs\/produkt\/privat-vulcan-batur-bali\/\" \/>\n<meta property=\"og:site_name\" content=\"\u042d\u043a\u0441\u043a\u0443\u0440\u0441\u0438\u0438 Skyline\" \/>\n<meta property=\"article:modified_time\" content=\"2025-09-07T17:10:36+00:00\" \/>\n<meta property=\"og:image\" content=\"https:\/\/skyline-gs.com\/wp-content\/uploads\/2025\/08\/1.jpg\" \/>\n\t<meta property=\"og:image:width\" content=\"669\" \/>\n\t<meta property=\"og:image:height\" content=\"446\" \/>\n\t<meta property=\"og:image:type\" content=\"image\/jpeg\" \/>\n<meta name=\"twitter:card\" content=\"summary_large_image\" \/>\n<meta name=\"twitter:label1\" content=\"Odhadovan\u00e1 doba \u010dten\u00ed\" \/>\n\t<meta name=\"twitter:data1\" content=\"2 minuty\" \/>\n<script type=\"application\/ld+json\" class=\"yoast-schema-graph\">{\"@context\":\"https:\\\/\\\/schema.org\",\"@graph\":[{\"@type\":\"WebPage\",\"@id\":\"https:\\\/\\\/skyline-gs.com\\\/product\\\/privat-vulcan-batur-bali\\\/\",\"url\":\"https:\\\/\\\/skyline-gs.com\\\/product\\\/privat-vulcan-batur-bali\\\/\",\"name\":\"\u0418\u043d\u0434\u0438\u0432\u0438\u0434\u0443\u0430\u043b\u044c\u043d\u044b\u0439 \u0442\u0443\u0440: \u0412\u0443\u043b\u043a\u0430\u043d \u0411\u0430\u0442\u0443\u0440 &#8226; \u042d\u043a\u0441\u043a\u0443\u0440\u0441\u0438\u0438 Skyline\",\"isPartOf\":{\"@id\":\"https:\\\/\\\/skyline-gs.com\\\/it\\\/#website\"},\"primaryImageOfPage\":{\"@id\":\"https:\\\/\\\/skyline-gs.com\\\/product\\\/privat-vulcan-batur-bali\\\/#primaryimage\"},\"image\":{\"@id\":\"https:\\\/\\\/skyline-gs.com\\\/product\\\/privat-vulcan-batur-bali\\\/#primaryimage\"},\"thumbnailUrl\":\"https:\\\/\\\/skyline-gs.com\\\/wp-content\\\/uploads\\\/2025\\\/08\\\/1.jpg\",\"datePublished\":\"2025-08-25T02:47:42+00:00\",\"dateModified\":\"2025-09-07T17:10:36+00:00\",\"breadcrumb\":{\"@id\":\"https:\\\/\\\/skyline-gs.com\\\/product\\\/privat-vulcan-batur-bali\\\/#breadcrumb\"},\"inLanguage\":\"cs\",\"potentialAction\":[{\"@type\":\"ReadAction\",\"target\":[\"https:\\\/\\\/skyline-gs.com\\\/product\\\/privat-vulcan-batur-bali\\\/\"]}]},{\"@type\":\"ImageObject\",\"inLanguage\":\"cs\",\"@id\":\"https:\\\/\\\/skyline-gs.com\\\/product\\\/privat-vulcan-batur-bali\\\/#primaryimage\",\"url\":\"https:\\\/\\\/skyline-gs.com\\\/wp-content\\\/uploads\\\/2025\\\/08\\\/1.jpg\",\"contentUrl\":\"https:\\\/\\\/skyline-gs.com\\\/wp-content\\\/uploads\\\/2025\\\/08\\\/1.jpg\",\"width\":669,\"height\":446},{\"@type\":\"BreadcrumbList\",\"@id\":\"https:\\\/\\\/skyline-gs.com\\\/product\\\/privat-vulcan-batur-bali\\\/#breadcrumb\",\"itemListElement\":[{\"@type\":\"ListItem\",\"position\":1,\"name\":\"\u0413\u043b\u0430\u0432\u043d\u0430\u044f \u0441\u0442\u0440\u0430\u043d\u0438\u0446\u0430\",\"item\":\"https:\\\/\\\/skyline-gs.com\\\/hu\\\/\"},{\"@type\":\"ListItem\",\"position\":2,\"name\":\"\u041c\u0430\u0433\u0430\u0437\u0438\u043d\",\"item\":\"https:\\\/\\\/skyline-gs.com\\\/cs\\\/shop\\\/\"},{\"@type\":\"ListItem\",\"position\":3,\"name\":\"\u0418\u043d\u0434\u0438\u0432\u0438\u0434\u0443\u0430\u043b\u044c\u043d\u044b\u0439 \u0442\u0443\u0440: \u0412\u0443\u043b\u043a\u0430\u043d \u0411\u0430\u0442\u0443\u0440\"}]},{\"@type\":\"WebSite\",\"@id\":\"https:\\\/\\\/skyline-gs.com\\\/it\\\/#website\",\"url\":\"https:\\\/\\\/skyline-gs.com\\\/it\\\/\",\"name\":\"\u042d\u043a\u0441\u043a\u0443\u0440\u0441\u0438\u0438 Skyline\",\"description\":\"\u042d\u043a\u0441\u043a\u043b\u044e\u0437\u0438\u0432\u043d\u044b\u0435 \u044d\u043a\u0441\u043a\u0443\u0440\u0441\u0438\u0438 \u043d\u0430 \u043b\u0443\u0447\u0448\u0438\u0445 \u043a\u0443\u0440\u043e\u0440\u0442\u0430\u0445 \u043c\u0438\u0440\u0430\",\"publisher\":{\"@id\":\"https:\\\/\\\/skyline-gs.com\\\/it\\\/#organization\"},\"alternateName\":\"Skyline\",\"potentialAction\":[{\"@type\":\"SearchAction\",\"target\":{\"@type\":\"EntryPoint\",\"urlTemplate\":\"https:\\\/\\\/skyline-gs.com\\\/it\\\/?s={search_term_string}\"},\"query-input\":{\"@type\":\"PropertyValueSpecification\",\"valueRequired\":true,\"valueName\":\"search_term_string\"}}],\"inLanguage\":\"cs\"},{\"@type\":\"Organization\",\"@id\":\"https:\\\/\\\/skyline-gs.com\\\/it\\\/#organization\",\"name\":\"\u042d\u043a\u0441\u043a\u0443\u0440\u0441\u0438\u0438 Skyline\",\"alternateName\":\"\u042d\u043a\u0441\u043a\u0443\u0440\u0441\u0438\u0438 Skyline\",\"url\":\"https:\\\/\\\/skyline-gs.com\\\/it\\\/\",\"logo\":{\"@type\":\"ImageObject\",\"inLanguage\":\"cs\",\"@id\":\"https:\\\/\\\/skyline-gs.com\\\/it\\\/#\\\/schema\\\/logo\\\/image\\\/\",\"url\":\"https:\\\/\\\/skyline-gs.com\\\/wp-content\\\/uploads\\\/2020\\\/12\\\/cropped-logo-2.png\",\"contentUrl\":\"https:\\\/\\\/skyline-gs.com\\\/wp-content\\\/uploads\\\/2020\\\/12\\\/cropped-logo-2.png\",\"width\":512,\"height\":512,\"caption\":\"\u042d\u043a\u0441\u043a\u0443\u0440\u0441\u0438\u0438 Skyline\"},\"image\":{\"@id\":\"https:\\\/\\\/skyline-gs.com\\\/it\\\/#\\\/schema\\\/logo\\\/image\\\/\"},\"sameAs\":[\"https:\\\/\\\/www.instagram.com\\\/skylineglobalservice\\\/\"]}]}<\/script>\n<!-- \/ Yoast SEO plugin. -->","yoast_head_json":{"title":"Individu\u00e1ln\u00ed prohl\u00eddka: sopka Batur - Skyline Excursions","robots":{"index":"index","follow":"follow","max-snippet":"max-snippet:-1","max-image-preview":"max-image-preview:large","max-video-preview":"max-video-preview:-1"},"canonical":"https:\/\/skyline-gs.com\/cs\/produkt\/privat-vulcan-batur-bali\/","og_locale":"cs_CZ","og_type":"article","og_title":"\u0418\u043d\u0434\u0438\u0432\u0438\u0434\u0443\u0430\u043b\u044c\u043d\u044b\u0439 \u0442\u0443\u0440: \u0412\u0443\u043b\u043a\u0430\u043d \u0411\u0430\u0442\u0443\u0440 &#8226; \u042d\u043a\u0441\u043a\u0443\u0440\u0441\u0438\u0438 Skyline","og_description":"\u0412\u0440\u0435\u043c\u044f \u0442\u0443\u0440\u0430: 8:00 - 16:00  \u0414\u043d\u0438 \u043f\u0440\u043e\u0432\u0435\u0434\u0435\u043d\u0438\u044f: \u041a\u0430\u0436\u0434\u044b\u0439 \u0434\u0435\u043d\u044c","og_url":"https:\/\/skyline-gs.com\/cs\/produkt\/privat-vulcan-batur-bali\/","og_site_name":"\u042d\u043a\u0441\u043a\u0443\u0440\u0441\u0438\u0438 Skyline","article_modified_time":"2025-09-07T17:10:36+00:00","og_image":[{"width":669,"height":446,"url":"https:\/\/skyline-gs.com\/wp-content\/uploads\/2025\/08\/1.jpg","type":"image\/jpeg"}],"twitter_card":"summary_large_image","twitter_misc":{"Odhadovan\u00e1 doba \u010dten\u00ed":"2 minuty"},"schema":{"@context":"https:\/\/schema.org","@graph":[{"@type":"WebPage","@id":"https:\/\/skyline-gs.com\/product\/privat-vulcan-batur-bali\/","url":"https:\/\/skyline-gs.com\/product\/privat-vulcan-batur-bali\/","name":"Individu\u00e1ln\u00ed prohl\u00eddka: sopka Batur - Skyline Excursions","isPartOf":{"@id":"https:\/\/skyline-gs.com\/it\/#website"},"primaryImageOfPage":{"@id":"https:\/\/skyline-gs.com\/product\/privat-vulcan-batur-bali\/#primaryimage"},"image":{"@id":"https:\/\/skyline-gs.com\/product\/privat-vulcan-batur-bali\/#primaryimage"},"thumbnailUrl":"https:\/\/skyline-gs.com\/wp-content\/uploads\/2025\/08\/1.jpg","datePublished":"2025-08-25T02:47:42+00:00","dateModified":"2025-09-07T17:10:36+00:00","breadcrumb":{"@id":"https:\/\/skyline-gs.com\/product\/privat-vulcan-batur-bali\/#breadcrumb"},"inLanguage":"cs","potentialAction":[{"@type":"ReadAction","target":["https:\/\/skyline-gs.com\/product\/privat-vulcan-batur-bali\/"]}]},{"@type":"ImageObject","inLanguage":"cs","@id":"https:\/\/skyline-gs.com\/product\/privat-vulcan-batur-bali\/#primaryimage","url":"https:\/\/skyline-gs.com\/wp-content\/uploads\/2025\/08\/1.jpg","contentUrl":"https:\/\/skyline-gs.com\/wp-content\/uploads\/2025\/08\/1.jpg","width":669,"height":446},{"@type":"BreadcrumbList","@id":"https:\/\/skyline-gs.com\/product\/privat-vulcan-batur-bali\/#breadcrumb","itemListElement":[{"@type":"ListItem","position":1,"name":"\u0413\u043b\u0430\u0432\u043d\u0430\u044f \u0441\u0442\u0440\u0430\u043d\u0438\u0446\u0430","item":"https:\/\/skyline-gs.com\/hu\/"},{"@type":"ListItem","position":2,"name":"\u041c\u0430\u0433\u0430\u0437\u0438\u043d","item":"https:\/\/skyline-gs.com\/cs\/shop\/"},{"@type":"ListItem","position":3,"name":"\u0418\u043d\u0434\u0438\u0432\u0438\u0434\u0443\u0430\u043b\u044c\u043d\u044b\u0439 \u0442\u0443\u0440: \u0412\u0443\u043b\u043a\u0430\u043d \u0411\u0430\u0442\u0443\u0440"}]},{"@type":"WebSite","@id":"https:\/\/skyline-gs.com\/it\/#website","url":"https:\/\/skyline-gs.com\/it\/","name":"Skyline V\u00fdlety","description":"Exkluzivn\u00ed v\u00fdlety do nejlep\u0161\u00edch sv\u011btov\u00fdch letovisek","publisher":{"@id":"https:\/\/skyline-gs.com\/it\/#organization"},"alternateName":"Skyline","potentialAction":[{"@type":"SearchAction","target":{"@type":"EntryPoint","urlTemplate":"https:\/\/skyline-gs.com\/it\/?s={search_term_string}"},"query-input":{"@type":"PropertyValueSpecification","valueRequired":true,"valueName":"search_term_string"}}],"inLanguage":"cs"},{"@type":"Organization","@id":"https:\/\/skyline-gs.com\/it\/#organization","name":"Skyline V\u00fdlety","alternateName":"\u042d\u043a\u0441\u043a\u0443\u0440\u0441\u0438\u0438 Skyline","url":"https:\/\/skyline-gs.com\/it\/","logo":{"@type":"ImageObject","inLanguage":"cs","@id":"https:\/\/skyline-gs.com\/it\/#\/schema\/logo\/image\/","url":"https:\/\/skyline-gs.com\/wp-content\/uploads\/2020\/12\/cropped-logo-2.png","contentUrl":"https:\/\/skyline-gs.com\/wp-content\/uploads\/2020\/12\/cropped-logo-2.png","width":512,"height":512,"caption":"\u042d\u043a\u0441\u043a\u0443\u0440\u0441\u0438\u0438 Skyline"},"image":{"@id":"https:\/\/skyline-gs.com\/it\/#\/schema\/logo\/image\/"},"sameAs":["https:\/\/www.instagram.com\/skylineglobalservice\/"]}]}},"_links":{"self":[{"href":"https:\/\/skyline-gs.com\/cs\/wp-json\/wp\/v2\/product\/65396","targetHints":{"allow":["GET"]}}],"collection":[{"href":"https:\/\/skyline-gs.com\/cs\/wp-json\/wp\/v2\/product"}],"about":[{"href":"https:\/\/skyline-gs.com\/cs\/wp-json\/wp\/v2\/types\/product"}],"version-history":[{"count":0,"href":"https:\/\/skyline-gs.com\/cs\/wp-json\/wp\/v2\/product\/65396\/revisions"}],"wp:featuredmedia":[{"embeddable":true,"href":"https:\/\/skyline-gs.com\/cs\/wp-json\/wp\/v2\/media\/65397"}],"wp:attachment":[{"href":"https:\/\/skyline-gs.com\/cs\/wp-json\/wp\/v2\/media?parent=65396"}],"wp:term":[{"taxonomy":"product_brand","embeddable":true,"href":"https:\/\/skyline-gs.com\/cs\/wp-json\/wp\/v2\/product_brand?post=65396"},{"taxonomy":"product_cat","embeddable":true,"href":"https:\/\/skyline-gs.com\/cs\/wp-json\/wp\/v2\/product_cat?post=65396"},{"taxonomy":"product_tag","embeddable":true,"href":"https:\/\/skyline-gs.com\/cs\/wp-json\/wp\/v2\/product_tag?post=65396"}],"curies":[{"name":"wp","href":"https:\/\/api.w.org\/{rel}","templated":true}]}}