{"id":65328,"date":"2025-08-25T02:16:15","date_gmt":"2025-08-25T00:16:15","guid":{"rendered":"http:\/\/skyline-gs.com\/?post_type=product&#038;p=65328"},"modified":"2025-08-25T21:45:07","modified_gmt":"2025-08-25T19:45:07","slug":"sunrise-on-the-batur-bali","status":"publish","type":"product","link":"https:\/\/skyline-gs.com\/cs\/product\/sunrise-on-the-batur-bali\/","title":{"rendered":"Sv\u00edt\u00e1n\u00ed na vrcholu sopky Batur"},"content":{"rendered":"<p data-start=\"286\" data-end=\"549\">Jedn\u00edm z nejobl\u00edben\u011bj\u0161\u00edch z\u00e1\u017eitk\u016f na Bali je pozorov\u00e1n\u00ed v\u00fdchodu slunce na vrcholu aktivn\u00ed sopky Batur (1717 m). Nejedn\u00e1 se o pouh\u00fd v\u00fdstup, ale o skute\u010dnou cestu do srdce ostrova, kde m\u016f\u017eete vid\u011bt prvn\u00ed slune\u010dn\u00ed paprsky osv\u011btluj\u00edc\u00ed kr\u00e1ter a jezero Batur.<\/p>\n<p><strong>2:00 - Odjezd z hotelov\u00e9 haly.<\/strong><\/p>\n<ul>\n<li data-start=\"580\" data-end=\"663\"><strong data-start=\"580\" data-end=\"598\">Check-out<\/strong>. Na v\u00fdchoz\u00ed m\u00edsto v\u00e1s doprav\u00ed kyvadlov\u00e1 doprava.<\/li>\n<li data-start=\"580\" data-end=\"663\"><strong data-start=\"667\" data-end=\"696\">Uv\u00edtac\u00ed p\u0159est\u00e1vka na k\u00e1vu. <\/strong>V kancel\u00e1\u0159i na v\u00e1s \u010dek\u00e1 hork\u00fd \u010daj nebo k\u00e1va a tradi\u010dn\u00ed ban\u00e1nov\u00e1 pala\u010dinka s \u010dokol\u00e1dou - lehk\u00e1 sva\u010dinka p\u0159ed vst\u00e1v\u00e1n\u00edm.<\/li>\n<li data-start=\"580\" data-end=\"663\"><strong data-start=\"819\" data-end=\"838\">Za\u010dn\u011bte sledovat<\/strong> (kolem 4:00). Doprovod\u00ed v\u00e1s licencovan\u00fd pr\u016fvodce, kter\u00fd v\u00e1m pom\u016f\u017ee bezpe\u010dn\u011b vystoupit a po\u0159\u00eddit fotografii. V\u00fdstup trv\u00e1 p\u0159ibli\u017en\u011b 2 hodiny.<\/li>\n<li data-start=\"580\" data-end=\"663\"><strong data-start=\"1004\" data-end=\"1028\">Odpo\u010d\u00edvadlo. <\/strong>Asi po hodin\u011b cesty bude kr\u00e1tk\u00e1 p\u0159est\u00e1vka na nabr\u00e1n\u00ed sil a napit\u00ed se vody.<\/li>\n<li data-start=\"580\" data-end=\"663\"><strong data-start=\"1121\" data-end=\"1166\">Setk\u00e1n\u00ed s \u00fasvitem na vrcholu sopky Batur<\/strong> (kolem 6:00). Vyvrcholen\u00ed cesty! Pohled na jezero Batur, okoln\u00ed hory a probouzej\u00edc\u00ed se ostrov je fascinuj\u00edc\u00ed. Zde v\u00e1m bude pod\u00e1na sn\u00eddan\u011b: balen\u00e9 j\u00eddlo a vejce va\u0159en\u00e9 p\u0159\u00edmo v hork\u00e9 sope\u010dn\u00e9 p\u00e1\u0159e. Atmosf\u00e9ra je nezapomenuteln\u00e1!<\/li>\n<li data-start=\"580\" data-end=\"663\"><strong data-start=\"1433\" data-end=\"1464\">Sestup a n\u00e1vrat do hotelu.<\/strong><\/li>\n<\/ul>\n<p><strong>10:00 - N\u00e1vrat do hotelu.<\/strong><\/p>\n<p><strong>V\u010detn\u011b:<\/strong><\/p>\n<ul>\n<li>Transfery z hotelu a do hotelu<\/li>\n<li>Transfery klimatizovan\u00fdm vozem<\/li>\n<li>Licencovan\u00fd pr\u016fvodce<\/li>\n<li>K\u00e1va, \u010daj.<\/li>\n<li>Sn\u00eddan\u011b<\/li>\n<\/ul>\n<p><strong>Vezm\u011bte si ji s sebou:<\/strong><\/p>\n<ul>\n<li data-start=\"1844\" data-end=\"1882\">Tepl\u00e9 oble\u010den\u00ed (naho\u0159e je chladno)<\/li>\n<li data-start=\"1844\" data-end=\"1882\">Pohodln\u00e9 tenisky<\/li>\n<li data-start=\"1844\" data-end=\"1882\">Pen\u00edze na osobn\u00ed v\u00fddaje<\/li>\n<li data-start=\"1844\" data-end=\"1882\">kamera<\/li>\n<\/ul>","protected":false},"excerpt":{"rendered":"<p><strong>Doba prohl\u00eddky:<\/strong> 2:00 &#8212; 10:00<\/p>\n<p><strong>Dny zadr\u017een\u00ed:<\/strong> St\u0159eda<\/p>","protected":false},"featured_media":65367,"template":"","meta":{"_kad_post_transparent":"default","_kad_post_title":"","_kad_post_layout":"default","_kad_post_sidebar_id":"","_kad_post_content_style":"default","_kad_post_vertical_padding":"default","_kad_post_feature":"","_kad_post_feature_position":"","_kad_post_header":false,"_kad_post_footer":false,"_kad_post_classname":"","_glsr_average":0,"_glsr_ranking":0,"_glsr_reviews":0},"product_brand":[],"product_cat":[502],"product_tag":[],"class_list":{"0":"post-65328","1":"product","2":"type-product","3":"status-publish","4":"has-post-thumbnail","6":"product_cat-bali","7":"tm-has-options","9":"first","10":"instock","11":"sold-individually","12":"taxable","13":"shipping-taxable","14":"purchasable","15":"product-type-simple","16":"entry","17":"content-bg","18":"loop-entry"},"yoast_head":"<!-- This site is optimized with the Yoast SEO plugin v27.3 - https:\/\/yoast.com\/product\/yoast-seo-wordpress\/ -->\n<title>\u0420\u0430\u0441\u0441\u0432\u0435\u0442 \u043d\u0430 \u0432\u0435\u0440\u0448\u0438\u043d\u0435 \u0432\u0443\u043b\u043a\u0430\u043d\u0430 \u0411\u0430\u0442\u0443\u0440 &#8226; \u042d\u043a\u0441\u043a\u0443\u0440\u0441\u0438\u0438 Skyline<\/title>\n<meta name=\"robots\" content=\"index, follow, max-snippet:-1, max-image-preview:large, max-video-preview:-1\" \/>\n<link rel=\"canonical\" href=\"http:\/\/skyline-gs.com\/cs\/produkt\/sunrise-on-the-batur-bali\/\" \/>\n<meta property=\"og:locale\" content=\"cs_CZ\" \/>\n<meta property=\"og:type\" content=\"article\" \/>\n<meta property=\"og:title\" content=\"\u0420\u0430\u0441\u0441\u0432\u0435\u0442 \u043d\u0430 \u0432\u0435\u0440\u0448\u0438\u043d\u0435 \u0432\u0443\u043b\u043a\u0430\u043d\u0430 \u0411\u0430\u0442\u0443\u0440 &#8226; \u042d\u043a\u0441\u043a\u0443\u0440\u0441\u0438\u0438 Skyline\" \/>\n<meta property=\"og:description\" content=\"\u0412\u0440\u0435\u043c\u044f \u0442\u0443\u0440\u0430: 2:00 - 10:00  \u0414\u043d\u0438 \u043f\u0440\u043e\u0432\u0435\u0434\u0435\u043d\u0438\u044f: \u0421\u0440\u0435\u0434\u0430\" \/>\n<meta property=\"og:url\" content=\"http:\/\/skyline-gs.com\/cs\/produkt\/sunrise-on-the-batur-bali\/\" \/>\n<meta property=\"og:site_name\" content=\"\u042d\u043a\u0441\u043a\u0443\u0440\u0441\u0438\u0438 Skyline\" \/>\n<meta property=\"article:modified_time\" content=\"2025-08-25T19:45:07+00:00\" \/>\n<meta property=\"og:image\" content=\"https:\/\/skyline-gs.com\/wp-content\/uploads\/2025\/08\/3.jpg\" \/>\n\t<meta property=\"og:image:width\" content=\"669\" \/>\n\t<meta property=\"og:image:height\" content=\"446\" \/>\n\t<meta property=\"og:image:type\" content=\"image\/jpeg\" \/>\n<meta name=\"twitter:card\" content=\"summary_large_image\" \/>\n<meta name=\"twitter:label1\" content=\"Odhadovan\u00e1 doba \u010dten\u00ed\" \/>\n\t<meta name=\"twitter:data1\" content=\"2 minuty\" \/>\n<script type=\"application\/ld+json\" class=\"yoast-schema-graph\">{\"@context\":\"https:\\\/\\\/schema.org\",\"@graph\":[{\"@type\":\"WebPage\",\"@id\":\"http:\\\/\\\/skyline-gs.com\\\/it\\\/prodotto\\\/sunrise-on-the-batur-bali\\\/\",\"url\":\"http:\\\/\\\/skyline-gs.com\\\/it\\\/prodotto\\\/sunrise-on-the-batur-bali\\\/\",\"name\":\"\u0420\u0430\u0441\u0441\u0432\u0435\u0442 \u043d\u0430 \u0432\u0435\u0440\u0448\u0438\u043d\u0435 \u0432\u0443\u043b\u043a\u0430\u043d\u0430 \u0411\u0430\u0442\u0443\u0440 &#8226; \u042d\u043a\u0441\u043a\u0443\u0440\u0441\u0438\u0438 Skyline\",\"isPartOf\":{\"@id\":\"https:\\\/\\\/skyline-gs.com\\\/it\\\/#website\"},\"primaryImageOfPage\":{\"@id\":\"http:\\\/\\\/skyline-gs.com\\\/it\\\/prodotto\\\/sunrise-on-the-batur-bali\\\/#primaryimage\"},\"image\":{\"@id\":\"http:\\\/\\\/skyline-gs.com\\\/it\\\/prodotto\\\/sunrise-on-the-batur-bali\\\/#primaryimage\"},\"thumbnailUrl\":\"https:\\\/\\\/skyline-gs.com\\\/wp-content\\\/uploads\\\/2025\\\/08\\\/3.jpg\",\"datePublished\":\"2025-08-25T00:16:15+00:00\",\"dateModified\":\"2025-08-25T19:45:07+00:00\",\"breadcrumb\":{\"@id\":\"http:\\\/\\\/skyline-gs.com\\\/it\\\/prodotto\\\/sunrise-on-the-batur-bali\\\/#breadcrumb\"},\"inLanguage\":\"cs\",\"potentialAction\":[{\"@type\":\"ReadAction\",\"target\":[\"http:\\\/\\\/skyline-gs.com\\\/it\\\/prodotto\\\/sunrise-on-the-batur-bali\\\/\"]}]},{\"@type\":\"ImageObject\",\"inLanguage\":\"cs\",\"@id\":\"http:\\\/\\\/skyline-gs.com\\\/it\\\/prodotto\\\/sunrise-on-the-batur-bali\\\/#primaryimage\",\"url\":\"https:\\\/\\\/skyline-gs.com\\\/wp-content\\\/uploads\\\/2025\\\/08\\\/3.jpg\",\"contentUrl\":\"https:\\\/\\\/skyline-gs.com\\\/wp-content\\\/uploads\\\/2025\\\/08\\\/3.jpg\",\"width\":669,\"height\":446},{\"@type\":\"BreadcrumbList\",\"@id\":\"http:\\\/\\\/skyline-gs.com\\\/it\\\/prodotto\\\/sunrise-on-the-batur-bali\\\/#breadcrumb\",\"itemListElement\":[{\"@type\":\"ListItem\",\"position\":1,\"name\":\"\u0413\u043b\u0430\u0432\u043d\u0430\u044f \u0441\u0442\u0440\u0430\u043d\u0438\u0446\u0430\",\"item\":\"https:\\\/\\\/skyline-gs.com\\\/hu\\\/\"},{\"@type\":\"ListItem\",\"position\":2,\"name\":\"\u041c\u0430\u0433\u0430\u0437\u0438\u043d\",\"item\":\"https:\\\/\\\/skyline-gs.com\\\/cs\\\/shop\\\/\"},{\"@type\":\"ListItem\",\"position\":3,\"name\":\"\u0420\u0430\u0441\u0441\u0432\u0435\u0442 \u043d\u0430 \u0432\u0435\u0440\u0448\u0438\u043d\u0435 \u0432\u0443\u043b\u043a\u0430\u043d\u0430 \u0411\u0430\u0442\u0443\u0440\"}]},{\"@type\":\"WebSite\",\"@id\":\"https:\\\/\\\/skyline-gs.com\\\/it\\\/#website\",\"url\":\"https:\\\/\\\/skyline-gs.com\\\/it\\\/\",\"name\":\"\u042d\u043a\u0441\u043a\u0443\u0440\u0441\u0438\u0438 Skyline\",\"description\":\"\u042d\u043a\u0441\u043a\u043b\u044e\u0437\u0438\u0432\u043d\u044b\u0435 \u044d\u043a\u0441\u043a\u0443\u0440\u0441\u0438\u0438 \u043d\u0430 \u043b\u0443\u0447\u0448\u0438\u0445 \u043a\u0443\u0440\u043e\u0440\u0442\u0430\u0445 \u043c\u0438\u0440\u0430\",\"publisher\":{\"@id\":\"https:\\\/\\\/skyline-gs.com\\\/it\\\/#organization\"},\"alternateName\":\"Skyline\",\"potentialAction\":[{\"@type\":\"SearchAction\",\"target\":{\"@type\":\"EntryPoint\",\"urlTemplate\":\"https:\\\/\\\/skyline-gs.com\\\/it\\\/?s={search_term_string}\"},\"query-input\":{\"@type\":\"PropertyValueSpecification\",\"valueRequired\":true,\"valueName\":\"search_term_string\"}}],\"inLanguage\":\"cs\"},{\"@type\":\"Organization\",\"@id\":\"https:\\\/\\\/skyline-gs.com\\\/it\\\/#organization\",\"name\":\"\u042d\u043a\u0441\u043a\u0443\u0440\u0441\u0438\u0438 Skyline\",\"alternateName\":\"\u042d\u043a\u0441\u043a\u0443\u0440\u0441\u0438\u0438 Skyline\",\"url\":\"https:\\\/\\\/skyline-gs.com\\\/it\\\/\",\"logo\":{\"@type\":\"ImageObject\",\"inLanguage\":\"cs\",\"@id\":\"https:\\\/\\\/skyline-gs.com\\\/it\\\/#\\\/schema\\\/logo\\\/image\\\/\",\"url\":\"https:\\\/\\\/skyline-gs.com\\\/wp-content\\\/uploads\\\/2020\\\/12\\\/cropped-logo-2.png\",\"contentUrl\":\"https:\\\/\\\/skyline-gs.com\\\/wp-content\\\/uploads\\\/2020\\\/12\\\/cropped-logo-2.png\",\"width\":512,\"height\":512,\"caption\":\"\u042d\u043a\u0441\u043a\u0443\u0440\u0441\u0438\u0438 Skyline\"},\"image\":{\"@id\":\"https:\\\/\\\/skyline-gs.com\\\/it\\\/#\\\/schema\\\/logo\\\/image\\\/\"},\"sameAs\":[\"https:\\\/\\\/www.instagram.com\\\/skylineglobalservice\\\/\"]}]}<\/script>\n<!-- \/ Yoast SEO plugin. -->","yoast_head_json":{"title":"Sv\u00edt\u00e1n\u00ed na vrcholu sopky Batur - Skyline Excursions","robots":{"index":"index","follow":"follow","max-snippet":"max-snippet:-1","max-image-preview":"max-image-preview:large","max-video-preview":"max-video-preview:-1"},"canonical":"http:\/\/skyline-gs.com\/cs\/produkt\/sunrise-on-the-batur-bali\/","og_locale":"cs_CZ","og_type":"article","og_title":"\u0420\u0430\u0441\u0441\u0432\u0435\u0442 \u043d\u0430 \u0432\u0435\u0440\u0448\u0438\u043d\u0435 \u0432\u0443\u043b\u043a\u0430\u043d\u0430 \u0411\u0430\u0442\u0443\u0440 &#8226; \u042d\u043a\u0441\u043a\u0443\u0440\u0441\u0438\u0438 Skyline","og_description":"\u0412\u0440\u0435\u043c\u044f \u0442\u0443\u0440\u0430: 2:00 - 10:00  \u0414\u043d\u0438 \u043f\u0440\u043e\u0432\u0435\u0434\u0435\u043d\u0438\u044f: \u0421\u0440\u0435\u0434\u0430","og_url":"http:\/\/skyline-gs.com\/cs\/produkt\/sunrise-on-the-batur-bali\/","og_site_name":"\u042d\u043a\u0441\u043a\u0443\u0440\u0441\u0438\u0438 Skyline","article_modified_time":"2025-08-25T19:45:07+00:00","og_image":[{"width":669,"height":446,"url":"https:\/\/skyline-gs.com\/wp-content\/uploads\/2025\/08\/3.jpg","type":"image\/jpeg"}],"twitter_card":"summary_large_image","twitter_misc":{"Odhadovan\u00e1 doba \u010dten\u00ed":"2 minuty"},"schema":{"@context":"https:\/\/schema.org","@graph":[{"@type":"WebPage","@id":"http:\/\/skyline-gs.com\/it\/prodotto\/sunrise-on-the-batur-bali\/","url":"http:\/\/skyline-gs.com\/it\/prodotto\/sunrise-on-the-batur-bali\/","name":"Sv\u00edt\u00e1n\u00ed na vrcholu sopky Batur - Skyline Excursions","isPartOf":{"@id":"https:\/\/skyline-gs.com\/it\/#website"},"primaryImageOfPage":{"@id":"http:\/\/skyline-gs.com\/it\/prodotto\/sunrise-on-the-batur-bali\/#primaryimage"},"image":{"@id":"http:\/\/skyline-gs.com\/it\/prodotto\/sunrise-on-the-batur-bali\/#primaryimage"},"thumbnailUrl":"https:\/\/skyline-gs.com\/wp-content\/uploads\/2025\/08\/3.jpg","datePublished":"2025-08-25T00:16:15+00:00","dateModified":"2025-08-25T19:45:07+00:00","breadcrumb":{"@id":"http:\/\/skyline-gs.com\/it\/prodotto\/sunrise-on-the-batur-bali\/#breadcrumb"},"inLanguage":"cs","potentialAction":[{"@type":"ReadAction","target":["http:\/\/skyline-gs.com\/it\/prodotto\/sunrise-on-the-batur-bali\/"]}]},{"@type":"ImageObject","inLanguage":"cs","@id":"http:\/\/skyline-gs.com\/it\/prodotto\/sunrise-on-the-batur-bali\/#primaryimage","url":"https:\/\/skyline-gs.com\/wp-content\/uploads\/2025\/08\/3.jpg","contentUrl":"https:\/\/skyline-gs.com\/wp-content\/uploads\/2025\/08\/3.jpg","width":669,"height":446},{"@type":"BreadcrumbList","@id":"http:\/\/skyline-gs.com\/it\/prodotto\/sunrise-on-the-batur-bali\/#breadcrumb","itemListElement":[{"@type":"ListItem","position":1,"name":"\u0413\u043b\u0430\u0432\u043d\u0430\u044f \u0441\u0442\u0440\u0430\u043d\u0438\u0446\u0430","item":"https:\/\/skyline-gs.com\/hu\/"},{"@type":"ListItem","position":2,"name":"\u041c\u0430\u0433\u0430\u0437\u0438\u043d","item":"https:\/\/skyline-gs.com\/cs\/shop\/"},{"@type":"ListItem","position":3,"name":"\u0420\u0430\u0441\u0441\u0432\u0435\u0442 \u043d\u0430 \u0432\u0435\u0440\u0448\u0438\u043d\u0435 \u0432\u0443\u043b\u043a\u0430\u043d\u0430 \u0411\u0430\u0442\u0443\u0440"}]},{"@type":"WebSite","@id":"https:\/\/skyline-gs.com\/it\/#website","url":"https:\/\/skyline-gs.com\/it\/","name":"Skyline V\u00fdlety","description":"Exkluzivn\u00ed v\u00fdlety do nejlep\u0161\u00edch sv\u011btov\u00fdch letovisek","publisher":{"@id":"https:\/\/skyline-gs.com\/it\/#organization"},"alternateName":"Skyline","potentialAction":[{"@type":"SearchAction","target":{"@type":"EntryPoint","urlTemplate":"https:\/\/skyline-gs.com\/it\/?s={search_term_string}"},"query-input":{"@type":"PropertyValueSpecification","valueRequired":true,"valueName":"search_term_string"}}],"inLanguage":"cs"},{"@type":"Organization","@id":"https:\/\/skyline-gs.com\/it\/#organization","name":"Skyline V\u00fdlety","alternateName":"\u042d\u043a\u0441\u043a\u0443\u0440\u0441\u0438\u0438 Skyline","url":"https:\/\/skyline-gs.com\/it\/","logo":{"@type":"ImageObject","inLanguage":"cs","@id":"https:\/\/skyline-gs.com\/it\/#\/schema\/logo\/image\/","url":"https:\/\/skyline-gs.com\/wp-content\/uploads\/2020\/12\/cropped-logo-2.png","contentUrl":"https:\/\/skyline-gs.com\/wp-content\/uploads\/2020\/12\/cropped-logo-2.png","width":512,"height":512,"caption":"\u042d\u043a\u0441\u043a\u0443\u0440\u0441\u0438\u0438 Skyline"},"image":{"@id":"https:\/\/skyline-gs.com\/it\/#\/schema\/logo\/image\/"},"sameAs":["https:\/\/www.instagram.com\/skylineglobalservice\/"]}]}},"_links":{"self":[{"href":"https:\/\/skyline-gs.com\/cs\/wp-json\/wp\/v2\/product\/65328","targetHints":{"allow":["GET"]}}],"collection":[{"href":"https:\/\/skyline-gs.com\/cs\/wp-json\/wp\/v2\/product"}],"about":[{"href":"https:\/\/skyline-gs.com\/cs\/wp-json\/wp\/v2\/types\/product"}],"version-history":[{"count":0,"href":"https:\/\/skyline-gs.com\/cs\/wp-json\/wp\/v2\/product\/65328\/revisions"}],"wp:featuredmedia":[{"embeddable":true,"href":"https:\/\/skyline-gs.com\/cs\/wp-json\/wp\/v2\/media\/65367"}],"wp:attachment":[{"href":"https:\/\/skyline-gs.com\/cs\/wp-json\/wp\/v2\/media?parent=65328"}],"wp:term":[{"taxonomy":"product_brand","embeddable":true,"href":"https:\/\/skyline-gs.com\/cs\/wp-json\/wp\/v2\/product_brand?post=65328"},{"taxonomy":"product_cat","embeddable":true,"href":"https:\/\/skyline-gs.com\/cs\/wp-json\/wp\/v2\/product_cat?post=65328"},{"taxonomy":"product_tag","embeddable":true,"href":"https:\/\/skyline-gs.com\/cs\/wp-json\/wp\/v2\/product_tag?post=65328"}],"curies":[{"name":"wp","href":"https:\/\/api.w.org\/{rel}","templated":true}]}}