{"id":65310,"date":"2025-08-25T00:39:01","date_gmt":"2025-08-24T22:39:01","guid":{"rendered":"http:\/\/skyline-gs.com\/?post_type=product&#038;p=65310"},"modified":"2025-08-25T04:17:14","modified_gmt":"2025-08-25T02:17:14","slug":"nusa-penida-2-days-bali","status":"publish","type":"product","link":"https:\/\/skyline-gs.com\/cs\/product\/nusa-penida-2-days-bali\/","title":{"rendered":"Nusa Penida 2 dny (All Inclusive)"},"content":{"rendered":"<p data-start=\"286\" data-end=\"549\">Nusa Penida je nejkr\u00e1sn\u011bj\u0161\u00ed a nejdivo\u010dej\u0161\u00ed ostrov v bl\u00edzkosti Bali. Je zn\u00e1m\u00fd sv\u00fdmi skalnat\u00fdmi \u00fatesy, tyrkysov\u00fdm oce\u00e1nem a pl\u00e1\u017eemi, kter\u00e9 jsou pova\u017eov\u00e1ny za jedny z nejlep\u0161\u00edch v Indon\u00e9sii. Rychl\u00fdm \u010dlunem se sem dostanete za pouh\u00fdch 30 minut. Budete m\u00edt \u010das prohl\u00e9dnout si nejzn\u00e1m\u011bj\u0161\u00ed pam\u00e1tky z\u00e1padn\u00ed a v\u00fdchodn\u00ed \u010d\u00e1sti ostrova. Na ostrov\u011b tak\u00e9 p\u0159enocujete v bungalovu.<\/p>\n<p data-start=\"286\" data-end=\"549\"><strong>Den 1<\/strong><\/p>\n<p><strong>8:00 - Odjezd z hotelov\u00e9 haly.<\/strong><\/p>\n<ul>\n<li data-start=\"725\" data-end=\"908\"><strong data-start=\"725\" data-end=\"745\">Pl\u00e1\u017e Crystal Bay<\/strong> - k\u0159i\u0161\u0165\u00e1lov\u011b \u010dist\u00e1 voda, klidn\u00e9 mo\u0159e a b\u00edl\u00fd p\u00edsek. Skv\u011bl\u00e9 m\u00edsto pro koup\u00e1n\u00ed a relaxaci. Na pl\u00e1\u017ei je kav\u00e1rna, kde si m\u016f\u017eete objednat kokos, pivo nebo lehk\u00fd ob\u011bd.<\/li>\n<li data-start=\"725\" data-end=\"908\"><strong data-start=\"911\" data-end=\"942\">Broken Bay.<\/strong> - \u00dates p\u0159ipom\u00ednaj\u00edc\u00ed ob\u0159\u00ed t\u016f\u0148 obklopenou vysok\u00fdmi skalami. P\u0159\u00edrodn\u00ed kamenn\u00fd most tvo\u0159\u00ed \u00fa\u017easn\u00fd oblouk nad vodou.<\/li>\n<li data-start=\"725\" data-end=\"908\"><strong data-start=\"1080\" data-end=\"1101\">Angel's Billabong<\/strong> - smaragdov\u011b zbarven\u00fd p\u0159\u00edrodn\u00ed baz\u00e9n u oce\u00e1nu. Vytv\u00e1\u0159\u00ed n\u00e1dhern\u00e9 fotografie, a kdy\u017e je mo\u0159e klidn\u00e9, m\u016f\u017eete si v n\u011bm zaplavat.<\/li>\n<li data-start=\"725\" data-end=\"908\"><strong data-start=\"1241\" data-end=\"1261\">Pl\u00e1\u017e Kelingking<\/strong> - Vizitka Penidy. Jedine\u010dn\u00e9 panorama: \u00fates ve tvaru hlavy T-Rexe a zlatav\u00e1 p\u00edse\u010dn\u00e1 pl\u00e1\u017e pod n\u00edm. M\u016f\u017eete sej\u00edt po cest\u011b k oce\u00e1nu, ale i z vrcholu se v\u00e1m naskytne jeden z nejzn\u00e1m\u011bj\u0161\u00edch indon\u00e9sk\u00fdch v\u00fdhled\u016f.<\/li>\n<li data-start=\"725\" data-end=\"908\"><strong>Noc v bungalovu <\/strong>na ostrov\u011b.<\/li>\n<\/ul>\n<p><strong>Den 2<\/strong><\/p>\n<ul>\n<li data-start=\"725\" data-end=\"908\"><strong data-start=\"1728\" data-end=\"1745\">Diamond Beach<\/strong> - Neuv\u011b\u0159iteln\u011b kr\u00e1sn\u00e1 pl\u00e1\u017e s b\u00edl\u00fdm p\u00edskem a skalami ve tvaru diamant\u016f.<\/li>\n<li data-start=\"725\" data-end=\"908\"><strong data-start=\"1823\" data-end=\"1837\">Pl\u00e1\u017e Atuh<\/strong> - Malebn\u00e1 pl\u00e1\u017e ke koup\u00e1n\u00ed a odpo\u010dinku s n\u00e1dhern\u00fdm v\u00fdhledem na oce\u00e1nsk\u00e9 oblouky a ostr\u016fvky.<\/li>\n<li data-start=\"725\" data-end=\"908\"><strong data-start=\"1931\" data-end=\"1954\">\u0160norchlov\u00e1n\u00ed s mantami<\/strong> - nezapomenuteln\u00e9 dobrodru\u017estv\u00ed: plav\u00e1n\u00ed mezi ob\u0159\u00edmi mantami v jejich p\u0159irozen\u00e9m prost\u0159ed\u00ed.<\/li>\n<li data-start=\"725\" data-end=\"908\"><strong data-start=\"1480\" data-end=\"1503\">N\u00e1vrat na Bali<\/strong> - na lo\u010f v 16:30-17:00.<\/li>\n<\/ul>\n<p><strong>19:00 - N\u00e1vrat do hotelu.<\/strong><\/p>\n<p><strong>V\u010detn\u011b:<\/strong><\/p>\n<ul>\n<li>Transfery z hotelu a do hotelu<\/li>\n<li>Transfery klimatizovan\u00fdm vozem<\/li>\n<li>rusky mluv\u00edc\u00ed pr\u016fvodce<\/li>\n<li>Lo\u010f Bali - Nusa Penida, obousm\u011brn\u00fd v\u00fdlet<\/li>\n<li>Vstupenky<\/li>\n<li>No\u010dn\u00ed bungalov<\/li>\n<li>\u0160norchlov\u00e1n\u00ed s mantami<\/li>\n<\/ul>\n<p><strong>Nen\u00ed sou\u010d\u00e1st\u00ed dod\u00e1vky:<\/strong><\/p>\n<ul>\n<li>V\u00fd\u017eiva<\/li>\n<\/ul>\n<p><strong>Vezm\u011bte si ji s sebou:<\/strong><\/p>\n<ul>\n<li data-start=\"2462\" data-end=\"2473\">Plaveck\u00fd \u00fabor<\/li>\n<li data-start=\"2462\" data-end=\"2473\">Ru\u010dn\u00edk<\/li>\n<li data-start=\"2462\" data-end=\"2473\">Opalovac\u00ed kr\u00e9m<\/li>\n<\/ul>","protected":false},"excerpt":{"rendered":"<p><strong>Doba prohl\u00eddky:<\/strong> 2 dny<\/p>\n<p><strong>Dny zadr\u017een\u00ed:<\/strong> Ka\u017ed\u00fd den.<\/p>","protected":false},"featured_media":65372,"template":"","meta":{"_kad_post_transparent":"default","_kad_post_title":"","_kad_post_layout":"default","_kad_post_sidebar_id":"","_kad_post_content_style":"default","_kad_post_vertical_padding":"default","_kad_post_feature":"","_kad_post_feature_position":"","_kad_post_header":false,"_kad_post_footer":false,"_kad_post_classname":"","_glsr_average":0,"_glsr_ranking":0,"_glsr_reviews":0},"product_brand":[],"product_cat":[502],"product_tag":[],"class_list":{"0":"post-65310","1":"product","2":"type-product","3":"status-publish","4":"has-post-thumbnail","6":"product_cat-bali","7":"tm-has-options","9":"first","10":"instock","11":"sale","12":"sold-individually","13":"taxable","14":"shipping-taxable","15":"purchasable","16":"product-type-simple","17":"entry","18":"content-bg","19":"loop-entry"},"yoast_head":"<!-- This site is optimized with the Yoast SEO plugin v27.4 - https:\/\/yoast.com\/product\/yoast-seo-wordpress\/ -->\n<title>\u041d\u0443\u0441\u0430 \u041f\u0435\u043d\u0438\u0434\u0430 2 \u0434\u043d\u044f (\u0412\u0441\u0451 \u0432\u043a\u043b\u044e\u0447\u0435\u043d\u043e) &#8226; \u042d\u043a\u0441\u043a\u0443\u0440\u0441\u0438\u0438 Skyline<\/title>\n<meta name=\"robots\" content=\"index, follow, max-snippet:-1, max-image-preview:large, max-video-preview:-1\" \/>\n<link rel=\"canonical\" href=\"https:\/\/skyline-gs.com\/cs\/produkt\/nusa-penida-2-days-bali\/\" \/>\n<meta property=\"og:locale\" content=\"cs_CZ\" \/>\n<meta property=\"og:type\" content=\"article\" \/>\n<meta property=\"og:title\" content=\"\u041d\u0443\u0441\u0430 \u041f\u0435\u043d\u0438\u0434\u0430 2 \u0434\u043d\u044f (\u0412\u0441\u0451 \u0432\u043a\u043b\u044e\u0447\u0435\u043d\u043e) &#8226; \u042d\u043a\u0441\u043a\u0443\u0440\u0441\u0438\u0438 Skyline\" \/>\n<meta property=\"og:description\" content=\"\u0412\u0440\u0435\u043c\u044f \u0442\u0443\u0440\u0430: 2 \u0434\u043d\u044f  \u0414\u043d\u0438 \u043f\u0440\u043e\u0432\u0435\u0434\u0435\u043d\u0438\u044f: \u041a\u0430\u0436\u0434\u044b\u0439 \u0434\u0435\u043d\u044c\" \/>\n<meta property=\"og:url\" content=\"https:\/\/skyline-gs.com\/cs\/produkt\/nusa-penida-2-days-bali\/\" \/>\n<meta property=\"og:site_name\" content=\"\u042d\u043a\u0441\u043a\u0443\u0440\u0441\u0438\u0438 Skyline\" \/>\n<meta property=\"article:modified_time\" content=\"2025-08-25T02:17:14+00:00\" \/>\n<meta property=\"og:image\" content=\"https:\/\/skyline-gs.com\/wp-content\/uploads\/2025\/08\/19.jpg\" \/>\n\t<meta property=\"og:image:width\" content=\"669\" \/>\n\t<meta property=\"og:image:height\" content=\"446\" \/>\n\t<meta property=\"og:image:type\" content=\"image\/jpeg\" \/>\n<meta name=\"twitter:card\" content=\"summary_large_image\" \/>\n<meta name=\"twitter:label1\" content=\"Odhadovan\u00e1 doba \u010dten\u00ed\" \/>\n\t<meta name=\"twitter:data1\" content=\"2 minuty\" \/>\n<script type=\"application\/ld+json\" class=\"yoast-schema-graph\">{\"@context\":\"https:\\\/\\\/schema.org\",\"@graph\":[{\"@type\":\"WebPage\",\"@id\":\"https:\\\/\\\/skyline-gs.com\\\/fr\\\/produit\\\/nusa-penida-2-days-bali\\\/\",\"url\":\"https:\\\/\\\/skyline-gs.com\\\/fr\\\/produit\\\/nusa-penida-2-days-bali\\\/\",\"name\":\"\u041d\u0443\u0441\u0430 \u041f\u0435\u043d\u0438\u0434\u0430 2 \u0434\u043d\u044f (\u0412\u0441\u0451 \u0432\u043a\u043b\u044e\u0447\u0435\u043d\u043e) &#8226; \u042d\u043a\u0441\u043a\u0443\u0440\u0441\u0438\u0438 Skyline\",\"isPartOf\":{\"@id\":\"https:\\\/\\\/skyline-gs.com\\\/it\\\/#website\"},\"primaryImageOfPage\":{\"@id\":\"https:\\\/\\\/skyline-gs.com\\\/fr\\\/produit\\\/nusa-penida-2-days-bali\\\/#primaryimage\"},\"image\":{\"@id\":\"https:\\\/\\\/skyline-gs.com\\\/fr\\\/produit\\\/nusa-penida-2-days-bali\\\/#primaryimage\"},\"thumbnailUrl\":\"https:\\\/\\\/skyline-gs.com\\\/wp-content\\\/uploads\\\/2025\\\/08\\\/19.jpg\",\"datePublished\":\"2025-08-24T22:39:01+00:00\",\"dateModified\":\"2025-08-25T02:17:14+00:00\",\"breadcrumb\":{\"@id\":\"https:\\\/\\\/skyline-gs.com\\\/fr\\\/produit\\\/nusa-penida-2-days-bali\\\/#breadcrumb\"},\"inLanguage\":\"cs\",\"potentialAction\":[{\"@type\":\"ReadAction\",\"target\":[\"https:\\\/\\\/skyline-gs.com\\\/fr\\\/produit\\\/nusa-penida-2-days-bali\\\/\"]}]},{\"@type\":\"ImageObject\",\"inLanguage\":\"cs\",\"@id\":\"https:\\\/\\\/skyline-gs.com\\\/fr\\\/produit\\\/nusa-penida-2-days-bali\\\/#primaryimage\",\"url\":\"https:\\\/\\\/skyline-gs.com\\\/wp-content\\\/uploads\\\/2025\\\/08\\\/19.jpg\",\"contentUrl\":\"https:\\\/\\\/skyline-gs.com\\\/wp-content\\\/uploads\\\/2025\\\/08\\\/19.jpg\",\"width\":669,\"height\":446},{\"@type\":\"BreadcrumbList\",\"@id\":\"https:\\\/\\\/skyline-gs.com\\\/fr\\\/produit\\\/nusa-penida-2-days-bali\\\/#breadcrumb\",\"itemListElement\":[{\"@type\":\"ListItem\",\"position\":1,\"name\":\"\u0413\u043b\u0430\u0432\u043d\u0430\u044f \u0441\u0442\u0440\u0430\u043d\u0438\u0446\u0430\",\"item\":\"https:\\\/\\\/skyline-gs.com\\\/hu\\\/\"},{\"@type\":\"ListItem\",\"position\":2,\"name\":\"\u041c\u0430\u0433\u0430\u0437\u0438\u043d\",\"item\":\"https:\\\/\\\/skyline-gs.com\\\/cs\\\/shop\\\/\"},{\"@type\":\"ListItem\",\"position\":3,\"name\":\"\u041d\u0443\u0441\u0430 \u041f\u0435\u043d\u0438\u0434\u0430 2 \u0434\u043d\u044f (\u0412\u0441\u0451 \u0432\u043a\u043b\u044e\u0447\u0435\u043d\u043e)\"}]},{\"@type\":\"WebSite\",\"@id\":\"https:\\\/\\\/skyline-gs.com\\\/it\\\/#website\",\"url\":\"https:\\\/\\\/skyline-gs.com\\\/it\\\/\",\"name\":\"\u042d\u043a\u0441\u043a\u0443\u0440\u0441\u0438\u0438 Skyline\",\"description\":\"\u042d\u043a\u0441\u043a\u043b\u044e\u0437\u0438\u0432\u043d\u044b\u0435 \u044d\u043a\u0441\u043a\u0443\u0440\u0441\u0438\u0438 \u043d\u0430 \u043b\u0443\u0447\u0448\u0438\u0445 \u043a\u0443\u0440\u043e\u0440\u0442\u0430\u0445 \u043c\u0438\u0440\u0430\",\"publisher\":{\"@id\":\"https:\\\/\\\/skyline-gs.com\\\/it\\\/#organization\"},\"alternateName\":\"Skyline\",\"potentialAction\":[{\"@type\":\"SearchAction\",\"target\":{\"@type\":\"EntryPoint\",\"urlTemplate\":\"https:\\\/\\\/skyline-gs.com\\\/it\\\/?s={search_term_string}\"},\"query-input\":{\"@type\":\"PropertyValueSpecification\",\"valueRequired\":true,\"valueName\":\"search_term_string\"}}],\"inLanguage\":\"cs\"},{\"@type\":\"Organization\",\"@id\":\"https:\\\/\\\/skyline-gs.com\\\/it\\\/#organization\",\"name\":\"\u042d\u043a\u0441\u043a\u0443\u0440\u0441\u0438\u0438 Skyline\",\"alternateName\":\"\u042d\u043a\u0441\u043a\u0443\u0440\u0441\u0438\u0438 Skyline\",\"url\":\"https:\\\/\\\/skyline-gs.com\\\/it\\\/\",\"logo\":{\"@type\":\"ImageObject\",\"inLanguage\":\"cs\",\"@id\":\"https:\\\/\\\/skyline-gs.com\\\/it\\\/#\\\/schema\\\/logo\\\/image\\\/\",\"url\":\"https:\\\/\\\/skyline-gs.com\\\/wp-content\\\/uploads\\\/2020\\\/12\\\/cropped-logo-2.png\",\"contentUrl\":\"https:\\\/\\\/skyline-gs.com\\\/wp-content\\\/uploads\\\/2020\\\/12\\\/cropped-logo-2.png\",\"width\":512,\"height\":512,\"caption\":\"\u042d\u043a\u0441\u043a\u0443\u0440\u0441\u0438\u0438 Skyline\"},\"image\":{\"@id\":\"https:\\\/\\\/skyline-gs.com\\\/it\\\/#\\\/schema\\\/logo\\\/image\\\/\"},\"sameAs\":[\"https:\\\/\\\/www.instagram.com\\\/skylineglobalservice\\\/\"]}]}<\/script>\n<!-- \/ Yoast SEO plugin. -->","yoast_head_json":{"title":"Nusa Penida 2 dny (All Inclusive) - Skyline Excursions","robots":{"index":"index","follow":"follow","max-snippet":"max-snippet:-1","max-image-preview":"max-image-preview:large","max-video-preview":"max-video-preview:-1"},"canonical":"https:\/\/skyline-gs.com\/cs\/produkt\/nusa-penida-2-days-bali\/","og_locale":"cs_CZ","og_type":"article","og_title":"\u041d\u0443\u0441\u0430 \u041f\u0435\u043d\u0438\u0434\u0430 2 \u0434\u043d\u044f (\u0412\u0441\u0451 \u0432\u043a\u043b\u044e\u0447\u0435\u043d\u043e) &#8226; \u042d\u043a\u0441\u043a\u0443\u0440\u0441\u0438\u0438 Skyline","og_description":"\u0412\u0440\u0435\u043c\u044f \u0442\u0443\u0440\u0430: 2 \u0434\u043d\u044f  \u0414\u043d\u0438 \u043f\u0440\u043e\u0432\u0435\u0434\u0435\u043d\u0438\u044f: \u041a\u0430\u0436\u0434\u044b\u0439 \u0434\u0435\u043d\u044c","og_url":"https:\/\/skyline-gs.com\/cs\/produkt\/nusa-penida-2-days-bali\/","og_site_name":"\u042d\u043a\u0441\u043a\u0443\u0440\u0441\u0438\u0438 Skyline","article_modified_time":"2025-08-25T02:17:14+00:00","og_image":[{"width":669,"height":446,"url":"https:\/\/skyline-gs.com\/wp-content\/uploads\/2025\/08\/19.jpg","type":"image\/jpeg"}],"twitter_card":"summary_large_image","twitter_misc":{"Odhadovan\u00e1 doba \u010dten\u00ed":"2 minuty"},"schema":{"@context":"https:\/\/schema.org","@graph":[{"@type":"WebPage","@id":"https:\/\/skyline-gs.com\/fr\/produit\/nusa-penida-2-days-bali\/","url":"https:\/\/skyline-gs.com\/fr\/produit\/nusa-penida-2-days-bali\/","name":"Nusa Penida 2 dny (All Inclusive) - Skyline Excursions","isPartOf":{"@id":"https:\/\/skyline-gs.com\/it\/#website"},"primaryImageOfPage":{"@id":"https:\/\/skyline-gs.com\/fr\/produit\/nusa-penida-2-days-bali\/#primaryimage"},"image":{"@id":"https:\/\/skyline-gs.com\/fr\/produit\/nusa-penida-2-days-bali\/#primaryimage"},"thumbnailUrl":"https:\/\/skyline-gs.com\/wp-content\/uploads\/2025\/08\/19.jpg","datePublished":"2025-08-24T22:39:01+00:00","dateModified":"2025-08-25T02:17:14+00:00","breadcrumb":{"@id":"https:\/\/skyline-gs.com\/fr\/produit\/nusa-penida-2-days-bali\/#breadcrumb"},"inLanguage":"cs","potentialAction":[{"@type":"ReadAction","target":["https:\/\/skyline-gs.com\/fr\/produit\/nusa-penida-2-days-bali\/"]}]},{"@type":"ImageObject","inLanguage":"cs","@id":"https:\/\/skyline-gs.com\/fr\/produit\/nusa-penida-2-days-bali\/#primaryimage","url":"https:\/\/skyline-gs.com\/wp-content\/uploads\/2025\/08\/19.jpg","contentUrl":"https:\/\/skyline-gs.com\/wp-content\/uploads\/2025\/08\/19.jpg","width":669,"height":446},{"@type":"BreadcrumbList","@id":"https:\/\/skyline-gs.com\/fr\/produit\/nusa-penida-2-days-bali\/#breadcrumb","itemListElement":[{"@type":"ListItem","position":1,"name":"\u0413\u043b\u0430\u0432\u043d\u0430\u044f \u0441\u0442\u0440\u0430\u043d\u0438\u0446\u0430","item":"https:\/\/skyline-gs.com\/hu\/"},{"@type":"ListItem","position":2,"name":"\u041c\u0430\u0433\u0430\u0437\u0438\u043d","item":"https:\/\/skyline-gs.com\/cs\/shop\/"},{"@type":"ListItem","position":3,"name":"\u041d\u0443\u0441\u0430 \u041f\u0435\u043d\u0438\u0434\u0430 2 \u0434\u043d\u044f (\u0412\u0441\u0451 \u0432\u043a\u043b\u044e\u0447\u0435\u043d\u043e)"}]},{"@type":"WebSite","@id":"https:\/\/skyline-gs.com\/it\/#website","url":"https:\/\/skyline-gs.com\/it\/","name":"Skyline V\u00fdlety","description":"Exkluzivn\u00ed v\u00fdlety do nejlep\u0161\u00edch sv\u011btov\u00fdch letovisek","publisher":{"@id":"https:\/\/skyline-gs.com\/it\/#organization"},"alternateName":"Skyline","potentialAction":[{"@type":"SearchAction","target":{"@type":"EntryPoint","urlTemplate":"https:\/\/skyline-gs.com\/it\/?s={search_term_string}"},"query-input":{"@type":"PropertyValueSpecification","valueRequired":true,"valueName":"search_term_string"}}],"inLanguage":"cs"},{"@type":"Organization","@id":"https:\/\/skyline-gs.com\/it\/#organization","name":"Skyline V\u00fdlety","alternateName":"\u042d\u043a\u0441\u043a\u0443\u0440\u0441\u0438\u0438 Skyline","url":"https:\/\/skyline-gs.com\/it\/","logo":{"@type":"ImageObject","inLanguage":"cs","@id":"https:\/\/skyline-gs.com\/it\/#\/schema\/logo\/image\/","url":"https:\/\/skyline-gs.com\/wp-content\/uploads\/2020\/12\/cropped-logo-2.png","contentUrl":"https:\/\/skyline-gs.com\/wp-content\/uploads\/2020\/12\/cropped-logo-2.png","width":512,"height":512,"caption":"\u042d\u043a\u0441\u043a\u0443\u0440\u0441\u0438\u0438 Skyline"},"image":{"@id":"https:\/\/skyline-gs.com\/it\/#\/schema\/logo\/image\/"},"sameAs":["https:\/\/www.instagram.com\/skylineglobalservice\/"]}]}},"_links":{"self":[{"href":"https:\/\/skyline-gs.com\/cs\/wp-json\/wp\/v2\/product\/65310","targetHints":{"allow":["GET"]}}],"collection":[{"href":"https:\/\/skyline-gs.com\/cs\/wp-json\/wp\/v2\/product"}],"about":[{"href":"https:\/\/skyline-gs.com\/cs\/wp-json\/wp\/v2\/types\/product"}],"version-history":[{"count":0,"href":"https:\/\/skyline-gs.com\/cs\/wp-json\/wp\/v2\/product\/65310\/revisions"}],"wp:featuredmedia":[{"embeddable":true,"href":"https:\/\/skyline-gs.com\/cs\/wp-json\/wp\/v2\/media\/65372"}],"wp:attachment":[{"href":"https:\/\/skyline-gs.com\/cs\/wp-json\/wp\/v2\/media?parent=65310"}],"wp:term":[{"taxonomy":"product_brand","embeddable":true,"href":"https:\/\/skyline-gs.com\/cs\/wp-json\/wp\/v2\/product_brand?post=65310"},{"taxonomy":"product_cat","embeddable":true,"href":"https:\/\/skyline-gs.com\/cs\/wp-json\/wp\/v2\/product_cat?post=65310"},{"taxonomy":"product_tag","embeddable":true,"href":"https:\/\/skyline-gs.com\/cs\/wp-json\/wp\/v2\/product_tag?post=65310"}],"curies":[{"name":"wp","href":"https:\/\/api.w.org\/{rel}","templated":true}]}}