{"id":65303,"date":"2025-08-24T23:47:22","date_gmt":"2025-08-24T21:47:22","guid":{"rendered":"http:\/\/skyline-gs.com\/?post_type=product&#038;p=65303"},"modified":"2025-08-25T21:53:49","modified_gmt":"2025-08-25T19:53:49","slug":"ivzhen-volcano-2-days-bali","status":"publish","type":"product","link":"https:\/\/skyline-gs.com\/cs\/product\/ivzhen-volcano-2-days-bali\/","title":{"rendered":"Sopka Ijen 2 dny"},"content":{"rendered":"<p data-start=\"286\" data-end=\"549\">Sopka Ijen je jedn\u00edm z nejunik\u00e1tn\u011bj\u0161\u00edch m\u00edst v Indon\u00e9sii. V nadmo\u0159sk\u00e9 v\u00fd\u0161ce p\u0159es 2 000 metr\u016f se zde v kr\u00e1teru sopky rozkl\u00e1d\u00e1 jezero Kawah Ijen s tyrkysovou vodou. Hlavn\u00edm divem je v\u0161ak \"modr\u00fd ohe\u0148\", vz\u00e1cn\u00fd p\u0159\u00edrodn\u00ed \u00fakaz, kter\u00fd lze pozorovat a\u017e do sv\u00edt\u00e1n\u00ed. Budete tak\u00e9 sv\u011bdky tvrd\u00e9 ru\u010dn\u00ed pr\u00e1ce horn\u00edk\u016f, kte\u0159\u00ed p\u0159\u00edmo na svaz\u00edch sopky t\u011b\u017e\u00ed s\u00edru.<\/p>\n<p data-start=\"286\" data-end=\"549\"><strong>Den 1<\/strong><\/p>\n<p><strong>9:00 - Odjezd z hotelov\u00e9 haly.<\/strong><\/p>\n<ul>\n<li data-start=\"833\" data-end=\"900\"><strong data-start=\"833\" data-end=\"849\">Odlet z Bali<\/strong> - Odjezd na z\u00e1pad ostrova do p\u0159\u00edstavu Gilimanuk.<\/li>\n<li data-start=\"833\" data-end=\"900\"><strong data-start=\"903\" data-end=\"931\">Chr\u00e1m Tanah Lot (na cest\u011b)<\/strong> - slavn\u00fd chr\u00e1m na \u00fatesu v oce\u00e1nu. Jeden ze symbol\u016f Bali, obzvl\u00e1\u0161\u0165 kr\u00e1sn\u00fd na pozad\u00ed vln a z\u00e1padu slunce.<\/li>\n<li data-start=\"833\" data-end=\"900\"><strong data-start=\"1037\" data-end=\"1058\">Z\u00e1padn\u00ed les Bali<\/strong> - Chr\u00e1n\u011bn\u00e1 oblast s mangrovn\u00edky a klidnou atmosf\u00e9rou.<\/li>\n<li data-start=\"833\" data-end=\"900\"><strong data-start=\"1128\" data-end=\"1154\">Ob\u011bd v m\u00edstn\u00edm warungu<\/strong> - Jednoduch\u00e1 a chutn\u00e1 indon\u00e9sk\u00e1 kuchyn\u011b (sma\u017een\u00e9 ku\u0159e a r\u00fd\u017ee).<\/li>\n<li data-start=\"833\" data-end=\"900\"><strong data-start=\"1225\" data-end=\"1241\">Trajekt na J\u00e1vu<\/strong> - p\u0159ejezd trv\u00e1 p\u0159ibli\u017en\u011b hodinu. P\u0159\u00edjezd na ostrov J\u00e1va v 17:00-18:00.<\/li>\n<li data-start=\"833\" data-end=\"900\"><strong data-start=\"1317\" data-end=\"1341\">Ubytov\u00e1n\u00ed v bungalovech<\/strong> - odpo\u010dinek p\u0159ed rann\u00edm v\u00fdstupem.<\/li>\n<\/ul>\n<p><strong>Den 2<\/strong><\/p>\n<ul>\n<li data-start=\"1397\" data-end=\"1476\"><strong data-start=\"1397\" data-end=\"1434\">3:30-4:00 - Odjezd k sopce Ijen<\/strong>. Na za\u010d\u00e1tek stezky v\u00e1s odvezou d\u017e\u00edpy.<\/li>\n<li data-start=\"1397\" data-end=\"1476\"><strong data-start=\"1479\" data-end=\"1507\">Trekking na sopku Ijen<\/strong> - V\u00fdstup ke kr\u00e1teru trv\u00e1 asi 1,5-2 hodiny. Doprovod\u00ed v\u00e1s m\u00edstn\u00ed pr\u016fvodce (nepovinn\u00e9).<\/li>\n<li data-start=\"1397\" data-end=\"1476\"><strong data-start=\"1614\" data-end=\"1635\">Jezero Kawah Ijen<\/strong> - tyrkysov\u00e9 jezero uvnit\u0159 kr\u00e1teru v nadmo\u0159sk\u00e9 v\u00fd\u0161ce p\u0159es 2000 metr\u016f. Skute\u010dn\u00fd p\u0159\u00edrodn\u00ed z\u00e1zrak.<\/li>\n<li data-start=\"1397\" data-end=\"1476\"><strong data-start=\"1723\" data-end=\"1742\">\"Modr\u00fd ohe\u0148.\"<\/strong> - vz\u00e1cn\u00fd p\u0159\u00edrodn\u00ed jev, kdy se sirn\u00e9 p\u00e1ry vzn\u00edt\u00ed a z kr\u00e1teru vy\u0161lehnou modr\u00e9 plameny (viditeln\u00e9 pouze p\u0159ed sv\u00edt\u00e1n\u00edm).<\/li>\n<li data-start=\"1397\" data-end=\"1476\"><strong data-start=\"1876\" data-end=\"1892\">Horn\u00edci t\u011b\u017e\u00edc\u00ed s\u00edru<\/strong> - jedine\u010dnou p\u0159\u00edle\u017eitost vid\u011bt, jak se ru\u010dn\u011b t\u011b\u017e\u00ed s\u00edra. Je to t\u011b\u017ek\u00e1 a nebezpe\u010dn\u00e1 pr\u00e1ce, ale pat\u0159\u00ed k ostrovn\u00edmu \u017eivotu.<\/li>\n<li data-start=\"1397\" data-end=\"1476\"><strong data-start=\"2010\" data-end=\"2029\">Sestup ze sopky<\/strong> - odpo\u010dinek a sn\u00eddan\u011b.<\/li>\n<li data-start=\"1397\" data-end=\"1476\"><strong data-start=\"2053\" data-end=\"2071\">Vodop\u00e1dy Jagir<\/strong> - kr\u00e1sn\u00fd kask\u00e1dovit\u00fd vodop\u00e1d v bl\u00edzkosti sopky. Zde se m\u016f\u017eete vykoupat a osv\u011b\u017eit.<\/li>\n<li data-start=\"1397\" data-end=\"1476\"><strong data-start=\"2165\" data-end=\"2187\">Dovolen\u00e1 na pl\u00e1\u017ei na J\u00e1v\u011b<\/strong> - voln\u00fd \u010das p\u0159ed odjezdem na trajekt.<\/li>\n<li data-start=\"1397\" data-end=\"1476\"><strong data-start=\"2239\" data-end=\"2293\">Trajekt do p\u0159\u00edstavu Gilimanuk a transfer zp\u011bt na Bali.<\/strong><\/li>\n<\/ul>\n<p><strong>18:00 - N\u00e1vrat do hotelu.<\/strong><\/p>\n<p><strong>V\u010detn\u011b:<\/strong><\/p>\n<ul>\n<li>Transfery z hotelu a do hotelu<\/li>\n<li>Transfery klimatizovan\u00fdm vozem<\/li>\n<li>rusky mluv\u00edc\u00ed pr\u016fvodce<\/li>\n<li>Trajekt z Bali na J\u00e1vu, obousm\u011brn\u00fd.<\/li>\n<li>Vstupenka na sopku<\/li>\n<li>Ubytov\u00e1n\u00ed v bungalovech<\/li>\n<li>Pr\u016fvodce na sopce<\/li>\n<\/ul>\n<p><strong>Nen\u00ed sou\u010d\u00e1st\u00ed dod\u00e1vky:<\/strong><\/p>\n<ul>\n<li>Vstupenky do chr\u00e1m\u016f<\/li>\n<li>V\u00fd\u017eiva<\/li>\n<\/ul>\n<p><strong>Vezm\u011bte si ji s sebou:<\/strong><\/p>\n<ul>\n<li data-start=\"2709\" data-end=\"2751\">Tepl\u00fd oblek (na vrcholu je v noci zima)<\/li>\n<li data-start=\"2709\" data-end=\"2751\">Pohodln\u00e1 trekingov\u00e1 obuv<\/li>\n<li data-start=\"2709\" data-end=\"2751\">Plavky a ru\u010dn\u00edk (na vodop\u00e1d a pl\u00e1\u017e)<\/li>\n<li data-start=\"2709\" data-end=\"2751\">Vlh\u010den\u00e9 ubrousky<\/li>\n<li data-start=\"2709\" data-end=\"2751\">\u010celovka (pro no\u010dn\u00ed lezen\u00ed)<\/li>\n<\/ul>","protected":false},"excerpt":{"rendered":"<p><strong>Doba prohl\u00eddky:<\/strong> 2 dny<\/p>\n<p><strong>Dny zadr\u017een\u00ed:<\/strong> Sobota<\/p>","protected":false},"featured_media":65371,"template":"","meta":{"_kad_post_transparent":"default","_kad_post_title":"","_kad_post_layout":"default","_kad_post_sidebar_id":"","_kad_post_content_style":"default","_kad_post_vertical_padding":"default","_kad_post_feature":"","_kad_post_feature_position":"","_kad_post_header":false,"_kad_post_footer":false,"_kad_post_classname":"","_glsr_average":0,"_glsr_ranking":0,"_glsr_reviews":0},"product_brand":[],"product_cat":[502],"product_tag":[],"class_list":{"0":"post-65303","1":"product","2":"type-product","3":"status-publish","4":"has-post-thumbnail","6":"product_cat-bali","7":"tm-has-options","9":"first","10":"instock","11":"sold-individually","12":"taxable","13":"shipping-taxable","14":"purchasable","15":"product-type-simple","16":"entry","17":"content-bg","18":"loop-entry"},"yoast_head":"<!-- This site is optimized with the Yoast SEO plugin v27.3 - https:\/\/yoast.com\/product\/yoast-seo-wordpress\/ -->\n<title>\u0412\u0443\u043b\u043a\u0430\u043d \u0418\u0434\u0436\u0435\u043d 2 \u0434\u043d\u044f &#8226; \u042d\u043a\u0441\u043a\u0443\u0440\u0441\u0438\u0438 Skyline<\/title>\n<meta name=\"robots\" content=\"index, follow, max-snippet:-1, max-image-preview:large, max-video-preview:-1\" \/>\n<link rel=\"canonical\" href=\"http:\/\/skyline-gs.com\/cs\/produkt\/ivzhen-volcano-2-days-bali\/\" \/>\n<meta property=\"og:locale\" content=\"cs_CZ\" \/>\n<meta property=\"og:type\" content=\"article\" \/>\n<meta property=\"og:title\" content=\"\u0412\u0443\u043b\u043a\u0430\u043d \u0418\u0434\u0436\u0435\u043d 2 \u0434\u043d\u044f &#8226; \u042d\u043a\u0441\u043a\u0443\u0440\u0441\u0438\u0438 Skyline\" \/>\n<meta property=\"og:description\" content=\"\u0412\u0440\u0435\u043c\u044f \u0442\u0443\u0440\u0430: 2 \u0434\u043d\u044f  \u0414\u043d\u0438 \u043f\u0440\u043e\u0432\u0435\u0434\u0435\u043d\u0438\u044f: \u0421\u0443\u0431\u0431\u043e\u0442\u0430\" \/>\n<meta property=\"og:url\" content=\"http:\/\/skyline-gs.com\/cs\/produkt\/ivzhen-volcano-2-days-bali\/\" \/>\n<meta property=\"og:site_name\" content=\"\u042d\u043a\u0441\u043a\u0443\u0440\u0441\u0438\u0438 Skyline\" \/>\n<meta property=\"article:modified_time\" content=\"2025-08-25T19:53:49+00:00\" \/>\n<meta property=\"og:image\" content=\"https:\/\/skyline-gs.com\/wp-content\/uploads\/2025\/08\/32.jpg\" \/>\n\t<meta property=\"og:image:width\" content=\"669\" \/>\n\t<meta property=\"og:image:height\" content=\"446\" \/>\n\t<meta property=\"og:image:type\" content=\"image\/jpeg\" \/>\n<meta name=\"twitter:card\" content=\"summary_large_image\" \/>\n<meta name=\"twitter:label1\" content=\"Odhadovan\u00e1 doba \u010dten\u00ed\" \/>\n\t<meta name=\"twitter:data1\" content=\"2 minuty\" \/>\n<script type=\"application\/ld+json\" class=\"yoast-schema-graph\">{\"@context\":\"https:\\\/\\\/schema.org\",\"@graph\":[{\"@type\":\"WebPage\",\"@id\":\"http:\\\/\\\/skyline-gs.com\\\/de\\\/produkt\\\/ivzhen-volcano-2-days-bali\\\/\",\"url\":\"http:\\\/\\\/skyline-gs.com\\\/de\\\/produkt\\\/ivzhen-volcano-2-days-bali\\\/\",\"name\":\"\u0412\u0443\u043b\u043a\u0430\u043d \u0418\u0434\u0436\u0435\u043d 2 \u0434\u043d\u044f &#8226; \u042d\u043a\u0441\u043a\u0443\u0440\u0441\u0438\u0438 Skyline\",\"isPartOf\":{\"@id\":\"https:\\\/\\\/skyline-gs.com\\\/it\\\/#website\"},\"primaryImageOfPage\":{\"@id\":\"http:\\\/\\\/skyline-gs.com\\\/de\\\/produkt\\\/ivzhen-volcano-2-days-bali\\\/#primaryimage\"},\"image\":{\"@id\":\"http:\\\/\\\/skyline-gs.com\\\/de\\\/produkt\\\/ivzhen-volcano-2-days-bali\\\/#primaryimage\"},\"thumbnailUrl\":\"https:\\\/\\\/skyline-gs.com\\\/wp-content\\\/uploads\\\/2025\\\/08\\\/32.jpg\",\"datePublished\":\"2025-08-24T21:47:22+00:00\",\"dateModified\":\"2025-08-25T19:53:49+00:00\",\"breadcrumb\":{\"@id\":\"http:\\\/\\\/skyline-gs.com\\\/de\\\/produkt\\\/ivzhen-volcano-2-days-bali\\\/#breadcrumb\"},\"inLanguage\":\"cs\",\"potentialAction\":[{\"@type\":\"ReadAction\",\"target\":[\"http:\\\/\\\/skyline-gs.com\\\/de\\\/produkt\\\/ivzhen-volcano-2-days-bali\\\/\"]}]},{\"@type\":\"ImageObject\",\"inLanguage\":\"cs\",\"@id\":\"http:\\\/\\\/skyline-gs.com\\\/de\\\/produkt\\\/ivzhen-volcano-2-days-bali\\\/#primaryimage\",\"url\":\"https:\\\/\\\/skyline-gs.com\\\/wp-content\\\/uploads\\\/2025\\\/08\\\/32.jpg\",\"contentUrl\":\"https:\\\/\\\/skyline-gs.com\\\/wp-content\\\/uploads\\\/2025\\\/08\\\/32.jpg\",\"width\":669,\"height\":446},{\"@type\":\"BreadcrumbList\",\"@id\":\"http:\\\/\\\/skyline-gs.com\\\/de\\\/produkt\\\/ivzhen-volcano-2-days-bali\\\/#breadcrumb\",\"itemListElement\":[{\"@type\":\"ListItem\",\"position\":1,\"name\":\"\u0413\u043b\u0430\u0432\u043d\u0430\u044f \u0441\u0442\u0440\u0430\u043d\u0438\u0446\u0430\",\"item\":\"https:\\\/\\\/skyline-gs.com\\\/hu\\\/\"},{\"@type\":\"ListItem\",\"position\":2,\"name\":\"\u041c\u0430\u0433\u0430\u0437\u0438\u043d\",\"item\":\"https:\\\/\\\/skyline-gs.com\\\/cs\\\/shop\\\/\"},{\"@type\":\"ListItem\",\"position\":3,\"name\":\"\u0412\u0443\u043b\u043a\u0430\u043d \u0418\u0434\u0436\u0435\u043d 2 \u0434\u043d\u044f\"}]},{\"@type\":\"WebSite\",\"@id\":\"https:\\\/\\\/skyline-gs.com\\\/it\\\/#website\",\"url\":\"https:\\\/\\\/skyline-gs.com\\\/it\\\/\",\"name\":\"\u042d\u043a\u0441\u043a\u0443\u0440\u0441\u0438\u0438 Skyline\",\"description\":\"\u042d\u043a\u0441\u043a\u043b\u044e\u0437\u0438\u0432\u043d\u044b\u0435 \u044d\u043a\u0441\u043a\u0443\u0440\u0441\u0438\u0438 \u043d\u0430 \u043b\u0443\u0447\u0448\u0438\u0445 \u043a\u0443\u0440\u043e\u0440\u0442\u0430\u0445 \u043c\u0438\u0440\u0430\",\"publisher\":{\"@id\":\"https:\\\/\\\/skyline-gs.com\\\/it\\\/#organization\"},\"alternateName\":\"Skyline\",\"potentialAction\":[{\"@type\":\"SearchAction\",\"target\":{\"@type\":\"EntryPoint\",\"urlTemplate\":\"https:\\\/\\\/skyline-gs.com\\\/it\\\/?s={search_term_string}\"},\"query-input\":{\"@type\":\"PropertyValueSpecification\",\"valueRequired\":true,\"valueName\":\"search_term_string\"}}],\"inLanguage\":\"cs\"},{\"@type\":\"Organization\",\"@id\":\"https:\\\/\\\/skyline-gs.com\\\/it\\\/#organization\",\"name\":\"\u042d\u043a\u0441\u043a\u0443\u0440\u0441\u0438\u0438 Skyline\",\"alternateName\":\"\u042d\u043a\u0441\u043a\u0443\u0440\u0441\u0438\u0438 Skyline\",\"url\":\"https:\\\/\\\/skyline-gs.com\\\/it\\\/\",\"logo\":{\"@type\":\"ImageObject\",\"inLanguage\":\"cs\",\"@id\":\"https:\\\/\\\/skyline-gs.com\\\/it\\\/#\\\/schema\\\/logo\\\/image\\\/\",\"url\":\"https:\\\/\\\/skyline-gs.com\\\/wp-content\\\/uploads\\\/2020\\\/12\\\/cropped-logo-2.png\",\"contentUrl\":\"https:\\\/\\\/skyline-gs.com\\\/wp-content\\\/uploads\\\/2020\\\/12\\\/cropped-logo-2.png\",\"width\":512,\"height\":512,\"caption\":\"\u042d\u043a\u0441\u043a\u0443\u0440\u0441\u0438\u0438 Skyline\"},\"image\":{\"@id\":\"https:\\\/\\\/skyline-gs.com\\\/it\\\/#\\\/schema\\\/logo\\\/image\\\/\"},\"sameAs\":[\"https:\\\/\\\/www.instagram.com\\\/skylineglobalservice\\\/\"]}]}<\/script>\n<!-- \/ Yoast SEO plugin. -->","yoast_head_json":{"title":"Sopka Ijen 2 dny - Skyline Excursions","robots":{"index":"index","follow":"follow","max-snippet":"max-snippet:-1","max-image-preview":"max-image-preview:large","max-video-preview":"max-video-preview:-1"},"canonical":"http:\/\/skyline-gs.com\/cs\/produkt\/ivzhen-volcano-2-days-bali\/","og_locale":"cs_CZ","og_type":"article","og_title":"\u0412\u0443\u043b\u043a\u0430\u043d \u0418\u0434\u0436\u0435\u043d 2 \u0434\u043d\u044f &#8226; \u042d\u043a\u0441\u043a\u0443\u0440\u0441\u0438\u0438 Skyline","og_description":"\u0412\u0440\u0435\u043c\u044f \u0442\u0443\u0440\u0430: 2 \u0434\u043d\u044f  \u0414\u043d\u0438 \u043f\u0440\u043e\u0432\u0435\u0434\u0435\u043d\u0438\u044f: \u0421\u0443\u0431\u0431\u043e\u0442\u0430","og_url":"http:\/\/skyline-gs.com\/cs\/produkt\/ivzhen-volcano-2-days-bali\/","og_site_name":"\u042d\u043a\u0441\u043a\u0443\u0440\u0441\u0438\u0438 Skyline","article_modified_time":"2025-08-25T19:53:49+00:00","og_image":[{"width":669,"height":446,"url":"https:\/\/skyline-gs.com\/wp-content\/uploads\/2025\/08\/32.jpg","type":"image\/jpeg"}],"twitter_card":"summary_large_image","twitter_misc":{"Odhadovan\u00e1 doba \u010dten\u00ed":"2 minuty"},"schema":{"@context":"https:\/\/schema.org","@graph":[{"@type":"WebPage","@id":"http:\/\/skyline-gs.com\/de\/produkt\/ivzhen-volcano-2-days-bali\/","url":"http:\/\/skyline-gs.com\/de\/produkt\/ivzhen-volcano-2-days-bali\/","name":"Sopka Ijen 2 dny - Skyline Excursions","isPartOf":{"@id":"https:\/\/skyline-gs.com\/it\/#website"},"primaryImageOfPage":{"@id":"http:\/\/skyline-gs.com\/de\/produkt\/ivzhen-volcano-2-days-bali\/#primaryimage"},"image":{"@id":"http:\/\/skyline-gs.com\/de\/produkt\/ivzhen-volcano-2-days-bali\/#primaryimage"},"thumbnailUrl":"https:\/\/skyline-gs.com\/wp-content\/uploads\/2025\/08\/32.jpg","datePublished":"2025-08-24T21:47:22+00:00","dateModified":"2025-08-25T19:53:49+00:00","breadcrumb":{"@id":"http:\/\/skyline-gs.com\/de\/produkt\/ivzhen-volcano-2-days-bali\/#breadcrumb"},"inLanguage":"cs","potentialAction":[{"@type":"ReadAction","target":["http:\/\/skyline-gs.com\/de\/produkt\/ivzhen-volcano-2-days-bali\/"]}]},{"@type":"ImageObject","inLanguage":"cs","@id":"http:\/\/skyline-gs.com\/de\/produkt\/ivzhen-volcano-2-days-bali\/#primaryimage","url":"https:\/\/skyline-gs.com\/wp-content\/uploads\/2025\/08\/32.jpg","contentUrl":"https:\/\/skyline-gs.com\/wp-content\/uploads\/2025\/08\/32.jpg","width":669,"height":446},{"@type":"BreadcrumbList","@id":"http:\/\/skyline-gs.com\/de\/produkt\/ivzhen-volcano-2-days-bali\/#breadcrumb","itemListElement":[{"@type":"ListItem","position":1,"name":"\u0413\u043b\u0430\u0432\u043d\u0430\u044f \u0441\u0442\u0440\u0430\u043d\u0438\u0446\u0430","item":"https:\/\/skyline-gs.com\/hu\/"},{"@type":"ListItem","position":2,"name":"\u041c\u0430\u0433\u0430\u0437\u0438\u043d","item":"https:\/\/skyline-gs.com\/cs\/shop\/"},{"@type":"ListItem","position":3,"name":"\u0412\u0443\u043b\u043a\u0430\u043d \u0418\u0434\u0436\u0435\u043d 2 \u0434\u043d\u044f"}]},{"@type":"WebSite","@id":"https:\/\/skyline-gs.com\/it\/#website","url":"https:\/\/skyline-gs.com\/it\/","name":"Skyline V\u00fdlety","description":"Exkluzivn\u00ed v\u00fdlety do nejlep\u0161\u00edch sv\u011btov\u00fdch letovisek","publisher":{"@id":"https:\/\/skyline-gs.com\/it\/#organization"},"alternateName":"Skyline","potentialAction":[{"@type":"SearchAction","target":{"@type":"EntryPoint","urlTemplate":"https:\/\/skyline-gs.com\/it\/?s={search_term_string}"},"query-input":{"@type":"PropertyValueSpecification","valueRequired":true,"valueName":"search_term_string"}}],"inLanguage":"cs"},{"@type":"Organization","@id":"https:\/\/skyline-gs.com\/it\/#organization","name":"Skyline V\u00fdlety","alternateName":"\u042d\u043a\u0441\u043a\u0443\u0440\u0441\u0438\u0438 Skyline","url":"https:\/\/skyline-gs.com\/it\/","logo":{"@type":"ImageObject","inLanguage":"cs","@id":"https:\/\/skyline-gs.com\/it\/#\/schema\/logo\/image\/","url":"https:\/\/skyline-gs.com\/wp-content\/uploads\/2020\/12\/cropped-logo-2.png","contentUrl":"https:\/\/skyline-gs.com\/wp-content\/uploads\/2020\/12\/cropped-logo-2.png","width":512,"height":512,"caption":"\u042d\u043a\u0441\u043a\u0443\u0440\u0441\u0438\u0438 Skyline"},"image":{"@id":"https:\/\/skyline-gs.com\/it\/#\/schema\/logo\/image\/"},"sameAs":["https:\/\/www.instagram.com\/skylineglobalservice\/"]}]}},"_links":{"self":[{"href":"https:\/\/skyline-gs.com\/cs\/wp-json\/wp\/v2\/product\/65303","targetHints":{"allow":["GET"]}}],"collection":[{"href":"https:\/\/skyline-gs.com\/cs\/wp-json\/wp\/v2\/product"}],"about":[{"href":"https:\/\/skyline-gs.com\/cs\/wp-json\/wp\/v2\/types\/product"}],"version-history":[{"count":0,"href":"https:\/\/skyline-gs.com\/cs\/wp-json\/wp\/v2\/product\/65303\/revisions"}],"wp:featuredmedia":[{"embeddable":true,"href":"https:\/\/skyline-gs.com\/cs\/wp-json\/wp\/v2\/media\/65371"}],"wp:attachment":[{"href":"https:\/\/skyline-gs.com\/cs\/wp-json\/wp\/v2\/media?parent=65303"}],"wp:term":[{"taxonomy":"product_brand","embeddable":true,"href":"https:\/\/skyline-gs.com\/cs\/wp-json\/wp\/v2\/product_brand?post=65303"},{"taxonomy":"product_cat","embeddable":true,"href":"https:\/\/skyline-gs.com\/cs\/wp-json\/wp\/v2\/product_cat?post=65303"},{"taxonomy":"product_tag","embeddable":true,"href":"https:\/\/skyline-gs.com\/cs\/wp-json\/wp\/v2\/product_tag?post=65303"}],"curies":[{"name":"wp","href":"https:\/\/api.w.org\/{rel}","templated":true}]}}